{"id":46282,"date":"2021-05-11T13:38:53","date_gmt":"2021-05-11T11:38:53","guid":{"rendered":"https:\/\/naturalpoland.com\/produkty\/kategorilenmemis\/seytan-pencesi-ozutu\/"},"modified":"2026-02-27T14:10:00","modified_gmt":"2026-02-27T13:10:00","slug":"seytan-pencesi-ozutu","status":"publish","type":"product","link":"https:\/\/naturalpoland.com\/tr\/urunler\/bitkisel-ekstraktlar\/seytan-pencesi-ozutu\/","title":{"rendered":"\u015eeytan Pen\u00e7esi \u00d6z\u00fct\u00fc"},"content":{"rendered":"<p>\u015eeytan pen\u00e7esi \u00f6z\u00fct\u00fc, 2000 y\u0131ldan fazla bir s\u00fcredir G\u00fcney Amerika halklar\u0131 taraf\u0131ndan kas ve eklem a\u011fr\u0131lar\u0131n\u0131 hafifletmek i\u00e7in kullan\u0131lmaktad\u0131r. G\u00fcn\u00fcm\u00fczde kullan\u0131m alan\u0131 \u00f6nemli \u00f6l\u00e7\u00fcde geni\u015flemi\u015f olup, aktif bile\u015feni olan <strong>harpagozitler<\/strong> sayesinde geni\u015f sa\u011fl\u0131k faydalar\u0131 sunmaktad\u0131r. <\/p>\n<p>\u00d6z\u00fct\u00fcm\u00fcz en az %5 harpagozit i\u00e7ermekte olup, \u015feytan pen\u00e7esi k\u00f6k\u00fcnden etanol ve su ekstraksiyonu y\u00f6ntemiyle \u00fcretilmektedir. Kahverengi renk ve karakteristik koku ile ay\u0131rt edilir. %100 GDO&#8217;suz bir \u00fcr\u00fcnd\u00fcr ve a\u011f\u0131r metaller, pestisit kal\u0131nt\u0131lar\u0131 ve mikrobiyoloji konusunda kalite standartlar\u0131n\u0131 kar\u015f\u0131lamaktad\u0131r.  <\/p>\n<h3><strong>\u00d6z\u00fct\u00fcn \u00f6zellikleri<\/strong><\/h3>\n<p>\u015eeytan pen\u00e7esi, \u00f6zellikle <strong>antienflamatuar<\/strong> ve <strong>analjezik<\/strong> \u00f6zellikleriyle takdir edilmekte olup, kronik a\u011fr\u0131yla, \u00f6zellikle artrit gibi eklem iltihaplanmalar\u0131yla m\u00fccadelede etkilidir. Ayr\u0131ca, bu \u00f6z\u00fct\u00fcn kullan\u0131m\u0131 metabolik s\u00fcre\u00e7lerin normalle\u015fmesini destekler ve kan damarlar\u0131n\u0131n esnekli\u011fini art\u0131rarak dola\u015f\u0131m sisteminin genel durumu \u00fczerinde olumlu etki yapar. <\/p>\n<p><strong><a href=\"https:\/\/naturalpoland.com\/tr\/kategori\/kozmetik-hammaddeleri\/\">Kozmetikte<\/a><\/strong>, \u015feytan pen\u00e7esi \u00f6z\u00fct\u00fc olgun, k\u0131lcal damarl\u0131 ve hassas cilt bak\u0131m\u0131na y\u00f6nelik \u00fcr\u00fcnlerde bile\u015fen olarak kullan\u0131lmaktad\u0131r. Nemlendirici kremlerde, merhemlerde, du\u015f jellerinde ve y\u00fcz y\u0131kama s\u0131v\u0131lar\u0131nda yer almaktad\u0131r. Nemlendirici ve yenileyici \u00f6zellikleri sayesinde cildin daha h\u0131zl\u0131 yenilenmesine, a\u011f\u0131r bacak hissinin azalt\u0131lmas\u0131na ve \u00e7e\u015fitli cilt sorunlar\u0131n\u0131n hafifletilmesine yard\u0131mc\u0131 olur.  <\/p>\n<h3><strong>Zay\u0131flama \u0130\u00e7in \u015eeytan Pen\u00e7esi \u00d6z\u00fct\u00fc<\/strong><\/h3>\n<p>Ayr\u0131ca, Devil&#8217;s Claw \u00f6z\u00fct\u00fc metabolizmay\u0131 h\u0131zland\u0131r\u0131c\u0131 ve v\u00fccutta ya\u011f ve karbonhidrat birikimini s\u0131n\u0131rlay\u0131c\u0131 \u00f6zellikleri sayesinde zay\u0131flamay\u0131 destekleyen do\u011fal bir takviye olarak kullan\u0131labilir.<\/p>\n","protected":false},"excerpt":{"rendered":"<p><strong>\u015eeytan pen\u00e7esi \u00f6z\u00fct\u00fc<\/strong> (<em>Harpagophytum procumbens<\/em>), <strong>\u015feytan pen\u00e7esi \u00f6z\u00fct\u00fc<\/strong> veya <strong>Devil&#8217;s Claw \u00f6z\u00fct\u00fc<\/strong> olarak da bilinir ve do\u011fal t\u0131pta de\u011ferli bir hammaddedir.<\/p>\n","protected":false},"featured_media":46284,"template":"","meta":[],"product_brand":[],"product_cat":[9531],"product_tag":[],"class_list":{"0":"post-46282","1":"product","2":"type-product","3":"status-publish","4":"has-post-thumbnail","6":"product_cat-bitkisel-ekstraktlar","7":"pa_czesc-rosliny-kok","8":"pa_skladnik-aktywny-harpagozitler","10":"first","11":"instock","12":"shipping-taxable","13":"product-type-simple"},"yoast_head":"<!-- This site is optimized with the Yoast SEO plugin v27.4 - https:\/\/yoast.com\/product\/yoast-seo-wordpress\/ -->\n<title>\u015eeytan Pen\u00e7esi \u00d6z\u00fct\u00fc - Hurtowy Dystrybutor<\/title>\n<meta name=\"description\" content=\"\u015eeytan pen\u00e7esi \u00f6z\u00fct\u00fc (Harpagophytum procumbens), do\u011fal t\u0131pta de\u011ferli bir hammaddedir.\" \/>\n<meta name=\"robots\" content=\"index, follow, max-snippet:-1, max-image-preview:large, max-video-preview:-1\" \/>\n<link rel=\"canonical\" href=\"https:\/\/naturalpoland.com\/tr\/urunler\/bitkisel-ekstraktlar\/seytan-pencesi-ozutu\/\" \/>\n<meta property=\"og:locale\" content=\"tr_TR\" \/>\n<meta property=\"og:type\" content=\"article\" \/>\n<meta property=\"og:title\" content=\"\u015eeytan Pen\u00e7esi \u00d6z\u00fct\u00fc - Hurtowy Dystrybutor\" \/>\n<meta property=\"og:description\" content=\"\u015eeytan pen\u00e7esi \u00f6z\u00fct\u00fc (Harpagophytum procumbens), do\u011fal t\u0131pta de\u011ferli bir hammaddedir.\" \/>\n<meta property=\"og:url\" content=\"https:\/\/naturalpoland.com\/tr\/urunler\/bitkisel-ekstraktlar\/seytan-pencesi-ozutu\/\" \/>\n<meta property=\"og:site_name\" content=\"NATURAL POLAND - Hurtowy Dystrybutor Surowc\u00f3w\" \/>\n<meta property=\"article:publisher\" content=\"https:\/\/www.facebook.com\/naturalpoland.b2b\" \/>\n<meta property=\"article:modified_time\" content=\"2026-02-27T13:10:00+00:00\" \/>\n<meta property=\"og:image\" content=\"https:\/\/naturalpoland.com\/wp-content\/uploads\/ekstrakt-z-czarciego-pazura.webp\" \/>\n\t<meta property=\"og:image:width\" content=\"618\" \/>\n\t<meta property=\"og:image:height\" content=\"618\" \/>\n\t<meta property=\"og:image:type\" content=\"image\/webp\" \/>\n<script type=\"application\/ld+json\" class=\"yoast-schema-graph\">{\"@context\":\"https:\\\/\\\/schema.org\",\"@graph\":[{\"@type\":\"WebPage\",\"@id\":\"https:\\\/\\\/naturalpoland.com\\\/tr\\\/urunler\\\/bitkisel-ekstraktlar\\\/seytan-pencesi-ozutu\\\/\",\"url\":\"https:\\\/\\\/naturalpoland.com\\\/tr\\\/urunler\\\/bitkisel-ekstraktlar\\\/seytan-pencesi-ozutu\\\/\",\"name\":\"\u015eeytan Pen\u00e7esi \u00d6z\u00fct\u00fc - Hurtowy Dystrybutor\",\"isPartOf\":{\"@id\":\"https:\\\/\\\/naturalpoland.com\\\/tr\\\/#website\"},\"primaryImageOfPage\":{\"@id\":\"https:\\\/\\\/naturalpoland.com\\\/tr\\\/urunler\\\/bitkisel-ekstraktlar\\\/seytan-pencesi-ozutu\\\/#primaryimage\"},\"image\":{\"@id\":\"https:\\\/\\\/naturalpoland.com\\\/tr\\\/urunler\\\/bitkisel-ekstraktlar\\\/seytan-pencesi-ozutu\\\/#primaryimage\"},\"thumbnailUrl\":\"https:\\\/\\\/naturalpoland.com\\\/wp-content\\\/uploads\\\/ekstrakt-z-czarciego-pazura.webp\",\"datePublished\":\"2021-05-11T11:38:53+00:00\",\"dateModified\":\"2026-02-27T13:10:00+00:00\",\"description\":\"\u015eeytan pen\u00e7esi \u00f6z\u00fct\u00fc (Harpagophytum procumbens), do\u011fal t\u0131pta de\u011ferli bir hammaddedir.\",\"breadcrumb\":{\"@id\":\"https:\\\/\\\/naturalpoland.com\\\/tr\\\/urunler\\\/bitkisel-ekstraktlar\\\/seytan-pencesi-ozutu\\\/#breadcrumb\"},\"inLanguage\":\"tr\",\"potentialAction\":[{\"@type\":\"ReadAction\",\"target\":[\"https:\\\/\\\/naturalpoland.com\\\/tr\\\/urunler\\\/bitkisel-ekstraktlar\\\/seytan-pencesi-ozutu\\\/\"]}]},{\"@type\":\"ImageObject\",\"inLanguage\":\"tr\",\"@id\":\"https:\\\/\\\/naturalpoland.com\\\/tr\\\/urunler\\\/bitkisel-ekstraktlar\\\/seytan-pencesi-ozutu\\\/#primaryimage\",\"url\":\"https:\\\/\\\/naturalpoland.com\\\/wp-content\\\/uploads\\\/ekstrakt-z-czarciego-pazura.webp\",\"contentUrl\":\"https:\\\/\\\/naturalpoland.com\\\/wp-content\\\/uploads\\\/ekstrakt-z-czarciego-pazura.webp\",\"width\":618,\"height\":618,\"caption\":\"\u015feytan pen\u00e7esi \u00f6z\u00fct\u00fc\"},{\"@type\":\"BreadcrumbList\",\"@id\":\"https:\\\/\\\/naturalpoland.com\\\/tr\\\/urunler\\\/bitkisel-ekstraktlar\\\/seytan-pencesi-ozutu\\\/#breadcrumb\",\"itemListElement\":[{\"@type\":\"ListItem\",\"position\":1,\"name\":\"Ana Sayfa\",\"item\":\"https:\\\/\\\/naturalpoland.com\\\/tr\\\/\"},{\"@type\":\"ListItem\",\"position\":2,\"name\":\"\u00dcr\u00fcnler\",\"item\":\"https:\\\/\\\/naturalpoland.com\\\/tr\\\/urunler\\\/\"},{\"@type\":\"ListItem\",\"position\":3,\"name\":\"\u015eeytan Pen\u00e7esi \u00d6z\u00fct\u00fc\"}]},{\"@type\":\"WebSite\",\"@id\":\"https:\\\/\\\/naturalpoland.com\\\/tr\\\/#website\",\"url\":\"https:\\\/\\\/naturalpoland.com\\\/tr\\\/\",\"name\":\"NATURAL POLAND - Hurtowy Dystrybutor Surowc\u00f3w\",\"description\":\"Surowce dla przemys\u0142u spo\u017cywczego, kosmetycznego i farmaceutycznego\",\"publisher\":{\"@id\":\"https:\\\/\\\/naturalpoland.com\\\/tr\\\/#organization\"},\"potentialAction\":[{\"@type\":\"SearchAction\",\"target\":{\"@type\":\"EntryPoint\",\"urlTemplate\":\"https:\\\/\\\/naturalpoland.com\\\/tr\\\/?s={search_term_string}\"},\"query-input\":{\"@type\":\"PropertyValueSpecification\",\"valueRequired\":true,\"valueName\":\"search_term_string\"}}],\"inLanguage\":\"tr\"},{\"@type\":\"Organization\",\"@id\":\"https:\\\/\\\/naturalpoland.com\\\/tr\\\/#organization\",\"name\":\"Natural Poland\",\"url\":\"https:\\\/\\\/naturalpoland.com\\\/tr\\\/\",\"logo\":{\"@type\":\"ImageObject\",\"inLanguage\":\"tr\",\"@id\":\"https:\\\/\\\/naturalpoland.com\\\/tr\\\/#\\\/schema\\\/logo\\\/image\\\/\",\"url\":\"https:\\\/\\\/naturalpoland.com\\\/wp-content\\\/uploads\\\/2021\\\/05\\\/natural-poland-icon.png\",\"contentUrl\":\"https:\\\/\\\/naturalpoland.com\\\/wp-content\\\/uploads\\\/2021\\\/05\\\/natural-poland-icon.png\",\"width\":512,\"height\":512,\"caption\":\"Natural Poland\"},\"image\":{\"@id\":\"https:\\\/\\\/naturalpoland.com\\\/tr\\\/#\\\/schema\\\/logo\\\/image\\\/\"},\"sameAs\":[\"https:\\\/\\\/www.facebook.com\\\/naturalpoland.b2b\",\"https:\\\/\\\/pl.linkedin.com\\\/company\\\/natural-poland\",\"https:\\\/\\\/www.youtube.com\\\/channel\\\/UCgeGGkvOMahZo-xu_MSEWxg\"]}]}<\/script>\n<!-- \/ Yoast SEO plugin. -->","yoast_head_json":{"title":"\u015eeytan Pen\u00e7esi \u00d6z\u00fct\u00fc - Hurtowy Dystrybutor","description":"\u015eeytan pen\u00e7esi \u00f6z\u00fct\u00fc (Harpagophytum procumbens), do\u011fal t\u0131pta de\u011ferli bir hammaddedir.","robots":{"index":"index","follow":"follow","max-snippet":"max-snippet:-1","max-image-preview":"max-image-preview:large","max-video-preview":"max-video-preview:-1"},"canonical":"https:\/\/naturalpoland.com\/tr\/urunler\/bitkisel-ekstraktlar\/seytan-pencesi-ozutu\/","og_locale":"tr_TR","og_type":"article","og_title":"\u015eeytan Pen\u00e7esi \u00d6z\u00fct\u00fc - Hurtowy Dystrybutor","og_description":"\u015eeytan pen\u00e7esi \u00f6z\u00fct\u00fc (Harpagophytum procumbens), do\u011fal t\u0131pta de\u011ferli bir hammaddedir.","og_url":"https:\/\/naturalpoland.com\/tr\/urunler\/bitkisel-ekstraktlar\/seytan-pencesi-ozutu\/","og_site_name":"NATURAL POLAND - Hurtowy Dystrybutor Surowc\u00f3w","article_publisher":"https:\/\/www.facebook.com\/naturalpoland.b2b","article_modified_time":"2026-02-27T13:10:00+00:00","og_image":[{"width":618,"height":618,"url":"https:\/\/naturalpoland.com\/wp-content\/uploads\/ekstrakt-z-czarciego-pazura.webp","type":"image\/webp"}],"schema":{"@context":"https:\/\/schema.org","@graph":[{"@type":"WebPage","@id":"https:\/\/naturalpoland.com\/tr\/urunler\/bitkisel-ekstraktlar\/seytan-pencesi-ozutu\/","url":"https:\/\/naturalpoland.com\/tr\/urunler\/bitkisel-ekstraktlar\/seytan-pencesi-ozutu\/","name":"\u015eeytan Pen\u00e7esi \u00d6z\u00fct\u00fc - Hurtowy Dystrybutor","isPartOf":{"@id":"https:\/\/naturalpoland.com\/tr\/#website"},"primaryImageOfPage":{"@id":"https:\/\/naturalpoland.com\/tr\/urunler\/bitkisel-ekstraktlar\/seytan-pencesi-ozutu\/#primaryimage"},"image":{"@id":"https:\/\/naturalpoland.com\/tr\/urunler\/bitkisel-ekstraktlar\/seytan-pencesi-ozutu\/#primaryimage"},"thumbnailUrl":"https:\/\/naturalpoland.com\/wp-content\/uploads\/ekstrakt-z-czarciego-pazura.webp","datePublished":"2021-05-11T11:38:53+00:00","dateModified":"2026-02-27T13:10:00+00:00","description":"\u015eeytan pen\u00e7esi \u00f6z\u00fct\u00fc (Harpagophytum procumbens), do\u011fal t\u0131pta de\u011ferli bir hammaddedir.","breadcrumb":{"@id":"https:\/\/naturalpoland.com\/tr\/urunler\/bitkisel-ekstraktlar\/seytan-pencesi-ozutu\/#breadcrumb"},"inLanguage":"tr","potentialAction":[{"@type":"ReadAction","target":["https:\/\/naturalpoland.com\/tr\/urunler\/bitkisel-ekstraktlar\/seytan-pencesi-ozutu\/"]}]},{"@type":"ImageObject","inLanguage":"tr","@id":"https:\/\/naturalpoland.com\/tr\/urunler\/bitkisel-ekstraktlar\/seytan-pencesi-ozutu\/#primaryimage","url":"https:\/\/naturalpoland.com\/wp-content\/uploads\/ekstrakt-z-czarciego-pazura.webp","contentUrl":"https:\/\/naturalpoland.com\/wp-content\/uploads\/ekstrakt-z-czarciego-pazura.webp","width":618,"height":618,"caption":"\u015feytan pen\u00e7esi \u00f6z\u00fct\u00fc"},{"@type":"BreadcrumbList","@id":"https:\/\/naturalpoland.com\/tr\/urunler\/bitkisel-ekstraktlar\/seytan-pencesi-ozutu\/#breadcrumb","itemListElement":[{"@type":"ListItem","position":1,"name":"Ana Sayfa","item":"https:\/\/naturalpoland.com\/tr\/"},{"@type":"ListItem","position":2,"name":"\u00dcr\u00fcnler","item":"https:\/\/naturalpoland.com\/tr\/urunler\/"},{"@type":"ListItem","position":3,"name":"\u015eeytan Pen\u00e7esi \u00d6z\u00fct\u00fc"}]},{"@type":"WebSite","@id":"https:\/\/naturalpoland.com\/tr\/#website","url":"https:\/\/naturalpoland.com\/tr\/","name":"NATURAL POLAND - Hurtowy Dystrybutor Surowc\u00f3w","description":"Surowce dla przemys\u0142u spo\u017cywczego, kosmetycznego i farmaceutycznego","publisher":{"@id":"https:\/\/naturalpoland.com\/tr\/#organization"},"potentialAction":[{"@type":"SearchAction","target":{"@type":"EntryPoint","urlTemplate":"https:\/\/naturalpoland.com\/tr\/?s={search_term_string}"},"query-input":{"@type":"PropertyValueSpecification","valueRequired":true,"valueName":"search_term_string"}}],"inLanguage":"tr"},{"@type":"Organization","@id":"https:\/\/naturalpoland.com\/tr\/#organization","name":"Natural Poland","url":"https:\/\/naturalpoland.com\/tr\/","logo":{"@type":"ImageObject","inLanguage":"tr","@id":"https:\/\/naturalpoland.com\/tr\/#\/schema\/logo\/image\/","url":"https:\/\/naturalpoland.com\/wp-content\/uploads\/2021\/05\/natural-poland-icon.png","contentUrl":"https:\/\/naturalpoland.com\/wp-content\/uploads\/2021\/05\/natural-poland-icon.png","width":512,"height":512,"caption":"Natural Poland"},"image":{"@id":"https:\/\/naturalpoland.com\/tr\/#\/schema\/logo\/image\/"},"sameAs":["https:\/\/www.facebook.com\/naturalpoland.b2b","https:\/\/pl.linkedin.com\/company\/natural-poland","https:\/\/www.youtube.com\/channel\/UCgeGGkvOMahZo-xu_MSEWxg"]}]}},"_links":{"self":[{"href":"https:\/\/naturalpoland.com\/tr\/wp-json\/wp\/v2\/product\/46282","targetHints":{"allow":["GET"]}}],"collection":[{"href":"https:\/\/naturalpoland.com\/tr\/wp-json\/wp\/v2\/product"}],"about":[{"href":"https:\/\/naturalpoland.com\/tr\/wp-json\/wp\/v2\/types\/product"}],"wp:featuredmedia":[{"embeddable":true,"href":"https:\/\/naturalpoland.com\/tr\/wp-json\/wp\/v2\/media\/46284"}],"wp:attachment":[{"href":"https:\/\/naturalpoland.com\/tr\/wp-json\/wp\/v2\/media?parent=46282"}],"wp:term":[{"taxonomy":"product_brand","embeddable":true,"href":"https:\/\/naturalpoland.com\/tr\/wp-json\/wp\/v2\/product_brand?post=46282"},{"taxonomy":"product_cat","embeddable":true,"href":"https:\/\/naturalpoland.com\/tr\/wp-json\/wp\/v2\/product_cat?post=46282"},{"taxonomy":"product_tag","embeddable":true,"href":"https:\/\/naturalpoland.com\/tr\/wp-json\/wp\/v2\/product_tag?post=46282"}],"curies":[{"name":"wp","href":"https:\/\/api.w.org\/{rel}","templated":true}]}}