{"id":46294,"date":"2021-05-11T13:58:10","date_gmt":"2021-05-11T11:58:10","guid":{"rendered":"https:\/\/naturalpoland.com\/produkty\/kategorilenmemis\/zeytin-mumu\/"},"modified":"2026-02-27T14:43:24","modified_gmt":"2026-02-27T13:43:24","slug":"zeytin-mumu","status":"publish","type":"product","link":"https:\/\/naturalpoland.com\/tr\/urunler\/mumlar\/zeytin-mumu\/","title":{"rendered":"Zeytin Mumu"},"content":{"rendered":"<p>Tahri\u015fsiz A\u011fda:<br \/>\nBu mum, a\u011fda sonras\u0131 etkileri yat\u0131\u015ft\u0131rmas\u0131 ve i\u015flemle zay\u0131flayan cildin yenilenmesini h\u0131zland\u0131rmas\u0131 nedeniyle \u00f6zellikle tavsiye edilir. Zeytin mumu cildi m\u00fckemmel bir \u015fekilde yumu\u015fatarak a\u011fday\u0131 daha h\u0131zl\u0131 ve daha az ac\u0131l\u0131 hale getirir. Ayr\u0131ca cilt ve sa\u00e7 kozmetikleri \u00fcretiminde de kullan\u0131labilir. Y\u00fcksek antioksidan i\u00e7eri\u011fi sayesinde olgun ve kuru ciltlerin bak\u0131m\u0131nda da etkilidir.   <\/p>\n","protected":false},"excerpt":{"rendered":"<p><strong>Zeytin mumu<\/strong>, zeytinya\u011f\u0131 \u00fcretimi s\u0131ras\u0131nda elde edilen kat\u0131 bir fraksiyondur. Kozmetikte, \u00e7o\u011funlukla bronzla\u015fm\u0131\u015f ve kuru ciltler i\u00e7in a\u011fda mumu olarak kullan\u0131l\u0131r. Bu mum, ya\u011f asitleri ve E vitamini a\u00e7\u0131s\u0131ndan zengin bir kaynakt\u0131r.  <\/p>\n","protected":false},"featured_media":46295,"template":"","meta":{"_acf_changed":false},"product_brand":[],"product_cat":[9573],"product_tag":[],"class_list":{"0":"post-46294","1":"product","2":"type-product","3":"status-publish","4":"has-post-thumbnail","6":"product_cat-mumlar","8":"first","9":"instock","10":"shipping-taxable","11":"product-type-simple"},"acf":[],"yoast_head":"<!-- This site is optimized with the Yoast SEO plugin v27.4 - https:\/\/yoast.com\/product\/yoast-seo-wordpress\/ -->\n<title>Zeytin Mumu - Hurtowy Dystrybutor<\/title>\n<meta name=\"description\" content=\"Zeytin mumu, zeytinya\u011f\u0131 \u00fcretimi s\u0131ras\u0131nda elde edilen kat\u0131 bir fraksiyondur. Kozmetikte, \u00e7o\u011funlukla a\u011fda mumu olarak kullan\u0131l\u0131r.\" \/>\n<meta name=\"robots\" content=\"index, follow, max-snippet:-1, max-image-preview:large, max-video-preview:-1\" \/>\n<link rel=\"canonical\" href=\"https:\/\/naturalpoland.com\/tr\/urunler\/mumlar\/zeytin-mumu\/\" \/>\n<meta property=\"og:locale\" content=\"tr_TR\" \/>\n<meta property=\"og:type\" content=\"article\" \/>\n<meta property=\"og:title\" content=\"Zeytin Mumu - Hurtowy Dystrybutor\" \/>\n<meta property=\"og:description\" content=\"Zeytin mumu, zeytinya\u011f\u0131 \u00fcretimi s\u0131ras\u0131nda elde edilen kat\u0131 bir fraksiyondur. Kozmetikte, \u00e7o\u011funlukla a\u011fda mumu olarak kullan\u0131l\u0131r.\" \/>\n<meta property=\"og:url\" content=\"https:\/\/naturalpoland.com\/tr\/urunler\/mumlar\/zeytin-mumu\/\" \/>\n<meta property=\"og:site_name\" content=\"NATURAL POLAND - Hurtowy Dystrybutor Surowc\u00f3w\" \/>\n<meta property=\"article:publisher\" content=\"https:\/\/www.facebook.com\/naturalpoland.b2b\" \/>\n<meta property=\"article:modified_time\" content=\"2026-02-27T13:43:24+00:00\" \/>\n<meta property=\"og:image\" content=\"https:\/\/naturalpoland.com\/wp-content\/uploads\/2021\/05\/olive-wax.jpg\" \/>\n\t<meta property=\"og:image:width\" content=\"1600\" \/>\n\t<meta property=\"og:image:height\" content=\"1200\" \/>\n\t<meta property=\"og:image:type\" content=\"image\/jpeg\" \/>\n<script type=\"application\/ld+json\" class=\"yoast-schema-graph\">{\"@context\":\"https:\\\/\\\/schema.org\",\"@graph\":[{\"@type\":\"WebPage\",\"@id\":\"https:\\\/\\\/naturalpoland.com\\\/tr\\\/urunler\\\/mumlar\\\/zeytin-mumu\\\/\",\"url\":\"https:\\\/\\\/naturalpoland.com\\\/tr\\\/urunler\\\/mumlar\\\/zeytin-mumu\\\/\",\"name\":\"Zeytin Mumu - Hurtowy Dystrybutor\",\"isPartOf\":{\"@id\":\"https:\\\/\\\/naturalpoland.com\\\/tr\\\/#website\"},\"primaryImageOfPage\":{\"@id\":\"https:\\\/\\\/naturalpoland.com\\\/tr\\\/urunler\\\/mumlar\\\/zeytin-mumu\\\/#primaryimage\"},\"image\":{\"@id\":\"https:\\\/\\\/naturalpoland.com\\\/tr\\\/urunler\\\/mumlar\\\/zeytin-mumu\\\/#primaryimage\"},\"thumbnailUrl\":\"https:\\\/\\\/naturalpoland.com\\\/wp-content\\\/uploads\\\/2021\\\/05\\\/olive-wax.jpg\",\"datePublished\":\"2021-05-11T11:58:10+00:00\",\"dateModified\":\"2026-02-27T13:43:24+00:00\",\"description\":\"Zeytin mumu, zeytinya\u011f\u0131 \u00fcretimi s\u0131ras\u0131nda elde edilen kat\u0131 bir fraksiyondur. Kozmetikte, \u00e7o\u011funlukla a\u011fda mumu olarak kullan\u0131l\u0131r.\",\"breadcrumb\":{\"@id\":\"https:\\\/\\\/naturalpoland.com\\\/tr\\\/urunler\\\/mumlar\\\/zeytin-mumu\\\/#breadcrumb\"},\"inLanguage\":\"tr\",\"potentialAction\":[{\"@type\":\"ReadAction\",\"target\":[\"https:\\\/\\\/naturalpoland.com\\\/tr\\\/urunler\\\/mumlar\\\/zeytin-mumu\\\/\"]}]},{\"@type\":\"ImageObject\",\"inLanguage\":\"tr\",\"@id\":\"https:\\\/\\\/naturalpoland.com\\\/tr\\\/urunler\\\/mumlar\\\/zeytin-mumu\\\/#primaryimage\",\"url\":\"https:\\\/\\\/naturalpoland.com\\\/wp-content\\\/uploads\\\/2021\\\/05\\\/olive-wax.jpg\",\"contentUrl\":\"https:\\\/\\\/naturalpoland.com\\\/wp-content\\\/uploads\\\/2021\\\/05\\\/olive-wax.jpg\",\"width\":1600,\"height\":1200,\"caption\":\"Zeytin Mumu\"},{\"@type\":\"BreadcrumbList\",\"@id\":\"https:\\\/\\\/naturalpoland.com\\\/tr\\\/urunler\\\/mumlar\\\/zeytin-mumu\\\/#breadcrumb\",\"itemListElement\":[{\"@type\":\"ListItem\",\"position\":1,\"name\":\"Ana Sayfa\",\"item\":\"https:\\\/\\\/naturalpoland.com\\\/tr\\\/\"},{\"@type\":\"ListItem\",\"position\":2,\"name\":\"\u00dcr\u00fcnler\",\"item\":\"https:\\\/\\\/naturalpoland.com\\\/tr\\\/urunler\\\/\"},{\"@type\":\"ListItem\",\"position\":3,\"name\":\"Zeytin Mumu\"}]},{\"@type\":\"WebSite\",\"@id\":\"https:\\\/\\\/naturalpoland.com\\\/tr\\\/#website\",\"url\":\"https:\\\/\\\/naturalpoland.com\\\/tr\\\/\",\"name\":\"NATURAL POLAND - Hurtowy Dystrybutor Surowc\u00f3w\",\"description\":\"Surowce dla przemys\u0142u spo\u017cywczego, kosmetycznego i farmaceutycznego\",\"publisher\":{\"@id\":\"https:\\\/\\\/naturalpoland.com\\\/tr\\\/#organization\"},\"potentialAction\":[{\"@type\":\"SearchAction\",\"target\":{\"@type\":\"EntryPoint\",\"urlTemplate\":\"https:\\\/\\\/naturalpoland.com\\\/tr\\\/?s={search_term_string}\"},\"query-input\":{\"@type\":\"PropertyValueSpecification\",\"valueRequired\":true,\"valueName\":\"search_term_string\"}}],\"inLanguage\":\"tr\"},{\"@type\":\"Organization\",\"@id\":\"https:\\\/\\\/naturalpoland.com\\\/tr\\\/#organization\",\"name\":\"Natural Poland\",\"url\":\"https:\\\/\\\/naturalpoland.com\\\/tr\\\/\",\"logo\":{\"@type\":\"ImageObject\",\"inLanguage\":\"tr\",\"@id\":\"https:\\\/\\\/naturalpoland.com\\\/tr\\\/#\\\/schema\\\/logo\\\/image\\\/\",\"url\":\"https:\\\/\\\/naturalpoland.com\\\/wp-content\\\/uploads\\\/2021\\\/05\\\/natural-poland-icon.png\",\"contentUrl\":\"https:\\\/\\\/naturalpoland.com\\\/wp-content\\\/uploads\\\/2021\\\/05\\\/natural-poland-icon.png\",\"width\":512,\"height\":512,\"caption\":\"Natural Poland\"},\"image\":{\"@id\":\"https:\\\/\\\/naturalpoland.com\\\/tr\\\/#\\\/schema\\\/logo\\\/image\\\/\"},\"sameAs\":[\"https:\\\/\\\/www.facebook.com\\\/naturalpoland.b2b\",\"https:\\\/\\\/pl.linkedin.com\\\/company\\\/natural-poland\",\"https:\\\/\\\/www.youtube.com\\\/channel\\\/UCgeGGkvOMahZo-xu_MSEWxg\"]}]}<\/script>\n<!-- \/ Yoast SEO plugin. -->","yoast_head_json":{"title":"Zeytin Mumu - Hurtowy Dystrybutor","description":"Zeytin mumu, zeytinya\u011f\u0131 \u00fcretimi s\u0131ras\u0131nda elde edilen kat\u0131 bir fraksiyondur. Kozmetikte, \u00e7o\u011funlukla a\u011fda mumu olarak kullan\u0131l\u0131r.","robots":{"index":"index","follow":"follow","max-snippet":"max-snippet:-1","max-image-preview":"max-image-preview:large","max-video-preview":"max-video-preview:-1"},"canonical":"https:\/\/naturalpoland.com\/tr\/urunler\/mumlar\/zeytin-mumu\/","og_locale":"tr_TR","og_type":"article","og_title":"Zeytin Mumu - Hurtowy Dystrybutor","og_description":"Zeytin mumu, zeytinya\u011f\u0131 \u00fcretimi s\u0131ras\u0131nda elde edilen kat\u0131 bir fraksiyondur. Kozmetikte, \u00e7o\u011funlukla a\u011fda mumu olarak kullan\u0131l\u0131r.","og_url":"https:\/\/naturalpoland.com\/tr\/urunler\/mumlar\/zeytin-mumu\/","og_site_name":"NATURAL POLAND - Hurtowy Dystrybutor Surowc\u00f3w","article_publisher":"https:\/\/www.facebook.com\/naturalpoland.b2b","article_modified_time":"2026-02-27T13:43:24+00:00","og_image":[{"width":1600,"height":1200,"url":"https:\/\/naturalpoland.com\/wp-content\/uploads\/2021\/05\/olive-wax.jpg","type":"image\/jpeg"}],"schema":{"@context":"https:\/\/schema.org","@graph":[{"@type":"WebPage","@id":"https:\/\/naturalpoland.com\/tr\/urunler\/mumlar\/zeytin-mumu\/","url":"https:\/\/naturalpoland.com\/tr\/urunler\/mumlar\/zeytin-mumu\/","name":"Zeytin Mumu - Hurtowy Dystrybutor","isPartOf":{"@id":"https:\/\/naturalpoland.com\/tr\/#website"},"primaryImageOfPage":{"@id":"https:\/\/naturalpoland.com\/tr\/urunler\/mumlar\/zeytin-mumu\/#primaryimage"},"image":{"@id":"https:\/\/naturalpoland.com\/tr\/urunler\/mumlar\/zeytin-mumu\/#primaryimage"},"thumbnailUrl":"https:\/\/naturalpoland.com\/wp-content\/uploads\/2021\/05\/olive-wax.jpg","datePublished":"2021-05-11T11:58:10+00:00","dateModified":"2026-02-27T13:43:24+00:00","description":"Zeytin mumu, zeytinya\u011f\u0131 \u00fcretimi s\u0131ras\u0131nda elde edilen kat\u0131 bir fraksiyondur. Kozmetikte, \u00e7o\u011funlukla a\u011fda mumu olarak kullan\u0131l\u0131r.","breadcrumb":{"@id":"https:\/\/naturalpoland.com\/tr\/urunler\/mumlar\/zeytin-mumu\/#breadcrumb"},"inLanguage":"tr","potentialAction":[{"@type":"ReadAction","target":["https:\/\/naturalpoland.com\/tr\/urunler\/mumlar\/zeytin-mumu\/"]}]},{"@type":"ImageObject","inLanguage":"tr","@id":"https:\/\/naturalpoland.com\/tr\/urunler\/mumlar\/zeytin-mumu\/#primaryimage","url":"https:\/\/naturalpoland.com\/wp-content\/uploads\/2021\/05\/olive-wax.jpg","contentUrl":"https:\/\/naturalpoland.com\/wp-content\/uploads\/2021\/05\/olive-wax.jpg","width":1600,"height":1200,"caption":"Zeytin Mumu"},{"@type":"BreadcrumbList","@id":"https:\/\/naturalpoland.com\/tr\/urunler\/mumlar\/zeytin-mumu\/#breadcrumb","itemListElement":[{"@type":"ListItem","position":1,"name":"Ana Sayfa","item":"https:\/\/naturalpoland.com\/tr\/"},{"@type":"ListItem","position":2,"name":"\u00dcr\u00fcnler","item":"https:\/\/naturalpoland.com\/tr\/urunler\/"},{"@type":"ListItem","position":3,"name":"Zeytin Mumu"}]},{"@type":"WebSite","@id":"https:\/\/naturalpoland.com\/tr\/#website","url":"https:\/\/naturalpoland.com\/tr\/","name":"NATURAL POLAND - Hurtowy Dystrybutor Surowc\u00f3w","description":"Surowce dla przemys\u0142u spo\u017cywczego, kosmetycznego i farmaceutycznego","publisher":{"@id":"https:\/\/naturalpoland.com\/tr\/#organization"},"potentialAction":[{"@type":"SearchAction","target":{"@type":"EntryPoint","urlTemplate":"https:\/\/naturalpoland.com\/tr\/?s={search_term_string}"},"query-input":{"@type":"PropertyValueSpecification","valueRequired":true,"valueName":"search_term_string"}}],"inLanguage":"tr"},{"@type":"Organization","@id":"https:\/\/naturalpoland.com\/tr\/#organization","name":"Natural Poland","url":"https:\/\/naturalpoland.com\/tr\/","logo":{"@type":"ImageObject","inLanguage":"tr","@id":"https:\/\/naturalpoland.com\/tr\/#\/schema\/logo\/image\/","url":"https:\/\/naturalpoland.com\/wp-content\/uploads\/2021\/05\/natural-poland-icon.png","contentUrl":"https:\/\/naturalpoland.com\/wp-content\/uploads\/2021\/05\/natural-poland-icon.png","width":512,"height":512,"caption":"Natural Poland"},"image":{"@id":"https:\/\/naturalpoland.com\/tr\/#\/schema\/logo\/image\/"},"sameAs":["https:\/\/www.facebook.com\/naturalpoland.b2b","https:\/\/pl.linkedin.com\/company\/natural-poland","https:\/\/www.youtube.com\/channel\/UCgeGGkvOMahZo-xu_MSEWxg"]}]}},"_links":{"self":[{"href":"https:\/\/naturalpoland.com\/tr\/wp-json\/wp\/v2\/product\/46294","targetHints":{"allow":["GET"]}}],"collection":[{"href":"https:\/\/naturalpoland.com\/tr\/wp-json\/wp\/v2\/product"}],"about":[{"href":"https:\/\/naturalpoland.com\/tr\/wp-json\/wp\/v2\/types\/product"}],"wp:featuredmedia":[{"embeddable":true,"href":"https:\/\/naturalpoland.com\/tr\/wp-json\/wp\/v2\/media\/46295"}],"wp:attachment":[{"href":"https:\/\/naturalpoland.com\/tr\/wp-json\/wp\/v2\/media?parent=46294"}],"wp:term":[{"taxonomy":"product_brand","embeddable":true,"href":"https:\/\/naturalpoland.com\/tr\/wp-json\/wp\/v2\/product_brand?post=46294"},{"taxonomy":"product_cat","embeddable":true,"href":"https:\/\/naturalpoland.com\/tr\/wp-json\/wp\/v2\/product_cat?post=46294"},{"taxonomy":"product_tag","embeddable":true,"href":"https:\/\/naturalpoland.com\/tr\/wp-json\/wp\/v2\/product_tag?post=46294"}],"curies":[{"name":"wp","href":"https:\/\/api.w.org\/{rel}","templated":true}]}}