{"id":46298,"date":"2021-05-11T13:58:09","date_gmt":"2021-05-11T11:58:09","guid":{"rendered":"https:\/\/naturalpoland.com\/produkty\/kategorilenmemis\/jojoba-mumu\/"},"modified":"2026-02-27T14:43:42","modified_gmt":"2026-02-27T13:43:42","slug":"jojoba-mumu","status":"publish","type":"product","link":"https:\/\/naturalpoland.com\/tr\/urunler\/mumlar\/jojoba-mumu\/","title":{"rendered":"Jojoba Mumu"},"content":{"rendered":"<p>Jojoba mumu, cilt taraf\u0131ndan h\u0131zla emilen <strong><a href=\"https:\/\/naturalpoland.com\/tr\/urunler\/kozmetik-hammaddeleri\/kozmetik-yaglari\/altin-jojoba-yagi\/\">jojoba ya\u011f\u0131n\u0131n<\/a><\/strong> kat\u0131la\u015fm\u0131\u015f halidir. Fitosterol, A ve E vitamini, ya\u011f asitleri ve do\u011fal skualen a\u00e7\u0131s\u0131ndan zengindir. Bu sayede cildi derinlemesine nemlendirip p\u00fcr\u00fczs\u00fczle\u015ftirebilir. S\u0131k\u0131la\u015ft\u0131r\u0131r ve ilgin\u00e7 bir \u015fekilde ciltteki parlamay\u0131 azalt\u0131r. Cildin kurumas\u0131n\u0131 \u00f6nler, hatta mimik \u00e7izgilerinin olu\u015fumunu engelleyebilir. Makyaj temizli\u011fi i\u00e7in de uygundur. Sa\u00e7lara uyguland\u0131\u011f\u0131nda derinlemesine nemlendirir, esneklik kazand\u0131r\u0131r ve t\u00fcm uzunlu\u011fu boyunca g\u00fc\u00e7lendirir.      <\/p>\n","protected":false},"excerpt":{"rendered":"<p>Jojoba mumu birka\u00e7 y\u0131l \u00f6nce pop\u00fclerlik rekorlar\u0131 k\u0131r\u0131yordu. <a href=\"https:\/\/naturalpoland.com\/tr\/urunler\/mumlar\/balmumu\/\">Balmumu<\/a> i\u00e7in m\u00fckemmel bir alternatif oldu\u011fu i\u00e7in kozmetik \u00fcreticilerinin dikkatini \u00e7ekmeye devam ediyor. Rujlar, v\u00fccut balsamlar\u0131, sabunlar, kremler ve rimel i\u00e7in temel olabilir. Sa\u00e7 bak\u0131m\u0131 i\u00e7in de uygundur.   <\/p>\n","protected":false},"featured_media":46300,"template":"","meta":{"_acf_changed":false},"product_brand":[],"product_cat":[9573],"product_tag":[],"class_list":{"0":"post-46298","1":"product","2":"type-product","3":"status-publish","4":"has-post-thumbnail","6":"product_cat-mumlar","8":"first","9":"instock","10":"shipping-taxable","11":"product-type-simple"},"acf":[],"yoast_head":"<!-- This site is optimized with the Yoast SEO plugin v27.4 - https:\/\/yoast.com\/product\/yoast-seo-wordpress\/ -->\n<title>Jojoba Mumu - NATURAL POLAND - Hurtowy Dystrybutor Surowc\u00f3w<\/title>\n<meta name=\"description\" content=\"Jojoba mumu birka\u00e7 y\u0131l \u00f6nce pop\u00fclerlik rekorlar\u0131 k\u0131r\u0131yordu. Balmumu i\u00e7in m\u00fckemmel bir alternatif oldu\u011fu i\u00e7in kozmetik \u00fcreticilerinin dikkatini \u00e7ekmeye devam ediyor.\" \/>\n<meta name=\"robots\" content=\"index, follow, max-snippet:-1, max-image-preview:large, max-video-preview:-1\" \/>\n<link rel=\"canonical\" href=\"https:\/\/naturalpoland.com\/tr\/urunler\/mumlar\/jojoba-mumu\/\" \/>\n<meta property=\"og:locale\" content=\"tr_TR\" \/>\n<meta property=\"og:type\" content=\"article\" \/>\n<meta property=\"og:title\" content=\"Jojoba Mumu - NATURAL POLAND - Hurtowy Dystrybutor Surowc\u00f3w\" \/>\n<meta property=\"og:description\" content=\"Jojoba mumu birka\u00e7 y\u0131l \u00f6nce pop\u00fclerlik rekorlar\u0131 k\u0131r\u0131yordu. Balmumu i\u00e7in m\u00fckemmel bir alternatif oldu\u011fu i\u00e7in kozmetik \u00fcreticilerinin dikkatini \u00e7ekmeye devam ediyor.\" \/>\n<meta property=\"og:url\" content=\"https:\/\/naturalpoland.com\/tr\/urunler\/mumlar\/jojoba-mumu\/\" \/>\n<meta property=\"og:site_name\" content=\"NATURAL POLAND - Hurtowy Dystrybutor Surowc\u00f3w\" \/>\n<meta property=\"article:publisher\" content=\"https:\/\/www.facebook.com\/naturalpoland.b2b\" \/>\n<meta property=\"article:modified_time\" content=\"2026-02-27T13:43:42+00:00\" \/>\n<meta property=\"og:image\" content=\"https:\/\/naturalpoland.com\/wp-content\/uploads\/wosk-jojoba.webp\" \/>\n\t<meta property=\"og:image:width\" content=\"612\" \/>\n\t<meta property=\"og:image:height\" content=\"612\" \/>\n\t<meta property=\"og:image:type\" content=\"image\/webp\" \/>\n<script type=\"application\/ld+json\" class=\"yoast-schema-graph\">{\"@context\":\"https:\\\/\\\/schema.org\",\"@graph\":[{\"@type\":\"WebPage\",\"@id\":\"https:\\\/\\\/naturalpoland.com\\\/tr\\\/urunler\\\/mumlar\\\/jojoba-mumu\\\/\",\"url\":\"https:\\\/\\\/naturalpoland.com\\\/tr\\\/urunler\\\/mumlar\\\/jojoba-mumu\\\/\",\"name\":\"Jojoba Mumu - NATURAL POLAND - Hurtowy Dystrybutor Surowc\u00f3w\",\"isPartOf\":{\"@id\":\"https:\\\/\\\/naturalpoland.com\\\/tr\\\/#website\"},\"primaryImageOfPage\":{\"@id\":\"https:\\\/\\\/naturalpoland.com\\\/tr\\\/urunler\\\/mumlar\\\/jojoba-mumu\\\/#primaryimage\"},\"image\":{\"@id\":\"https:\\\/\\\/naturalpoland.com\\\/tr\\\/urunler\\\/mumlar\\\/jojoba-mumu\\\/#primaryimage\"},\"thumbnailUrl\":\"https:\\\/\\\/naturalpoland.com\\\/wp-content\\\/uploads\\\/wosk-jojoba.webp\",\"datePublished\":\"2021-05-11T11:58:09+00:00\",\"dateModified\":\"2026-02-27T13:43:42+00:00\",\"description\":\"Jojoba mumu birka\u00e7 y\u0131l \u00f6nce pop\u00fclerlik rekorlar\u0131 k\u0131r\u0131yordu. Balmumu i\u00e7in m\u00fckemmel bir alternatif oldu\u011fu i\u00e7in kozmetik \u00fcreticilerinin dikkatini \u00e7ekmeye devam ediyor.\",\"breadcrumb\":{\"@id\":\"https:\\\/\\\/naturalpoland.com\\\/tr\\\/urunler\\\/mumlar\\\/jojoba-mumu\\\/#breadcrumb\"},\"inLanguage\":\"tr\",\"potentialAction\":[{\"@type\":\"ReadAction\",\"target\":[\"https:\\\/\\\/naturalpoland.com\\\/tr\\\/urunler\\\/mumlar\\\/jojoba-mumu\\\/\"]}]},{\"@type\":\"ImageObject\",\"inLanguage\":\"tr\",\"@id\":\"https:\\\/\\\/naturalpoland.com\\\/tr\\\/urunler\\\/mumlar\\\/jojoba-mumu\\\/#primaryimage\",\"url\":\"https:\\\/\\\/naturalpoland.com\\\/wp-content\\\/uploads\\\/wosk-jojoba.webp\",\"contentUrl\":\"https:\\\/\\\/naturalpoland.com\\\/wp-content\\\/uploads\\\/wosk-jojoba.webp\",\"width\":612,\"height\":612,\"caption\":\"jojoba mumu\"},{\"@type\":\"BreadcrumbList\",\"@id\":\"https:\\\/\\\/naturalpoland.com\\\/tr\\\/urunler\\\/mumlar\\\/jojoba-mumu\\\/#breadcrumb\",\"itemListElement\":[{\"@type\":\"ListItem\",\"position\":1,\"name\":\"Ana Sayfa\",\"item\":\"https:\\\/\\\/naturalpoland.com\\\/tr\\\/\"},{\"@type\":\"ListItem\",\"position\":2,\"name\":\"\u00dcr\u00fcnler\",\"item\":\"https:\\\/\\\/naturalpoland.com\\\/tr\\\/urunler\\\/\"},{\"@type\":\"ListItem\",\"position\":3,\"name\":\"Jojoba Mumu\"}]},{\"@type\":\"WebSite\",\"@id\":\"https:\\\/\\\/naturalpoland.com\\\/tr\\\/#website\",\"url\":\"https:\\\/\\\/naturalpoland.com\\\/tr\\\/\",\"name\":\"NATURAL POLAND - Hurtowy Dystrybutor Surowc\u00f3w\",\"description\":\"Surowce dla przemys\u0142u spo\u017cywczego, kosmetycznego i farmaceutycznego\",\"publisher\":{\"@id\":\"https:\\\/\\\/naturalpoland.com\\\/tr\\\/#organization\"},\"potentialAction\":[{\"@type\":\"SearchAction\",\"target\":{\"@type\":\"EntryPoint\",\"urlTemplate\":\"https:\\\/\\\/naturalpoland.com\\\/tr\\\/?s={search_term_string}\"},\"query-input\":{\"@type\":\"PropertyValueSpecification\",\"valueRequired\":true,\"valueName\":\"search_term_string\"}}],\"inLanguage\":\"tr\"},{\"@type\":\"Organization\",\"@id\":\"https:\\\/\\\/naturalpoland.com\\\/tr\\\/#organization\",\"name\":\"Natural Poland\",\"url\":\"https:\\\/\\\/naturalpoland.com\\\/tr\\\/\",\"logo\":{\"@type\":\"ImageObject\",\"inLanguage\":\"tr\",\"@id\":\"https:\\\/\\\/naturalpoland.com\\\/tr\\\/#\\\/schema\\\/logo\\\/image\\\/\",\"url\":\"https:\\\/\\\/naturalpoland.com\\\/wp-content\\\/uploads\\\/2021\\\/05\\\/natural-poland-icon.png\",\"contentUrl\":\"https:\\\/\\\/naturalpoland.com\\\/wp-content\\\/uploads\\\/2021\\\/05\\\/natural-poland-icon.png\",\"width\":512,\"height\":512,\"caption\":\"Natural Poland\"},\"image\":{\"@id\":\"https:\\\/\\\/naturalpoland.com\\\/tr\\\/#\\\/schema\\\/logo\\\/image\\\/\"},\"sameAs\":[\"https:\\\/\\\/www.facebook.com\\\/naturalpoland.b2b\",\"https:\\\/\\\/pl.linkedin.com\\\/company\\\/natural-poland\",\"https:\\\/\\\/www.youtube.com\\\/channel\\\/UCgeGGkvOMahZo-xu_MSEWxg\"]}]}<\/script>\n<!-- \/ Yoast SEO plugin. -->","yoast_head_json":{"title":"Jojoba Mumu - NATURAL POLAND - Hurtowy Dystrybutor Surowc\u00f3w","description":"Jojoba mumu birka\u00e7 y\u0131l \u00f6nce pop\u00fclerlik rekorlar\u0131 k\u0131r\u0131yordu. Balmumu i\u00e7in m\u00fckemmel bir alternatif oldu\u011fu i\u00e7in kozmetik \u00fcreticilerinin dikkatini \u00e7ekmeye devam ediyor.","robots":{"index":"index","follow":"follow","max-snippet":"max-snippet:-1","max-image-preview":"max-image-preview:large","max-video-preview":"max-video-preview:-1"},"canonical":"https:\/\/naturalpoland.com\/tr\/urunler\/mumlar\/jojoba-mumu\/","og_locale":"tr_TR","og_type":"article","og_title":"Jojoba Mumu - NATURAL POLAND - Hurtowy Dystrybutor Surowc\u00f3w","og_description":"Jojoba mumu birka\u00e7 y\u0131l \u00f6nce pop\u00fclerlik rekorlar\u0131 k\u0131r\u0131yordu. Balmumu i\u00e7in m\u00fckemmel bir alternatif oldu\u011fu i\u00e7in kozmetik \u00fcreticilerinin dikkatini \u00e7ekmeye devam ediyor.","og_url":"https:\/\/naturalpoland.com\/tr\/urunler\/mumlar\/jojoba-mumu\/","og_site_name":"NATURAL POLAND - Hurtowy Dystrybutor Surowc\u00f3w","article_publisher":"https:\/\/www.facebook.com\/naturalpoland.b2b","article_modified_time":"2026-02-27T13:43:42+00:00","og_image":[{"width":612,"height":612,"url":"https:\/\/naturalpoland.com\/wp-content\/uploads\/wosk-jojoba.webp","type":"image\/webp"}],"schema":{"@context":"https:\/\/schema.org","@graph":[{"@type":"WebPage","@id":"https:\/\/naturalpoland.com\/tr\/urunler\/mumlar\/jojoba-mumu\/","url":"https:\/\/naturalpoland.com\/tr\/urunler\/mumlar\/jojoba-mumu\/","name":"Jojoba Mumu - NATURAL POLAND - Hurtowy Dystrybutor Surowc\u00f3w","isPartOf":{"@id":"https:\/\/naturalpoland.com\/tr\/#website"},"primaryImageOfPage":{"@id":"https:\/\/naturalpoland.com\/tr\/urunler\/mumlar\/jojoba-mumu\/#primaryimage"},"image":{"@id":"https:\/\/naturalpoland.com\/tr\/urunler\/mumlar\/jojoba-mumu\/#primaryimage"},"thumbnailUrl":"https:\/\/naturalpoland.com\/wp-content\/uploads\/wosk-jojoba.webp","datePublished":"2021-05-11T11:58:09+00:00","dateModified":"2026-02-27T13:43:42+00:00","description":"Jojoba mumu birka\u00e7 y\u0131l \u00f6nce pop\u00fclerlik rekorlar\u0131 k\u0131r\u0131yordu. Balmumu i\u00e7in m\u00fckemmel bir alternatif oldu\u011fu i\u00e7in kozmetik \u00fcreticilerinin dikkatini \u00e7ekmeye devam ediyor.","breadcrumb":{"@id":"https:\/\/naturalpoland.com\/tr\/urunler\/mumlar\/jojoba-mumu\/#breadcrumb"},"inLanguage":"tr","potentialAction":[{"@type":"ReadAction","target":["https:\/\/naturalpoland.com\/tr\/urunler\/mumlar\/jojoba-mumu\/"]}]},{"@type":"ImageObject","inLanguage":"tr","@id":"https:\/\/naturalpoland.com\/tr\/urunler\/mumlar\/jojoba-mumu\/#primaryimage","url":"https:\/\/naturalpoland.com\/wp-content\/uploads\/wosk-jojoba.webp","contentUrl":"https:\/\/naturalpoland.com\/wp-content\/uploads\/wosk-jojoba.webp","width":612,"height":612,"caption":"jojoba mumu"},{"@type":"BreadcrumbList","@id":"https:\/\/naturalpoland.com\/tr\/urunler\/mumlar\/jojoba-mumu\/#breadcrumb","itemListElement":[{"@type":"ListItem","position":1,"name":"Ana Sayfa","item":"https:\/\/naturalpoland.com\/tr\/"},{"@type":"ListItem","position":2,"name":"\u00dcr\u00fcnler","item":"https:\/\/naturalpoland.com\/tr\/urunler\/"},{"@type":"ListItem","position":3,"name":"Jojoba Mumu"}]},{"@type":"WebSite","@id":"https:\/\/naturalpoland.com\/tr\/#website","url":"https:\/\/naturalpoland.com\/tr\/","name":"NATURAL POLAND - Hurtowy Dystrybutor Surowc\u00f3w","description":"Surowce dla przemys\u0142u spo\u017cywczego, kosmetycznego i farmaceutycznego","publisher":{"@id":"https:\/\/naturalpoland.com\/tr\/#organization"},"potentialAction":[{"@type":"SearchAction","target":{"@type":"EntryPoint","urlTemplate":"https:\/\/naturalpoland.com\/tr\/?s={search_term_string}"},"query-input":{"@type":"PropertyValueSpecification","valueRequired":true,"valueName":"search_term_string"}}],"inLanguage":"tr"},{"@type":"Organization","@id":"https:\/\/naturalpoland.com\/tr\/#organization","name":"Natural Poland","url":"https:\/\/naturalpoland.com\/tr\/","logo":{"@type":"ImageObject","inLanguage":"tr","@id":"https:\/\/naturalpoland.com\/tr\/#\/schema\/logo\/image\/","url":"https:\/\/naturalpoland.com\/wp-content\/uploads\/2021\/05\/natural-poland-icon.png","contentUrl":"https:\/\/naturalpoland.com\/wp-content\/uploads\/2021\/05\/natural-poland-icon.png","width":512,"height":512,"caption":"Natural Poland"},"image":{"@id":"https:\/\/naturalpoland.com\/tr\/#\/schema\/logo\/image\/"},"sameAs":["https:\/\/www.facebook.com\/naturalpoland.b2b","https:\/\/pl.linkedin.com\/company\/natural-poland","https:\/\/www.youtube.com\/channel\/UCgeGGkvOMahZo-xu_MSEWxg"]}]}},"_links":{"self":[{"href":"https:\/\/naturalpoland.com\/tr\/wp-json\/wp\/v2\/product\/46298","targetHints":{"allow":["GET"]}}],"collection":[{"href":"https:\/\/naturalpoland.com\/tr\/wp-json\/wp\/v2\/product"}],"about":[{"href":"https:\/\/naturalpoland.com\/tr\/wp-json\/wp\/v2\/types\/product"}],"wp:featuredmedia":[{"embeddable":true,"href":"https:\/\/naturalpoland.com\/tr\/wp-json\/wp\/v2\/media\/46300"}],"wp:attachment":[{"href":"https:\/\/naturalpoland.com\/tr\/wp-json\/wp\/v2\/media?parent=46298"}],"wp:term":[{"taxonomy":"product_brand","embeddable":true,"href":"https:\/\/naturalpoland.com\/tr\/wp-json\/wp\/v2\/product_brand?post=46298"},{"taxonomy":"product_cat","embeddable":true,"href":"https:\/\/naturalpoland.com\/tr\/wp-json\/wp\/v2\/product_cat?post=46298"},{"taxonomy":"product_tag","embeddable":true,"href":"https:\/\/naturalpoland.com\/tr\/wp-json\/wp\/v2\/product_tag?post=46298"}],"curies":[{"name":"wp","href":"https:\/\/api.w.org\/{rel}","templated":true}]}}