{"id":46318,"date":"2021-05-11T13:57:00","date_gmt":"2021-05-11T11:57:00","guid":{"rendered":"https:\/\/naturalpoland.com\/produkty\/kategorilenmemis\/kurutulmus-bogurtlen\/"},"modified":"2026-02-27T15:33:17","modified_gmt":"2026-02-27T14:33:17","slug":"kurutulmus-bogurtlen","status":"publish","type":"product","link":"https:\/\/naturalpoland.com\/tr\/urunler\/gida-hammaddeleri\/uretim-hammaddeleri\/kurutulmus-bogurtlen\/","title":{"rendered":"Kurutulmu\u015f b\u00f6\u011f\u00fcrtlen"},"content":{"rendered":"<p>Ba\u011f\u0131\u015f\u0131kl\u0131k i\u00e7in:<br \/>\nKurutulmu\u015f b\u00f6\u011f\u00fcrtlenler y\u00fcksek C vitamini i\u00e7eri\u011fine sahiptir, bu nedenle ba\u011f\u0131\u015f\u0131kl\u0131\u011f\u0131 art\u0131rmak ve so\u011fuk alg\u0131nl\u0131\u011f\u0131 s\u00fcresini k\u0131saltmak i\u00e7in kullan\u0131labilir. Bu meyveler g\u00f6rme yetene\u011fini geli\u015ftirir ve metabolizmay\u0131 h\u0131zland\u0131r\u0131r. Tek ba\u015f\u0131na veya di\u011fer \u00e7aylara (siyah ve ye\u015fil) meyveli bir katk\u0131 olarak kullan\u0131labilir. Soslar\u0131n ve etlerin lezzetini zenginle\u015ftirmek i\u00e7in de kullan\u0131labilir. Bunlardan yap\u0131lan inf\u00fczyonlar kalp fonksiyonunu g\u00fc\u00e7lendirir ve d\u00fczenler.    <\/p>\n","protected":false},"excerpt":{"rendered":"<p><strong>Kurutulmu\u015f b\u00f6\u011f\u00fcrtlen<\/strong>, inf\u00fczyonlar ve bitki \u00e7aylar\u0131 i\u00e7in m\u00fckemmel bir bazd\u0131r. Belirgin bir aromaya ve hafif buruk bir tada sahiptir. B\u00f6\u011f\u00fcrtlen, y\u00fcksek antosiyanin ve tanen i\u00e7eri\u011fine sahiptir. Anti-inflamatuar ve antibakteriyel etkilere sahiptir. Solunum yolu hastal\u0131klar\u0131nda balgam s\u00f6kt\u00fcr\u00fcc\u00fc ve idrar s\u00f6kt\u00fcr\u00fcc\u00fc etki g\u00f6sterir.    <\/p>\n","protected":false},"featured_media":46319,"template":"","meta":[],"product_brand":[],"product_cat":[9572],"product_tag":[],"class_list":{"0":"post-46318","1":"product","2":"type-product","3":"status-publish","4":"has-post-thumbnail","6":"product_cat-uretim-hammaddeleri","8":"first","9":"instock","10":"shipping-taxable","11":"product-type-simple"},"yoast_head":"<!-- This site is optimized with the Yoast SEO plugin v27.4 - https:\/\/yoast.com\/product\/yoast-seo-wordpress\/ -->\n<title>Kurutulmu\u015f b\u00f6\u011f\u00fcrtlen - Hurtowy Dystrybutor<\/title>\n<meta name=\"robots\" content=\"index, follow, max-snippet:-1, max-image-preview:large, max-video-preview:-1\" \/>\n<link rel=\"canonical\" href=\"https:\/\/naturalpoland.com\/tr\/urunler\/gida-hammaddeleri\/uretim-hammaddeleri\/kurutulmus-bogurtlen\/\" \/>\n<meta property=\"og:locale\" content=\"tr_TR\" \/>\n<meta property=\"og:type\" content=\"article\" \/>\n<meta property=\"og:title\" content=\"Kurutulmu\u015f b\u00f6\u011f\u00fcrtlen - Hurtowy Dystrybutor\" \/>\n<meta property=\"og:description\" content=\"Kurutulmu\u015f b\u00f6\u011f\u00fcrtlen, inf\u00fczyonlar ve bitki \u00e7aylar\u0131 i\u00e7in m\u00fckemmel bir bazd\u0131r. Belirgin bir aromaya ve hafif buruk bir tada sahiptir. B\u00f6\u011f\u00fcrtlen, y\u00fcksek antosiyanin ve tanen i\u00e7eri\u011fine sahiptir. Anti-inflamatuar ve antibakteriyel etkilere sahiptir. Solunum yolu hastal\u0131klar\u0131nda balgam s\u00f6kt\u00fcr\u00fcc\u00fc ve idrar s\u00f6kt\u00fcr\u00fcc\u00fc etki g\u00f6sterir.\" \/>\n<meta property=\"og:url\" content=\"https:\/\/naturalpoland.com\/tr\/urunler\/gida-hammaddeleri\/uretim-hammaddeleri\/kurutulmus-bogurtlen\/\" \/>\n<meta property=\"og:site_name\" content=\"NATURAL POLAND - Hurtowy Dystrybutor Surowc\u00f3w\" \/>\n<meta property=\"article:publisher\" content=\"https:\/\/www.facebook.com\/naturalpoland.b2b\" \/>\n<meta property=\"article:modified_time\" content=\"2026-02-27T14:33:17+00:00\" \/>\n<meta property=\"og:image\" content=\"https:\/\/naturalpoland.com\/wp-content\/uploads\/2021\/05\/dried-blackberries-fruit.jpg\" \/>\n\t<meta property=\"og:image:width\" content=\"1920\" \/>\n\t<meta property=\"og:image:height\" content=\"1280\" \/>\n\t<meta property=\"og:image:type\" content=\"image\/jpeg\" \/>\n<script type=\"application\/ld+json\" class=\"yoast-schema-graph\">{\"@context\":\"https:\\\/\\\/schema.org\",\"@graph\":[{\"@type\":\"WebPage\",\"@id\":\"https:\\\/\\\/naturalpoland.com\\\/tr\\\/urunler\\\/gida-hammaddeleri\\\/uretim-hammaddeleri\\\/kurutulmus-bogurtlen\\\/\",\"url\":\"https:\\\/\\\/naturalpoland.com\\\/tr\\\/urunler\\\/gida-hammaddeleri\\\/uretim-hammaddeleri\\\/kurutulmus-bogurtlen\\\/\",\"name\":\"Kurutulmu\u015f b\u00f6\u011f\u00fcrtlen - Hurtowy Dystrybutor\",\"isPartOf\":{\"@id\":\"https:\\\/\\\/naturalpoland.com\\\/tr\\\/#website\"},\"primaryImageOfPage\":{\"@id\":\"https:\\\/\\\/naturalpoland.com\\\/tr\\\/urunler\\\/gida-hammaddeleri\\\/uretim-hammaddeleri\\\/kurutulmus-bogurtlen\\\/#primaryimage\"},\"image\":{\"@id\":\"https:\\\/\\\/naturalpoland.com\\\/tr\\\/urunler\\\/gida-hammaddeleri\\\/uretim-hammaddeleri\\\/kurutulmus-bogurtlen\\\/#primaryimage\"},\"thumbnailUrl\":\"https:\\\/\\\/naturalpoland.com\\\/wp-content\\\/uploads\\\/2021\\\/05\\\/dried-blackberries-fruit.jpg\",\"datePublished\":\"2021-05-11T11:57:00+00:00\",\"dateModified\":\"2026-02-27T14:33:17+00:00\",\"breadcrumb\":{\"@id\":\"https:\\\/\\\/naturalpoland.com\\\/tr\\\/urunler\\\/gida-hammaddeleri\\\/uretim-hammaddeleri\\\/kurutulmus-bogurtlen\\\/#breadcrumb\"},\"inLanguage\":\"tr\",\"potentialAction\":[{\"@type\":\"ReadAction\",\"target\":[\"https:\\\/\\\/naturalpoland.com\\\/tr\\\/urunler\\\/gida-hammaddeleri\\\/uretim-hammaddeleri\\\/kurutulmus-bogurtlen\\\/\"]}]},{\"@type\":\"ImageObject\",\"inLanguage\":\"tr\",\"@id\":\"https:\\\/\\\/naturalpoland.com\\\/tr\\\/urunler\\\/gida-hammaddeleri\\\/uretim-hammaddeleri\\\/kurutulmus-bogurtlen\\\/#primaryimage\",\"url\":\"https:\\\/\\\/naturalpoland.com\\\/wp-content\\\/uploads\\\/2021\\\/05\\\/dried-blackberries-fruit.jpg\",\"contentUrl\":\"https:\\\/\\\/naturalpoland.com\\\/wp-content\\\/uploads\\\/2021\\\/05\\\/dried-blackberries-fruit.jpg\",\"width\":1920,\"height\":1280,\"caption\":\"Kurutulmu\u015f b\u00f6\u011f\u00fcrtlen\"},{\"@type\":\"BreadcrumbList\",\"@id\":\"https:\\\/\\\/naturalpoland.com\\\/tr\\\/urunler\\\/gida-hammaddeleri\\\/uretim-hammaddeleri\\\/kurutulmus-bogurtlen\\\/#breadcrumb\",\"itemListElement\":[{\"@type\":\"ListItem\",\"position\":1,\"name\":\"Ana Sayfa\",\"item\":\"https:\\\/\\\/naturalpoland.com\\\/tr\\\/\"},{\"@type\":\"ListItem\",\"position\":2,\"name\":\"\u00dcr\u00fcnler\",\"item\":\"https:\\\/\\\/naturalpoland.com\\\/tr\\\/urunler\\\/\"},{\"@type\":\"ListItem\",\"position\":3,\"name\":\"Kurutulmu\u015f b\u00f6\u011f\u00fcrtlen\"}]},{\"@type\":\"WebSite\",\"@id\":\"https:\\\/\\\/naturalpoland.com\\\/tr\\\/#website\",\"url\":\"https:\\\/\\\/naturalpoland.com\\\/tr\\\/\",\"name\":\"NATURAL POLAND - Hurtowy Dystrybutor Surowc\u00f3w\",\"description\":\"Surowce dla przemys\u0142u spo\u017cywczego, kosmetycznego i farmaceutycznego\",\"publisher\":{\"@id\":\"https:\\\/\\\/naturalpoland.com\\\/tr\\\/#organization\"},\"potentialAction\":[{\"@type\":\"SearchAction\",\"target\":{\"@type\":\"EntryPoint\",\"urlTemplate\":\"https:\\\/\\\/naturalpoland.com\\\/tr\\\/?s={search_term_string}\"},\"query-input\":{\"@type\":\"PropertyValueSpecification\",\"valueRequired\":true,\"valueName\":\"search_term_string\"}}],\"inLanguage\":\"tr\"},{\"@type\":\"Organization\",\"@id\":\"https:\\\/\\\/naturalpoland.com\\\/tr\\\/#organization\",\"name\":\"Natural Poland\",\"url\":\"https:\\\/\\\/naturalpoland.com\\\/tr\\\/\",\"logo\":{\"@type\":\"ImageObject\",\"inLanguage\":\"tr\",\"@id\":\"https:\\\/\\\/naturalpoland.com\\\/tr\\\/#\\\/schema\\\/logo\\\/image\\\/\",\"url\":\"https:\\\/\\\/naturalpoland.com\\\/wp-content\\\/uploads\\\/2021\\\/05\\\/natural-poland-icon.png\",\"contentUrl\":\"https:\\\/\\\/naturalpoland.com\\\/wp-content\\\/uploads\\\/2021\\\/05\\\/natural-poland-icon.png\",\"width\":512,\"height\":512,\"caption\":\"Natural Poland\"},\"image\":{\"@id\":\"https:\\\/\\\/naturalpoland.com\\\/tr\\\/#\\\/schema\\\/logo\\\/image\\\/\"},\"sameAs\":[\"https:\\\/\\\/www.facebook.com\\\/naturalpoland.b2b\",\"https:\\\/\\\/pl.linkedin.com\\\/company\\\/natural-poland\",\"https:\\\/\\\/www.youtube.com\\\/channel\\\/UCgeGGkvOMahZo-xu_MSEWxg\"]}]}<\/script>\n<!-- \/ Yoast SEO plugin. -->","yoast_head_json":{"title":"Kurutulmu\u015f b\u00f6\u011f\u00fcrtlen - Hurtowy Dystrybutor","robots":{"index":"index","follow":"follow","max-snippet":"max-snippet:-1","max-image-preview":"max-image-preview:large","max-video-preview":"max-video-preview:-1"},"canonical":"https:\/\/naturalpoland.com\/tr\/urunler\/gida-hammaddeleri\/uretim-hammaddeleri\/kurutulmus-bogurtlen\/","og_locale":"tr_TR","og_type":"article","og_title":"Kurutulmu\u015f b\u00f6\u011f\u00fcrtlen - Hurtowy Dystrybutor","og_description":"Kurutulmu\u015f b\u00f6\u011f\u00fcrtlen, inf\u00fczyonlar ve bitki \u00e7aylar\u0131 i\u00e7in m\u00fckemmel bir bazd\u0131r. Belirgin bir aromaya ve hafif buruk bir tada sahiptir. B\u00f6\u011f\u00fcrtlen, y\u00fcksek antosiyanin ve tanen i\u00e7eri\u011fine sahiptir. Anti-inflamatuar ve antibakteriyel etkilere sahiptir. Solunum yolu hastal\u0131klar\u0131nda balgam s\u00f6kt\u00fcr\u00fcc\u00fc ve idrar s\u00f6kt\u00fcr\u00fcc\u00fc etki g\u00f6sterir.","og_url":"https:\/\/naturalpoland.com\/tr\/urunler\/gida-hammaddeleri\/uretim-hammaddeleri\/kurutulmus-bogurtlen\/","og_site_name":"NATURAL POLAND - Hurtowy Dystrybutor Surowc\u00f3w","article_publisher":"https:\/\/www.facebook.com\/naturalpoland.b2b","article_modified_time":"2026-02-27T14:33:17+00:00","og_image":[{"width":1920,"height":1280,"url":"https:\/\/naturalpoland.com\/wp-content\/uploads\/2021\/05\/dried-blackberries-fruit.jpg","type":"image\/jpeg"}],"schema":{"@context":"https:\/\/schema.org","@graph":[{"@type":"WebPage","@id":"https:\/\/naturalpoland.com\/tr\/urunler\/gida-hammaddeleri\/uretim-hammaddeleri\/kurutulmus-bogurtlen\/","url":"https:\/\/naturalpoland.com\/tr\/urunler\/gida-hammaddeleri\/uretim-hammaddeleri\/kurutulmus-bogurtlen\/","name":"Kurutulmu\u015f b\u00f6\u011f\u00fcrtlen - Hurtowy Dystrybutor","isPartOf":{"@id":"https:\/\/naturalpoland.com\/tr\/#website"},"primaryImageOfPage":{"@id":"https:\/\/naturalpoland.com\/tr\/urunler\/gida-hammaddeleri\/uretim-hammaddeleri\/kurutulmus-bogurtlen\/#primaryimage"},"image":{"@id":"https:\/\/naturalpoland.com\/tr\/urunler\/gida-hammaddeleri\/uretim-hammaddeleri\/kurutulmus-bogurtlen\/#primaryimage"},"thumbnailUrl":"https:\/\/naturalpoland.com\/wp-content\/uploads\/2021\/05\/dried-blackberries-fruit.jpg","datePublished":"2021-05-11T11:57:00+00:00","dateModified":"2026-02-27T14:33:17+00:00","breadcrumb":{"@id":"https:\/\/naturalpoland.com\/tr\/urunler\/gida-hammaddeleri\/uretim-hammaddeleri\/kurutulmus-bogurtlen\/#breadcrumb"},"inLanguage":"tr","potentialAction":[{"@type":"ReadAction","target":["https:\/\/naturalpoland.com\/tr\/urunler\/gida-hammaddeleri\/uretim-hammaddeleri\/kurutulmus-bogurtlen\/"]}]},{"@type":"ImageObject","inLanguage":"tr","@id":"https:\/\/naturalpoland.com\/tr\/urunler\/gida-hammaddeleri\/uretim-hammaddeleri\/kurutulmus-bogurtlen\/#primaryimage","url":"https:\/\/naturalpoland.com\/wp-content\/uploads\/2021\/05\/dried-blackberries-fruit.jpg","contentUrl":"https:\/\/naturalpoland.com\/wp-content\/uploads\/2021\/05\/dried-blackberries-fruit.jpg","width":1920,"height":1280,"caption":"Kurutulmu\u015f b\u00f6\u011f\u00fcrtlen"},{"@type":"BreadcrumbList","@id":"https:\/\/naturalpoland.com\/tr\/urunler\/gida-hammaddeleri\/uretim-hammaddeleri\/kurutulmus-bogurtlen\/#breadcrumb","itemListElement":[{"@type":"ListItem","position":1,"name":"Ana Sayfa","item":"https:\/\/naturalpoland.com\/tr\/"},{"@type":"ListItem","position":2,"name":"\u00dcr\u00fcnler","item":"https:\/\/naturalpoland.com\/tr\/urunler\/"},{"@type":"ListItem","position":3,"name":"Kurutulmu\u015f b\u00f6\u011f\u00fcrtlen"}]},{"@type":"WebSite","@id":"https:\/\/naturalpoland.com\/tr\/#website","url":"https:\/\/naturalpoland.com\/tr\/","name":"NATURAL POLAND - Hurtowy Dystrybutor Surowc\u00f3w","description":"Surowce dla przemys\u0142u spo\u017cywczego, kosmetycznego i farmaceutycznego","publisher":{"@id":"https:\/\/naturalpoland.com\/tr\/#organization"},"potentialAction":[{"@type":"SearchAction","target":{"@type":"EntryPoint","urlTemplate":"https:\/\/naturalpoland.com\/tr\/?s={search_term_string}"},"query-input":{"@type":"PropertyValueSpecification","valueRequired":true,"valueName":"search_term_string"}}],"inLanguage":"tr"},{"@type":"Organization","@id":"https:\/\/naturalpoland.com\/tr\/#organization","name":"Natural Poland","url":"https:\/\/naturalpoland.com\/tr\/","logo":{"@type":"ImageObject","inLanguage":"tr","@id":"https:\/\/naturalpoland.com\/tr\/#\/schema\/logo\/image\/","url":"https:\/\/naturalpoland.com\/wp-content\/uploads\/2021\/05\/natural-poland-icon.png","contentUrl":"https:\/\/naturalpoland.com\/wp-content\/uploads\/2021\/05\/natural-poland-icon.png","width":512,"height":512,"caption":"Natural Poland"},"image":{"@id":"https:\/\/naturalpoland.com\/tr\/#\/schema\/logo\/image\/"},"sameAs":["https:\/\/www.facebook.com\/naturalpoland.b2b","https:\/\/pl.linkedin.com\/company\/natural-poland","https:\/\/www.youtube.com\/channel\/UCgeGGkvOMahZo-xu_MSEWxg"]}]}},"_links":{"self":[{"href":"https:\/\/naturalpoland.com\/tr\/wp-json\/wp\/v2\/product\/46318","targetHints":{"allow":["GET"]}}],"collection":[{"href":"https:\/\/naturalpoland.com\/tr\/wp-json\/wp\/v2\/product"}],"about":[{"href":"https:\/\/naturalpoland.com\/tr\/wp-json\/wp\/v2\/types\/product"}],"wp:featuredmedia":[{"embeddable":true,"href":"https:\/\/naturalpoland.com\/tr\/wp-json\/wp\/v2\/media\/46319"}],"wp:attachment":[{"href":"https:\/\/naturalpoland.com\/tr\/wp-json\/wp\/v2\/media?parent=46318"}],"wp:term":[{"taxonomy":"product_brand","embeddable":true,"href":"https:\/\/naturalpoland.com\/tr\/wp-json\/wp\/v2\/product_brand?post=46318"},{"taxonomy":"product_cat","embeddable":true,"href":"https:\/\/naturalpoland.com\/tr\/wp-json\/wp\/v2\/product_cat?post=46318"},{"taxonomy":"product_tag","embeddable":true,"href":"https:\/\/naturalpoland.com\/tr\/wp-json\/wp\/v2\/product_tag?post=46318"}],"curies":[{"name":"wp","href":"https:\/\/api.w.org\/{rel}","templated":true}]}}