{"id":46326,"date":"2021-05-11T13:56:37","date_gmt":"2021-05-11T11:56:37","guid":{"rendered":"https:\/\/naturalpoland.com\/produkty\/kategorilenmemis\/kurutulmus-kirmizi-gul-yapraklari\/"},"modified":"2026-02-27T15:33:38","modified_gmt":"2026-02-27T14:33:38","slug":"kurutulmus-kirmizi-gul-yapraklari","status":"publish","type":"product","link":"https:\/\/naturalpoland.com\/tr\/urunler\/gida-hammaddeleri\/uretim-hammaddeleri\/kurutulmus-kirmizi-gul-yapraklari\/","title":{"rendered":"Kurutulmu\u015f K\u0131rm\u0131z\u0131 G\u00fcl Yapraklar\u0131"},"content":{"rendered":"<p>Cilt Bak\u0131m Etkisi:<br \/>\nKurutulmu\u015f g\u00fcl yapraklar\u0131 ayn\u0131 zamanda cilt bak\u0131m\u0131 etkisi de sunar. \u00d6ncelikle cildin do\u011fru pH dengesini geri kazand\u0131r\u0131r ve normalle\u015ftirir. Kolajen \u00fcretimini uyar\u0131r ve rahatlat\u0131c\u0131 bir etki sa\u011flar. \u00d6zellikle yorucu bir g\u00fcn\u00fcn ard\u0131ndan rahatlat\u0131c\u0131 ve dinlendirici banyolar i\u00e7in m\u00fckemmel bir katk\u0131d\u0131r. G\u00fcl yapraklar\u0131 cildin nemlenmesine ve p\u00fcr\u00fczs\u00fczle\u015fmesine de yard\u0131mc\u0131 olabilir.    <\/p>\n","protected":false},"excerpt":{"rendered":"<p><strong>Kurutulmu\u015f k\u0131rm\u0131z\u0131 g\u00fcl yapraklar\u0131<\/strong> esas olarak dekoratif ama\u00e7l\u0131 kullan\u0131l\u0131r. Gliserinli sabunlara, banyo toplar\u0131na ve pudralar\u0131na estetik bir katk\u0131 olarak, daha az s\u0131kl\u0131kla da durulama sular\u0131 ve inf\u00fczyonlara eklenirler. G\u00fcl yapraklar\u0131 belirgin bir aromaya ve yo\u011fun bir renge sahiptir. G\u00fcl kokusu sakinle\u015ftirir, yat\u0131\u015ft\u0131r\u0131r ve her durumda romantik bir atmosfer yarat\u0131r.   <\/p>\n","protected":false},"featured_media":46327,"template":"","meta":{"_acf_changed":false},"product_brand":[],"product_cat":[9572],"product_tag":[],"class_list":{"0":"post-46326","1":"product","2":"type-product","3":"status-publish","4":"has-post-thumbnail","6":"product_cat-uretim-hammaddeleri","8":"first","9":"instock","10":"shipping-taxable","11":"product-type-simple"},"acf":[],"yoast_head":"<!-- This site is optimized with the Yoast SEO plugin v27.4 - https:\/\/yoast.com\/product\/yoast-seo-wordpress\/ -->\n<title>Kurutulmu\u015f K\u0131rm\u0131z\u0131 G\u00fcl Yapraklar\u0131 - Hurtowy Dystrybutor<\/title>\n<meta name=\"robots\" content=\"index, follow, max-snippet:-1, max-image-preview:large, max-video-preview:-1\" \/>\n<link rel=\"canonical\" href=\"https:\/\/naturalpoland.com\/tr\/urunler\/gida-hammaddeleri\/uretim-hammaddeleri\/kurutulmus-kirmizi-gul-yapraklari\/\" \/>\n<meta property=\"og:locale\" content=\"tr_TR\" \/>\n<meta property=\"og:type\" content=\"article\" \/>\n<meta property=\"og:title\" content=\"Kurutulmu\u015f K\u0131rm\u0131z\u0131 G\u00fcl Yapraklar\u0131 - Hurtowy Dystrybutor\" \/>\n<meta property=\"og:description\" content=\"Kurutulmu\u015f k\u0131rm\u0131z\u0131 g\u00fcl yapraklar\u0131 esas olarak dekoratif ama\u00e7l\u0131 kullan\u0131l\u0131r. Gliserinli sabunlara, banyo toplar\u0131na ve pudralar\u0131na estetik bir katk\u0131 olarak, daha az s\u0131kl\u0131kla da durulama sular\u0131 ve inf\u00fczyonlara eklenirler. G\u00fcl yapraklar\u0131 belirgin bir aromaya ve yo\u011fun bir renge sahiptir. G\u00fcl kokusu sakinle\u015ftirir, yat\u0131\u015ft\u0131r\u0131r ve her durumda romantik bir atmosfer yarat\u0131r.\" \/>\n<meta property=\"og:url\" content=\"https:\/\/naturalpoland.com\/tr\/urunler\/gida-hammaddeleri\/uretim-hammaddeleri\/kurutulmus-kirmizi-gul-yapraklari\/\" \/>\n<meta property=\"og:site_name\" content=\"NATURAL POLAND - Hurtowy Dystrybutor Surowc\u00f3w\" \/>\n<meta property=\"article:publisher\" content=\"https:\/\/www.facebook.com\/naturalpoland.b2b\" \/>\n<meta property=\"article:modified_time\" content=\"2026-02-27T14:33:38+00:00\" \/>\n<meta property=\"og:image\" content=\"https:\/\/naturalpoland.com\/wp-content\/uploads\/2021\/05\/dried-red-rose-petals.jpg\" \/>\n\t<meta property=\"og:image:width\" content=\"1023\" \/>\n\t<meta property=\"og:image:height\" content=\"1041\" \/>\n\t<meta property=\"og:image:type\" content=\"image\/jpeg\" \/>\n<script type=\"application\/ld+json\" class=\"yoast-schema-graph\">{\"@context\":\"https:\\\/\\\/schema.org\",\"@graph\":[{\"@type\":\"WebPage\",\"@id\":\"https:\\\/\\\/naturalpoland.com\\\/tr\\\/urunler\\\/gida-hammaddeleri\\\/uretim-hammaddeleri\\\/kurutulmus-kirmizi-gul-yapraklari\\\/\",\"url\":\"https:\\\/\\\/naturalpoland.com\\\/tr\\\/urunler\\\/gida-hammaddeleri\\\/uretim-hammaddeleri\\\/kurutulmus-kirmizi-gul-yapraklari\\\/\",\"name\":\"Kurutulmu\u015f K\u0131rm\u0131z\u0131 G\u00fcl Yapraklar\u0131 - Hurtowy Dystrybutor\",\"isPartOf\":{\"@id\":\"https:\\\/\\\/naturalpoland.com\\\/tr\\\/#website\"},\"primaryImageOfPage\":{\"@id\":\"https:\\\/\\\/naturalpoland.com\\\/tr\\\/urunler\\\/gida-hammaddeleri\\\/uretim-hammaddeleri\\\/kurutulmus-kirmizi-gul-yapraklari\\\/#primaryimage\"},\"image\":{\"@id\":\"https:\\\/\\\/naturalpoland.com\\\/tr\\\/urunler\\\/gida-hammaddeleri\\\/uretim-hammaddeleri\\\/kurutulmus-kirmizi-gul-yapraklari\\\/#primaryimage\"},\"thumbnailUrl\":\"https:\\\/\\\/naturalpoland.com\\\/wp-content\\\/uploads\\\/2021\\\/05\\\/dried-red-rose-petals.jpg\",\"datePublished\":\"2021-05-11T11:56:37+00:00\",\"dateModified\":\"2026-02-27T14:33:38+00:00\",\"breadcrumb\":{\"@id\":\"https:\\\/\\\/naturalpoland.com\\\/tr\\\/urunler\\\/gida-hammaddeleri\\\/uretim-hammaddeleri\\\/kurutulmus-kirmizi-gul-yapraklari\\\/#breadcrumb\"},\"inLanguage\":\"tr\",\"potentialAction\":[{\"@type\":\"ReadAction\",\"target\":[\"https:\\\/\\\/naturalpoland.com\\\/tr\\\/urunler\\\/gida-hammaddeleri\\\/uretim-hammaddeleri\\\/kurutulmus-kirmizi-gul-yapraklari\\\/\"]}]},{\"@type\":\"ImageObject\",\"inLanguage\":\"tr\",\"@id\":\"https:\\\/\\\/naturalpoland.com\\\/tr\\\/urunler\\\/gida-hammaddeleri\\\/uretim-hammaddeleri\\\/kurutulmus-kirmizi-gul-yapraklari\\\/#primaryimage\",\"url\":\"https:\\\/\\\/naturalpoland.com\\\/wp-content\\\/uploads\\\/2021\\\/05\\\/dried-red-rose-petals.jpg\",\"contentUrl\":\"https:\\\/\\\/naturalpoland.com\\\/wp-content\\\/uploads\\\/2021\\\/05\\\/dried-red-rose-petals.jpg\",\"width\":1023,\"height\":1041,\"caption\":\"Kurutulmu\u015f K\u0131rm\u0131z\u0131 G\u00fcl Yapraklar\u0131\"},{\"@type\":\"BreadcrumbList\",\"@id\":\"https:\\\/\\\/naturalpoland.com\\\/tr\\\/urunler\\\/gida-hammaddeleri\\\/uretim-hammaddeleri\\\/kurutulmus-kirmizi-gul-yapraklari\\\/#breadcrumb\",\"itemListElement\":[{\"@type\":\"ListItem\",\"position\":1,\"name\":\"Ana Sayfa\",\"item\":\"https:\\\/\\\/naturalpoland.com\\\/tr\\\/\"},{\"@type\":\"ListItem\",\"position\":2,\"name\":\"\u00dcr\u00fcnler\",\"item\":\"https:\\\/\\\/naturalpoland.com\\\/tr\\\/urunler\\\/\"},{\"@type\":\"ListItem\",\"position\":3,\"name\":\"Kurutulmu\u015f K\u0131rm\u0131z\u0131 G\u00fcl Yapraklar\u0131\"}]},{\"@type\":\"WebSite\",\"@id\":\"https:\\\/\\\/naturalpoland.com\\\/tr\\\/#website\",\"url\":\"https:\\\/\\\/naturalpoland.com\\\/tr\\\/\",\"name\":\"NATURAL POLAND - Hurtowy Dystrybutor Surowc\u00f3w\",\"description\":\"Surowce dla przemys\u0142u spo\u017cywczego, kosmetycznego i farmaceutycznego\",\"publisher\":{\"@id\":\"https:\\\/\\\/naturalpoland.com\\\/tr\\\/#organization\"},\"potentialAction\":[{\"@type\":\"SearchAction\",\"target\":{\"@type\":\"EntryPoint\",\"urlTemplate\":\"https:\\\/\\\/naturalpoland.com\\\/tr\\\/?s={search_term_string}\"},\"query-input\":{\"@type\":\"PropertyValueSpecification\",\"valueRequired\":true,\"valueName\":\"search_term_string\"}}],\"inLanguage\":\"tr\"},{\"@type\":\"Organization\",\"@id\":\"https:\\\/\\\/naturalpoland.com\\\/tr\\\/#organization\",\"name\":\"Natural Poland\",\"url\":\"https:\\\/\\\/naturalpoland.com\\\/tr\\\/\",\"logo\":{\"@type\":\"ImageObject\",\"inLanguage\":\"tr\",\"@id\":\"https:\\\/\\\/naturalpoland.com\\\/tr\\\/#\\\/schema\\\/logo\\\/image\\\/\",\"url\":\"https:\\\/\\\/naturalpoland.com\\\/wp-content\\\/uploads\\\/2021\\\/05\\\/natural-poland-icon.png\",\"contentUrl\":\"https:\\\/\\\/naturalpoland.com\\\/wp-content\\\/uploads\\\/2021\\\/05\\\/natural-poland-icon.png\",\"width\":512,\"height\":512,\"caption\":\"Natural Poland\"},\"image\":{\"@id\":\"https:\\\/\\\/naturalpoland.com\\\/tr\\\/#\\\/schema\\\/logo\\\/image\\\/\"},\"sameAs\":[\"https:\\\/\\\/www.facebook.com\\\/naturalpoland.b2b\",\"https:\\\/\\\/pl.linkedin.com\\\/company\\\/natural-poland\",\"https:\\\/\\\/www.youtube.com\\\/channel\\\/UCgeGGkvOMahZo-xu_MSEWxg\"]}]}<\/script>\n<!-- \/ Yoast SEO plugin. -->","yoast_head_json":{"title":"Kurutulmu\u015f K\u0131rm\u0131z\u0131 G\u00fcl Yapraklar\u0131 - Hurtowy Dystrybutor","robots":{"index":"index","follow":"follow","max-snippet":"max-snippet:-1","max-image-preview":"max-image-preview:large","max-video-preview":"max-video-preview:-1"},"canonical":"https:\/\/naturalpoland.com\/tr\/urunler\/gida-hammaddeleri\/uretim-hammaddeleri\/kurutulmus-kirmizi-gul-yapraklari\/","og_locale":"tr_TR","og_type":"article","og_title":"Kurutulmu\u015f K\u0131rm\u0131z\u0131 G\u00fcl Yapraklar\u0131 - Hurtowy Dystrybutor","og_description":"Kurutulmu\u015f k\u0131rm\u0131z\u0131 g\u00fcl yapraklar\u0131 esas olarak dekoratif ama\u00e7l\u0131 kullan\u0131l\u0131r. Gliserinli sabunlara, banyo toplar\u0131na ve pudralar\u0131na estetik bir katk\u0131 olarak, daha az s\u0131kl\u0131kla da durulama sular\u0131 ve inf\u00fczyonlara eklenirler. G\u00fcl yapraklar\u0131 belirgin bir aromaya ve yo\u011fun bir renge sahiptir. G\u00fcl kokusu sakinle\u015ftirir, yat\u0131\u015ft\u0131r\u0131r ve her durumda romantik bir atmosfer yarat\u0131r.","og_url":"https:\/\/naturalpoland.com\/tr\/urunler\/gida-hammaddeleri\/uretim-hammaddeleri\/kurutulmus-kirmizi-gul-yapraklari\/","og_site_name":"NATURAL POLAND - Hurtowy Dystrybutor Surowc\u00f3w","article_publisher":"https:\/\/www.facebook.com\/naturalpoland.b2b","article_modified_time":"2026-02-27T14:33:38+00:00","og_image":[{"width":1023,"height":1041,"url":"https:\/\/naturalpoland.com\/wp-content\/uploads\/2021\/05\/dried-red-rose-petals.jpg","type":"image\/jpeg"}],"schema":{"@context":"https:\/\/schema.org","@graph":[{"@type":"WebPage","@id":"https:\/\/naturalpoland.com\/tr\/urunler\/gida-hammaddeleri\/uretim-hammaddeleri\/kurutulmus-kirmizi-gul-yapraklari\/","url":"https:\/\/naturalpoland.com\/tr\/urunler\/gida-hammaddeleri\/uretim-hammaddeleri\/kurutulmus-kirmizi-gul-yapraklari\/","name":"Kurutulmu\u015f K\u0131rm\u0131z\u0131 G\u00fcl Yapraklar\u0131 - Hurtowy Dystrybutor","isPartOf":{"@id":"https:\/\/naturalpoland.com\/tr\/#website"},"primaryImageOfPage":{"@id":"https:\/\/naturalpoland.com\/tr\/urunler\/gida-hammaddeleri\/uretim-hammaddeleri\/kurutulmus-kirmizi-gul-yapraklari\/#primaryimage"},"image":{"@id":"https:\/\/naturalpoland.com\/tr\/urunler\/gida-hammaddeleri\/uretim-hammaddeleri\/kurutulmus-kirmizi-gul-yapraklari\/#primaryimage"},"thumbnailUrl":"https:\/\/naturalpoland.com\/wp-content\/uploads\/2021\/05\/dried-red-rose-petals.jpg","datePublished":"2021-05-11T11:56:37+00:00","dateModified":"2026-02-27T14:33:38+00:00","breadcrumb":{"@id":"https:\/\/naturalpoland.com\/tr\/urunler\/gida-hammaddeleri\/uretim-hammaddeleri\/kurutulmus-kirmizi-gul-yapraklari\/#breadcrumb"},"inLanguage":"tr","potentialAction":[{"@type":"ReadAction","target":["https:\/\/naturalpoland.com\/tr\/urunler\/gida-hammaddeleri\/uretim-hammaddeleri\/kurutulmus-kirmizi-gul-yapraklari\/"]}]},{"@type":"ImageObject","inLanguage":"tr","@id":"https:\/\/naturalpoland.com\/tr\/urunler\/gida-hammaddeleri\/uretim-hammaddeleri\/kurutulmus-kirmizi-gul-yapraklari\/#primaryimage","url":"https:\/\/naturalpoland.com\/wp-content\/uploads\/2021\/05\/dried-red-rose-petals.jpg","contentUrl":"https:\/\/naturalpoland.com\/wp-content\/uploads\/2021\/05\/dried-red-rose-petals.jpg","width":1023,"height":1041,"caption":"Kurutulmu\u015f K\u0131rm\u0131z\u0131 G\u00fcl Yapraklar\u0131"},{"@type":"BreadcrumbList","@id":"https:\/\/naturalpoland.com\/tr\/urunler\/gida-hammaddeleri\/uretim-hammaddeleri\/kurutulmus-kirmizi-gul-yapraklari\/#breadcrumb","itemListElement":[{"@type":"ListItem","position":1,"name":"Ana Sayfa","item":"https:\/\/naturalpoland.com\/tr\/"},{"@type":"ListItem","position":2,"name":"\u00dcr\u00fcnler","item":"https:\/\/naturalpoland.com\/tr\/urunler\/"},{"@type":"ListItem","position":3,"name":"Kurutulmu\u015f K\u0131rm\u0131z\u0131 G\u00fcl Yapraklar\u0131"}]},{"@type":"WebSite","@id":"https:\/\/naturalpoland.com\/tr\/#website","url":"https:\/\/naturalpoland.com\/tr\/","name":"NATURAL POLAND - Hurtowy Dystrybutor Surowc\u00f3w","description":"Surowce dla przemys\u0142u spo\u017cywczego, kosmetycznego i farmaceutycznego","publisher":{"@id":"https:\/\/naturalpoland.com\/tr\/#organization"},"potentialAction":[{"@type":"SearchAction","target":{"@type":"EntryPoint","urlTemplate":"https:\/\/naturalpoland.com\/tr\/?s={search_term_string}"},"query-input":{"@type":"PropertyValueSpecification","valueRequired":true,"valueName":"search_term_string"}}],"inLanguage":"tr"},{"@type":"Organization","@id":"https:\/\/naturalpoland.com\/tr\/#organization","name":"Natural Poland","url":"https:\/\/naturalpoland.com\/tr\/","logo":{"@type":"ImageObject","inLanguage":"tr","@id":"https:\/\/naturalpoland.com\/tr\/#\/schema\/logo\/image\/","url":"https:\/\/naturalpoland.com\/wp-content\/uploads\/2021\/05\/natural-poland-icon.png","contentUrl":"https:\/\/naturalpoland.com\/wp-content\/uploads\/2021\/05\/natural-poland-icon.png","width":512,"height":512,"caption":"Natural Poland"},"image":{"@id":"https:\/\/naturalpoland.com\/tr\/#\/schema\/logo\/image\/"},"sameAs":["https:\/\/www.facebook.com\/naturalpoland.b2b","https:\/\/pl.linkedin.com\/company\/natural-poland","https:\/\/www.youtube.com\/channel\/UCgeGGkvOMahZo-xu_MSEWxg"]}]}},"_links":{"self":[{"href":"https:\/\/naturalpoland.com\/tr\/wp-json\/wp\/v2\/product\/46326","targetHints":{"allow":["GET"]}}],"collection":[{"href":"https:\/\/naturalpoland.com\/tr\/wp-json\/wp\/v2\/product"}],"about":[{"href":"https:\/\/naturalpoland.com\/tr\/wp-json\/wp\/v2\/types\/product"}],"wp:featuredmedia":[{"embeddable":true,"href":"https:\/\/naturalpoland.com\/tr\/wp-json\/wp\/v2\/media\/46327"}],"wp:attachment":[{"href":"https:\/\/naturalpoland.com\/tr\/wp-json\/wp\/v2\/media?parent=46326"}],"wp:term":[{"taxonomy":"product_brand","embeddable":true,"href":"https:\/\/naturalpoland.com\/tr\/wp-json\/wp\/v2\/product_brand?post=46326"},{"taxonomy":"product_cat","embeddable":true,"href":"https:\/\/naturalpoland.com\/tr\/wp-json\/wp\/v2\/product_cat?post=46326"},{"taxonomy":"product_tag","embeddable":true,"href":"https:\/\/naturalpoland.com\/tr\/wp-json\/wp\/v2\/product_tag?post=46326"}],"curies":[{"name":"wp","href":"https:\/\/api.w.org\/{rel}","templated":true}]}}