{"id":46332,"date":"2023-08-10T10:30:34","date_gmt":"2023-08-10T08:30:34","guid":{"rendered":"https:\/\/naturalpoland.com\/produkty\/kategorilenmemis\/kopekler-ve-kediler-icin-kurutulmus-balik-atistirmaliklari\/"},"modified":"2026-02-27T15:33:57","modified_gmt":"2026-02-27T14:33:57","slug":"kopekler-ve-kediler-icin-kurutulmus-balik-atistirmaliklari","status":"publish","type":"product","link":"https:\/\/naturalpoland.com\/tr\/urunler\/hayvanlar-icin-hammaddeler\/kopekler-ve-kediler-icin-kurutulmus-balik-atistirmaliklari\/","title":{"rendered":"K\u00f6pekler ve kediler i\u00e7in kurutulmu\u015f bal\u0131k at\u0131\u015ft\u0131rmal\u0131klar\u0131"},"content":{"rendered":"<ul>\n<li><strong>Y\u0131lan bal\u0131\u011f\u0131<\/strong>: Derin bir lezzet profili sunan y\u0131lan bal\u0131\u011f\u0131, gerekli amino asitlerin tam spektrumunu sa\u011flar ve m\u00fckemmel bir B grubu vitamin kayna\u011f\u0131d\u0131r.<\/li>\n<li><strong>Hamsi<\/strong>: Bu k\u00fc\u00e7\u00fck bal\u0131klar, hayvanlar\u0131n cilt ve t\u00fcy sa\u011fl\u0131\u011f\u0131n\u0131 destekleyen zengin bir omega-3 kayna\u011f\u0131d\u0131r.<\/li>\n<li><strong>Bombay \u00d6rde\u011fi<\/strong>: Narin ve hafif tad\u0131yla bilinen bu bal\u0131k, zengin bir fosfor ve protein kayna\u011f\u0131d\u0131r.<\/li>\n<li><strong>Bombay \u00d6rde\u011fi Filetosu<\/strong>: En se\u00e7ici hayvanlar\u0131n bile be\u011fenece\u011fi, narin dokulu, y\u00fcksek kaliteli bal\u0131k proteini.<\/li>\n<li><strong>Karides<\/strong>: Astaksantin ve \u00e7inko a\u00e7\u0131s\u0131ndan zengin olan karides, ideal bir mineral kayna\u011f\u0131d\u0131r.<\/li>\n<li><strong>Alt\u0131n Hamsi<\/strong>: E\u015fsiz renkleriyle \u00f6ne \u00e7\u0131kan bu bal\u0131klar, sadece \u00e7ekici de\u011fil, ayn\u0131 zamanda besin a\u00e7\u0131s\u0131ndan da zengindir.<\/li>\n<li><strong>Morina<\/strong>: Morinan\u0131n narin eti, m\u00fckemmel bir B12 vitamini ve iyot kayna\u011f\u0131d\u0131r.<\/li>\n<li><strong>Kertenkele Bal\u0131\u011f\u0131 (Lizardfish)<\/strong>: \u0130lgin\u00e7 bir dokuya sahip bu e\u015fsiz bal\u0131klar, y\u00fcksek miktarda protein sa\u011flar.<\/li>\n<li><strong>Omena<\/strong>: Ya\u011f asitleri ve protein a\u00e7\u0131s\u0131ndan zengin, k\u00fc\u00e7\u00fck g\u00fcm\u00fc\u015fi bal\u0131klar.<\/li>\n<li><strong>Dil Bal\u0131\u011f\u0131 Filetosu<\/strong>: Narin tad\u0131yla \u00f6ne \u00e7\u0131kan dil bal\u0131\u011f\u0131 filetosu, zengin bir potasyum ve magnezyum kayna\u011f\u0131d\u0131r.<\/li>\n<li><strong>SD \u00c7a\u00e7a<\/strong>: Bu kurutulmu\u015f bal\u0131klar, cilt sa\u011fl\u0131\u011f\u0131n\u0131 iyile\u015ftirmekten kalp fonksiyonlar\u0131n\u0131 desteklemeye kadar tam bir sa\u011fl\u0131k faydas\u0131 yelpazesi sunar.<\/li>\n<\/ul>\n","protected":false},"excerpt":{"rendered":"<p>K\u00f6pekler ve kediler i\u00e7in kurutulmu\u015f bal\u0131k at\u0131\u015ft\u0131rmal\u0131klar\u0131, geleneksel bile\u015fenleri modern kurutma s\u00fcreciyle birle\u015ftirerek hayvan beslenmesine yenilik\u00e7i bir yakla\u015f\u0131m sunar.<\/p>\n","protected":false},"featured_media":46333,"template":"","meta":{"_acf_changed":false},"product_brand":[],"product_cat":[9536],"product_tag":[],"class_list":{"0":"post-46332","1":"product","2":"type-product","3":"status-publish","4":"has-post-thumbnail","6":"product_cat-hayvanlar-icin-hammaddeler","8":"first","9":"instock","10":"shipping-taxable","11":"product-type-simple"},"acf":[],"yoast_head":"<!-- This site is optimized with the Yoast SEO plugin v27.4 - https:\/\/yoast.com\/product\/yoast-seo-wordpress\/ -->\n<title>K\u00f6pekler ve kediler i\u00e7in kurutulmu\u015f bal\u0131k at\u0131\u015ft\u0131rmal\u0131klar\u0131 - Hurtowy Dystrybutor<\/title>\n<meta name=\"description\" content=\"K\u00f6pekler ve kediler i\u00e7in kurutulmu\u015f bal\u0131k at\u0131\u015ft\u0131rmal\u0131klar\u0131, geleneksel bile\u015fenleri kurutma s\u00fcreciyle birle\u015ftirerek hayvan beslenmesine yenilik\u00e7i bir yakla\u015f\u0131m sunar.\" \/>\n<meta name=\"robots\" content=\"index, follow, max-snippet:-1, max-image-preview:large, max-video-preview:-1\" \/>\n<link rel=\"canonical\" href=\"https:\/\/naturalpoland.com\/tr\/urunler\/hayvanlar-icin-hammaddeler\/kopekler-ve-kediler-icin-kurutulmus-balik-atistirmaliklari\/\" \/>\n<meta property=\"og:locale\" content=\"tr_TR\" \/>\n<meta property=\"og:type\" content=\"article\" \/>\n<meta property=\"og:title\" content=\"K\u00f6pekler ve kediler i\u00e7in kurutulmu\u015f bal\u0131k at\u0131\u015ft\u0131rmal\u0131klar\u0131 - Hurtowy Dystrybutor\" \/>\n<meta property=\"og:description\" content=\"K\u00f6pekler ve kediler i\u00e7in kurutulmu\u015f bal\u0131k at\u0131\u015ft\u0131rmal\u0131klar\u0131, geleneksel bile\u015fenleri kurutma s\u00fcreciyle birle\u015ftirerek hayvan beslenmesine yenilik\u00e7i bir yakla\u015f\u0131m sunar.\" \/>\n<meta property=\"og:url\" content=\"https:\/\/naturalpoland.com\/tr\/urunler\/hayvanlar-icin-hammaddeler\/kopekler-ve-kediler-icin-kurutulmus-balik-atistirmaliklari\/\" \/>\n<meta property=\"og:site_name\" content=\"NATURAL POLAND - Hurtowy Dystrybutor Surowc\u00f3w\" \/>\n<meta property=\"article:publisher\" content=\"https:\/\/www.facebook.com\/naturalpoland.b2b\" \/>\n<meta property=\"article:modified_time\" content=\"2026-02-27T14:33:57+00:00\" \/>\n<meta property=\"og:image\" content=\"https:\/\/naturalpoland.com\/wp-content\/uploads\/suszone-przekaski-rybne-dla-psow-i-kotow.jpg\" \/>\n\t<meta property=\"og:image:width\" content=\"600\" \/>\n\t<meta property=\"og:image:height\" content=\"600\" \/>\n\t<meta property=\"og:image:type\" content=\"image\/jpeg\" \/>\n<script type=\"application\/ld+json\" class=\"yoast-schema-graph\">{\"@context\":\"https:\\\/\\\/schema.org\",\"@graph\":[{\"@type\":\"WebPage\",\"@id\":\"https:\\\/\\\/naturalpoland.com\\\/tr\\\/urunler\\\/hayvanlar-icin-hammaddeler\\\/kopekler-ve-kediler-icin-kurutulmus-balik-atistirmaliklari\\\/\",\"url\":\"https:\\\/\\\/naturalpoland.com\\\/tr\\\/urunler\\\/hayvanlar-icin-hammaddeler\\\/kopekler-ve-kediler-icin-kurutulmus-balik-atistirmaliklari\\\/\",\"name\":\"K\u00f6pekler ve kediler i\u00e7in kurutulmu\u015f bal\u0131k at\u0131\u015ft\u0131rmal\u0131klar\u0131 - Hurtowy Dystrybutor\",\"isPartOf\":{\"@id\":\"https:\\\/\\\/naturalpoland.com\\\/tr\\\/#website\"},\"primaryImageOfPage\":{\"@id\":\"https:\\\/\\\/naturalpoland.com\\\/tr\\\/urunler\\\/hayvanlar-icin-hammaddeler\\\/kopekler-ve-kediler-icin-kurutulmus-balik-atistirmaliklari\\\/#primaryimage\"},\"image\":{\"@id\":\"https:\\\/\\\/naturalpoland.com\\\/tr\\\/urunler\\\/hayvanlar-icin-hammaddeler\\\/kopekler-ve-kediler-icin-kurutulmus-balik-atistirmaliklari\\\/#primaryimage\"},\"thumbnailUrl\":\"https:\\\/\\\/naturalpoland.com\\\/wp-content\\\/uploads\\\/suszone-przekaski-rybne-dla-psow-i-kotow.jpg\",\"datePublished\":\"2023-08-10T08:30:34+00:00\",\"dateModified\":\"2026-02-27T14:33:57+00:00\",\"description\":\"K\u00f6pekler ve kediler i\u00e7in kurutulmu\u015f bal\u0131k at\u0131\u015ft\u0131rmal\u0131klar\u0131, geleneksel bile\u015fenleri kurutma s\u00fcreciyle birle\u015ftirerek hayvan beslenmesine yenilik\u00e7i bir yakla\u015f\u0131m sunar.\",\"breadcrumb\":{\"@id\":\"https:\\\/\\\/naturalpoland.com\\\/tr\\\/urunler\\\/hayvanlar-icin-hammaddeler\\\/kopekler-ve-kediler-icin-kurutulmus-balik-atistirmaliklari\\\/#breadcrumb\"},\"inLanguage\":\"tr\",\"potentialAction\":[{\"@type\":\"ReadAction\",\"target\":[\"https:\\\/\\\/naturalpoland.com\\\/tr\\\/urunler\\\/hayvanlar-icin-hammaddeler\\\/kopekler-ve-kediler-icin-kurutulmus-balik-atistirmaliklari\\\/\"]}]},{\"@type\":\"ImageObject\",\"inLanguage\":\"tr\",\"@id\":\"https:\\\/\\\/naturalpoland.com\\\/tr\\\/urunler\\\/hayvanlar-icin-hammaddeler\\\/kopekler-ve-kediler-icin-kurutulmus-balik-atistirmaliklari\\\/#primaryimage\",\"url\":\"https:\\\/\\\/naturalpoland.com\\\/wp-content\\\/uploads\\\/suszone-przekaski-rybne-dla-psow-i-kotow.jpg\",\"contentUrl\":\"https:\\\/\\\/naturalpoland.com\\\/wp-content\\\/uploads\\\/suszone-przekaski-rybne-dla-psow-i-kotow.jpg\",\"width\":600,\"height\":600,\"caption\":\"k\u00f6pekler ve kediler i\u00e7in kurutulmu\u015f bal\u0131k at\u0131\u015ft\u0131rmal\u0131klar\u0131\"},{\"@type\":\"BreadcrumbList\",\"@id\":\"https:\\\/\\\/naturalpoland.com\\\/tr\\\/urunler\\\/hayvanlar-icin-hammaddeler\\\/kopekler-ve-kediler-icin-kurutulmus-balik-atistirmaliklari\\\/#breadcrumb\",\"itemListElement\":[{\"@type\":\"ListItem\",\"position\":1,\"name\":\"Ana Sayfa\",\"item\":\"https:\\\/\\\/naturalpoland.com\\\/tr\\\/\"},{\"@type\":\"ListItem\",\"position\":2,\"name\":\"\u00dcr\u00fcnler\",\"item\":\"https:\\\/\\\/naturalpoland.com\\\/tr\\\/urunler\\\/\"},{\"@type\":\"ListItem\",\"position\":3,\"name\":\"K\u00f6pekler ve kediler i\u00e7in kurutulmu\u015f bal\u0131k at\u0131\u015ft\u0131rmal\u0131klar\u0131\"}]},{\"@type\":\"WebSite\",\"@id\":\"https:\\\/\\\/naturalpoland.com\\\/tr\\\/#website\",\"url\":\"https:\\\/\\\/naturalpoland.com\\\/tr\\\/\",\"name\":\"NATURAL POLAND - Hurtowy Dystrybutor Surowc\u00f3w\",\"description\":\"Surowce dla przemys\u0142u spo\u017cywczego, kosmetycznego i farmaceutycznego\",\"publisher\":{\"@id\":\"https:\\\/\\\/naturalpoland.com\\\/tr\\\/#organization\"},\"potentialAction\":[{\"@type\":\"SearchAction\",\"target\":{\"@type\":\"EntryPoint\",\"urlTemplate\":\"https:\\\/\\\/naturalpoland.com\\\/tr\\\/?s={search_term_string}\"},\"query-input\":{\"@type\":\"PropertyValueSpecification\",\"valueRequired\":true,\"valueName\":\"search_term_string\"}}],\"inLanguage\":\"tr\"},{\"@type\":\"Organization\",\"@id\":\"https:\\\/\\\/naturalpoland.com\\\/tr\\\/#organization\",\"name\":\"Natural Poland\",\"url\":\"https:\\\/\\\/naturalpoland.com\\\/tr\\\/\",\"logo\":{\"@type\":\"ImageObject\",\"inLanguage\":\"tr\",\"@id\":\"https:\\\/\\\/naturalpoland.com\\\/tr\\\/#\\\/schema\\\/logo\\\/image\\\/\",\"url\":\"https:\\\/\\\/naturalpoland.com\\\/wp-content\\\/uploads\\\/2021\\\/05\\\/natural-poland-icon.png\",\"contentUrl\":\"https:\\\/\\\/naturalpoland.com\\\/wp-content\\\/uploads\\\/2021\\\/05\\\/natural-poland-icon.png\",\"width\":512,\"height\":512,\"caption\":\"Natural Poland\"},\"image\":{\"@id\":\"https:\\\/\\\/naturalpoland.com\\\/tr\\\/#\\\/schema\\\/logo\\\/image\\\/\"},\"sameAs\":[\"https:\\\/\\\/www.facebook.com\\\/naturalpoland.b2b\",\"https:\\\/\\\/pl.linkedin.com\\\/company\\\/natural-poland\",\"https:\\\/\\\/www.youtube.com\\\/channel\\\/UCgeGGkvOMahZo-xu_MSEWxg\"]}]}<\/script>\n<!-- \/ Yoast SEO plugin. -->","yoast_head_json":{"title":"K\u00f6pekler ve kediler i\u00e7in kurutulmu\u015f bal\u0131k at\u0131\u015ft\u0131rmal\u0131klar\u0131 - Hurtowy Dystrybutor","description":"K\u00f6pekler ve kediler i\u00e7in kurutulmu\u015f bal\u0131k at\u0131\u015ft\u0131rmal\u0131klar\u0131, geleneksel bile\u015fenleri kurutma s\u00fcreciyle birle\u015ftirerek hayvan beslenmesine yenilik\u00e7i bir yakla\u015f\u0131m sunar.","robots":{"index":"index","follow":"follow","max-snippet":"max-snippet:-1","max-image-preview":"max-image-preview:large","max-video-preview":"max-video-preview:-1"},"canonical":"https:\/\/naturalpoland.com\/tr\/urunler\/hayvanlar-icin-hammaddeler\/kopekler-ve-kediler-icin-kurutulmus-balik-atistirmaliklari\/","og_locale":"tr_TR","og_type":"article","og_title":"K\u00f6pekler ve kediler i\u00e7in kurutulmu\u015f bal\u0131k at\u0131\u015ft\u0131rmal\u0131klar\u0131 - Hurtowy Dystrybutor","og_description":"K\u00f6pekler ve kediler i\u00e7in kurutulmu\u015f bal\u0131k at\u0131\u015ft\u0131rmal\u0131klar\u0131, geleneksel bile\u015fenleri kurutma s\u00fcreciyle birle\u015ftirerek hayvan beslenmesine yenilik\u00e7i bir yakla\u015f\u0131m sunar.","og_url":"https:\/\/naturalpoland.com\/tr\/urunler\/hayvanlar-icin-hammaddeler\/kopekler-ve-kediler-icin-kurutulmus-balik-atistirmaliklari\/","og_site_name":"NATURAL POLAND - Hurtowy Dystrybutor Surowc\u00f3w","article_publisher":"https:\/\/www.facebook.com\/naturalpoland.b2b","article_modified_time":"2026-02-27T14:33:57+00:00","og_image":[{"width":600,"height":600,"url":"https:\/\/naturalpoland.com\/wp-content\/uploads\/suszone-przekaski-rybne-dla-psow-i-kotow.jpg","type":"image\/jpeg"}],"schema":{"@context":"https:\/\/schema.org","@graph":[{"@type":"WebPage","@id":"https:\/\/naturalpoland.com\/tr\/urunler\/hayvanlar-icin-hammaddeler\/kopekler-ve-kediler-icin-kurutulmus-balik-atistirmaliklari\/","url":"https:\/\/naturalpoland.com\/tr\/urunler\/hayvanlar-icin-hammaddeler\/kopekler-ve-kediler-icin-kurutulmus-balik-atistirmaliklari\/","name":"K\u00f6pekler ve kediler i\u00e7in kurutulmu\u015f bal\u0131k at\u0131\u015ft\u0131rmal\u0131klar\u0131 - Hurtowy Dystrybutor","isPartOf":{"@id":"https:\/\/naturalpoland.com\/tr\/#website"},"primaryImageOfPage":{"@id":"https:\/\/naturalpoland.com\/tr\/urunler\/hayvanlar-icin-hammaddeler\/kopekler-ve-kediler-icin-kurutulmus-balik-atistirmaliklari\/#primaryimage"},"image":{"@id":"https:\/\/naturalpoland.com\/tr\/urunler\/hayvanlar-icin-hammaddeler\/kopekler-ve-kediler-icin-kurutulmus-balik-atistirmaliklari\/#primaryimage"},"thumbnailUrl":"https:\/\/naturalpoland.com\/wp-content\/uploads\/suszone-przekaski-rybne-dla-psow-i-kotow.jpg","datePublished":"2023-08-10T08:30:34+00:00","dateModified":"2026-02-27T14:33:57+00:00","description":"K\u00f6pekler ve kediler i\u00e7in kurutulmu\u015f bal\u0131k at\u0131\u015ft\u0131rmal\u0131klar\u0131, geleneksel bile\u015fenleri kurutma s\u00fcreciyle birle\u015ftirerek hayvan beslenmesine yenilik\u00e7i bir yakla\u015f\u0131m sunar.","breadcrumb":{"@id":"https:\/\/naturalpoland.com\/tr\/urunler\/hayvanlar-icin-hammaddeler\/kopekler-ve-kediler-icin-kurutulmus-balik-atistirmaliklari\/#breadcrumb"},"inLanguage":"tr","potentialAction":[{"@type":"ReadAction","target":["https:\/\/naturalpoland.com\/tr\/urunler\/hayvanlar-icin-hammaddeler\/kopekler-ve-kediler-icin-kurutulmus-balik-atistirmaliklari\/"]}]},{"@type":"ImageObject","inLanguage":"tr","@id":"https:\/\/naturalpoland.com\/tr\/urunler\/hayvanlar-icin-hammaddeler\/kopekler-ve-kediler-icin-kurutulmus-balik-atistirmaliklari\/#primaryimage","url":"https:\/\/naturalpoland.com\/wp-content\/uploads\/suszone-przekaski-rybne-dla-psow-i-kotow.jpg","contentUrl":"https:\/\/naturalpoland.com\/wp-content\/uploads\/suszone-przekaski-rybne-dla-psow-i-kotow.jpg","width":600,"height":600,"caption":"k\u00f6pekler ve kediler i\u00e7in kurutulmu\u015f bal\u0131k at\u0131\u015ft\u0131rmal\u0131klar\u0131"},{"@type":"BreadcrumbList","@id":"https:\/\/naturalpoland.com\/tr\/urunler\/hayvanlar-icin-hammaddeler\/kopekler-ve-kediler-icin-kurutulmus-balik-atistirmaliklari\/#breadcrumb","itemListElement":[{"@type":"ListItem","position":1,"name":"Ana Sayfa","item":"https:\/\/naturalpoland.com\/tr\/"},{"@type":"ListItem","position":2,"name":"\u00dcr\u00fcnler","item":"https:\/\/naturalpoland.com\/tr\/urunler\/"},{"@type":"ListItem","position":3,"name":"K\u00f6pekler ve kediler i\u00e7in kurutulmu\u015f bal\u0131k at\u0131\u015ft\u0131rmal\u0131klar\u0131"}]},{"@type":"WebSite","@id":"https:\/\/naturalpoland.com\/tr\/#website","url":"https:\/\/naturalpoland.com\/tr\/","name":"NATURAL POLAND - Hurtowy Dystrybutor Surowc\u00f3w","description":"Surowce dla przemys\u0142u spo\u017cywczego, kosmetycznego i farmaceutycznego","publisher":{"@id":"https:\/\/naturalpoland.com\/tr\/#organization"},"potentialAction":[{"@type":"SearchAction","target":{"@type":"EntryPoint","urlTemplate":"https:\/\/naturalpoland.com\/tr\/?s={search_term_string}"},"query-input":{"@type":"PropertyValueSpecification","valueRequired":true,"valueName":"search_term_string"}}],"inLanguage":"tr"},{"@type":"Organization","@id":"https:\/\/naturalpoland.com\/tr\/#organization","name":"Natural Poland","url":"https:\/\/naturalpoland.com\/tr\/","logo":{"@type":"ImageObject","inLanguage":"tr","@id":"https:\/\/naturalpoland.com\/tr\/#\/schema\/logo\/image\/","url":"https:\/\/naturalpoland.com\/wp-content\/uploads\/2021\/05\/natural-poland-icon.png","contentUrl":"https:\/\/naturalpoland.com\/wp-content\/uploads\/2021\/05\/natural-poland-icon.png","width":512,"height":512,"caption":"Natural Poland"},"image":{"@id":"https:\/\/naturalpoland.com\/tr\/#\/schema\/logo\/image\/"},"sameAs":["https:\/\/www.facebook.com\/naturalpoland.b2b","https:\/\/pl.linkedin.com\/company\/natural-poland","https:\/\/www.youtube.com\/channel\/UCgeGGkvOMahZo-xu_MSEWxg"]}]}},"_links":{"self":[{"href":"https:\/\/naturalpoland.com\/tr\/wp-json\/wp\/v2\/product\/46332","targetHints":{"allow":["GET"]}}],"collection":[{"href":"https:\/\/naturalpoland.com\/tr\/wp-json\/wp\/v2\/product"}],"about":[{"href":"https:\/\/naturalpoland.com\/tr\/wp-json\/wp\/v2\/types\/product"}],"wp:featuredmedia":[{"embeddable":true,"href":"https:\/\/naturalpoland.com\/tr\/wp-json\/wp\/v2\/media\/46333"}],"wp:attachment":[{"href":"https:\/\/naturalpoland.com\/tr\/wp-json\/wp\/v2\/media?parent=46332"}],"wp:term":[{"taxonomy":"product_brand","embeddable":true,"href":"https:\/\/naturalpoland.com\/tr\/wp-json\/wp\/v2\/product_brand?post=46332"},{"taxonomy":"product_cat","embeddable":true,"href":"https:\/\/naturalpoland.com\/tr\/wp-json\/wp\/v2\/product_cat?post=46332"},{"taxonomy":"product_tag","embeddable":true,"href":"https:\/\/naturalpoland.com\/tr\/wp-json\/wp\/v2\/product_tag?post=46332"}],"curies":[{"name":"wp","href":"https:\/\/api.w.org\/{rel}","templated":true}]}}