{"id":46339,"date":"2021-05-11T13:45:44","date_gmt":"2021-05-11T11:45:44","guid":{"rendered":"https:\/\/naturalpoland.com\/produkty\/kategorilenmemis\/l-ornitin-hidroklorur\/"},"modified":"2026-03-03T13:57:52","modified_gmt":"2026-03-03T12:57:52","slug":"l-ornitin-hidroklorur","status":"publish","type":"product","link":"https:\/\/naturalpoland.com\/tr\/urunler\/farmasotik-hammaddeler\/amino-asitler\/l-ornitin-hidroklorur\/","title":{"rendered":"L-ornitin, hidroklor\u00fcr"},"content":{"rendered":"<h2>L-ornitin&#8217;in \u00f6zellikleri ve v\u00fccuttaki rol\u00fc<\/h2>\n<p>L-ornitin, \u00fcre d\u00f6ng\u00fcs\u00fcnde (Krebs ornitin d\u00f6ng\u00fcs\u00fc) kilit rol oynar ve v\u00fccuttan fazla azotun \u00fcre \u015feklinde verimli bir \u015fekilde at\u0131lmas\u0131n\u0131 sa\u011flar. Karaci\u011fer fonksiyonlar\u0131n\u0131 destekler, sindirim enzimlerinin aktivitesini art\u0131r\u0131r ve ba\u011f\u0131rsak \u00e7al\u0131\u015fmas\u0131n\u0131 iyile\u015ftirir, bu da daha h\u0131zl\u0131 sindirim ve daha iyi ya\u011f metabolizmas\u0131 sa\u011flar. <\/p>\n<p>L-ornitin hidroklor\u00fcr, yo\u011fun fiziksel egzersiz sonucu olu\u015fan amonya\u011f\u0131n at\u0131l\u0131m\u0131n\u0131 h\u0131zland\u0131r\u0131r. Bu sayede antrenman sonras\u0131 iyile\u015fme s\u00fcre\u00e7lerini destekler ve yorgunluk hissini azalt\u0131r. Ayr\u0131ca kortizol seviyesini d\u00fc\u015f\u00fcrerek psikofiziksel gerginli\u011fin azalmas\u0131na yard\u0131mc\u0131 olur. Ak\u015fam kullan\u0131ld\u0131\u011f\u0131nda uyku kalitesinin iyile\u015ftirilmesini destekleyebilir.   <\/p>\n<h2>Kullan\u0131m alanlar\u0131<\/h2>\n<p>L-ornitin HCl, v\u00fccut detoksifikasyonunu, ya\u011f metabolizmas\u0131n\u0131 ve egzersiz sonras\u0131 iyile\u015fmeyi destekleyen diyet takviyelerinde ve nutras\u00f6tiklerde kullan\u0131lan bir bile\u015fendir. Performans\u0131 art\u0131ran ve iyile\u015fme s\u00fcresini k\u0131saltan sporcu \u00fcr\u00fcnlerinde kullan\u0131l\u0131r. Ayr\u0131ca karaci\u011fer fonksiyonlar\u0131n\u0131 destekleyen, kandaki amonyak seviyesini d\u00fczenleyen ve daha iyi gece dinlenmesine yard\u0131mc\u0131 olan sa\u011fl\u0131k preparatlar\u0131nda da kullan\u0131l\u0131r.  <\/p>\n<h2>Fizikokimyasal \u00f6zellikler<\/h2>\n<p>\u00dcr\u00fcn beyaz kristaller veya kristal toz formunda bulunur. %100,4 y\u00fcksek safl\u0131k ve %99,5 \u00e7\u00f6zelti berrakl\u0131\u011f\u0131 ile karakterizedir. Sulu \u00e7\u00f6zeltinin pH de\u011feri 5,5&#8217;tir. Su i\u00e7eri\u011fi \u00e7ok d\u00fc\u015f\u00fckt\u00fcr ve %0,11&#8217;dir. \u00dcr\u00fcn di\u011fer amino asitlerden ve s\u00fclfatlar, amonyum iyonlar\u0131 veya a\u011f\u0131r metaller gibi inorganik kirleticilerden ar\u0131nd\u0131r\u0131lm\u0131\u015ft\u0131r.    <\/p>\n","protected":false},"excerpt":{"rendered":"<p><strong>L-ornitin HCl<\/strong>, insan metabolizmas\u0131nda \u00f6nemli bir amino asittir ve beyaz kristaller veya kristal toz formunda bulunur. \u00dcr\u00fcn AJI92 farmas\u00f6tik kalitesinde sunulmakta olup %100,4 safl\u0131k ve kalite gereksinimlerine tam uygunluk ile karakterizedir. <\/p>\n","protected":false},"featured_media":46341,"template":"","meta":{"_acf_changed":false},"product_brand":[],"product_cat":[9539],"product_tag":[],"class_list":{"0":"post-46339","1":"product","2":"type-product","3":"status-publish","4":"has-post-thumbnail","6":"product_cat-amino-asitler","8":"first","9":"instock","10":"shipping-taxable","11":"product-type-simple"},"acf":[],"yoast_head":"<!-- This site is optimized with the Yoast SEO plugin v27.5 - https:\/\/yoast.com\/product\/yoast-seo-wordpress\/ -->\n<title>L-ornitin, hidroklor\u00fcr - Hurtowy Dystrybutor<\/title>\n<meta name=\"description\" content=\"L-ornitin HCl (CAS 3184-13-2) \u2013 karaci\u011fer fonksiyonlar\u0131n\u0131, ya\u011f metabolizmas\u0131n\u0131 ve egzersiz sonras\u0131 iyile\u015fmeyi destekleyen bir amino asit. AJI92 farmas\u00f6tik hammaddesi.\" \/>\n<meta name=\"robots\" content=\"index, follow, max-snippet:-1, max-image-preview:large, max-video-preview:-1\" \/>\n<link rel=\"canonical\" href=\"https:\/\/naturalpoland.com\/tr\/urunler\/farmasotik-hammaddeler\/amino-asitler\/l-ornitin-hidroklorur\/\" \/>\n<meta property=\"og:locale\" content=\"tr_TR\" \/>\n<meta property=\"og:type\" content=\"article\" \/>\n<meta property=\"og:title\" content=\"L-ornitin, hidroklor\u00fcr - Hurtowy Dystrybutor\" \/>\n<meta property=\"og:description\" content=\"L-ornitin HCl (CAS 3184-13-2) \u2013 karaci\u011fer fonksiyonlar\u0131n\u0131, ya\u011f metabolizmas\u0131n\u0131 ve egzersiz sonras\u0131 iyile\u015fmeyi destekleyen bir amino asit. AJI92 farmas\u00f6tik hammaddesi.\" \/>\n<meta property=\"og:url\" content=\"https:\/\/naturalpoland.com\/tr\/urunler\/farmasotik-hammaddeler\/amino-asitler\/l-ornitin-hidroklorur\/\" \/>\n<meta property=\"og:site_name\" content=\"NATURAL POLAND - Hurtowy Dystrybutor Surowc\u00f3w\" \/>\n<meta property=\"article:publisher\" content=\"https:\/\/www.facebook.com\/naturalpoland.b2b\" \/>\n<meta property=\"article:modified_time\" content=\"2026-03-03T12:57:52+00:00\" \/>\n<meta property=\"og:image\" content=\"https:\/\/naturalpoland.com\/wp-content\/uploads\/l-ornityna.webp\" \/>\n\t<meta property=\"og:image:width\" content=\"1024\" \/>\n\t<meta property=\"og:image:height\" content=\"1024\" \/>\n\t<meta property=\"og:image:type\" content=\"image\/webp\" \/>\n<script type=\"application\/ld+json\" class=\"yoast-schema-graph\">{\"@context\":\"https:\\\/\\\/schema.org\",\"@graph\":[{\"@type\":\"WebPage\",\"@id\":\"https:\\\/\\\/naturalpoland.com\\\/tr\\\/urunler\\\/farmasotik-hammaddeler\\\/amino-asitler\\\/l-ornitin-hidroklorur\\\/\",\"url\":\"https:\\\/\\\/naturalpoland.com\\\/tr\\\/urunler\\\/farmasotik-hammaddeler\\\/amino-asitler\\\/l-ornitin-hidroklorur\\\/\",\"name\":\"L-ornitin, hidroklor\u00fcr - Hurtowy Dystrybutor\",\"isPartOf\":{\"@id\":\"https:\\\/\\\/naturalpoland.com\\\/tr\\\/#website\"},\"primaryImageOfPage\":{\"@id\":\"https:\\\/\\\/naturalpoland.com\\\/tr\\\/urunler\\\/farmasotik-hammaddeler\\\/amino-asitler\\\/l-ornitin-hidroklorur\\\/#primaryimage\"},\"image\":{\"@id\":\"https:\\\/\\\/naturalpoland.com\\\/tr\\\/urunler\\\/farmasotik-hammaddeler\\\/amino-asitler\\\/l-ornitin-hidroklorur\\\/#primaryimage\"},\"thumbnailUrl\":\"https:\\\/\\\/naturalpoland.com\\\/wp-content\\\/uploads\\\/l-ornityna.webp\",\"datePublished\":\"2021-05-11T11:45:44+00:00\",\"dateModified\":\"2026-03-03T12:57:52+00:00\",\"description\":\"L-ornitin HCl (CAS 3184-13-2) \u2013 karaci\u011fer fonksiyonlar\u0131n\u0131, ya\u011f metabolizmas\u0131n\u0131 ve egzersiz sonras\u0131 iyile\u015fmeyi destekleyen bir amino asit. AJI92 farmas\u00f6tik hammaddesi.\",\"breadcrumb\":{\"@id\":\"https:\\\/\\\/naturalpoland.com\\\/tr\\\/urunler\\\/farmasotik-hammaddeler\\\/amino-asitler\\\/l-ornitin-hidroklorur\\\/#breadcrumb\"},\"inLanguage\":\"tr\",\"potentialAction\":[{\"@type\":\"ReadAction\",\"target\":[\"https:\\\/\\\/naturalpoland.com\\\/tr\\\/urunler\\\/farmasotik-hammaddeler\\\/amino-asitler\\\/l-ornitin-hidroklorur\\\/\"]}]},{\"@type\":\"ImageObject\",\"inLanguage\":\"tr\",\"@id\":\"https:\\\/\\\/naturalpoland.com\\\/tr\\\/urunler\\\/farmasotik-hammaddeler\\\/amino-asitler\\\/l-ornitin-hidroklorur\\\/#primaryimage\",\"url\":\"https:\\\/\\\/naturalpoland.com\\\/wp-content\\\/uploads\\\/l-ornityna.webp\",\"contentUrl\":\"https:\\\/\\\/naturalpoland.com\\\/wp-content\\\/uploads\\\/l-ornityna.webp\",\"width\":1024,\"height\":1024,\"caption\":\"toz formunda l-ornitin\"},{\"@type\":\"BreadcrumbList\",\"@id\":\"https:\\\/\\\/naturalpoland.com\\\/tr\\\/urunler\\\/farmasotik-hammaddeler\\\/amino-asitler\\\/l-ornitin-hidroklorur\\\/#breadcrumb\",\"itemListElement\":[{\"@type\":\"ListItem\",\"position\":1,\"name\":\"Ana Sayfa\",\"item\":\"https:\\\/\\\/naturalpoland.com\\\/tr\\\/\"},{\"@type\":\"ListItem\",\"position\":2,\"name\":\"\u00dcr\u00fcnler\",\"item\":\"https:\\\/\\\/naturalpoland.com\\\/tr\\\/urunler\\\/\"},{\"@type\":\"ListItem\",\"position\":3,\"name\":\"L-ornitin, hidroklor\u00fcr\"}]},{\"@type\":\"WebSite\",\"@id\":\"https:\\\/\\\/naturalpoland.com\\\/tr\\\/#website\",\"url\":\"https:\\\/\\\/naturalpoland.com\\\/tr\\\/\",\"name\":\"NATURAL POLAND - Hurtowy Dystrybutor Surowc\u00f3w\",\"description\":\"Surowce dla przemys\u0142u spo\u017cywczego, kosmetycznego i farmaceutycznego\",\"publisher\":{\"@id\":\"https:\\\/\\\/naturalpoland.com\\\/tr\\\/#organization\"},\"potentialAction\":[{\"@type\":\"SearchAction\",\"target\":{\"@type\":\"EntryPoint\",\"urlTemplate\":\"https:\\\/\\\/naturalpoland.com\\\/tr\\\/?s={search_term_string}\"},\"query-input\":{\"@type\":\"PropertyValueSpecification\",\"valueRequired\":true,\"valueName\":\"search_term_string\"}}],\"inLanguage\":\"tr\"},{\"@type\":\"Organization\",\"@id\":\"https:\\\/\\\/naturalpoland.com\\\/tr\\\/#organization\",\"name\":\"Natural Poland\",\"url\":\"https:\\\/\\\/naturalpoland.com\\\/tr\\\/\",\"logo\":{\"@type\":\"ImageObject\",\"inLanguage\":\"tr\",\"@id\":\"https:\\\/\\\/naturalpoland.com\\\/tr\\\/#\\\/schema\\\/logo\\\/image\\\/\",\"url\":\"https:\\\/\\\/naturalpoland.com\\\/wp-content\\\/uploads\\\/2021\\\/05\\\/natural-poland-icon.png\",\"contentUrl\":\"https:\\\/\\\/naturalpoland.com\\\/wp-content\\\/uploads\\\/2021\\\/05\\\/natural-poland-icon.png\",\"width\":512,\"height\":512,\"caption\":\"Natural Poland\"},\"image\":{\"@id\":\"https:\\\/\\\/naturalpoland.com\\\/tr\\\/#\\\/schema\\\/logo\\\/image\\\/\"},\"sameAs\":[\"https:\\\/\\\/www.facebook.com\\\/naturalpoland.b2b\",\"https:\\\/\\\/pl.linkedin.com\\\/company\\\/natural-poland\",\"https:\\\/\\\/www.youtube.com\\\/channel\\\/UCgeGGkvOMahZo-xu_MSEWxg\"]}]}<\/script>\n<!-- \/ Yoast SEO plugin. -->","yoast_head_json":{"title":"L-ornitin, hidroklor\u00fcr - Hurtowy Dystrybutor","description":"L-ornitin HCl (CAS 3184-13-2) \u2013 karaci\u011fer fonksiyonlar\u0131n\u0131, ya\u011f metabolizmas\u0131n\u0131 ve egzersiz sonras\u0131 iyile\u015fmeyi destekleyen bir amino asit. AJI92 farmas\u00f6tik hammaddesi.","robots":{"index":"index","follow":"follow","max-snippet":"max-snippet:-1","max-image-preview":"max-image-preview:large","max-video-preview":"max-video-preview:-1"},"canonical":"https:\/\/naturalpoland.com\/tr\/urunler\/farmasotik-hammaddeler\/amino-asitler\/l-ornitin-hidroklorur\/","og_locale":"tr_TR","og_type":"article","og_title":"L-ornitin, hidroklor\u00fcr - Hurtowy Dystrybutor","og_description":"L-ornitin HCl (CAS 3184-13-2) \u2013 karaci\u011fer fonksiyonlar\u0131n\u0131, ya\u011f metabolizmas\u0131n\u0131 ve egzersiz sonras\u0131 iyile\u015fmeyi destekleyen bir amino asit. AJI92 farmas\u00f6tik hammaddesi.","og_url":"https:\/\/naturalpoland.com\/tr\/urunler\/farmasotik-hammaddeler\/amino-asitler\/l-ornitin-hidroklorur\/","og_site_name":"NATURAL POLAND - Hurtowy Dystrybutor Surowc\u00f3w","article_publisher":"https:\/\/www.facebook.com\/naturalpoland.b2b","article_modified_time":"2026-03-03T12:57:52+00:00","og_image":[{"width":1024,"height":1024,"url":"https:\/\/naturalpoland.com\/wp-content\/uploads\/l-ornityna.webp","type":"image\/webp"}],"schema":{"@context":"https:\/\/schema.org","@graph":[{"@type":"WebPage","@id":"https:\/\/naturalpoland.com\/tr\/urunler\/farmasotik-hammaddeler\/amino-asitler\/l-ornitin-hidroklorur\/","url":"https:\/\/naturalpoland.com\/tr\/urunler\/farmasotik-hammaddeler\/amino-asitler\/l-ornitin-hidroklorur\/","name":"L-ornitin, hidroklor\u00fcr - Hurtowy Dystrybutor","isPartOf":{"@id":"https:\/\/naturalpoland.com\/tr\/#website"},"primaryImageOfPage":{"@id":"https:\/\/naturalpoland.com\/tr\/urunler\/farmasotik-hammaddeler\/amino-asitler\/l-ornitin-hidroklorur\/#primaryimage"},"image":{"@id":"https:\/\/naturalpoland.com\/tr\/urunler\/farmasotik-hammaddeler\/amino-asitler\/l-ornitin-hidroklorur\/#primaryimage"},"thumbnailUrl":"https:\/\/naturalpoland.com\/wp-content\/uploads\/l-ornityna.webp","datePublished":"2021-05-11T11:45:44+00:00","dateModified":"2026-03-03T12:57:52+00:00","description":"L-ornitin HCl (CAS 3184-13-2) \u2013 karaci\u011fer fonksiyonlar\u0131n\u0131, ya\u011f metabolizmas\u0131n\u0131 ve egzersiz sonras\u0131 iyile\u015fmeyi destekleyen bir amino asit. AJI92 farmas\u00f6tik hammaddesi.","breadcrumb":{"@id":"https:\/\/naturalpoland.com\/tr\/urunler\/farmasotik-hammaddeler\/amino-asitler\/l-ornitin-hidroklorur\/#breadcrumb"},"inLanguage":"tr","potentialAction":[{"@type":"ReadAction","target":["https:\/\/naturalpoland.com\/tr\/urunler\/farmasotik-hammaddeler\/amino-asitler\/l-ornitin-hidroklorur\/"]}]},{"@type":"ImageObject","inLanguage":"tr","@id":"https:\/\/naturalpoland.com\/tr\/urunler\/farmasotik-hammaddeler\/amino-asitler\/l-ornitin-hidroklorur\/#primaryimage","url":"https:\/\/naturalpoland.com\/wp-content\/uploads\/l-ornityna.webp","contentUrl":"https:\/\/naturalpoland.com\/wp-content\/uploads\/l-ornityna.webp","width":1024,"height":1024,"caption":"toz formunda l-ornitin"},{"@type":"BreadcrumbList","@id":"https:\/\/naturalpoland.com\/tr\/urunler\/farmasotik-hammaddeler\/amino-asitler\/l-ornitin-hidroklorur\/#breadcrumb","itemListElement":[{"@type":"ListItem","position":1,"name":"Ana Sayfa","item":"https:\/\/naturalpoland.com\/tr\/"},{"@type":"ListItem","position":2,"name":"\u00dcr\u00fcnler","item":"https:\/\/naturalpoland.com\/tr\/urunler\/"},{"@type":"ListItem","position":3,"name":"L-ornitin, hidroklor\u00fcr"}]},{"@type":"WebSite","@id":"https:\/\/naturalpoland.com\/tr\/#website","url":"https:\/\/naturalpoland.com\/tr\/","name":"NATURAL POLAND - Hurtowy Dystrybutor Surowc\u00f3w","description":"Surowce dla przemys\u0142u spo\u017cywczego, kosmetycznego i farmaceutycznego","publisher":{"@id":"https:\/\/naturalpoland.com\/tr\/#organization"},"potentialAction":[{"@type":"SearchAction","target":{"@type":"EntryPoint","urlTemplate":"https:\/\/naturalpoland.com\/tr\/?s={search_term_string}"},"query-input":{"@type":"PropertyValueSpecification","valueRequired":true,"valueName":"search_term_string"}}],"inLanguage":"tr"},{"@type":"Organization","@id":"https:\/\/naturalpoland.com\/tr\/#organization","name":"Natural Poland","url":"https:\/\/naturalpoland.com\/tr\/","logo":{"@type":"ImageObject","inLanguage":"tr","@id":"https:\/\/naturalpoland.com\/tr\/#\/schema\/logo\/image\/","url":"https:\/\/naturalpoland.com\/wp-content\/uploads\/2021\/05\/natural-poland-icon.png","contentUrl":"https:\/\/naturalpoland.com\/wp-content\/uploads\/2021\/05\/natural-poland-icon.png","width":512,"height":512,"caption":"Natural Poland"},"image":{"@id":"https:\/\/naturalpoland.com\/tr\/#\/schema\/logo\/image\/"},"sameAs":["https:\/\/www.facebook.com\/naturalpoland.b2b","https:\/\/pl.linkedin.com\/company\/natural-poland","https:\/\/www.youtube.com\/channel\/UCgeGGkvOMahZo-xu_MSEWxg"]}]}},"_links":{"self":[{"href":"https:\/\/naturalpoland.com\/tr\/wp-json\/wp\/v2\/product\/46339","targetHints":{"allow":["GET"]}}],"collection":[{"href":"https:\/\/naturalpoland.com\/tr\/wp-json\/wp\/v2\/product"}],"about":[{"href":"https:\/\/naturalpoland.com\/tr\/wp-json\/wp\/v2\/types\/product"}],"wp:featuredmedia":[{"embeddable":true,"href":"https:\/\/naturalpoland.com\/tr\/wp-json\/wp\/v2\/media\/46341"}],"wp:attachment":[{"href":"https:\/\/naturalpoland.com\/tr\/wp-json\/wp\/v2\/media?parent=46339"}],"wp:term":[{"taxonomy":"product_brand","embeddable":true,"href":"https:\/\/naturalpoland.com\/tr\/wp-json\/wp\/v2\/product_brand?post=46339"},{"taxonomy":"product_cat","embeddable":true,"href":"https:\/\/naturalpoland.com\/tr\/wp-json\/wp\/v2\/product_cat?post=46339"},{"taxonomy":"product_tag","embeddable":true,"href":"https:\/\/naturalpoland.com\/tr\/wp-json\/wp\/v2\/product_tag?post=46339"}],"curies":[{"name":"wp","href":"https:\/\/api.w.org\/{rel}","templated":true}]}}