{"id":46344,"date":"2021-05-11T13:57:22","date_gmt":"2021-05-11T11:57:22","guid":{"rendered":"https:\/\/naturalpoland.com\/produkty\/kategorilenmemis\/taurin\/"},"modified":"2026-03-03T13:58:02","modified_gmt":"2026-03-03T12:58:02","slug":"taurin","status":"publish","type":"product","link":"https:\/\/naturalpoland.com\/tr\/urunler\/farmasotik-hammaddeler\/amino-asitler\/taurin\/","title":{"rendered":"Taurin"},"content":{"rendered":"<p>Taurin, fiziksel egzersiz sonras\u0131 kas rejenerasyonunu destekleyen 2-aminoetans\u00fclfonik asit, yani bir amino asittir. Sporcular ve yo\u011fun fiziksel aktiviteye maruz kalan ki\u015filer i\u00e7in tasarlanm\u0131\u015f bir\u00e7ok takviye \u00fcr\u00fcn\u00fcn\u00fcn \u00f6nemli bir bile\u015fenidir. <\/p>\n<h2>Taurinin etkileri:<\/h2>\n<p>Taurin ya\u011f metabolizmas\u0131n\u0131 iyile\u015ftirir, kan bas\u0131nc\u0131n\u0131 d\u00fc\u015f\u00fcr\u00fcr ve karaci\u011feri korur. Ayr\u0131ca h\u0131zl\u0131 enerji art\u0131\u015f\u0131 sa\u011flayabilir. Yo\u011fun egzersiz nedeniyle hasar g\u00f6rm\u00fc\u015f kas h\u00fccrelerinin rejenerasyonunda vazge\u00e7ilmezdir. Taurin, kas h\u00fccrelerini oksidatif stresten koruyan kreatinin ta\u015f\u0131nmas\u0131n\u0131 kolayla\u015ft\u0131r\u0131r. Kas k\u00fctlesi art\u0131\u015f\u0131n\u0131 destekler ve kaslar\u0131n gev\u015femesini sa\u011flar. Ayr\u0131ca normal magnezyum ve potasyum seviyelerinin korunmas\u0131na katk\u0131da bulunabilir.     <\/p>\n","protected":false},"excerpt":{"rendered":"<p>Y\u00fcksek kaliteli <strong>taurin<\/strong> toptan distrib\u00fct\u00f6r\u00fcy\u00fcz. Taurin, yosunlar ve deniz algleri gibi kaynaklarda bulunur. Ya\u011f dokusunda termoreg\u00fclasyondan sorumlu genlerin ekspresyonunu uyard\u0131\u011f\u0131 i\u00e7in termojenik olarak bilinir.    <\/p>\n","protected":false},"featured_media":46347,"template":"","meta":{"_acf_changed":false},"product_brand":[],"product_cat":[9539],"product_tag":[],"class_list":{"0":"post-46344","1":"product","2":"type-product","3":"status-publish","4":"has-post-thumbnail","6":"product_cat-amino-asitler","8":"first","9":"instock","10":"shipping-taxable","11":"product-type-simple"},"acf":[],"yoast_head":"<!-- This site is optimized with the Yoast SEO plugin v27.4 - https:\/\/yoast.com\/product\/yoast-seo-wordpress\/ -->\n<title>Taurin - Hurtowy Dystrybutor<\/title>\n<meta name=\"description\" content=\"Taurin, ya\u011f dokusunda termoreg\u00fclasyondan sorumlu genlerin ekspresyonunu uyard\u0131\u011f\u0131 i\u00e7in termojenik olarak bilinir.\" \/>\n<meta name=\"robots\" content=\"index, follow, max-snippet:-1, max-image-preview:large, max-video-preview:-1\" \/>\n<link rel=\"canonical\" href=\"https:\/\/naturalpoland.com\/tr\/urunler\/farmasotik-hammaddeler\/amino-asitler\/taurin\/\" \/>\n<meta property=\"og:locale\" content=\"tr_TR\" \/>\n<meta property=\"og:type\" content=\"article\" \/>\n<meta property=\"og:title\" content=\"Taurin - Hurtowy Dystrybutor\" \/>\n<meta property=\"og:description\" content=\"Taurin, ya\u011f dokusunda termoreg\u00fclasyondan sorumlu genlerin ekspresyonunu uyard\u0131\u011f\u0131 i\u00e7in termojenik olarak bilinir.\" \/>\n<meta property=\"og:url\" content=\"https:\/\/naturalpoland.com\/tr\/urunler\/farmasotik-hammaddeler\/amino-asitler\/taurin\/\" \/>\n<meta property=\"og:site_name\" content=\"NATURAL POLAND - Hurtowy Dystrybutor Surowc\u00f3w\" \/>\n<meta property=\"article:publisher\" content=\"https:\/\/www.facebook.com\/naturalpoland.b2b\" \/>\n<meta property=\"article:modified_time\" content=\"2026-03-03T12:58:02+00:00\" \/>\n<meta property=\"og:image\" content=\"https:\/\/naturalpoland.com\/wp-content\/uploads\/2021\/05\/taurine.jpg\" \/>\n\t<meta property=\"og:image:width\" content=\"1070\" \/>\n\t<meta property=\"og:image:height\" content=\"519\" \/>\n\t<meta property=\"og:image:type\" content=\"image\/jpeg\" \/>\n<script type=\"application\/ld+json\" class=\"yoast-schema-graph\">{\"@context\":\"https:\\\/\\\/schema.org\",\"@graph\":[{\"@type\":\"WebPage\",\"@id\":\"https:\\\/\\\/naturalpoland.com\\\/tr\\\/urunler\\\/farmasotik-hammaddeler\\\/amino-asitler\\\/taurin\\\/\",\"url\":\"https:\\\/\\\/naturalpoland.com\\\/tr\\\/urunler\\\/farmasotik-hammaddeler\\\/amino-asitler\\\/taurin\\\/\",\"name\":\"Taurin - Hurtowy Dystrybutor\",\"isPartOf\":{\"@id\":\"https:\\\/\\\/naturalpoland.com\\\/tr\\\/#website\"},\"primaryImageOfPage\":{\"@id\":\"https:\\\/\\\/naturalpoland.com\\\/tr\\\/urunler\\\/farmasotik-hammaddeler\\\/amino-asitler\\\/taurin\\\/#primaryimage\"},\"image\":{\"@id\":\"https:\\\/\\\/naturalpoland.com\\\/tr\\\/urunler\\\/farmasotik-hammaddeler\\\/amino-asitler\\\/taurin\\\/#primaryimage\"},\"thumbnailUrl\":\"https:\\\/\\\/naturalpoland.com\\\/wp-content\\\/uploads\\\/tauryna.webp\",\"datePublished\":\"2021-05-11T11:57:22+00:00\",\"dateModified\":\"2026-03-03T12:58:02+00:00\",\"description\":\"Taurin, ya\u011f dokusunda termoreg\u00fclasyondan sorumlu genlerin ekspresyonunu uyard\u0131\u011f\u0131 i\u00e7in termojenik olarak bilinir.\",\"breadcrumb\":{\"@id\":\"https:\\\/\\\/naturalpoland.com\\\/tr\\\/urunler\\\/farmasotik-hammaddeler\\\/amino-asitler\\\/taurin\\\/#breadcrumb\"},\"inLanguage\":\"tr\",\"potentialAction\":[{\"@type\":\"ReadAction\",\"target\":[\"https:\\\/\\\/naturalpoland.com\\\/tr\\\/urunler\\\/farmasotik-hammaddeler\\\/amino-asitler\\\/taurin\\\/\"]}]},{\"@type\":\"ImageObject\",\"inLanguage\":\"tr\",\"@id\":\"https:\\\/\\\/naturalpoland.com\\\/tr\\\/urunler\\\/farmasotik-hammaddeler\\\/amino-asitler\\\/taurin\\\/#primaryimage\",\"url\":\"https:\\\/\\\/naturalpoland.com\\\/wp-content\\\/uploads\\\/tauryna.webp\",\"contentUrl\":\"https:\\\/\\\/naturalpoland.com\\\/wp-content\\\/uploads\\\/tauryna.webp\",\"width\":616,\"height\":616,\"caption\":\"taurin\"},{\"@type\":\"BreadcrumbList\",\"@id\":\"https:\\\/\\\/naturalpoland.com\\\/tr\\\/urunler\\\/farmasotik-hammaddeler\\\/amino-asitler\\\/taurin\\\/#breadcrumb\",\"itemListElement\":[{\"@type\":\"ListItem\",\"position\":1,\"name\":\"Ana Sayfa\",\"item\":\"https:\\\/\\\/naturalpoland.com\\\/tr\\\/\"},{\"@type\":\"ListItem\",\"position\":2,\"name\":\"\u00dcr\u00fcnler\",\"item\":\"https:\\\/\\\/naturalpoland.com\\\/tr\\\/urunler\\\/\"},{\"@type\":\"ListItem\",\"position\":3,\"name\":\"Taurin\"}]},{\"@type\":\"WebSite\",\"@id\":\"https:\\\/\\\/naturalpoland.com\\\/tr\\\/#website\",\"url\":\"https:\\\/\\\/naturalpoland.com\\\/tr\\\/\",\"name\":\"NATURAL POLAND - Hurtowy Dystrybutor Surowc\u00f3w\",\"description\":\"Surowce dla przemys\u0142u spo\u017cywczego, kosmetycznego i farmaceutycznego\",\"publisher\":{\"@id\":\"https:\\\/\\\/naturalpoland.com\\\/tr\\\/#organization\"},\"potentialAction\":[{\"@type\":\"SearchAction\",\"target\":{\"@type\":\"EntryPoint\",\"urlTemplate\":\"https:\\\/\\\/naturalpoland.com\\\/tr\\\/?s={search_term_string}\"},\"query-input\":{\"@type\":\"PropertyValueSpecification\",\"valueRequired\":true,\"valueName\":\"search_term_string\"}}],\"inLanguage\":\"tr\"},{\"@type\":\"Organization\",\"@id\":\"https:\\\/\\\/naturalpoland.com\\\/tr\\\/#organization\",\"name\":\"Natural Poland\",\"url\":\"https:\\\/\\\/naturalpoland.com\\\/tr\\\/\",\"logo\":{\"@type\":\"ImageObject\",\"inLanguage\":\"tr\",\"@id\":\"https:\\\/\\\/naturalpoland.com\\\/tr\\\/#\\\/schema\\\/logo\\\/image\\\/\",\"url\":\"https:\\\/\\\/naturalpoland.com\\\/wp-content\\\/uploads\\\/2021\\\/05\\\/natural-poland-icon.png\",\"contentUrl\":\"https:\\\/\\\/naturalpoland.com\\\/wp-content\\\/uploads\\\/2021\\\/05\\\/natural-poland-icon.png\",\"width\":512,\"height\":512,\"caption\":\"Natural Poland\"},\"image\":{\"@id\":\"https:\\\/\\\/naturalpoland.com\\\/tr\\\/#\\\/schema\\\/logo\\\/image\\\/\"},\"sameAs\":[\"https:\\\/\\\/www.facebook.com\\\/naturalpoland.b2b\",\"https:\\\/\\\/pl.linkedin.com\\\/company\\\/natural-poland\",\"https:\\\/\\\/www.youtube.com\\\/channel\\\/UCgeGGkvOMahZo-xu_MSEWxg\"]}]}<\/script>\n<!-- \/ Yoast SEO plugin. -->","yoast_head_json":{"title":"Taurin - Hurtowy Dystrybutor","description":"Taurin, ya\u011f dokusunda termoreg\u00fclasyondan sorumlu genlerin ekspresyonunu uyard\u0131\u011f\u0131 i\u00e7in termojenik olarak bilinir.","robots":{"index":"index","follow":"follow","max-snippet":"max-snippet:-1","max-image-preview":"max-image-preview:large","max-video-preview":"max-video-preview:-1"},"canonical":"https:\/\/naturalpoland.com\/tr\/urunler\/farmasotik-hammaddeler\/amino-asitler\/taurin\/","og_locale":"tr_TR","og_type":"article","og_title":"Taurin - Hurtowy Dystrybutor","og_description":"Taurin, ya\u011f dokusunda termoreg\u00fclasyondan sorumlu genlerin ekspresyonunu uyard\u0131\u011f\u0131 i\u00e7in termojenik olarak bilinir.","og_url":"https:\/\/naturalpoland.com\/tr\/urunler\/farmasotik-hammaddeler\/amino-asitler\/taurin\/","og_site_name":"NATURAL POLAND - Hurtowy Dystrybutor Surowc\u00f3w","article_publisher":"https:\/\/www.facebook.com\/naturalpoland.b2b","article_modified_time":"2026-03-03T12:58:02+00:00","og_image":[{"width":1070,"height":519,"url":"https:\/\/naturalpoland.com\/wp-content\/uploads\/2021\/05\/taurine.jpg","type":"image\/jpeg"}],"schema":{"@context":"https:\/\/schema.org","@graph":[{"@type":"WebPage","@id":"https:\/\/naturalpoland.com\/tr\/urunler\/farmasotik-hammaddeler\/amino-asitler\/taurin\/","url":"https:\/\/naturalpoland.com\/tr\/urunler\/farmasotik-hammaddeler\/amino-asitler\/taurin\/","name":"Taurin - Hurtowy Dystrybutor","isPartOf":{"@id":"https:\/\/naturalpoland.com\/tr\/#website"},"primaryImageOfPage":{"@id":"https:\/\/naturalpoland.com\/tr\/urunler\/farmasotik-hammaddeler\/amino-asitler\/taurin\/#primaryimage"},"image":{"@id":"https:\/\/naturalpoland.com\/tr\/urunler\/farmasotik-hammaddeler\/amino-asitler\/taurin\/#primaryimage"},"thumbnailUrl":"https:\/\/naturalpoland.com\/wp-content\/uploads\/tauryna.webp","datePublished":"2021-05-11T11:57:22+00:00","dateModified":"2026-03-03T12:58:02+00:00","description":"Taurin, ya\u011f dokusunda termoreg\u00fclasyondan sorumlu genlerin ekspresyonunu uyard\u0131\u011f\u0131 i\u00e7in termojenik olarak bilinir.","breadcrumb":{"@id":"https:\/\/naturalpoland.com\/tr\/urunler\/farmasotik-hammaddeler\/amino-asitler\/taurin\/#breadcrumb"},"inLanguage":"tr","potentialAction":[{"@type":"ReadAction","target":["https:\/\/naturalpoland.com\/tr\/urunler\/farmasotik-hammaddeler\/amino-asitler\/taurin\/"]}]},{"@type":"ImageObject","inLanguage":"tr","@id":"https:\/\/naturalpoland.com\/tr\/urunler\/farmasotik-hammaddeler\/amino-asitler\/taurin\/#primaryimage","url":"https:\/\/naturalpoland.com\/wp-content\/uploads\/tauryna.webp","contentUrl":"https:\/\/naturalpoland.com\/wp-content\/uploads\/tauryna.webp","width":616,"height":616,"caption":"taurin"},{"@type":"BreadcrumbList","@id":"https:\/\/naturalpoland.com\/tr\/urunler\/farmasotik-hammaddeler\/amino-asitler\/taurin\/#breadcrumb","itemListElement":[{"@type":"ListItem","position":1,"name":"Ana Sayfa","item":"https:\/\/naturalpoland.com\/tr\/"},{"@type":"ListItem","position":2,"name":"\u00dcr\u00fcnler","item":"https:\/\/naturalpoland.com\/tr\/urunler\/"},{"@type":"ListItem","position":3,"name":"Taurin"}]},{"@type":"WebSite","@id":"https:\/\/naturalpoland.com\/tr\/#website","url":"https:\/\/naturalpoland.com\/tr\/","name":"NATURAL POLAND - Hurtowy Dystrybutor Surowc\u00f3w","description":"Surowce dla przemys\u0142u spo\u017cywczego, kosmetycznego i farmaceutycznego","publisher":{"@id":"https:\/\/naturalpoland.com\/tr\/#organization"},"potentialAction":[{"@type":"SearchAction","target":{"@type":"EntryPoint","urlTemplate":"https:\/\/naturalpoland.com\/tr\/?s={search_term_string}"},"query-input":{"@type":"PropertyValueSpecification","valueRequired":true,"valueName":"search_term_string"}}],"inLanguage":"tr"},{"@type":"Organization","@id":"https:\/\/naturalpoland.com\/tr\/#organization","name":"Natural Poland","url":"https:\/\/naturalpoland.com\/tr\/","logo":{"@type":"ImageObject","inLanguage":"tr","@id":"https:\/\/naturalpoland.com\/tr\/#\/schema\/logo\/image\/","url":"https:\/\/naturalpoland.com\/wp-content\/uploads\/2021\/05\/natural-poland-icon.png","contentUrl":"https:\/\/naturalpoland.com\/wp-content\/uploads\/2021\/05\/natural-poland-icon.png","width":512,"height":512,"caption":"Natural Poland"},"image":{"@id":"https:\/\/naturalpoland.com\/tr\/#\/schema\/logo\/image\/"},"sameAs":["https:\/\/www.facebook.com\/naturalpoland.b2b","https:\/\/pl.linkedin.com\/company\/natural-poland","https:\/\/www.youtube.com\/channel\/UCgeGGkvOMahZo-xu_MSEWxg"]}]}},"_links":{"self":[{"href":"https:\/\/naturalpoland.com\/tr\/wp-json\/wp\/v2\/product\/46344","targetHints":{"allow":["GET"]}}],"collection":[{"href":"https:\/\/naturalpoland.com\/tr\/wp-json\/wp\/v2\/product"}],"about":[{"href":"https:\/\/naturalpoland.com\/tr\/wp-json\/wp\/v2\/types\/product"}],"wp:featuredmedia":[{"embeddable":true,"href":"https:\/\/naturalpoland.com\/tr\/wp-json\/wp\/v2\/media\/46347"}],"wp:attachment":[{"href":"https:\/\/naturalpoland.com\/tr\/wp-json\/wp\/v2\/media?parent=46344"}],"wp:term":[{"taxonomy":"product_brand","embeddable":true,"href":"https:\/\/naturalpoland.com\/tr\/wp-json\/wp\/v2\/product_brand?post=46344"},{"taxonomy":"product_cat","embeddable":true,"href":"https:\/\/naturalpoland.com\/tr\/wp-json\/wp\/v2\/product_cat?post=46344"},{"taxonomy":"product_tag","embeddable":true,"href":"https:\/\/naturalpoland.com\/tr\/wp-json\/wp\/v2\/product_tag?post=46344"}],"curies":[{"name":"wp","href":"https:\/\/api.w.org\/{rel}","templated":true}]}}