{"id":46348,"date":"2021-07-07T16:06:59","date_gmt":"2021-07-07T14:06:59","guid":{"rendered":"https:\/\/naturalpoland.com\/produkty\/kategorilenmemis\/traneksamik-asit\/"},"modified":"2026-03-03T13:58:06","modified_gmt":"2026-03-03T12:58:06","slug":"traneksamik-asit","status":"publish","type":"product","link":"https:\/\/naturalpoland.com\/tr\/urunler\/kozmetik-hammaddeleri\/asitler\/traneksamik-asit\/","title":{"rendered":"Traneksamik Asit"},"content":{"rendered":"<h2>Traneksamik Asitin \u00d6zellikleri<\/h2>\n<p>Traneksamik asit, cildi ayd\u0131nlatma ve melazma, g\u00fcne\u015f lekeleri veya akne sonras\u0131 hiperpigmentasyon gibi renk de\u011fi\u015fikliklerini azaltma etkisiyle bilinir. Hormonal bozukluklar, inflamasyon veya baz\u0131 ila\u00e7lar\u0131n kullan\u0131m\u0131 sonucu olu\u015fan cilt renk de\u011fi\u015fikliklerini ayd\u0131nlatma yetene\u011fi g\u00f6sterdi\u011fi tespit edilmi\u015ftir. Melanosit aktivitesini inhibe ederek melanin \u00fcretimini azalt\u0131r ve cilt tonunu iyile\u015ftirir.  <\/p>\n<p>Ayr\u0131ca g\u00fc\u00e7l\u00fc anti-inflamatuar etki g\u00f6sterir. Ek olarak cildi d\u0131\u015f etkenlerden korur. Antihemorajik etkisi cilt iltihaplanmalar\u0131n\u0131n tedavisinde faydal\u0131d\u0131r.  <\/p>\n<h2>Kullan\u0131m alanlar\u0131<\/h2>\n<p>Traneksamik asit s\u0131kl\u0131kla anti-aging ve ayd\u0131nlat\u0131c\u0131 kozmetiklerde kullan\u0131l\u0131r. Ayr\u0131ca hassas ve tahri\u015fe e\u011filimli ciltler i\u00e7in kozmetiklere katk\u0131 maddesidir. Renk de\u011fi\u015fikliklerini etkili bir \u015fekilde azaltt\u0131\u011f\u0131 i\u00e7in rozasea tedavisinde ba\u015far\u0131l\u0131d\u0131r. 3 saat i\u00e7inde emilir.   <\/p>\n","protected":false},"excerpt":{"rendered":"<p>Traneksamik asit 1980&#8217;lerde ke\u015ffedilmi\u015ftir. Bug\u00fcn antihemorajik etki g\u00f6steren sentetik bir amino asit oldu\u011fu bilinmektedir. Yani plazminojenin plazmine d\u00f6n\u00fc\u015f\u00fcm\u00fcn\u00fc etkili bir \u015fekilde inhibe edebilmektedir.   <\/p>\n","protected":false},"featured_media":46349,"template":"","meta":{"_acf_changed":false},"product_brand":[],"product_cat":[9539,9548],"product_tag":[],"class_list":{"0":"post-46348","1":"product","2":"type-product","3":"status-publish","4":"has-post-thumbnail","6":"product_cat-amino-asitler","7":"product_cat-asitler","9":"first","10":"instock","11":"shipping-taxable","12":"product-type-simple"},"acf":[],"yoast_head":"<!-- This site is optimized with the Yoast SEO plugin v27.4 - https:\/\/yoast.com\/product\/yoast-seo-wordpress\/ -->\n<title>Traneksamik Asit - NATURAL POLAND - Hurtowy Dystrybutor Surowc\u00f3w<\/title>\n<meta name=\"description\" content=\"Traneksamik asit, anti-aging kozmetikte kullan\u0131lan ayd\u0131nlat\u0131c\u0131, anti-inflamatuar ve koruyucu \u00f6zelliklere sahip \u00e7ok y\u00f6nl\u00fc bir aktif bile\u015fendir.\" \/>\n<meta name=\"robots\" content=\"index, follow, max-snippet:-1, max-image-preview:large, max-video-preview:-1\" \/>\n<link rel=\"canonical\" href=\"https:\/\/naturalpoland.com\/tr\/urunler\/kozmetik-hammaddeleri\/asitler\/traneksamik-asit\/\" \/>\n<meta property=\"og:locale\" content=\"tr_TR\" \/>\n<meta property=\"og:type\" content=\"article\" \/>\n<meta property=\"og:title\" content=\"Traneksamik Asit - NATURAL POLAND - Hurtowy Dystrybutor Surowc\u00f3w\" \/>\n<meta property=\"og:description\" content=\"Traneksamik asit, anti-aging kozmetikte kullan\u0131lan ayd\u0131nlat\u0131c\u0131, anti-inflamatuar ve koruyucu \u00f6zelliklere sahip \u00e7ok y\u00f6nl\u00fc bir aktif bile\u015fendir.\" \/>\n<meta property=\"og:url\" content=\"https:\/\/naturalpoland.com\/tr\/urunler\/kozmetik-hammaddeleri\/asitler\/traneksamik-asit\/\" \/>\n<meta property=\"og:site_name\" content=\"NATURAL POLAND - Hurtowy Dystrybutor Surowc\u00f3w\" \/>\n<meta property=\"article:publisher\" content=\"https:\/\/www.facebook.com\/naturalpoland.b2b\" \/>\n<meta property=\"article:modified_time\" content=\"2026-03-03T12:58:06+00:00\" \/>\n<meta property=\"og:image\" content=\"https:\/\/naturalpoland.com\/wp-content\/uploads\/TRANEXAMIC-ACID.jpg\" \/>\n\t<meta property=\"og:image:width\" content=\"1139\" \/>\n\t<meta property=\"og:image:height\" content=\"959\" \/>\n\t<meta property=\"og:image:type\" content=\"image\/jpeg\" \/>\n<script type=\"application\/ld+json\" class=\"yoast-schema-graph\">{\"@context\":\"https:\\\/\\\/schema.org\",\"@graph\":[{\"@type\":\"WebPage\",\"@id\":\"https:\\\/\\\/naturalpoland.com\\\/tr\\\/urunler\\\/kozmetik-hammaddeleri\\\/asitler\\\/traneksamik-asit\\\/\",\"url\":\"https:\\\/\\\/naturalpoland.com\\\/tr\\\/urunler\\\/kozmetik-hammaddeleri\\\/asitler\\\/traneksamik-asit\\\/\",\"name\":\"Traneksamik Asit - NATURAL POLAND - Hurtowy Dystrybutor Surowc\u00f3w\",\"isPartOf\":{\"@id\":\"https:\\\/\\\/naturalpoland.com\\\/tr\\\/#website\"},\"primaryImageOfPage\":{\"@id\":\"https:\\\/\\\/naturalpoland.com\\\/tr\\\/urunler\\\/kozmetik-hammaddeleri\\\/asitler\\\/traneksamik-asit\\\/#primaryimage\"},\"image\":{\"@id\":\"https:\\\/\\\/naturalpoland.com\\\/tr\\\/urunler\\\/kozmetik-hammaddeleri\\\/asitler\\\/traneksamik-asit\\\/#primaryimage\"},\"thumbnailUrl\":\"https:\\\/\\\/naturalpoland.com\\\/wp-content\\\/uploads\\\/TRANEXAMIC-ACID.jpg\",\"datePublished\":\"2021-07-07T14:06:59+00:00\",\"dateModified\":\"2026-03-03T12:58:06+00:00\",\"description\":\"Traneksamik asit, anti-aging kozmetikte kullan\u0131lan ayd\u0131nlat\u0131c\u0131, anti-inflamatuar ve koruyucu \u00f6zelliklere sahip \u00e7ok y\u00f6nl\u00fc bir aktif bile\u015fendir.\",\"breadcrumb\":{\"@id\":\"https:\\\/\\\/naturalpoland.com\\\/tr\\\/urunler\\\/kozmetik-hammaddeleri\\\/asitler\\\/traneksamik-asit\\\/#breadcrumb\"},\"inLanguage\":\"tr\",\"potentialAction\":[{\"@type\":\"ReadAction\",\"target\":[\"https:\\\/\\\/naturalpoland.com\\\/tr\\\/urunler\\\/kozmetik-hammaddeleri\\\/asitler\\\/traneksamik-asit\\\/\"]}]},{\"@type\":\"ImageObject\",\"inLanguage\":\"tr\",\"@id\":\"https:\\\/\\\/naturalpoland.com\\\/tr\\\/urunler\\\/kozmetik-hammaddeleri\\\/asitler\\\/traneksamik-asit\\\/#primaryimage\",\"url\":\"https:\\\/\\\/naturalpoland.com\\\/wp-content\\\/uploads\\\/TRANEXAMIC-ACID.jpg\",\"contentUrl\":\"https:\\\/\\\/naturalpoland.com\\\/wp-content\\\/uploads\\\/TRANEXAMIC-ACID.jpg\",\"width\":1139,\"height\":959,\"caption\":\"TRANEXAMIC ACID\"},{\"@type\":\"BreadcrumbList\",\"@id\":\"https:\\\/\\\/naturalpoland.com\\\/tr\\\/urunler\\\/kozmetik-hammaddeleri\\\/asitler\\\/traneksamik-asit\\\/#breadcrumb\",\"itemListElement\":[{\"@type\":\"ListItem\",\"position\":1,\"name\":\"Ana Sayfa\",\"item\":\"https:\\\/\\\/naturalpoland.com\\\/tr\\\/\"},{\"@type\":\"ListItem\",\"position\":2,\"name\":\"\u00dcr\u00fcnler\",\"item\":\"https:\\\/\\\/naturalpoland.com\\\/tr\\\/urunler\\\/\"},{\"@type\":\"ListItem\",\"position\":3,\"name\":\"Traneksamik Asit\"}]},{\"@type\":\"WebSite\",\"@id\":\"https:\\\/\\\/naturalpoland.com\\\/tr\\\/#website\",\"url\":\"https:\\\/\\\/naturalpoland.com\\\/tr\\\/\",\"name\":\"NATURAL POLAND - Hurtowy Dystrybutor Surowc\u00f3w\",\"description\":\"Surowce dla przemys\u0142u spo\u017cywczego, kosmetycznego i farmaceutycznego\",\"publisher\":{\"@id\":\"https:\\\/\\\/naturalpoland.com\\\/tr\\\/#organization\"},\"potentialAction\":[{\"@type\":\"SearchAction\",\"target\":{\"@type\":\"EntryPoint\",\"urlTemplate\":\"https:\\\/\\\/naturalpoland.com\\\/tr\\\/?s={search_term_string}\"},\"query-input\":{\"@type\":\"PropertyValueSpecification\",\"valueRequired\":true,\"valueName\":\"search_term_string\"}}],\"inLanguage\":\"tr\"},{\"@type\":\"Organization\",\"@id\":\"https:\\\/\\\/naturalpoland.com\\\/tr\\\/#organization\",\"name\":\"Natural Poland\",\"url\":\"https:\\\/\\\/naturalpoland.com\\\/tr\\\/\",\"logo\":{\"@type\":\"ImageObject\",\"inLanguage\":\"tr\",\"@id\":\"https:\\\/\\\/naturalpoland.com\\\/tr\\\/#\\\/schema\\\/logo\\\/image\\\/\",\"url\":\"https:\\\/\\\/naturalpoland.com\\\/wp-content\\\/uploads\\\/2021\\\/05\\\/natural-poland-icon.png\",\"contentUrl\":\"https:\\\/\\\/naturalpoland.com\\\/wp-content\\\/uploads\\\/2021\\\/05\\\/natural-poland-icon.png\",\"width\":512,\"height\":512,\"caption\":\"Natural Poland\"},\"image\":{\"@id\":\"https:\\\/\\\/naturalpoland.com\\\/tr\\\/#\\\/schema\\\/logo\\\/image\\\/\"},\"sameAs\":[\"https:\\\/\\\/www.facebook.com\\\/naturalpoland.b2b\",\"https:\\\/\\\/pl.linkedin.com\\\/company\\\/natural-poland\",\"https:\\\/\\\/www.youtube.com\\\/channel\\\/UCgeGGkvOMahZo-xu_MSEWxg\"]}]}<\/script>\n<!-- \/ Yoast SEO plugin. -->","yoast_head_json":{"title":"Traneksamik Asit - NATURAL POLAND - Hurtowy Dystrybutor Surowc\u00f3w","description":"Traneksamik asit, anti-aging kozmetikte kullan\u0131lan ayd\u0131nlat\u0131c\u0131, anti-inflamatuar ve koruyucu \u00f6zelliklere sahip \u00e7ok y\u00f6nl\u00fc bir aktif bile\u015fendir.","robots":{"index":"index","follow":"follow","max-snippet":"max-snippet:-1","max-image-preview":"max-image-preview:large","max-video-preview":"max-video-preview:-1"},"canonical":"https:\/\/naturalpoland.com\/tr\/urunler\/kozmetik-hammaddeleri\/asitler\/traneksamik-asit\/","og_locale":"tr_TR","og_type":"article","og_title":"Traneksamik Asit - NATURAL POLAND - Hurtowy Dystrybutor Surowc\u00f3w","og_description":"Traneksamik asit, anti-aging kozmetikte kullan\u0131lan ayd\u0131nlat\u0131c\u0131, anti-inflamatuar ve koruyucu \u00f6zelliklere sahip \u00e7ok y\u00f6nl\u00fc bir aktif bile\u015fendir.","og_url":"https:\/\/naturalpoland.com\/tr\/urunler\/kozmetik-hammaddeleri\/asitler\/traneksamik-asit\/","og_site_name":"NATURAL POLAND - Hurtowy Dystrybutor Surowc\u00f3w","article_publisher":"https:\/\/www.facebook.com\/naturalpoland.b2b","article_modified_time":"2026-03-03T12:58:06+00:00","og_image":[{"width":1139,"height":959,"url":"https:\/\/naturalpoland.com\/wp-content\/uploads\/TRANEXAMIC-ACID.jpg","type":"image\/jpeg"}],"schema":{"@context":"https:\/\/schema.org","@graph":[{"@type":"WebPage","@id":"https:\/\/naturalpoland.com\/tr\/urunler\/kozmetik-hammaddeleri\/asitler\/traneksamik-asit\/","url":"https:\/\/naturalpoland.com\/tr\/urunler\/kozmetik-hammaddeleri\/asitler\/traneksamik-asit\/","name":"Traneksamik Asit - NATURAL POLAND - Hurtowy Dystrybutor Surowc\u00f3w","isPartOf":{"@id":"https:\/\/naturalpoland.com\/tr\/#website"},"primaryImageOfPage":{"@id":"https:\/\/naturalpoland.com\/tr\/urunler\/kozmetik-hammaddeleri\/asitler\/traneksamik-asit\/#primaryimage"},"image":{"@id":"https:\/\/naturalpoland.com\/tr\/urunler\/kozmetik-hammaddeleri\/asitler\/traneksamik-asit\/#primaryimage"},"thumbnailUrl":"https:\/\/naturalpoland.com\/wp-content\/uploads\/TRANEXAMIC-ACID.jpg","datePublished":"2021-07-07T14:06:59+00:00","dateModified":"2026-03-03T12:58:06+00:00","description":"Traneksamik asit, anti-aging kozmetikte kullan\u0131lan ayd\u0131nlat\u0131c\u0131, anti-inflamatuar ve koruyucu \u00f6zelliklere sahip \u00e7ok y\u00f6nl\u00fc bir aktif bile\u015fendir.","breadcrumb":{"@id":"https:\/\/naturalpoland.com\/tr\/urunler\/kozmetik-hammaddeleri\/asitler\/traneksamik-asit\/#breadcrumb"},"inLanguage":"tr","potentialAction":[{"@type":"ReadAction","target":["https:\/\/naturalpoland.com\/tr\/urunler\/kozmetik-hammaddeleri\/asitler\/traneksamik-asit\/"]}]},{"@type":"ImageObject","inLanguage":"tr","@id":"https:\/\/naturalpoland.com\/tr\/urunler\/kozmetik-hammaddeleri\/asitler\/traneksamik-asit\/#primaryimage","url":"https:\/\/naturalpoland.com\/wp-content\/uploads\/TRANEXAMIC-ACID.jpg","contentUrl":"https:\/\/naturalpoland.com\/wp-content\/uploads\/TRANEXAMIC-ACID.jpg","width":1139,"height":959,"caption":"TRANEXAMIC ACID"},{"@type":"BreadcrumbList","@id":"https:\/\/naturalpoland.com\/tr\/urunler\/kozmetik-hammaddeleri\/asitler\/traneksamik-asit\/#breadcrumb","itemListElement":[{"@type":"ListItem","position":1,"name":"Ana Sayfa","item":"https:\/\/naturalpoland.com\/tr\/"},{"@type":"ListItem","position":2,"name":"\u00dcr\u00fcnler","item":"https:\/\/naturalpoland.com\/tr\/urunler\/"},{"@type":"ListItem","position":3,"name":"Traneksamik Asit"}]},{"@type":"WebSite","@id":"https:\/\/naturalpoland.com\/tr\/#website","url":"https:\/\/naturalpoland.com\/tr\/","name":"NATURAL POLAND - Hurtowy Dystrybutor Surowc\u00f3w","description":"Surowce dla przemys\u0142u spo\u017cywczego, kosmetycznego i farmaceutycznego","publisher":{"@id":"https:\/\/naturalpoland.com\/tr\/#organization"},"potentialAction":[{"@type":"SearchAction","target":{"@type":"EntryPoint","urlTemplate":"https:\/\/naturalpoland.com\/tr\/?s={search_term_string}"},"query-input":{"@type":"PropertyValueSpecification","valueRequired":true,"valueName":"search_term_string"}}],"inLanguage":"tr"},{"@type":"Organization","@id":"https:\/\/naturalpoland.com\/tr\/#organization","name":"Natural Poland","url":"https:\/\/naturalpoland.com\/tr\/","logo":{"@type":"ImageObject","inLanguage":"tr","@id":"https:\/\/naturalpoland.com\/tr\/#\/schema\/logo\/image\/","url":"https:\/\/naturalpoland.com\/wp-content\/uploads\/2021\/05\/natural-poland-icon.png","contentUrl":"https:\/\/naturalpoland.com\/wp-content\/uploads\/2021\/05\/natural-poland-icon.png","width":512,"height":512,"caption":"Natural Poland"},"image":{"@id":"https:\/\/naturalpoland.com\/tr\/#\/schema\/logo\/image\/"},"sameAs":["https:\/\/www.facebook.com\/naturalpoland.b2b","https:\/\/pl.linkedin.com\/company\/natural-poland","https:\/\/www.youtube.com\/channel\/UCgeGGkvOMahZo-xu_MSEWxg"]}]}},"_links":{"self":[{"href":"https:\/\/naturalpoland.com\/tr\/wp-json\/wp\/v2\/product\/46348","targetHints":{"allow":["GET"]}}],"collection":[{"href":"https:\/\/naturalpoland.com\/tr\/wp-json\/wp\/v2\/product"}],"about":[{"href":"https:\/\/naturalpoland.com\/tr\/wp-json\/wp\/v2\/types\/product"}],"wp:featuredmedia":[{"embeddable":true,"href":"https:\/\/naturalpoland.com\/tr\/wp-json\/wp\/v2\/media\/46349"}],"wp:attachment":[{"href":"https:\/\/naturalpoland.com\/tr\/wp-json\/wp\/v2\/media?parent=46348"}],"wp:term":[{"taxonomy":"product_brand","embeddable":true,"href":"https:\/\/naturalpoland.com\/tr\/wp-json\/wp\/v2\/product_brand?post=46348"},{"taxonomy":"product_cat","embeddable":true,"href":"https:\/\/naturalpoland.com\/tr\/wp-json\/wp\/v2\/product_cat?post=46348"},{"taxonomy":"product_tag","embeddable":true,"href":"https:\/\/naturalpoland.com\/tr\/wp-json\/wp\/v2\/product_tag?post=46348"}],"curies":[{"name":"wp","href":"https:\/\/api.w.org\/{rel}","templated":true}]}}