{"id":46354,"date":"2023-07-18T11:33:40","date_gmt":"2023-07-18T09:33:40","guid":{"rendered":"https:\/\/naturalpoland.com\/produkty\/kategorilenmemis\/kreatin-monohidrat\/"},"modified":"2026-03-03T13:58:34","modified_gmt":"2026-03-03T12:58:34","slug":"kreatin-monohidrat","status":"publish","type":"product","link":"https:\/\/naturalpoland.com\/tr\/urunler\/farmasotik-hammaddeler\/amino-asitler\/kreatin-monohidrat\/","title":{"rendered":"Kreatin Monohidrat"},"content":{"rendered":"<h3>Kreatin Monohidrat Nedir?<\/h3>\n<p>Kreatin Monohidrat, fitness ve v\u00fccut geli\u015ftirme d\u00fcnyas\u0131nda devrim yaratan bir takviyedir. Sa\u011fl\u0131k ve fiziksel performans \u00fczerindeki bilimsel olarak kan\u0131tlanm\u0131\u015f faydalar\u0131, onu d\u00fcnyan\u0131n en pop\u00fcler ve en \u00e7ok kullan\u0131lan takviyelerinden biri haline getirmi\u015ftir. V\u00fccuttaki rol\u00fc g\u00f6z ard\u0131 edilemez; kreatin, kaslar\u0131m\u0131za enerji sa\u011flamaya yard\u0131mc\u0131 olur, bu da dayan\u0131kl\u0131l\u0131k, g\u00fc\u00e7 ve kas b\u00fcy\u00fcmesi i\u00e7in kritik \u00f6neme sahiptir.  <\/p>\n<p>Kreatin Monohidrat, bu takviyenin en saf ve en etkili formudur. Kreatin, v\u00fccutta do\u011fal olarak bulunan ve kaslara enerji sa\u011flamaya yard\u0131mc\u0131 olan bir maddedir. B\u00f6breklerimizde, karaci\u011ferimizde ve pankreas\u0131m\u0131zda \u00fcretilir, ard\u0131ndan kan yoluyla kaslara ta\u015f\u0131n\u0131r. Ancak, \u00f6zellikle yo\u011fun antrenman yapan ki\u015filer i\u00e7in do\u011fal kreatin \u00fcretimi genellikle yeterli de\u011fildir. Kreatin monohidrat takviyesi, bu maddeye olan ihtiyac\u0131 kar\u015f\u0131lamaya yard\u0131mc\u0131 olarak kaslara yo\u011fun egzersizler i\u00e7in gerekli olan ek enerjiyi sa\u011flar.    <\/p>\n<h3>Kreatin Monohidrat &#8211; Faydalar\u0131<\/h3>\n<p>Kreatin monohidrat takviyesinin bir\u00e7ok faydas\u0131 vard\u0131r. Birincisi, <strong>kas dayan\u0131kl\u0131l\u0131\u011f\u0131n\u0131 ve g\u00fcc\u00fcn\u00fc art\u0131rmaya yard\u0131mc\u0131 olur<\/strong>, bu da daha uzun ve daha yo\u011fun antrenmanlara olanak tan\u0131r. \u0130kincisi, <strong>antrenman sonras\u0131 kas iyile\u015fmesini h\u0131zland\u0131rmaya yard\u0131mc\u0131 olur<\/strong>, bu da kas b\u00fcy\u00fcmesi i\u00e7in kritik \u00f6neme sahiptir. \u00dc\u00e7\u00fcnc\u00fcs\u00fc, kreatin monohidrat <strong>kas h\u00fccrelerinde depolanan su miktar\u0131n\u0131 art\u0131rarak kas hacmini art\u0131rmaya yard\u0131mc\u0131 olur<\/strong>.    Bu, kaslar\u0131n daha b\u00fcy\u00fck ve dolgun g\u00f6r\u00fcnmesini sa\u011flar.<\/p>\n<p>Kreatin Monohidrat <strong>kolayca emilir ve kullan\u0131m\u0131 g\u00fcvenlidir<\/strong>. Hem kuvvet antrenman\u0131na yeni ba\u015flayanlar hem de deneyimli v\u00fccut geli\u015ftiriciler i\u00e7in \u00f6nerilir. \u0130lerleme seviyeniz ne olursa olsun, kreatin monohidrat, antrenman hedeflerinize ula\u015fman\u0131za yard\u0131mc\u0131 olacak \u00f6nemli bir takviyedir.  <\/p>\n<h3>Mikronize Kreatin Monohidrat<\/h3>\n<p>Mikronizasyon, madde par\u00e7ac\u0131klar\u0131n\u0131n art\u0131r\u0131lm\u0131\u015f y\u00fczey alan\u0131na sahip \u00e7ok k\u00fc\u00e7\u00fck par\u00e7ac\u0131klara ayr\u0131\u015ft\u0131r\u0131ld\u0131\u011f\u0131 bir i\u015flemdir. Kreatin monohidrat durumunda, mikronizasyon <strong>daha ince bir kreatin par\u00e7ac\u0131k yap\u0131s\u0131<\/strong> elde edilmesini sa\u011flar. Bu sayede \u00fcr\u00fcn, suda veya di\u011fer s\u0131v\u0131larda daha kolay \u00e7\u00f6z\u00fcn\u00fcr, bu da t\u00fcketimini kolayla\u015ft\u0131r\u0131r. Ek olarak, mikronize kreatin v\u00fccut taraf\u0131ndan daha iyi emilebilir, bu da daha etkili antrenman sonu\u00e7lar\u0131na katk\u0131da bulunabilir.   <\/p>\n<hr>\n<h2>CreaXorb\u2122 LSMe<\/h2>\n<p><strong>CreaXorb\u2122 LSMe<\/strong>, fiziksel performans\u0131, bili\u015fsel i\u015flevleri ve n\u00f6rolojik sa\u011fl\u0131\u011f\u0131 destekleyen bilinen bir bile\u015fen olan kreatin monohidrat\u0131n biyoyararlan\u0131m\u0131n\u0131 \u00f6nemli \u00f6l\u00e7\u00fcde art\u0131ran BioSNEDS\u2122 teknolojisine dayal\u0131 geli\u015fmi\u015f bir \u00fcr\u00fcnd\u00fcr.<\/p>\n<h3>BioSNEDS\u2122 teknolojisinin avantajlar\u0131<\/h3>\n<ul>\n<li>CreaXorb\u2122, geleneksel kreatin monohidrata k\u0131yasla 20 kat daha fazla biyoyararlan\u0131ma sahiptir, bu da BioSNEDS\u2122&#8217;teki 250 mg aktif kreatinin, 5000 mg geleneksel kreatin monohidrata biyo-e\u015fde\u011fer oldu\u011fu anlam\u0131na gelir.<\/li>\n<li>Kilogram ba\u015f\u0131na daha fazla doz &#8211; geleneksel kreatin monohidrat\u0131n 196 dozuna k\u0131yasla kilogram ba\u015f\u0131na 800 doz.<\/li>\n<li>N\u00f6tr tada sahip ve kokusuz toz ve em\u00fclsiyon formlar\u0131nda mevcuttur.<\/li>\n<\/ul>\n<h3>Kullan\u0131m:<\/h3>\n<p>Besin takviyeleri, fonksiyonel g\u0131dalar, topikal kozmetikler, hayvan g\u0131da takviyeleri.<\/p>\n<h3>Sa\u011fl\u0131k faydalar\u0131:<\/h3>\n<ul>\n<li>Bili\u015fsel i\u015flevleri ve n\u00f6rolojik sa\u011fl\u0131\u011f\u0131 iyile\u015ftirir.<\/li>\n<li>Kas onar\u0131m\u0131n\u0131, i\u015flevini, dayan\u0131kl\u0131l\u0131\u011f\u0131n\u0131 ve b\u00fcy\u00fcmesini destekler.<\/li>\n<li>Enerji \u00fcretimini ve fiziksel efor sonras\u0131 iyile\u015fmeyi destekler.<\/li>\n<li>Kemik sa\u011fl\u0131\u011f\u0131n\u0131 destekler.<\/li>\n<li>Antioksidan destek olarak i\u015flev g\u00f6r\u00fcr.<\/li>\n<\/ul>\n","protected":false},"excerpt":{"rendered":"<p><strong>Kreatin Monohidrat<\/strong>, yo\u011fun kuvvet antrenman\u0131 yapan ki\u015filer i\u00e7in vazge\u00e7ilmez, g\u00fcc\u00fc, dayan\u0131kl\u0131l\u0131\u011f\u0131 ve kas hacmini art\u0131ran y\u00fcksek kaliteli bir takviyedir. Bu \u00fcr\u00fcn <strong>mikronizedir<\/strong>, bu da \u00e7\u00f6z\u00fcn\u00fcrl\u00fc\u011f\u00fcn\u00fc ve potansiyel olarak daha iyi emilimini art\u0131rarak daha etkili antrenman sonu\u00e7lar\u0131na katk\u0131da bulunur. <\/p>\n","protected":false},"featured_media":46355,"template":"","meta":{"_acf_changed":false},"product_brand":[],"product_cat":[9539,9540],"product_tag":[],"class_list":{"0":"post-46354","1":"product","2":"type-product","3":"status-publish","4":"has-post-thumbnail","6":"product_cat-amino-asitler","7":"product_cat-takviye-edici-gida-bilesenleri","8":"pa_grupa-substancji-nutrasotikler","9":"pa_technologia-biosneds-teknolojisi","11":"first","12":"instock","13":"shipping-taxable","14":"product-type-simple"},"acf":[],"yoast_head":"<!-- This site is optimized with the Yoast SEO plugin v27.4 - https:\/\/yoast.com\/product\/yoast-seo-wordpress\/ -->\n<title>Kreatin Monohidrat - NATURAL POLAND - Hurtowy Dystrybutor Surowc\u00f3w<\/title>\n<meta name=\"description\" content=\"Mikronize Kreatin Monohidrat, kas g\u00fcc\u00fcn\u00fc, dayan\u0131kl\u0131l\u0131\u011f\u0131n\u0131 ve hacmini art\u0131ran bir takviyedir. Kolayca emilir ve kullan\u0131m\u0131 g\u00fcvenlidir.\" \/>\n<meta name=\"robots\" content=\"index, follow, max-snippet:-1, max-image-preview:large, max-video-preview:-1\" \/>\n<link rel=\"canonical\" href=\"https:\/\/naturalpoland.com\/tr\/urunler\/farmasotik-hammaddeler\/amino-asitler\/kreatin-monohidrat\/\" \/>\n<meta property=\"og:locale\" content=\"tr_TR\" \/>\n<meta property=\"og:type\" content=\"article\" \/>\n<meta property=\"og:title\" content=\"Kreatin Monohidrat - NATURAL POLAND - Hurtowy Dystrybutor Surowc\u00f3w\" \/>\n<meta property=\"og:description\" content=\"Mikronize Kreatin Monohidrat, kas g\u00fcc\u00fcn\u00fc, dayan\u0131kl\u0131l\u0131\u011f\u0131n\u0131 ve hacmini art\u0131ran bir takviyedir. Kolayca emilir ve kullan\u0131m\u0131 g\u00fcvenlidir.\" \/>\n<meta property=\"og:url\" content=\"https:\/\/naturalpoland.com\/tr\/urunler\/farmasotik-hammaddeler\/amino-asitler\/kreatin-monohidrat\/\" \/>\n<meta property=\"og:site_name\" content=\"NATURAL POLAND - Hurtowy Dystrybutor Surowc\u00f3w\" \/>\n<meta property=\"article:publisher\" content=\"https:\/\/www.facebook.com\/naturalpoland.b2b\" \/>\n<meta property=\"article:modified_time\" content=\"2026-03-03T12:58:34+00:00\" \/>\n<meta property=\"og:image\" content=\"https:\/\/naturalpoland.com\/wp-content\/uploads\/creatine-monohydrate.png\" \/>\n\t<meta property=\"og:image:width\" content=\"583\" \/>\n\t<meta property=\"og:image:height\" content=\"583\" \/>\n\t<meta property=\"og:image:type\" content=\"image\/png\" \/>\n<script type=\"application\/ld+json\" class=\"yoast-schema-graph\">{\"@context\":\"https:\\\/\\\/schema.org\",\"@graph\":[{\"@type\":\"WebPage\",\"@id\":\"https:\\\/\\\/naturalpoland.com\\\/tr\\\/urunler\\\/farmasotik-hammaddeler\\\/amino-asitler\\\/kreatin-monohidrat\\\/\",\"url\":\"https:\\\/\\\/naturalpoland.com\\\/tr\\\/urunler\\\/farmasotik-hammaddeler\\\/amino-asitler\\\/kreatin-monohidrat\\\/\",\"name\":\"Kreatin Monohidrat - NATURAL POLAND - Hurtowy Dystrybutor Surowc\u00f3w\",\"isPartOf\":{\"@id\":\"https:\\\/\\\/naturalpoland.com\\\/tr\\\/#website\"},\"primaryImageOfPage\":{\"@id\":\"https:\\\/\\\/naturalpoland.com\\\/tr\\\/urunler\\\/farmasotik-hammaddeler\\\/amino-asitler\\\/kreatin-monohidrat\\\/#primaryimage\"},\"image\":{\"@id\":\"https:\\\/\\\/naturalpoland.com\\\/tr\\\/urunler\\\/farmasotik-hammaddeler\\\/amino-asitler\\\/kreatin-monohidrat\\\/#primaryimage\"},\"thumbnailUrl\":\"https:\\\/\\\/naturalpoland.com\\\/wp-content\\\/uploads\\\/creatine-monohydrate.png\",\"datePublished\":\"2023-07-18T09:33:40+00:00\",\"dateModified\":\"2026-03-03T12:58:34+00:00\",\"description\":\"Mikronize Kreatin Monohidrat, kas g\u00fcc\u00fcn\u00fc, dayan\u0131kl\u0131l\u0131\u011f\u0131n\u0131 ve hacmini art\u0131ran bir takviyedir. Kolayca emilir ve kullan\u0131m\u0131 g\u00fcvenlidir.\",\"breadcrumb\":{\"@id\":\"https:\\\/\\\/naturalpoland.com\\\/tr\\\/urunler\\\/farmasotik-hammaddeler\\\/amino-asitler\\\/kreatin-monohidrat\\\/#breadcrumb\"},\"inLanguage\":\"tr\",\"potentialAction\":[{\"@type\":\"ReadAction\",\"target\":[\"https:\\\/\\\/naturalpoland.com\\\/tr\\\/urunler\\\/farmasotik-hammaddeler\\\/amino-asitler\\\/kreatin-monohidrat\\\/\"]}]},{\"@type\":\"ImageObject\",\"inLanguage\":\"tr\",\"@id\":\"https:\\\/\\\/naturalpoland.com\\\/tr\\\/urunler\\\/farmasotik-hammaddeler\\\/amino-asitler\\\/kreatin-monohidrat\\\/#primaryimage\",\"url\":\"https:\\\/\\\/naturalpoland.com\\\/wp-content\\\/uploads\\\/creatine-monohydrate.png\",\"contentUrl\":\"https:\\\/\\\/naturalpoland.com\\\/wp-content\\\/uploads\\\/creatine-monohydrate.png\",\"width\":583,\"height\":583,\"caption\":\"kreatin monohidrat\"},{\"@type\":\"BreadcrumbList\",\"@id\":\"https:\\\/\\\/naturalpoland.com\\\/tr\\\/urunler\\\/farmasotik-hammaddeler\\\/amino-asitler\\\/kreatin-monohidrat\\\/#breadcrumb\",\"itemListElement\":[{\"@type\":\"ListItem\",\"position\":1,\"name\":\"Ana Sayfa\",\"item\":\"https:\\\/\\\/naturalpoland.com\\\/tr\\\/\"},{\"@type\":\"ListItem\",\"position\":2,\"name\":\"\u00dcr\u00fcnler\",\"item\":\"https:\\\/\\\/naturalpoland.com\\\/tr\\\/urunler\\\/\"},{\"@type\":\"ListItem\",\"position\":3,\"name\":\"Kreatin Monohidrat\"}]},{\"@type\":\"WebSite\",\"@id\":\"https:\\\/\\\/naturalpoland.com\\\/tr\\\/#website\",\"url\":\"https:\\\/\\\/naturalpoland.com\\\/tr\\\/\",\"name\":\"NATURAL POLAND - Hurtowy Dystrybutor Surowc\u00f3w\",\"description\":\"Surowce dla przemys\u0142u spo\u017cywczego, kosmetycznego i farmaceutycznego\",\"publisher\":{\"@id\":\"https:\\\/\\\/naturalpoland.com\\\/tr\\\/#organization\"},\"potentialAction\":[{\"@type\":\"SearchAction\",\"target\":{\"@type\":\"EntryPoint\",\"urlTemplate\":\"https:\\\/\\\/naturalpoland.com\\\/tr\\\/?s={search_term_string}\"},\"query-input\":{\"@type\":\"PropertyValueSpecification\",\"valueRequired\":true,\"valueName\":\"search_term_string\"}}],\"inLanguage\":\"tr\"},{\"@type\":\"Organization\",\"@id\":\"https:\\\/\\\/naturalpoland.com\\\/tr\\\/#organization\",\"name\":\"Natural Poland\",\"url\":\"https:\\\/\\\/naturalpoland.com\\\/tr\\\/\",\"logo\":{\"@type\":\"ImageObject\",\"inLanguage\":\"tr\",\"@id\":\"https:\\\/\\\/naturalpoland.com\\\/tr\\\/#\\\/schema\\\/logo\\\/image\\\/\",\"url\":\"https:\\\/\\\/naturalpoland.com\\\/wp-content\\\/uploads\\\/2021\\\/05\\\/natural-poland-icon.png\",\"contentUrl\":\"https:\\\/\\\/naturalpoland.com\\\/wp-content\\\/uploads\\\/2021\\\/05\\\/natural-poland-icon.png\",\"width\":512,\"height\":512,\"caption\":\"Natural Poland\"},\"image\":{\"@id\":\"https:\\\/\\\/naturalpoland.com\\\/tr\\\/#\\\/schema\\\/logo\\\/image\\\/\"},\"sameAs\":[\"https:\\\/\\\/www.facebook.com\\\/naturalpoland.b2b\",\"https:\\\/\\\/pl.linkedin.com\\\/company\\\/natural-poland\",\"https:\\\/\\\/www.youtube.com\\\/channel\\\/UCgeGGkvOMahZo-xu_MSEWxg\"]}]}<\/script>\n<!-- \/ Yoast SEO plugin. -->","yoast_head_json":{"title":"Kreatin Monohidrat - NATURAL POLAND - Hurtowy Dystrybutor Surowc\u00f3w","description":"Mikronize Kreatin Monohidrat, kas g\u00fcc\u00fcn\u00fc, dayan\u0131kl\u0131l\u0131\u011f\u0131n\u0131 ve hacmini art\u0131ran bir takviyedir. Kolayca emilir ve kullan\u0131m\u0131 g\u00fcvenlidir.","robots":{"index":"index","follow":"follow","max-snippet":"max-snippet:-1","max-image-preview":"max-image-preview:large","max-video-preview":"max-video-preview:-1"},"canonical":"https:\/\/naturalpoland.com\/tr\/urunler\/farmasotik-hammaddeler\/amino-asitler\/kreatin-monohidrat\/","og_locale":"tr_TR","og_type":"article","og_title":"Kreatin Monohidrat - NATURAL POLAND - Hurtowy Dystrybutor Surowc\u00f3w","og_description":"Mikronize Kreatin Monohidrat, kas g\u00fcc\u00fcn\u00fc, dayan\u0131kl\u0131l\u0131\u011f\u0131n\u0131 ve hacmini art\u0131ran bir takviyedir. Kolayca emilir ve kullan\u0131m\u0131 g\u00fcvenlidir.","og_url":"https:\/\/naturalpoland.com\/tr\/urunler\/farmasotik-hammaddeler\/amino-asitler\/kreatin-monohidrat\/","og_site_name":"NATURAL POLAND - Hurtowy Dystrybutor Surowc\u00f3w","article_publisher":"https:\/\/www.facebook.com\/naturalpoland.b2b","article_modified_time":"2026-03-03T12:58:34+00:00","og_image":[{"width":583,"height":583,"url":"https:\/\/naturalpoland.com\/wp-content\/uploads\/creatine-monohydrate.png","type":"image\/png"}],"schema":{"@context":"https:\/\/schema.org","@graph":[{"@type":"WebPage","@id":"https:\/\/naturalpoland.com\/tr\/urunler\/farmasotik-hammaddeler\/amino-asitler\/kreatin-monohidrat\/","url":"https:\/\/naturalpoland.com\/tr\/urunler\/farmasotik-hammaddeler\/amino-asitler\/kreatin-monohidrat\/","name":"Kreatin Monohidrat - NATURAL POLAND - Hurtowy Dystrybutor Surowc\u00f3w","isPartOf":{"@id":"https:\/\/naturalpoland.com\/tr\/#website"},"primaryImageOfPage":{"@id":"https:\/\/naturalpoland.com\/tr\/urunler\/farmasotik-hammaddeler\/amino-asitler\/kreatin-monohidrat\/#primaryimage"},"image":{"@id":"https:\/\/naturalpoland.com\/tr\/urunler\/farmasotik-hammaddeler\/amino-asitler\/kreatin-monohidrat\/#primaryimage"},"thumbnailUrl":"https:\/\/naturalpoland.com\/wp-content\/uploads\/creatine-monohydrate.png","datePublished":"2023-07-18T09:33:40+00:00","dateModified":"2026-03-03T12:58:34+00:00","description":"Mikronize Kreatin Monohidrat, kas g\u00fcc\u00fcn\u00fc, dayan\u0131kl\u0131l\u0131\u011f\u0131n\u0131 ve hacmini art\u0131ran bir takviyedir. Kolayca emilir ve kullan\u0131m\u0131 g\u00fcvenlidir.","breadcrumb":{"@id":"https:\/\/naturalpoland.com\/tr\/urunler\/farmasotik-hammaddeler\/amino-asitler\/kreatin-monohidrat\/#breadcrumb"},"inLanguage":"tr","potentialAction":[{"@type":"ReadAction","target":["https:\/\/naturalpoland.com\/tr\/urunler\/farmasotik-hammaddeler\/amino-asitler\/kreatin-monohidrat\/"]}]},{"@type":"ImageObject","inLanguage":"tr","@id":"https:\/\/naturalpoland.com\/tr\/urunler\/farmasotik-hammaddeler\/amino-asitler\/kreatin-monohidrat\/#primaryimage","url":"https:\/\/naturalpoland.com\/wp-content\/uploads\/creatine-monohydrate.png","contentUrl":"https:\/\/naturalpoland.com\/wp-content\/uploads\/creatine-monohydrate.png","width":583,"height":583,"caption":"kreatin monohidrat"},{"@type":"BreadcrumbList","@id":"https:\/\/naturalpoland.com\/tr\/urunler\/farmasotik-hammaddeler\/amino-asitler\/kreatin-monohidrat\/#breadcrumb","itemListElement":[{"@type":"ListItem","position":1,"name":"Ana Sayfa","item":"https:\/\/naturalpoland.com\/tr\/"},{"@type":"ListItem","position":2,"name":"\u00dcr\u00fcnler","item":"https:\/\/naturalpoland.com\/tr\/urunler\/"},{"@type":"ListItem","position":3,"name":"Kreatin Monohidrat"}]},{"@type":"WebSite","@id":"https:\/\/naturalpoland.com\/tr\/#website","url":"https:\/\/naturalpoland.com\/tr\/","name":"NATURAL POLAND - Hurtowy Dystrybutor Surowc\u00f3w","description":"Surowce dla przemys\u0142u spo\u017cywczego, kosmetycznego i farmaceutycznego","publisher":{"@id":"https:\/\/naturalpoland.com\/tr\/#organization"},"potentialAction":[{"@type":"SearchAction","target":{"@type":"EntryPoint","urlTemplate":"https:\/\/naturalpoland.com\/tr\/?s={search_term_string}"},"query-input":{"@type":"PropertyValueSpecification","valueRequired":true,"valueName":"search_term_string"}}],"inLanguage":"tr"},{"@type":"Organization","@id":"https:\/\/naturalpoland.com\/tr\/#organization","name":"Natural Poland","url":"https:\/\/naturalpoland.com\/tr\/","logo":{"@type":"ImageObject","inLanguage":"tr","@id":"https:\/\/naturalpoland.com\/tr\/#\/schema\/logo\/image\/","url":"https:\/\/naturalpoland.com\/wp-content\/uploads\/2021\/05\/natural-poland-icon.png","contentUrl":"https:\/\/naturalpoland.com\/wp-content\/uploads\/2021\/05\/natural-poland-icon.png","width":512,"height":512,"caption":"Natural Poland"},"image":{"@id":"https:\/\/naturalpoland.com\/tr\/#\/schema\/logo\/image\/"},"sameAs":["https:\/\/www.facebook.com\/naturalpoland.b2b","https:\/\/pl.linkedin.com\/company\/natural-poland","https:\/\/www.youtube.com\/channel\/UCgeGGkvOMahZo-xu_MSEWxg"]}]}},"_links":{"self":[{"href":"https:\/\/naturalpoland.com\/tr\/wp-json\/wp\/v2\/product\/46354","targetHints":{"allow":["GET"]}}],"collection":[{"href":"https:\/\/naturalpoland.com\/tr\/wp-json\/wp\/v2\/product"}],"about":[{"href":"https:\/\/naturalpoland.com\/tr\/wp-json\/wp\/v2\/types\/product"}],"wp:featuredmedia":[{"embeddable":true,"href":"https:\/\/naturalpoland.com\/tr\/wp-json\/wp\/v2\/media\/46355"}],"wp:attachment":[{"href":"https:\/\/naturalpoland.com\/tr\/wp-json\/wp\/v2\/media?parent=46354"}],"wp:term":[{"taxonomy":"product_brand","embeddable":true,"href":"https:\/\/naturalpoland.com\/tr\/wp-json\/wp\/v2\/product_brand?post=46354"},{"taxonomy":"product_cat","embeddable":true,"href":"https:\/\/naturalpoland.com\/tr\/wp-json\/wp\/v2\/product_cat?post=46354"},{"taxonomy":"product_tag","embeddable":true,"href":"https:\/\/naturalpoland.com\/tr\/wp-json\/wp\/v2\/product_tag?post=46354"}],"curies":[{"name":"wp","href":"https:\/\/api.w.org\/{rel}","templated":true}]}}