{"id":46364,"date":"2023-10-02T13:45:33","date_gmt":"2023-10-02T11:45:33","guid":{"rendered":"https:\/\/naturalpoland.com\/produkty\/kategorilenmemis\/bezelye-proteini\/"},"modified":"2026-03-03T14:03:02","modified_gmt":"2026-03-03T13:03:02","slug":"bezelye-proteini","status":"publish","type":"product","link":"https:\/\/naturalpoland.com\/tr\/urunler\/gida-hammaddeleri\/bitkisel-proteinler\/bezelye-proteini\/","title":{"rendered":"Bezelye Proteini"},"content":{"rendered":"<p>Bezelye proteini, v\u00fccudun kendi ba\u015f\u0131na \u00fcretemedi\u011fi esansiyel amino asitler de dahil olmak \u00fczere amino asitler a\u00e7\u0131s\u0131ndan zengindir. Bu sayede kas yenilenmesini, metabolik s\u00fcre\u00e7leri ve kas dokusunun do\u011fru yap\u0131s\u0131n\u0131 destekler. <\/p>\n<p><strong>Bezelye proteini %80<\/strong>, sporcular ve formuna dikkat eden ki\u015filer taraf\u0131ndan \u00f6zellikle tercih edilmektedir. Y\u00fcksek protein i\u00e7eri\u011fi ve d\u00fc\u015f\u00fck karbonhidrat ile ya\u011f oran\u0131 sayesinde, antrenman yapanlar i\u00e7in ideal bir destektir. <strong>Bezelye proteini %50<\/strong> ise diyetini ek bir protein kayna\u011f\u0131yla zenginle\u015ftirmek isteyenler i\u00e7in harika bir se\u00e7enektir. <\/p>\n<p>Kolay sindirilebilir bir protein olup, sindirim sistemini yormaz ve g\u0131da alerjilerine neden olmaz, bu sayede \u00e7o\u011fu t\u00fcketici i\u00e7in g\u00fcvenlidir. Hafif ve n\u00f6tr tad\u0131 sayesinde \u00e7e\u015fitli \u00fcr\u00fcnlerle m\u00fckemmel uyum sa\u011flar; smoothie&#8217;lere, protein kokteyllerine, unlu mamullere veya ana yemeklere harika bir katk\u0131 sunar. <\/p>\n<p>Bezelye proteininin ek bir avantaj\u0131 da \u00e7evre \u00fczerindeki olumlu etkisidir. Bu proteinin \u00fcretimi, hayvansal protein \u00fcretimine g\u00f6re \u00e7ok daha \u00e7evresel olarak s\u00fcrd\u00fcr\u00fclebilirdir, bu da giderek artan say\u0131da \u00e7evre bilincine sahip t\u00fcketici i\u00e7in \u00f6nemli bir arg\u00fcmand\u0131r. <\/p>\n","protected":false},"excerpt":{"rendered":"<p>Bezelye proteini, piyasadaki en \u00e7ok y\u00f6nl\u00fc bitkisel proteinlerden biridir. Alternatif protein kaynaklar\u0131na y\u00f6nelik artan talebi kar\u015f\u0131layan evrensel bir \u00fcr\u00fcnd\u00fcr. Hem aktif bir ya\u015fam tarz\u0131 s\u00fcrenler hem de sa\u011fl\u0131k veya etik nedenlerle hayvansal proteinlere alternatif arayanlar i\u00e7in faydal\u0131d\u0131r.  <\/p>\n","protected":false},"featured_media":46365,"template":"","meta":{"_acf_changed":false},"product_brand":[],"product_cat":[9567,9540],"product_tag":[],"class_list":{"0":"post-46364","1":"product","2":"type-product","3":"status-publish","4":"has-post-thumbnail","6":"product_cat-bitkisel-proteinler","7":"product_cat-takviye-edici-gida-bilesenleri","9":"first","10":"instock","11":"shipping-taxable","12":"product-type-simple"},"acf":[],"yoast_head":"<!-- This site is optimized with the Yoast SEO plugin v27.4 - https:\/\/yoast.com\/product\/yoast-seo-wordpress\/ -->\n<title>Bezelye Proteini - Hurtowy Dystrybutor<\/title>\n<meta name=\"description\" content=\"Bezelye proteini, piyasadaki en \u00e7ok y\u00f6nl\u00fc bitkisel proteinlerden biridir. Alternatif protein kaynaklar\u0131na y\u00f6nelik artan talebi kar\u015f\u0131lamaktad\u0131r.\" \/>\n<meta name=\"robots\" content=\"index, follow, max-snippet:-1, max-image-preview:large, max-video-preview:-1\" \/>\n<link rel=\"canonical\" href=\"https:\/\/naturalpoland.com\/tr\/urunler\/gida-hammaddeleri\/bitkisel-proteinler\/bezelye-proteini\/\" \/>\n<meta property=\"og:locale\" content=\"tr_TR\" \/>\n<meta property=\"og:type\" content=\"article\" \/>\n<meta property=\"og:title\" content=\"Bezelye Proteini - Hurtowy Dystrybutor\" \/>\n<meta property=\"og:description\" content=\"Bezelye proteini, piyasadaki en \u00e7ok y\u00f6nl\u00fc bitkisel proteinlerden biridir. Alternatif protein kaynaklar\u0131na y\u00f6nelik artan talebi kar\u015f\u0131lamaktad\u0131r.\" \/>\n<meta property=\"og:url\" content=\"https:\/\/naturalpoland.com\/tr\/urunler\/gida-hammaddeleri\/bitkisel-proteinler\/bezelye-proteini\/\" \/>\n<meta property=\"og:site_name\" content=\"NATURAL POLAND - Hurtowy Dystrybutor Surowc\u00f3w\" \/>\n<meta property=\"article:publisher\" content=\"https:\/\/www.facebook.com\/naturalpoland.b2b\" \/>\n<meta property=\"article:modified_time\" content=\"2026-03-03T13:03:02+00:00\" \/>\n<meta property=\"og:image\" content=\"https:\/\/naturalpoland.com\/wp-content\/uploads\/bialko-grochu.jpg\" \/>\n\t<meta property=\"og:image:width\" content=\"650\" \/>\n\t<meta property=\"og:image:height\" content=\"650\" \/>\n\t<meta property=\"og:image:type\" content=\"image\/jpeg\" \/>\n<script type=\"application\/ld+json\" class=\"yoast-schema-graph\">{\"@context\":\"https:\\\/\\\/schema.org\",\"@graph\":[{\"@type\":\"WebPage\",\"@id\":\"https:\\\/\\\/naturalpoland.com\\\/tr\\\/urunler\\\/gida-hammaddeleri\\\/bitkisel-proteinler\\\/bezelye-proteini\\\/\",\"url\":\"https:\\\/\\\/naturalpoland.com\\\/tr\\\/urunler\\\/gida-hammaddeleri\\\/bitkisel-proteinler\\\/bezelye-proteini\\\/\",\"name\":\"Bezelye Proteini - Hurtowy Dystrybutor\",\"isPartOf\":{\"@id\":\"https:\\\/\\\/naturalpoland.com\\\/tr\\\/#website\"},\"primaryImageOfPage\":{\"@id\":\"https:\\\/\\\/naturalpoland.com\\\/tr\\\/urunler\\\/gida-hammaddeleri\\\/bitkisel-proteinler\\\/bezelye-proteini\\\/#primaryimage\"},\"image\":{\"@id\":\"https:\\\/\\\/naturalpoland.com\\\/tr\\\/urunler\\\/gida-hammaddeleri\\\/bitkisel-proteinler\\\/bezelye-proteini\\\/#primaryimage\"},\"thumbnailUrl\":\"https:\\\/\\\/naturalpoland.com\\\/wp-content\\\/uploads\\\/bialko-grochu.jpg\",\"datePublished\":\"2023-10-02T11:45:33+00:00\",\"dateModified\":\"2026-03-03T13:03:02+00:00\",\"description\":\"Bezelye proteini, piyasadaki en \u00e7ok y\u00f6nl\u00fc bitkisel proteinlerden biridir. Alternatif protein kaynaklar\u0131na y\u00f6nelik artan talebi kar\u015f\u0131lamaktad\u0131r.\",\"breadcrumb\":{\"@id\":\"https:\\\/\\\/naturalpoland.com\\\/tr\\\/urunler\\\/gida-hammaddeleri\\\/bitkisel-proteinler\\\/bezelye-proteini\\\/#breadcrumb\"},\"inLanguage\":\"tr\",\"potentialAction\":[{\"@type\":\"ReadAction\",\"target\":[\"https:\\\/\\\/naturalpoland.com\\\/tr\\\/urunler\\\/gida-hammaddeleri\\\/bitkisel-proteinler\\\/bezelye-proteini\\\/\"]}]},{\"@type\":\"ImageObject\",\"inLanguage\":\"tr\",\"@id\":\"https:\\\/\\\/naturalpoland.com\\\/tr\\\/urunler\\\/gida-hammaddeleri\\\/bitkisel-proteinler\\\/bezelye-proteini\\\/#primaryimage\",\"url\":\"https:\\\/\\\/naturalpoland.com\\\/wp-content\\\/uploads\\\/bialko-grochu.jpg\",\"contentUrl\":\"https:\\\/\\\/naturalpoland.com\\\/wp-content\\\/uploads\\\/bialko-grochu.jpg\",\"width\":650,\"height\":650,\"caption\":\"bezelye proteini\"},{\"@type\":\"BreadcrumbList\",\"@id\":\"https:\\\/\\\/naturalpoland.com\\\/tr\\\/urunler\\\/gida-hammaddeleri\\\/bitkisel-proteinler\\\/bezelye-proteini\\\/#breadcrumb\",\"itemListElement\":[{\"@type\":\"ListItem\",\"position\":1,\"name\":\"Ana Sayfa\",\"item\":\"https:\\\/\\\/naturalpoland.com\\\/tr\\\/\"},{\"@type\":\"ListItem\",\"position\":2,\"name\":\"\u00dcr\u00fcnler\",\"item\":\"https:\\\/\\\/naturalpoland.com\\\/tr\\\/urunler\\\/\"},{\"@type\":\"ListItem\",\"position\":3,\"name\":\"Bezelye Proteini\"}]},{\"@type\":\"WebSite\",\"@id\":\"https:\\\/\\\/naturalpoland.com\\\/tr\\\/#website\",\"url\":\"https:\\\/\\\/naturalpoland.com\\\/tr\\\/\",\"name\":\"NATURAL POLAND - Hurtowy Dystrybutor Surowc\u00f3w\",\"description\":\"Surowce dla przemys\u0142u spo\u017cywczego, kosmetycznego i farmaceutycznego\",\"publisher\":{\"@id\":\"https:\\\/\\\/naturalpoland.com\\\/tr\\\/#organization\"},\"potentialAction\":[{\"@type\":\"SearchAction\",\"target\":{\"@type\":\"EntryPoint\",\"urlTemplate\":\"https:\\\/\\\/naturalpoland.com\\\/tr\\\/?s={search_term_string}\"},\"query-input\":{\"@type\":\"PropertyValueSpecification\",\"valueRequired\":true,\"valueName\":\"search_term_string\"}}],\"inLanguage\":\"tr\"},{\"@type\":\"Organization\",\"@id\":\"https:\\\/\\\/naturalpoland.com\\\/tr\\\/#organization\",\"name\":\"Natural Poland\",\"url\":\"https:\\\/\\\/naturalpoland.com\\\/tr\\\/\",\"logo\":{\"@type\":\"ImageObject\",\"inLanguage\":\"tr\",\"@id\":\"https:\\\/\\\/naturalpoland.com\\\/tr\\\/#\\\/schema\\\/logo\\\/image\\\/\",\"url\":\"https:\\\/\\\/naturalpoland.com\\\/wp-content\\\/uploads\\\/2021\\\/05\\\/natural-poland-icon.png\",\"contentUrl\":\"https:\\\/\\\/naturalpoland.com\\\/wp-content\\\/uploads\\\/2021\\\/05\\\/natural-poland-icon.png\",\"width\":512,\"height\":512,\"caption\":\"Natural Poland\"},\"image\":{\"@id\":\"https:\\\/\\\/naturalpoland.com\\\/tr\\\/#\\\/schema\\\/logo\\\/image\\\/\"},\"sameAs\":[\"https:\\\/\\\/www.facebook.com\\\/naturalpoland.b2b\",\"https:\\\/\\\/pl.linkedin.com\\\/company\\\/natural-poland\",\"https:\\\/\\\/www.youtube.com\\\/channel\\\/UCgeGGkvOMahZo-xu_MSEWxg\"]}]}<\/script>\n<!-- \/ Yoast SEO plugin. -->","yoast_head_json":{"title":"Bezelye Proteini - Hurtowy Dystrybutor","description":"Bezelye proteini, piyasadaki en \u00e7ok y\u00f6nl\u00fc bitkisel proteinlerden biridir. Alternatif protein kaynaklar\u0131na y\u00f6nelik artan talebi kar\u015f\u0131lamaktad\u0131r.","robots":{"index":"index","follow":"follow","max-snippet":"max-snippet:-1","max-image-preview":"max-image-preview:large","max-video-preview":"max-video-preview:-1"},"canonical":"https:\/\/naturalpoland.com\/tr\/urunler\/gida-hammaddeleri\/bitkisel-proteinler\/bezelye-proteini\/","og_locale":"tr_TR","og_type":"article","og_title":"Bezelye Proteini - Hurtowy Dystrybutor","og_description":"Bezelye proteini, piyasadaki en \u00e7ok y\u00f6nl\u00fc bitkisel proteinlerden biridir. Alternatif protein kaynaklar\u0131na y\u00f6nelik artan talebi kar\u015f\u0131lamaktad\u0131r.","og_url":"https:\/\/naturalpoland.com\/tr\/urunler\/gida-hammaddeleri\/bitkisel-proteinler\/bezelye-proteini\/","og_site_name":"NATURAL POLAND - Hurtowy Dystrybutor Surowc\u00f3w","article_publisher":"https:\/\/www.facebook.com\/naturalpoland.b2b","article_modified_time":"2026-03-03T13:03:02+00:00","og_image":[{"width":650,"height":650,"url":"https:\/\/naturalpoland.com\/wp-content\/uploads\/bialko-grochu.jpg","type":"image\/jpeg"}],"schema":{"@context":"https:\/\/schema.org","@graph":[{"@type":"WebPage","@id":"https:\/\/naturalpoland.com\/tr\/urunler\/gida-hammaddeleri\/bitkisel-proteinler\/bezelye-proteini\/","url":"https:\/\/naturalpoland.com\/tr\/urunler\/gida-hammaddeleri\/bitkisel-proteinler\/bezelye-proteini\/","name":"Bezelye Proteini - Hurtowy Dystrybutor","isPartOf":{"@id":"https:\/\/naturalpoland.com\/tr\/#website"},"primaryImageOfPage":{"@id":"https:\/\/naturalpoland.com\/tr\/urunler\/gida-hammaddeleri\/bitkisel-proteinler\/bezelye-proteini\/#primaryimage"},"image":{"@id":"https:\/\/naturalpoland.com\/tr\/urunler\/gida-hammaddeleri\/bitkisel-proteinler\/bezelye-proteini\/#primaryimage"},"thumbnailUrl":"https:\/\/naturalpoland.com\/wp-content\/uploads\/bialko-grochu.jpg","datePublished":"2023-10-02T11:45:33+00:00","dateModified":"2026-03-03T13:03:02+00:00","description":"Bezelye proteini, piyasadaki en \u00e7ok y\u00f6nl\u00fc bitkisel proteinlerden biridir. Alternatif protein kaynaklar\u0131na y\u00f6nelik artan talebi kar\u015f\u0131lamaktad\u0131r.","breadcrumb":{"@id":"https:\/\/naturalpoland.com\/tr\/urunler\/gida-hammaddeleri\/bitkisel-proteinler\/bezelye-proteini\/#breadcrumb"},"inLanguage":"tr","potentialAction":[{"@type":"ReadAction","target":["https:\/\/naturalpoland.com\/tr\/urunler\/gida-hammaddeleri\/bitkisel-proteinler\/bezelye-proteini\/"]}]},{"@type":"ImageObject","inLanguage":"tr","@id":"https:\/\/naturalpoland.com\/tr\/urunler\/gida-hammaddeleri\/bitkisel-proteinler\/bezelye-proteini\/#primaryimage","url":"https:\/\/naturalpoland.com\/wp-content\/uploads\/bialko-grochu.jpg","contentUrl":"https:\/\/naturalpoland.com\/wp-content\/uploads\/bialko-grochu.jpg","width":650,"height":650,"caption":"bezelye proteini"},{"@type":"BreadcrumbList","@id":"https:\/\/naturalpoland.com\/tr\/urunler\/gida-hammaddeleri\/bitkisel-proteinler\/bezelye-proteini\/#breadcrumb","itemListElement":[{"@type":"ListItem","position":1,"name":"Ana Sayfa","item":"https:\/\/naturalpoland.com\/tr\/"},{"@type":"ListItem","position":2,"name":"\u00dcr\u00fcnler","item":"https:\/\/naturalpoland.com\/tr\/urunler\/"},{"@type":"ListItem","position":3,"name":"Bezelye Proteini"}]},{"@type":"WebSite","@id":"https:\/\/naturalpoland.com\/tr\/#website","url":"https:\/\/naturalpoland.com\/tr\/","name":"NATURAL POLAND - Hurtowy Dystrybutor Surowc\u00f3w","description":"Surowce dla przemys\u0142u spo\u017cywczego, kosmetycznego i farmaceutycznego","publisher":{"@id":"https:\/\/naturalpoland.com\/tr\/#organization"},"potentialAction":[{"@type":"SearchAction","target":{"@type":"EntryPoint","urlTemplate":"https:\/\/naturalpoland.com\/tr\/?s={search_term_string}"},"query-input":{"@type":"PropertyValueSpecification","valueRequired":true,"valueName":"search_term_string"}}],"inLanguage":"tr"},{"@type":"Organization","@id":"https:\/\/naturalpoland.com\/tr\/#organization","name":"Natural Poland","url":"https:\/\/naturalpoland.com\/tr\/","logo":{"@type":"ImageObject","inLanguage":"tr","@id":"https:\/\/naturalpoland.com\/tr\/#\/schema\/logo\/image\/","url":"https:\/\/naturalpoland.com\/wp-content\/uploads\/2021\/05\/natural-poland-icon.png","contentUrl":"https:\/\/naturalpoland.com\/wp-content\/uploads\/2021\/05\/natural-poland-icon.png","width":512,"height":512,"caption":"Natural Poland"},"image":{"@id":"https:\/\/naturalpoland.com\/tr\/#\/schema\/logo\/image\/"},"sameAs":["https:\/\/www.facebook.com\/naturalpoland.b2b","https:\/\/pl.linkedin.com\/company\/natural-poland","https:\/\/www.youtube.com\/channel\/UCgeGGkvOMahZo-xu_MSEWxg"]}]}},"_links":{"self":[{"href":"https:\/\/naturalpoland.com\/tr\/wp-json\/wp\/v2\/product\/46364","targetHints":{"allow":["GET"]}}],"collection":[{"href":"https:\/\/naturalpoland.com\/tr\/wp-json\/wp\/v2\/product"}],"about":[{"href":"https:\/\/naturalpoland.com\/tr\/wp-json\/wp\/v2\/types\/product"}],"wp:featuredmedia":[{"embeddable":true,"href":"https:\/\/naturalpoland.com\/tr\/wp-json\/wp\/v2\/media\/46365"}],"wp:attachment":[{"href":"https:\/\/naturalpoland.com\/tr\/wp-json\/wp\/v2\/media?parent=46364"}],"wp:term":[{"taxonomy":"product_brand","embeddable":true,"href":"https:\/\/naturalpoland.com\/tr\/wp-json\/wp\/v2\/product_brand?post=46364"},{"taxonomy":"product_cat","embeddable":true,"href":"https:\/\/naturalpoland.com\/tr\/wp-json\/wp\/v2\/product_cat?post=46364"},{"taxonomy":"product_tag","embeddable":true,"href":"https:\/\/naturalpoland.com\/tr\/wp-json\/wp\/v2\/product_tag?post=46364"}],"curies":[{"name":"wp","href":"https:\/\/api.w.org\/{rel}","templated":true}]}}