{"id":46368,"date":"2023-10-24T13:08:48","date_gmt":"2023-10-24T11:08:48","guid":{"rendered":"https:\/\/naturalpoland.com\/produkty\/kategorilenmemis\/magnezyum-l-treonat\/"},"modified":"2026-03-03T14:03:09","modified_gmt":"2026-03-03T13:03:09","slug":"magnezyum-l-treonat","status":"publish","type":"product","link":"https:\/\/naturalpoland.com\/tr\/urunler\/farmasotik-hammaddeler\/takviye-edici-gida-bilesenleri\/magnezyum-l-treonat\/","title":{"rendered":"Magnezyum L-Treonat"},"content":{"rendered":"<p>Magnezyum L-Treonat, l-treonin ile magnezyumun benzersiz birle\u015fimidir. Son derece y\u00fcksek biyoyararlan\u0131ma sahip bir form\u00fcl olu\u015fturarak beynin kilit b\u00f6lgelerine ula\u015f\u0131r ve optimal i\u015flevlerini destekler. <\/p>\n<h2>\u00d6zellikler:<\/h2>\n<p>Magnezyum L-Treonat, bili\u015fsel i\u015flevleri destekleyen \u00f6zellikle etkili bir magnezyum formudur. Ara\u015ft\u0131rmalar, haf\u0131zay\u0131, konsantrasyonu ve \u00f6\u011frenme yeteneklerini iyile\u015ftirebilece\u011fini g\u00f6stermektedir. Kan-beyin bariyerini ge\u00e7me yetene\u011fi sayesinde, Magnezyum L-Treonat sinir sistemini do\u011frudan etkileyerek n\u00f6roplastisiteyi destekler.  <\/p>\n<p>Ayr\u0131ca magnezyum, protein sentezi, kas fonksiyonu, kan bas\u0131nc\u0131 d\u00fczenlenmesi ve kan \u015fekeri seviyesinin kontrol\u00fc gibi <strong>bir\u00e7ok biyokimyasal s\u00fcre\u00e7te \u00f6nemli bir rol oynar<\/strong>. Magnezyum L-Treonat formu ayr\u0131ca <strong>v\u00fccut taraf\u0131ndan iyi tolere edilir<\/strong>, bu da di\u011fer magnezyum formlar\u0131nda g\u00f6r\u00fclebilen mide-ba\u011f\u0131rsak rahats\u0131zl\u0131klar\u0131 riskini en aza indirir. <\/p>\n<h2>Kullan\u0131m:<\/h2>\n<p>Magnezyum L-Treonat, ya\u015fl\u0131lar ve haf\u0131za ile konsantrasyon deste\u011fine ihtiya\u00e7 duyanlar i\u00e7in tasarlanm\u0131\u015f takviye g\u0131dalarda kullan\u0131l\u0131r. Hammadde ayr\u0131ca sinir sistemini desteklemeyi, stresi azaltmay\u0131, uykuyu iyile\u015ftirmeyi ve genel beyin fonksiyonlar\u0131n\u0131 geli\u015ftirmeyi ama\u00e7layan preparatlarda da kullan\u0131labilir. <\/p>\n<h2>Magnezyum L-Treonat Kullan\u0131m\u0131n\u0131n Avantajlar\u0131:<\/h2>\n<ul>\n<li><strong>Y\u00fcksek biyoyararlan\u0131m:<\/strong> Benzersiz form\u00fcl\u00fc sayesinde Magnezyum L-Treonat v\u00fccut taraf\u0131ndan m\u00fckemmel \u015fekilde emilir, bu da magnezyumun h\u00fccrelere daha etkili bir \u015fekilde ula\u015fmas\u0131n\u0131 sa\u011flar.<\/li>\n<li><strong>Bili\u015fsel fonksiyonlar i\u00e7in destek:<\/strong> Magnezyum, sinir h\u00fccrelerinin ve sinapslar\u0131n d\u00fczg\u00fcn \u00e7al\u0131\u015fmas\u0131 i\u00e7in gereklidir. Uygun konsantrasyonu, konsantrasyon, haf\u0131za ve \u00f6\u011frenme yeteneklerinin iyile\u015ftirilmesine katk\u0131da bulunur. <\/li>\n<li><strong>Sinir sistemi korumas\u0131:<\/strong> Magnezyum L-Treonat, n\u00f6ronlar\u0131n h\u00fccre zarlar\u0131n\u0131n stabilizasyonuna katk\u0131da bulunarak korunmalar\u0131n\u0131 ve h\u00fccreler aras\u0131 ileti\u015fimin d\u00fczg\u00fcn \u00e7al\u0131\u015fmas\u0131n\u0131 sa\u011flar.<\/li>\n<li><strong>Kas fonksiyonlar\u0131 i\u00e7in destek:<\/strong> Magnezyum, kaslar\u0131n d\u00fczg\u00fcn \u00e7al\u0131\u015fmas\u0131 i\u00e7in kritik \u00f6neme sahiptir ve kas\u0131lma ile gev\u015femelerini destekler.<\/li>\n<\/ul>\n","protected":false},"excerpt":{"rendered":"<p>Magnezyum L-Treonat, sadece kas fonksiyonlar\u0131 i\u00e7in de\u011fil, ayn\u0131 zamanda bili\u015fsel fonksiyonlar ve sinir sistemi i\u00e7in de destek arayanlar i\u00e7in tasarlanm\u0131\u015f yenilik\u00e7i bir magnezyum formudur.<\/p>\n","protected":false},"featured_media":46369,"template":"","meta":{"_acf_changed":false},"product_brand":[],"product_cat":[9540],"product_tag":[],"class_list":{"0":"post-46368","1":"product","2":"type-product","3":"status-publish","4":"has-post-thumbnail","6":"product_cat-takviye-edici-gida-bilesenleri","8":"first","9":"instock","10":"shipping-taxable","11":"product-type-simple"},"acf":[],"yoast_head":"<!-- This site is optimized with the Yoast SEO plugin v27.4 - https:\/\/yoast.com\/product\/yoast-seo-wordpress\/ -->\n<title>Magnezyum L-Treonat - NATURAL POLAND - Hurtowy Dystrybutor Surowc\u00f3w<\/title>\n<meta name=\"description\" content=\"Magnezyum L-Treonat&#039;\u0131 se\u00e7erek, beyniniz ve t\u00fcm sinir sisteminiz i\u00e7in geli\u015fmi\u015f bir destek se\u00e7iyorsunuz. Kalite ve yenilik\u00e7ili\u011fi tercih edin.\" \/>\n<meta name=\"robots\" content=\"index, follow, max-snippet:-1, max-image-preview:large, max-video-preview:-1\" \/>\n<link rel=\"canonical\" href=\"https:\/\/naturalpoland.com\/tr\/urunler\/farmasotik-hammaddeler\/takviye-edici-gida-bilesenleri\/magnezyum-l-treonat\/\" \/>\n<meta property=\"og:locale\" content=\"tr_TR\" \/>\n<meta property=\"og:type\" content=\"article\" \/>\n<meta property=\"og:title\" content=\"Magnezyum L-Treonat - NATURAL POLAND - Hurtowy Dystrybutor Surowc\u00f3w\" \/>\n<meta property=\"og:description\" content=\"Magnezyum L-Treonat&#039;\u0131 se\u00e7erek, beyniniz ve t\u00fcm sinir sisteminiz i\u00e7in geli\u015fmi\u015f bir destek se\u00e7iyorsunuz. Kalite ve yenilik\u00e7ili\u011fi tercih edin.\" \/>\n<meta property=\"og:url\" content=\"https:\/\/naturalpoland.com\/tr\/urunler\/farmasotik-hammaddeler\/takviye-edici-gida-bilesenleri\/magnezyum-l-treonat\/\" \/>\n<meta property=\"og:site_name\" content=\"NATURAL POLAND - Hurtowy Dystrybutor Surowc\u00f3w\" \/>\n<meta property=\"article:publisher\" content=\"https:\/\/www.facebook.com\/naturalpoland.b2b\" \/>\n<meta property=\"article:modified_time\" content=\"2026-03-03T13:03:09+00:00\" \/>\n<meta property=\"og:image\" content=\"https:\/\/naturalpoland.com\/wp-content\/uploads\/magnesium-l-threonate.png\" \/>\n\t<meta property=\"og:image:width\" content=\"618\" \/>\n\t<meta property=\"og:image:height\" content=\"618\" \/>\n\t<meta property=\"og:image:type\" content=\"image\/png\" \/>\n<script type=\"application\/ld+json\" class=\"yoast-schema-graph\">{\"@context\":\"https:\\\/\\\/schema.org\",\"@graph\":[{\"@type\":\"WebPage\",\"@id\":\"https:\\\/\\\/naturalpoland.com\\\/tr\\\/urunler\\\/farmasotik-hammaddeler\\\/takviye-edici-gida-bilesenleri\\\/magnezyum-l-treonat\\\/\",\"url\":\"https:\\\/\\\/naturalpoland.com\\\/tr\\\/urunler\\\/farmasotik-hammaddeler\\\/takviye-edici-gida-bilesenleri\\\/magnezyum-l-treonat\\\/\",\"name\":\"Magnezyum L-Treonat - NATURAL POLAND - Hurtowy Dystrybutor Surowc\u00f3w\",\"isPartOf\":{\"@id\":\"https:\\\/\\\/naturalpoland.com\\\/tr\\\/#website\"},\"primaryImageOfPage\":{\"@id\":\"https:\\\/\\\/naturalpoland.com\\\/tr\\\/urunler\\\/farmasotik-hammaddeler\\\/takviye-edici-gida-bilesenleri\\\/magnezyum-l-treonat\\\/#primaryimage\"},\"image\":{\"@id\":\"https:\\\/\\\/naturalpoland.com\\\/tr\\\/urunler\\\/farmasotik-hammaddeler\\\/takviye-edici-gida-bilesenleri\\\/magnezyum-l-treonat\\\/#primaryimage\"},\"thumbnailUrl\":\"https:\\\/\\\/naturalpoland.com\\\/wp-content\\\/uploads\\\/magnesium-l-threonate.png\",\"datePublished\":\"2023-10-24T11:08:48+00:00\",\"dateModified\":\"2026-03-03T13:03:09+00:00\",\"description\":\"Magnezyum L-Treonat'\u0131 se\u00e7erek, beyniniz ve t\u00fcm sinir sisteminiz i\u00e7in geli\u015fmi\u015f bir destek se\u00e7iyorsunuz. Kalite ve yenilik\u00e7ili\u011fi tercih edin.\",\"breadcrumb\":{\"@id\":\"https:\\\/\\\/naturalpoland.com\\\/tr\\\/urunler\\\/farmasotik-hammaddeler\\\/takviye-edici-gida-bilesenleri\\\/magnezyum-l-treonat\\\/#breadcrumb\"},\"inLanguage\":\"tr\",\"potentialAction\":[{\"@type\":\"ReadAction\",\"target\":[\"https:\\\/\\\/naturalpoland.com\\\/tr\\\/urunler\\\/farmasotik-hammaddeler\\\/takviye-edici-gida-bilesenleri\\\/magnezyum-l-treonat\\\/\"]}]},{\"@type\":\"ImageObject\",\"inLanguage\":\"tr\",\"@id\":\"https:\\\/\\\/naturalpoland.com\\\/tr\\\/urunler\\\/farmasotik-hammaddeler\\\/takviye-edici-gida-bilesenleri\\\/magnezyum-l-treonat\\\/#primaryimage\",\"url\":\"https:\\\/\\\/naturalpoland.com\\\/wp-content\\\/uploads\\\/magnesium-l-threonate.png\",\"contentUrl\":\"https:\\\/\\\/naturalpoland.com\\\/wp-content\\\/uploads\\\/magnesium-l-threonate.png\",\"width\":618,\"height\":618,\"caption\":\"Magnezyum L-Treonat\"},{\"@type\":\"BreadcrumbList\",\"@id\":\"https:\\\/\\\/naturalpoland.com\\\/tr\\\/urunler\\\/farmasotik-hammaddeler\\\/takviye-edici-gida-bilesenleri\\\/magnezyum-l-treonat\\\/#breadcrumb\",\"itemListElement\":[{\"@type\":\"ListItem\",\"position\":1,\"name\":\"Ana Sayfa\",\"item\":\"https:\\\/\\\/naturalpoland.com\\\/tr\\\/\"},{\"@type\":\"ListItem\",\"position\":2,\"name\":\"\u00dcr\u00fcnler\",\"item\":\"https:\\\/\\\/naturalpoland.com\\\/tr\\\/urunler\\\/\"},{\"@type\":\"ListItem\",\"position\":3,\"name\":\"Magnezyum L-Treonat\"}]},{\"@type\":\"WebSite\",\"@id\":\"https:\\\/\\\/naturalpoland.com\\\/tr\\\/#website\",\"url\":\"https:\\\/\\\/naturalpoland.com\\\/tr\\\/\",\"name\":\"NATURAL POLAND - Hurtowy Dystrybutor Surowc\u00f3w\",\"description\":\"Surowce dla przemys\u0142u spo\u017cywczego, kosmetycznego i farmaceutycznego\",\"publisher\":{\"@id\":\"https:\\\/\\\/naturalpoland.com\\\/tr\\\/#organization\"},\"potentialAction\":[{\"@type\":\"SearchAction\",\"target\":{\"@type\":\"EntryPoint\",\"urlTemplate\":\"https:\\\/\\\/naturalpoland.com\\\/tr\\\/?s={search_term_string}\"},\"query-input\":{\"@type\":\"PropertyValueSpecification\",\"valueRequired\":true,\"valueName\":\"search_term_string\"}}],\"inLanguage\":\"tr\"},{\"@type\":\"Organization\",\"@id\":\"https:\\\/\\\/naturalpoland.com\\\/tr\\\/#organization\",\"name\":\"Natural Poland\",\"url\":\"https:\\\/\\\/naturalpoland.com\\\/tr\\\/\",\"logo\":{\"@type\":\"ImageObject\",\"inLanguage\":\"tr\",\"@id\":\"https:\\\/\\\/naturalpoland.com\\\/tr\\\/#\\\/schema\\\/logo\\\/image\\\/\",\"url\":\"https:\\\/\\\/naturalpoland.com\\\/wp-content\\\/uploads\\\/2021\\\/05\\\/natural-poland-icon.png\",\"contentUrl\":\"https:\\\/\\\/naturalpoland.com\\\/wp-content\\\/uploads\\\/2021\\\/05\\\/natural-poland-icon.png\",\"width\":512,\"height\":512,\"caption\":\"Natural Poland\"},\"image\":{\"@id\":\"https:\\\/\\\/naturalpoland.com\\\/tr\\\/#\\\/schema\\\/logo\\\/image\\\/\"},\"sameAs\":[\"https:\\\/\\\/www.facebook.com\\\/naturalpoland.b2b\",\"https:\\\/\\\/pl.linkedin.com\\\/company\\\/natural-poland\",\"https:\\\/\\\/www.youtube.com\\\/channel\\\/UCgeGGkvOMahZo-xu_MSEWxg\"]}]}<\/script>\n<!-- \/ Yoast SEO plugin. -->","yoast_head_json":{"title":"Magnezyum L-Treonat - NATURAL POLAND - Hurtowy Dystrybutor Surowc\u00f3w","description":"Magnezyum L-Treonat'\u0131 se\u00e7erek, beyniniz ve t\u00fcm sinir sisteminiz i\u00e7in geli\u015fmi\u015f bir destek se\u00e7iyorsunuz. Kalite ve yenilik\u00e7ili\u011fi tercih edin.","robots":{"index":"index","follow":"follow","max-snippet":"max-snippet:-1","max-image-preview":"max-image-preview:large","max-video-preview":"max-video-preview:-1"},"canonical":"https:\/\/naturalpoland.com\/tr\/urunler\/farmasotik-hammaddeler\/takviye-edici-gida-bilesenleri\/magnezyum-l-treonat\/","og_locale":"tr_TR","og_type":"article","og_title":"Magnezyum L-Treonat - NATURAL POLAND - Hurtowy Dystrybutor Surowc\u00f3w","og_description":"Magnezyum L-Treonat'\u0131 se\u00e7erek, beyniniz ve t\u00fcm sinir sisteminiz i\u00e7in geli\u015fmi\u015f bir destek se\u00e7iyorsunuz. Kalite ve yenilik\u00e7ili\u011fi tercih edin.","og_url":"https:\/\/naturalpoland.com\/tr\/urunler\/farmasotik-hammaddeler\/takviye-edici-gida-bilesenleri\/magnezyum-l-treonat\/","og_site_name":"NATURAL POLAND - Hurtowy Dystrybutor Surowc\u00f3w","article_publisher":"https:\/\/www.facebook.com\/naturalpoland.b2b","article_modified_time":"2026-03-03T13:03:09+00:00","og_image":[{"width":618,"height":618,"url":"https:\/\/naturalpoland.com\/wp-content\/uploads\/magnesium-l-threonate.png","type":"image\/png"}],"schema":{"@context":"https:\/\/schema.org","@graph":[{"@type":"WebPage","@id":"https:\/\/naturalpoland.com\/tr\/urunler\/farmasotik-hammaddeler\/takviye-edici-gida-bilesenleri\/magnezyum-l-treonat\/","url":"https:\/\/naturalpoland.com\/tr\/urunler\/farmasotik-hammaddeler\/takviye-edici-gida-bilesenleri\/magnezyum-l-treonat\/","name":"Magnezyum L-Treonat - NATURAL POLAND - Hurtowy Dystrybutor Surowc\u00f3w","isPartOf":{"@id":"https:\/\/naturalpoland.com\/tr\/#website"},"primaryImageOfPage":{"@id":"https:\/\/naturalpoland.com\/tr\/urunler\/farmasotik-hammaddeler\/takviye-edici-gida-bilesenleri\/magnezyum-l-treonat\/#primaryimage"},"image":{"@id":"https:\/\/naturalpoland.com\/tr\/urunler\/farmasotik-hammaddeler\/takviye-edici-gida-bilesenleri\/magnezyum-l-treonat\/#primaryimage"},"thumbnailUrl":"https:\/\/naturalpoland.com\/wp-content\/uploads\/magnesium-l-threonate.png","datePublished":"2023-10-24T11:08:48+00:00","dateModified":"2026-03-03T13:03:09+00:00","description":"Magnezyum L-Treonat'\u0131 se\u00e7erek, beyniniz ve t\u00fcm sinir sisteminiz i\u00e7in geli\u015fmi\u015f bir destek se\u00e7iyorsunuz. Kalite ve yenilik\u00e7ili\u011fi tercih edin.","breadcrumb":{"@id":"https:\/\/naturalpoland.com\/tr\/urunler\/farmasotik-hammaddeler\/takviye-edici-gida-bilesenleri\/magnezyum-l-treonat\/#breadcrumb"},"inLanguage":"tr","potentialAction":[{"@type":"ReadAction","target":["https:\/\/naturalpoland.com\/tr\/urunler\/farmasotik-hammaddeler\/takviye-edici-gida-bilesenleri\/magnezyum-l-treonat\/"]}]},{"@type":"ImageObject","inLanguage":"tr","@id":"https:\/\/naturalpoland.com\/tr\/urunler\/farmasotik-hammaddeler\/takviye-edici-gida-bilesenleri\/magnezyum-l-treonat\/#primaryimage","url":"https:\/\/naturalpoland.com\/wp-content\/uploads\/magnesium-l-threonate.png","contentUrl":"https:\/\/naturalpoland.com\/wp-content\/uploads\/magnesium-l-threonate.png","width":618,"height":618,"caption":"Magnezyum L-Treonat"},{"@type":"BreadcrumbList","@id":"https:\/\/naturalpoland.com\/tr\/urunler\/farmasotik-hammaddeler\/takviye-edici-gida-bilesenleri\/magnezyum-l-treonat\/#breadcrumb","itemListElement":[{"@type":"ListItem","position":1,"name":"Ana Sayfa","item":"https:\/\/naturalpoland.com\/tr\/"},{"@type":"ListItem","position":2,"name":"\u00dcr\u00fcnler","item":"https:\/\/naturalpoland.com\/tr\/urunler\/"},{"@type":"ListItem","position":3,"name":"Magnezyum L-Treonat"}]},{"@type":"WebSite","@id":"https:\/\/naturalpoland.com\/tr\/#website","url":"https:\/\/naturalpoland.com\/tr\/","name":"NATURAL POLAND - Hurtowy Dystrybutor Surowc\u00f3w","description":"Surowce dla przemys\u0142u spo\u017cywczego, kosmetycznego i farmaceutycznego","publisher":{"@id":"https:\/\/naturalpoland.com\/tr\/#organization"},"potentialAction":[{"@type":"SearchAction","target":{"@type":"EntryPoint","urlTemplate":"https:\/\/naturalpoland.com\/tr\/?s={search_term_string}"},"query-input":{"@type":"PropertyValueSpecification","valueRequired":true,"valueName":"search_term_string"}}],"inLanguage":"tr"},{"@type":"Organization","@id":"https:\/\/naturalpoland.com\/tr\/#organization","name":"Natural Poland","url":"https:\/\/naturalpoland.com\/tr\/","logo":{"@type":"ImageObject","inLanguage":"tr","@id":"https:\/\/naturalpoland.com\/tr\/#\/schema\/logo\/image\/","url":"https:\/\/naturalpoland.com\/wp-content\/uploads\/2021\/05\/natural-poland-icon.png","contentUrl":"https:\/\/naturalpoland.com\/wp-content\/uploads\/2021\/05\/natural-poland-icon.png","width":512,"height":512,"caption":"Natural Poland"},"image":{"@id":"https:\/\/naturalpoland.com\/tr\/#\/schema\/logo\/image\/"},"sameAs":["https:\/\/www.facebook.com\/naturalpoland.b2b","https:\/\/pl.linkedin.com\/company\/natural-poland","https:\/\/www.youtube.com\/channel\/UCgeGGkvOMahZo-xu_MSEWxg"]}]}},"_links":{"self":[{"href":"https:\/\/naturalpoland.com\/tr\/wp-json\/wp\/v2\/product\/46368","targetHints":{"allow":["GET"]}}],"collection":[{"href":"https:\/\/naturalpoland.com\/tr\/wp-json\/wp\/v2\/product"}],"about":[{"href":"https:\/\/naturalpoland.com\/tr\/wp-json\/wp\/v2\/types\/product"}],"wp:featuredmedia":[{"embeddable":true,"href":"https:\/\/naturalpoland.com\/tr\/wp-json\/wp\/v2\/media\/46369"}],"wp:attachment":[{"href":"https:\/\/naturalpoland.com\/tr\/wp-json\/wp\/v2\/media?parent=46368"}],"wp:term":[{"taxonomy":"product_brand","embeddable":true,"href":"https:\/\/naturalpoland.com\/tr\/wp-json\/wp\/v2\/product_brand?post=46368"},{"taxonomy":"product_cat","embeddable":true,"href":"https:\/\/naturalpoland.com\/tr\/wp-json\/wp\/v2\/product_cat?post=46368"},{"taxonomy":"product_tag","embeddable":true,"href":"https:\/\/naturalpoland.com\/tr\/wp-json\/wp\/v2\/product_tag?post=46368"}],"curies":[{"name":"wp","href":"https:\/\/api.w.org\/{rel}","templated":true}]}}