{"id":46372,"date":"2023-10-02T13:36:26","date_gmt":"2023-10-02T11:36:26","guid":{"rendered":"https:\/\/naturalpoland.com\/produkty\/kategorilenmemis\/pirinc-proteini\/"},"modified":"2026-03-03T14:03:30","modified_gmt":"2026-03-03T13:03:30","slug":"pirinc-proteini","status":"publish","type":"product","link":"https:\/\/naturalpoland.com\/tr\/urunler\/gida-hammaddeleri\/bitkisel-proteinler\/pirinc-proteini\/","title":{"rendered":"Pirin\u00e7 Proteini"},"content":{"rendered":"<h2>Beyaz ve Kahverengi Pirin\u00e7 Proteini<\/h2>\n<p>Pirin\u00e7 proteini <strong>beyaz<\/strong> (%80 protein i\u00e7eri\u011fi) ve <strong>kahverengi<\/strong> (%80 protein i\u00e7eri\u011fi) versiyonlarda mevcuttur. Beyaz pirin\u00e7 proteini daha hafif bir tada ve daha kadifemsi bir k\u0131vama sahiptir, bu da onu kokteyllere ve smoothielere m\u00fckemmel bir katk\u0131 yapar. Kahverengi versiyon ise biraz daha yo\u011fun bir tada ve daha fazla lif i\u00e7eri\u011fine sahiptir, bu da sindirim sistemi sa\u011fl\u0131\u011f\u0131n\u0131 destekler.  <\/p>\n<h2>Pirin\u00e7 Proteininin \u00d6zellikleri<\/h2>\n<p>\u00dcr\u00fcn\u00fcn her iki versiyonu da v\u00fccudun d\u00fczg\u00fcn \u00e7al\u0131\u015fmas\u0131 i\u00e7in gerekli enerji ve besin de\u011ferlerinin kayna\u011f\u0131d\u0131r. Pirin\u00e7 proteini, kas k\u00fctlesinin in\u015fas\u0131 ve yenilenmesi s\u00fcrecini destekler; bu da sporcular, fiziksel olarak aktif ki\u015filer ile alternatif protein kaynaklar\u0131 arayan veganlar ve vejetaryenler i\u00e7in son derece \u00f6nemlidir. <\/p>\n<p>Bu \u00fcr\u00fcn, n\u00f6tr tad\u0131 ve mutfaktaki \u00e7ok y\u00f6nl\u00fcl\u00fc\u011f\u00fc ile de takdir edilmektedir. Protein shakelerinden kreplere, pankeklere, \u00e7e\u015fitli kek ve tatl\u0131lara kadar bir\u00e7ok yeme\u011fe eklenebilir. N\u00f6tr lezzet profili, di\u011fer malzemelerin do\u011fal tatlar\u0131n\u0131 bozmadan onlarla m\u00fckemmel bir \u015fekilde birle\u015fmesini sa\u011flar.  <\/p>\n<p>Ek olarak, pirin\u00e7 proteini laktoz, soya veya di\u011fer alerjenleri i\u00e7ermedi\u011fi i\u00e7in \u00e7e\u015fitli g\u0131da intoleranslar\u0131 olan ki\u015filer i\u00e7in g\u00fcvenli bir \u00fcr\u00fcnd\u00fcr. Sa\u011fl\u0131kl\u0131 g\u0131da ve besin takviyeleri pazar\u0131nda son derece de\u011ferli bir \u00fcr\u00fcnd\u00fcr ve sa\u011fl\u0131kl\u0131 ya\u015fam tarz\u0131 ve beslenme konusunda artan t\u00fcketici bilincine yan\u0131t olarak pop\u00fclaritesi s\u00fcrekli artmaktad\u0131r. <\/p>\n","protected":false},"excerpt":{"rendered":"<p>Pirin\u00e7 proteini e\u015fsiz bir besin takviyesidir. En kaliteli pirin\u00e7ten \u00fcretilen bu protein, v\u00fccuda gerekli amino asitleri sa\u011flar. Gluten i\u00e7ermedi\u011fi i\u00e7in gluten intolerans\u0131 ve \u00e7\u00f6lyak hastal\u0131\u011f\u0131 olan ki\u015filer i\u00e7in m\u00fckemmel bir se\u00e7imdir.  <\/p>\n","protected":false},"featured_media":46373,"template":"","meta":{"_acf_changed":false},"product_brand":[],"product_cat":[9567,9540],"product_tag":[],"class_list":{"0":"post-46372","1":"product","2":"type-product","3":"status-publish","4":"has-post-thumbnail","6":"product_cat-bitkisel-proteinler","7":"product_cat-takviye-edici-gida-bilesenleri","9":"first","10":"instock","11":"shipping-taxable","12":"product-type-simple"},"acf":[],"yoast_head":"<!-- This site is optimized with the Yoast SEO plugin v27.4 - https:\/\/yoast.com\/product\/yoast-seo-wordpress\/ -->\n<title>Pirin\u00e7 Proteini - Hurtowy Dystrybutor<\/title>\n<meta name=\"description\" content=\"Pirin\u00e7 proteini e\u015fsiz bir besin takviyesidir. En kaliteli pirin\u00e7ten \u00fcretilen bu protein, v\u00fccuda gerekli amino asitleri sa\u011flar.\" \/>\n<meta name=\"robots\" content=\"index, follow, max-snippet:-1, max-image-preview:large, max-video-preview:-1\" \/>\n<link rel=\"canonical\" href=\"https:\/\/naturalpoland.com\/tr\/urunler\/gida-hammaddeleri\/bitkisel-proteinler\/pirinc-proteini\/\" \/>\n<meta property=\"og:locale\" content=\"tr_TR\" \/>\n<meta property=\"og:type\" content=\"article\" \/>\n<meta property=\"og:title\" content=\"Pirin\u00e7 Proteini - Hurtowy Dystrybutor\" \/>\n<meta property=\"og:description\" content=\"Pirin\u00e7 proteini e\u015fsiz bir besin takviyesidir. En kaliteli pirin\u00e7ten \u00fcretilen bu protein, v\u00fccuda gerekli amino asitleri sa\u011flar.\" \/>\n<meta property=\"og:url\" content=\"https:\/\/naturalpoland.com\/tr\/urunler\/gida-hammaddeleri\/bitkisel-proteinler\/pirinc-proteini\/\" \/>\n<meta property=\"og:site_name\" content=\"NATURAL POLAND - Hurtowy Dystrybutor Surowc\u00f3w\" \/>\n<meta property=\"article:publisher\" content=\"https:\/\/www.facebook.com\/naturalpoland.b2b\" \/>\n<meta property=\"article:modified_time\" content=\"2026-03-03T13:03:30+00:00\" \/>\n<meta property=\"og:image\" content=\"https:\/\/naturalpoland.com\/wp-content\/uploads\/bialko-ryzowe.jpg\" \/>\n\t<meta property=\"og:image:width\" content=\"650\" \/>\n\t<meta property=\"og:image:height\" content=\"650\" \/>\n\t<meta property=\"og:image:type\" content=\"image\/jpeg\" \/>\n<script type=\"application\/ld+json\" class=\"yoast-schema-graph\">{\"@context\":\"https:\\\/\\\/schema.org\",\"@graph\":[{\"@type\":\"WebPage\",\"@id\":\"https:\\\/\\\/naturalpoland.com\\\/tr\\\/urunler\\\/gida-hammaddeleri\\\/bitkisel-proteinler\\\/pirinc-proteini\\\/\",\"url\":\"https:\\\/\\\/naturalpoland.com\\\/tr\\\/urunler\\\/gida-hammaddeleri\\\/bitkisel-proteinler\\\/pirinc-proteini\\\/\",\"name\":\"Pirin\u00e7 Proteini - Hurtowy Dystrybutor\",\"isPartOf\":{\"@id\":\"https:\\\/\\\/naturalpoland.com\\\/tr\\\/#website\"},\"primaryImageOfPage\":{\"@id\":\"https:\\\/\\\/naturalpoland.com\\\/tr\\\/urunler\\\/gida-hammaddeleri\\\/bitkisel-proteinler\\\/pirinc-proteini\\\/#primaryimage\"},\"image\":{\"@id\":\"https:\\\/\\\/naturalpoland.com\\\/tr\\\/urunler\\\/gida-hammaddeleri\\\/bitkisel-proteinler\\\/pirinc-proteini\\\/#primaryimage\"},\"thumbnailUrl\":\"https:\\\/\\\/naturalpoland.com\\\/wp-content\\\/uploads\\\/bialko-ryzowe.jpg\",\"datePublished\":\"2023-10-02T11:36:26+00:00\",\"dateModified\":\"2026-03-03T13:03:30+00:00\",\"description\":\"Pirin\u00e7 proteini e\u015fsiz bir besin takviyesidir. En kaliteli pirin\u00e7ten \u00fcretilen bu protein, v\u00fccuda gerekli amino asitleri sa\u011flar.\",\"breadcrumb\":{\"@id\":\"https:\\\/\\\/naturalpoland.com\\\/tr\\\/urunler\\\/gida-hammaddeleri\\\/bitkisel-proteinler\\\/pirinc-proteini\\\/#breadcrumb\"},\"inLanguage\":\"tr\",\"potentialAction\":[{\"@type\":\"ReadAction\",\"target\":[\"https:\\\/\\\/naturalpoland.com\\\/tr\\\/urunler\\\/gida-hammaddeleri\\\/bitkisel-proteinler\\\/pirinc-proteini\\\/\"]}]},{\"@type\":\"ImageObject\",\"inLanguage\":\"tr\",\"@id\":\"https:\\\/\\\/naturalpoland.com\\\/tr\\\/urunler\\\/gida-hammaddeleri\\\/bitkisel-proteinler\\\/pirinc-proteini\\\/#primaryimage\",\"url\":\"https:\\\/\\\/naturalpoland.com\\\/wp-content\\\/uploads\\\/bialko-ryzowe.jpg\",\"contentUrl\":\"https:\\\/\\\/naturalpoland.com\\\/wp-content\\\/uploads\\\/bialko-ryzowe.jpg\",\"width\":650,\"height\":650,\"caption\":\"pirin\u00e7 proteini\"},{\"@type\":\"BreadcrumbList\",\"@id\":\"https:\\\/\\\/naturalpoland.com\\\/tr\\\/urunler\\\/gida-hammaddeleri\\\/bitkisel-proteinler\\\/pirinc-proteini\\\/#breadcrumb\",\"itemListElement\":[{\"@type\":\"ListItem\",\"position\":1,\"name\":\"Ana Sayfa\",\"item\":\"https:\\\/\\\/naturalpoland.com\\\/tr\\\/\"},{\"@type\":\"ListItem\",\"position\":2,\"name\":\"\u00dcr\u00fcnler\",\"item\":\"https:\\\/\\\/naturalpoland.com\\\/tr\\\/urunler\\\/\"},{\"@type\":\"ListItem\",\"position\":3,\"name\":\"Pirin\u00e7 Proteini\"}]},{\"@type\":\"WebSite\",\"@id\":\"https:\\\/\\\/naturalpoland.com\\\/tr\\\/#website\",\"url\":\"https:\\\/\\\/naturalpoland.com\\\/tr\\\/\",\"name\":\"NATURAL POLAND - Hurtowy Dystrybutor Surowc\u00f3w\",\"description\":\"Surowce dla przemys\u0142u spo\u017cywczego, kosmetycznego i farmaceutycznego\",\"publisher\":{\"@id\":\"https:\\\/\\\/naturalpoland.com\\\/tr\\\/#organization\"},\"potentialAction\":[{\"@type\":\"SearchAction\",\"target\":{\"@type\":\"EntryPoint\",\"urlTemplate\":\"https:\\\/\\\/naturalpoland.com\\\/tr\\\/?s={search_term_string}\"},\"query-input\":{\"@type\":\"PropertyValueSpecification\",\"valueRequired\":true,\"valueName\":\"search_term_string\"}}],\"inLanguage\":\"tr\"},{\"@type\":\"Organization\",\"@id\":\"https:\\\/\\\/naturalpoland.com\\\/tr\\\/#organization\",\"name\":\"Natural Poland\",\"url\":\"https:\\\/\\\/naturalpoland.com\\\/tr\\\/\",\"logo\":{\"@type\":\"ImageObject\",\"inLanguage\":\"tr\",\"@id\":\"https:\\\/\\\/naturalpoland.com\\\/tr\\\/#\\\/schema\\\/logo\\\/image\\\/\",\"url\":\"https:\\\/\\\/naturalpoland.com\\\/wp-content\\\/uploads\\\/2021\\\/05\\\/natural-poland-icon.png\",\"contentUrl\":\"https:\\\/\\\/naturalpoland.com\\\/wp-content\\\/uploads\\\/2021\\\/05\\\/natural-poland-icon.png\",\"width\":512,\"height\":512,\"caption\":\"Natural Poland\"},\"image\":{\"@id\":\"https:\\\/\\\/naturalpoland.com\\\/tr\\\/#\\\/schema\\\/logo\\\/image\\\/\"},\"sameAs\":[\"https:\\\/\\\/www.facebook.com\\\/naturalpoland.b2b\",\"https:\\\/\\\/pl.linkedin.com\\\/company\\\/natural-poland\",\"https:\\\/\\\/www.youtube.com\\\/channel\\\/UCgeGGkvOMahZo-xu_MSEWxg\"]}]}<\/script>\n<!-- \/ Yoast SEO plugin. -->","yoast_head_json":{"title":"Pirin\u00e7 Proteini - Hurtowy Dystrybutor","description":"Pirin\u00e7 proteini e\u015fsiz bir besin takviyesidir. En kaliteli pirin\u00e7ten \u00fcretilen bu protein, v\u00fccuda gerekli amino asitleri sa\u011flar.","robots":{"index":"index","follow":"follow","max-snippet":"max-snippet:-1","max-image-preview":"max-image-preview:large","max-video-preview":"max-video-preview:-1"},"canonical":"https:\/\/naturalpoland.com\/tr\/urunler\/gida-hammaddeleri\/bitkisel-proteinler\/pirinc-proteini\/","og_locale":"tr_TR","og_type":"article","og_title":"Pirin\u00e7 Proteini - Hurtowy Dystrybutor","og_description":"Pirin\u00e7 proteini e\u015fsiz bir besin takviyesidir. En kaliteli pirin\u00e7ten \u00fcretilen bu protein, v\u00fccuda gerekli amino asitleri sa\u011flar.","og_url":"https:\/\/naturalpoland.com\/tr\/urunler\/gida-hammaddeleri\/bitkisel-proteinler\/pirinc-proteini\/","og_site_name":"NATURAL POLAND - Hurtowy Dystrybutor Surowc\u00f3w","article_publisher":"https:\/\/www.facebook.com\/naturalpoland.b2b","article_modified_time":"2026-03-03T13:03:30+00:00","og_image":[{"width":650,"height":650,"url":"https:\/\/naturalpoland.com\/wp-content\/uploads\/bialko-ryzowe.jpg","type":"image\/jpeg"}],"schema":{"@context":"https:\/\/schema.org","@graph":[{"@type":"WebPage","@id":"https:\/\/naturalpoland.com\/tr\/urunler\/gida-hammaddeleri\/bitkisel-proteinler\/pirinc-proteini\/","url":"https:\/\/naturalpoland.com\/tr\/urunler\/gida-hammaddeleri\/bitkisel-proteinler\/pirinc-proteini\/","name":"Pirin\u00e7 Proteini - Hurtowy Dystrybutor","isPartOf":{"@id":"https:\/\/naturalpoland.com\/tr\/#website"},"primaryImageOfPage":{"@id":"https:\/\/naturalpoland.com\/tr\/urunler\/gida-hammaddeleri\/bitkisel-proteinler\/pirinc-proteini\/#primaryimage"},"image":{"@id":"https:\/\/naturalpoland.com\/tr\/urunler\/gida-hammaddeleri\/bitkisel-proteinler\/pirinc-proteini\/#primaryimage"},"thumbnailUrl":"https:\/\/naturalpoland.com\/wp-content\/uploads\/bialko-ryzowe.jpg","datePublished":"2023-10-02T11:36:26+00:00","dateModified":"2026-03-03T13:03:30+00:00","description":"Pirin\u00e7 proteini e\u015fsiz bir besin takviyesidir. En kaliteli pirin\u00e7ten \u00fcretilen bu protein, v\u00fccuda gerekli amino asitleri sa\u011flar.","breadcrumb":{"@id":"https:\/\/naturalpoland.com\/tr\/urunler\/gida-hammaddeleri\/bitkisel-proteinler\/pirinc-proteini\/#breadcrumb"},"inLanguage":"tr","potentialAction":[{"@type":"ReadAction","target":["https:\/\/naturalpoland.com\/tr\/urunler\/gida-hammaddeleri\/bitkisel-proteinler\/pirinc-proteini\/"]}]},{"@type":"ImageObject","inLanguage":"tr","@id":"https:\/\/naturalpoland.com\/tr\/urunler\/gida-hammaddeleri\/bitkisel-proteinler\/pirinc-proteini\/#primaryimage","url":"https:\/\/naturalpoland.com\/wp-content\/uploads\/bialko-ryzowe.jpg","contentUrl":"https:\/\/naturalpoland.com\/wp-content\/uploads\/bialko-ryzowe.jpg","width":650,"height":650,"caption":"pirin\u00e7 proteini"},{"@type":"BreadcrumbList","@id":"https:\/\/naturalpoland.com\/tr\/urunler\/gida-hammaddeleri\/bitkisel-proteinler\/pirinc-proteini\/#breadcrumb","itemListElement":[{"@type":"ListItem","position":1,"name":"Ana Sayfa","item":"https:\/\/naturalpoland.com\/tr\/"},{"@type":"ListItem","position":2,"name":"\u00dcr\u00fcnler","item":"https:\/\/naturalpoland.com\/tr\/urunler\/"},{"@type":"ListItem","position":3,"name":"Pirin\u00e7 Proteini"}]},{"@type":"WebSite","@id":"https:\/\/naturalpoland.com\/tr\/#website","url":"https:\/\/naturalpoland.com\/tr\/","name":"NATURAL POLAND - Hurtowy Dystrybutor Surowc\u00f3w","description":"Surowce dla przemys\u0142u spo\u017cywczego, kosmetycznego i farmaceutycznego","publisher":{"@id":"https:\/\/naturalpoland.com\/tr\/#organization"},"potentialAction":[{"@type":"SearchAction","target":{"@type":"EntryPoint","urlTemplate":"https:\/\/naturalpoland.com\/tr\/?s={search_term_string}"},"query-input":{"@type":"PropertyValueSpecification","valueRequired":true,"valueName":"search_term_string"}}],"inLanguage":"tr"},{"@type":"Organization","@id":"https:\/\/naturalpoland.com\/tr\/#organization","name":"Natural Poland","url":"https:\/\/naturalpoland.com\/tr\/","logo":{"@type":"ImageObject","inLanguage":"tr","@id":"https:\/\/naturalpoland.com\/tr\/#\/schema\/logo\/image\/","url":"https:\/\/naturalpoland.com\/wp-content\/uploads\/2021\/05\/natural-poland-icon.png","contentUrl":"https:\/\/naturalpoland.com\/wp-content\/uploads\/2021\/05\/natural-poland-icon.png","width":512,"height":512,"caption":"Natural Poland"},"image":{"@id":"https:\/\/naturalpoland.com\/tr\/#\/schema\/logo\/image\/"},"sameAs":["https:\/\/www.facebook.com\/naturalpoland.b2b","https:\/\/pl.linkedin.com\/company\/natural-poland","https:\/\/www.youtube.com\/channel\/UCgeGGkvOMahZo-xu_MSEWxg"]}]}},"_links":{"self":[{"href":"https:\/\/naturalpoland.com\/tr\/wp-json\/wp\/v2\/product\/46372","targetHints":{"allow":["GET"]}}],"collection":[{"href":"https:\/\/naturalpoland.com\/tr\/wp-json\/wp\/v2\/product"}],"about":[{"href":"https:\/\/naturalpoland.com\/tr\/wp-json\/wp\/v2\/types\/product"}],"wp:featuredmedia":[{"embeddable":true,"href":"https:\/\/naturalpoland.com\/tr\/wp-json\/wp\/v2\/media\/46373"}],"wp:attachment":[{"href":"https:\/\/naturalpoland.com\/tr\/wp-json\/wp\/v2\/media?parent=46372"}],"wp:term":[{"taxonomy":"product_brand","embeddable":true,"href":"https:\/\/naturalpoland.com\/tr\/wp-json\/wp\/v2\/product_brand?post=46372"},{"taxonomy":"product_cat","embeddable":true,"href":"https:\/\/naturalpoland.com\/tr\/wp-json\/wp\/v2\/product_cat?post=46372"},{"taxonomy":"product_tag","embeddable":true,"href":"https:\/\/naturalpoland.com\/tr\/wp-json\/wp\/v2\/product_tag?post=46372"}],"curies":[{"name":"wp","href":"https:\/\/api.w.org\/{rel}","templated":true}]}}