{"id":46376,"date":"2024-08-30T11:45:49","date_gmt":"2024-08-30T09:45:49","guid":{"rendered":"https:\/\/naturalpoland.com\/produkty\/kategorilenmemis\/pirolokinolin-kinon-disodyum-tuzu-pqq\/"},"modified":"2026-03-03T14:04:13","modified_gmt":"2026-03-03T13:04:13","slug":"pirolokinolin-kinon-disodyum-tuzu-pqq","status":"publish","type":"product","link":"https:\/\/naturalpoland.com\/tr\/urunler\/farmasotik-hammaddeler\/takviye-edici-gida-bilesenleri\/pirolokinolin-kinon-disodyum-tuzu-pqq\/","title":{"rendered":"Pirolokinolin Kinon Disodyum Tuzu (PQQ)"},"content":{"rendered":"<p>PQQ, fermente \u00fcr\u00fcnler, sebzeler ve meyveler gibi bir\u00e7ok g\u0131da \u00fcr\u00fcn\u00fcnde do\u011fal olarak bulunur, ancak baz\u0131 diyetlerde konsantrasyonu \u00e7ok d\u00fc\u015f\u00fck olabilir.<\/p>\n<h2>PQQ&#8217;nun \u00d6zellikleri:<\/h2>\n<p>PQQ, \u00e7ok say\u0131da redoks reaksiyonunu katalize ederek ve h\u00fccrelere zarar veren serbest radikalleri n\u00f6tralize ederek son derece g\u00fc\u00e7l\u00fc <strong>antioksidan etki<\/strong> g\u00f6sterir. PQQ, ayn\u0131 ko\u015fullarda C vitamininin ger\u00e7ekle\u015ftirdi\u011fi sadece 4 reaksiyona k\u0131yasla yakla\u015f\u0131k 20.000 katalitik reaksiyon ger\u00e7ekle\u015ftirebilir. <\/p>\n<p>Ara\u015ft\u0131rmalar, PQQ&#8217;nun <strong>sinir h\u00fccrelerinin geli\u015fimini destekledi\u011fini<\/strong> g\u00f6stermi\u015ftir; bu da bili\u015fsel bozukluklar ve demans tedavisinde faydal\u0131 olabilir. PQQ, n\u00f6ronlar\u0131n b\u00fcy\u00fcmesini uyararak sentezlerini 40 kata kadar art\u0131r\u0131r. <\/p>\n<p>PQQ ayr\u0131ca ya\u015flanan h\u00fccrelerde <strong>mitokondri rejenerasyonu<\/strong> s\u00fcrecinde kofakt\u00f6r olarak g\u00f6rev yaparak mitokondri ile ili\u015fkili enzimlerin aktivitesini art\u0131r\u0131r ve b\u00fcy\u00fcmelerini uyar\u0131r. Ara\u015ft\u0131rmalar, PQQ takviyesinin karaci\u011ferdeki mitokondri say\u0131s\u0131n\u0131 %20-30 oran\u0131nda art\u0131rabilece\u011fini g\u00f6stermektedir. <\/p>\n<h2>PQQ&#8217;nun Kullan\u0131m\u0131:<\/h2>\n<p>Pirolokinolin Kinon Disodyum Tuzu, kalp sa\u011fl\u0131\u011f\u0131n\u0131, bili\u015fsel fonksiyonlar\u0131 destekleyen, uyku kalitesini iyile\u015ftiren ve yorgunlu\u011fu azaltan takviye g\u0131dalarda pop\u00fcler bir bile\u015fendir. ABD&#8217;de enerji i\u00e7ecekleri, spor i\u00e7ecekleri, elektrolit i\u00e7ecekleri ve \u015fi\u015felenmi\u015f suyun bile\u015feni olarak kullan\u0131lmaktad\u0131r. Avrupa Birli\u011fi ve Kanada&#8217;da takviye g\u0131da veya do\u011fal sa\u011fl\u0131k \u00fcr\u00fcn\u00fc olarak mevcuttur.  <\/p>\n<p>&nbsp;<\/p>\n","protected":false},"excerpt":{"rendered":"<p><strong>Pirolokinolin Kinon Disodyum Tuzu (PQQ)<\/strong>, g\u00fc\u00e7l\u00fc antioksidan \u00f6zelliklere sahip geli\u015fmi\u015f bir kimyasal bile\u015fiktir. Metabolik s\u00fcre\u00e7leri destekleyen ve h\u00fccreleri oksidatif hasara kar\u015f\u0131 koruyan bir redoks kofakt\u00f6r\u00fcd\u00fcr. <\/p>\n","protected":false},"featured_media":46377,"template":"","meta":{"_acf_changed":false},"product_brand":[],"product_cat":[9540],"product_tag":[],"class_list":{"0":"post-46376","1":"product","2":"type-product","3":"status-publish","4":"has-post-thumbnail","6":"product_cat-takviye-edici-gida-bilesenleri","7":"pa_grupa-substancji-antioksidanlar","9":"first","10":"instock","11":"shipping-taxable","12":"product-type-simple"},"acf":[],"yoast_head":"<!-- This site is optimized with the Yoast SEO plugin v27.4 - https:\/\/yoast.com\/product\/yoast-seo-wordpress\/ -->\n<title>Pirolokinolin Kinon Disodyum Tuzu (PQQ) - NATURAL POLAND - Hurtowy Dystrybutor Surowc\u00f3w<\/title>\n<meta name=\"description\" content=\"Pirolokinolin Kinon Disodyum Tuzu (PQQ), h\u00fccre sa\u011fl\u0131\u011f\u0131n\u0131, bili\u015fsel fonksiyonlar\u0131 ve kalp sa\u011fl\u0131\u011f\u0131n\u0131 destekleyen g\u00fc\u00e7l\u00fc bir antioksidand\u0131r.\" \/>\n<meta name=\"robots\" content=\"index, follow, max-snippet:-1, max-image-preview:large, max-video-preview:-1\" \/>\n<link rel=\"canonical\" href=\"https:\/\/naturalpoland.com\/tr\/urunler\/farmasotik-hammaddeler\/takviye-edici-gida-bilesenleri\/pirolokinolin-kinon-disodyum-tuzu-pqq\/\" \/>\n<meta property=\"og:locale\" content=\"tr_TR\" \/>\n<meta property=\"og:type\" content=\"article\" \/>\n<meta property=\"og:title\" content=\"Pirolokinolin Kinon Disodyum Tuzu (PQQ) - NATURAL POLAND - Hurtowy Dystrybutor Surowc\u00f3w\" \/>\n<meta property=\"og:description\" content=\"Pirolokinolin Kinon Disodyum Tuzu (PQQ), h\u00fccre sa\u011fl\u0131\u011f\u0131n\u0131, bili\u015fsel fonksiyonlar\u0131 ve kalp sa\u011fl\u0131\u011f\u0131n\u0131 destekleyen g\u00fc\u00e7l\u00fc bir antioksidand\u0131r.\" \/>\n<meta property=\"og:url\" content=\"https:\/\/naturalpoland.com\/tr\/urunler\/farmasotik-hammaddeler\/takviye-edici-gida-bilesenleri\/pirolokinolin-kinon-disodyum-tuzu-pqq\/\" \/>\n<meta property=\"og:site_name\" content=\"NATURAL POLAND - Hurtowy Dystrybutor Surowc\u00f3w\" \/>\n<meta property=\"article:publisher\" content=\"https:\/\/www.facebook.com\/naturalpoland.b2b\" \/>\n<meta property=\"article:modified_time\" content=\"2026-03-03T13:04:13+00:00\" \/>\n<meta property=\"og:image\" content=\"https:\/\/naturalpoland.com\/wp-content\/uploads\/pqq.webp\" \/>\n\t<meta property=\"og:image:width\" content=\"618\" \/>\n\t<meta property=\"og:image:height\" content=\"618\" \/>\n\t<meta property=\"og:image:type\" content=\"image\/webp\" \/>\n<script type=\"application\/ld+json\" class=\"yoast-schema-graph\">{\"@context\":\"https:\\\/\\\/schema.org\",\"@graph\":[{\"@type\":\"WebPage\",\"@id\":\"https:\\\/\\\/naturalpoland.com\\\/tr\\\/urunler\\\/farmasotik-hammaddeler\\\/takviye-edici-gida-bilesenleri\\\/pirolokinolin-kinon-disodyum-tuzu-pqq\\\/\",\"url\":\"https:\\\/\\\/naturalpoland.com\\\/tr\\\/urunler\\\/farmasotik-hammaddeler\\\/takviye-edici-gida-bilesenleri\\\/pirolokinolin-kinon-disodyum-tuzu-pqq\\\/\",\"name\":\"Pirolokinolin Kinon Disodyum Tuzu (PQQ) - NATURAL POLAND - Hurtowy Dystrybutor Surowc\u00f3w\",\"isPartOf\":{\"@id\":\"https:\\\/\\\/naturalpoland.com\\\/tr\\\/#website\"},\"primaryImageOfPage\":{\"@id\":\"https:\\\/\\\/naturalpoland.com\\\/tr\\\/urunler\\\/farmasotik-hammaddeler\\\/takviye-edici-gida-bilesenleri\\\/pirolokinolin-kinon-disodyum-tuzu-pqq\\\/#primaryimage\"},\"image\":{\"@id\":\"https:\\\/\\\/naturalpoland.com\\\/tr\\\/urunler\\\/farmasotik-hammaddeler\\\/takviye-edici-gida-bilesenleri\\\/pirolokinolin-kinon-disodyum-tuzu-pqq\\\/#primaryimage\"},\"thumbnailUrl\":\"https:\\\/\\\/naturalpoland.com\\\/wp-content\\\/uploads\\\/pqq.webp\",\"datePublished\":\"2024-08-30T09:45:49+00:00\",\"dateModified\":\"2026-03-03T13:04:13+00:00\",\"description\":\"Pirolokinolin Kinon Disodyum Tuzu (PQQ), h\u00fccre sa\u011fl\u0131\u011f\u0131n\u0131, bili\u015fsel fonksiyonlar\u0131 ve kalp sa\u011fl\u0131\u011f\u0131n\u0131 destekleyen g\u00fc\u00e7l\u00fc bir antioksidand\u0131r.\",\"breadcrumb\":{\"@id\":\"https:\\\/\\\/naturalpoland.com\\\/tr\\\/urunler\\\/farmasotik-hammaddeler\\\/takviye-edici-gida-bilesenleri\\\/pirolokinolin-kinon-disodyum-tuzu-pqq\\\/#breadcrumb\"},\"inLanguage\":\"tr\",\"potentialAction\":[{\"@type\":\"ReadAction\",\"target\":[\"https:\\\/\\\/naturalpoland.com\\\/tr\\\/urunler\\\/farmasotik-hammaddeler\\\/takviye-edici-gida-bilesenleri\\\/pirolokinolin-kinon-disodyum-tuzu-pqq\\\/\"]}]},{\"@type\":\"ImageObject\",\"inLanguage\":\"tr\",\"@id\":\"https:\\\/\\\/naturalpoland.com\\\/tr\\\/urunler\\\/farmasotik-hammaddeler\\\/takviye-edici-gida-bilesenleri\\\/pirolokinolin-kinon-disodyum-tuzu-pqq\\\/#primaryimage\",\"url\":\"https:\\\/\\\/naturalpoland.com\\\/wp-content\\\/uploads\\\/pqq.webp\",\"contentUrl\":\"https:\\\/\\\/naturalpoland.com\\\/wp-content\\\/uploads\\\/pqq.webp\",\"width\":618,\"height\":618,\"caption\":\"Pirolokinolin Kinon Disodyum Tuzu\"},{\"@type\":\"BreadcrumbList\",\"@id\":\"https:\\\/\\\/naturalpoland.com\\\/tr\\\/urunler\\\/farmasotik-hammaddeler\\\/takviye-edici-gida-bilesenleri\\\/pirolokinolin-kinon-disodyum-tuzu-pqq\\\/#breadcrumb\",\"itemListElement\":[{\"@type\":\"ListItem\",\"position\":1,\"name\":\"Ana Sayfa\",\"item\":\"https:\\\/\\\/naturalpoland.com\\\/tr\\\/\"},{\"@type\":\"ListItem\",\"position\":2,\"name\":\"\u00dcr\u00fcnler\",\"item\":\"https:\\\/\\\/naturalpoland.com\\\/tr\\\/urunler\\\/\"},{\"@type\":\"ListItem\",\"position\":3,\"name\":\"Pirolokinolin Kinon Disodyum Tuzu (PQQ)\"}]},{\"@type\":\"WebSite\",\"@id\":\"https:\\\/\\\/naturalpoland.com\\\/tr\\\/#website\",\"url\":\"https:\\\/\\\/naturalpoland.com\\\/tr\\\/\",\"name\":\"NATURAL POLAND - Hurtowy Dystrybutor Surowc\u00f3w\",\"description\":\"Surowce dla przemys\u0142u spo\u017cywczego, kosmetycznego i farmaceutycznego\",\"publisher\":{\"@id\":\"https:\\\/\\\/naturalpoland.com\\\/tr\\\/#organization\"},\"potentialAction\":[{\"@type\":\"SearchAction\",\"target\":{\"@type\":\"EntryPoint\",\"urlTemplate\":\"https:\\\/\\\/naturalpoland.com\\\/tr\\\/?s={search_term_string}\"},\"query-input\":{\"@type\":\"PropertyValueSpecification\",\"valueRequired\":true,\"valueName\":\"search_term_string\"}}],\"inLanguage\":\"tr\"},{\"@type\":\"Organization\",\"@id\":\"https:\\\/\\\/naturalpoland.com\\\/tr\\\/#organization\",\"name\":\"Natural Poland\",\"url\":\"https:\\\/\\\/naturalpoland.com\\\/tr\\\/\",\"logo\":{\"@type\":\"ImageObject\",\"inLanguage\":\"tr\",\"@id\":\"https:\\\/\\\/naturalpoland.com\\\/tr\\\/#\\\/schema\\\/logo\\\/image\\\/\",\"url\":\"https:\\\/\\\/naturalpoland.com\\\/wp-content\\\/uploads\\\/2021\\\/05\\\/natural-poland-icon.png\",\"contentUrl\":\"https:\\\/\\\/naturalpoland.com\\\/wp-content\\\/uploads\\\/2021\\\/05\\\/natural-poland-icon.png\",\"width\":512,\"height\":512,\"caption\":\"Natural Poland\"},\"image\":{\"@id\":\"https:\\\/\\\/naturalpoland.com\\\/tr\\\/#\\\/schema\\\/logo\\\/image\\\/\"},\"sameAs\":[\"https:\\\/\\\/www.facebook.com\\\/naturalpoland.b2b\",\"https:\\\/\\\/pl.linkedin.com\\\/company\\\/natural-poland\",\"https:\\\/\\\/www.youtube.com\\\/channel\\\/UCgeGGkvOMahZo-xu_MSEWxg\"]}]}<\/script>\n<!-- \/ Yoast SEO plugin. -->","yoast_head_json":{"title":"Pirolokinolin Kinon Disodyum Tuzu (PQQ) - NATURAL POLAND - Hurtowy Dystrybutor Surowc\u00f3w","description":"Pirolokinolin Kinon Disodyum Tuzu (PQQ), h\u00fccre sa\u011fl\u0131\u011f\u0131n\u0131, bili\u015fsel fonksiyonlar\u0131 ve kalp sa\u011fl\u0131\u011f\u0131n\u0131 destekleyen g\u00fc\u00e7l\u00fc bir antioksidand\u0131r.","robots":{"index":"index","follow":"follow","max-snippet":"max-snippet:-1","max-image-preview":"max-image-preview:large","max-video-preview":"max-video-preview:-1"},"canonical":"https:\/\/naturalpoland.com\/tr\/urunler\/farmasotik-hammaddeler\/takviye-edici-gida-bilesenleri\/pirolokinolin-kinon-disodyum-tuzu-pqq\/","og_locale":"tr_TR","og_type":"article","og_title":"Pirolokinolin Kinon Disodyum Tuzu (PQQ) - NATURAL POLAND - Hurtowy Dystrybutor Surowc\u00f3w","og_description":"Pirolokinolin Kinon Disodyum Tuzu (PQQ), h\u00fccre sa\u011fl\u0131\u011f\u0131n\u0131, bili\u015fsel fonksiyonlar\u0131 ve kalp sa\u011fl\u0131\u011f\u0131n\u0131 destekleyen g\u00fc\u00e7l\u00fc bir antioksidand\u0131r.","og_url":"https:\/\/naturalpoland.com\/tr\/urunler\/farmasotik-hammaddeler\/takviye-edici-gida-bilesenleri\/pirolokinolin-kinon-disodyum-tuzu-pqq\/","og_site_name":"NATURAL POLAND - Hurtowy Dystrybutor Surowc\u00f3w","article_publisher":"https:\/\/www.facebook.com\/naturalpoland.b2b","article_modified_time":"2026-03-03T13:04:13+00:00","og_image":[{"width":618,"height":618,"url":"https:\/\/naturalpoland.com\/wp-content\/uploads\/pqq.webp","type":"image\/webp"}],"schema":{"@context":"https:\/\/schema.org","@graph":[{"@type":"WebPage","@id":"https:\/\/naturalpoland.com\/tr\/urunler\/farmasotik-hammaddeler\/takviye-edici-gida-bilesenleri\/pirolokinolin-kinon-disodyum-tuzu-pqq\/","url":"https:\/\/naturalpoland.com\/tr\/urunler\/farmasotik-hammaddeler\/takviye-edici-gida-bilesenleri\/pirolokinolin-kinon-disodyum-tuzu-pqq\/","name":"Pirolokinolin Kinon Disodyum Tuzu (PQQ) - NATURAL POLAND - Hurtowy Dystrybutor Surowc\u00f3w","isPartOf":{"@id":"https:\/\/naturalpoland.com\/tr\/#website"},"primaryImageOfPage":{"@id":"https:\/\/naturalpoland.com\/tr\/urunler\/farmasotik-hammaddeler\/takviye-edici-gida-bilesenleri\/pirolokinolin-kinon-disodyum-tuzu-pqq\/#primaryimage"},"image":{"@id":"https:\/\/naturalpoland.com\/tr\/urunler\/farmasotik-hammaddeler\/takviye-edici-gida-bilesenleri\/pirolokinolin-kinon-disodyum-tuzu-pqq\/#primaryimage"},"thumbnailUrl":"https:\/\/naturalpoland.com\/wp-content\/uploads\/pqq.webp","datePublished":"2024-08-30T09:45:49+00:00","dateModified":"2026-03-03T13:04:13+00:00","description":"Pirolokinolin Kinon Disodyum Tuzu (PQQ), h\u00fccre sa\u011fl\u0131\u011f\u0131n\u0131, bili\u015fsel fonksiyonlar\u0131 ve kalp sa\u011fl\u0131\u011f\u0131n\u0131 destekleyen g\u00fc\u00e7l\u00fc bir antioksidand\u0131r.","breadcrumb":{"@id":"https:\/\/naturalpoland.com\/tr\/urunler\/farmasotik-hammaddeler\/takviye-edici-gida-bilesenleri\/pirolokinolin-kinon-disodyum-tuzu-pqq\/#breadcrumb"},"inLanguage":"tr","potentialAction":[{"@type":"ReadAction","target":["https:\/\/naturalpoland.com\/tr\/urunler\/farmasotik-hammaddeler\/takviye-edici-gida-bilesenleri\/pirolokinolin-kinon-disodyum-tuzu-pqq\/"]}]},{"@type":"ImageObject","inLanguage":"tr","@id":"https:\/\/naturalpoland.com\/tr\/urunler\/farmasotik-hammaddeler\/takviye-edici-gida-bilesenleri\/pirolokinolin-kinon-disodyum-tuzu-pqq\/#primaryimage","url":"https:\/\/naturalpoland.com\/wp-content\/uploads\/pqq.webp","contentUrl":"https:\/\/naturalpoland.com\/wp-content\/uploads\/pqq.webp","width":618,"height":618,"caption":"Pirolokinolin Kinon Disodyum Tuzu"},{"@type":"BreadcrumbList","@id":"https:\/\/naturalpoland.com\/tr\/urunler\/farmasotik-hammaddeler\/takviye-edici-gida-bilesenleri\/pirolokinolin-kinon-disodyum-tuzu-pqq\/#breadcrumb","itemListElement":[{"@type":"ListItem","position":1,"name":"Ana Sayfa","item":"https:\/\/naturalpoland.com\/tr\/"},{"@type":"ListItem","position":2,"name":"\u00dcr\u00fcnler","item":"https:\/\/naturalpoland.com\/tr\/urunler\/"},{"@type":"ListItem","position":3,"name":"Pirolokinolin Kinon Disodyum Tuzu (PQQ)"}]},{"@type":"WebSite","@id":"https:\/\/naturalpoland.com\/tr\/#website","url":"https:\/\/naturalpoland.com\/tr\/","name":"NATURAL POLAND - Hurtowy Dystrybutor Surowc\u00f3w","description":"Surowce dla przemys\u0142u spo\u017cywczego, kosmetycznego i farmaceutycznego","publisher":{"@id":"https:\/\/naturalpoland.com\/tr\/#organization"},"potentialAction":[{"@type":"SearchAction","target":{"@type":"EntryPoint","urlTemplate":"https:\/\/naturalpoland.com\/tr\/?s={search_term_string}"},"query-input":{"@type":"PropertyValueSpecification","valueRequired":true,"valueName":"search_term_string"}}],"inLanguage":"tr"},{"@type":"Organization","@id":"https:\/\/naturalpoland.com\/tr\/#organization","name":"Natural Poland","url":"https:\/\/naturalpoland.com\/tr\/","logo":{"@type":"ImageObject","inLanguage":"tr","@id":"https:\/\/naturalpoland.com\/tr\/#\/schema\/logo\/image\/","url":"https:\/\/naturalpoland.com\/wp-content\/uploads\/2021\/05\/natural-poland-icon.png","contentUrl":"https:\/\/naturalpoland.com\/wp-content\/uploads\/2021\/05\/natural-poland-icon.png","width":512,"height":512,"caption":"Natural Poland"},"image":{"@id":"https:\/\/naturalpoland.com\/tr\/#\/schema\/logo\/image\/"},"sameAs":["https:\/\/www.facebook.com\/naturalpoland.b2b","https:\/\/pl.linkedin.com\/company\/natural-poland","https:\/\/www.youtube.com\/channel\/UCgeGGkvOMahZo-xu_MSEWxg"]}]}},"_links":{"self":[{"href":"https:\/\/naturalpoland.com\/tr\/wp-json\/wp\/v2\/product\/46376","targetHints":{"allow":["GET"]}}],"collection":[{"href":"https:\/\/naturalpoland.com\/tr\/wp-json\/wp\/v2\/product"}],"about":[{"href":"https:\/\/naturalpoland.com\/tr\/wp-json\/wp\/v2\/types\/product"}],"wp:featuredmedia":[{"embeddable":true,"href":"https:\/\/naturalpoland.com\/tr\/wp-json\/wp\/v2\/media\/46377"}],"wp:attachment":[{"href":"https:\/\/naturalpoland.com\/tr\/wp-json\/wp\/v2\/media?parent=46376"}],"wp:term":[{"taxonomy":"product_brand","embeddable":true,"href":"https:\/\/naturalpoland.com\/tr\/wp-json\/wp\/v2\/product_brand?post=46376"},{"taxonomy":"product_cat","embeddable":true,"href":"https:\/\/naturalpoland.com\/tr\/wp-json\/wp\/v2\/product_cat?post=46376"},{"taxonomy":"product_tag","embeddable":true,"href":"https:\/\/naturalpoland.com\/tr\/wp-json\/wp\/v2\/product_tag?post=46376"}],"curies":[{"name":"wp","href":"https:\/\/api.w.org\/{rel}","templated":true}]}}