{"id":46380,"date":"2021-05-11T13:44:33","date_gmt":"2021-05-11T11:44:33","guid":{"rendered":"https:\/\/naturalpoland.com\/produkty\/kategorilenmemis\/susuz-kafein\/"},"modified":"2026-03-03T14:22:27","modified_gmt":"2026-03-03T13:22:27","slug":"susuz-kafein","status":"publish","type":"product","link":"https:\/\/naturalpoland.com\/tr\/urunler\/kozmetik-hammaddeleri\/kozmetik-hammaddeleri-2\/susuz-kafein\/","title":{"rendered":"Susuz Kafein"},"content":{"rendered":"<h2>Faydalar\u0131 ve Kullan\u0131m Alanlar\u0131<\/h2>\n<p>Bu \u00fcr\u00fcn, uyan\u0131kl\u0131\u011f\u0131 art\u0131rma ve yorgunluk hissini azaltma \u00fczerindeki uyar\u0131c\u0131 \u00f6zellikleriyle bilinir. Kafein, baz\u0131 adenozin resept\u00f6rlerini bloke ederek asetilkolin, noradrenalin, dopamin ve serotonin gibi n\u00f6rotransmitterlerin sal\u0131n\u0131m\u0131na neden olur. Bu da kan damarlar\u0131n\u0131n geni\u015flemesine ve kalp at\u0131\u015f h\u0131z\u0131n\u0131n artmas\u0131na yol a\u00e7ar. Ayr\u0131ca bir uyar\u0131lma hissi de yaratabilir.   <\/p>\n<p>Kafein, dayan\u0131kl\u0131l\u0131\u011f\u0131 ve egzersiz performans\u0131n\u0131 art\u0131rarak fiziksel performans\u0131 iyile\u015ftirmeye de yard\u0131mc\u0131 olur. Genellikle sporcular ve fiziksel olarak aktif ki\u015filer taraf\u0131ndan kullan\u0131l\u0131r. <\/p>\n<p>Susuz kafein, enerji i\u00e7eceklerinde, gazl\u0131 i\u00e7eceklerde ve takviye edici g\u0131dalarda yayg\u0131n olarak kullan\u0131l\u0131r. \u00dcr\u00fcnlerin uyar\u0131c\u0131 etkisini art\u0131rmak i\u00e7in eklenir. <\/p>\n<p><strong>\u0130la\u00e7 end\u00fcstrisinde<\/strong> kafein, a\u011fr\u0131 kesicilerde, migren ila\u00e7lar\u0131nda ve yorgunluk ile uyku haline kar\u015f\u0131 preparatlarda \u00f6nemli bir bile\u015fendir. Uyar\u0131c\u0131 \u00f6zellikleri, bu ila\u00e7lar\u0131n etkinli\u011fini art\u0131rmak i\u00e7in kullan\u0131l\u0131r. <\/p>\n<p><strong>Kozmetikte<\/strong> kafein, ya\u011f dokusunun lipolizini \u00f6nemli \u00f6l\u00e7\u00fcde h\u0131zland\u0131r\u0131r, bu nedenle sel\u00fclit ve a\u015f\u0131r\u0131 kilo ile m\u00fccadele eden \u00fcr\u00fcnlerin bir bile\u015feni olabilir. \u0130lgin\u00e7 bir \u015fekilde, hem jel, serum hem de takviye edici g\u0131da \u015feklinde kullan\u0131labilir. Kafein ayr\u0131ca sa\u00e7 b\u00fcy\u00fcmesini h\u0131zland\u0131ran \u015fampuan ve sa\u00e7 kremlerine, g\u00f6z alt\u0131 kremlerine ve sporcular i\u00e7in \u0131s\u0131t\u0131c\u0131 jellere de eklenir.  <\/p>\n","protected":false},"excerpt":{"rendered":"<p><strong>Susuz kafein<\/strong>, p\u00fcrin alkaloidleri aras\u0131nda s\u0131n\u0131fland\u0131r\u0131l\u0131r. G\u0131da, ila\u00e7 ve kozmetik end\u00fcstrilerinde kullan\u0131l\u0131r. <\/p>\n","protected":false},"featured_media":46381,"template":"","meta":{"_acf_changed":false},"product_brand":[],"product_cat":[9540,9557],"product_tag":[],"class_list":{"0":"post-46380","1":"product","2":"type-product","3":"status-publish","4":"has-post-thumbnail","6":"product_cat-takviye-edici-gida-bilesenleri","7":"product_cat-kozmetik-hammaddeleri-2","9":"first","10":"instock","11":"shipping-taxable","12":"product-type-simple"},"acf":[],"yoast_head":"<!-- This site is optimized with the Yoast SEO plugin v27.4 - https:\/\/yoast.com\/product\/yoast-seo-wordpress\/ -->\n<title>Susuz Kafein - NATURAL POLAND - Hurtowy Dystrybutor Surowc\u00f3w<\/title>\n<meta name=\"description\" content=\"Susuz kafein, geni\u015f bir kullan\u0131m alan\u0131na sahip, say\u0131s\u0131z sa\u011fl\u0131k ve kozmetik fayda sunan \u00e7ok y\u00f6nl\u00fc bir \u00fcr\u00fcnd\u00fcr.\" \/>\n<meta name=\"robots\" content=\"index, follow, max-snippet:-1, max-image-preview:large, max-video-preview:-1\" \/>\n<link rel=\"canonical\" href=\"https:\/\/naturalpoland.com\/tr\/urunler\/kozmetik-hammaddeleri\/kozmetik-hammaddeleri-2\/susuz-kafein\/\" \/>\n<meta property=\"og:locale\" content=\"tr_TR\" \/>\n<meta property=\"og:type\" content=\"article\" \/>\n<meta property=\"og:title\" content=\"Susuz Kafein - NATURAL POLAND - Hurtowy Dystrybutor Surowc\u00f3w\" \/>\n<meta property=\"og:description\" content=\"Susuz kafein, geni\u015f bir kullan\u0131m alan\u0131na sahip, say\u0131s\u0131z sa\u011fl\u0131k ve kozmetik fayda sunan \u00e7ok y\u00f6nl\u00fc bir \u00fcr\u00fcnd\u00fcr.\" \/>\n<meta property=\"og:url\" content=\"https:\/\/naturalpoland.com\/tr\/urunler\/kozmetik-hammaddeleri\/kozmetik-hammaddeleri-2\/susuz-kafein\/\" \/>\n<meta property=\"og:site_name\" content=\"NATURAL POLAND - Hurtowy Dystrybutor Surowc\u00f3w\" \/>\n<meta property=\"article:publisher\" content=\"https:\/\/www.facebook.com\/naturalpoland.b2b\" \/>\n<meta property=\"article:modified_time\" content=\"2026-03-03T13:22:27+00:00\" \/>\n<meta property=\"og:image\" content=\"https:\/\/naturalpoland.com\/wp-content\/uploads\/2021\/05\/caffeine.png\" \/>\n\t<meta property=\"og:image:width\" content=\"730\" \/>\n\t<meta property=\"og:image:height\" content=\"662\" \/>\n\t<meta property=\"og:image:type\" content=\"image\/png\" \/>\n<script type=\"application\/ld+json\" class=\"yoast-schema-graph\">{\"@context\":\"https:\\\/\\\/schema.org\",\"@graph\":[{\"@type\":\"WebPage\",\"@id\":\"https:\\\/\\\/naturalpoland.com\\\/tr\\\/urunler\\\/kozmetik-hammaddeleri\\\/kozmetik-hammaddeleri-2\\\/susuz-kafein\\\/\",\"url\":\"https:\\\/\\\/naturalpoland.com\\\/tr\\\/urunler\\\/kozmetik-hammaddeleri\\\/kozmetik-hammaddeleri-2\\\/susuz-kafein\\\/\",\"name\":\"Susuz Kafein - NATURAL POLAND - Hurtowy Dystrybutor Surowc\u00f3w\",\"isPartOf\":{\"@id\":\"https:\\\/\\\/naturalpoland.com\\\/tr\\\/#website\"},\"primaryImageOfPage\":{\"@id\":\"https:\\\/\\\/naturalpoland.com\\\/tr\\\/urunler\\\/kozmetik-hammaddeleri\\\/kozmetik-hammaddeleri-2\\\/susuz-kafein\\\/#primaryimage\"},\"image\":{\"@id\":\"https:\\\/\\\/naturalpoland.com\\\/tr\\\/urunler\\\/kozmetik-hammaddeleri\\\/kozmetik-hammaddeleri-2\\\/susuz-kafein\\\/#primaryimage\"},\"thumbnailUrl\":\"https:\\\/\\\/naturalpoland.com\\\/wp-content\\\/uploads\\\/2021\\\/05\\\/caffeine.png\",\"datePublished\":\"2021-05-11T11:44:33+00:00\",\"dateModified\":\"2026-03-03T13:22:27+00:00\",\"description\":\"Susuz kafein, geni\u015f bir kullan\u0131m alan\u0131na sahip, say\u0131s\u0131z sa\u011fl\u0131k ve kozmetik fayda sunan \u00e7ok y\u00f6nl\u00fc bir \u00fcr\u00fcnd\u00fcr.\",\"breadcrumb\":{\"@id\":\"https:\\\/\\\/naturalpoland.com\\\/tr\\\/urunler\\\/kozmetik-hammaddeleri\\\/kozmetik-hammaddeleri-2\\\/susuz-kafein\\\/#breadcrumb\"},\"inLanguage\":\"tr\",\"potentialAction\":[{\"@type\":\"ReadAction\",\"target\":[\"https:\\\/\\\/naturalpoland.com\\\/tr\\\/urunler\\\/kozmetik-hammaddeleri\\\/kozmetik-hammaddeleri-2\\\/susuz-kafein\\\/\"]}]},{\"@type\":\"ImageObject\",\"inLanguage\":\"tr\",\"@id\":\"https:\\\/\\\/naturalpoland.com\\\/tr\\\/urunler\\\/kozmetik-hammaddeleri\\\/kozmetik-hammaddeleri-2\\\/susuz-kafein\\\/#primaryimage\",\"url\":\"https:\\\/\\\/naturalpoland.com\\\/wp-content\\\/uploads\\\/2021\\\/05\\\/caffeine.png\",\"contentUrl\":\"https:\\\/\\\/naturalpoland.com\\\/wp-content\\\/uploads\\\/2021\\\/05\\\/caffeine.png\",\"width\":730,\"height\":662,\"caption\":\"Kafein\"},{\"@type\":\"BreadcrumbList\",\"@id\":\"https:\\\/\\\/naturalpoland.com\\\/tr\\\/urunler\\\/kozmetik-hammaddeleri\\\/kozmetik-hammaddeleri-2\\\/susuz-kafein\\\/#breadcrumb\",\"itemListElement\":[{\"@type\":\"ListItem\",\"position\":1,\"name\":\"Ana Sayfa\",\"item\":\"https:\\\/\\\/naturalpoland.com\\\/tr\\\/\"},{\"@type\":\"ListItem\",\"position\":2,\"name\":\"\u00dcr\u00fcnler\",\"item\":\"https:\\\/\\\/naturalpoland.com\\\/tr\\\/urunler\\\/\"},{\"@type\":\"ListItem\",\"position\":3,\"name\":\"Susuz Kafein\"}]},{\"@type\":\"WebSite\",\"@id\":\"https:\\\/\\\/naturalpoland.com\\\/tr\\\/#website\",\"url\":\"https:\\\/\\\/naturalpoland.com\\\/tr\\\/\",\"name\":\"NATURAL POLAND - Hurtowy Dystrybutor Surowc\u00f3w\",\"description\":\"Surowce dla przemys\u0142u spo\u017cywczego, kosmetycznego i farmaceutycznego\",\"publisher\":{\"@id\":\"https:\\\/\\\/naturalpoland.com\\\/tr\\\/#organization\"},\"potentialAction\":[{\"@type\":\"SearchAction\",\"target\":{\"@type\":\"EntryPoint\",\"urlTemplate\":\"https:\\\/\\\/naturalpoland.com\\\/tr\\\/?s={search_term_string}\"},\"query-input\":{\"@type\":\"PropertyValueSpecification\",\"valueRequired\":true,\"valueName\":\"search_term_string\"}}],\"inLanguage\":\"tr\"},{\"@type\":\"Organization\",\"@id\":\"https:\\\/\\\/naturalpoland.com\\\/tr\\\/#organization\",\"name\":\"Natural Poland\",\"url\":\"https:\\\/\\\/naturalpoland.com\\\/tr\\\/\",\"logo\":{\"@type\":\"ImageObject\",\"inLanguage\":\"tr\",\"@id\":\"https:\\\/\\\/naturalpoland.com\\\/tr\\\/#\\\/schema\\\/logo\\\/image\\\/\",\"url\":\"https:\\\/\\\/naturalpoland.com\\\/wp-content\\\/uploads\\\/2021\\\/05\\\/natural-poland-icon.png\",\"contentUrl\":\"https:\\\/\\\/naturalpoland.com\\\/wp-content\\\/uploads\\\/2021\\\/05\\\/natural-poland-icon.png\",\"width\":512,\"height\":512,\"caption\":\"Natural Poland\"},\"image\":{\"@id\":\"https:\\\/\\\/naturalpoland.com\\\/tr\\\/#\\\/schema\\\/logo\\\/image\\\/\"},\"sameAs\":[\"https:\\\/\\\/www.facebook.com\\\/naturalpoland.b2b\",\"https:\\\/\\\/pl.linkedin.com\\\/company\\\/natural-poland\",\"https:\\\/\\\/www.youtube.com\\\/channel\\\/UCgeGGkvOMahZo-xu_MSEWxg\"]}]}<\/script>\n<!-- \/ Yoast SEO plugin. -->","yoast_head_json":{"title":"Susuz Kafein - NATURAL POLAND - Hurtowy Dystrybutor Surowc\u00f3w","description":"Susuz kafein, geni\u015f bir kullan\u0131m alan\u0131na sahip, say\u0131s\u0131z sa\u011fl\u0131k ve kozmetik fayda sunan \u00e7ok y\u00f6nl\u00fc bir \u00fcr\u00fcnd\u00fcr.","robots":{"index":"index","follow":"follow","max-snippet":"max-snippet:-1","max-image-preview":"max-image-preview:large","max-video-preview":"max-video-preview:-1"},"canonical":"https:\/\/naturalpoland.com\/tr\/urunler\/kozmetik-hammaddeleri\/kozmetik-hammaddeleri-2\/susuz-kafein\/","og_locale":"tr_TR","og_type":"article","og_title":"Susuz Kafein - NATURAL POLAND - Hurtowy Dystrybutor Surowc\u00f3w","og_description":"Susuz kafein, geni\u015f bir kullan\u0131m alan\u0131na sahip, say\u0131s\u0131z sa\u011fl\u0131k ve kozmetik fayda sunan \u00e7ok y\u00f6nl\u00fc bir \u00fcr\u00fcnd\u00fcr.","og_url":"https:\/\/naturalpoland.com\/tr\/urunler\/kozmetik-hammaddeleri\/kozmetik-hammaddeleri-2\/susuz-kafein\/","og_site_name":"NATURAL POLAND - Hurtowy Dystrybutor Surowc\u00f3w","article_publisher":"https:\/\/www.facebook.com\/naturalpoland.b2b","article_modified_time":"2026-03-03T13:22:27+00:00","og_image":[{"width":730,"height":662,"url":"https:\/\/naturalpoland.com\/wp-content\/uploads\/2021\/05\/caffeine.png","type":"image\/png"}],"schema":{"@context":"https:\/\/schema.org","@graph":[{"@type":"WebPage","@id":"https:\/\/naturalpoland.com\/tr\/urunler\/kozmetik-hammaddeleri\/kozmetik-hammaddeleri-2\/susuz-kafein\/","url":"https:\/\/naturalpoland.com\/tr\/urunler\/kozmetik-hammaddeleri\/kozmetik-hammaddeleri-2\/susuz-kafein\/","name":"Susuz Kafein - NATURAL POLAND - Hurtowy Dystrybutor Surowc\u00f3w","isPartOf":{"@id":"https:\/\/naturalpoland.com\/tr\/#website"},"primaryImageOfPage":{"@id":"https:\/\/naturalpoland.com\/tr\/urunler\/kozmetik-hammaddeleri\/kozmetik-hammaddeleri-2\/susuz-kafein\/#primaryimage"},"image":{"@id":"https:\/\/naturalpoland.com\/tr\/urunler\/kozmetik-hammaddeleri\/kozmetik-hammaddeleri-2\/susuz-kafein\/#primaryimage"},"thumbnailUrl":"https:\/\/naturalpoland.com\/wp-content\/uploads\/2021\/05\/caffeine.png","datePublished":"2021-05-11T11:44:33+00:00","dateModified":"2026-03-03T13:22:27+00:00","description":"Susuz kafein, geni\u015f bir kullan\u0131m alan\u0131na sahip, say\u0131s\u0131z sa\u011fl\u0131k ve kozmetik fayda sunan \u00e7ok y\u00f6nl\u00fc bir \u00fcr\u00fcnd\u00fcr.","breadcrumb":{"@id":"https:\/\/naturalpoland.com\/tr\/urunler\/kozmetik-hammaddeleri\/kozmetik-hammaddeleri-2\/susuz-kafein\/#breadcrumb"},"inLanguage":"tr","potentialAction":[{"@type":"ReadAction","target":["https:\/\/naturalpoland.com\/tr\/urunler\/kozmetik-hammaddeleri\/kozmetik-hammaddeleri-2\/susuz-kafein\/"]}]},{"@type":"ImageObject","inLanguage":"tr","@id":"https:\/\/naturalpoland.com\/tr\/urunler\/kozmetik-hammaddeleri\/kozmetik-hammaddeleri-2\/susuz-kafein\/#primaryimage","url":"https:\/\/naturalpoland.com\/wp-content\/uploads\/2021\/05\/caffeine.png","contentUrl":"https:\/\/naturalpoland.com\/wp-content\/uploads\/2021\/05\/caffeine.png","width":730,"height":662,"caption":"Kafein"},{"@type":"BreadcrumbList","@id":"https:\/\/naturalpoland.com\/tr\/urunler\/kozmetik-hammaddeleri\/kozmetik-hammaddeleri-2\/susuz-kafein\/#breadcrumb","itemListElement":[{"@type":"ListItem","position":1,"name":"Ana Sayfa","item":"https:\/\/naturalpoland.com\/tr\/"},{"@type":"ListItem","position":2,"name":"\u00dcr\u00fcnler","item":"https:\/\/naturalpoland.com\/tr\/urunler\/"},{"@type":"ListItem","position":3,"name":"Susuz Kafein"}]},{"@type":"WebSite","@id":"https:\/\/naturalpoland.com\/tr\/#website","url":"https:\/\/naturalpoland.com\/tr\/","name":"NATURAL POLAND - Hurtowy Dystrybutor Surowc\u00f3w","description":"Surowce dla przemys\u0142u spo\u017cywczego, kosmetycznego i farmaceutycznego","publisher":{"@id":"https:\/\/naturalpoland.com\/tr\/#organization"},"potentialAction":[{"@type":"SearchAction","target":{"@type":"EntryPoint","urlTemplate":"https:\/\/naturalpoland.com\/tr\/?s={search_term_string}"},"query-input":{"@type":"PropertyValueSpecification","valueRequired":true,"valueName":"search_term_string"}}],"inLanguage":"tr"},{"@type":"Organization","@id":"https:\/\/naturalpoland.com\/tr\/#organization","name":"Natural Poland","url":"https:\/\/naturalpoland.com\/tr\/","logo":{"@type":"ImageObject","inLanguage":"tr","@id":"https:\/\/naturalpoland.com\/tr\/#\/schema\/logo\/image\/","url":"https:\/\/naturalpoland.com\/wp-content\/uploads\/2021\/05\/natural-poland-icon.png","contentUrl":"https:\/\/naturalpoland.com\/wp-content\/uploads\/2021\/05\/natural-poland-icon.png","width":512,"height":512,"caption":"Natural Poland"},"image":{"@id":"https:\/\/naturalpoland.com\/tr\/#\/schema\/logo\/image\/"},"sameAs":["https:\/\/www.facebook.com\/naturalpoland.b2b","https:\/\/pl.linkedin.com\/company\/natural-poland","https:\/\/www.youtube.com\/channel\/UCgeGGkvOMahZo-xu_MSEWxg"]}]}},"_links":{"self":[{"href":"https:\/\/naturalpoland.com\/tr\/wp-json\/wp\/v2\/product\/46380","targetHints":{"allow":["GET"]}}],"collection":[{"href":"https:\/\/naturalpoland.com\/tr\/wp-json\/wp\/v2\/product"}],"about":[{"href":"https:\/\/naturalpoland.com\/tr\/wp-json\/wp\/v2\/types\/product"}],"wp:featuredmedia":[{"embeddable":true,"href":"https:\/\/naturalpoland.com\/tr\/wp-json\/wp\/v2\/media\/46381"}],"wp:attachment":[{"href":"https:\/\/naturalpoland.com\/tr\/wp-json\/wp\/v2\/media?parent=46380"}],"wp:term":[{"taxonomy":"product_brand","embeddable":true,"href":"https:\/\/naturalpoland.com\/tr\/wp-json\/wp\/v2\/product_brand?post=46380"},{"taxonomy":"product_cat","embeddable":true,"href":"https:\/\/naturalpoland.com\/tr\/wp-json\/wp\/v2\/product_cat?post=46380"},{"taxonomy":"product_tag","embeddable":true,"href":"https:\/\/naturalpoland.com\/tr\/wp-json\/wp\/v2\/product_tag?post=46380"}],"curies":[{"name":"wp","href":"https:\/\/api.w.org\/{rel}","templated":true}]}}