{"id":46382,"date":"2021-05-11T13:45:23","date_gmt":"2021-05-11T11:45:23","guid":{"rendered":"https:\/\/naturalpoland.com\/produkty\/kategorilenmemis\/l-karnozin\/"},"modified":"2026-03-03T14:22:49","modified_gmt":"2026-03-03T13:22:49","slug":"l-karnozin","status":"publish","type":"product","link":"https:\/\/naturalpoland.com\/tr\/urunler\/kozmetik-hammaddeleri\/peptitler\/l-karnozin\/","title":{"rendered":"L-Karnozin"},"content":{"rendered":"<h2>Takviye Edici G\u0131dalarda L-Karnozin:<\/h2>\n<p>L-Karnozin, v\u00fccudun toksinlerden ar\u0131nma s\u00fcre\u00e7lerini ve do\u011fal kas b\u00fcy\u00fcmesini destekler. Yara iyile\u015fme s\u00fcre\u00e7lerini h\u0131zland\u0131r\u0131r, dola\u015f\u0131m sistemini korur ve miyokard enfarkt\u00fcs\u00fc riskini azalt\u0131r. <\/p>\n<p>\u00d6zellikle sporculara tavsiye edilir. Kas liflerinin kas\u0131labilirli\u011fini art\u0131r\u0131r, v\u00fccut \u015fekillendirmeyi ve kas k\u00fctlesi b\u00fcy\u00fcmesini destekler. <\/p>\n<h2>Kozmetikte L-Karnozin:<\/h2>\n<p>L-Karnozin&#8217;in ana etki mekanizmas\u0131, erken cilt ya\u015flanmas\u0131n\u0131n ana nedenlerinden biri olan <strong>serbest radikalleri n\u00f6tralize etme yetene\u011fidir<\/strong>. Serbest radikaller, cilt h\u00fccrelerine zarar veren, elastikiyet kayb\u0131na, k\u0131r\u0131\u015f\u0131kl\u0131k olu\u015fumuna ve di\u011fer ya\u015flanma belirtilerine yol a\u00e7an karars\u0131z par\u00e7ac\u0131klard\u0131r. <\/p>\n<p>L-Karnozin, g\u00fc\u00e7l\u00fc bir <strong>antioksidan<\/strong> olarak i\u015flev g\u00f6rerek serbest radikalleri ba\u011flar ve n\u00f6tralize eder, bu da cildi hasardan korur. Sonu\u00e7 olarak, cilt daha gen\u00e7 g\u00f6r\u00fcn\u00fcr, p\u00fcr\u00fczs\u00fcz ve s\u0131k\u0131 olur, k\u0131r\u0131\u015f\u0131kl\u0131klar ve mimik \u00e7izgileri daha az belirgin hale gelir. <\/p>\n","protected":false},"excerpt":{"rendered":"<p><strong>L-Karnozin<\/strong>, histidin ve beta-alanin kombinasyonu olan bir dipeptittir. \u0130nsan v\u00fccudunda do\u011fal olarak bulunur. Ancak ya\u015fla birlikte seviyesi d\u00fc\u015fer ve <strong>takviye<\/strong> gerekli hale gelir. L-Karnozin ayn\u0131 zamanda k\u0131r\u0131\u015f\u0131kl\u0131klarla m\u00fccadele etme ve cilt ya\u015flanma s\u00fcre\u00e7lerini geciktirme yetene\u011fiyle bilinen g\u00fc\u00e7l\u00fc bir <strong>kozmetik bile\u015fendir<\/strong>.   <\/p>\n","protected":false},"featured_media":46383,"template":"","meta":{"_acf_changed":false},"product_brand":[],"product_cat":[9540,9554],"product_tag":[],"class_list":{"0":"post-46382","1":"product","2":"type-product","3":"status-publish","4":"has-post-thumbnail","6":"product_cat-takviye-edici-gida-bilesenleri","7":"product_cat-peptitler","9":"first","10":"instock","11":"shipping-taxable","12":"product-type-simple"},"acf":[],"yoast_head":"<!-- This site is optimized with the Yoast SEO plugin v27.4 - https:\/\/yoast.com\/product\/yoast-seo-wordpress\/ -->\n<title>L-Karnozin - Hurtowy Dystrybutor<\/title>\n<meta name=\"description\" content=\"L-Karnozin, beta-alanin ve histidin olmak \u00fczere iki aminoasitten olu\u015fan biyolojik olarak aktif bir maddedir. Sa\u011fl\u0131k i\u00e7in son derece \u00f6nemlidir.\" \/>\n<meta name=\"robots\" content=\"index, follow, max-snippet:-1, max-image-preview:large, max-video-preview:-1\" \/>\n<link rel=\"canonical\" href=\"https:\/\/naturalpoland.com\/tr\/urunler\/kozmetik-hammaddeleri\/peptitler\/l-karnozin\/\" \/>\n<meta property=\"og:locale\" content=\"tr_TR\" \/>\n<meta property=\"og:type\" content=\"article\" \/>\n<meta property=\"og:title\" content=\"L-Karnozin - Hurtowy Dystrybutor\" \/>\n<meta property=\"og:description\" content=\"L-Karnozin, beta-alanin ve histidin olmak \u00fczere iki aminoasitten olu\u015fan biyolojik olarak aktif bir maddedir. Sa\u011fl\u0131k i\u00e7in son derece \u00f6nemlidir.\" \/>\n<meta property=\"og:url\" content=\"https:\/\/naturalpoland.com\/tr\/urunler\/kozmetik-hammaddeleri\/peptitler\/l-karnozin\/\" \/>\n<meta property=\"og:site_name\" content=\"NATURAL POLAND - Hurtowy Dystrybutor Surowc\u00f3w\" \/>\n<meta property=\"article:publisher\" content=\"https:\/\/www.facebook.com\/naturalpoland.b2b\" \/>\n<meta property=\"article:modified_time\" content=\"2026-03-03T13:22:49+00:00\" \/>\n<meta property=\"og:image\" content=\"https:\/\/naturalpoland.com\/wp-content\/uploads\/2021\/05\/l-karnozyna.jpg\" \/>\n\t<meta property=\"og:image:width\" content=\"2000\" \/>\n\t<meta property=\"og:image:height\" content=\"1132\" \/>\n\t<meta property=\"og:image:type\" content=\"image\/jpeg\" \/>\n<script type=\"application\/ld+json\" class=\"yoast-schema-graph\">{\"@context\":\"https:\\\/\\\/schema.org\",\"@graph\":[{\"@type\":\"WebPage\",\"@id\":\"https:\\\/\\\/naturalpoland.com\\\/tr\\\/urunler\\\/kozmetik-hammaddeleri\\\/peptitler\\\/l-karnozin\\\/\",\"url\":\"https:\\\/\\\/naturalpoland.com\\\/tr\\\/urunler\\\/kozmetik-hammaddeleri\\\/peptitler\\\/l-karnozin\\\/\",\"name\":\"L-Karnozin - Hurtowy Dystrybutor\",\"isPartOf\":{\"@id\":\"https:\\\/\\\/naturalpoland.com\\\/tr\\\/#website\"},\"primaryImageOfPage\":{\"@id\":\"https:\\\/\\\/naturalpoland.com\\\/tr\\\/urunler\\\/kozmetik-hammaddeleri\\\/peptitler\\\/l-karnozin\\\/#primaryimage\"},\"image\":{\"@id\":\"https:\\\/\\\/naturalpoland.com\\\/tr\\\/urunler\\\/kozmetik-hammaddeleri\\\/peptitler\\\/l-karnozin\\\/#primaryimage\"},\"thumbnailUrl\":\"https:\\\/\\\/naturalpoland.com\\\/wp-content\\\/uploads\\\/2021\\\/05\\\/l-karnozyna.jpg\",\"datePublished\":\"2021-05-11T11:45:23+00:00\",\"dateModified\":\"2026-03-03T13:22:49+00:00\",\"description\":\"L-Karnozin, beta-alanin ve histidin olmak \u00fczere iki aminoasitten olu\u015fan biyolojik olarak aktif bir maddedir. Sa\u011fl\u0131k i\u00e7in son derece \u00f6nemlidir.\",\"breadcrumb\":{\"@id\":\"https:\\\/\\\/naturalpoland.com\\\/tr\\\/urunler\\\/kozmetik-hammaddeleri\\\/peptitler\\\/l-karnozin\\\/#breadcrumb\"},\"inLanguage\":\"tr\",\"potentialAction\":[{\"@type\":\"ReadAction\",\"target\":[\"https:\\\/\\\/naturalpoland.com\\\/tr\\\/urunler\\\/kozmetik-hammaddeleri\\\/peptitler\\\/l-karnozin\\\/\"]}]},{\"@type\":\"ImageObject\",\"inLanguage\":\"tr\",\"@id\":\"https:\\\/\\\/naturalpoland.com\\\/tr\\\/urunler\\\/kozmetik-hammaddeleri\\\/peptitler\\\/l-karnozin\\\/#primaryimage\",\"url\":\"https:\\\/\\\/naturalpoland.com\\\/wp-content\\\/uploads\\\/2021\\\/05\\\/l-karnozyna.jpg\",\"contentUrl\":\"https:\\\/\\\/naturalpoland.com\\\/wp-content\\\/uploads\\\/2021\\\/05\\\/l-karnozyna.jpg\",\"width\":2000,\"height\":1132,\"caption\":\"L-Karnozin\"},{\"@type\":\"BreadcrumbList\",\"@id\":\"https:\\\/\\\/naturalpoland.com\\\/tr\\\/urunler\\\/kozmetik-hammaddeleri\\\/peptitler\\\/l-karnozin\\\/#breadcrumb\",\"itemListElement\":[{\"@type\":\"ListItem\",\"position\":1,\"name\":\"Ana Sayfa\",\"item\":\"https:\\\/\\\/naturalpoland.com\\\/tr\\\/\"},{\"@type\":\"ListItem\",\"position\":2,\"name\":\"\u00dcr\u00fcnler\",\"item\":\"https:\\\/\\\/naturalpoland.com\\\/tr\\\/urunler\\\/\"},{\"@type\":\"ListItem\",\"position\":3,\"name\":\"L-Karnozin\"}]},{\"@type\":\"WebSite\",\"@id\":\"https:\\\/\\\/naturalpoland.com\\\/tr\\\/#website\",\"url\":\"https:\\\/\\\/naturalpoland.com\\\/tr\\\/\",\"name\":\"NATURAL POLAND - Hurtowy Dystrybutor Surowc\u00f3w\",\"description\":\"Surowce dla przemys\u0142u spo\u017cywczego, kosmetycznego i farmaceutycznego\",\"publisher\":{\"@id\":\"https:\\\/\\\/naturalpoland.com\\\/tr\\\/#organization\"},\"potentialAction\":[{\"@type\":\"SearchAction\",\"target\":{\"@type\":\"EntryPoint\",\"urlTemplate\":\"https:\\\/\\\/naturalpoland.com\\\/tr\\\/?s={search_term_string}\"},\"query-input\":{\"@type\":\"PropertyValueSpecification\",\"valueRequired\":true,\"valueName\":\"search_term_string\"}}],\"inLanguage\":\"tr\"},{\"@type\":\"Organization\",\"@id\":\"https:\\\/\\\/naturalpoland.com\\\/tr\\\/#organization\",\"name\":\"Natural Poland\",\"url\":\"https:\\\/\\\/naturalpoland.com\\\/tr\\\/\",\"logo\":{\"@type\":\"ImageObject\",\"inLanguage\":\"tr\",\"@id\":\"https:\\\/\\\/naturalpoland.com\\\/tr\\\/#\\\/schema\\\/logo\\\/image\\\/\",\"url\":\"https:\\\/\\\/naturalpoland.com\\\/wp-content\\\/uploads\\\/2021\\\/05\\\/natural-poland-icon.png\",\"contentUrl\":\"https:\\\/\\\/naturalpoland.com\\\/wp-content\\\/uploads\\\/2021\\\/05\\\/natural-poland-icon.png\",\"width\":512,\"height\":512,\"caption\":\"Natural Poland\"},\"image\":{\"@id\":\"https:\\\/\\\/naturalpoland.com\\\/tr\\\/#\\\/schema\\\/logo\\\/image\\\/\"},\"sameAs\":[\"https:\\\/\\\/www.facebook.com\\\/naturalpoland.b2b\",\"https:\\\/\\\/pl.linkedin.com\\\/company\\\/natural-poland\",\"https:\\\/\\\/www.youtube.com\\\/channel\\\/UCgeGGkvOMahZo-xu_MSEWxg\"]}]}<\/script>\n<!-- \/ Yoast SEO plugin. -->","yoast_head_json":{"title":"L-Karnozin - Hurtowy Dystrybutor","description":"L-Karnozin, beta-alanin ve histidin olmak \u00fczere iki aminoasitten olu\u015fan biyolojik olarak aktif bir maddedir. Sa\u011fl\u0131k i\u00e7in son derece \u00f6nemlidir.","robots":{"index":"index","follow":"follow","max-snippet":"max-snippet:-1","max-image-preview":"max-image-preview:large","max-video-preview":"max-video-preview:-1"},"canonical":"https:\/\/naturalpoland.com\/tr\/urunler\/kozmetik-hammaddeleri\/peptitler\/l-karnozin\/","og_locale":"tr_TR","og_type":"article","og_title":"L-Karnozin - Hurtowy Dystrybutor","og_description":"L-Karnozin, beta-alanin ve histidin olmak \u00fczere iki aminoasitten olu\u015fan biyolojik olarak aktif bir maddedir. Sa\u011fl\u0131k i\u00e7in son derece \u00f6nemlidir.","og_url":"https:\/\/naturalpoland.com\/tr\/urunler\/kozmetik-hammaddeleri\/peptitler\/l-karnozin\/","og_site_name":"NATURAL POLAND - Hurtowy Dystrybutor Surowc\u00f3w","article_publisher":"https:\/\/www.facebook.com\/naturalpoland.b2b","article_modified_time":"2026-03-03T13:22:49+00:00","og_image":[{"width":2000,"height":1132,"url":"https:\/\/naturalpoland.com\/wp-content\/uploads\/2021\/05\/l-karnozyna.jpg","type":"image\/jpeg"}],"schema":{"@context":"https:\/\/schema.org","@graph":[{"@type":"WebPage","@id":"https:\/\/naturalpoland.com\/tr\/urunler\/kozmetik-hammaddeleri\/peptitler\/l-karnozin\/","url":"https:\/\/naturalpoland.com\/tr\/urunler\/kozmetik-hammaddeleri\/peptitler\/l-karnozin\/","name":"L-Karnozin - Hurtowy Dystrybutor","isPartOf":{"@id":"https:\/\/naturalpoland.com\/tr\/#website"},"primaryImageOfPage":{"@id":"https:\/\/naturalpoland.com\/tr\/urunler\/kozmetik-hammaddeleri\/peptitler\/l-karnozin\/#primaryimage"},"image":{"@id":"https:\/\/naturalpoland.com\/tr\/urunler\/kozmetik-hammaddeleri\/peptitler\/l-karnozin\/#primaryimage"},"thumbnailUrl":"https:\/\/naturalpoland.com\/wp-content\/uploads\/2021\/05\/l-karnozyna.jpg","datePublished":"2021-05-11T11:45:23+00:00","dateModified":"2026-03-03T13:22:49+00:00","description":"L-Karnozin, beta-alanin ve histidin olmak \u00fczere iki aminoasitten olu\u015fan biyolojik olarak aktif bir maddedir. Sa\u011fl\u0131k i\u00e7in son derece \u00f6nemlidir.","breadcrumb":{"@id":"https:\/\/naturalpoland.com\/tr\/urunler\/kozmetik-hammaddeleri\/peptitler\/l-karnozin\/#breadcrumb"},"inLanguage":"tr","potentialAction":[{"@type":"ReadAction","target":["https:\/\/naturalpoland.com\/tr\/urunler\/kozmetik-hammaddeleri\/peptitler\/l-karnozin\/"]}]},{"@type":"ImageObject","inLanguage":"tr","@id":"https:\/\/naturalpoland.com\/tr\/urunler\/kozmetik-hammaddeleri\/peptitler\/l-karnozin\/#primaryimage","url":"https:\/\/naturalpoland.com\/wp-content\/uploads\/2021\/05\/l-karnozyna.jpg","contentUrl":"https:\/\/naturalpoland.com\/wp-content\/uploads\/2021\/05\/l-karnozyna.jpg","width":2000,"height":1132,"caption":"L-Karnozin"},{"@type":"BreadcrumbList","@id":"https:\/\/naturalpoland.com\/tr\/urunler\/kozmetik-hammaddeleri\/peptitler\/l-karnozin\/#breadcrumb","itemListElement":[{"@type":"ListItem","position":1,"name":"Ana Sayfa","item":"https:\/\/naturalpoland.com\/tr\/"},{"@type":"ListItem","position":2,"name":"\u00dcr\u00fcnler","item":"https:\/\/naturalpoland.com\/tr\/urunler\/"},{"@type":"ListItem","position":3,"name":"L-Karnozin"}]},{"@type":"WebSite","@id":"https:\/\/naturalpoland.com\/tr\/#website","url":"https:\/\/naturalpoland.com\/tr\/","name":"NATURAL POLAND - Hurtowy Dystrybutor Surowc\u00f3w","description":"Surowce dla przemys\u0142u spo\u017cywczego, kosmetycznego i farmaceutycznego","publisher":{"@id":"https:\/\/naturalpoland.com\/tr\/#organization"},"potentialAction":[{"@type":"SearchAction","target":{"@type":"EntryPoint","urlTemplate":"https:\/\/naturalpoland.com\/tr\/?s={search_term_string}"},"query-input":{"@type":"PropertyValueSpecification","valueRequired":true,"valueName":"search_term_string"}}],"inLanguage":"tr"},{"@type":"Organization","@id":"https:\/\/naturalpoland.com\/tr\/#organization","name":"Natural Poland","url":"https:\/\/naturalpoland.com\/tr\/","logo":{"@type":"ImageObject","inLanguage":"tr","@id":"https:\/\/naturalpoland.com\/tr\/#\/schema\/logo\/image\/","url":"https:\/\/naturalpoland.com\/wp-content\/uploads\/2021\/05\/natural-poland-icon.png","contentUrl":"https:\/\/naturalpoland.com\/wp-content\/uploads\/2021\/05\/natural-poland-icon.png","width":512,"height":512,"caption":"Natural Poland"},"image":{"@id":"https:\/\/naturalpoland.com\/tr\/#\/schema\/logo\/image\/"},"sameAs":["https:\/\/www.facebook.com\/naturalpoland.b2b","https:\/\/pl.linkedin.com\/company\/natural-poland","https:\/\/www.youtube.com\/channel\/UCgeGGkvOMahZo-xu_MSEWxg"]}]}},"_links":{"self":[{"href":"https:\/\/naturalpoland.com\/tr\/wp-json\/wp\/v2\/product\/46382","targetHints":{"allow":["GET"]}}],"collection":[{"href":"https:\/\/naturalpoland.com\/tr\/wp-json\/wp\/v2\/product"}],"about":[{"href":"https:\/\/naturalpoland.com\/tr\/wp-json\/wp\/v2\/types\/product"}],"wp:featuredmedia":[{"embeddable":true,"href":"https:\/\/naturalpoland.com\/tr\/wp-json\/wp\/v2\/media\/46383"}],"wp:attachment":[{"href":"https:\/\/naturalpoland.com\/tr\/wp-json\/wp\/v2\/media?parent=46382"}],"wp:term":[{"taxonomy":"product_brand","embeddable":true,"href":"https:\/\/naturalpoland.com\/tr\/wp-json\/wp\/v2\/product_brand?post=46382"},{"taxonomy":"product_cat","embeddable":true,"href":"https:\/\/naturalpoland.com\/tr\/wp-json\/wp\/v2\/product_cat?post=46382"},{"taxonomy":"product_tag","embeddable":true,"href":"https:\/\/naturalpoland.com\/tr\/wp-json\/wp\/v2\/product_tag?post=46382"}],"curies":[{"name":"wp","href":"https:\/\/api.w.org\/{rel}","templated":true}]}}