{"id":46384,"date":"2021-05-11T13:47:46","date_gmt":"2021-05-11T11:47:46","guid":{"rendered":"https:\/\/naturalpoland.com\/produkty\/kategorilenmemis\/melatonin\/"},"modified":"2026-03-03T14:23:10","modified_gmt":"2026-03-03T13:23:10","slug":"melatonin","status":"publish","type":"product","link":"https:\/\/naturalpoland.com\/tr\/urunler\/farmasotik-hammaddeler\/takviye-edici-gida-bilesenleri\/melatonin\/","title":{"rendered":"Melatonin"},"content":{"rendered":"<h2>Melatonin nas\u0131l \u00e7al\u0131\u015f\u0131r?<\/h2>\n<p>Melatonin, esas olarak v\u00fccudun biyolojik saatini gece-g\u00fcnd\u00fcz d\u00f6ng\u00fcs\u00fcyle senkronize ederek \u00e7al\u0131\u015f\u0131r. Kandaki melatonin seviyesi ak\u015fam karanl\u0131\u011f\u0131nda y\u00fckselir ve v\u00fccuda uyku zaman\u0131n\u0131n geldi\u011fini bildirir, sabah ise d\u00fc\u015ferek v\u00fccudu g\u00fcnl\u00fck aktiviteye haz\u0131rlar. Bu hormon sadece uyku kalitesini art\u0131rmakla kalmaz, ayn\u0131 zamanda gece uyanmalar\u0131n\u0131 da azalt\u0131r. Uykusuzlukla m\u00fccadelede ve \u00f6zellikle vardiyal\u0131 \u00e7al\u0131\u015fanlarda veya saat dilimlerini ge\u00e7en yolcularda uyku d\u00f6ng\u00fcs\u00fcn\u00fcn d\u00fczenlenmesinde kullan\u0131l\u0131r.   <\/p>\n<p>Sirkadiyen ritmin d\u00fczenlenmesinin yan\u0131 s\u0131ra melatonin, sinir sistemi fonksiyonlar\u0131n\u0131 da destekler ve saat dilimi de\u011fi\u015fikli\u011fine ba\u011fl\u0131 uyku bozukluklar\u0131 (jet lag) ile g\u00f6rme engelli bireylerdeki uyku ritmi bozukluklar\u0131n\u0131n tedavisinde kullan\u0131l\u0131r. G\u00fc\u00e7l\u00fc antioksidan \u00f6zellikleri sayesinde melatonin, h\u00fccreleri oksidatif strese kar\u015f\u0131 korur. Bu \u00fcr\u00fcn beyin ve cilt sa\u011fl\u0131\u011f\u0131n\u0131 olumlu y\u00f6nde etkiler, n\u00f6rodejeneratif hastal\u0131k riskini ve erken ya\u015flanmay\u0131 azalt\u0131r. Melatonin ayr\u0131ca sindirim sistemini rahatlat\u0131c\u0131 etki g\u00f6stererek mide refl\u00fcs\u00fc semptomlar\u0131n\u0131 azalt\u0131r.   <\/p>\n<h2>Melatonin nerede bulunur?<\/h2>\n<p>Melatonin, beyindeki epifiz bezi taraf\u0131ndan do\u011fal olarak sentezlenir, ancak varl\u0131\u011f\u0131 sindirim kanal\u0131, g\u00f6z retinas\u0131 ve hatta cilt gibi di\u011fer dokularda da tespit edilmi\u015ftir. Melatonin, baz\u0131 t\u00fcrlerin k\u00f6k, \u00e7i\u00e7ek ve tohumlar\u0131nda da bulunabilir ve burada \u00e7evresel strese yan\u0131t olarak <a href=\"https:\/\/naturalpoland.com\/artykuly\/produkty-naturalne\/moc-antyoksydantow-jak-wlaczyc-je-do-oferty-produktowej\/\">antioksidan<\/a> rol\u00fc oynar. <\/p>\n<h2>Melatonin kullan\u0131m\u0131<\/h2>\n<p>Melatonin, uyku kalitesini art\u0131rmaya y\u00f6nelik <strong>besin takviyelerinde<\/strong> ve <strong>farmas\u00f6tik form\u00fclasyonlarda<\/strong> yayg\u0131n olarak kullan\u0131l\u0131r. Ayr\u0131ca sinir sistemi ve sindirim sistemi sa\u011fl\u0131\u011f\u0131n\u0131 destekleyen takviyelerde ve antioksidan \u00f6zellikleri sayesinde genel sa\u011fl\u0131\u011f\u0131 iyile\u015ftirmeyi ama\u00e7layan preparatlarda da bile\u015fen olarak yer alabilir. <\/p>\n<p>Antioksidan \u00f6zellikleri nedeniyle melatonin, oksidatif strese kar\u015f\u0131 korumaya yard\u0131mc\u0131 olan cilt bak\u0131m\u0131na y\u00f6nelik <strong>kozmetik \u00fcr\u00fcnlerde<\/strong> kullan\u0131m alan\u0131 bulur.<\/p>\n<h3>Saklama<\/h3>\n<p>Melatonin, iyi kapat\u0131lm\u0131\u015f kaplarda, nemden ve do\u011frudan g\u00fcne\u015f \u0131\u015f\u0131\u011f\u0131ndan uzakta saklanmal\u0131d\u0131r. \u00dcr\u00fcn, uygun \u015fekilde sakland\u0131\u011f\u0131nda 2 y\u0131l boyunca kalitesini korur. <\/p>\n","protected":false},"excerpt":{"rendered":"<p><strong>Melatonin<\/strong>, s\u0131kl\u0131kla &#8220;uyku hormonu&#8221; olarak adland\u0131r\u0131l\u0131r ve v\u00fccudun uyku-uyan\u0131kl\u0131k d\u00f6ng\u00fcs\u00fcn\u00fc etkileyen sirkadiyen ritmin \u00f6nemli bir d\u00fczenleyicisidir. Y\u00fcksek safl\u0131kta ve farmas\u00f6tik kalitede (HPLC analizine g\u00f6re %98,5\u2013101,5) melatoniinimiz, beyaz veya hafif sar\u0131ms\u0131 kristal toz formunda mevcuttur ve USP43&#8217;\u00fcn kat\u0131 standartlar\u0131n\u0131 kar\u015f\u0131lar. <\/p>\n","protected":false},"featured_media":46386,"template":"","meta":{"_acf_changed":false},"product_brand":[],"product_cat":[9540],"product_tag":[],"class_list":{"0":"post-46384","1":"product","2":"type-product","3":"status-publish","4":"has-post-thumbnail","6":"product_cat-takviye-edici-gida-bilesenleri","7":"pa_grupa-substancji-antioksidanlar","8":"pa_technologia-biosneds-teknolojisi","10":"first","11":"instock","12":"shipping-taxable","13":"product-type-simple"},"acf":[],"yoast_head":"<!-- This site is optimized with the Yoast SEO plugin v27.4 - https:\/\/yoast.com\/product\/yoast-seo-wordpress\/ -->\n<title>Melatonin - NATURAL POLAND - Hurtowy Dystrybutor Surowc\u00f3w<\/title>\n<meta name=\"description\" content=\"Melatonin, uyku, sinir sistemi ve sindirim sistemi sa\u011fl\u0131\u011f\u0131n\u0131 destekleyen geni\u015f spektrumlu etkiye sahip \u00f6nemli bir bile\u015fendir.\" \/>\n<meta name=\"robots\" content=\"index, follow, max-snippet:-1, max-image-preview:large, max-video-preview:-1\" \/>\n<link rel=\"canonical\" href=\"https:\/\/naturalpoland.com\/tr\/urunler\/farmasotik-hammaddeler\/takviye-edici-gida-bilesenleri\/melatonin\/\" \/>\n<meta property=\"og:locale\" content=\"tr_TR\" \/>\n<meta property=\"og:type\" content=\"article\" \/>\n<meta property=\"og:title\" content=\"Melatonin - NATURAL POLAND - Hurtowy Dystrybutor Surowc\u00f3w\" \/>\n<meta property=\"og:description\" content=\"Melatonin, uyku, sinir sistemi ve sindirim sistemi sa\u011fl\u0131\u011f\u0131n\u0131 destekleyen geni\u015f spektrumlu etkiye sahip \u00f6nemli bir bile\u015fendir.\" \/>\n<meta property=\"og:url\" content=\"https:\/\/naturalpoland.com\/tr\/urunler\/farmasotik-hammaddeler\/takviye-edici-gida-bilesenleri\/melatonin\/\" \/>\n<meta property=\"og:site_name\" content=\"NATURAL POLAND - Hurtowy Dystrybutor Surowc\u00f3w\" \/>\n<meta property=\"article:publisher\" content=\"https:\/\/www.facebook.com\/naturalpoland.b2b\" \/>\n<meta property=\"article:modified_time\" content=\"2026-03-03T13:23:10+00:00\" \/>\n<meta property=\"og:image\" content=\"https:\/\/naturalpoland.com\/wp-content\/uploads\/melatonina.webp\" \/>\n\t<meta property=\"og:image:width\" content=\"1024\" \/>\n\t<meta property=\"og:image:height\" content=\"1024\" \/>\n\t<meta property=\"og:image:type\" content=\"image\/webp\" \/>\n<script type=\"application\/ld+json\" class=\"yoast-schema-graph\">{\"@context\":\"https:\\\/\\\/schema.org\",\"@graph\":[{\"@type\":\"WebPage\",\"@id\":\"https:\\\/\\\/naturalpoland.com\\\/tr\\\/urunler\\\/farmasotik-hammaddeler\\\/takviye-edici-gida-bilesenleri\\\/melatonin\\\/\",\"url\":\"https:\\\/\\\/naturalpoland.com\\\/tr\\\/urunler\\\/farmasotik-hammaddeler\\\/takviye-edici-gida-bilesenleri\\\/melatonin\\\/\",\"name\":\"Melatonin - NATURAL POLAND - Hurtowy Dystrybutor Surowc\u00f3w\",\"isPartOf\":{\"@id\":\"https:\\\/\\\/naturalpoland.com\\\/tr\\\/#website\"},\"primaryImageOfPage\":{\"@id\":\"https:\\\/\\\/naturalpoland.com\\\/tr\\\/urunler\\\/farmasotik-hammaddeler\\\/takviye-edici-gida-bilesenleri\\\/melatonin\\\/#primaryimage\"},\"image\":{\"@id\":\"https:\\\/\\\/naturalpoland.com\\\/tr\\\/urunler\\\/farmasotik-hammaddeler\\\/takviye-edici-gida-bilesenleri\\\/melatonin\\\/#primaryimage\"},\"thumbnailUrl\":\"https:\\\/\\\/naturalpoland.com\\\/wp-content\\\/uploads\\\/melatonina.webp\",\"datePublished\":\"2021-05-11T11:47:46+00:00\",\"dateModified\":\"2026-03-03T13:23:10+00:00\",\"description\":\"Melatonin, uyku, sinir sistemi ve sindirim sistemi sa\u011fl\u0131\u011f\u0131n\u0131 destekleyen geni\u015f spektrumlu etkiye sahip \u00f6nemli bir bile\u015fendir.\",\"breadcrumb\":{\"@id\":\"https:\\\/\\\/naturalpoland.com\\\/tr\\\/urunler\\\/farmasotik-hammaddeler\\\/takviye-edici-gida-bilesenleri\\\/melatonin\\\/#breadcrumb\"},\"inLanguage\":\"tr\",\"potentialAction\":[{\"@type\":\"ReadAction\",\"target\":[\"https:\\\/\\\/naturalpoland.com\\\/tr\\\/urunler\\\/farmasotik-hammaddeler\\\/takviye-edici-gida-bilesenleri\\\/melatonin\\\/\"]}]},{\"@type\":\"ImageObject\",\"inLanguage\":\"tr\",\"@id\":\"https:\\\/\\\/naturalpoland.com\\\/tr\\\/urunler\\\/farmasotik-hammaddeler\\\/takviye-edici-gida-bilesenleri\\\/melatonin\\\/#primaryimage\",\"url\":\"https:\\\/\\\/naturalpoland.com\\\/wp-content\\\/uploads\\\/melatonina.webp\",\"contentUrl\":\"https:\\\/\\\/naturalpoland.com\\\/wp-content\\\/uploads\\\/melatonina.webp\",\"width\":1024,\"height\":1024},{\"@type\":\"BreadcrumbList\",\"@id\":\"https:\\\/\\\/naturalpoland.com\\\/tr\\\/urunler\\\/farmasotik-hammaddeler\\\/takviye-edici-gida-bilesenleri\\\/melatonin\\\/#breadcrumb\",\"itemListElement\":[{\"@type\":\"ListItem\",\"position\":1,\"name\":\"Ana Sayfa\",\"item\":\"https:\\\/\\\/naturalpoland.com\\\/tr\\\/\"},{\"@type\":\"ListItem\",\"position\":2,\"name\":\"\u00dcr\u00fcnler\",\"item\":\"https:\\\/\\\/naturalpoland.com\\\/tr\\\/urunler\\\/\"},{\"@type\":\"ListItem\",\"position\":3,\"name\":\"Melatonin\"}]},{\"@type\":\"WebSite\",\"@id\":\"https:\\\/\\\/naturalpoland.com\\\/tr\\\/#website\",\"url\":\"https:\\\/\\\/naturalpoland.com\\\/tr\\\/\",\"name\":\"NATURAL POLAND - Hurtowy Dystrybutor Surowc\u00f3w\",\"description\":\"Surowce dla przemys\u0142u spo\u017cywczego, kosmetycznego i farmaceutycznego\",\"publisher\":{\"@id\":\"https:\\\/\\\/naturalpoland.com\\\/tr\\\/#organization\"},\"potentialAction\":[{\"@type\":\"SearchAction\",\"target\":{\"@type\":\"EntryPoint\",\"urlTemplate\":\"https:\\\/\\\/naturalpoland.com\\\/tr\\\/?s={search_term_string}\"},\"query-input\":{\"@type\":\"PropertyValueSpecification\",\"valueRequired\":true,\"valueName\":\"search_term_string\"}}],\"inLanguage\":\"tr\"},{\"@type\":\"Organization\",\"@id\":\"https:\\\/\\\/naturalpoland.com\\\/tr\\\/#organization\",\"name\":\"Natural Poland\",\"url\":\"https:\\\/\\\/naturalpoland.com\\\/tr\\\/\",\"logo\":{\"@type\":\"ImageObject\",\"inLanguage\":\"tr\",\"@id\":\"https:\\\/\\\/naturalpoland.com\\\/tr\\\/#\\\/schema\\\/logo\\\/image\\\/\",\"url\":\"https:\\\/\\\/naturalpoland.com\\\/wp-content\\\/uploads\\\/2021\\\/05\\\/natural-poland-icon.png\",\"contentUrl\":\"https:\\\/\\\/naturalpoland.com\\\/wp-content\\\/uploads\\\/2021\\\/05\\\/natural-poland-icon.png\",\"width\":512,\"height\":512,\"caption\":\"Natural Poland\"},\"image\":{\"@id\":\"https:\\\/\\\/naturalpoland.com\\\/tr\\\/#\\\/schema\\\/logo\\\/image\\\/\"},\"sameAs\":[\"https:\\\/\\\/www.facebook.com\\\/naturalpoland.b2b\",\"https:\\\/\\\/pl.linkedin.com\\\/company\\\/natural-poland\",\"https:\\\/\\\/www.youtube.com\\\/channel\\\/UCgeGGkvOMahZo-xu_MSEWxg\"]}]}<\/script>\n<!-- \/ Yoast SEO plugin. -->","yoast_head_json":{"title":"Melatonin - NATURAL POLAND - Hurtowy Dystrybutor Surowc\u00f3w","description":"Melatonin, uyku, sinir sistemi ve sindirim sistemi sa\u011fl\u0131\u011f\u0131n\u0131 destekleyen geni\u015f spektrumlu etkiye sahip \u00f6nemli bir bile\u015fendir.","robots":{"index":"index","follow":"follow","max-snippet":"max-snippet:-1","max-image-preview":"max-image-preview:large","max-video-preview":"max-video-preview:-1"},"canonical":"https:\/\/naturalpoland.com\/tr\/urunler\/farmasotik-hammaddeler\/takviye-edici-gida-bilesenleri\/melatonin\/","og_locale":"tr_TR","og_type":"article","og_title":"Melatonin - NATURAL POLAND - Hurtowy Dystrybutor Surowc\u00f3w","og_description":"Melatonin, uyku, sinir sistemi ve sindirim sistemi sa\u011fl\u0131\u011f\u0131n\u0131 destekleyen geni\u015f spektrumlu etkiye sahip \u00f6nemli bir bile\u015fendir.","og_url":"https:\/\/naturalpoland.com\/tr\/urunler\/farmasotik-hammaddeler\/takviye-edici-gida-bilesenleri\/melatonin\/","og_site_name":"NATURAL POLAND - Hurtowy Dystrybutor Surowc\u00f3w","article_publisher":"https:\/\/www.facebook.com\/naturalpoland.b2b","article_modified_time":"2026-03-03T13:23:10+00:00","og_image":[{"width":1024,"height":1024,"url":"https:\/\/naturalpoland.com\/wp-content\/uploads\/melatonina.webp","type":"image\/webp"}],"schema":{"@context":"https:\/\/schema.org","@graph":[{"@type":"WebPage","@id":"https:\/\/naturalpoland.com\/tr\/urunler\/farmasotik-hammaddeler\/takviye-edici-gida-bilesenleri\/melatonin\/","url":"https:\/\/naturalpoland.com\/tr\/urunler\/farmasotik-hammaddeler\/takviye-edici-gida-bilesenleri\/melatonin\/","name":"Melatonin - NATURAL POLAND - Hurtowy Dystrybutor Surowc\u00f3w","isPartOf":{"@id":"https:\/\/naturalpoland.com\/tr\/#website"},"primaryImageOfPage":{"@id":"https:\/\/naturalpoland.com\/tr\/urunler\/farmasotik-hammaddeler\/takviye-edici-gida-bilesenleri\/melatonin\/#primaryimage"},"image":{"@id":"https:\/\/naturalpoland.com\/tr\/urunler\/farmasotik-hammaddeler\/takviye-edici-gida-bilesenleri\/melatonin\/#primaryimage"},"thumbnailUrl":"https:\/\/naturalpoland.com\/wp-content\/uploads\/melatonina.webp","datePublished":"2021-05-11T11:47:46+00:00","dateModified":"2026-03-03T13:23:10+00:00","description":"Melatonin, uyku, sinir sistemi ve sindirim sistemi sa\u011fl\u0131\u011f\u0131n\u0131 destekleyen geni\u015f spektrumlu etkiye sahip \u00f6nemli bir bile\u015fendir.","breadcrumb":{"@id":"https:\/\/naturalpoland.com\/tr\/urunler\/farmasotik-hammaddeler\/takviye-edici-gida-bilesenleri\/melatonin\/#breadcrumb"},"inLanguage":"tr","potentialAction":[{"@type":"ReadAction","target":["https:\/\/naturalpoland.com\/tr\/urunler\/farmasotik-hammaddeler\/takviye-edici-gida-bilesenleri\/melatonin\/"]}]},{"@type":"ImageObject","inLanguage":"tr","@id":"https:\/\/naturalpoland.com\/tr\/urunler\/farmasotik-hammaddeler\/takviye-edici-gida-bilesenleri\/melatonin\/#primaryimage","url":"https:\/\/naturalpoland.com\/wp-content\/uploads\/melatonina.webp","contentUrl":"https:\/\/naturalpoland.com\/wp-content\/uploads\/melatonina.webp","width":1024,"height":1024},{"@type":"BreadcrumbList","@id":"https:\/\/naturalpoland.com\/tr\/urunler\/farmasotik-hammaddeler\/takviye-edici-gida-bilesenleri\/melatonin\/#breadcrumb","itemListElement":[{"@type":"ListItem","position":1,"name":"Ana Sayfa","item":"https:\/\/naturalpoland.com\/tr\/"},{"@type":"ListItem","position":2,"name":"\u00dcr\u00fcnler","item":"https:\/\/naturalpoland.com\/tr\/urunler\/"},{"@type":"ListItem","position":3,"name":"Melatonin"}]},{"@type":"WebSite","@id":"https:\/\/naturalpoland.com\/tr\/#website","url":"https:\/\/naturalpoland.com\/tr\/","name":"NATURAL POLAND - Hurtowy Dystrybutor Surowc\u00f3w","description":"Surowce dla przemys\u0142u spo\u017cywczego, kosmetycznego i farmaceutycznego","publisher":{"@id":"https:\/\/naturalpoland.com\/tr\/#organization"},"potentialAction":[{"@type":"SearchAction","target":{"@type":"EntryPoint","urlTemplate":"https:\/\/naturalpoland.com\/tr\/?s={search_term_string}"},"query-input":{"@type":"PropertyValueSpecification","valueRequired":true,"valueName":"search_term_string"}}],"inLanguage":"tr"},{"@type":"Organization","@id":"https:\/\/naturalpoland.com\/tr\/#organization","name":"Natural Poland","url":"https:\/\/naturalpoland.com\/tr\/","logo":{"@type":"ImageObject","inLanguage":"tr","@id":"https:\/\/naturalpoland.com\/tr\/#\/schema\/logo\/image\/","url":"https:\/\/naturalpoland.com\/wp-content\/uploads\/2021\/05\/natural-poland-icon.png","contentUrl":"https:\/\/naturalpoland.com\/wp-content\/uploads\/2021\/05\/natural-poland-icon.png","width":512,"height":512,"caption":"Natural Poland"},"image":{"@id":"https:\/\/naturalpoland.com\/tr\/#\/schema\/logo\/image\/"},"sameAs":["https:\/\/www.facebook.com\/naturalpoland.b2b","https:\/\/pl.linkedin.com\/company\/natural-poland","https:\/\/www.youtube.com\/channel\/UCgeGGkvOMahZo-xu_MSEWxg"]}]}},"_links":{"self":[{"href":"https:\/\/naturalpoland.com\/tr\/wp-json\/wp\/v2\/product\/46384","targetHints":{"allow":["GET"]}}],"collection":[{"href":"https:\/\/naturalpoland.com\/tr\/wp-json\/wp\/v2\/product"}],"about":[{"href":"https:\/\/naturalpoland.com\/tr\/wp-json\/wp\/v2\/types\/product"}],"wp:featuredmedia":[{"embeddable":true,"href":"https:\/\/naturalpoland.com\/tr\/wp-json\/wp\/v2\/media\/46386"}],"wp:attachment":[{"href":"https:\/\/naturalpoland.com\/tr\/wp-json\/wp\/v2\/media?parent=46384"}],"wp:term":[{"taxonomy":"product_brand","embeddable":true,"href":"https:\/\/naturalpoland.com\/tr\/wp-json\/wp\/v2\/product_brand?post=46384"},{"taxonomy":"product_cat","embeddable":true,"href":"https:\/\/naturalpoland.com\/tr\/wp-json\/wp\/v2\/product_cat?post=46384"},{"taxonomy":"product_tag","embeddable":true,"href":"https:\/\/naturalpoland.com\/tr\/wp-json\/wp\/v2\/product_tag?post=46384"}],"curies":[{"name":"wp","href":"https:\/\/api.w.org\/{rel}","templated":true}]}}