{"id":46387,"date":"2021-05-17T10:33:26","date_gmt":"2021-05-17T08:33:26","guid":{"rendered":"https:\/\/naturalpoland.com\/produkty\/kategorilenmemis\/diyatomit-topragi-diyatomit\/"},"modified":"2026-03-03T14:23:55","modified_gmt":"2026-03-03T13:23:55","slug":"diyatomit-topragi-diyatomit","status":"publish","type":"product","link":"https:\/\/naturalpoland.com\/tr\/urunler\/kozmetik-hammaddeleri\/kozmetik-hammaddeleri-2\/diyatomit-topragi-diyatomit\/","title":{"rendered":"Diyatomit Topra\u011f\u0131 (Diyatomit)"},"content":{"rendered":"<h2>K\u00f6keni ve \u00d6zellikleri<\/h2>\n<p>Diyatomit topra\u011f\u0131, su ortamlar\u0131nda ya\u015fayan tek veya \u00e7ok h\u00fccreli algler olan diyatomelerin mikroskobik kabuklar\u0131ndan olu\u015fan do\u011fal bir mineraldir. \u00d6zellikle Yeni Meksika gibi b\u00f6lgelerde bol bulunan do\u011fal yataklardan \u00e7\u0131kar\u0131l\u0131r. A\u011f\u0131rl\u0131kl\u0131 olarak amorf formda insanlar ve hayvanlar i\u00e7in g\u00fcvenli olan silika (SiO\u2082) i\u00e7erir. G\u00f6zenekli yap\u0131s\u0131, etkili temizleme ile nem ve kirleticilerin emilimini sa\u011flar.   <\/p>\n<p>Saf diyatomit topra\u011f\u0131 ayr\u0131ca sodyum, kalsiyum, magnezyum ve demir gibi de\u011ferli eser elementler i\u00e7erir. Bu mikro elementler kemik sistemi, cilt, sa\u00e7 ve t\u0131rnaklar \u00fczerinde faydal\u0131 etki g\u00f6sterir. Diyatomit ayr\u0131ca \u0131s\u0131 yal\u0131t\u0131m \u00f6zellikleri, a\u015f\u0131nmaya dayan\u0131kl\u0131l\u0131k ve kimyasal n\u00f6trl\u00fck ile bilinir, bu nedenle end\u00fcstride geni\u015f uygulama alan\u0131 bulur.  <\/p>\n<h2>Diyatomit Topra\u011f\u0131n\u0131n Kullan\u0131m Alanlar\u0131<\/h2>\n<p><strong>1. G\u0131da Takviyeleri<\/strong><\/p>\n<p>Diyatomit, y\u00fcksek silisyum i\u00e7eri\u011fi nedeniyle g\u0131da takviyelerinde s\u0131kl\u0131kla kullan\u0131l\u0131r. Silisyum, ba\u011f dokusunun d\u00fczg\u00fcn \u00e7al\u0131\u015fmas\u0131 i\u00e7in kritik \u00f6neme sahiptir, kan damarlar\u0131n\u0131, tendonlar\u0131, kemikleri ve k\u0131k\u0131rdaklar\u0131 g\u00fc\u00e7lendirir. <strong>Cilt, t\u0131rnak ve sa\u00e7 sa\u011fl\u0131\u011f\u0131n\u0131<\/strong> destekler.  <\/p>\n<p><strong>2. Organizman\u0131n Temizlenmesi<\/strong><\/p>\n<p>Diyatomit, g\u00f6zenekli yap\u0131s\u0131 sayesinde g\u00fc\u00e7l\u00fc temizleme \u00f6zellikleri g\u00f6sterir. Diyatomit topra\u011f\u0131 par\u00e7ac\u0131klar\u0131 pozitif y\u00fckl\u00fc toksinleri ve mikroorganizmalar\u0131 \u00e7ekerek bunlar\u0131n v\u00fccuttan at\u0131lmas\u0131na yard\u0131mc\u0131 olur. <strong>Ba\u011f\u0131rsaklar \u00fczerinde detoks etkisi<\/strong> g\u00f6stererek birikintileri, parazitleri ve di\u011fer kirleticileri temizler. D\u00fczenli diyatomit topra\u011f\u0131 kullan\u0131m\u0131 sindirim sistemini iyile\u015ftirebilir.   <\/p>\n<p><strong>3. Kozmetoloji<\/strong><\/p>\n<p>Diyatomit topra\u011f\u0131, <strong>temizleyici kozmetiklerin, <a href=\"https:\/\/naturalpoland.com\/tr\/kategori\/kozmetik-hammaddeleri\/peeling-urunleri\/\">peelinglerin<\/a><\/strong> ve <strong>y\u00fcz maskelerinin<\/strong> pop\u00fcler bir bile\u015fenidir. Kozmetikte detoks etkisi g\u00f6stererek fazla sebumu, toksinleri ve \u00f6l\u00fc deriyi temizler, akne ile m\u00fccadeleye yard\u0131mc\u0131 olur ve cildin g\u00f6r\u00fcn\u00fcm\u00fcn\u00fc iyile\u015ftirir. Diyatomit ayr\u0131ca <a href=\"https:\/\/naturalpoland.com\/tr\/urunler\/farmasotik-hammaddeler\/takviye-edici-gida-bilesenleri\/kolajen\/\">kolajen<\/a>, elastin ve hyal\u00fcronik asit \u00fcretimini destekleyerek cildin sa\u011fl\u0131kl\u0131 ve gen\u00e7 g\u00f6r\u00fcnmesini sa\u011flar.  <\/p>\n<p><strong>4. Tar\u0131m ve Bah\u00e7ecilik<\/strong><\/p>\n<p>Tar\u0131mda diyatomit topra\u011f\u0131 <strong>do\u011fal bir b\u00f6cek \u00f6ld\u00fcr\u00fcc\u00fc<\/strong> olarak kullan\u0131l\u0131r. Mikroskobik par\u00e7ac\u0131klar\u0131 b\u00f6ceklerin koruyucu katmanlar\u0131n\u0131 delerek dehidrasyona ve \u00f6l\u00fcme yol a\u00e7ar. Bu sayede diyatomit, hem i\u00e7 hem de d\u0131\u015f mekanlarda kullan\u0131lan kimyasal pestisitlere g\u00fcvenli bir alternatif olu\u015fturur.  <\/p>\n<p><strong>5. Filtrasyon<\/strong><\/p>\n<p>Diyatomit, g\u0131da, kimya ve ila\u00e7 end\u00fcstrilerinde filtrasyon malzemesi olarak geni\u015f uygulama alan\u0131 bulur. \u0130nce par\u00e7ac\u0131klar\u0131 tutma yetene\u011fi sayesinde diyatomit topra\u011f\u0131 <strong>su, bira, \u015farap<\/strong> ve di\u011fer s\u0131v\u0131lar\u0131n ar\u0131t\u0131lmas\u0131nda kullan\u0131l\u0131r. <\/p>\n<p><strong>6. Emici<\/strong><\/p>\n<p>Diyatomit, evcil hayvan tuvalet kutular\u0131n\u0131n yak\u0131n\u0131nda, buzdolaplar\u0131nda ve y\u00fcksek nemli alanlarda kullan\u0131lan etkili bir <strong>nem ve koku emicidir<\/strong>.<\/p>\n<h2>G\u00fcvenlik<\/h2>\n<p>Amorf formdaki diyatomit g\u00fcvenlidir, ancak toz formunda kullan\u0131m s\u0131ras\u0131nda tozun solunmas\u0131n\u0131 \u00f6nlemek i\u00e7in dikkatli olunmas\u0131 \u00f6nerilir. \u00dcr\u00fcn\u00fc kullanan ki\u015filer g\u00f6z ve solunum yollar\u0131 ile temas\u0131ndan ka\u00e7\u0131nmal\u0131d\u0131r. Toz ile \u00e7al\u0131\u015f\u0131rken koruyucu maske ve g\u00f6zl\u00fck tak\u0131lmas\u0131 \u00f6nerilir. \u00dcr\u00fcn, \u00f6zelliklerini korumak i\u00e7in kuru bir yerde, s\u0131k\u0131ca kapat\u0131lm\u0131\u015f ambalajda saklanmal\u0131d\u0131r.   <\/p>\n","protected":false},"excerpt":{"rendered":"<p><strong>Diyatomit<\/strong> olarak da bilinen <strong>diyatomit topra\u011f\u0131<\/strong>, g\u0131da end\u00fcstrisinden kozmetoloji ve tar\u0131ma kadar bir\u00e7ok alanda kullan\u0131lmaktad\u0131r.<\/p>\n","protected":false},"featured_media":46388,"template":"","meta":{"_acf_changed":false},"product_brand":[],"product_cat":[9540,9557],"product_tag":[],"class_list":{"0":"post-46387","1":"product","2":"type-product","3":"status-publish","4":"has-post-thumbnail","6":"product_cat-takviye-edici-gida-bilesenleri","7":"product_cat-kozmetik-hammaddeleri-2","9":"first","10":"instock","11":"shipping-taxable","12":"product-type-simple"},"acf":[],"yoast_head":"<!-- This site is optimized with the Yoast SEO plugin v27.4 - https:\/\/yoast.com\/product\/yoast-seo-wordpress\/ -->\n<title>Diyatomit Topra\u011f\u0131 (Diyatomit) - NATURAL POLAND - Hurtowy Dystrybutor Surowc\u00f3w<\/title>\n<meta name=\"description\" content=\"Diyatomit topra\u011f\u0131 olarak da bilinen bu do\u011fal \u00fcr\u00fcn, Yeni Meksika b\u00f6lgesinden gelmektedir. Lif ve silisyumun m\u00fckemmel bir kayna\u011f\u0131d\u0131r.\" \/>\n<meta name=\"robots\" content=\"index, follow, max-snippet:-1, max-image-preview:large, max-video-preview:-1\" \/>\n<link rel=\"canonical\" href=\"https:\/\/naturalpoland.com\/tr\/urunler\/kozmetik-hammaddeleri\/kozmetik-hammaddeleri-2\/diyatomit-topragi-diyatomit\/\" \/>\n<meta property=\"og:locale\" content=\"tr_TR\" \/>\n<meta property=\"og:type\" content=\"article\" \/>\n<meta property=\"og:title\" content=\"Diyatomit Topra\u011f\u0131 (Diyatomit) - NATURAL POLAND - Hurtowy Dystrybutor Surowc\u00f3w\" \/>\n<meta property=\"og:description\" content=\"Diyatomit topra\u011f\u0131 olarak da bilinen bu do\u011fal \u00fcr\u00fcn, Yeni Meksika b\u00f6lgesinden gelmektedir. Lif ve silisyumun m\u00fckemmel bir kayna\u011f\u0131d\u0131r.\" \/>\n<meta property=\"og:url\" content=\"https:\/\/naturalpoland.com\/tr\/urunler\/kozmetik-hammaddeleri\/kozmetik-hammaddeleri-2\/diyatomit-topragi-diyatomit\/\" \/>\n<meta property=\"og:site_name\" content=\"NATURAL POLAND - Hurtowy Dystrybutor Surowc\u00f3w\" \/>\n<meta property=\"article:publisher\" content=\"https:\/\/www.facebook.com\/naturalpoland.b2b\" \/>\n<meta property=\"article:modified_time\" content=\"2026-03-03T13:23:55+00:00\" \/>\n<meta property=\"og:image\" content=\"https:\/\/naturalpoland.com\/wp-content\/uploads\/ziemia-okrzemkowa.webp\" \/>\n\t<meta property=\"og:image:width\" content=\"1024\" \/>\n\t<meta property=\"og:image:height\" content=\"1024\" \/>\n\t<meta property=\"og:image:type\" content=\"image\/webp\" \/>\n<script type=\"application\/ld+json\" class=\"yoast-schema-graph\">{\"@context\":\"https:\\\/\\\/schema.org\",\"@graph\":[{\"@type\":\"WebPage\",\"@id\":\"https:\\\/\\\/naturalpoland.com\\\/tr\\\/urunler\\\/kozmetik-hammaddeleri\\\/kozmetik-hammaddeleri-2\\\/diyatomit-topragi-diyatomit\\\/\",\"url\":\"https:\\\/\\\/naturalpoland.com\\\/tr\\\/urunler\\\/kozmetik-hammaddeleri\\\/kozmetik-hammaddeleri-2\\\/diyatomit-topragi-diyatomit\\\/\",\"name\":\"Diyatomit Topra\u011f\u0131 (Diyatomit) - NATURAL POLAND - Hurtowy Dystrybutor Surowc\u00f3w\",\"isPartOf\":{\"@id\":\"https:\\\/\\\/naturalpoland.com\\\/tr\\\/#website\"},\"primaryImageOfPage\":{\"@id\":\"https:\\\/\\\/naturalpoland.com\\\/tr\\\/urunler\\\/kozmetik-hammaddeleri\\\/kozmetik-hammaddeleri-2\\\/diyatomit-topragi-diyatomit\\\/#primaryimage\"},\"image\":{\"@id\":\"https:\\\/\\\/naturalpoland.com\\\/tr\\\/urunler\\\/kozmetik-hammaddeleri\\\/kozmetik-hammaddeleri-2\\\/diyatomit-topragi-diyatomit\\\/#primaryimage\"},\"thumbnailUrl\":\"https:\\\/\\\/naturalpoland.com\\\/wp-content\\\/uploads\\\/ziemia-okrzemkowa.webp\",\"datePublished\":\"2021-05-17T08:33:26+00:00\",\"dateModified\":\"2026-03-03T13:23:55+00:00\",\"description\":\"Diyatomit topra\u011f\u0131 olarak da bilinen bu do\u011fal \u00fcr\u00fcn, Yeni Meksika b\u00f6lgesinden gelmektedir. Lif ve silisyumun m\u00fckemmel bir kayna\u011f\u0131d\u0131r.\",\"breadcrumb\":{\"@id\":\"https:\\\/\\\/naturalpoland.com\\\/tr\\\/urunler\\\/kozmetik-hammaddeleri\\\/kozmetik-hammaddeleri-2\\\/diyatomit-topragi-diyatomit\\\/#breadcrumb\"},\"inLanguage\":\"tr\",\"potentialAction\":[{\"@type\":\"ReadAction\",\"target\":[\"https:\\\/\\\/naturalpoland.com\\\/tr\\\/urunler\\\/kozmetik-hammaddeleri\\\/kozmetik-hammaddeleri-2\\\/diyatomit-topragi-diyatomit\\\/\"]}]},{\"@type\":\"ImageObject\",\"inLanguage\":\"tr\",\"@id\":\"https:\\\/\\\/naturalpoland.com\\\/tr\\\/urunler\\\/kozmetik-hammaddeleri\\\/kozmetik-hammaddeleri-2\\\/diyatomit-topragi-diyatomit\\\/#primaryimage\",\"url\":\"https:\\\/\\\/naturalpoland.com\\\/wp-content\\\/uploads\\\/ziemia-okrzemkowa.webp\",\"contentUrl\":\"https:\\\/\\\/naturalpoland.com\\\/wp-content\\\/uploads\\\/ziemia-okrzemkowa.webp\",\"width\":1024,\"height\":1024,\"caption\":\"diyatomit topra\u011f\u0131\"},{\"@type\":\"BreadcrumbList\",\"@id\":\"https:\\\/\\\/naturalpoland.com\\\/tr\\\/urunler\\\/kozmetik-hammaddeleri\\\/kozmetik-hammaddeleri-2\\\/diyatomit-topragi-diyatomit\\\/#breadcrumb\",\"itemListElement\":[{\"@type\":\"ListItem\",\"position\":1,\"name\":\"Ana Sayfa\",\"item\":\"https:\\\/\\\/naturalpoland.com\\\/tr\\\/\"},{\"@type\":\"ListItem\",\"position\":2,\"name\":\"\u00dcr\u00fcnler\",\"item\":\"https:\\\/\\\/naturalpoland.com\\\/tr\\\/urunler\\\/\"},{\"@type\":\"ListItem\",\"position\":3,\"name\":\"Diyatomit Topra\u011f\u0131 (Diyatomit)\"}]},{\"@type\":\"WebSite\",\"@id\":\"https:\\\/\\\/naturalpoland.com\\\/tr\\\/#website\",\"url\":\"https:\\\/\\\/naturalpoland.com\\\/tr\\\/\",\"name\":\"NATURAL POLAND - Hurtowy Dystrybutor Surowc\u00f3w\",\"description\":\"Surowce dla przemys\u0142u spo\u017cywczego, kosmetycznego i farmaceutycznego\",\"publisher\":{\"@id\":\"https:\\\/\\\/naturalpoland.com\\\/tr\\\/#organization\"},\"potentialAction\":[{\"@type\":\"SearchAction\",\"target\":{\"@type\":\"EntryPoint\",\"urlTemplate\":\"https:\\\/\\\/naturalpoland.com\\\/tr\\\/?s={search_term_string}\"},\"query-input\":{\"@type\":\"PropertyValueSpecification\",\"valueRequired\":true,\"valueName\":\"search_term_string\"}}],\"inLanguage\":\"tr\"},{\"@type\":\"Organization\",\"@id\":\"https:\\\/\\\/naturalpoland.com\\\/tr\\\/#organization\",\"name\":\"Natural Poland\",\"url\":\"https:\\\/\\\/naturalpoland.com\\\/tr\\\/\",\"logo\":{\"@type\":\"ImageObject\",\"inLanguage\":\"tr\",\"@id\":\"https:\\\/\\\/naturalpoland.com\\\/tr\\\/#\\\/schema\\\/logo\\\/image\\\/\",\"url\":\"https:\\\/\\\/naturalpoland.com\\\/wp-content\\\/uploads\\\/2021\\\/05\\\/natural-poland-icon.png\",\"contentUrl\":\"https:\\\/\\\/naturalpoland.com\\\/wp-content\\\/uploads\\\/2021\\\/05\\\/natural-poland-icon.png\",\"width\":512,\"height\":512,\"caption\":\"Natural Poland\"},\"image\":{\"@id\":\"https:\\\/\\\/naturalpoland.com\\\/tr\\\/#\\\/schema\\\/logo\\\/image\\\/\"},\"sameAs\":[\"https:\\\/\\\/www.facebook.com\\\/naturalpoland.b2b\",\"https:\\\/\\\/pl.linkedin.com\\\/company\\\/natural-poland\",\"https:\\\/\\\/www.youtube.com\\\/channel\\\/UCgeGGkvOMahZo-xu_MSEWxg\"]}]}<\/script>\n<!-- \/ Yoast SEO plugin. -->","yoast_head_json":{"title":"Diyatomit Topra\u011f\u0131 (Diyatomit) - NATURAL POLAND - Hurtowy Dystrybutor Surowc\u00f3w","description":"Diyatomit topra\u011f\u0131 olarak da bilinen bu do\u011fal \u00fcr\u00fcn, Yeni Meksika b\u00f6lgesinden gelmektedir. Lif ve silisyumun m\u00fckemmel bir kayna\u011f\u0131d\u0131r.","robots":{"index":"index","follow":"follow","max-snippet":"max-snippet:-1","max-image-preview":"max-image-preview:large","max-video-preview":"max-video-preview:-1"},"canonical":"https:\/\/naturalpoland.com\/tr\/urunler\/kozmetik-hammaddeleri\/kozmetik-hammaddeleri-2\/diyatomit-topragi-diyatomit\/","og_locale":"tr_TR","og_type":"article","og_title":"Diyatomit Topra\u011f\u0131 (Diyatomit) - NATURAL POLAND - Hurtowy Dystrybutor Surowc\u00f3w","og_description":"Diyatomit topra\u011f\u0131 olarak da bilinen bu do\u011fal \u00fcr\u00fcn, Yeni Meksika b\u00f6lgesinden gelmektedir. Lif ve silisyumun m\u00fckemmel bir kayna\u011f\u0131d\u0131r.","og_url":"https:\/\/naturalpoland.com\/tr\/urunler\/kozmetik-hammaddeleri\/kozmetik-hammaddeleri-2\/diyatomit-topragi-diyatomit\/","og_site_name":"NATURAL POLAND - Hurtowy Dystrybutor Surowc\u00f3w","article_publisher":"https:\/\/www.facebook.com\/naturalpoland.b2b","article_modified_time":"2026-03-03T13:23:55+00:00","og_image":[{"width":1024,"height":1024,"url":"https:\/\/naturalpoland.com\/wp-content\/uploads\/ziemia-okrzemkowa.webp","type":"image\/webp"}],"schema":{"@context":"https:\/\/schema.org","@graph":[{"@type":"WebPage","@id":"https:\/\/naturalpoland.com\/tr\/urunler\/kozmetik-hammaddeleri\/kozmetik-hammaddeleri-2\/diyatomit-topragi-diyatomit\/","url":"https:\/\/naturalpoland.com\/tr\/urunler\/kozmetik-hammaddeleri\/kozmetik-hammaddeleri-2\/diyatomit-topragi-diyatomit\/","name":"Diyatomit Topra\u011f\u0131 (Diyatomit) - NATURAL POLAND - Hurtowy Dystrybutor Surowc\u00f3w","isPartOf":{"@id":"https:\/\/naturalpoland.com\/tr\/#website"},"primaryImageOfPage":{"@id":"https:\/\/naturalpoland.com\/tr\/urunler\/kozmetik-hammaddeleri\/kozmetik-hammaddeleri-2\/diyatomit-topragi-diyatomit\/#primaryimage"},"image":{"@id":"https:\/\/naturalpoland.com\/tr\/urunler\/kozmetik-hammaddeleri\/kozmetik-hammaddeleri-2\/diyatomit-topragi-diyatomit\/#primaryimage"},"thumbnailUrl":"https:\/\/naturalpoland.com\/wp-content\/uploads\/ziemia-okrzemkowa.webp","datePublished":"2021-05-17T08:33:26+00:00","dateModified":"2026-03-03T13:23:55+00:00","description":"Diyatomit topra\u011f\u0131 olarak da bilinen bu do\u011fal \u00fcr\u00fcn, Yeni Meksika b\u00f6lgesinden gelmektedir. Lif ve silisyumun m\u00fckemmel bir kayna\u011f\u0131d\u0131r.","breadcrumb":{"@id":"https:\/\/naturalpoland.com\/tr\/urunler\/kozmetik-hammaddeleri\/kozmetik-hammaddeleri-2\/diyatomit-topragi-diyatomit\/#breadcrumb"},"inLanguage":"tr","potentialAction":[{"@type":"ReadAction","target":["https:\/\/naturalpoland.com\/tr\/urunler\/kozmetik-hammaddeleri\/kozmetik-hammaddeleri-2\/diyatomit-topragi-diyatomit\/"]}]},{"@type":"ImageObject","inLanguage":"tr","@id":"https:\/\/naturalpoland.com\/tr\/urunler\/kozmetik-hammaddeleri\/kozmetik-hammaddeleri-2\/diyatomit-topragi-diyatomit\/#primaryimage","url":"https:\/\/naturalpoland.com\/wp-content\/uploads\/ziemia-okrzemkowa.webp","contentUrl":"https:\/\/naturalpoland.com\/wp-content\/uploads\/ziemia-okrzemkowa.webp","width":1024,"height":1024,"caption":"diyatomit topra\u011f\u0131"},{"@type":"BreadcrumbList","@id":"https:\/\/naturalpoland.com\/tr\/urunler\/kozmetik-hammaddeleri\/kozmetik-hammaddeleri-2\/diyatomit-topragi-diyatomit\/#breadcrumb","itemListElement":[{"@type":"ListItem","position":1,"name":"Ana Sayfa","item":"https:\/\/naturalpoland.com\/tr\/"},{"@type":"ListItem","position":2,"name":"\u00dcr\u00fcnler","item":"https:\/\/naturalpoland.com\/tr\/urunler\/"},{"@type":"ListItem","position":3,"name":"Diyatomit Topra\u011f\u0131 (Diyatomit)"}]},{"@type":"WebSite","@id":"https:\/\/naturalpoland.com\/tr\/#website","url":"https:\/\/naturalpoland.com\/tr\/","name":"NATURAL POLAND - Hurtowy Dystrybutor Surowc\u00f3w","description":"Surowce dla przemys\u0142u spo\u017cywczego, kosmetycznego i farmaceutycznego","publisher":{"@id":"https:\/\/naturalpoland.com\/tr\/#organization"},"potentialAction":[{"@type":"SearchAction","target":{"@type":"EntryPoint","urlTemplate":"https:\/\/naturalpoland.com\/tr\/?s={search_term_string}"},"query-input":{"@type":"PropertyValueSpecification","valueRequired":true,"valueName":"search_term_string"}}],"inLanguage":"tr"},{"@type":"Organization","@id":"https:\/\/naturalpoland.com\/tr\/#organization","name":"Natural Poland","url":"https:\/\/naturalpoland.com\/tr\/","logo":{"@type":"ImageObject","inLanguage":"tr","@id":"https:\/\/naturalpoland.com\/tr\/#\/schema\/logo\/image\/","url":"https:\/\/naturalpoland.com\/wp-content\/uploads\/2021\/05\/natural-poland-icon.png","contentUrl":"https:\/\/naturalpoland.com\/wp-content\/uploads\/2021\/05\/natural-poland-icon.png","width":512,"height":512,"caption":"Natural Poland"},"image":{"@id":"https:\/\/naturalpoland.com\/tr\/#\/schema\/logo\/image\/"},"sameAs":["https:\/\/www.facebook.com\/naturalpoland.b2b","https:\/\/pl.linkedin.com\/company\/natural-poland","https:\/\/www.youtube.com\/channel\/UCgeGGkvOMahZo-xu_MSEWxg"]}]}},"_links":{"self":[{"href":"https:\/\/naturalpoland.com\/tr\/wp-json\/wp\/v2\/product\/46387","targetHints":{"allow":["GET"]}}],"collection":[{"href":"https:\/\/naturalpoland.com\/tr\/wp-json\/wp\/v2\/product"}],"about":[{"href":"https:\/\/naturalpoland.com\/tr\/wp-json\/wp\/v2\/types\/product"}],"wp:featuredmedia":[{"embeddable":true,"href":"https:\/\/naturalpoland.com\/tr\/wp-json\/wp\/v2\/media\/46388"}],"wp:attachment":[{"href":"https:\/\/naturalpoland.com\/tr\/wp-json\/wp\/v2\/media?parent=46387"}],"wp:term":[{"taxonomy":"product_brand","embeddable":true,"href":"https:\/\/naturalpoland.com\/tr\/wp-json\/wp\/v2\/product_brand?post=46387"},{"taxonomy":"product_cat","embeddable":true,"href":"https:\/\/naturalpoland.com\/tr\/wp-json\/wp\/v2\/product_cat?post=46387"},{"taxonomy":"product_tag","embeddable":true,"href":"https:\/\/naturalpoland.com\/tr\/wp-json\/wp\/v2\/product_tag?post=46387"}],"curies":[{"name":"wp","href":"https:\/\/api.w.org\/{rel}","templated":true}]}}