{"id":46389,"date":"2022-10-10T14:06:53","date_gmt":"2022-10-10T12:06:53","guid":{"rendered":"https:\/\/naturalpoland.com\/produkty\/kategorilenmemis\/tarcin\/"},"modified":"2026-03-03T14:24:17","modified_gmt":"2026-03-03T13:24:17","slug":"tarcin","status":"publish","type":"product","link":"https:\/\/naturalpoland.com\/tr\/urunler\/gida-hammaddeleri\/uretim-hammaddeleri\/tarcin\/","title":{"rendered":"Tar\u00e7\u0131n"},"content":{"rendered":"<p>Tar\u00e7\u0131n, hem e\u015fsiz lezzet \u00f6zellikleri hem de sa\u011fl\u0131k faydalar\u0131 nedeniyle d\u00fcnyada en yayg\u0131n kullan\u0131lan baharatlardan biridir. Bu ola\u011fan\u00fcst\u00fc mutfak katk\u0131s\u0131, bir\u00e7ok yeme\u011fin tad\u0131n\u0131 ve aromas\u0131n\u0131 zenginle\u015ftirebilir ve sa\u011fl\u0131\u011fa olan faydal\u0131 etkileri onu sa\u011fl\u0131kl\u0131 bir diyetin vazge\u00e7ilmez bir bile\u015feni yapar. <\/p>\n<p>Tar\u00e7\u0131n, tropikal iklimlerde yeti\u015fen tar\u00e7\u0131n a\u011fac\u0131n\u0131n kabu\u011fundan elde edilir. Tatl\u0131, s\u0131cak bir lezzete ve rahatl\u0131k ile s\u0131cakl\u0131k hissi uyand\u0131rabilen yo\u011fun, baharatl\u0131 bir kokuya sahiptir. Hem kek ve tatl\u0131lar gibi tatl\u0131 yemeklerde hem de baharatl\u0131 yemeklerde kullan\u0131larak onlara derinlik ve karma\u015f\u0131kl\u0131k katar.  <\/p>\n<h2>Tar\u00e7\u0131n\u0131n Sa\u011fl\u0131k Faydalar\u0131<\/h2>\n<p>Bir\u00e7ok ki\u015fi tar\u00e7\u0131n\u0131 sadece lezzeti i\u00e7in de\u011fil, potansiyel sa\u011fl\u0131k faydalar\u0131 i\u00e7in de takdir eder. Tar\u00e7\u0131n, v\u00fccuttaki oksidatif stresi azaltmaya yard\u0131mc\u0131 olan antioksidanlar a\u00e7\u0131s\u0131ndan zengindir. Ara\u015ft\u0131rmalar, kan \u015fekeri seviyelerini d\u00fczenlemeye de yard\u0131mc\u0131 olabilece\u011fini ve bu sayede diyabetli ki\u015filer i\u00e7in faydal\u0131 oldu\u011funu g\u00f6stermektedir.  <\/p>\n<h2>Kozmetikte Tar\u00e7\u0131n<\/h2>\n<p>Ancak tar\u00e7\u0131n sadece yemeklere eklenen bir baharat de\u011fildir. <strong><a href=\"https:\/\/naturalpoland.com\/tr\/kategori\/kozmetik-hammaddeleri\/\">Kozmetik end\u00fcstrisinde<\/a><\/strong>, tar\u00e7\u0131n ya\u011f\u0131 antiseptik ve antibakteriyel \u00f6zellikleri nedeniyle de\u011ferlidir. Ayr\u0131ca, s\u0131cak, baharatl\u0131 kokusu zihni rahatlatmaya ve sakinle\u015ftirmeye yard\u0131mc\u0131 oldu\u011fu aromaterapide de kullan\u0131labilir.  <\/p>\n","protected":false},"excerpt":{"rendered":"<p>Tar\u00e7\u0131n (<em>Cinnamomum verum<\/em>) tip 2 diyabeti \u00f6nlemek i\u00e7in profilaktik olarak kullan\u0131l\u0131r. Tar\u00e7\u0131n, ila\u00e7 ve kozmetik end\u00fcstrilerinde de de\u011ferlendirilir. <\/p>\n","protected":false},"featured_media":46418,"template":"","meta":{"_acf_changed":false},"product_brand":[],"product_cat":[9540,9572],"product_tag":[],"class_list":{"0":"post-46389","1":"product","2":"type-product","3":"status-publish","4":"has-post-thumbnail","6":"product_cat-takviye-edici-gida-bilesenleri","7":"product_cat-uretim-hammaddeleri","9":"first","10":"instock","11":"shipping-taxable","12":"product-type-simple"},"acf":[],"yoast_head":"<!-- This site is optimized with the Yoast SEO plugin v27.4 - https:\/\/yoast.com\/product\/yoast-seo-wordpress\/ -->\n<title>Tar\u00e7\u0131n - Hurtowy Dystrybutor<\/title>\n<meta name=\"description\" content=\"Tar\u00e7\u0131n, hem e\u015fsiz lezzet \u00f6zellikleri hem de sa\u011fl\u0131k faydalar\u0131 nedeniyle d\u00fcnyada en yayg\u0131n kullan\u0131lan baharatlardan biridir.\" \/>\n<meta name=\"robots\" content=\"index, follow, max-snippet:-1, max-image-preview:large, max-video-preview:-1\" \/>\n<link rel=\"canonical\" href=\"https:\/\/naturalpoland.com\/tr\/urunler\/gida-hammaddeleri\/uretim-hammaddeleri\/tarcin\/\" \/>\n<meta property=\"og:locale\" content=\"tr_TR\" \/>\n<meta property=\"og:type\" content=\"article\" \/>\n<meta property=\"og:title\" content=\"Tar\u00e7\u0131n - Hurtowy Dystrybutor\" \/>\n<meta property=\"og:description\" content=\"Tar\u00e7\u0131n, hem e\u015fsiz lezzet \u00f6zellikleri hem de sa\u011fl\u0131k faydalar\u0131 nedeniyle d\u00fcnyada en yayg\u0131n kullan\u0131lan baharatlardan biridir.\" \/>\n<meta property=\"og:url\" content=\"https:\/\/naturalpoland.com\/tr\/urunler\/gida-hammaddeleri\/uretim-hammaddeleri\/tarcin\/\" \/>\n<meta property=\"og:site_name\" content=\"NATURAL POLAND - Hurtowy Dystrybutor Surowc\u00f3w\" \/>\n<meta property=\"article:publisher\" content=\"https:\/\/www.facebook.com\/naturalpoland.b2b\" \/>\n<meta property=\"article:modified_time\" content=\"2026-03-03T13:24:17+00:00\" \/>\n<meta property=\"og:image\" content=\"https:\/\/naturalpoland.com\/wp-content\/uploads\/cinnamon.jpg\" \/>\n\t<meta property=\"og:image:width\" content=\"500\" \/>\n\t<meta property=\"og:image:height\" content=\"500\" \/>\n\t<meta property=\"og:image:type\" content=\"image\/jpeg\" \/>\n<script type=\"application\/ld+json\" class=\"yoast-schema-graph\">{\"@context\":\"https:\\\/\\\/schema.org\",\"@graph\":[{\"@type\":\"WebPage\",\"@id\":\"https:\\\/\\\/naturalpoland.com\\\/tr\\\/urunler\\\/gida-hammaddeleri\\\/uretim-hammaddeleri\\\/tarcin\\\/\",\"url\":\"https:\\\/\\\/naturalpoland.com\\\/tr\\\/urunler\\\/gida-hammaddeleri\\\/uretim-hammaddeleri\\\/tarcin\\\/\",\"name\":\"Tar\u00e7\u0131n - Hurtowy Dystrybutor\",\"isPartOf\":{\"@id\":\"https:\\\/\\\/naturalpoland.com\\\/tr\\\/#website\"},\"primaryImageOfPage\":{\"@id\":\"https:\\\/\\\/naturalpoland.com\\\/tr\\\/urunler\\\/gida-hammaddeleri\\\/uretim-hammaddeleri\\\/tarcin\\\/#primaryimage\"},\"image\":{\"@id\":\"https:\\\/\\\/naturalpoland.com\\\/tr\\\/urunler\\\/gida-hammaddeleri\\\/uretim-hammaddeleri\\\/tarcin\\\/#primaryimage\"},\"thumbnailUrl\":\"https:\\\/\\\/naturalpoland.com\\\/wp-content\\\/uploads\\\/cinnamon.jpg\",\"datePublished\":\"2022-10-10T12:06:53+00:00\",\"dateModified\":\"2026-03-03T13:24:17+00:00\",\"description\":\"Tar\u00e7\u0131n, hem e\u015fsiz lezzet \u00f6zellikleri hem de sa\u011fl\u0131k faydalar\u0131 nedeniyle d\u00fcnyada en yayg\u0131n kullan\u0131lan baharatlardan biridir.\",\"breadcrumb\":{\"@id\":\"https:\\\/\\\/naturalpoland.com\\\/tr\\\/urunler\\\/gida-hammaddeleri\\\/uretim-hammaddeleri\\\/tarcin\\\/#breadcrumb\"},\"inLanguage\":\"tr\",\"potentialAction\":[{\"@type\":\"ReadAction\",\"target\":[\"https:\\\/\\\/naturalpoland.com\\\/tr\\\/urunler\\\/gida-hammaddeleri\\\/uretim-hammaddeleri\\\/tarcin\\\/\"]}]},{\"@type\":\"ImageObject\",\"inLanguage\":\"tr\",\"@id\":\"https:\\\/\\\/naturalpoland.com\\\/tr\\\/urunler\\\/gida-hammaddeleri\\\/uretim-hammaddeleri\\\/tarcin\\\/#primaryimage\",\"url\":\"https:\\\/\\\/naturalpoland.com\\\/wp-content\\\/uploads\\\/cinnamon.jpg\",\"contentUrl\":\"https:\\\/\\\/naturalpoland.com\\\/wp-content\\\/uploads\\\/cinnamon.jpg\",\"width\":500,\"height\":500,\"caption\":\"tar\u00e7\u0131n\"},{\"@type\":\"BreadcrumbList\",\"@id\":\"https:\\\/\\\/naturalpoland.com\\\/tr\\\/urunler\\\/gida-hammaddeleri\\\/uretim-hammaddeleri\\\/tarcin\\\/#breadcrumb\",\"itemListElement\":[{\"@type\":\"ListItem\",\"position\":1,\"name\":\"Ana Sayfa\",\"item\":\"https:\\\/\\\/naturalpoland.com\\\/tr\\\/\"},{\"@type\":\"ListItem\",\"position\":2,\"name\":\"\u00dcr\u00fcnler\",\"item\":\"https:\\\/\\\/naturalpoland.com\\\/tr\\\/urunler\\\/\"},{\"@type\":\"ListItem\",\"position\":3,\"name\":\"Tar\u00e7\u0131n\"}]},{\"@type\":\"WebSite\",\"@id\":\"https:\\\/\\\/naturalpoland.com\\\/tr\\\/#website\",\"url\":\"https:\\\/\\\/naturalpoland.com\\\/tr\\\/\",\"name\":\"NATURAL POLAND - Hurtowy Dystrybutor Surowc\u00f3w\",\"description\":\"Surowce dla przemys\u0142u spo\u017cywczego, kosmetycznego i farmaceutycznego\",\"publisher\":{\"@id\":\"https:\\\/\\\/naturalpoland.com\\\/tr\\\/#organization\"},\"potentialAction\":[{\"@type\":\"SearchAction\",\"target\":{\"@type\":\"EntryPoint\",\"urlTemplate\":\"https:\\\/\\\/naturalpoland.com\\\/tr\\\/?s={search_term_string}\"},\"query-input\":{\"@type\":\"PropertyValueSpecification\",\"valueRequired\":true,\"valueName\":\"search_term_string\"}}],\"inLanguage\":\"tr\"},{\"@type\":\"Organization\",\"@id\":\"https:\\\/\\\/naturalpoland.com\\\/tr\\\/#organization\",\"name\":\"Natural Poland\",\"url\":\"https:\\\/\\\/naturalpoland.com\\\/tr\\\/\",\"logo\":{\"@type\":\"ImageObject\",\"inLanguage\":\"tr\",\"@id\":\"https:\\\/\\\/naturalpoland.com\\\/tr\\\/#\\\/schema\\\/logo\\\/image\\\/\",\"url\":\"https:\\\/\\\/naturalpoland.com\\\/wp-content\\\/uploads\\\/2021\\\/05\\\/natural-poland-icon.png\",\"contentUrl\":\"https:\\\/\\\/naturalpoland.com\\\/wp-content\\\/uploads\\\/2021\\\/05\\\/natural-poland-icon.png\",\"width\":512,\"height\":512,\"caption\":\"Natural Poland\"},\"image\":{\"@id\":\"https:\\\/\\\/naturalpoland.com\\\/tr\\\/#\\\/schema\\\/logo\\\/image\\\/\"},\"sameAs\":[\"https:\\\/\\\/www.facebook.com\\\/naturalpoland.b2b\",\"https:\\\/\\\/pl.linkedin.com\\\/company\\\/natural-poland\",\"https:\\\/\\\/www.youtube.com\\\/channel\\\/UCgeGGkvOMahZo-xu_MSEWxg\"]}]}<\/script>\n<!-- \/ Yoast SEO plugin. -->","yoast_head_json":{"title":"Tar\u00e7\u0131n - Hurtowy Dystrybutor","description":"Tar\u00e7\u0131n, hem e\u015fsiz lezzet \u00f6zellikleri hem de sa\u011fl\u0131k faydalar\u0131 nedeniyle d\u00fcnyada en yayg\u0131n kullan\u0131lan baharatlardan biridir.","robots":{"index":"index","follow":"follow","max-snippet":"max-snippet:-1","max-image-preview":"max-image-preview:large","max-video-preview":"max-video-preview:-1"},"canonical":"https:\/\/naturalpoland.com\/tr\/urunler\/gida-hammaddeleri\/uretim-hammaddeleri\/tarcin\/","og_locale":"tr_TR","og_type":"article","og_title":"Tar\u00e7\u0131n - Hurtowy Dystrybutor","og_description":"Tar\u00e7\u0131n, hem e\u015fsiz lezzet \u00f6zellikleri hem de sa\u011fl\u0131k faydalar\u0131 nedeniyle d\u00fcnyada en yayg\u0131n kullan\u0131lan baharatlardan biridir.","og_url":"https:\/\/naturalpoland.com\/tr\/urunler\/gida-hammaddeleri\/uretim-hammaddeleri\/tarcin\/","og_site_name":"NATURAL POLAND - Hurtowy Dystrybutor Surowc\u00f3w","article_publisher":"https:\/\/www.facebook.com\/naturalpoland.b2b","article_modified_time":"2026-03-03T13:24:17+00:00","og_image":[{"width":500,"height":500,"url":"https:\/\/naturalpoland.com\/wp-content\/uploads\/cinnamon.jpg","type":"image\/jpeg"}],"schema":{"@context":"https:\/\/schema.org","@graph":[{"@type":"WebPage","@id":"https:\/\/naturalpoland.com\/tr\/urunler\/gida-hammaddeleri\/uretim-hammaddeleri\/tarcin\/","url":"https:\/\/naturalpoland.com\/tr\/urunler\/gida-hammaddeleri\/uretim-hammaddeleri\/tarcin\/","name":"Tar\u00e7\u0131n - Hurtowy Dystrybutor","isPartOf":{"@id":"https:\/\/naturalpoland.com\/tr\/#website"},"primaryImageOfPage":{"@id":"https:\/\/naturalpoland.com\/tr\/urunler\/gida-hammaddeleri\/uretim-hammaddeleri\/tarcin\/#primaryimage"},"image":{"@id":"https:\/\/naturalpoland.com\/tr\/urunler\/gida-hammaddeleri\/uretim-hammaddeleri\/tarcin\/#primaryimage"},"thumbnailUrl":"https:\/\/naturalpoland.com\/wp-content\/uploads\/cinnamon.jpg","datePublished":"2022-10-10T12:06:53+00:00","dateModified":"2026-03-03T13:24:17+00:00","description":"Tar\u00e7\u0131n, hem e\u015fsiz lezzet \u00f6zellikleri hem de sa\u011fl\u0131k faydalar\u0131 nedeniyle d\u00fcnyada en yayg\u0131n kullan\u0131lan baharatlardan biridir.","breadcrumb":{"@id":"https:\/\/naturalpoland.com\/tr\/urunler\/gida-hammaddeleri\/uretim-hammaddeleri\/tarcin\/#breadcrumb"},"inLanguage":"tr","potentialAction":[{"@type":"ReadAction","target":["https:\/\/naturalpoland.com\/tr\/urunler\/gida-hammaddeleri\/uretim-hammaddeleri\/tarcin\/"]}]},{"@type":"ImageObject","inLanguage":"tr","@id":"https:\/\/naturalpoland.com\/tr\/urunler\/gida-hammaddeleri\/uretim-hammaddeleri\/tarcin\/#primaryimage","url":"https:\/\/naturalpoland.com\/wp-content\/uploads\/cinnamon.jpg","contentUrl":"https:\/\/naturalpoland.com\/wp-content\/uploads\/cinnamon.jpg","width":500,"height":500,"caption":"tar\u00e7\u0131n"},{"@type":"BreadcrumbList","@id":"https:\/\/naturalpoland.com\/tr\/urunler\/gida-hammaddeleri\/uretim-hammaddeleri\/tarcin\/#breadcrumb","itemListElement":[{"@type":"ListItem","position":1,"name":"Ana Sayfa","item":"https:\/\/naturalpoland.com\/tr\/"},{"@type":"ListItem","position":2,"name":"\u00dcr\u00fcnler","item":"https:\/\/naturalpoland.com\/tr\/urunler\/"},{"@type":"ListItem","position":3,"name":"Tar\u00e7\u0131n"}]},{"@type":"WebSite","@id":"https:\/\/naturalpoland.com\/tr\/#website","url":"https:\/\/naturalpoland.com\/tr\/","name":"NATURAL POLAND - Hurtowy Dystrybutor Surowc\u00f3w","description":"Surowce dla przemys\u0142u spo\u017cywczego, kosmetycznego i farmaceutycznego","publisher":{"@id":"https:\/\/naturalpoland.com\/tr\/#organization"},"potentialAction":[{"@type":"SearchAction","target":{"@type":"EntryPoint","urlTemplate":"https:\/\/naturalpoland.com\/tr\/?s={search_term_string}"},"query-input":{"@type":"PropertyValueSpecification","valueRequired":true,"valueName":"search_term_string"}}],"inLanguage":"tr"},{"@type":"Organization","@id":"https:\/\/naturalpoland.com\/tr\/#organization","name":"Natural Poland","url":"https:\/\/naturalpoland.com\/tr\/","logo":{"@type":"ImageObject","inLanguage":"tr","@id":"https:\/\/naturalpoland.com\/tr\/#\/schema\/logo\/image\/","url":"https:\/\/naturalpoland.com\/wp-content\/uploads\/2021\/05\/natural-poland-icon.png","contentUrl":"https:\/\/naturalpoland.com\/wp-content\/uploads\/2021\/05\/natural-poland-icon.png","width":512,"height":512,"caption":"Natural Poland"},"image":{"@id":"https:\/\/naturalpoland.com\/tr\/#\/schema\/logo\/image\/"},"sameAs":["https:\/\/www.facebook.com\/naturalpoland.b2b","https:\/\/pl.linkedin.com\/company\/natural-poland","https:\/\/www.youtube.com\/channel\/UCgeGGkvOMahZo-xu_MSEWxg"]}]}},"_links":{"self":[{"href":"https:\/\/naturalpoland.com\/tr\/wp-json\/wp\/v2\/product\/46389","targetHints":{"allow":["GET"]}}],"collection":[{"href":"https:\/\/naturalpoland.com\/tr\/wp-json\/wp\/v2\/product"}],"about":[{"href":"https:\/\/naturalpoland.com\/tr\/wp-json\/wp\/v2\/types\/product"}],"wp:featuredmedia":[{"embeddable":true,"href":"https:\/\/naturalpoland.com\/tr\/wp-json\/wp\/v2\/media\/46418"}],"wp:attachment":[{"href":"https:\/\/naturalpoland.com\/tr\/wp-json\/wp\/v2\/media?parent=46389"}],"wp:term":[{"taxonomy":"product_brand","embeddable":true,"href":"https:\/\/naturalpoland.com\/tr\/wp-json\/wp\/v2\/product_brand?post=46389"},{"taxonomy":"product_cat","embeddable":true,"href":"https:\/\/naturalpoland.com\/tr\/wp-json\/wp\/v2\/product_cat?post=46389"},{"taxonomy":"product_tag","embeddable":true,"href":"https:\/\/naturalpoland.com\/tr\/wp-json\/wp\/v2\/product_tag?post=46389"}],"curies":[{"name":"wp","href":"https:\/\/api.w.org\/{rel}","templated":true}]}}