{"id":46419,"date":"2023-02-15T15:04:34","date_gmt":"2023-02-15T14:04:34","guid":{"rendered":"https:\/\/naturalpoland.com\/produkty\/kategorilenmemis\/tremella-mantari-tremella-fuciformis-titrek-mantar-maserat\/"},"modified":"2026-03-03T14:24:25","modified_gmt":"2026-03-03T13:24:25","slug":"tremella-mantari-tremella-fuciformis-titrek-mantar-maserat","status":"publish","type":"product","link":"https:\/\/naturalpoland.com\/tr\/urunler\/gida-hammaddeleri\/uretim-hammaddeleri\/tremella-mantari-tremella-fuciformis-titrek-mantar-maserat\/","title":{"rendered":"Tremella mantar\u0131 &#8211; Tremella fuciformis, titrek mantar \u2013 maserat"},"content":{"rendered":"<p>Ho\u015f tad\u0131 ve aromas\u0131 nedeniyle tremella mantar\u0131 \u00e7e\u015fitli yemek ve tatl\u0131larda bir bile\u015fen olarak kullan\u0131l\u0131r. Ancak diyet ve ila\u00e7 end\u00fcstrisi a\u00e7\u0131s\u0131ndan bak\u0131ld\u0131\u011f\u0131nda, ondan elde edilen, ksiloz, mannoz ve glukuronik asitten olu\u015fan, \u03b1-1,3-glikozidik ba\u011f ile ba\u011flanm\u0131\u015f, galaktoz, arabinoz ve az miktarda fukozdan olu\u015fan yan zincirlere sahip polisakkarit fraksiyonu en b\u00fcy\u00fck \u00f6neme sahiptir. <\/p>\n<p>Ondan elde edilen maserat, g\u00fc\u00e7l\u00fc nemlendirici ve ya\u015flanma kar\u015f\u0131t\u0131 \u00f6zelliklere sahip oldu\u011fu i\u00e7in kozmetikte <strong><a href=\"https:\/\/naturalpoland.pl\/produkty\/produkty-dla-przemyslu-kosmetycznego\/surowce-kosmetyczne\/kwas-hialuronowy\/\">hyaluronik asidin<\/a> do\u011fal bir alternatifi<\/strong> olarak bilinir.<\/p>\n<p>\u00d6te yandan, ila\u00e7larda ve besin takviyelerinde titrek mantar\u0131n adaptogenik \u00f6zellikleri takdir edilmektedir &#8211; v\u00fccudu stresin olumsuz etkilerinden korur, konsantrasyonu ve haf\u0131zay\u0131 destekler. Ayr\u0131ca, medeniyet hastal\u0131klar\u0131n\u0131n \u00f6nlenmesinde faydal\u0131 geni\u015f bir aktiviteye sahip oldu\u011fu da bilinmektedir. Ekstrakt\u0131n i\u00e7erdi\u011fi maddeler kan \u015fekeri ve kolesterol seviyelerini d\u00fc\u015f\u00fcr\u00fcr, v\u00fccudun detoksifikasyonunu destekler ve ba\u011f\u0131rsaklar\u0131n d\u00fczg\u00fcn \u00e7al\u0131\u015fmas\u0131na yard\u0131mc\u0131 olur.  <\/p>\n","protected":false},"excerpt":{"rendered":"<p><em>Tremella fuciformis<\/em> veya titrek mantar olarak da bilinen tremella mantar\u0131, Asya k\u00f6kenli, Geleneksel \u00c7in T\u0131bb\u0131&#8217;nda kullan\u0131lan bir bitkisel hammaddedir. \u00c7ok y\u00f6nl\u00fc etkisi sayesinde hem <strong><a href=\"https:\/\/naturalpoland.com\/tr\/kategori\/kozmetik-hammaddeleri\/\">kozmetik<\/a><\/strong> hem de <strong><a href=\"https:\/\/naturalpoland.com\/tr\/kategori\/gida-hammaddeleri\/\">g\u0131da<\/a><\/strong> ve <strong><a href=\"https:\/\/naturalpoland.com\/tr\/kategori\/farmasotik-hammaddeler\/\">ila\u00e7<\/a><\/strong> end\u00fcstrilerinde kullan\u0131labilir. <\/p>\n","protected":false},"featured_media":46420,"template":"","meta":{"_acf_changed":false},"product_brand":[],"product_cat":[9540,9549,9572],"product_tag":[],"class_list":{"0":"post-46419","1":"product","2":"type-product","3":"status-publish","4":"has-post-thumbnail","6":"product_cat-takviye-edici-gida-bilesenleri","7":"product_cat-maseratlar","8":"product_cat-uretim-hammaddeleri","10":"first","11":"instock","12":"shipping-taxable","13":"product-type-simple"},"acf":[],"yoast_head":"<!-- This site is optimized with the Yoast SEO plugin v27.4 - https:\/\/yoast.com\/product\/yoast-seo-wordpress\/ -->\n<title>Tremella mantar\u0131 - Tremella fuciformis - Natural Poland<\/title>\n<meta name=\"robots\" content=\"index, follow, max-snippet:-1, max-image-preview:large, max-video-preview:-1\" \/>\n<link rel=\"canonical\" href=\"https:\/\/naturalpoland.com\/tr\/urunler\/gida-hammaddeleri\/uretim-hammaddeleri\/tremella-mantari-tremella-fuciformis-titrek-mantar-maserat\/\" \/>\n<meta property=\"og:locale\" content=\"tr_TR\" \/>\n<meta property=\"og:type\" content=\"article\" \/>\n<meta property=\"og:title\" content=\"Tremella mantar\u0131 - Tremella fuciformis - Natural Poland\" \/>\n<meta property=\"og:description\" content=\"Tremella fuciformis veya titrek mantar olarak da bilinen tremella mantar\u0131, Asya k\u00f6kenli, Geleneksel \u00c7in T\u0131bb\u0131&#039;nda kullan\u0131lan bir bitkisel hammaddedir. \u00c7ok y\u00f6nl\u00fc etkisi sayesinde hem kozmetik hem de g\u0131da ve ila\u00e7 end\u00fcstrilerinde kullan\u0131labilir.\" \/>\n<meta property=\"og:url\" content=\"https:\/\/naturalpoland.com\/tr\/urunler\/gida-hammaddeleri\/uretim-hammaddeleri\/tremella-mantari-tremella-fuciformis-titrek-mantar-maserat\/\" \/>\n<meta property=\"og:site_name\" content=\"NATURAL POLAND - Hurtowy Dystrybutor Surowc\u00f3w\" \/>\n<meta property=\"article:publisher\" content=\"https:\/\/www.facebook.com\/naturalpoland.b2b\" \/>\n<meta property=\"article:modified_time\" content=\"2026-03-03T13:24:25+00:00\" \/>\n<meta property=\"og:image\" content=\"https:\/\/naturalpoland.com\/wp-content\/uploads\/Grzyb-tremella-Tremella-fuciformis-trzesak-morszczynowaty-macerat.jpg\" \/>\n\t<meta property=\"og:image:width\" content=\"600\" \/>\n\t<meta property=\"og:image:height\" content=\"600\" \/>\n\t<meta property=\"og:image:type\" content=\"image\/jpeg\" \/>\n<script type=\"application\/ld+json\" class=\"yoast-schema-graph\">{\"@context\":\"https:\\\/\\\/schema.org\",\"@graph\":[{\"@type\":\"WebPage\",\"@id\":\"https:\\\/\\\/naturalpoland.com\\\/tr\\\/urunler\\\/gida-hammaddeleri\\\/uretim-hammaddeleri\\\/tremella-mantari-tremella-fuciformis-titrek-mantar-maserat\\\/\",\"url\":\"https:\\\/\\\/naturalpoland.com\\\/tr\\\/urunler\\\/gida-hammaddeleri\\\/uretim-hammaddeleri\\\/tremella-mantari-tremella-fuciformis-titrek-mantar-maserat\\\/\",\"name\":\"Tremella mantar\u0131 - Tremella fuciformis - Natural Poland\",\"isPartOf\":{\"@id\":\"https:\\\/\\\/naturalpoland.com\\\/tr\\\/#website\"},\"primaryImageOfPage\":{\"@id\":\"https:\\\/\\\/naturalpoland.com\\\/tr\\\/urunler\\\/gida-hammaddeleri\\\/uretim-hammaddeleri\\\/tremella-mantari-tremella-fuciformis-titrek-mantar-maserat\\\/#primaryimage\"},\"image\":{\"@id\":\"https:\\\/\\\/naturalpoland.com\\\/tr\\\/urunler\\\/gida-hammaddeleri\\\/uretim-hammaddeleri\\\/tremella-mantari-tremella-fuciformis-titrek-mantar-maserat\\\/#primaryimage\"},\"thumbnailUrl\":\"https:\\\/\\\/naturalpoland.com\\\/wp-content\\\/uploads\\\/Grzyb-tremella-Tremella-fuciformis-trzesak-morszczynowaty-macerat.jpg\",\"datePublished\":\"2023-02-15T14:04:34+00:00\",\"dateModified\":\"2026-03-03T13:24:25+00:00\",\"breadcrumb\":{\"@id\":\"https:\\\/\\\/naturalpoland.com\\\/tr\\\/urunler\\\/gida-hammaddeleri\\\/uretim-hammaddeleri\\\/tremella-mantari-tremella-fuciformis-titrek-mantar-maserat\\\/#breadcrumb\"},\"inLanguage\":\"tr\",\"potentialAction\":[{\"@type\":\"ReadAction\",\"target\":[\"https:\\\/\\\/naturalpoland.com\\\/tr\\\/urunler\\\/gida-hammaddeleri\\\/uretim-hammaddeleri\\\/tremella-mantari-tremella-fuciformis-titrek-mantar-maserat\\\/\"]}]},{\"@type\":\"ImageObject\",\"inLanguage\":\"tr\",\"@id\":\"https:\\\/\\\/naturalpoland.com\\\/tr\\\/urunler\\\/gida-hammaddeleri\\\/uretim-hammaddeleri\\\/tremella-mantari-tremella-fuciformis-titrek-mantar-maserat\\\/#primaryimage\",\"url\":\"https:\\\/\\\/naturalpoland.com\\\/wp-content\\\/uploads\\\/Grzyb-tremella-Tremella-fuciformis-trzesak-morszczynowaty-macerat.jpg\",\"contentUrl\":\"https:\\\/\\\/naturalpoland.com\\\/wp-content\\\/uploads\\\/Grzyb-tremella-Tremella-fuciformis-trzesak-morszczynowaty-macerat.jpg\",\"width\":600,\"height\":600,\"caption\":\"Tremella mantar\u0131 - Tremella fuciformis, titrek mantar \u2013 maserat\"},{\"@type\":\"BreadcrumbList\",\"@id\":\"https:\\\/\\\/naturalpoland.com\\\/tr\\\/urunler\\\/gida-hammaddeleri\\\/uretim-hammaddeleri\\\/tremella-mantari-tremella-fuciformis-titrek-mantar-maserat\\\/#breadcrumb\",\"itemListElement\":[{\"@type\":\"ListItem\",\"position\":1,\"name\":\"Ana Sayfa\",\"item\":\"https:\\\/\\\/naturalpoland.com\\\/tr\\\/\"},{\"@type\":\"ListItem\",\"position\":2,\"name\":\"\u00dcr\u00fcnler\",\"item\":\"https:\\\/\\\/naturalpoland.com\\\/tr\\\/urunler\\\/\"},{\"@type\":\"ListItem\",\"position\":3,\"name\":\"Tremella mantar\u0131 &#8211; Tremella fuciformis, titrek mantar \u2013 maserat\"}]},{\"@type\":\"WebSite\",\"@id\":\"https:\\\/\\\/naturalpoland.com\\\/tr\\\/#website\",\"url\":\"https:\\\/\\\/naturalpoland.com\\\/tr\\\/\",\"name\":\"NATURAL POLAND - Hurtowy Dystrybutor Surowc\u00f3w\",\"description\":\"Surowce dla przemys\u0142u spo\u017cywczego, kosmetycznego i farmaceutycznego\",\"publisher\":{\"@id\":\"https:\\\/\\\/naturalpoland.com\\\/tr\\\/#organization\"},\"potentialAction\":[{\"@type\":\"SearchAction\",\"target\":{\"@type\":\"EntryPoint\",\"urlTemplate\":\"https:\\\/\\\/naturalpoland.com\\\/tr\\\/?s={search_term_string}\"},\"query-input\":{\"@type\":\"PropertyValueSpecification\",\"valueRequired\":true,\"valueName\":\"search_term_string\"}}],\"inLanguage\":\"tr\"},{\"@type\":\"Organization\",\"@id\":\"https:\\\/\\\/naturalpoland.com\\\/tr\\\/#organization\",\"name\":\"Natural Poland\",\"url\":\"https:\\\/\\\/naturalpoland.com\\\/tr\\\/\",\"logo\":{\"@type\":\"ImageObject\",\"inLanguage\":\"tr\",\"@id\":\"https:\\\/\\\/naturalpoland.com\\\/tr\\\/#\\\/schema\\\/logo\\\/image\\\/\",\"url\":\"https:\\\/\\\/naturalpoland.com\\\/wp-content\\\/uploads\\\/2021\\\/05\\\/natural-poland-icon.png\",\"contentUrl\":\"https:\\\/\\\/naturalpoland.com\\\/wp-content\\\/uploads\\\/2021\\\/05\\\/natural-poland-icon.png\",\"width\":512,\"height\":512,\"caption\":\"Natural Poland\"},\"image\":{\"@id\":\"https:\\\/\\\/naturalpoland.com\\\/tr\\\/#\\\/schema\\\/logo\\\/image\\\/\"},\"sameAs\":[\"https:\\\/\\\/www.facebook.com\\\/naturalpoland.b2b\",\"https:\\\/\\\/pl.linkedin.com\\\/company\\\/natural-poland\",\"https:\\\/\\\/www.youtube.com\\\/channel\\\/UCgeGGkvOMahZo-xu_MSEWxg\"]}]}<\/script>\n<!-- \/ Yoast SEO plugin. -->","yoast_head_json":{"title":"Tremella mantar\u0131 - Tremella fuciformis - Natural Poland","robots":{"index":"index","follow":"follow","max-snippet":"max-snippet:-1","max-image-preview":"max-image-preview:large","max-video-preview":"max-video-preview:-1"},"canonical":"https:\/\/naturalpoland.com\/tr\/urunler\/gida-hammaddeleri\/uretim-hammaddeleri\/tremella-mantari-tremella-fuciformis-titrek-mantar-maserat\/","og_locale":"tr_TR","og_type":"article","og_title":"Tremella mantar\u0131 - Tremella fuciformis - Natural Poland","og_description":"Tremella fuciformis veya titrek mantar olarak da bilinen tremella mantar\u0131, Asya k\u00f6kenli, Geleneksel \u00c7in T\u0131bb\u0131'nda kullan\u0131lan bir bitkisel hammaddedir. \u00c7ok y\u00f6nl\u00fc etkisi sayesinde hem kozmetik hem de g\u0131da ve ila\u00e7 end\u00fcstrilerinde kullan\u0131labilir.","og_url":"https:\/\/naturalpoland.com\/tr\/urunler\/gida-hammaddeleri\/uretim-hammaddeleri\/tremella-mantari-tremella-fuciformis-titrek-mantar-maserat\/","og_site_name":"NATURAL POLAND - Hurtowy Dystrybutor Surowc\u00f3w","article_publisher":"https:\/\/www.facebook.com\/naturalpoland.b2b","article_modified_time":"2026-03-03T13:24:25+00:00","og_image":[{"width":600,"height":600,"url":"https:\/\/naturalpoland.com\/wp-content\/uploads\/Grzyb-tremella-Tremella-fuciformis-trzesak-morszczynowaty-macerat.jpg","type":"image\/jpeg"}],"schema":{"@context":"https:\/\/schema.org","@graph":[{"@type":"WebPage","@id":"https:\/\/naturalpoland.com\/tr\/urunler\/gida-hammaddeleri\/uretim-hammaddeleri\/tremella-mantari-tremella-fuciformis-titrek-mantar-maserat\/","url":"https:\/\/naturalpoland.com\/tr\/urunler\/gida-hammaddeleri\/uretim-hammaddeleri\/tremella-mantari-tremella-fuciformis-titrek-mantar-maserat\/","name":"Tremella mantar\u0131 - Tremella fuciformis - Natural Poland","isPartOf":{"@id":"https:\/\/naturalpoland.com\/tr\/#website"},"primaryImageOfPage":{"@id":"https:\/\/naturalpoland.com\/tr\/urunler\/gida-hammaddeleri\/uretim-hammaddeleri\/tremella-mantari-tremella-fuciformis-titrek-mantar-maserat\/#primaryimage"},"image":{"@id":"https:\/\/naturalpoland.com\/tr\/urunler\/gida-hammaddeleri\/uretim-hammaddeleri\/tremella-mantari-tremella-fuciformis-titrek-mantar-maserat\/#primaryimage"},"thumbnailUrl":"https:\/\/naturalpoland.com\/wp-content\/uploads\/Grzyb-tremella-Tremella-fuciformis-trzesak-morszczynowaty-macerat.jpg","datePublished":"2023-02-15T14:04:34+00:00","dateModified":"2026-03-03T13:24:25+00:00","breadcrumb":{"@id":"https:\/\/naturalpoland.com\/tr\/urunler\/gida-hammaddeleri\/uretim-hammaddeleri\/tremella-mantari-tremella-fuciformis-titrek-mantar-maserat\/#breadcrumb"},"inLanguage":"tr","potentialAction":[{"@type":"ReadAction","target":["https:\/\/naturalpoland.com\/tr\/urunler\/gida-hammaddeleri\/uretim-hammaddeleri\/tremella-mantari-tremella-fuciformis-titrek-mantar-maserat\/"]}]},{"@type":"ImageObject","inLanguage":"tr","@id":"https:\/\/naturalpoland.com\/tr\/urunler\/gida-hammaddeleri\/uretim-hammaddeleri\/tremella-mantari-tremella-fuciformis-titrek-mantar-maserat\/#primaryimage","url":"https:\/\/naturalpoland.com\/wp-content\/uploads\/Grzyb-tremella-Tremella-fuciformis-trzesak-morszczynowaty-macerat.jpg","contentUrl":"https:\/\/naturalpoland.com\/wp-content\/uploads\/Grzyb-tremella-Tremella-fuciformis-trzesak-morszczynowaty-macerat.jpg","width":600,"height":600,"caption":"Tremella mantar\u0131 - Tremella fuciformis, titrek mantar \u2013 maserat"},{"@type":"BreadcrumbList","@id":"https:\/\/naturalpoland.com\/tr\/urunler\/gida-hammaddeleri\/uretim-hammaddeleri\/tremella-mantari-tremella-fuciformis-titrek-mantar-maserat\/#breadcrumb","itemListElement":[{"@type":"ListItem","position":1,"name":"Ana Sayfa","item":"https:\/\/naturalpoland.com\/tr\/"},{"@type":"ListItem","position":2,"name":"\u00dcr\u00fcnler","item":"https:\/\/naturalpoland.com\/tr\/urunler\/"},{"@type":"ListItem","position":3,"name":"Tremella mantar\u0131 &#8211; Tremella fuciformis, titrek mantar \u2013 maserat"}]},{"@type":"WebSite","@id":"https:\/\/naturalpoland.com\/tr\/#website","url":"https:\/\/naturalpoland.com\/tr\/","name":"NATURAL POLAND - Hurtowy Dystrybutor Surowc\u00f3w","description":"Surowce dla przemys\u0142u spo\u017cywczego, kosmetycznego i farmaceutycznego","publisher":{"@id":"https:\/\/naturalpoland.com\/tr\/#organization"},"potentialAction":[{"@type":"SearchAction","target":{"@type":"EntryPoint","urlTemplate":"https:\/\/naturalpoland.com\/tr\/?s={search_term_string}"},"query-input":{"@type":"PropertyValueSpecification","valueRequired":true,"valueName":"search_term_string"}}],"inLanguage":"tr"},{"@type":"Organization","@id":"https:\/\/naturalpoland.com\/tr\/#organization","name":"Natural Poland","url":"https:\/\/naturalpoland.com\/tr\/","logo":{"@type":"ImageObject","inLanguage":"tr","@id":"https:\/\/naturalpoland.com\/tr\/#\/schema\/logo\/image\/","url":"https:\/\/naturalpoland.com\/wp-content\/uploads\/2021\/05\/natural-poland-icon.png","contentUrl":"https:\/\/naturalpoland.com\/wp-content\/uploads\/2021\/05\/natural-poland-icon.png","width":512,"height":512,"caption":"Natural Poland"},"image":{"@id":"https:\/\/naturalpoland.com\/tr\/#\/schema\/logo\/image\/"},"sameAs":["https:\/\/www.facebook.com\/naturalpoland.b2b","https:\/\/pl.linkedin.com\/company\/natural-poland","https:\/\/www.youtube.com\/channel\/UCgeGGkvOMahZo-xu_MSEWxg"]}]}},"_links":{"self":[{"href":"https:\/\/naturalpoland.com\/tr\/wp-json\/wp\/v2\/product\/46419","targetHints":{"allow":["GET"]}}],"collection":[{"href":"https:\/\/naturalpoland.com\/tr\/wp-json\/wp\/v2\/product"}],"about":[{"href":"https:\/\/naturalpoland.com\/tr\/wp-json\/wp\/v2\/types\/product"}],"wp:featuredmedia":[{"embeddable":true,"href":"https:\/\/naturalpoland.com\/tr\/wp-json\/wp\/v2\/media\/46420"}],"wp:attachment":[{"href":"https:\/\/naturalpoland.com\/tr\/wp-json\/wp\/v2\/media?parent=46419"}],"wp:term":[{"taxonomy":"product_brand","embeddable":true,"href":"https:\/\/naturalpoland.com\/tr\/wp-json\/wp\/v2\/product_brand?post=46419"},{"taxonomy":"product_cat","embeddable":true,"href":"https:\/\/naturalpoland.com\/tr\/wp-json\/wp\/v2\/product_cat?post=46419"},{"taxonomy":"product_tag","embeddable":true,"href":"https:\/\/naturalpoland.com\/tr\/wp-json\/wp\/v2\/product_tag?post=46419"}],"curies":[{"name":"wp","href":"https:\/\/api.w.org\/{rel}","templated":true}]}}