{"id":46421,"date":"2021-11-18T11:48:26","date_gmt":"2021-11-18T10:48:26","guid":{"rendered":"https:\/\/naturalpoland.com\/produkty\/kategorilenmemis\/aktif-probiyotikler\/"},"modified":"2026-03-03T14:24:45","modified_gmt":"2026-03-03T13:24:45","slug":"aktif-probiyotikler","status":"publish","type":"product","link":"https:\/\/naturalpoland.com\/tr\/urunler\/kozmetik-hammaddeleri\/probiyotikler\/aktif-probiyotikler\/","title":{"rendered":"Aktif Probiyotikler"},"content":{"rendered":"<p><strong>Aktif Probiyotikler<\/strong>, sa\u011fl\u0131kl\u0131 bir ya\u015fam tarz\u0131n\u0131n ayr\u0131lmaz bir par\u00e7as\u0131 olan faydal\u0131, canl\u0131 mikroorganizmalard\u0131r. Sindirim sisteminden ba\u011f\u0131\u015f\u0131kl\u0131\u011fa, genel iyilik halinden cilt durumuna kadar sa\u011fl\u0131\u011f\u0131m\u0131z \u00fczerinde b\u00fcy\u00fck bir etkiye sahiptirler. <\/p>\n<h3>G\u0131da ve ila\u00e7 sekt\u00f6r\u00fcnde aktif probiyotikler:<\/h3>\n<p>Probiyotikler, bulunduklar\u0131 ko\u015fullara kolayca adapte olurlar. V\u00fccutta sindirim sistemini kolayca kolonize ederek sindirim sisteminin mukoza zarlar\u0131n\u0131n i\u015flevini iyile\u015ftirirler. Toksin \u00fcretmezler ve mide ko\u015fullar\u0131na (d\u00fc\u015f\u00fck pH) dayan\u0131kl\u0131d\u0131rlar. Ba\u011f\u0131\u015f\u0131kl\u0131k sistemini, sindirimi, kolik tedavisini, b\u00f6brek ta\u015flar\u0131n\u0131 destekler, karaci\u011fer hastal\u0131klar\u0131 ve irritabl ba\u011f\u0131rsak sendromu tedavisinde etkilidirler. Mide \u00fclserine neden olan <em>Helicobacter pylori<\/em> bakterisiyle m\u00fccadelede yard\u0131mc\u0131 olurlar.    <\/p>\n<h3>Kozmetik sekt\u00f6r\u00fcnde aktif probiyotikler:<\/h3>\n<p>Bakteri su\u015flar\u0131 i\u00e7eren kozmetik \u00fcr\u00fcnlerin kullan\u0131m\u0131, mikrofloray\u0131 tamamlayacak ve cilde fayda sa\u011flayacakt\u0131r. Probiyotikler, cildi istenmeyen bakterilere ve d\u0131\u015f etkenlere kar\u015f\u0131 koruyarak &#8220;aktif bir koruma&#8221; olu\u015fturur. <\/p>\n<p>Kozmetikte iltihaplanma tedavisinde kullan\u0131l\u0131r, koruyucu bariyeri yeniden in\u015fa eder, yara iyile\u015fmesini h\u0131zland\u0131r\u0131r, cildi nemlendirir, p\u00fcr\u00fczs\u00fczle\u015ftirir ve yeniler. Ya\u015flanma kar\u015f\u0131t\u0131 \u00fcr\u00fcnlerde etkilidirler &#8211; k\u0131r\u0131\u015f\u0131kl\u0131klar\u0131 p\u00fcr\u00fczs\u00fczle\u015ftirirler. Probiyotikler, tahri\u015f olmu\u015f cildin iyile\u015fmesini h\u0131zland\u0131r\u0131r, epidermisin yenilenmesini ve akne lezyonlar\u0131n\u0131n tedavisini destekler. Kuru, hassas, belirgin iltihapl\u0131, olgun, kusurlu her cilt tipine uygun preparatlarda kullan\u0131labilirler.   <\/p>\n","protected":false},"excerpt":{"rendered":"<p>Uzmanlar <strong>probiyotikleri<\/strong> &#8220;iyi bakteriler&#8221; olarak adland\u0131r\u0131r. Gayri resmi isimlerini geni\u015f etki spektrumlar\u0131na bor\u00e7ludurlar. Bunlar, kullan\u0131ma onaylanabilmeleri i\u00e7in bir dizi s\u0131k\u0131 testten ge\u00e7mesi ve belirli gereksinimleri kar\u015f\u0131lamas\u0131 gereken bakteri su\u015flar\u0131d\u0131r.  <\/p>\n<p>Teklifimizde mevcut su\u015flar: <em><strong>Lactobacillus acidophilus, Bifidobacterium longum, Bifidobacterium lactis, Bacillus coagulans, Lactobacillus plantarum.<\/strong><\/em><\/p>\n","protected":false},"featured_media":46424,"template":"","meta":{"_acf_changed":false},"product_brand":[],"product_cat":[9540,9543,9555],"product_tag":[],"class_list":{"0":"post-46421","1":"product","2":"type-product","3":"status-publish","4":"has-post-thumbnail","6":"product_cat-takviye-edici-gida-bilesenleri","7":"product_cat-kozmetik-hammaddeleri","8":"product_cat-probiyotikler","9":"pa_grupa-substancji-probiyotik-bakteriler","11":"first","12":"instock","13":"shipping-taxable","14":"product-type-simple"},"acf":[],"yoast_head":"<!-- This site is optimized with the Yoast SEO plugin v27.4 - https:\/\/yoast.com\/product\/yoast-seo-wordpress\/ -->\n<title>Aktif Probiyotikler - Hurtowy Dystrybutor<\/title>\n<meta name=\"description\" content=\"Aktif Probiyotikler, sindirim sistemimizi kolonize eden, sindirimi ve cilt sa\u011fl\u0131\u011f\u0131n\u0131 destekleyen canl\u0131 mikroorganizmalard\u0131r.\" \/>\n<meta name=\"robots\" content=\"index, follow, max-snippet:-1, max-image-preview:large, max-video-preview:-1\" \/>\n<link rel=\"canonical\" href=\"https:\/\/naturalpoland.com\/tr\/urunler\/kozmetik-hammaddeleri\/probiyotikler\/aktif-probiyotikler\/\" \/>\n<meta property=\"og:locale\" content=\"tr_TR\" \/>\n<meta property=\"og:type\" content=\"article\" \/>\n<meta property=\"og:title\" content=\"Aktif Probiyotikler - Hurtowy Dystrybutor\" \/>\n<meta property=\"og:description\" content=\"Aktif Probiyotikler, sindirim sistemimizi kolonize eden, sindirimi ve cilt sa\u011fl\u0131\u011f\u0131n\u0131 destekleyen canl\u0131 mikroorganizmalard\u0131r.\" \/>\n<meta property=\"og:url\" content=\"https:\/\/naturalpoland.com\/tr\/urunler\/kozmetik-hammaddeleri\/probiyotikler\/aktif-probiyotikler\/\" \/>\n<meta property=\"og:site_name\" content=\"NATURAL POLAND - Hurtowy Dystrybutor Surowc\u00f3w\" \/>\n<meta property=\"article:publisher\" content=\"https:\/\/www.facebook.com\/naturalpoland.b2b\" \/>\n<meta property=\"article:modified_time\" content=\"2026-03-03T13:24:45+00:00\" \/>\n<meta property=\"og:image\" content=\"https:\/\/naturalpoland.com\/wp-content\/uploads\/active-probiotics.png\" \/>\n\t<meta property=\"og:image:width\" content=\"595\" \/>\n\t<meta property=\"og:image:height\" content=\"595\" \/>\n\t<meta property=\"og:image:type\" content=\"image\/png\" \/>\n<script type=\"application\/ld+json\" class=\"yoast-schema-graph\">{\"@context\":\"https:\\\/\\\/schema.org\",\"@graph\":[{\"@type\":\"WebPage\",\"@id\":\"https:\\\/\\\/naturalpoland.com\\\/tr\\\/urunler\\\/kozmetik-hammaddeleri\\\/probiyotikler\\\/aktif-probiyotikler\\\/\",\"url\":\"https:\\\/\\\/naturalpoland.com\\\/tr\\\/urunler\\\/kozmetik-hammaddeleri\\\/probiyotikler\\\/aktif-probiyotikler\\\/\",\"name\":\"Aktif Probiyotikler - Hurtowy Dystrybutor\",\"isPartOf\":{\"@id\":\"https:\\\/\\\/naturalpoland.com\\\/tr\\\/#website\"},\"primaryImageOfPage\":{\"@id\":\"https:\\\/\\\/naturalpoland.com\\\/tr\\\/urunler\\\/kozmetik-hammaddeleri\\\/probiyotikler\\\/aktif-probiyotikler\\\/#primaryimage\"},\"image\":{\"@id\":\"https:\\\/\\\/naturalpoland.com\\\/tr\\\/urunler\\\/kozmetik-hammaddeleri\\\/probiyotikler\\\/aktif-probiyotikler\\\/#primaryimage\"},\"thumbnailUrl\":\"https:\\\/\\\/naturalpoland.com\\\/wp-content\\\/uploads\\\/active-probiotics.png\",\"datePublished\":\"2021-11-18T10:48:26+00:00\",\"dateModified\":\"2026-03-03T13:24:45+00:00\",\"description\":\"Aktif Probiyotikler, sindirim sistemimizi kolonize eden, sindirimi ve cilt sa\u011fl\u0131\u011f\u0131n\u0131 destekleyen canl\u0131 mikroorganizmalard\u0131r.\",\"breadcrumb\":{\"@id\":\"https:\\\/\\\/naturalpoland.com\\\/tr\\\/urunler\\\/kozmetik-hammaddeleri\\\/probiyotikler\\\/aktif-probiyotikler\\\/#breadcrumb\"},\"inLanguage\":\"tr\",\"potentialAction\":[{\"@type\":\"ReadAction\",\"target\":[\"https:\\\/\\\/naturalpoland.com\\\/tr\\\/urunler\\\/kozmetik-hammaddeleri\\\/probiyotikler\\\/aktif-probiyotikler\\\/\"]}]},{\"@type\":\"ImageObject\",\"inLanguage\":\"tr\",\"@id\":\"https:\\\/\\\/naturalpoland.com\\\/tr\\\/urunler\\\/kozmetik-hammaddeleri\\\/probiyotikler\\\/aktif-probiyotikler\\\/#primaryimage\",\"url\":\"https:\\\/\\\/naturalpoland.com\\\/wp-content\\\/uploads\\\/active-probiotics.png\",\"contentUrl\":\"https:\\\/\\\/naturalpoland.com\\\/wp-content\\\/uploads\\\/active-probiotics.png\",\"width\":595,\"height\":595,\"caption\":\"aktif probiyotikler\"},{\"@type\":\"BreadcrumbList\",\"@id\":\"https:\\\/\\\/naturalpoland.com\\\/tr\\\/urunler\\\/kozmetik-hammaddeleri\\\/probiyotikler\\\/aktif-probiyotikler\\\/#breadcrumb\",\"itemListElement\":[{\"@type\":\"ListItem\",\"position\":1,\"name\":\"Ana Sayfa\",\"item\":\"https:\\\/\\\/naturalpoland.com\\\/tr\\\/\"},{\"@type\":\"ListItem\",\"position\":2,\"name\":\"\u00dcr\u00fcnler\",\"item\":\"https:\\\/\\\/naturalpoland.com\\\/tr\\\/urunler\\\/\"},{\"@type\":\"ListItem\",\"position\":3,\"name\":\"Aktif Probiyotikler\"}]},{\"@type\":\"WebSite\",\"@id\":\"https:\\\/\\\/naturalpoland.com\\\/tr\\\/#website\",\"url\":\"https:\\\/\\\/naturalpoland.com\\\/tr\\\/\",\"name\":\"NATURAL POLAND - Hurtowy Dystrybutor Surowc\u00f3w\",\"description\":\"Surowce dla przemys\u0142u spo\u017cywczego, kosmetycznego i farmaceutycznego\",\"publisher\":{\"@id\":\"https:\\\/\\\/naturalpoland.com\\\/tr\\\/#organization\"},\"potentialAction\":[{\"@type\":\"SearchAction\",\"target\":{\"@type\":\"EntryPoint\",\"urlTemplate\":\"https:\\\/\\\/naturalpoland.com\\\/tr\\\/?s={search_term_string}\"},\"query-input\":{\"@type\":\"PropertyValueSpecification\",\"valueRequired\":true,\"valueName\":\"search_term_string\"}}],\"inLanguage\":\"tr\"},{\"@type\":\"Organization\",\"@id\":\"https:\\\/\\\/naturalpoland.com\\\/tr\\\/#organization\",\"name\":\"Natural Poland\",\"url\":\"https:\\\/\\\/naturalpoland.com\\\/tr\\\/\",\"logo\":{\"@type\":\"ImageObject\",\"inLanguage\":\"tr\",\"@id\":\"https:\\\/\\\/naturalpoland.com\\\/tr\\\/#\\\/schema\\\/logo\\\/image\\\/\",\"url\":\"https:\\\/\\\/naturalpoland.com\\\/wp-content\\\/uploads\\\/2021\\\/05\\\/natural-poland-icon.png\",\"contentUrl\":\"https:\\\/\\\/naturalpoland.com\\\/wp-content\\\/uploads\\\/2021\\\/05\\\/natural-poland-icon.png\",\"width\":512,\"height\":512,\"caption\":\"Natural Poland\"},\"image\":{\"@id\":\"https:\\\/\\\/naturalpoland.com\\\/tr\\\/#\\\/schema\\\/logo\\\/image\\\/\"},\"sameAs\":[\"https:\\\/\\\/www.facebook.com\\\/naturalpoland.b2b\",\"https:\\\/\\\/pl.linkedin.com\\\/company\\\/natural-poland\",\"https:\\\/\\\/www.youtube.com\\\/channel\\\/UCgeGGkvOMahZo-xu_MSEWxg\"]}]}<\/script>\n<!-- \/ Yoast SEO plugin. -->","yoast_head_json":{"title":"Aktif Probiyotikler - Hurtowy Dystrybutor","description":"Aktif Probiyotikler, sindirim sistemimizi kolonize eden, sindirimi ve cilt sa\u011fl\u0131\u011f\u0131n\u0131 destekleyen canl\u0131 mikroorganizmalard\u0131r.","robots":{"index":"index","follow":"follow","max-snippet":"max-snippet:-1","max-image-preview":"max-image-preview:large","max-video-preview":"max-video-preview:-1"},"canonical":"https:\/\/naturalpoland.com\/tr\/urunler\/kozmetik-hammaddeleri\/probiyotikler\/aktif-probiyotikler\/","og_locale":"tr_TR","og_type":"article","og_title":"Aktif Probiyotikler - Hurtowy Dystrybutor","og_description":"Aktif Probiyotikler, sindirim sistemimizi kolonize eden, sindirimi ve cilt sa\u011fl\u0131\u011f\u0131n\u0131 destekleyen canl\u0131 mikroorganizmalard\u0131r.","og_url":"https:\/\/naturalpoland.com\/tr\/urunler\/kozmetik-hammaddeleri\/probiyotikler\/aktif-probiyotikler\/","og_site_name":"NATURAL POLAND - Hurtowy Dystrybutor Surowc\u00f3w","article_publisher":"https:\/\/www.facebook.com\/naturalpoland.b2b","article_modified_time":"2026-03-03T13:24:45+00:00","og_image":[{"width":595,"height":595,"url":"https:\/\/naturalpoland.com\/wp-content\/uploads\/active-probiotics.png","type":"image\/png"}],"schema":{"@context":"https:\/\/schema.org","@graph":[{"@type":"WebPage","@id":"https:\/\/naturalpoland.com\/tr\/urunler\/kozmetik-hammaddeleri\/probiyotikler\/aktif-probiyotikler\/","url":"https:\/\/naturalpoland.com\/tr\/urunler\/kozmetik-hammaddeleri\/probiyotikler\/aktif-probiyotikler\/","name":"Aktif Probiyotikler - Hurtowy Dystrybutor","isPartOf":{"@id":"https:\/\/naturalpoland.com\/tr\/#website"},"primaryImageOfPage":{"@id":"https:\/\/naturalpoland.com\/tr\/urunler\/kozmetik-hammaddeleri\/probiyotikler\/aktif-probiyotikler\/#primaryimage"},"image":{"@id":"https:\/\/naturalpoland.com\/tr\/urunler\/kozmetik-hammaddeleri\/probiyotikler\/aktif-probiyotikler\/#primaryimage"},"thumbnailUrl":"https:\/\/naturalpoland.com\/wp-content\/uploads\/active-probiotics.png","datePublished":"2021-11-18T10:48:26+00:00","dateModified":"2026-03-03T13:24:45+00:00","description":"Aktif Probiyotikler, sindirim sistemimizi kolonize eden, sindirimi ve cilt sa\u011fl\u0131\u011f\u0131n\u0131 destekleyen canl\u0131 mikroorganizmalard\u0131r.","breadcrumb":{"@id":"https:\/\/naturalpoland.com\/tr\/urunler\/kozmetik-hammaddeleri\/probiyotikler\/aktif-probiyotikler\/#breadcrumb"},"inLanguage":"tr","potentialAction":[{"@type":"ReadAction","target":["https:\/\/naturalpoland.com\/tr\/urunler\/kozmetik-hammaddeleri\/probiyotikler\/aktif-probiyotikler\/"]}]},{"@type":"ImageObject","inLanguage":"tr","@id":"https:\/\/naturalpoland.com\/tr\/urunler\/kozmetik-hammaddeleri\/probiyotikler\/aktif-probiyotikler\/#primaryimage","url":"https:\/\/naturalpoland.com\/wp-content\/uploads\/active-probiotics.png","contentUrl":"https:\/\/naturalpoland.com\/wp-content\/uploads\/active-probiotics.png","width":595,"height":595,"caption":"aktif probiyotikler"},{"@type":"BreadcrumbList","@id":"https:\/\/naturalpoland.com\/tr\/urunler\/kozmetik-hammaddeleri\/probiyotikler\/aktif-probiyotikler\/#breadcrumb","itemListElement":[{"@type":"ListItem","position":1,"name":"Ana Sayfa","item":"https:\/\/naturalpoland.com\/tr\/"},{"@type":"ListItem","position":2,"name":"\u00dcr\u00fcnler","item":"https:\/\/naturalpoland.com\/tr\/urunler\/"},{"@type":"ListItem","position":3,"name":"Aktif Probiyotikler"}]},{"@type":"WebSite","@id":"https:\/\/naturalpoland.com\/tr\/#website","url":"https:\/\/naturalpoland.com\/tr\/","name":"NATURAL POLAND - Hurtowy Dystrybutor Surowc\u00f3w","description":"Surowce dla przemys\u0142u spo\u017cywczego, kosmetycznego i farmaceutycznego","publisher":{"@id":"https:\/\/naturalpoland.com\/tr\/#organization"},"potentialAction":[{"@type":"SearchAction","target":{"@type":"EntryPoint","urlTemplate":"https:\/\/naturalpoland.com\/tr\/?s={search_term_string}"},"query-input":{"@type":"PropertyValueSpecification","valueRequired":true,"valueName":"search_term_string"}}],"inLanguage":"tr"},{"@type":"Organization","@id":"https:\/\/naturalpoland.com\/tr\/#organization","name":"Natural Poland","url":"https:\/\/naturalpoland.com\/tr\/","logo":{"@type":"ImageObject","inLanguage":"tr","@id":"https:\/\/naturalpoland.com\/tr\/#\/schema\/logo\/image\/","url":"https:\/\/naturalpoland.com\/wp-content\/uploads\/2021\/05\/natural-poland-icon.png","contentUrl":"https:\/\/naturalpoland.com\/wp-content\/uploads\/2021\/05\/natural-poland-icon.png","width":512,"height":512,"caption":"Natural Poland"},"image":{"@id":"https:\/\/naturalpoland.com\/tr\/#\/schema\/logo\/image\/"},"sameAs":["https:\/\/www.facebook.com\/naturalpoland.b2b","https:\/\/pl.linkedin.com\/company\/natural-poland","https:\/\/www.youtube.com\/channel\/UCgeGGkvOMahZo-xu_MSEWxg"]}]}},"_links":{"self":[{"href":"https:\/\/naturalpoland.com\/tr\/wp-json\/wp\/v2\/product\/46421","targetHints":{"allow":["GET"]}}],"collection":[{"href":"https:\/\/naturalpoland.com\/tr\/wp-json\/wp\/v2\/product"}],"about":[{"href":"https:\/\/naturalpoland.com\/tr\/wp-json\/wp\/v2\/types\/product"}],"wp:featuredmedia":[{"embeddable":true,"href":"https:\/\/naturalpoland.com\/tr\/wp-json\/wp\/v2\/media\/46424"}],"wp:attachment":[{"href":"https:\/\/naturalpoland.com\/tr\/wp-json\/wp\/v2\/media?parent=46421"}],"wp:term":[{"taxonomy":"product_brand","embeddable":true,"href":"https:\/\/naturalpoland.com\/tr\/wp-json\/wp\/v2\/product_brand?post=46421"},{"taxonomy":"product_cat","embeddable":true,"href":"https:\/\/naturalpoland.com\/tr\/wp-json\/wp\/v2\/product_cat?post=46421"},{"taxonomy":"product_tag","embeddable":true,"href":"https:\/\/naturalpoland.com\/tr\/wp-json\/wp\/v2\/product_tag?post=46421"}],"curies":[{"name":"wp","href":"https:\/\/api.w.org\/{rel}","templated":true}]}}