{"id":46425,"date":"2023-01-17T12:07:05","date_gmt":"2023-01-17T11:07:05","guid":{"rendered":"https:\/\/naturalpoland.com\/produkty\/kategorilenmemis\/morina-karacigeri-yagi\/"},"modified":"2026-03-03T14:24:52","modified_gmt":"2026-03-03T13:24:52","slug":"morina-karacigeri-yagi","status":"publish","type":"product","link":"https:\/\/naturalpoland.com\/tr\/urunler\/gida-hammaddeleri\/gida-yaglari\/morina-karacigeri-yagi\/","title":{"rendered":"Morina Karaci\u011feri Ya\u011f\u0131"},"content":{"rendered":"<p>Morina karaci\u011feri ya\u011f\u0131, morina karaci\u011ferinin nazik\u00e7e ar\u0131t\u0131lmas\u0131yla elde edilir. Besin de\u011ferlerinin tam i\u00e7eri\u011fi, bal\u0131k t\u00fcr\u00fcne ve avland\u0131\u011f\u0131 yere g\u00f6re de\u011fi\u015fir. Do\u011fal morina karaci\u011feri ya\u011f\u0131, <strong>50&#8217;den fazla farkl\u0131 ya\u011f asidinden<\/strong> olu\u015fur ve de\u011ferli bir <strong>D ve A vitamini kayna\u011f\u0131d\u0131r<\/strong>. Bu bal\u0131\u011f\u0131n en b\u00fcy\u00fck tedarik\u00e7ilerinden biri Norve\u00e7&#8217;tir ve Norve\u00e7liler, D vitamini eksikli\u011fini \u00f6nlemek i\u00e7in k\u0131\u015f aylar\u0131nda morina karaci\u011feri ya\u011f\u0131 kullan\u0131rlar.   <\/p>\n<h3>Omega 3 Ya\u011f Asitleri A\u00e7\u0131s\u0131ndan Zengin Ya\u011f<\/h3>\n<p>\u00c7oklu doymam\u0131\u015f omega-3 ya\u011f asitleri, insan v\u00fccudunda sentezlenmeyen ve bu nedenle besinlerle al\u0131nmas\u0131 gereken temel besin maddeleridir. Ba\u015fl\u0131ca omega 3 ya\u011f asitleri, \u00f6zellikle ya\u011fl\u0131 bal\u0131klarda ve deniz \u00fcr\u00fcnlerinde bulunan <strong>eikosapentaenoik asit (EPA)<\/strong>, <strong>dokosapentaenoik asit<\/strong> ve <strong>dokozaheksaenoik asit (DHA)<\/strong>&#8216;d\u0131r. <\/p>\n<h3>Morina Karaci\u011feri Ya\u011f\u0131 &#8211; Terap\u00f6tik \u00d6zellikleri<\/h3>\n<p>Omega-3 ya\u011f asitleri a\u00e7\u0131s\u0131ndan zengin bir kaynak olan morina karaci\u011feri ya\u011f\u0131, kardiyovask\u00fcler hastal\u0131klar, diyabet ve depresyon dahil olmak \u00fczere bir\u00e7ok hastal\u0131\u011f\u0131n tedavisinde etkilidir. Ayr\u0131ca, bir\u00e7ok bilimsel \u00e7al\u0131\u015fma morina karaci\u011feri ya\u011f\u0131n\u0131n yara iyile\u015fmesi \u00fczerindeki faydal\u0131 etkilerini de g\u00f6stermektedir. <\/p>\n","protected":false},"excerpt":{"rendered":"<p>Morina karaci\u011feri ya\u011f\u0131, <strong>vah\u015fi Norve\u00e7 morina<\/strong> t\u00fcr\u00fcnden (<em>Gadus Morhua<\/em>) \u00fcretilmektedir. Bu bal\u0131\u011f\u0131n en b\u00fcy\u00fck tedarik\u00e7ilerinden biri Norve\u00e7&#8217;tir. Morina, Norve\u00e7&#8217;in s\u00fcrd\u00fcr\u00fclebilir bal\u0131k\u00e7\u0131l\u0131k uygulamalar\u0131 kapsam\u0131nda, MSC sertifikal\u0131 bal\u0131k\u00e7\u0131l\u0131k taraf\u0131ndan avlanmaktad\u0131r.  <\/p>\n","protected":false},"featured_media":46426,"template":"","meta":{"_acf_changed":false},"product_brand":[],"product_cat":[9540,9571],"product_tag":[],"class_list":{"0":"post-46425","1":"product","2":"type-product","3":"status-publish","4":"has-post-thumbnail","6":"product_cat-takviye-edici-gida-bilesenleri","7":"product_cat-gida-yaglari","9":"first","10":"instock","11":"shipping-taxable","12":"product-type-simple"},"acf":[],"yoast_head":"<!-- This site is optimized with the Yoast SEO plugin v27.4 - https:\/\/yoast.com\/product\/yoast-seo-wordpress\/ -->\n<title>Morina Karaci\u011feri Ya\u011f\u0131 - Hurtowy Dystrybutor<\/title>\n<meta name=\"description\" content=\"Morina karaci\u011feri ya\u011f\u0131, Norve\u00e7&#039;in vah\u015fi morina t\u00fcr\u00fcnden (Gadus Morhua) \u00fcretilmektedir. Bu bal\u0131\u011f\u0131n en b\u00fcy\u00fck tedarik\u00e7ilerinden biri Norve\u00e7&#039;tir.\" \/>\n<meta name=\"robots\" content=\"index, follow, max-snippet:-1, max-image-preview:large, max-video-preview:-1\" \/>\n<link rel=\"canonical\" href=\"https:\/\/naturalpoland.com\/tr\/urunler\/gida-hammaddeleri\/gida-yaglari\/morina-karacigeri-yagi\/\" \/>\n<meta property=\"og:locale\" content=\"tr_TR\" \/>\n<meta property=\"og:type\" content=\"article\" \/>\n<meta property=\"og:title\" content=\"Morina Karaci\u011feri Ya\u011f\u0131 - Hurtowy Dystrybutor\" \/>\n<meta property=\"og:description\" content=\"Morina karaci\u011feri ya\u011f\u0131, Norve\u00e7&#039;in vah\u015fi morina t\u00fcr\u00fcnden (Gadus Morhua) \u00fcretilmektedir. Bu bal\u0131\u011f\u0131n en b\u00fcy\u00fck tedarik\u00e7ilerinden biri Norve\u00e7&#039;tir.\" \/>\n<meta property=\"og:url\" content=\"https:\/\/naturalpoland.com\/tr\/urunler\/gida-hammaddeleri\/gida-yaglari\/morina-karacigeri-yagi\/\" \/>\n<meta property=\"og:site_name\" content=\"NATURAL POLAND - Hurtowy Dystrybutor Surowc\u00f3w\" \/>\n<meta property=\"article:publisher\" content=\"https:\/\/www.facebook.com\/naturalpoland.b2b\" \/>\n<meta property=\"article:modified_time\" content=\"2026-03-03T13:24:52+00:00\" \/>\n<meta property=\"og:image\" content=\"https:\/\/naturalpoland.com\/wp-content\/uploads\/olej-z-watroby-dorsza.jpg\" \/>\n\t<meta property=\"og:image:width\" content=\"700\" \/>\n\t<meta property=\"og:image:height\" content=\"700\" \/>\n\t<meta property=\"og:image:type\" content=\"image\/jpeg\" \/>\n<script type=\"application\/ld+json\" class=\"yoast-schema-graph\">{\"@context\":\"https:\\\/\\\/schema.org\",\"@graph\":[{\"@type\":\"WebPage\",\"@id\":\"https:\\\/\\\/naturalpoland.com\\\/tr\\\/urunler\\\/gida-hammaddeleri\\\/gida-yaglari\\\/morina-karacigeri-yagi\\\/\",\"url\":\"https:\\\/\\\/naturalpoland.com\\\/tr\\\/urunler\\\/gida-hammaddeleri\\\/gida-yaglari\\\/morina-karacigeri-yagi\\\/\",\"name\":\"Morina Karaci\u011feri Ya\u011f\u0131 - Hurtowy Dystrybutor\",\"isPartOf\":{\"@id\":\"https:\\\/\\\/naturalpoland.com\\\/tr\\\/#website\"},\"primaryImageOfPage\":{\"@id\":\"https:\\\/\\\/naturalpoland.com\\\/tr\\\/urunler\\\/gida-hammaddeleri\\\/gida-yaglari\\\/morina-karacigeri-yagi\\\/#primaryimage\"},\"image\":{\"@id\":\"https:\\\/\\\/naturalpoland.com\\\/tr\\\/urunler\\\/gida-hammaddeleri\\\/gida-yaglari\\\/morina-karacigeri-yagi\\\/#primaryimage\"},\"thumbnailUrl\":\"https:\\\/\\\/naturalpoland.com\\\/wp-content\\\/uploads\\\/olej-z-watroby-dorsza.jpg\",\"datePublished\":\"2023-01-17T11:07:05+00:00\",\"dateModified\":\"2026-03-03T13:24:52+00:00\",\"description\":\"Morina karaci\u011feri ya\u011f\u0131, Norve\u00e7'in vah\u015fi morina t\u00fcr\u00fcnden (Gadus Morhua) \u00fcretilmektedir. Bu bal\u0131\u011f\u0131n en b\u00fcy\u00fck tedarik\u00e7ilerinden biri Norve\u00e7'tir.\",\"breadcrumb\":{\"@id\":\"https:\\\/\\\/naturalpoland.com\\\/tr\\\/urunler\\\/gida-hammaddeleri\\\/gida-yaglari\\\/morina-karacigeri-yagi\\\/#breadcrumb\"},\"inLanguage\":\"tr\",\"potentialAction\":[{\"@type\":\"ReadAction\",\"target\":[\"https:\\\/\\\/naturalpoland.com\\\/tr\\\/urunler\\\/gida-hammaddeleri\\\/gida-yaglari\\\/morina-karacigeri-yagi\\\/\"]}]},{\"@type\":\"ImageObject\",\"inLanguage\":\"tr\",\"@id\":\"https:\\\/\\\/naturalpoland.com\\\/tr\\\/urunler\\\/gida-hammaddeleri\\\/gida-yaglari\\\/morina-karacigeri-yagi\\\/#primaryimage\",\"url\":\"https:\\\/\\\/naturalpoland.com\\\/wp-content\\\/uploads\\\/olej-z-watroby-dorsza.jpg\",\"contentUrl\":\"https:\\\/\\\/naturalpoland.com\\\/wp-content\\\/uploads\\\/olej-z-watroby-dorsza.jpg\",\"width\":700,\"height\":700,\"caption\":\"morina karaci\u011feri ya\u011f\u0131\"},{\"@type\":\"BreadcrumbList\",\"@id\":\"https:\\\/\\\/naturalpoland.com\\\/tr\\\/urunler\\\/gida-hammaddeleri\\\/gida-yaglari\\\/morina-karacigeri-yagi\\\/#breadcrumb\",\"itemListElement\":[{\"@type\":\"ListItem\",\"position\":1,\"name\":\"Ana Sayfa\",\"item\":\"https:\\\/\\\/naturalpoland.com\\\/tr\\\/\"},{\"@type\":\"ListItem\",\"position\":2,\"name\":\"\u00dcr\u00fcnler\",\"item\":\"https:\\\/\\\/naturalpoland.com\\\/tr\\\/urunler\\\/\"},{\"@type\":\"ListItem\",\"position\":3,\"name\":\"Morina Karaci\u011feri Ya\u011f\u0131\"}]},{\"@type\":\"WebSite\",\"@id\":\"https:\\\/\\\/naturalpoland.com\\\/tr\\\/#website\",\"url\":\"https:\\\/\\\/naturalpoland.com\\\/tr\\\/\",\"name\":\"NATURAL POLAND - Hurtowy Dystrybutor Surowc\u00f3w\",\"description\":\"Surowce dla przemys\u0142u spo\u017cywczego, kosmetycznego i farmaceutycznego\",\"publisher\":{\"@id\":\"https:\\\/\\\/naturalpoland.com\\\/tr\\\/#organization\"},\"potentialAction\":[{\"@type\":\"SearchAction\",\"target\":{\"@type\":\"EntryPoint\",\"urlTemplate\":\"https:\\\/\\\/naturalpoland.com\\\/tr\\\/?s={search_term_string}\"},\"query-input\":{\"@type\":\"PropertyValueSpecification\",\"valueRequired\":true,\"valueName\":\"search_term_string\"}}],\"inLanguage\":\"tr\"},{\"@type\":\"Organization\",\"@id\":\"https:\\\/\\\/naturalpoland.com\\\/tr\\\/#organization\",\"name\":\"Natural Poland\",\"url\":\"https:\\\/\\\/naturalpoland.com\\\/tr\\\/\",\"logo\":{\"@type\":\"ImageObject\",\"inLanguage\":\"tr\",\"@id\":\"https:\\\/\\\/naturalpoland.com\\\/tr\\\/#\\\/schema\\\/logo\\\/image\\\/\",\"url\":\"https:\\\/\\\/naturalpoland.com\\\/wp-content\\\/uploads\\\/2021\\\/05\\\/natural-poland-icon.png\",\"contentUrl\":\"https:\\\/\\\/naturalpoland.com\\\/wp-content\\\/uploads\\\/2021\\\/05\\\/natural-poland-icon.png\",\"width\":512,\"height\":512,\"caption\":\"Natural Poland\"},\"image\":{\"@id\":\"https:\\\/\\\/naturalpoland.com\\\/tr\\\/#\\\/schema\\\/logo\\\/image\\\/\"},\"sameAs\":[\"https:\\\/\\\/www.facebook.com\\\/naturalpoland.b2b\",\"https:\\\/\\\/pl.linkedin.com\\\/company\\\/natural-poland\",\"https:\\\/\\\/www.youtube.com\\\/channel\\\/UCgeGGkvOMahZo-xu_MSEWxg\"]}]}<\/script>\n<!-- \/ Yoast SEO plugin. -->","yoast_head_json":{"title":"Morina Karaci\u011feri Ya\u011f\u0131 - Hurtowy Dystrybutor","description":"Morina karaci\u011feri ya\u011f\u0131, Norve\u00e7'in vah\u015fi morina t\u00fcr\u00fcnden (Gadus Morhua) \u00fcretilmektedir. Bu bal\u0131\u011f\u0131n en b\u00fcy\u00fck tedarik\u00e7ilerinden biri Norve\u00e7'tir.","robots":{"index":"index","follow":"follow","max-snippet":"max-snippet:-1","max-image-preview":"max-image-preview:large","max-video-preview":"max-video-preview:-1"},"canonical":"https:\/\/naturalpoland.com\/tr\/urunler\/gida-hammaddeleri\/gida-yaglari\/morina-karacigeri-yagi\/","og_locale":"tr_TR","og_type":"article","og_title":"Morina Karaci\u011feri Ya\u011f\u0131 - Hurtowy Dystrybutor","og_description":"Morina karaci\u011feri ya\u011f\u0131, Norve\u00e7'in vah\u015fi morina t\u00fcr\u00fcnden (Gadus Morhua) \u00fcretilmektedir. Bu bal\u0131\u011f\u0131n en b\u00fcy\u00fck tedarik\u00e7ilerinden biri Norve\u00e7'tir.","og_url":"https:\/\/naturalpoland.com\/tr\/urunler\/gida-hammaddeleri\/gida-yaglari\/morina-karacigeri-yagi\/","og_site_name":"NATURAL POLAND - Hurtowy Dystrybutor Surowc\u00f3w","article_publisher":"https:\/\/www.facebook.com\/naturalpoland.b2b","article_modified_time":"2026-03-03T13:24:52+00:00","og_image":[{"width":700,"height":700,"url":"https:\/\/naturalpoland.com\/wp-content\/uploads\/olej-z-watroby-dorsza.jpg","type":"image\/jpeg"}],"schema":{"@context":"https:\/\/schema.org","@graph":[{"@type":"WebPage","@id":"https:\/\/naturalpoland.com\/tr\/urunler\/gida-hammaddeleri\/gida-yaglari\/morina-karacigeri-yagi\/","url":"https:\/\/naturalpoland.com\/tr\/urunler\/gida-hammaddeleri\/gida-yaglari\/morina-karacigeri-yagi\/","name":"Morina Karaci\u011feri Ya\u011f\u0131 - Hurtowy Dystrybutor","isPartOf":{"@id":"https:\/\/naturalpoland.com\/tr\/#website"},"primaryImageOfPage":{"@id":"https:\/\/naturalpoland.com\/tr\/urunler\/gida-hammaddeleri\/gida-yaglari\/morina-karacigeri-yagi\/#primaryimage"},"image":{"@id":"https:\/\/naturalpoland.com\/tr\/urunler\/gida-hammaddeleri\/gida-yaglari\/morina-karacigeri-yagi\/#primaryimage"},"thumbnailUrl":"https:\/\/naturalpoland.com\/wp-content\/uploads\/olej-z-watroby-dorsza.jpg","datePublished":"2023-01-17T11:07:05+00:00","dateModified":"2026-03-03T13:24:52+00:00","description":"Morina karaci\u011feri ya\u011f\u0131, Norve\u00e7'in vah\u015fi morina t\u00fcr\u00fcnden (Gadus Morhua) \u00fcretilmektedir. Bu bal\u0131\u011f\u0131n en b\u00fcy\u00fck tedarik\u00e7ilerinden biri Norve\u00e7'tir.","breadcrumb":{"@id":"https:\/\/naturalpoland.com\/tr\/urunler\/gida-hammaddeleri\/gida-yaglari\/morina-karacigeri-yagi\/#breadcrumb"},"inLanguage":"tr","potentialAction":[{"@type":"ReadAction","target":["https:\/\/naturalpoland.com\/tr\/urunler\/gida-hammaddeleri\/gida-yaglari\/morina-karacigeri-yagi\/"]}]},{"@type":"ImageObject","inLanguage":"tr","@id":"https:\/\/naturalpoland.com\/tr\/urunler\/gida-hammaddeleri\/gida-yaglari\/morina-karacigeri-yagi\/#primaryimage","url":"https:\/\/naturalpoland.com\/wp-content\/uploads\/olej-z-watroby-dorsza.jpg","contentUrl":"https:\/\/naturalpoland.com\/wp-content\/uploads\/olej-z-watroby-dorsza.jpg","width":700,"height":700,"caption":"morina karaci\u011feri ya\u011f\u0131"},{"@type":"BreadcrumbList","@id":"https:\/\/naturalpoland.com\/tr\/urunler\/gida-hammaddeleri\/gida-yaglari\/morina-karacigeri-yagi\/#breadcrumb","itemListElement":[{"@type":"ListItem","position":1,"name":"Ana Sayfa","item":"https:\/\/naturalpoland.com\/tr\/"},{"@type":"ListItem","position":2,"name":"\u00dcr\u00fcnler","item":"https:\/\/naturalpoland.com\/tr\/urunler\/"},{"@type":"ListItem","position":3,"name":"Morina Karaci\u011feri Ya\u011f\u0131"}]},{"@type":"WebSite","@id":"https:\/\/naturalpoland.com\/tr\/#website","url":"https:\/\/naturalpoland.com\/tr\/","name":"NATURAL POLAND - Hurtowy Dystrybutor Surowc\u00f3w","description":"Surowce dla przemys\u0142u spo\u017cywczego, kosmetycznego i farmaceutycznego","publisher":{"@id":"https:\/\/naturalpoland.com\/tr\/#organization"},"potentialAction":[{"@type":"SearchAction","target":{"@type":"EntryPoint","urlTemplate":"https:\/\/naturalpoland.com\/tr\/?s={search_term_string}"},"query-input":{"@type":"PropertyValueSpecification","valueRequired":true,"valueName":"search_term_string"}}],"inLanguage":"tr"},{"@type":"Organization","@id":"https:\/\/naturalpoland.com\/tr\/#organization","name":"Natural Poland","url":"https:\/\/naturalpoland.com\/tr\/","logo":{"@type":"ImageObject","inLanguage":"tr","@id":"https:\/\/naturalpoland.com\/tr\/#\/schema\/logo\/image\/","url":"https:\/\/naturalpoland.com\/wp-content\/uploads\/2021\/05\/natural-poland-icon.png","contentUrl":"https:\/\/naturalpoland.com\/wp-content\/uploads\/2021\/05\/natural-poland-icon.png","width":512,"height":512,"caption":"Natural Poland"},"image":{"@id":"https:\/\/naturalpoland.com\/tr\/#\/schema\/logo\/image\/"},"sameAs":["https:\/\/www.facebook.com\/naturalpoland.b2b","https:\/\/pl.linkedin.com\/company\/natural-poland","https:\/\/www.youtube.com\/channel\/UCgeGGkvOMahZo-xu_MSEWxg"]}]}},"_links":{"self":[{"href":"https:\/\/naturalpoland.com\/tr\/wp-json\/wp\/v2\/product\/46425","targetHints":{"allow":["GET"]}}],"collection":[{"href":"https:\/\/naturalpoland.com\/tr\/wp-json\/wp\/v2\/product"}],"about":[{"href":"https:\/\/naturalpoland.com\/tr\/wp-json\/wp\/v2\/types\/product"}],"wp:featuredmedia":[{"embeddable":true,"href":"https:\/\/naturalpoland.com\/tr\/wp-json\/wp\/v2\/media\/46426"}],"wp:attachment":[{"href":"https:\/\/naturalpoland.com\/tr\/wp-json\/wp\/v2\/media?parent=46425"}],"wp:term":[{"taxonomy":"product_brand","embeddable":true,"href":"https:\/\/naturalpoland.com\/tr\/wp-json\/wp\/v2\/product_brand?post=46425"},{"taxonomy":"product_cat","embeddable":true,"href":"https:\/\/naturalpoland.com\/tr\/wp-json\/wp\/v2\/product_cat?post=46425"},{"taxonomy":"product_tag","embeddable":true,"href":"https:\/\/naturalpoland.com\/tr\/wp-json\/wp\/v2\/product_tag?post=46425"}],"curies":[{"name":"wp","href":"https:\/\/api.w.org\/{rel}","templated":true}]}}