{"id":46427,"date":"2023-04-21T13:54:11","date_gmt":"2023-04-21T11:54:11","guid":{"rendered":"https:\/\/naturalpoland.com\/produkty\/kategorilenmemis\/riviera-konjac-ekstresi-glukozilseramid-icerigi-5-standardize-edilmistir\/"},"modified":"2026-03-03T14:24:57","modified_gmt":"2026-03-03T13:24:57","slug":"riviera-konjac-ekstresi-glukozilseramid-icerigi-5-standardize-edilmistir","status":"publish","type":"product","link":"https:\/\/naturalpoland.com\/tr\/urunler\/farmasotik-hammaddeler\/takviye-edici-gida-bilesenleri\/riviera-konjac-ekstresi-glukozilseramid-icerigi-5-standardize-edilmistir\/","title":{"rendered":"Riviera Konjac Ekstresi, glukozilseramid i\u00e7eri\u011fi (%5) standardize edilmi\u015ftir"},"content":{"rendered":"<p>Konjac ekstresinin (<em>Konjac potato extract<\/em>) t\u0131bbi ve kozmetik \u00f6zellikleri, ba\u015fta glukomannan ve glukozilseramidlerin varl\u0131\u011f\u0131yla ili\u015fkilidir; \u00fcr\u00fcn\u00fcm\u00fcz bu maddelere standardize edilmi\u015ftir (<strong>minimum %5 i\u00e7erik<\/strong>). Fazla kilolar\u0131ndan kurtulmak isteyen veya obezitenin olumsuz sa\u011fl\u0131k etkileriyle m\u00fccadele eden ki\u015filer i\u00e7in tasarlanm\u0131\u015f diyet takviyelerinde kullan\u0131labilir. \u0130\u015ftah\u0131 bast\u0131r\u0131r, metabolizmay\u0131 iyile\u015ftirir, v\u00fccudu detoksifiye eder, kan kolesterol ve trigliserit seviyelerini d\u00fc\u015f\u00fcr\u00fcr ve normal glikoz seviyelerinin korunmas\u0131na yard\u0131mc\u0131 olur. Ayr\u0131ca, konjac ekstresi dola\u015f\u0131m ve solunum sistemlerini destekler ve kanser \u00f6nlenmesine yard\u0131mc\u0131 olur.   <\/p>\n","protected":false},"excerpt":{"rendered":"<p><strong>Riviera Konjac (<em>Amorphophallus konjac<\/em>)<\/strong> \u00c7in&#8217;den gelen egzotik bir bitki olup, g\u00fcn\u00fcm\u00fczde di\u011fer Asya \u00fclkelerinde de yayg\u0131nla\u015fm\u0131\u015ft\u0131r. B\u00fcy\u00fck \u00e7i\u00e7ekleri ve orijinal g\u00f6r\u00fcn\u00fcm\u00fc nedeniyle botanik bah\u00e7elerinde do\u011fal bir merak uyand\u0131r\u0131r ve s\u00fcs bitkisi olarak kullan\u0131labilir. Ancak, yumrular\u0131 ve bunlardan elde edilen ekstresi g\u0131da, ila\u00e7 ve kozmetik end\u00fcstrilerinde de uygulama alan\u0131 bulmaktad\u0131r.  <\/p>\n","protected":false},"featured_media":46428,"template":"","meta":{"_acf_changed":false},"product_brand":[],"product_cat":[9531,9540],"product_tag":[],"class_list":{"0":"post-46427","1":"product","2":"type-product","3":"status-publish","4":"has-post-thumbnail","6":"product_cat-bitkisel-ekstraktlar","7":"product_cat-takviye-edici-gida-bilesenleri","8":"pa_certyfikaty-helal","9":"pa_certyfikaty-koser-sertifikasi","11":"first","12":"instock","13":"shipping-taxable","14":"product-type-simple"},"acf":[],"yoast_head":"<!-- This site is optimized with the Yoast SEO plugin v27.4 - https:\/\/yoast.com\/product\/yoast-seo-wordpress\/ -->\n<title>Riviera Konjac Ekstresi - Natural Poland<\/title>\n<meta name=\"robots\" content=\"index, follow, max-snippet:-1, max-image-preview:large, max-video-preview:-1\" \/>\n<link rel=\"canonical\" href=\"https:\/\/naturalpoland.com\/tr\/urunler\/farmasotik-hammaddeler\/takviye-edici-gida-bilesenleri\/riviera-konjac-ekstresi-glukozilseramid-icerigi-5-standardize-edilmistir\/\" \/>\n<meta property=\"og:locale\" content=\"tr_TR\" \/>\n<meta property=\"og:type\" content=\"article\" \/>\n<meta property=\"og:title\" content=\"Riviera Konjac Ekstresi - Natural Poland\" \/>\n<meta property=\"og:description\" content=\"Riviera Konjac (Amorphophallus konjac) \u00c7in&#039;den gelen egzotik bir bitki olup, g\u00fcn\u00fcm\u00fczde di\u011fer Asya \u00fclkelerinde de yayg\u0131nla\u015fm\u0131\u015ft\u0131r. B\u00fcy\u00fck \u00e7i\u00e7ekleri ve orijinal g\u00f6r\u00fcn\u00fcm\u00fc nedeniyle botanik bah\u00e7elerinde do\u011fal bir merak uyand\u0131r\u0131r ve s\u00fcs bitkisi olarak kullan\u0131labilir. Ancak, yumrular\u0131 ve bunlardan elde edilen ekstresi g\u0131da, ila\u00e7 ve kozmetik end\u00fcstrilerinde de uygulama alan\u0131 bulmaktad\u0131r.\" \/>\n<meta property=\"og:url\" content=\"https:\/\/naturalpoland.com\/tr\/urunler\/farmasotik-hammaddeler\/takviye-edici-gida-bilesenleri\/riviera-konjac-ekstresi-glukozilseramid-icerigi-5-standardize-edilmistir\/\" \/>\n<meta property=\"og:site_name\" content=\"NATURAL POLAND - Hurtowy Dystrybutor Surowc\u00f3w\" \/>\n<meta property=\"article:publisher\" content=\"https:\/\/www.facebook.com\/naturalpoland.b2b\" \/>\n<meta property=\"article:modified_time\" content=\"2026-03-03T13:24:57+00:00\" \/>\n<meta property=\"og:image\" content=\"https:\/\/naturalpoland.com\/wp-content\/uploads\/ekstrakt-z-dziwidla-riviera.jpg\" \/>\n\t<meta property=\"og:image:width\" content=\"500\" \/>\n\t<meta property=\"og:image:height\" content=\"500\" \/>\n\t<meta property=\"og:image:type\" content=\"image\/jpeg\" \/>\n<script type=\"application\/ld+json\" class=\"yoast-schema-graph\">{\"@context\":\"https:\\\/\\\/schema.org\",\"@graph\":[{\"@type\":\"WebPage\",\"@id\":\"https:\\\/\\\/naturalpoland.com\\\/tr\\\/urunler\\\/farmasotik-hammaddeler\\\/takviye-edici-gida-bilesenleri\\\/riviera-konjac-ekstresi-glukozilseramid-icerigi-5-standardize-edilmistir\\\/\",\"url\":\"https:\\\/\\\/naturalpoland.com\\\/tr\\\/urunler\\\/farmasotik-hammaddeler\\\/takviye-edici-gida-bilesenleri\\\/riviera-konjac-ekstresi-glukozilseramid-icerigi-5-standardize-edilmistir\\\/\",\"name\":\"Riviera Konjac Ekstresi - Natural Poland\",\"isPartOf\":{\"@id\":\"https:\\\/\\\/naturalpoland.com\\\/tr\\\/#website\"},\"primaryImageOfPage\":{\"@id\":\"https:\\\/\\\/naturalpoland.com\\\/tr\\\/urunler\\\/farmasotik-hammaddeler\\\/takviye-edici-gida-bilesenleri\\\/riviera-konjac-ekstresi-glukozilseramid-icerigi-5-standardize-edilmistir\\\/#primaryimage\"},\"image\":{\"@id\":\"https:\\\/\\\/naturalpoland.com\\\/tr\\\/urunler\\\/farmasotik-hammaddeler\\\/takviye-edici-gida-bilesenleri\\\/riviera-konjac-ekstresi-glukozilseramid-icerigi-5-standardize-edilmistir\\\/#primaryimage\"},\"thumbnailUrl\":\"https:\\\/\\\/naturalpoland.com\\\/wp-content\\\/uploads\\\/ekstrakt-z-dziwidla-riviera.jpg\",\"datePublished\":\"2023-04-21T11:54:11+00:00\",\"dateModified\":\"2026-03-03T13:24:57+00:00\",\"breadcrumb\":{\"@id\":\"https:\\\/\\\/naturalpoland.com\\\/tr\\\/urunler\\\/farmasotik-hammaddeler\\\/takviye-edici-gida-bilesenleri\\\/riviera-konjac-ekstresi-glukozilseramid-icerigi-5-standardize-edilmistir\\\/#breadcrumb\"},\"inLanguage\":\"tr\",\"potentialAction\":[{\"@type\":\"ReadAction\",\"target\":[\"https:\\\/\\\/naturalpoland.com\\\/tr\\\/urunler\\\/farmasotik-hammaddeler\\\/takviye-edici-gida-bilesenleri\\\/riviera-konjac-ekstresi-glukozilseramid-icerigi-5-standardize-edilmistir\\\/\"]}]},{\"@type\":\"ImageObject\",\"inLanguage\":\"tr\",\"@id\":\"https:\\\/\\\/naturalpoland.com\\\/tr\\\/urunler\\\/farmasotik-hammaddeler\\\/takviye-edici-gida-bilesenleri\\\/riviera-konjac-ekstresi-glukozilseramid-icerigi-5-standardize-edilmistir\\\/#primaryimage\",\"url\":\"https:\\\/\\\/naturalpoland.com\\\/wp-content\\\/uploads\\\/ekstrakt-z-dziwidla-riviera.jpg\",\"contentUrl\":\"https:\\\/\\\/naturalpoland.com\\\/wp-content\\\/uploads\\\/ekstrakt-z-dziwidla-riviera.jpg\",\"width\":500,\"height\":500,\"caption\":\"Riviera Konjac Ekstresi\"},{\"@type\":\"BreadcrumbList\",\"@id\":\"https:\\\/\\\/naturalpoland.com\\\/tr\\\/urunler\\\/farmasotik-hammaddeler\\\/takviye-edici-gida-bilesenleri\\\/riviera-konjac-ekstresi-glukozilseramid-icerigi-5-standardize-edilmistir\\\/#breadcrumb\",\"itemListElement\":[{\"@type\":\"ListItem\",\"position\":1,\"name\":\"Ana Sayfa\",\"item\":\"https:\\\/\\\/naturalpoland.com\\\/tr\\\/\"},{\"@type\":\"ListItem\",\"position\":2,\"name\":\"\u00dcr\u00fcnler\",\"item\":\"https:\\\/\\\/naturalpoland.com\\\/tr\\\/urunler\\\/\"},{\"@type\":\"ListItem\",\"position\":3,\"name\":\"Riviera Konjac Ekstresi, glukozilseramid i\u00e7eri\u011fi (%5) standardize edilmi\u015ftir\"}]},{\"@type\":\"WebSite\",\"@id\":\"https:\\\/\\\/naturalpoland.com\\\/tr\\\/#website\",\"url\":\"https:\\\/\\\/naturalpoland.com\\\/tr\\\/\",\"name\":\"NATURAL POLAND - Hurtowy Dystrybutor Surowc\u00f3w\",\"description\":\"Surowce dla przemys\u0142u spo\u017cywczego, kosmetycznego i farmaceutycznego\",\"publisher\":{\"@id\":\"https:\\\/\\\/naturalpoland.com\\\/tr\\\/#organization\"},\"potentialAction\":[{\"@type\":\"SearchAction\",\"target\":{\"@type\":\"EntryPoint\",\"urlTemplate\":\"https:\\\/\\\/naturalpoland.com\\\/tr\\\/?s={search_term_string}\"},\"query-input\":{\"@type\":\"PropertyValueSpecification\",\"valueRequired\":true,\"valueName\":\"search_term_string\"}}],\"inLanguage\":\"tr\"},{\"@type\":\"Organization\",\"@id\":\"https:\\\/\\\/naturalpoland.com\\\/tr\\\/#organization\",\"name\":\"Natural Poland\",\"url\":\"https:\\\/\\\/naturalpoland.com\\\/tr\\\/\",\"logo\":{\"@type\":\"ImageObject\",\"inLanguage\":\"tr\",\"@id\":\"https:\\\/\\\/naturalpoland.com\\\/tr\\\/#\\\/schema\\\/logo\\\/image\\\/\",\"url\":\"https:\\\/\\\/naturalpoland.com\\\/wp-content\\\/uploads\\\/2021\\\/05\\\/natural-poland-icon.png\",\"contentUrl\":\"https:\\\/\\\/naturalpoland.com\\\/wp-content\\\/uploads\\\/2021\\\/05\\\/natural-poland-icon.png\",\"width\":512,\"height\":512,\"caption\":\"Natural Poland\"},\"image\":{\"@id\":\"https:\\\/\\\/naturalpoland.com\\\/tr\\\/#\\\/schema\\\/logo\\\/image\\\/\"},\"sameAs\":[\"https:\\\/\\\/www.facebook.com\\\/naturalpoland.b2b\",\"https:\\\/\\\/pl.linkedin.com\\\/company\\\/natural-poland\",\"https:\\\/\\\/www.youtube.com\\\/channel\\\/UCgeGGkvOMahZo-xu_MSEWxg\"]}]}<\/script>\n<!-- \/ Yoast SEO plugin. -->","yoast_head_json":{"title":"Riviera Konjac Ekstresi - Natural Poland","robots":{"index":"index","follow":"follow","max-snippet":"max-snippet:-1","max-image-preview":"max-image-preview:large","max-video-preview":"max-video-preview:-1"},"canonical":"https:\/\/naturalpoland.com\/tr\/urunler\/farmasotik-hammaddeler\/takviye-edici-gida-bilesenleri\/riviera-konjac-ekstresi-glukozilseramid-icerigi-5-standardize-edilmistir\/","og_locale":"tr_TR","og_type":"article","og_title":"Riviera Konjac Ekstresi - Natural Poland","og_description":"Riviera Konjac (Amorphophallus konjac) \u00c7in'den gelen egzotik bir bitki olup, g\u00fcn\u00fcm\u00fczde di\u011fer Asya \u00fclkelerinde de yayg\u0131nla\u015fm\u0131\u015ft\u0131r. B\u00fcy\u00fck \u00e7i\u00e7ekleri ve orijinal g\u00f6r\u00fcn\u00fcm\u00fc nedeniyle botanik bah\u00e7elerinde do\u011fal bir merak uyand\u0131r\u0131r ve s\u00fcs bitkisi olarak kullan\u0131labilir. Ancak, yumrular\u0131 ve bunlardan elde edilen ekstresi g\u0131da, ila\u00e7 ve kozmetik end\u00fcstrilerinde de uygulama alan\u0131 bulmaktad\u0131r.","og_url":"https:\/\/naturalpoland.com\/tr\/urunler\/farmasotik-hammaddeler\/takviye-edici-gida-bilesenleri\/riviera-konjac-ekstresi-glukozilseramid-icerigi-5-standardize-edilmistir\/","og_site_name":"NATURAL POLAND - Hurtowy Dystrybutor Surowc\u00f3w","article_publisher":"https:\/\/www.facebook.com\/naturalpoland.b2b","article_modified_time":"2026-03-03T13:24:57+00:00","og_image":[{"width":500,"height":500,"url":"https:\/\/naturalpoland.com\/wp-content\/uploads\/ekstrakt-z-dziwidla-riviera.jpg","type":"image\/jpeg"}],"schema":{"@context":"https:\/\/schema.org","@graph":[{"@type":"WebPage","@id":"https:\/\/naturalpoland.com\/tr\/urunler\/farmasotik-hammaddeler\/takviye-edici-gida-bilesenleri\/riviera-konjac-ekstresi-glukozilseramid-icerigi-5-standardize-edilmistir\/","url":"https:\/\/naturalpoland.com\/tr\/urunler\/farmasotik-hammaddeler\/takviye-edici-gida-bilesenleri\/riviera-konjac-ekstresi-glukozilseramid-icerigi-5-standardize-edilmistir\/","name":"Riviera Konjac Ekstresi - Natural Poland","isPartOf":{"@id":"https:\/\/naturalpoland.com\/tr\/#website"},"primaryImageOfPage":{"@id":"https:\/\/naturalpoland.com\/tr\/urunler\/farmasotik-hammaddeler\/takviye-edici-gida-bilesenleri\/riviera-konjac-ekstresi-glukozilseramid-icerigi-5-standardize-edilmistir\/#primaryimage"},"image":{"@id":"https:\/\/naturalpoland.com\/tr\/urunler\/farmasotik-hammaddeler\/takviye-edici-gida-bilesenleri\/riviera-konjac-ekstresi-glukozilseramid-icerigi-5-standardize-edilmistir\/#primaryimage"},"thumbnailUrl":"https:\/\/naturalpoland.com\/wp-content\/uploads\/ekstrakt-z-dziwidla-riviera.jpg","datePublished":"2023-04-21T11:54:11+00:00","dateModified":"2026-03-03T13:24:57+00:00","breadcrumb":{"@id":"https:\/\/naturalpoland.com\/tr\/urunler\/farmasotik-hammaddeler\/takviye-edici-gida-bilesenleri\/riviera-konjac-ekstresi-glukozilseramid-icerigi-5-standardize-edilmistir\/#breadcrumb"},"inLanguage":"tr","potentialAction":[{"@type":"ReadAction","target":["https:\/\/naturalpoland.com\/tr\/urunler\/farmasotik-hammaddeler\/takviye-edici-gida-bilesenleri\/riviera-konjac-ekstresi-glukozilseramid-icerigi-5-standardize-edilmistir\/"]}]},{"@type":"ImageObject","inLanguage":"tr","@id":"https:\/\/naturalpoland.com\/tr\/urunler\/farmasotik-hammaddeler\/takviye-edici-gida-bilesenleri\/riviera-konjac-ekstresi-glukozilseramid-icerigi-5-standardize-edilmistir\/#primaryimage","url":"https:\/\/naturalpoland.com\/wp-content\/uploads\/ekstrakt-z-dziwidla-riviera.jpg","contentUrl":"https:\/\/naturalpoland.com\/wp-content\/uploads\/ekstrakt-z-dziwidla-riviera.jpg","width":500,"height":500,"caption":"Riviera Konjac Ekstresi"},{"@type":"BreadcrumbList","@id":"https:\/\/naturalpoland.com\/tr\/urunler\/farmasotik-hammaddeler\/takviye-edici-gida-bilesenleri\/riviera-konjac-ekstresi-glukozilseramid-icerigi-5-standardize-edilmistir\/#breadcrumb","itemListElement":[{"@type":"ListItem","position":1,"name":"Ana Sayfa","item":"https:\/\/naturalpoland.com\/tr\/"},{"@type":"ListItem","position":2,"name":"\u00dcr\u00fcnler","item":"https:\/\/naturalpoland.com\/tr\/urunler\/"},{"@type":"ListItem","position":3,"name":"Riviera Konjac Ekstresi, glukozilseramid i\u00e7eri\u011fi (%5) standardize edilmi\u015ftir"}]},{"@type":"WebSite","@id":"https:\/\/naturalpoland.com\/tr\/#website","url":"https:\/\/naturalpoland.com\/tr\/","name":"NATURAL POLAND - Hurtowy Dystrybutor Surowc\u00f3w","description":"Surowce dla przemys\u0142u spo\u017cywczego, kosmetycznego i farmaceutycznego","publisher":{"@id":"https:\/\/naturalpoland.com\/tr\/#organization"},"potentialAction":[{"@type":"SearchAction","target":{"@type":"EntryPoint","urlTemplate":"https:\/\/naturalpoland.com\/tr\/?s={search_term_string}"},"query-input":{"@type":"PropertyValueSpecification","valueRequired":true,"valueName":"search_term_string"}}],"inLanguage":"tr"},{"@type":"Organization","@id":"https:\/\/naturalpoland.com\/tr\/#organization","name":"Natural Poland","url":"https:\/\/naturalpoland.com\/tr\/","logo":{"@type":"ImageObject","inLanguage":"tr","@id":"https:\/\/naturalpoland.com\/tr\/#\/schema\/logo\/image\/","url":"https:\/\/naturalpoland.com\/wp-content\/uploads\/2021\/05\/natural-poland-icon.png","contentUrl":"https:\/\/naturalpoland.com\/wp-content\/uploads\/2021\/05\/natural-poland-icon.png","width":512,"height":512,"caption":"Natural Poland"},"image":{"@id":"https:\/\/naturalpoland.com\/tr\/#\/schema\/logo\/image\/"},"sameAs":["https:\/\/www.facebook.com\/naturalpoland.b2b","https:\/\/pl.linkedin.com\/company\/natural-poland","https:\/\/www.youtube.com\/channel\/UCgeGGkvOMahZo-xu_MSEWxg"]}]}},"_links":{"self":[{"href":"https:\/\/naturalpoland.com\/tr\/wp-json\/wp\/v2\/product\/46427","targetHints":{"allow":["GET"]}}],"collection":[{"href":"https:\/\/naturalpoland.com\/tr\/wp-json\/wp\/v2\/product"}],"about":[{"href":"https:\/\/naturalpoland.com\/tr\/wp-json\/wp\/v2\/types\/product"}],"wp:featuredmedia":[{"embeddable":true,"href":"https:\/\/naturalpoland.com\/tr\/wp-json\/wp\/v2\/media\/46428"}],"wp:attachment":[{"href":"https:\/\/naturalpoland.com\/tr\/wp-json\/wp\/v2\/media?parent=46427"}],"wp:term":[{"taxonomy":"product_brand","embeddable":true,"href":"https:\/\/naturalpoland.com\/tr\/wp-json\/wp\/v2\/product_brand?post=46427"},{"taxonomy":"product_cat","embeddable":true,"href":"https:\/\/naturalpoland.com\/tr\/wp-json\/wp\/v2\/product_cat?post=46427"},{"taxonomy":"product_tag","embeddable":true,"href":"https:\/\/naturalpoland.com\/tr\/wp-json\/wp\/v2\/product_tag?post=46427"}],"curies":[{"name":"wp","href":"https:\/\/api.w.org\/{rel}","templated":true}]}}