{"id":46431,"date":"2021-05-11T13:42:10","date_gmt":"2021-05-11T11:42:10","guid":{"rendered":"https:\/\/naturalpoland.com\/produkty\/kategorilenmemis\/kreatin-etil-ester-hcl\/"},"modified":"2026-03-03T14:56:33","modified_gmt":"2026-03-03T13:56:33","slug":"kreatin-etil-ester-hcl","status":"publish","type":"product","link":"https:\/\/naturalpoland.com\/tr\/urunler\/farmasotik-hammaddeler\/amino-asitler\/kreatin-etil-ester-hcl\/","title":{"rendered":"Kreatin Etil Ester, HCL"},"content":{"rendered":"<p>Kreatin etil esterin g\u00f6revi, enerji s\u00fcre\u00e7lerini desteklemektir. Kas k\u00fctlesi art\u0131\u015f\u0131n\u0131 \u00f6nemli \u00f6l\u00e7\u00fcde etkileyen kreatin fosfat\u0131n yeniden sentezini etkileyebilir. Bu bile\u015fik, sporcular i\u00e7in \u00f6nemli bir besin takviyesidir. Kas yenilenmesini h\u0131zland\u0131rmak ve performanslar\u0131n\u0131 art\u0131rmak i\u00e7in kullan\u0131l\u0131r. Bu sayede daha uzun, daha g\u00fc\u00e7l\u00fc ve daha verimli antrenman yap\u0131labilir. Sonu\u00e7 olarak, daha h\u0131zl\u0131 kas k\u00fctlesi art\u0131\u015f\u0131 ve belirgin bir kas tan\u0131m\u0131 elde edilir.     <\/p>\n","protected":false},"excerpt":{"rendered":"<p>Kreatin etil ester (HCL), esterifikasyona tabi tutulmu\u015f \u00f6zel bir kreatin formudur. Bu i\u015flem sayesinde, inaktif kreatinin formuna d\u00f6n\u00fc\u015fmesi engellenmi\u015f ve etkinli\u011fi art\u0131r\u0131lm\u0131\u015ft\u0131r. <\/p>\n","protected":false},"featured_media":46432,"template":"","meta":{"_acf_changed":false},"product_brand":[],"product_cat":[9539,9540],"product_tag":[],"class_list":{"0":"post-46431","1":"product","2":"type-product","3":"status-publish","4":"has-post-thumbnail","6":"product_cat-amino-asitler","7":"product_cat-takviye-edici-gida-bilesenleri","9":"first","10":"instock","11":"shipping-taxable","12":"product-type-simple"},"acf":[],"yoast_head":"<!-- This site is optimized with the Yoast SEO plugin v27.4 - https:\/\/yoast.com\/product\/yoast-seo-wordpress\/ -->\n<title>Kreatin Etil Ester, HCL - Hurtowy Dystrybutor<\/title>\n<meta name=\"robots\" content=\"index, follow, max-snippet:-1, max-image-preview:large, max-video-preview:-1\" \/>\n<link rel=\"canonical\" href=\"https:\/\/naturalpoland.com\/tr\/urunler\/farmasotik-hammaddeler\/amino-asitler\/kreatin-etil-ester-hcl\/\" \/>\n<meta property=\"og:locale\" content=\"tr_TR\" \/>\n<meta property=\"og:type\" content=\"article\" \/>\n<meta property=\"og:title\" content=\"Kreatin Etil Ester, HCL - Hurtowy Dystrybutor\" \/>\n<meta property=\"og:description\" content=\"Kreatin etil ester (HCL), esterifikasyona tabi tutulmu\u015f \u00f6zel bir kreatin formudur. Bu i\u015flem sayesinde, inaktif kreatinin formuna d\u00f6n\u00fc\u015fmesi engellenmi\u015f ve etkinli\u011fi art\u0131r\u0131lm\u0131\u015ft\u0131r.\" \/>\n<meta property=\"og:url\" content=\"https:\/\/naturalpoland.com\/tr\/urunler\/farmasotik-hammaddeler\/amino-asitler\/kreatin-etil-ester-hcl\/\" \/>\n<meta property=\"og:site_name\" content=\"NATURAL POLAND - Hurtowy Dystrybutor Surowc\u00f3w\" \/>\n<meta property=\"article:publisher\" content=\"https:\/\/www.facebook.com\/naturalpoland.b2b\" \/>\n<meta property=\"article:modified_time\" content=\"2026-03-03T13:56:33+00:00\" \/>\n<meta property=\"og:image\" content=\"https:\/\/naturalpoland.com\/wp-content\/uploads\/2021\/05\/creatine-ethyl-ester-hcl.jpg\" \/>\n\t<meta property=\"og:image:width\" content=\"767\" \/>\n\t<meta property=\"og:image:height\" content=\"256\" \/>\n\t<meta property=\"og:image:type\" content=\"image\/jpeg\" \/>\n<script type=\"application\/ld+json\" class=\"yoast-schema-graph\">{\"@context\":\"https:\\\/\\\/schema.org\",\"@graph\":[{\"@type\":\"WebPage\",\"@id\":\"https:\\\/\\\/naturalpoland.com\\\/tr\\\/urunler\\\/farmasotik-hammaddeler\\\/amino-asitler\\\/kreatin-etil-ester-hcl\\\/\",\"url\":\"https:\\\/\\\/naturalpoland.com\\\/tr\\\/urunler\\\/farmasotik-hammaddeler\\\/amino-asitler\\\/kreatin-etil-ester-hcl\\\/\",\"name\":\"Kreatin Etil Ester, HCL - Hurtowy Dystrybutor\",\"isPartOf\":{\"@id\":\"https:\\\/\\\/naturalpoland.com\\\/tr\\\/#website\"},\"primaryImageOfPage\":{\"@id\":\"https:\\\/\\\/naturalpoland.com\\\/tr\\\/urunler\\\/farmasotik-hammaddeler\\\/amino-asitler\\\/kreatin-etil-ester-hcl\\\/#primaryimage\"},\"image\":{\"@id\":\"https:\\\/\\\/naturalpoland.com\\\/tr\\\/urunler\\\/farmasotik-hammaddeler\\\/amino-asitler\\\/kreatin-etil-ester-hcl\\\/#primaryimage\"},\"thumbnailUrl\":\"https:\\\/\\\/naturalpoland.com\\\/wp-content\\\/uploads\\\/2021\\\/05\\\/creatine-ethyl-ester-hcl.jpg\",\"datePublished\":\"2021-05-11T11:42:10+00:00\",\"dateModified\":\"2026-03-03T13:56:33+00:00\",\"breadcrumb\":{\"@id\":\"https:\\\/\\\/naturalpoland.com\\\/tr\\\/urunler\\\/farmasotik-hammaddeler\\\/amino-asitler\\\/kreatin-etil-ester-hcl\\\/#breadcrumb\"},\"inLanguage\":\"tr\",\"potentialAction\":[{\"@type\":\"ReadAction\",\"target\":[\"https:\\\/\\\/naturalpoland.com\\\/tr\\\/urunler\\\/farmasotik-hammaddeler\\\/amino-asitler\\\/kreatin-etil-ester-hcl\\\/\"]}]},{\"@type\":\"ImageObject\",\"inLanguage\":\"tr\",\"@id\":\"https:\\\/\\\/naturalpoland.com\\\/tr\\\/urunler\\\/farmasotik-hammaddeler\\\/amino-asitler\\\/kreatin-etil-ester-hcl\\\/#primaryimage\",\"url\":\"https:\\\/\\\/naturalpoland.com\\\/wp-content\\\/uploads\\\/2021\\\/05\\\/creatine-ethyl-ester-hcl.jpg\",\"contentUrl\":\"https:\\\/\\\/naturalpoland.com\\\/wp-content\\\/uploads\\\/2021\\\/05\\\/creatine-ethyl-ester-hcl.jpg\",\"width\":767,\"height\":256,\"caption\":\"Kreatin Etil Ester, HCL\"},{\"@type\":\"BreadcrumbList\",\"@id\":\"https:\\\/\\\/naturalpoland.com\\\/tr\\\/urunler\\\/farmasotik-hammaddeler\\\/amino-asitler\\\/kreatin-etil-ester-hcl\\\/#breadcrumb\",\"itemListElement\":[{\"@type\":\"ListItem\",\"position\":1,\"name\":\"Ana Sayfa\",\"item\":\"https:\\\/\\\/naturalpoland.com\\\/tr\\\/\"},{\"@type\":\"ListItem\",\"position\":2,\"name\":\"\u00dcr\u00fcnler\",\"item\":\"https:\\\/\\\/naturalpoland.com\\\/tr\\\/urunler\\\/\"},{\"@type\":\"ListItem\",\"position\":3,\"name\":\"Kreatin Etil Ester, HCL\"}]},{\"@type\":\"WebSite\",\"@id\":\"https:\\\/\\\/naturalpoland.com\\\/tr\\\/#website\",\"url\":\"https:\\\/\\\/naturalpoland.com\\\/tr\\\/\",\"name\":\"NATURAL POLAND - Hurtowy Dystrybutor Surowc\u00f3w\",\"description\":\"Surowce dla przemys\u0142u spo\u017cywczego, kosmetycznego i farmaceutycznego\",\"publisher\":{\"@id\":\"https:\\\/\\\/naturalpoland.com\\\/tr\\\/#organization\"},\"potentialAction\":[{\"@type\":\"SearchAction\",\"target\":{\"@type\":\"EntryPoint\",\"urlTemplate\":\"https:\\\/\\\/naturalpoland.com\\\/tr\\\/?s={search_term_string}\"},\"query-input\":{\"@type\":\"PropertyValueSpecification\",\"valueRequired\":true,\"valueName\":\"search_term_string\"}}],\"inLanguage\":\"tr\"},{\"@type\":\"Organization\",\"@id\":\"https:\\\/\\\/naturalpoland.com\\\/tr\\\/#organization\",\"name\":\"Natural Poland\",\"url\":\"https:\\\/\\\/naturalpoland.com\\\/tr\\\/\",\"logo\":{\"@type\":\"ImageObject\",\"inLanguage\":\"tr\",\"@id\":\"https:\\\/\\\/naturalpoland.com\\\/tr\\\/#\\\/schema\\\/logo\\\/image\\\/\",\"url\":\"https:\\\/\\\/naturalpoland.com\\\/wp-content\\\/uploads\\\/2021\\\/05\\\/natural-poland-icon.png\",\"contentUrl\":\"https:\\\/\\\/naturalpoland.com\\\/wp-content\\\/uploads\\\/2021\\\/05\\\/natural-poland-icon.png\",\"width\":512,\"height\":512,\"caption\":\"Natural Poland\"},\"image\":{\"@id\":\"https:\\\/\\\/naturalpoland.com\\\/tr\\\/#\\\/schema\\\/logo\\\/image\\\/\"},\"sameAs\":[\"https:\\\/\\\/www.facebook.com\\\/naturalpoland.b2b\",\"https:\\\/\\\/pl.linkedin.com\\\/company\\\/natural-poland\",\"https:\\\/\\\/www.youtube.com\\\/channel\\\/UCgeGGkvOMahZo-xu_MSEWxg\"]}]}<\/script>\n<!-- \/ Yoast SEO plugin. -->","yoast_head_json":{"title":"Kreatin Etil Ester, HCL - Hurtowy Dystrybutor","robots":{"index":"index","follow":"follow","max-snippet":"max-snippet:-1","max-image-preview":"max-image-preview:large","max-video-preview":"max-video-preview:-1"},"canonical":"https:\/\/naturalpoland.com\/tr\/urunler\/farmasotik-hammaddeler\/amino-asitler\/kreatin-etil-ester-hcl\/","og_locale":"tr_TR","og_type":"article","og_title":"Kreatin Etil Ester, HCL - Hurtowy Dystrybutor","og_description":"Kreatin etil ester (HCL), esterifikasyona tabi tutulmu\u015f \u00f6zel bir kreatin formudur. Bu i\u015flem sayesinde, inaktif kreatinin formuna d\u00f6n\u00fc\u015fmesi engellenmi\u015f ve etkinli\u011fi art\u0131r\u0131lm\u0131\u015ft\u0131r.","og_url":"https:\/\/naturalpoland.com\/tr\/urunler\/farmasotik-hammaddeler\/amino-asitler\/kreatin-etil-ester-hcl\/","og_site_name":"NATURAL POLAND - Hurtowy Dystrybutor Surowc\u00f3w","article_publisher":"https:\/\/www.facebook.com\/naturalpoland.b2b","article_modified_time":"2026-03-03T13:56:33+00:00","og_image":[{"width":767,"height":256,"url":"https:\/\/naturalpoland.com\/wp-content\/uploads\/2021\/05\/creatine-ethyl-ester-hcl.jpg","type":"image\/jpeg"}],"schema":{"@context":"https:\/\/schema.org","@graph":[{"@type":"WebPage","@id":"https:\/\/naturalpoland.com\/tr\/urunler\/farmasotik-hammaddeler\/amino-asitler\/kreatin-etil-ester-hcl\/","url":"https:\/\/naturalpoland.com\/tr\/urunler\/farmasotik-hammaddeler\/amino-asitler\/kreatin-etil-ester-hcl\/","name":"Kreatin Etil Ester, HCL - Hurtowy Dystrybutor","isPartOf":{"@id":"https:\/\/naturalpoland.com\/tr\/#website"},"primaryImageOfPage":{"@id":"https:\/\/naturalpoland.com\/tr\/urunler\/farmasotik-hammaddeler\/amino-asitler\/kreatin-etil-ester-hcl\/#primaryimage"},"image":{"@id":"https:\/\/naturalpoland.com\/tr\/urunler\/farmasotik-hammaddeler\/amino-asitler\/kreatin-etil-ester-hcl\/#primaryimage"},"thumbnailUrl":"https:\/\/naturalpoland.com\/wp-content\/uploads\/2021\/05\/creatine-ethyl-ester-hcl.jpg","datePublished":"2021-05-11T11:42:10+00:00","dateModified":"2026-03-03T13:56:33+00:00","breadcrumb":{"@id":"https:\/\/naturalpoland.com\/tr\/urunler\/farmasotik-hammaddeler\/amino-asitler\/kreatin-etil-ester-hcl\/#breadcrumb"},"inLanguage":"tr","potentialAction":[{"@type":"ReadAction","target":["https:\/\/naturalpoland.com\/tr\/urunler\/farmasotik-hammaddeler\/amino-asitler\/kreatin-etil-ester-hcl\/"]}]},{"@type":"ImageObject","inLanguage":"tr","@id":"https:\/\/naturalpoland.com\/tr\/urunler\/farmasotik-hammaddeler\/amino-asitler\/kreatin-etil-ester-hcl\/#primaryimage","url":"https:\/\/naturalpoland.com\/wp-content\/uploads\/2021\/05\/creatine-ethyl-ester-hcl.jpg","contentUrl":"https:\/\/naturalpoland.com\/wp-content\/uploads\/2021\/05\/creatine-ethyl-ester-hcl.jpg","width":767,"height":256,"caption":"Kreatin Etil Ester, HCL"},{"@type":"BreadcrumbList","@id":"https:\/\/naturalpoland.com\/tr\/urunler\/farmasotik-hammaddeler\/amino-asitler\/kreatin-etil-ester-hcl\/#breadcrumb","itemListElement":[{"@type":"ListItem","position":1,"name":"Ana Sayfa","item":"https:\/\/naturalpoland.com\/tr\/"},{"@type":"ListItem","position":2,"name":"\u00dcr\u00fcnler","item":"https:\/\/naturalpoland.com\/tr\/urunler\/"},{"@type":"ListItem","position":3,"name":"Kreatin Etil Ester, HCL"}]},{"@type":"WebSite","@id":"https:\/\/naturalpoland.com\/tr\/#website","url":"https:\/\/naturalpoland.com\/tr\/","name":"NATURAL POLAND - Hurtowy Dystrybutor Surowc\u00f3w","description":"Surowce dla przemys\u0142u spo\u017cywczego, kosmetycznego i farmaceutycznego","publisher":{"@id":"https:\/\/naturalpoland.com\/tr\/#organization"},"potentialAction":[{"@type":"SearchAction","target":{"@type":"EntryPoint","urlTemplate":"https:\/\/naturalpoland.com\/tr\/?s={search_term_string}"},"query-input":{"@type":"PropertyValueSpecification","valueRequired":true,"valueName":"search_term_string"}}],"inLanguage":"tr"},{"@type":"Organization","@id":"https:\/\/naturalpoland.com\/tr\/#organization","name":"Natural Poland","url":"https:\/\/naturalpoland.com\/tr\/","logo":{"@type":"ImageObject","inLanguage":"tr","@id":"https:\/\/naturalpoland.com\/tr\/#\/schema\/logo\/image\/","url":"https:\/\/naturalpoland.com\/wp-content\/uploads\/2021\/05\/natural-poland-icon.png","contentUrl":"https:\/\/naturalpoland.com\/wp-content\/uploads\/2021\/05\/natural-poland-icon.png","width":512,"height":512,"caption":"Natural Poland"},"image":{"@id":"https:\/\/naturalpoland.com\/tr\/#\/schema\/logo\/image\/"},"sameAs":["https:\/\/www.facebook.com\/naturalpoland.b2b","https:\/\/pl.linkedin.com\/company\/natural-poland","https:\/\/www.youtube.com\/channel\/UCgeGGkvOMahZo-xu_MSEWxg"]}]}},"_links":{"self":[{"href":"https:\/\/naturalpoland.com\/tr\/wp-json\/wp\/v2\/product\/46431","targetHints":{"allow":["GET"]}}],"collection":[{"href":"https:\/\/naturalpoland.com\/tr\/wp-json\/wp\/v2\/product"}],"about":[{"href":"https:\/\/naturalpoland.com\/tr\/wp-json\/wp\/v2\/types\/product"}],"wp:featuredmedia":[{"embeddable":true,"href":"https:\/\/naturalpoland.com\/tr\/wp-json\/wp\/v2\/media\/46432"}],"wp:attachment":[{"href":"https:\/\/naturalpoland.com\/tr\/wp-json\/wp\/v2\/media?parent=46431"}],"wp:term":[{"taxonomy":"product_brand","embeddable":true,"href":"https:\/\/naturalpoland.com\/tr\/wp-json\/wp\/v2\/product_brand?post=46431"},{"taxonomy":"product_cat","embeddable":true,"href":"https:\/\/naturalpoland.com\/tr\/wp-json\/wp\/v2\/product_cat?post=46431"},{"taxonomy":"product_tag","embeddable":true,"href":"https:\/\/naturalpoland.com\/tr\/wp-json\/wp\/v2\/product_tag?post=46431"}],"curies":[{"name":"wp","href":"https:\/\/api.w.org\/{rel}","templated":true}]}}