{"id":46433,"date":"2021-05-11T13:40:11","date_gmt":"2021-05-11T11:40:11","guid":{"rendered":"https:\/\/naturalpoland.com\/produkty\/kategorilenmemis\/banaba-yapragi-ekstresi\/"},"modified":"2026-03-03T14:56:37","modified_gmt":"2026-03-03T13:56:37","slug":"banaba-yapragi-ekstresi","status":"publish","type":"product","link":"https:\/\/naturalpoland.com\/tr\/urunler\/farmasotik-hammaddeler\/takviye-edici-gida-bilesenleri\/banaba-yapragi-ekstresi\/","title":{"rendered":"Banaba yapra\u011f\u0131 ekstresi"},"content":{"rendered":"<h2>Banaba yapra\u011f\u0131 ekstresinin \u00f6zellikleri ve etkileri<\/h2>\n<p>Banaba yapra\u011f\u0131 ekstresinin ana biyoaktif bile\u015fi\u011fi, pentasiklik triterpenlere ait olan <strong>korozolik asittir<\/strong>. Bu bile\u015fik, glikoz metabolizmas\u0131 ve h\u00fccrelere ta\u015f\u0131nmas\u0131yla ilgili mekanizmalar \u00fczerindeki etkisi nedeniyle \u00e7ok say\u0131da ara\u015ft\u0131rman\u0131n konusudur. <\/p>\n<p>Banaba ekstresi, v\u00fccudun glikozu do\u011fru \u015fekilde kullanmas\u0131n\u0131 destekler; bu da metabolik dengeyi \u00f6nemseyen ki\u015filer i\u00e7in tasarlanm\u0131\u015f diyet takviyelerinde pop\u00fclerli\u011fini a\u00e7\u0131klar. Bu etki, fizyolojik karbonhidrat metabolizmas\u0131 d\u00fczenleme s\u00fcre\u00e7lerini destekleyen bir bile\u015fik olarak tan\u0131mlanan korozolik asidin aktivitesiyle ili\u015fkilidir. <\/p>\n<p>Bu sayede banaba yapra\u011f\u0131 ekstresi genellikle \u015fu form\u00fclasyonlarda kullan\u0131l\u0131r:<\/p>\n<ul>\n<li><strong>Glikoz seviyesi kontrol\u00fcn\u00fc<\/strong> destekleyen,<\/li>\n<li><strong>Glikemik dalgalanma e\u011filimi olan ki\u015filere<\/strong> \u00f6zel,<\/li>\n<li><strong>V\u00fccut a\u011f\u0131rl\u0131\u011f\u0131n\u0131 \u00f6nemseyen<\/strong> t\u00fcketicilere y\u00f6nelik.<\/li>\n<\/ul>\n<p>Dolayl\u0131 olarak, glikoz metabolizmas\u0131 \u00fczerindeki etkisiyle, bu ekstre <strong>ya\u011f dokusu azalt\u0131m\u0131n\u0131 destekleyen<\/strong> \u00fcr\u00fcnlerde kullan\u0131l\u0131r. Bu hammadde, di\u011fer metabolik profilli bitkisel bile\u015fenlerle birle\u015ftirilerek kapsaml\u0131 nutras\u00f6tik form\u00fcller olu\u015fturulur. <\/p>\n<h2>Kullan\u0131m alanlar\u0131<\/h2>\n<p>Toz halindeki banaba yapra\u011f\u0131 ekstresi, diyet takviyeleri ve nutras\u00f6tik ara \u00fcr\u00fcnler i\u00e7in tasarlanm\u0131\u015ft\u0131r. \u00d6zellikle \u015funlarda kullan\u0131labilir: <\/p>\n<ul>\n<li>Kaps\u00fcl ve tabletlerde,<\/li>\n<li>Toz kar\u0131\u015f\u0131mlar\u0131nda,<\/li>\n<li>Glikoz metabolizmas\u0131n\u0131 destekleyen takviyelerde,<\/li>\n<li><em>Kilo kontrol\u00fc<\/em> ve <em>zay\u0131flama deste\u011fi<\/em> \u00fcr\u00fcnlerinde,<\/li>\n<li>Do\u011fru karbonhidrat metabolizmas\u0131n\u0131 \u00f6nemseyen ki\u015filer i\u00e7in form\u00fclasyonlarda.<\/li>\n<\/ul>\n<p>Korozolik asit a\u00e7\u0131s\u0131ndan standardize edilmesi ve sulu ekstraksiyon sonucu iyi \u00e7\u00f6z\u00fcn\u00fcrl\u00fc\u011f\u00fc sayesinde, hammadde daha ileri i\u015flemlerde kullan\u0131\u015fl\u0131d\u0131r ve geni\u015f bir aktif bile\u015fen yelpazesiyle uyumludur.<\/p>\n","protected":false},"excerpt":{"rendered":"<p><strong>Banaba yapra\u011f\u0131 ekstresi<\/strong>, G\u00fcneydo\u011fu Asya \u00fclkelerinde, \u00f6zellikle Filipinler&#8217;de geleneksel olarak kullan\u0131lan <em>Lagerstroemia speciosa (L.) Pers.<\/em> bitkisinin yapraklar\u0131ndan elde edilir. Bu hammadde, y\u0131llard\u0131r karbonhidrat metabolizmas\u0131n\u0131 ve v\u00fccut a\u011f\u0131rl\u0131\u011f\u0131 kontrol\u00fcn\u00fc desteklemeyi hedefleyen \u00fcr\u00fcnlerde kullan\u0131lmaktad\u0131r. <\/p>\n","protected":false},"featured_media":46435,"template":"","meta":{"_acf_changed":false},"product_brand":[],"product_cat":[9531,9540],"product_tag":[],"class_list":{"0":"post-46433","1":"product","2":"type-product","3":"status-publish","4":"has-post-thumbnail","6":"product_cat-bitkisel-ekstraktlar","7":"product_cat-takviye-edici-gida-bilesenleri","8":"pa_czesc-rosliny-yapraklar-2","10":"first","11":"instock","12":"shipping-taxable","13":"product-type-simple"},"acf":[],"yoast_head":"<!-- This site is optimized with the Yoast SEO plugin v27.4 - https:\/\/yoast.com\/product\/yoast-seo-wordpress\/ -->\n<title>Banaba yapra\u011f\u0131 ekstresi - Hurtowy Dystrybutor<\/title>\n<meta name=\"description\" content=\"Korozolik asit a\u00e7\u0131s\u0131ndan standardize edilmi\u015f banaba yapra\u011f\u0131 ekstresi \u2013 glikoz metabolizmas\u0131n\u0131 ve v\u00fccut a\u011f\u0131rl\u0131\u011f\u0131 kontrol\u00fcn\u00fc destekleyen takviye edici g\u0131dalar i\u00e7in hammadde\" \/>\n<meta name=\"robots\" content=\"index, follow, max-snippet:-1, max-image-preview:large, max-video-preview:-1\" \/>\n<link rel=\"canonical\" href=\"https:\/\/naturalpoland.com\/tr\/urunler\/farmasotik-hammaddeler\/takviye-edici-gida-bilesenleri\/banaba-yapragi-ekstresi\/\" \/>\n<meta property=\"og:locale\" content=\"tr_TR\" \/>\n<meta property=\"og:type\" content=\"article\" \/>\n<meta property=\"og:title\" content=\"Banaba yapra\u011f\u0131 ekstresi - Hurtowy Dystrybutor\" \/>\n<meta property=\"og:description\" content=\"Korozolik asit a\u00e7\u0131s\u0131ndan standardize edilmi\u015f banaba yapra\u011f\u0131 ekstresi \u2013 glikoz metabolizmas\u0131n\u0131 ve v\u00fccut a\u011f\u0131rl\u0131\u011f\u0131 kontrol\u00fcn\u00fc destekleyen takviye edici g\u0131dalar i\u00e7in hammadde\" \/>\n<meta property=\"og:url\" content=\"https:\/\/naturalpoland.com\/tr\/urunler\/farmasotik-hammaddeler\/takviye-edici-gida-bilesenleri\/banaba-yapragi-ekstresi\/\" \/>\n<meta property=\"og:site_name\" content=\"NATURAL POLAND - Hurtowy Dystrybutor Surowc\u00f3w\" \/>\n<meta property=\"article:publisher\" content=\"https:\/\/www.facebook.com\/naturalpoland.b2b\" \/>\n<meta property=\"article:modified_time\" content=\"2026-03-03T13:56:37+00:00\" \/>\n<meta property=\"og:image\" content=\"https:\/\/naturalpoland.com\/wp-content\/uploads\/ekstrakt-z-lisci-banaba.webp\" \/>\n\t<meta property=\"og:image:width\" content=\"1024\" \/>\n\t<meta property=\"og:image:height\" content=\"1024\" \/>\n\t<meta property=\"og:image:type\" content=\"image\/webp\" \/>\n<script type=\"application\/ld+json\" class=\"yoast-schema-graph\">{\"@context\":\"https:\\\/\\\/schema.org\",\"@graph\":[{\"@type\":\"WebPage\",\"@id\":\"https:\\\/\\\/naturalpoland.com\\\/tr\\\/urunler\\\/farmasotik-hammaddeler\\\/takviye-edici-gida-bilesenleri\\\/banaba-yapragi-ekstresi\\\/\",\"url\":\"https:\\\/\\\/naturalpoland.com\\\/tr\\\/urunler\\\/farmasotik-hammaddeler\\\/takviye-edici-gida-bilesenleri\\\/banaba-yapragi-ekstresi\\\/\",\"name\":\"Banaba yapra\u011f\u0131 ekstresi - Hurtowy Dystrybutor\",\"isPartOf\":{\"@id\":\"https:\\\/\\\/naturalpoland.com\\\/tr\\\/#website\"},\"primaryImageOfPage\":{\"@id\":\"https:\\\/\\\/naturalpoland.com\\\/tr\\\/urunler\\\/farmasotik-hammaddeler\\\/takviye-edici-gida-bilesenleri\\\/banaba-yapragi-ekstresi\\\/#primaryimage\"},\"image\":{\"@id\":\"https:\\\/\\\/naturalpoland.com\\\/tr\\\/urunler\\\/farmasotik-hammaddeler\\\/takviye-edici-gida-bilesenleri\\\/banaba-yapragi-ekstresi\\\/#primaryimage\"},\"thumbnailUrl\":\"https:\\\/\\\/naturalpoland.com\\\/wp-content\\\/uploads\\\/ekstrakt-z-lisci-banaba.webp\",\"datePublished\":\"2021-05-11T11:40:11+00:00\",\"dateModified\":\"2026-03-03T13:56:37+00:00\",\"description\":\"Korozolik asit a\u00e7\u0131s\u0131ndan standardize edilmi\u015f banaba yapra\u011f\u0131 ekstresi \u2013 glikoz metabolizmas\u0131n\u0131 ve v\u00fccut a\u011f\u0131rl\u0131\u011f\u0131 kontrol\u00fcn\u00fc destekleyen takviye edici g\u0131dalar i\u00e7in hammadde\",\"breadcrumb\":{\"@id\":\"https:\\\/\\\/naturalpoland.com\\\/tr\\\/urunler\\\/farmasotik-hammaddeler\\\/takviye-edici-gida-bilesenleri\\\/banaba-yapragi-ekstresi\\\/#breadcrumb\"},\"inLanguage\":\"tr\",\"potentialAction\":[{\"@type\":\"ReadAction\",\"target\":[\"https:\\\/\\\/naturalpoland.com\\\/tr\\\/urunler\\\/farmasotik-hammaddeler\\\/takviye-edici-gida-bilesenleri\\\/banaba-yapragi-ekstresi\\\/\"]}]},{\"@type\":\"ImageObject\",\"inLanguage\":\"tr\",\"@id\":\"https:\\\/\\\/naturalpoland.com\\\/tr\\\/urunler\\\/farmasotik-hammaddeler\\\/takviye-edici-gida-bilesenleri\\\/banaba-yapragi-ekstresi\\\/#primaryimage\",\"url\":\"https:\\\/\\\/naturalpoland.com\\\/wp-content\\\/uploads\\\/ekstrakt-z-lisci-banaba.webp\",\"contentUrl\":\"https:\\\/\\\/naturalpoland.com\\\/wp-content\\\/uploads\\\/ekstrakt-z-lisci-banaba.webp\",\"width\":1024,\"height\":1024,\"caption\":\"banaba yapra\u011f\u0131 ekstresi\"},{\"@type\":\"BreadcrumbList\",\"@id\":\"https:\\\/\\\/naturalpoland.com\\\/tr\\\/urunler\\\/farmasotik-hammaddeler\\\/takviye-edici-gida-bilesenleri\\\/banaba-yapragi-ekstresi\\\/#breadcrumb\",\"itemListElement\":[{\"@type\":\"ListItem\",\"position\":1,\"name\":\"Ana Sayfa\",\"item\":\"https:\\\/\\\/naturalpoland.com\\\/tr\\\/\"},{\"@type\":\"ListItem\",\"position\":2,\"name\":\"\u00dcr\u00fcnler\",\"item\":\"https:\\\/\\\/naturalpoland.com\\\/tr\\\/urunler\\\/\"},{\"@type\":\"ListItem\",\"position\":3,\"name\":\"Banaba yapra\u011f\u0131 ekstresi\"}]},{\"@type\":\"WebSite\",\"@id\":\"https:\\\/\\\/naturalpoland.com\\\/tr\\\/#website\",\"url\":\"https:\\\/\\\/naturalpoland.com\\\/tr\\\/\",\"name\":\"NATURAL POLAND - Hurtowy Dystrybutor Surowc\u00f3w\",\"description\":\"Surowce dla przemys\u0142u spo\u017cywczego, kosmetycznego i farmaceutycznego\",\"publisher\":{\"@id\":\"https:\\\/\\\/naturalpoland.com\\\/tr\\\/#organization\"},\"potentialAction\":[{\"@type\":\"SearchAction\",\"target\":{\"@type\":\"EntryPoint\",\"urlTemplate\":\"https:\\\/\\\/naturalpoland.com\\\/tr\\\/?s={search_term_string}\"},\"query-input\":{\"@type\":\"PropertyValueSpecification\",\"valueRequired\":true,\"valueName\":\"search_term_string\"}}],\"inLanguage\":\"tr\"},{\"@type\":\"Organization\",\"@id\":\"https:\\\/\\\/naturalpoland.com\\\/tr\\\/#organization\",\"name\":\"Natural Poland\",\"url\":\"https:\\\/\\\/naturalpoland.com\\\/tr\\\/\",\"logo\":{\"@type\":\"ImageObject\",\"inLanguage\":\"tr\",\"@id\":\"https:\\\/\\\/naturalpoland.com\\\/tr\\\/#\\\/schema\\\/logo\\\/image\\\/\",\"url\":\"https:\\\/\\\/naturalpoland.com\\\/wp-content\\\/uploads\\\/2021\\\/05\\\/natural-poland-icon.png\",\"contentUrl\":\"https:\\\/\\\/naturalpoland.com\\\/wp-content\\\/uploads\\\/2021\\\/05\\\/natural-poland-icon.png\",\"width\":512,\"height\":512,\"caption\":\"Natural Poland\"},\"image\":{\"@id\":\"https:\\\/\\\/naturalpoland.com\\\/tr\\\/#\\\/schema\\\/logo\\\/image\\\/\"},\"sameAs\":[\"https:\\\/\\\/www.facebook.com\\\/naturalpoland.b2b\",\"https:\\\/\\\/pl.linkedin.com\\\/company\\\/natural-poland\",\"https:\\\/\\\/www.youtube.com\\\/channel\\\/UCgeGGkvOMahZo-xu_MSEWxg\"]}]}<\/script>\n<!-- \/ Yoast SEO plugin. -->","yoast_head_json":{"title":"Banaba yapra\u011f\u0131 ekstresi - Hurtowy Dystrybutor","description":"Korozolik asit a\u00e7\u0131s\u0131ndan standardize edilmi\u015f banaba yapra\u011f\u0131 ekstresi \u2013 glikoz metabolizmas\u0131n\u0131 ve v\u00fccut a\u011f\u0131rl\u0131\u011f\u0131 kontrol\u00fcn\u00fc destekleyen takviye edici g\u0131dalar i\u00e7in hammadde","robots":{"index":"index","follow":"follow","max-snippet":"max-snippet:-1","max-image-preview":"max-image-preview:large","max-video-preview":"max-video-preview:-1"},"canonical":"https:\/\/naturalpoland.com\/tr\/urunler\/farmasotik-hammaddeler\/takviye-edici-gida-bilesenleri\/banaba-yapragi-ekstresi\/","og_locale":"tr_TR","og_type":"article","og_title":"Banaba yapra\u011f\u0131 ekstresi - Hurtowy Dystrybutor","og_description":"Korozolik asit a\u00e7\u0131s\u0131ndan standardize edilmi\u015f banaba yapra\u011f\u0131 ekstresi \u2013 glikoz metabolizmas\u0131n\u0131 ve v\u00fccut a\u011f\u0131rl\u0131\u011f\u0131 kontrol\u00fcn\u00fc destekleyen takviye edici g\u0131dalar i\u00e7in hammadde","og_url":"https:\/\/naturalpoland.com\/tr\/urunler\/farmasotik-hammaddeler\/takviye-edici-gida-bilesenleri\/banaba-yapragi-ekstresi\/","og_site_name":"NATURAL POLAND - Hurtowy Dystrybutor Surowc\u00f3w","article_publisher":"https:\/\/www.facebook.com\/naturalpoland.b2b","article_modified_time":"2026-03-03T13:56:37+00:00","og_image":[{"width":1024,"height":1024,"url":"https:\/\/naturalpoland.com\/wp-content\/uploads\/ekstrakt-z-lisci-banaba.webp","type":"image\/webp"}],"schema":{"@context":"https:\/\/schema.org","@graph":[{"@type":"WebPage","@id":"https:\/\/naturalpoland.com\/tr\/urunler\/farmasotik-hammaddeler\/takviye-edici-gida-bilesenleri\/banaba-yapragi-ekstresi\/","url":"https:\/\/naturalpoland.com\/tr\/urunler\/farmasotik-hammaddeler\/takviye-edici-gida-bilesenleri\/banaba-yapragi-ekstresi\/","name":"Banaba yapra\u011f\u0131 ekstresi - Hurtowy Dystrybutor","isPartOf":{"@id":"https:\/\/naturalpoland.com\/tr\/#website"},"primaryImageOfPage":{"@id":"https:\/\/naturalpoland.com\/tr\/urunler\/farmasotik-hammaddeler\/takviye-edici-gida-bilesenleri\/banaba-yapragi-ekstresi\/#primaryimage"},"image":{"@id":"https:\/\/naturalpoland.com\/tr\/urunler\/farmasotik-hammaddeler\/takviye-edici-gida-bilesenleri\/banaba-yapragi-ekstresi\/#primaryimage"},"thumbnailUrl":"https:\/\/naturalpoland.com\/wp-content\/uploads\/ekstrakt-z-lisci-banaba.webp","datePublished":"2021-05-11T11:40:11+00:00","dateModified":"2026-03-03T13:56:37+00:00","description":"Korozolik asit a\u00e7\u0131s\u0131ndan standardize edilmi\u015f banaba yapra\u011f\u0131 ekstresi \u2013 glikoz metabolizmas\u0131n\u0131 ve v\u00fccut a\u011f\u0131rl\u0131\u011f\u0131 kontrol\u00fcn\u00fc destekleyen takviye edici g\u0131dalar i\u00e7in hammadde","breadcrumb":{"@id":"https:\/\/naturalpoland.com\/tr\/urunler\/farmasotik-hammaddeler\/takviye-edici-gida-bilesenleri\/banaba-yapragi-ekstresi\/#breadcrumb"},"inLanguage":"tr","potentialAction":[{"@type":"ReadAction","target":["https:\/\/naturalpoland.com\/tr\/urunler\/farmasotik-hammaddeler\/takviye-edici-gida-bilesenleri\/banaba-yapragi-ekstresi\/"]}]},{"@type":"ImageObject","inLanguage":"tr","@id":"https:\/\/naturalpoland.com\/tr\/urunler\/farmasotik-hammaddeler\/takviye-edici-gida-bilesenleri\/banaba-yapragi-ekstresi\/#primaryimage","url":"https:\/\/naturalpoland.com\/wp-content\/uploads\/ekstrakt-z-lisci-banaba.webp","contentUrl":"https:\/\/naturalpoland.com\/wp-content\/uploads\/ekstrakt-z-lisci-banaba.webp","width":1024,"height":1024,"caption":"banaba yapra\u011f\u0131 ekstresi"},{"@type":"BreadcrumbList","@id":"https:\/\/naturalpoland.com\/tr\/urunler\/farmasotik-hammaddeler\/takviye-edici-gida-bilesenleri\/banaba-yapragi-ekstresi\/#breadcrumb","itemListElement":[{"@type":"ListItem","position":1,"name":"Ana Sayfa","item":"https:\/\/naturalpoland.com\/tr\/"},{"@type":"ListItem","position":2,"name":"\u00dcr\u00fcnler","item":"https:\/\/naturalpoland.com\/tr\/urunler\/"},{"@type":"ListItem","position":3,"name":"Banaba yapra\u011f\u0131 ekstresi"}]},{"@type":"WebSite","@id":"https:\/\/naturalpoland.com\/tr\/#website","url":"https:\/\/naturalpoland.com\/tr\/","name":"NATURAL POLAND - Hurtowy Dystrybutor Surowc\u00f3w","description":"Surowce dla przemys\u0142u spo\u017cywczego, kosmetycznego i farmaceutycznego","publisher":{"@id":"https:\/\/naturalpoland.com\/tr\/#organization"},"potentialAction":[{"@type":"SearchAction","target":{"@type":"EntryPoint","urlTemplate":"https:\/\/naturalpoland.com\/tr\/?s={search_term_string}"},"query-input":{"@type":"PropertyValueSpecification","valueRequired":true,"valueName":"search_term_string"}}],"inLanguage":"tr"},{"@type":"Organization","@id":"https:\/\/naturalpoland.com\/tr\/#organization","name":"Natural Poland","url":"https:\/\/naturalpoland.com\/tr\/","logo":{"@type":"ImageObject","inLanguage":"tr","@id":"https:\/\/naturalpoland.com\/tr\/#\/schema\/logo\/image\/","url":"https:\/\/naturalpoland.com\/wp-content\/uploads\/2021\/05\/natural-poland-icon.png","contentUrl":"https:\/\/naturalpoland.com\/wp-content\/uploads\/2021\/05\/natural-poland-icon.png","width":512,"height":512,"caption":"Natural Poland"},"image":{"@id":"https:\/\/naturalpoland.com\/tr\/#\/schema\/logo\/image\/"},"sameAs":["https:\/\/www.facebook.com\/naturalpoland.b2b","https:\/\/pl.linkedin.com\/company\/natural-poland","https:\/\/www.youtube.com\/channel\/UCgeGGkvOMahZo-xu_MSEWxg"]}]}},"_links":{"self":[{"href":"https:\/\/naturalpoland.com\/tr\/wp-json\/wp\/v2\/product\/46433","targetHints":{"allow":["GET"]}}],"collection":[{"href":"https:\/\/naturalpoland.com\/tr\/wp-json\/wp\/v2\/product"}],"about":[{"href":"https:\/\/naturalpoland.com\/tr\/wp-json\/wp\/v2\/types\/product"}],"wp:featuredmedia":[{"embeddable":true,"href":"https:\/\/naturalpoland.com\/tr\/wp-json\/wp\/v2\/media\/46435"}],"wp:attachment":[{"href":"https:\/\/naturalpoland.com\/tr\/wp-json\/wp\/v2\/media?parent=46433"}],"wp:term":[{"taxonomy":"product_brand","embeddable":true,"href":"https:\/\/naturalpoland.com\/tr\/wp-json\/wp\/v2\/product_brand?post=46433"},{"taxonomy":"product_cat","embeddable":true,"href":"https:\/\/naturalpoland.com\/tr\/wp-json\/wp\/v2\/product_cat?post=46433"},{"taxonomy":"product_tag","embeddable":true,"href":"https:\/\/naturalpoland.com\/tr\/wp-json\/wp\/v2\/product_tag?post=46433"}],"curies":[{"name":"wp","href":"https:\/\/api.w.org\/{rel}","templated":true}]}}