{"id":46529,"date":"2026-03-05T13:54:06","date_gmt":"2026-03-05T12:54:06","guid":{"rendered":"https:\/\/naturalpoland.com\/produkty\/kategorilenmemis\/hindiba-ozutu\/"},"modified":"2026-03-10T13:24:09","modified_gmt":"2026-03-10T12:24:09","slug":"hindiba-ozutu","status":"publish","type":"product","link":"https:\/\/naturalpoland.com\/tr\/urunler\/bitkisel-ekstraktlar\/hindiba-ozutu\/","title":{"rendered":"Hindiba \u00d6z\u00fct\u00fc"},"content":{"rendered":"<h2>Hindiba \u00f6z\u00fct\u00fcn\u00fcn \u00f6zellikleri ve etkileri:<\/h2>\n<p><strong>Hindiba k\u00f6k\u00fc<\/strong>, <a href=\"https:\/\/naturalpoland.com\/tr\/urunler\/farmasotik-hammaddeler\/takviye-edici-gida-bilesenleri\/inulin\/\"><strong>in\u00fclin<\/strong><\/a>, <strong>polifenoller<\/strong>, <strong>fenolik bile\u015fikler<\/strong> ve <strong>mineral maddeler<\/strong> dahil olmak \u00fczere \u00e7ok say\u0131da biyoaktif bile\u015fi\u011fin bilinen bir kayna\u011f\u0131d\u0131r. Do\u011fal bir prebiyotik olan in\u00fclin, hindiba k\u00f6k\u00fcn\u00fcn en \u00f6nemli bile\u015fenlerinden biridir. Bu bile\u015fik faydal\u0131 ba\u011f\u0131rsak mikrofloras\u0131n\u0131n geli\u015fimini destekleyebilir, bu nedenle hindibadan elde edilen hammaddeler s\u0131kl\u0131kla sindirim sisteminin d\u00fczg\u00fcn \u00e7al\u0131\u015fmas\u0131n\u0131 destekleyen preparatlarda yer al\u0131r.  <\/p>\n<p>Hindiba \u00f6z\u00fct\u00fc ayr\u0131ca antioksidan \u00f6zellikleriyle de de\u011fer g\u00f6r\u00fcr. \u0130\u00e7erdi\u011fi bitkisel bile\u015fikler serbest radikalleri n\u00f6tralize etmeye ve h\u00fccre ya\u015flanma s\u00fcre\u00e7lerini etkileyebilecek oksidatif stresi azaltmaya yard\u0131mc\u0131 olur. Bu nedenle \u00f6z\u00fct, h\u00fccresel koruma ve metabolizma deste\u011fine y\u00f6nelik \u00fcr\u00fcnlerde kullan\u0131m alan\u0131 bulur.  <\/p>\n<p>Kozmetikte hindiba \u00f6z\u00fct\u00fc <strong>nemlendirici ve yat\u0131\u015ft\u0131r\u0131c\u0131 \u00f6zellikleri<\/strong> nedeniyle kullan\u0131l\u0131r. \u00d6z\u00fctte bulunan gliserin cildin uygun nem seviyesini korumaya yard\u0131mc\u0131 olur ve hindiba k\u00f6k\u00fcnde bulunan bitkisel bile\u015fikler cilt kondisyonunun iyile\u015ftirilmesine ve do\u011fal koruyucu bariyerinin desteklenmesine katk\u0131da bulunabilir. Bu nedenle \u00f6z\u00fct, kuru, yorgun ve yenilenmeye ihtiya\u00e7 duyan cilt bak\u0131m\u0131na y\u00f6nelik kozmetiklerin bile\u015fiminde yer al\u0131r.  <\/p>\n<p>Hindiba \u00f6z\u00fct\u00fc ayr\u0131ca hassas cilt bak\u0131m\u0131na y\u00f6nelik \u00fcr\u00fcnlerde de kullan\u0131labilir; yat\u0131\u015ft\u0131r\u0131c\u0131 \u00f6zellikleri cilt konforunu art\u0131rmaya ve tahri\u015f hissini azaltmaya yard\u0131mc\u0131 olur.<\/p>\n<h2>Hindiba \u00f6z\u00fct\u00fcn\u00fcn kullan\u0131m alanlar\u0131:<\/h2>\n<p>Hindibadan elde edilen gliserin-su \u00f6z\u00fct\u00fc ba\u015fl\u0131ca \u015fu alanlarda kullan\u0131m bulur:<\/p>\n<ul>\n<li>nemlendirici ve yenileyici kozmetikler,<\/li>\n<li>cilt bak\u0131m\u0131 i\u00e7in tonikler ve esanslar,<\/li>\n<li>antioksidan etkili kremler ve serumlar,<\/li>\n<li>cilt mikrobiyomunu destekleyen preparatlar,<\/li>\n<li>do\u011fal \u00fcr\u00fcnler ve bitkisel kozmetikler.<\/li>\n<\/ul>\n<p>Hammadde suda ve alkolde k\u0131smen \u00e7\u00f6z\u00fcn\u00fcr, mineral ya\u011flarda ise \u00e7\u00f6z\u00fcnmez. Su bazl\u0131 ve hidroalkolik form\u00fclasyonlarda kullan\u0131m i\u00e7in \u00f6nerilir. <\/p>\n<p>\u00dcr\u00fcn mikrobiyolojik ve kalite gerekliliklerini kar\u015f\u0131lar, GDO i\u00e7ermez ve \u0131\u015f\u0131nlamaya maruz b\u0131rak\u0131lmam\u0131\u015ft\u0131r.<\/p>\n","protected":false},"excerpt":{"rendered":"<p><strong>Hindiba \u00f6z\u00fct\u00fc<\/strong>, <em>Cichorium intybus L.<\/em> bitkisinin k\u00f6k\u00fcnden elde edilir. Hammadde, kurutulmu\u015f bitkisel hammaddenin 1:1 oran\u0131nda su ve gliserin kar\u0131\u015f\u0131m\u0131yla ekstraksiyonu yoluyla elde edilen gliserin-su \u00f6z\u00fct\u00fc formundad\u0131r.<\/p>\n","protected":false},"featured_media":46530,"template":"","meta":{"_acf_changed":false},"product_brand":[],"product_cat":[9531],"product_tag":[],"class_list":{"0":"post-46529","1":"product","2":"type-product","3":"status-publish","4":"has-post-thumbnail","6":"product_cat-bitkisel-ekstraktlar","7":"pa_czesc-rosliny-kok","9":"first","10":"instock","11":"shipping-taxable","12":"product-type-simple"},"acf":[],"yoast_head":"<!-- This site is optimized with the Yoast SEO plugin v27.5 - https:\/\/yoast.com\/product\/yoast-seo-wordpress\/ -->\n<title>Hindiba \u00d6z\u00fct\u00fc - Hurtowy Dystrybutor<\/title>\n<meta name=\"description\" content=\"Hindiba \u00f6z\u00fct\u00fc (Cichorium intybus), kozmetiklerde nemlendirici ve antioksidan \u00f6zelliklere sahip do\u011fal bir bitkisel hammaddedir.\" \/>\n<meta name=\"robots\" content=\"index, follow, max-snippet:-1, max-image-preview:large, max-video-preview:-1\" \/>\n<link rel=\"canonical\" href=\"https:\/\/naturalpoland.com\/tr\/urunler\/bitkisel-ekstraktlar\/hindiba-ozutu\/\" \/>\n<meta property=\"og:locale\" content=\"tr_TR\" \/>\n<meta property=\"og:type\" content=\"article\" \/>\n<meta property=\"og:title\" content=\"Hindiba \u00d6z\u00fct\u00fc - Hurtowy Dystrybutor\" \/>\n<meta property=\"og:description\" content=\"Hindiba \u00f6z\u00fct\u00fc (Cichorium intybus), kozmetiklerde nemlendirici ve antioksidan \u00f6zelliklere sahip do\u011fal bir bitkisel hammaddedir.\" \/>\n<meta property=\"og:url\" content=\"https:\/\/naturalpoland.com\/tr\/urunler\/bitkisel-ekstraktlar\/hindiba-ozutu\/\" \/>\n<meta property=\"og:site_name\" content=\"NATURAL POLAND - Hurtowy Dystrybutor Surowc\u00f3w\" \/>\n<meta property=\"article:publisher\" content=\"https:\/\/www.facebook.com\/naturalpoland.b2b\" \/>\n<meta property=\"article:modified_time\" content=\"2026-03-10T12:24:09+00:00\" \/>\n<meta property=\"og:image\" content=\"https:\/\/naturalpoland.com\/wp-content\/uploads\/ekstrakt-glicerynowo-wodny-z-cykorii.webp\" \/>\n\t<meta property=\"og:image:width\" content=\"350\" \/>\n\t<meta property=\"og:image:height\" content=\"350\" \/>\n\t<meta property=\"og:image:type\" content=\"image\/webp\" \/>\n<script type=\"application\/ld+json\" class=\"yoast-schema-graph\">{\"@context\":\"https:\\\/\\\/schema.org\",\"@graph\":[{\"@type\":\"WebPage\",\"@id\":\"https:\\\/\\\/naturalpoland.com\\\/tr\\\/urunler\\\/bitkisel-ekstraktlar\\\/hindiba-ozutu\\\/\",\"url\":\"https:\\\/\\\/naturalpoland.com\\\/tr\\\/urunler\\\/bitkisel-ekstraktlar\\\/hindiba-ozutu\\\/\",\"name\":\"Hindiba \u00d6z\u00fct\u00fc - Hurtowy Dystrybutor\",\"isPartOf\":{\"@id\":\"https:\\\/\\\/naturalpoland.com\\\/tr\\\/#website\"},\"primaryImageOfPage\":{\"@id\":\"https:\\\/\\\/naturalpoland.com\\\/tr\\\/urunler\\\/bitkisel-ekstraktlar\\\/hindiba-ozutu\\\/#primaryimage\"},\"image\":{\"@id\":\"https:\\\/\\\/naturalpoland.com\\\/tr\\\/urunler\\\/bitkisel-ekstraktlar\\\/hindiba-ozutu\\\/#primaryimage\"},\"thumbnailUrl\":\"https:\\\/\\\/naturalpoland.com\\\/wp-content\\\/uploads\\\/ekstrakt-glicerynowo-wodny-z-cykorii.webp\",\"datePublished\":\"2026-03-05T12:54:06+00:00\",\"dateModified\":\"2026-03-10T12:24:09+00:00\",\"description\":\"Hindiba \u00f6z\u00fct\u00fc (Cichorium intybus), kozmetiklerde nemlendirici ve antioksidan \u00f6zelliklere sahip do\u011fal bir bitkisel hammaddedir.\",\"breadcrumb\":{\"@id\":\"https:\\\/\\\/naturalpoland.com\\\/tr\\\/urunler\\\/bitkisel-ekstraktlar\\\/hindiba-ozutu\\\/#breadcrumb\"},\"inLanguage\":\"tr\",\"potentialAction\":[{\"@type\":\"ReadAction\",\"target\":[\"https:\\\/\\\/naturalpoland.com\\\/tr\\\/urunler\\\/bitkisel-ekstraktlar\\\/hindiba-ozutu\\\/\"]}]},{\"@type\":\"ImageObject\",\"inLanguage\":\"tr\",\"@id\":\"https:\\\/\\\/naturalpoland.com\\\/tr\\\/urunler\\\/bitkisel-ekstraktlar\\\/hindiba-ozutu\\\/#primaryimage\",\"url\":\"https:\\\/\\\/naturalpoland.com\\\/wp-content\\\/uploads\\\/ekstrakt-glicerynowo-wodny-z-cykorii.webp\",\"contentUrl\":\"https:\\\/\\\/naturalpoland.com\\\/wp-content\\\/uploads\\\/ekstrakt-glicerynowo-wodny-z-cykorii.webp\",\"width\":350,\"height\":350,\"caption\":\"hindibadan gliserin-su \u00f6z\u00fct\u00fc\"},{\"@type\":\"BreadcrumbList\",\"@id\":\"https:\\\/\\\/naturalpoland.com\\\/tr\\\/urunler\\\/bitkisel-ekstraktlar\\\/hindiba-ozutu\\\/#breadcrumb\",\"itemListElement\":[{\"@type\":\"ListItem\",\"position\":1,\"name\":\"Ana Sayfa\",\"item\":\"https:\\\/\\\/naturalpoland.com\\\/tr\\\/\"},{\"@type\":\"ListItem\",\"position\":2,\"name\":\"\u00dcr\u00fcnler\",\"item\":\"https:\\\/\\\/naturalpoland.com\\\/tr\\\/urunler\\\/\"},{\"@type\":\"ListItem\",\"position\":3,\"name\":\"Hindiba \u00d6z\u00fct\u00fc\"}]},{\"@type\":\"WebSite\",\"@id\":\"https:\\\/\\\/naturalpoland.com\\\/tr\\\/#website\",\"url\":\"https:\\\/\\\/naturalpoland.com\\\/tr\\\/\",\"name\":\"NATURAL POLAND - Hurtowy Dystrybutor Surowc\u00f3w\",\"description\":\"Surowce dla przemys\u0142u spo\u017cywczego, kosmetycznego i farmaceutycznego\",\"publisher\":{\"@id\":\"https:\\\/\\\/naturalpoland.com\\\/tr\\\/#organization\"},\"potentialAction\":[{\"@type\":\"SearchAction\",\"target\":{\"@type\":\"EntryPoint\",\"urlTemplate\":\"https:\\\/\\\/naturalpoland.com\\\/tr\\\/?s={search_term_string}\"},\"query-input\":{\"@type\":\"PropertyValueSpecification\",\"valueRequired\":true,\"valueName\":\"search_term_string\"}}],\"inLanguage\":\"tr\"},{\"@type\":\"Organization\",\"@id\":\"https:\\\/\\\/naturalpoland.com\\\/tr\\\/#organization\",\"name\":\"Natural Poland\",\"url\":\"https:\\\/\\\/naturalpoland.com\\\/tr\\\/\",\"logo\":{\"@type\":\"ImageObject\",\"inLanguage\":\"tr\",\"@id\":\"https:\\\/\\\/naturalpoland.com\\\/tr\\\/#\\\/schema\\\/logo\\\/image\\\/\",\"url\":\"https:\\\/\\\/naturalpoland.com\\\/wp-content\\\/uploads\\\/2021\\\/05\\\/natural-poland-icon.png\",\"contentUrl\":\"https:\\\/\\\/naturalpoland.com\\\/wp-content\\\/uploads\\\/2021\\\/05\\\/natural-poland-icon.png\",\"width\":512,\"height\":512,\"caption\":\"Natural Poland\"},\"image\":{\"@id\":\"https:\\\/\\\/naturalpoland.com\\\/tr\\\/#\\\/schema\\\/logo\\\/image\\\/\"},\"sameAs\":[\"https:\\\/\\\/www.facebook.com\\\/naturalpoland.b2b\",\"https:\\\/\\\/pl.linkedin.com\\\/company\\\/natural-poland\",\"https:\\\/\\\/www.youtube.com\\\/channel\\\/UCgeGGkvOMahZo-xu_MSEWxg\"]}]}<\/script>\n<!-- \/ Yoast SEO plugin. -->","yoast_head_json":{"title":"Hindiba \u00d6z\u00fct\u00fc - Hurtowy Dystrybutor","description":"Hindiba \u00f6z\u00fct\u00fc (Cichorium intybus), kozmetiklerde nemlendirici ve antioksidan \u00f6zelliklere sahip do\u011fal bir bitkisel hammaddedir.","robots":{"index":"index","follow":"follow","max-snippet":"max-snippet:-1","max-image-preview":"max-image-preview:large","max-video-preview":"max-video-preview:-1"},"canonical":"https:\/\/naturalpoland.com\/tr\/urunler\/bitkisel-ekstraktlar\/hindiba-ozutu\/","og_locale":"tr_TR","og_type":"article","og_title":"Hindiba \u00d6z\u00fct\u00fc - Hurtowy Dystrybutor","og_description":"Hindiba \u00f6z\u00fct\u00fc (Cichorium intybus), kozmetiklerde nemlendirici ve antioksidan \u00f6zelliklere sahip do\u011fal bir bitkisel hammaddedir.","og_url":"https:\/\/naturalpoland.com\/tr\/urunler\/bitkisel-ekstraktlar\/hindiba-ozutu\/","og_site_name":"NATURAL POLAND - Hurtowy Dystrybutor Surowc\u00f3w","article_publisher":"https:\/\/www.facebook.com\/naturalpoland.b2b","article_modified_time":"2026-03-10T12:24:09+00:00","og_image":[{"width":350,"height":350,"url":"https:\/\/naturalpoland.com\/wp-content\/uploads\/ekstrakt-glicerynowo-wodny-z-cykorii.webp","type":"image\/webp"}],"schema":{"@context":"https:\/\/schema.org","@graph":[{"@type":"WebPage","@id":"https:\/\/naturalpoland.com\/tr\/urunler\/bitkisel-ekstraktlar\/hindiba-ozutu\/","url":"https:\/\/naturalpoland.com\/tr\/urunler\/bitkisel-ekstraktlar\/hindiba-ozutu\/","name":"Hindiba \u00d6z\u00fct\u00fc - Hurtowy Dystrybutor","isPartOf":{"@id":"https:\/\/naturalpoland.com\/tr\/#website"},"primaryImageOfPage":{"@id":"https:\/\/naturalpoland.com\/tr\/urunler\/bitkisel-ekstraktlar\/hindiba-ozutu\/#primaryimage"},"image":{"@id":"https:\/\/naturalpoland.com\/tr\/urunler\/bitkisel-ekstraktlar\/hindiba-ozutu\/#primaryimage"},"thumbnailUrl":"https:\/\/naturalpoland.com\/wp-content\/uploads\/ekstrakt-glicerynowo-wodny-z-cykorii.webp","datePublished":"2026-03-05T12:54:06+00:00","dateModified":"2026-03-10T12:24:09+00:00","description":"Hindiba \u00f6z\u00fct\u00fc (Cichorium intybus), kozmetiklerde nemlendirici ve antioksidan \u00f6zelliklere sahip do\u011fal bir bitkisel hammaddedir.","breadcrumb":{"@id":"https:\/\/naturalpoland.com\/tr\/urunler\/bitkisel-ekstraktlar\/hindiba-ozutu\/#breadcrumb"},"inLanguage":"tr","potentialAction":[{"@type":"ReadAction","target":["https:\/\/naturalpoland.com\/tr\/urunler\/bitkisel-ekstraktlar\/hindiba-ozutu\/"]}]},{"@type":"ImageObject","inLanguage":"tr","@id":"https:\/\/naturalpoland.com\/tr\/urunler\/bitkisel-ekstraktlar\/hindiba-ozutu\/#primaryimage","url":"https:\/\/naturalpoland.com\/wp-content\/uploads\/ekstrakt-glicerynowo-wodny-z-cykorii.webp","contentUrl":"https:\/\/naturalpoland.com\/wp-content\/uploads\/ekstrakt-glicerynowo-wodny-z-cykorii.webp","width":350,"height":350,"caption":"hindibadan gliserin-su \u00f6z\u00fct\u00fc"},{"@type":"BreadcrumbList","@id":"https:\/\/naturalpoland.com\/tr\/urunler\/bitkisel-ekstraktlar\/hindiba-ozutu\/#breadcrumb","itemListElement":[{"@type":"ListItem","position":1,"name":"Ana Sayfa","item":"https:\/\/naturalpoland.com\/tr\/"},{"@type":"ListItem","position":2,"name":"\u00dcr\u00fcnler","item":"https:\/\/naturalpoland.com\/tr\/urunler\/"},{"@type":"ListItem","position":3,"name":"Hindiba \u00d6z\u00fct\u00fc"}]},{"@type":"WebSite","@id":"https:\/\/naturalpoland.com\/tr\/#website","url":"https:\/\/naturalpoland.com\/tr\/","name":"NATURAL POLAND - Hurtowy Dystrybutor Surowc\u00f3w","description":"Surowce dla przemys\u0142u spo\u017cywczego, kosmetycznego i farmaceutycznego","publisher":{"@id":"https:\/\/naturalpoland.com\/tr\/#organization"},"potentialAction":[{"@type":"SearchAction","target":{"@type":"EntryPoint","urlTemplate":"https:\/\/naturalpoland.com\/tr\/?s={search_term_string}"},"query-input":{"@type":"PropertyValueSpecification","valueRequired":true,"valueName":"search_term_string"}}],"inLanguage":"tr"},{"@type":"Organization","@id":"https:\/\/naturalpoland.com\/tr\/#organization","name":"Natural Poland","url":"https:\/\/naturalpoland.com\/tr\/","logo":{"@type":"ImageObject","inLanguage":"tr","@id":"https:\/\/naturalpoland.com\/tr\/#\/schema\/logo\/image\/","url":"https:\/\/naturalpoland.com\/wp-content\/uploads\/2021\/05\/natural-poland-icon.png","contentUrl":"https:\/\/naturalpoland.com\/wp-content\/uploads\/2021\/05\/natural-poland-icon.png","width":512,"height":512,"caption":"Natural Poland"},"image":{"@id":"https:\/\/naturalpoland.com\/tr\/#\/schema\/logo\/image\/"},"sameAs":["https:\/\/www.facebook.com\/naturalpoland.b2b","https:\/\/pl.linkedin.com\/company\/natural-poland","https:\/\/www.youtube.com\/channel\/UCgeGGkvOMahZo-xu_MSEWxg"]}]}},"_links":{"self":[{"href":"https:\/\/naturalpoland.com\/tr\/wp-json\/wp\/v2\/product\/46529","targetHints":{"allow":["GET"]}}],"collection":[{"href":"https:\/\/naturalpoland.com\/tr\/wp-json\/wp\/v2\/product"}],"about":[{"href":"https:\/\/naturalpoland.com\/tr\/wp-json\/wp\/v2\/types\/product"}],"wp:featuredmedia":[{"embeddable":true,"href":"https:\/\/naturalpoland.com\/tr\/wp-json\/wp\/v2\/media\/46530"}],"wp:attachment":[{"href":"https:\/\/naturalpoland.com\/tr\/wp-json\/wp\/v2\/media?parent=46529"}],"wp:term":[{"taxonomy":"product_brand","embeddable":true,"href":"https:\/\/naturalpoland.com\/tr\/wp-json\/wp\/v2\/product_brand?post=46529"},{"taxonomy":"product_cat","embeddable":true,"href":"https:\/\/naturalpoland.com\/tr\/wp-json\/wp\/v2\/product_cat?post=46529"},{"taxonomy":"product_tag","embeddable":true,"href":"https:\/\/naturalpoland.com\/tr\/wp-json\/wp\/v2\/product_tag?post=46529"}],"curies":[{"name":"wp","href":"https:\/\/api.w.org\/{rel}","templated":true}]}}