{"id":46569,"date":"2026-03-05T14:14:22","date_gmt":"2026-03-05T13:14:22","guid":{"rendered":"https:\/\/naturalpoland.com\/produkty\/kategorilenmemis\/kardamon-ekstrakti\/"},"modified":"2026-03-10T13:51:06","modified_gmt":"2026-03-10T12:51:06","slug":"kardamon-ekstrakti","status":"publish","type":"product","link":"https:\/\/naturalpoland.com\/tr\/urunler\/bitkisel-ekstraktlar\/kardamon-ekstrakti\/","title":{"rendered":"Kardamon Ekstrakt\u0131"},"content":{"rendered":"<h2>Kardamon Ekstrakt\u0131n\u0131n \u00d6zellikleri ve Etkileri:<\/h2>\n<p>Kardamon, yo\u011fun aromas\u0131 ve fonksiyonel \u00f6zelliklerinden sorumlu do\u011fal u\u00e7ucu ya\u011flar, fenolik bile\u015fikler ve di\u011fer biyoaktif bile\u015fenler a\u00e7\u0131s\u0131ndan zengin bir bitkidir. Bu bile\u015fikler, v\u00fccut h\u00fccrelerini serbest radikallerin ve oksidatif stresin etkilerinden korumaya yard\u0131mc\u0131 olan antioksidan etki g\u00f6sterir. <\/p>\n<p>Kardamon ekstrakt\u0131, <strong>sindirim sisteminin i\u015fleyi\u015fini iyile\u015ftirerek<\/strong>, sindirim sular\u0131n\u0131n daha iyi salg\u0131lanmas\u0131n\u0131 sa\u011flayarak ve a\u011f\u0131r yemeklerden sonra sindirimi kolayla\u015ft\u0131rarak sindirim s\u00fcre\u00e7lerini olumlu y\u00f6nde etkiler.<\/p>\n<p>Kozmetikte kardamon ekstrakt\u0131, <strong>ferahlat\u0131c\u0131 ve tonik<\/strong> etkili preparatlar\u0131n bir bile\u015feni olarak kullan\u0131l\u0131r. Bitkide bulunan aromatik bile\u015fikler cilt durumunun iyile\u015fmesine katk\u0131da bulunabilir ve antioksidan \u00f6zellikleri cildi \u00e7evresel fakt\u00f6rlerden korumaya yard\u0131mc\u0131 olur. Ekstrakt\u0131n i\u00e7eri\u011findeki gliserin, cildin uygun nem seviyesini korumay\u0131 ayr\u0131ca destekler.  <\/p>\n<p>Kardamon ekstrakt\u0131, do\u011fal baharatl\u0131 aromas\u0131n\u0131n kompozisyonlara karakteristik, s\u0131cak bir koku profili verdi\u011fi aromatik \u00fcr\u00fcnlerde ve koku form\u00fclasyonlar\u0131nda da kullan\u0131labilir.<\/p>\n<h2>Kardamon Ekstrakt\u0131n\u0131n Kullan\u0131m Alanlar\u0131:<\/h2>\n<p>Kardamon ekstrakt\u0131, di\u011ferlerinin yan\u0131 s\u0131ra bir\u00e7ok end\u00fcstri dal\u0131nda kullan\u0131lmaktad\u0131r:<\/p>\n<ul>\n<li>sindirimi destekleyen besin takviyelerinde,<\/li>\n<li>g\u0131da \u00fcr\u00fcnlerinde ve fonksiyonel i\u00e7eceklerde,<\/li>\n<li>cilt bak\u0131m ve tonik kozmetik \u00fcr\u00fcnlerinde,<\/li>\n<li>aromaterapi preparatlar\u0131nda,<\/li>\n<li>do\u011fal \u00fcr\u00fcnlerde ve bitkisel kozmetik form\u00fclasyonlar\u0131nda.<\/li>\n<\/ul>\n<p>Hammadde suda iyi, alkolde k\u0131smen \u00e7\u00f6z\u00fcn\u00fcrken, mineral ya\u011flarda \u00e7\u00f6z\u00fcnmez. \u00dcr\u00fcn mikrobiyolojik gereksinimleri ve a\u011f\u0131r metal ve pestisit i\u00e7eri\u011fi standartlar\u0131n\u0131 kar\u015f\u0131lamaktad\u0131r, GDO i\u00e7ermez ve \u0131\u015f\u0131nlamaya tabi tutulmam\u0131\u015ft\u0131r. <\/p>\n","protected":false},"excerpt":{"rendered":"<p><strong>Kardamon ekstrakt\u0131<\/strong>, <em>Elettaria cardamomum<\/em> bitkisinin tohumlar\u0131ndan elde edilir ve kurutulmu\u015f bitkisel hammaddenin su ve gliserin kar\u0131\u015f\u0131m\u0131yla 1:1 oran\u0131nda ekstraksiyonu yoluyla elde edilen gliserin-su ekstrakt\u0131 formundad\u0131r.<\/p>\n","protected":false},"featured_media":46570,"template":"","meta":{"_acf_changed":false},"product_brand":[],"product_cat":[9531],"product_tag":[],"class_list":{"0":"post-46569","1":"product","2":"type-product","3":"status-publish","4":"has-post-thumbnail","6":"product_cat-bitkisel-ekstraktlar","7":"pa_czesc-rosliny-tohumlar","9":"first","10":"instock","11":"shipping-taxable","12":"product-type-simple"},"acf":[],"yoast_head":"<!-- This site is optimized with the Yoast SEO plugin v27.5 - https:\/\/yoast.com\/product\/yoast-seo-wordpress\/ -->\n<title>Kardamon Ekstrakt\u0131 - Hurtowy Dystrybutor<\/title>\n<meta name=\"description\" content=\"Kardamon Ekstrakt\u0131 (Elettaria cardamomum), aromatik ve sindirimi destekleyici \u00f6zelliklere sahip do\u011fal bir bitkisel hammaddedir.\" \/>\n<meta name=\"robots\" content=\"index, follow, max-snippet:-1, max-image-preview:large, max-video-preview:-1\" \/>\n<link rel=\"canonical\" href=\"https:\/\/naturalpoland.com\/tr\/urunler\/bitkisel-ekstraktlar\/kardamon-ekstrakti\/\" \/>\n<meta property=\"og:locale\" content=\"tr_TR\" \/>\n<meta property=\"og:type\" content=\"article\" \/>\n<meta property=\"og:title\" content=\"Kardamon Ekstrakt\u0131 - Hurtowy Dystrybutor\" \/>\n<meta property=\"og:description\" content=\"Kardamon Ekstrakt\u0131 (Elettaria cardamomum), aromatik ve sindirimi destekleyici \u00f6zelliklere sahip do\u011fal bir bitkisel hammaddedir.\" \/>\n<meta property=\"og:url\" content=\"https:\/\/naturalpoland.com\/tr\/urunler\/bitkisel-ekstraktlar\/kardamon-ekstrakti\/\" \/>\n<meta property=\"og:site_name\" content=\"NATURAL POLAND - Hurtowy Dystrybutor Surowc\u00f3w\" \/>\n<meta property=\"article:publisher\" content=\"https:\/\/www.facebook.com\/naturalpoland.b2b\" \/>\n<meta property=\"article:modified_time\" content=\"2026-03-10T12:51:06+00:00\" \/>\n<meta property=\"og:image\" content=\"https:\/\/naturalpoland.com\/wp-content\/uploads\/ekstrakt-z-kardamonu.webp\" \/>\n\t<meta property=\"og:image:width\" content=\"1024\" \/>\n\t<meta property=\"og:image:height\" content=\"1024\" \/>\n\t<meta property=\"og:image:type\" content=\"image\/webp\" \/>\n<script type=\"application\/ld+json\" class=\"yoast-schema-graph\">{\"@context\":\"https:\\\/\\\/schema.org\",\"@graph\":[{\"@type\":\"WebPage\",\"@id\":\"https:\\\/\\\/naturalpoland.com\\\/tr\\\/urunler\\\/bitkisel-ekstraktlar\\\/kardamon-ekstrakti\\\/\",\"url\":\"https:\\\/\\\/naturalpoland.com\\\/tr\\\/urunler\\\/bitkisel-ekstraktlar\\\/kardamon-ekstrakti\\\/\",\"name\":\"Kardamon Ekstrakt\u0131 - Hurtowy Dystrybutor\",\"isPartOf\":{\"@id\":\"https:\\\/\\\/naturalpoland.com\\\/tr\\\/#website\"},\"primaryImageOfPage\":{\"@id\":\"https:\\\/\\\/naturalpoland.com\\\/tr\\\/urunler\\\/bitkisel-ekstraktlar\\\/kardamon-ekstrakti\\\/#primaryimage\"},\"image\":{\"@id\":\"https:\\\/\\\/naturalpoland.com\\\/tr\\\/urunler\\\/bitkisel-ekstraktlar\\\/kardamon-ekstrakti\\\/#primaryimage\"},\"thumbnailUrl\":\"https:\\\/\\\/naturalpoland.com\\\/wp-content\\\/uploads\\\/ekstrakt-z-kardamonu.webp\",\"datePublished\":\"2026-03-05T13:14:22+00:00\",\"dateModified\":\"2026-03-10T12:51:06+00:00\",\"description\":\"Kardamon Ekstrakt\u0131 (Elettaria cardamomum), aromatik ve sindirimi destekleyici \u00f6zelliklere sahip do\u011fal bir bitkisel hammaddedir.\",\"breadcrumb\":{\"@id\":\"https:\\\/\\\/naturalpoland.com\\\/tr\\\/urunler\\\/bitkisel-ekstraktlar\\\/kardamon-ekstrakti\\\/#breadcrumb\"},\"inLanguage\":\"tr\",\"potentialAction\":[{\"@type\":\"ReadAction\",\"target\":[\"https:\\\/\\\/naturalpoland.com\\\/tr\\\/urunler\\\/bitkisel-ekstraktlar\\\/kardamon-ekstrakti\\\/\"]}]},{\"@type\":\"ImageObject\",\"inLanguage\":\"tr\",\"@id\":\"https:\\\/\\\/naturalpoland.com\\\/tr\\\/urunler\\\/bitkisel-ekstraktlar\\\/kardamon-ekstrakti\\\/#primaryimage\",\"url\":\"https:\\\/\\\/naturalpoland.com\\\/wp-content\\\/uploads\\\/ekstrakt-z-kardamonu.webp\",\"contentUrl\":\"https:\\\/\\\/naturalpoland.com\\\/wp-content\\\/uploads\\\/ekstrakt-z-kardamonu.webp\",\"width\":1024,\"height\":1024,\"caption\":\"gliserin-su tar\u00e7\u0131n ekstrakt\u0131\"},{\"@type\":\"BreadcrumbList\",\"@id\":\"https:\\\/\\\/naturalpoland.com\\\/tr\\\/urunler\\\/bitkisel-ekstraktlar\\\/kardamon-ekstrakti\\\/#breadcrumb\",\"itemListElement\":[{\"@type\":\"ListItem\",\"position\":1,\"name\":\"Ana Sayfa\",\"item\":\"https:\\\/\\\/naturalpoland.com\\\/tr\\\/\"},{\"@type\":\"ListItem\",\"position\":2,\"name\":\"\u00dcr\u00fcnler\",\"item\":\"https:\\\/\\\/naturalpoland.com\\\/tr\\\/urunler\\\/\"},{\"@type\":\"ListItem\",\"position\":3,\"name\":\"Kardamon Ekstrakt\u0131\"}]},{\"@type\":\"WebSite\",\"@id\":\"https:\\\/\\\/naturalpoland.com\\\/tr\\\/#website\",\"url\":\"https:\\\/\\\/naturalpoland.com\\\/tr\\\/\",\"name\":\"NATURAL POLAND - Hurtowy Dystrybutor Surowc\u00f3w\",\"description\":\"Surowce dla przemys\u0142u spo\u017cywczego, kosmetycznego i farmaceutycznego\",\"publisher\":{\"@id\":\"https:\\\/\\\/naturalpoland.com\\\/tr\\\/#organization\"},\"potentialAction\":[{\"@type\":\"SearchAction\",\"target\":{\"@type\":\"EntryPoint\",\"urlTemplate\":\"https:\\\/\\\/naturalpoland.com\\\/tr\\\/?s={search_term_string}\"},\"query-input\":{\"@type\":\"PropertyValueSpecification\",\"valueRequired\":true,\"valueName\":\"search_term_string\"}}],\"inLanguage\":\"tr\"},{\"@type\":\"Organization\",\"@id\":\"https:\\\/\\\/naturalpoland.com\\\/tr\\\/#organization\",\"name\":\"Natural Poland\",\"url\":\"https:\\\/\\\/naturalpoland.com\\\/tr\\\/\",\"logo\":{\"@type\":\"ImageObject\",\"inLanguage\":\"tr\",\"@id\":\"https:\\\/\\\/naturalpoland.com\\\/tr\\\/#\\\/schema\\\/logo\\\/image\\\/\",\"url\":\"https:\\\/\\\/naturalpoland.com\\\/wp-content\\\/uploads\\\/2021\\\/05\\\/natural-poland-icon.png\",\"contentUrl\":\"https:\\\/\\\/naturalpoland.com\\\/wp-content\\\/uploads\\\/2021\\\/05\\\/natural-poland-icon.png\",\"width\":512,\"height\":512,\"caption\":\"Natural Poland\"},\"image\":{\"@id\":\"https:\\\/\\\/naturalpoland.com\\\/tr\\\/#\\\/schema\\\/logo\\\/image\\\/\"},\"sameAs\":[\"https:\\\/\\\/www.facebook.com\\\/naturalpoland.b2b\",\"https:\\\/\\\/pl.linkedin.com\\\/company\\\/natural-poland\",\"https:\\\/\\\/www.youtube.com\\\/channel\\\/UCgeGGkvOMahZo-xu_MSEWxg\"]}]}<\/script>\n<!-- \/ Yoast SEO plugin. -->","yoast_head_json":{"title":"Kardamon Ekstrakt\u0131 - Hurtowy Dystrybutor","description":"Kardamon Ekstrakt\u0131 (Elettaria cardamomum), aromatik ve sindirimi destekleyici \u00f6zelliklere sahip do\u011fal bir bitkisel hammaddedir.","robots":{"index":"index","follow":"follow","max-snippet":"max-snippet:-1","max-image-preview":"max-image-preview:large","max-video-preview":"max-video-preview:-1"},"canonical":"https:\/\/naturalpoland.com\/tr\/urunler\/bitkisel-ekstraktlar\/kardamon-ekstrakti\/","og_locale":"tr_TR","og_type":"article","og_title":"Kardamon Ekstrakt\u0131 - Hurtowy Dystrybutor","og_description":"Kardamon Ekstrakt\u0131 (Elettaria cardamomum), aromatik ve sindirimi destekleyici \u00f6zelliklere sahip do\u011fal bir bitkisel hammaddedir.","og_url":"https:\/\/naturalpoland.com\/tr\/urunler\/bitkisel-ekstraktlar\/kardamon-ekstrakti\/","og_site_name":"NATURAL POLAND - Hurtowy Dystrybutor Surowc\u00f3w","article_publisher":"https:\/\/www.facebook.com\/naturalpoland.b2b","article_modified_time":"2026-03-10T12:51:06+00:00","og_image":[{"width":1024,"height":1024,"url":"https:\/\/naturalpoland.com\/wp-content\/uploads\/ekstrakt-z-kardamonu.webp","type":"image\/webp"}],"schema":{"@context":"https:\/\/schema.org","@graph":[{"@type":"WebPage","@id":"https:\/\/naturalpoland.com\/tr\/urunler\/bitkisel-ekstraktlar\/kardamon-ekstrakti\/","url":"https:\/\/naturalpoland.com\/tr\/urunler\/bitkisel-ekstraktlar\/kardamon-ekstrakti\/","name":"Kardamon Ekstrakt\u0131 - Hurtowy Dystrybutor","isPartOf":{"@id":"https:\/\/naturalpoland.com\/tr\/#website"},"primaryImageOfPage":{"@id":"https:\/\/naturalpoland.com\/tr\/urunler\/bitkisel-ekstraktlar\/kardamon-ekstrakti\/#primaryimage"},"image":{"@id":"https:\/\/naturalpoland.com\/tr\/urunler\/bitkisel-ekstraktlar\/kardamon-ekstrakti\/#primaryimage"},"thumbnailUrl":"https:\/\/naturalpoland.com\/wp-content\/uploads\/ekstrakt-z-kardamonu.webp","datePublished":"2026-03-05T13:14:22+00:00","dateModified":"2026-03-10T12:51:06+00:00","description":"Kardamon Ekstrakt\u0131 (Elettaria cardamomum), aromatik ve sindirimi destekleyici \u00f6zelliklere sahip do\u011fal bir bitkisel hammaddedir.","breadcrumb":{"@id":"https:\/\/naturalpoland.com\/tr\/urunler\/bitkisel-ekstraktlar\/kardamon-ekstrakti\/#breadcrumb"},"inLanguage":"tr","potentialAction":[{"@type":"ReadAction","target":["https:\/\/naturalpoland.com\/tr\/urunler\/bitkisel-ekstraktlar\/kardamon-ekstrakti\/"]}]},{"@type":"ImageObject","inLanguage":"tr","@id":"https:\/\/naturalpoland.com\/tr\/urunler\/bitkisel-ekstraktlar\/kardamon-ekstrakti\/#primaryimage","url":"https:\/\/naturalpoland.com\/wp-content\/uploads\/ekstrakt-z-kardamonu.webp","contentUrl":"https:\/\/naturalpoland.com\/wp-content\/uploads\/ekstrakt-z-kardamonu.webp","width":1024,"height":1024,"caption":"gliserin-su tar\u00e7\u0131n ekstrakt\u0131"},{"@type":"BreadcrumbList","@id":"https:\/\/naturalpoland.com\/tr\/urunler\/bitkisel-ekstraktlar\/kardamon-ekstrakti\/#breadcrumb","itemListElement":[{"@type":"ListItem","position":1,"name":"Ana Sayfa","item":"https:\/\/naturalpoland.com\/tr\/"},{"@type":"ListItem","position":2,"name":"\u00dcr\u00fcnler","item":"https:\/\/naturalpoland.com\/tr\/urunler\/"},{"@type":"ListItem","position":3,"name":"Kardamon Ekstrakt\u0131"}]},{"@type":"WebSite","@id":"https:\/\/naturalpoland.com\/tr\/#website","url":"https:\/\/naturalpoland.com\/tr\/","name":"NATURAL POLAND - Hurtowy Dystrybutor Surowc\u00f3w","description":"Surowce dla przemys\u0142u spo\u017cywczego, kosmetycznego i farmaceutycznego","publisher":{"@id":"https:\/\/naturalpoland.com\/tr\/#organization"},"potentialAction":[{"@type":"SearchAction","target":{"@type":"EntryPoint","urlTemplate":"https:\/\/naturalpoland.com\/tr\/?s={search_term_string}"},"query-input":{"@type":"PropertyValueSpecification","valueRequired":true,"valueName":"search_term_string"}}],"inLanguage":"tr"},{"@type":"Organization","@id":"https:\/\/naturalpoland.com\/tr\/#organization","name":"Natural Poland","url":"https:\/\/naturalpoland.com\/tr\/","logo":{"@type":"ImageObject","inLanguage":"tr","@id":"https:\/\/naturalpoland.com\/tr\/#\/schema\/logo\/image\/","url":"https:\/\/naturalpoland.com\/wp-content\/uploads\/2021\/05\/natural-poland-icon.png","contentUrl":"https:\/\/naturalpoland.com\/wp-content\/uploads\/2021\/05\/natural-poland-icon.png","width":512,"height":512,"caption":"Natural Poland"},"image":{"@id":"https:\/\/naturalpoland.com\/tr\/#\/schema\/logo\/image\/"},"sameAs":["https:\/\/www.facebook.com\/naturalpoland.b2b","https:\/\/pl.linkedin.com\/company\/natural-poland","https:\/\/www.youtube.com\/channel\/UCgeGGkvOMahZo-xu_MSEWxg"]}]}},"_links":{"self":[{"href":"https:\/\/naturalpoland.com\/tr\/wp-json\/wp\/v2\/product\/46569","targetHints":{"allow":["GET"]}}],"collection":[{"href":"https:\/\/naturalpoland.com\/tr\/wp-json\/wp\/v2\/product"}],"about":[{"href":"https:\/\/naturalpoland.com\/tr\/wp-json\/wp\/v2\/types\/product"}],"wp:featuredmedia":[{"embeddable":true,"href":"https:\/\/naturalpoland.com\/tr\/wp-json\/wp\/v2\/media\/46570"}],"wp:attachment":[{"href":"https:\/\/naturalpoland.com\/tr\/wp-json\/wp\/v2\/media?parent=46569"}],"wp:term":[{"taxonomy":"product_brand","embeddable":true,"href":"https:\/\/naturalpoland.com\/tr\/wp-json\/wp\/v2\/product_brand?post=46569"},{"taxonomy":"product_cat","embeddable":true,"href":"https:\/\/naturalpoland.com\/tr\/wp-json\/wp\/v2\/product_cat?post=46569"},{"taxonomy":"product_tag","embeddable":true,"href":"https:\/\/naturalpoland.com\/tr\/wp-json\/wp\/v2\/product_tag?post=46569"}],"curies":[{"name":"wp","href":"https:\/\/api.w.org\/{rel}","templated":true}]}}