{"id":46601,"date":"2023-07-18T11:01:16","date_gmt":"2023-07-18T09:01:16","guid":{"rendered":"https:\/\/naturalpoland.com\/produkty\/kategorilenmemis\/pirinc-tereyagi\/"},"modified":"2026-03-10T14:11:34","modified_gmt":"2026-03-10T13:11:34","slug":"pirinc-tereyagi","status":"publish","type":"product","link":"https:\/\/naturalpoland.com\/tr\/urunler\/kozmetik-hammaddeleri\/kozmetik-yaglari\/pirinc-tereyagi\/","title":{"rendered":"Pirin\u00e7 Tereya\u011f\u0131"},"content":{"rendered":"<p>Pirin\u00e7, d\u00fcnya genelinde cilt bak\u0131m\u0131nda kullan\u0131lan en eski ve en evrensel bile\u015fenlerden biridir. Y\u00fczy\u0131llard\u0131r cildi sa\u011fl\u0131kl\u0131, p\u00fcr\u00fczs\u00fcz ve \u0131\u015f\u0131lt\u0131l\u0131 tutmaya yard\u0131mc\u0131 olan besleyici ve koruyucu \u00f6zellikleriyle de\u011fer g\u00f6rm\u00fc\u015ft\u00fcr. Pirin\u00e7 Tereya\u011f\u0131m\u0131z, bu uzun gelene\u011fi modern cilt bak\u0131m\u0131 yakla\u015f\u0131m\u0131yla birle\u015ftirir. Cilde en y\u00fcksek kalitede bak\u0131m sa\u011flamak i\u00e7in geleneksel bilginin modern teknolojiyle birle\u015fti\u011fi bir kozmetiktir. Cildi korumaya, nemlendirmeye ve \u0131\u015f\u0131lt\u0131l\u0131 bir g\u00f6r\u00fcn\u00fcm kazand\u0131rmaya yard\u0131mc\u0131 olan vitaminler, mineraller ve antioksidanlar gibi bir\u00e7ok de\u011ferli bile\u015fen i\u00e7erir.    <\/p>\n<h2>Pirin\u00e7 tereya\u011f\u0131n\u0131n bile\u015fimi<\/h2>\n<p>Pirin\u00e7 Tereya\u011f\u0131m\u0131z, pirin\u00e7 tohumu ya\u011f\u0131 ve hidrojene bitkisel ya\u011fdan olu\u015fur. <strong>Pirin\u00e7 ya\u011f\u0131<\/strong>, cildi nemlendirmeye ve beslemeye yard\u0131mc\u0131 olan, ayn\u0131 zamanda do\u011fal koruyucu fonksiyonlar\u0131n\u0131 destekleyen <strong><a href=\"https:\/\/naturalpoland.com\/produkty\/produkty-dla-przemyslu-farmaceutycznego-i-medycznego\/witaminy\/witamina-e\/\">E vitamini<\/a><\/strong> ve ya\u011f asitleri a\u00e7\u0131s\u0131ndan zengindir. <strong>Hidrojene bitkisel ya\u011f<\/strong>, pirin\u00e7 tereya\u011f\u0131na karakteristik, kremsi k\u0131vam\u0131n\u0131 verir, bu da kolayca uygulanmas\u0131n\u0131 ve h\u0131zla emilmesini sa\u011flar.  <\/p>\n<h2>Pirin\u00e7 tereya\u011f\u0131n\u0131n \u00f6zellikleri<\/h2>\n<p>Pirin\u00e7 Tereya\u011f\u0131, kuru ve olgun ciltten ya\u011fl\u0131 ve karma cilde kadar her cilt tipi i\u00e7in m\u00fckemmel bir kozmetiktir. Hem y\u00fcz hem de v\u00fccut, hatta sa\u00e7 bak\u0131m\u0131 i\u00e7in kullan\u0131labilir. Narin, do\u011fal kokusu ve kremsi k\u0131vam\u0131, onu her kullan\u0131mda ger\u00e7ek bir keyif veren bir \u00fcr\u00fcn haline getirir.  <\/p>\n<p>E\u015fsiz \u00f6zellikleri sayesinde Pirin\u00e7 Tereya\u011f\u0131, cilde derinlemesine bak\u0131m sa\u011flayan, gerekli besinleri temin eden ve sa\u011fl\u0131\u011f\u0131n\u0131 ve g\u00fczelli\u011fini korumas\u0131na yard\u0131mc\u0131 olan bir kozmetiktir.<\/p>\n","protected":false},"excerpt":{"rendered":"<p>Pirin\u00e7 Tereya\u011f\u0131, \u00f6zelliklerini pirin\u00e7 tanelerinin g\u00fcc\u00fcnden alan e\u015fsiz bir \u00fcr\u00fcnd\u00fcr. Y\u00fczy\u0131llard\u0131r pirin\u00e7, \u00f6zellikle Asya&#8217;da bir\u00e7ok ev yap\u0131m\u0131 maske ve kozmetik \u00fcr\u00fcn\u00fcn\u00fcn temel bile\u015feni olarak kozmetolojide kullan\u0131lm\u0131\u015ft\u0131r. <\/p>\n","protected":false},"featured_media":46602,"template":"","meta":{"_acf_changed":false},"product_brand":[],"product_cat":[9550],"product_tag":[],"class_list":{"0":"post-46601","1":"product","2":"type-product","3":"status-publish","4":"has-post-thumbnail","6":"product_cat-kozmetik-yaglari","8":"first","9":"instock","10":"shipping-taxable","11":"product-type-simple"},"acf":[],"yoast_head":"<!-- This site is optimized with the Yoast SEO plugin v27.4 - https:\/\/yoast.com\/product\/yoast-seo-wordpress\/ -->\n<title>Pirin\u00e7 Tereya\u011f\u0131 - Hurtowy Dystrybutor<\/title>\n<meta name=\"description\" content=\"Pirin\u00e7 Tereya\u011f\u0131, \u00f6zelliklerini pirin\u00e7 tanelerinin g\u00fcc\u00fcnden al\u0131r. Pirin\u00e7 tohumu ya\u011f\u0131 ve hidrojene bitkisel ya\u011fdan olu\u015fur.\" \/>\n<meta name=\"robots\" content=\"index, follow, max-snippet:-1, max-image-preview:large, max-video-preview:-1\" \/>\n<link rel=\"canonical\" href=\"https:\/\/naturalpoland.com\/tr\/urunler\/kozmetik-hammaddeleri\/kozmetik-yaglari\/pirinc-tereyagi\/\" \/>\n<meta property=\"og:locale\" content=\"tr_TR\" \/>\n<meta property=\"og:type\" content=\"article\" \/>\n<meta property=\"og:title\" content=\"Pirin\u00e7 Tereya\u011f\u0131 - Hurtowy Dystrybutor\" \/>\n<meta property=\"og:description\" content=\"Pirin\u00e7 Tereya\u011f\u0131, \u00f6zelliklerini pirin\u00e7 tanelerinin g\u00fcc\u00fcnden al\u0131r. Pirin\u00e7 tohumu ya\u011f\u0131 ve hidrojene bitkisel ya\u011fdan olu\u015fur.\" \/>\n<meta property=\"og:url\" content=\"https:\/\/naturalpoland.com\/tr\/urunler\/kozmetik-hammaddeleri\/kozmetik-yaglari\/pirinc-tereyagi\/\" \/>\n<meta property=\"og:site_name\" content=\"NATURAL POLAND - Hurtowy Dystrybutor Surowc\u00f3w\" \/>\n<meta property=\"article:publisher\" content=\"https:\/\/www.facebook.com\/naturalpoland.b2b\" \/>\n<meta property=\"article:modified_time\" content=\"2026-03-10T13:11:34+00:00\" \/>\n<meta property=\"og:image\" content=\"https:\/\/naturalpoland.com\/wp-content\/uploads\/rice-butter.png\" \/>\n\t<meta property=\"og:image:width\" content=\"583\" \/>\n\t<meta property=\"og:image:height\" content=\"583\" \/>\n\t<meta property=\"og:image:type\" content=\"image\/png\" \/>\n<script type=\"application\/ld+json\" class=\"yoast-schema-graph\">{\"@context\":\"https:\\\/\\\/schema.org\",\"@graph\":[{\"@type\":\"WebPage\",\"@id\":\"https:\\\/\\\/naturalpoland.com\\\/tr\\\/urunler\\\/kozmetik-hammaddeleri\\\/kozmetik-yaglari\\\/pirinc-tereyagi\\\/\",\"url\":\"https:\\\/\\\/naturalpoland.com\\\/tr\\\/urunler\\\/kozmetik-hammaddeleri\\\/kozmetik-yaglari\\\/pirinc-tereyagi\\\/\",\"name\":\"Pirin\u00e7 Tereya\u011f\u0131 - Hurtowy Dystrybutor\",\"isPartOf\":{\"@id\":\"https:\\\/\\\/naturalpoland.com\\\/tr\\\/#website\"},\"primaryImageOfPage\":{\"@id\":\"https:\\\/\\\/naturalpoland.com\\\/tr\\\/urunler\\\/kozmetik-hammaddeleri\\\/kozmetik-yaglari\\\/pirinc-tereyagi\\\/#primaryimage\"},\"image\":{\"@id\":\"https:\\\/\\\/naturalpoland.com\\\/tr\\\/urunler\\\/kozmetik-hammaddeleri\\\/kozmetik-yaglari\\\/pirinc-tereyagi\\\/#primaryimage\"},\"thumbnailUrl\":\"https:\\\/\\\/naturalpoland.com\\\/wp-content\\\/uploads\\\/rice-butter.png\",\"datePublished\":\"2023-07-18T09:01:16+00:00\",\"dateModified\":\"2026-03-10T13:11:34+00:00\",\"description\":\"Pirin\u00e7 Tereya\u011f\u0131, \u00f6zelliklerini pirin\u00e7 tanelerinin g\u00fcc\u00fcnden al\u0131r. Pirin\u00e7 tohumu ya\u011f\u0131 ve hidrojene bitkisel ya\u011fdan olu\u015fur.\",\"breadcrumb\":{\"@id\":\"https:\\\/\\\/naturalpoland.com\\\/tr\\\/urunler\\\/kozmetik-hammaddeleri\\\/kozmetik-yaglari\\\/pirinc-tereyagi\\\/#breadcrumb\"},\"inLanguage\":\"tr\",\"potentialAction\":[{\"@type\":\"ReadAction\",\"target\":[\"https:\\\/\\\/naturalpoland.com\\\/tr\\\/urunler\\\/kozmetik-hammaddeleri\\\/kozmetik-yaglari\\\/pirinc-tereyagi\\\/\"]}]},{\"@type\":\"ImageObject\",\"inLanguage\":\"tr\",\"@id\":\"https:\\\/\\\/naturalpoland.com\\\/tr\\\/urunler\\\/kozmetik-hammaddeleri\\\/kozmetik-yaglari\\\/pirinc-tereyagi\\\/#primaryimage\",\"url\":\"https:\\\/\\\/naturalpoland.com\\\/wp-content\\\/uploads\\\/rice-butter.png\",\"contentUrl\":\"https:\\\/\\\/naturalpoland.com\\\/wp-content\\\/uploads\\\/rice-butter.png\",\"width\":583,\"height\":583,\"caption\":\"pirin\u00e7 tereya\u011f\u0131\"},{\"@type\":\"BreadcrumbList\",\"@id\":\"https:\\\/\\\/naturalpoland.com\\\/tr\\\/urunler\\\/kozmetik-hammaddeleri\\\/kozmetik-yaglari\\\/pirinc-tereyagi\\\/#breadcrumb\",\"itemListElement\":[{\"@type\":\"ListItem\",\"position\":1,\"name\":\"Ana Sayfa\",\"item\":\"https:\\\/\\\/naturalpoland.com\\\/tr\\\/\"},{\"@type\":\"ListItem\",\"position\":2,\"name\":\"\u00dcr\u00fcnler\",\"item\":\"https:\\\/\\\/naturalpoland.com\\\/tr\\\/urunler\\\/\"},{\"@type\":\"ListItem\",\"position\":3,\"name\":\"Pirin\u00e7 Tereya\u011f\u0131\"}]},{\"@type\":\"WebSite\",\"@id\":\"https:\\\/\\\/naturalpoland.com\\\/tr\\\/#website\",\"url\":\"https:\\\/\\\/naturalpoland.com\\\/tr\\\/\",\"name\":\"NATURAL POLAND - Hurtowy Dystrybutor Surowc\u00f3w\",\"description\":\"Surowce dla przemys\u0142u spo\u017cywczego, kosmetycznego i farmaceutycznego\",\"publisher\":{\"@id\":\"https:\\\/\\\/naturalpoland.com\\\/tr\\\/#organization\"},\"potentialAction\":[{\"@type\":\"SearchAction\",\"target\":{\"@type\":\"EntryPoint\",\"urlTemplate\":\"https:\\\/\\\/naturalpoland.com\\\/tr\\\/?s={search_term_string}\"},\"query-input\":{\"@type\":\"PropertyValueSpecification\",\"valueRequired\":true,\"valueName\":\"search_term_string\"}}],\"inLanguage\":\"tr\"},{\"@type\":\"Organization\",\"@id\":\"https:\\\/\\\/naturalpoland.com\\\/tr\\\/#organization\",\"name\":\"Natural Poland\",\"url\":\"https:\\\/\\\/naturalpoland.com\\\/tr\\\/\",\"logo\":{\"@type\":\"ImageObject\",\"inLanguage\":\"tr\",\"@id\":\"https:\\\/\\\/naturalpoland.com\\\/tr\\\/#\\\/schema\\\/logo\\\/image\\\/\",\"url\":\"https:\\\/\\\/naturalpoland.com\\\/wp-content\\\/uploads\\\/2021\\\/05\\\/natural-poland-icon.png\",\"contentUrl\":\"https:\\\/\\\/naturalpoland.com\\\/wp-content\\\/uploads\\\/2021\\\/05\\\/natural-poland-icon.png\",\"width\":512,\"height\":512,\"caption\":\"Natural Poland\"},\"image\":{\"@id\":\"https:\\\/\\\/naturalpoland.com\\\/tr\\\/#\\\/schema\\\/logo\\\/image\\\/\"},\"sameAs\":[\"https:\\\/\\\/www.facebook.com\\\/naturalpoland.b2b\",\"https:\\\/\\\/pl.linkedin.com\\\/company\\\/natural-poland\",\"https:\\\/\\\/www.youtube.com\\\/channel\\\/UCgeGGkvOMahZo-xu_MSEWxg\"]}]}<\/script>\n<!-- \/ Yoast SEO plugin. -->","yoast_head_json":{"title":"Pirin\u00e7 Tereya\u011f\u0131 - Hurtowy Dystrybutor","description":"Pirin\u00e7 Tereya\u011f\u0131, \u00f6zelliklerini pirin\u00e7 tanelerinin g\u00fcc\u00fcnden al\u0131r. Pirin\u00e7 tohumu ya\u011f\u0131 ve hidrojene bitkisel ya\u011fdan olu\u015fur.","robots":{"index":"index","follow":"follow","max-snippet":"max-snippet:-1","max-image-preview":"max-image-preview:large","max-video-preview":"max-video-preview:-1"},"canonical":"https:\/\/naturalpoland.com\/tr\/urunler\/kozmetik-hammaddeleri\/kozmetik-yaglari\/pirinc-tereyagi\/","og_locale":"tr_TR","og_type":"article","og_title":"Pirin\u00e7 Tereya\u011f\u0131 - Hurtowy Dystrybutor","og_description":"Pirin\u00e7 Tereya\u011f\u0131, \u00f6zelliklerini pirin\u00e7 tanelerinin g\u00fcc\u00fcnden al\u0131r. Pirin\u00e7 tohumu ya\u011f\u0131 ve hidrojene bitkisel ya\u011fdan olu\u015fur.","og_url":"https:\/\/naturalpoland.com\/tr\/urunler\/kozmetik-hammaddeleri\/kozmetik-yaglari\/pirinc-tereyagi\/","og_site_name":"NATURAL POLAND - Hurtowy Dystrybutor Surowc\u00f3w","article_publisher":"https:\/\/www.facebook.com\/naturalpoland.b2b","article_modified_time":"2026-03-10T13:11:34+00:00","og_image":[{"width":583,"height":583,"url":"https:\/\/naturalpoland.com\/wp-content\/uploads\/rice-butter.png","type":"image\/png"}],"schema":{"@context":"https:\/\/schema.org","@graph":[{"@type":"WebPage","@id":"https:\/\/naturalpoland.com\/tr\/urunler\/kozmetik-hammaddeleri\/kozmetik-yaglari\/pirinc-tereyagi\/","url":"https:\/\/naturalpoland.com\/tr\/urunler\/kozmetik-hammaddeleri\/kozmetik-yaglari\/pirinc-tereyagi\/","name":"Pirin\u00e7 Tereya\u011f\u0131 - Hurtowy Dystrybutor","isPartOf":{"@id":"https:\/\/naturalpoland.com\/tr\/#website"},"primaryImageOfPage":{"@id":"https:\/\/naturalpoland.com\/tr\/urunler\/kozmetik-hammaddeleri\/kozmetik-yaglari\/pirinc-tereyagi\/#primaryimage"},"image":{"@id":"https:\/\/naturalpoland.com\/tr\/urunler\/kozmetik-hammaddeleri\/kozmetik-yaglari\/pirinc-tereyagi\/#primaryimage"},"thumbnailUrl":"https:\/\/naturalpoland.com\/wp-content\/uploads\/rice-butter.png","datePublished":"2023-07-18T09:01:16+00:00","dateModified":"2026-03-10T13:11:34+00:00","description":"Pirin\u00e7 Tereya\u011f\u0131, \u00f6zelliklerini pirin\u00e7 tanelerinin g\u00fcc\u00fcnden al\u0131r. Pirin\u00e7 tohumu ya\u011f\u0131 ve hidrojene bitkisel ya\u011fdan olu\u015fur.","breadcrumb":{"@id":"https:\/\/naturalpoland.com\/tr\/urunler\/kozmetik-hammaddeleri\/kozmetik-yaglari\/pirinc-tereyagi\/#breadcrumb"},"inLanguage":"tr","potentialAction":[{"@type":"ReadAction","target":["https:\/\/naturalpoland.com\/tr\/urunler\/kozmetik-hammaddeleri\/kozmetik-yaglari\/pirinc-tereyagi\/"]}]},{"@type":"ImageObject","inLanguage":"tr","@id":"https:\/\/naturalpoland.com\/tr\/urunler\/kozmetik-hammaddeleri\/kozmetik-yaglari\/pirinc-tereyagi\/#primaryimage","url":"https:\/\/naturalpoland.com\/wp-content\/uploads\/rice-butter.png","contentUrl":"https:\/\/naturalpoland.com\/wp-content\/uploads\/rice-butter.png","width":583,"height":583,"caption":"pirin\u00e7 tereya\u011f\u0131"},{"@type":"BreadcrumbList","@id":"https:\/\/naturalpoland.com\/tr\/urunler\/kozmetik-hammaddeleri\/kozmetik-yaglari\/pirinc-tereyagi\/#breadcrumb","itemListElement":[{"@type":"ListItem","position":1,"name":"Ana Sayfa","item":"https:\/\/naturalpoland.com\/tr\/"},{"@type":"ListItem","position":2,"name":"\u00dcr\u00fcnler","item":"https:\/\/naturalpoland.com\/tr\/urunler\/"},{"@type":"ListItem","position":3,"name":"Pirin\u00e7 Tereya\u011f\u0131"}]},{"@type":"WebSite","@id":"https:\/\/naturalpoland.com\/tr\/#website","url":"https:\/\/naturalpoland.com\/tr\/","name":"NATURAL POLAND - Hurtowy Dystrybutor Surowc\u00f3w","description":"Surowce dla przemys\u0142u spo\u017cywczego, kosmetycznego i farmaceutycznego","publisher":{"@id":"https:\/\/naturalpoland.com\/tr\/#organization"},"potentialAction":[{"@type":"SearchAction","target":{"@type":"EntryPoint","urlTemplate":"https:\/\/naturalpoland.com\/tr\/?s={search_term_string}"},"query-input":{"@type":"PropertyValueSpecification","valueRequired":true,"valueName":"search_term_string"}}],"inLanguage":"tr"},{"@type":"Organization","@id":"https:\/\/naturalpoland.com\/tr\/#organization","name":"Natural Poland","url":"https:\/\/naturalpoland.com\/tr\/","logo":{"@type":"ImageObject","inLanguage":"tr","@id":"https:\/\/naturalpoland.com\/tr\/#\/schema\/logo\/image\/","url":"https:\/\/naturalpoland.com\/wp-content\/uploads\/2021\/05\/natural-poland-icon.png","contentUrl":"https:\/\/naturalpoland.com\/wp-content\/uploads\/2021\/05\/natural-poland-icon.png","width":512,"height":512,"caption":"Natural Poland"},"image":{"@id":"https:\/\/naturalpoland.com\/tr\/#\/schema\/logo\/image\/"},"sameAs":["https:\/\/www.facebook.com\/naturalpoland.b2b","https:\/\/pl.linkedin.com\/company\/natural-poland","https:\/\/www.youtube.com\/channel\/UCgeGGkvOMahZo-xu_MSEWxg"]}]}},"_links":{"self":[{"href":"https:\/\/naturalpoland.com\/tr\/wp-json\/wp\/v2\/product\/46601","targetHints":{"allow":["GET"]}}],"collection":[{"href":"https:\/\/naturalpoland.com\/tr\/wp-json\/wp\/v2\/product"}],"about":[{"href":"https:\/\/naturalpoland.com\/tr\/wp-json\/wp\/v2\/types\/product"}],"wp:featuredmedia":[{"embeddable":true,"href":"https:\/\/naturalpoland.com\/tr\/wp-json\/wp\/v2\/media\/46602"}],"wp:attachment":[{"href":"https:\/\/naturalpoland.com\/tr\/wp-json\/wp\/v2\/media?parent=46601"}],"wp:term":[{"taxonomy":"product_brand","embeddable":true,"href":"https:\/\/naturalpoland.com\/tr\/wp-json\/wp\/v2\/product_brand?post=46601"},{"taxonomy":"product_cat","embeddable":true,"href":"https:\/\/naturalpoland.com\/tr\/wp-json\/wp\/v2\/product_cat?post=46601"},{"taxonomy":"product_tag","embeddable":true,"href":"https:\/\/naturalpoland.com\/tr\/wp-json\/wp\/v2\/product_tag?post=46601"}],"curies":[{"name":"wp","href":"https:\/\/api.w.org\/{rel}","templated":true}]}}