{"id":46605,"date":"2023-07-18T10:49:57","date_gmt":"2023-07-18T08:49:57","guid":{"rendered":"https:\/\/naturalpoland.com\/produkty\/kategorilenmemis\/antep-fistigi-yagi\/"},"modified":"2026-03-10T14:12:29","modified_gmt":"2026-03-10T13:12:29","slug":"antep-fistigi-yagi","status":"publish","type":"product","link":"https:\/\/naturalpoland.com\/tr\/urunler\/kozmetik-hammaddeleri\/kozmetik-yaglari\/antep-fistigi-yagi\/","title":{"rendered":"Antep F\u0131st\u0131\u011f\u0131 Ya\u011f\u0131"},"content":{"rendered":"<h2>Antep F\u0131st\u0131\u011f\u0131 Ya\u011f\u0131n\u0131n Bile\u015fimi<\/h2>\n<p>Antep f\u0131st\u0131\u011f\u0131 ya\u011f\u0131, antep f\u0131st\u0131\u011f\u0131 tohumu ya\u011f\u0131 ve hidrojene bitkisel ya\u011fdan olu\u015fur.<\/p>\n<p><strong><a href=\"https:\/\/naturalpoland.com\/produkty\/oleje-spozywcze-i-kosmetyczne\/olej-pistacjowy\/\">Antep f\u0131st\u0131\u011f\u0131 tohumu ya\u011f\u0131<\/a><\/strong>, ger\u00e7ek bir besin de\u011feri hazinesidir. Antioksidan \u00f6zellikleriyle bilinen ve cildi \u00e7evresel zararl\u0131 fakt\u00f6rlere kar\u015f\u0131 korumaya yard\u0131mc\u0131 olan <strong><a href=\"https:\/\/naturalpoland.com\/produkty\/produkty-dla-przemyslu-farmaceutycznego-i-medycznego\/witaminy\/witamina-e\/\">E vitamini<\/a><\/strong> a\u00e7\u0131s\u0131ndan zengindir. Ayr\u0131ca cildin uygun nemini korumas\u0131na ve do\u011fal koruyucu bariyerini muhafaza etmesine destek olan doymam\u0131\u015f ya\u011f asitleri i\u00e7erir.  <\/p>\n<p><strong>Hidrojene bitkisel ya\u011f<\/strong>, antep f\u0131st\u0131\u011f\u0131 ya\u011f\u0131na cilt \u00fczerinde kolayca yay\u0131lan ve h\u0131zla emen ipeksi, kremsi bir k\u0131vam kazand\u0131r\u0131r. Bu sayede kozmetik \u00fcr\u00fcn kullan\u0131mda son derece ho\u015f olup cildi gerekli t\u00fcm besin bile\u015fenleriyle etkili bir \u015fekilde besler. <\/p>\n<p>Cildi gerekli besin bile\u015fenleriyle besleyen ve ola\u011fan\u00fcst\u00fc yumu\u015fakl\u0131k ve p\u00fcr\u00fczs\u00fczl\u00fck sa\u011flayan ideal bile\u015fen kombinasyonudur.<\/p>\n<h2>Antep F\u0131st\u0131\u011f\u0131 Ya\u011f\u0131n\u0131n Kullan\u0131m\u0131<\/h2>\n<p>Antep F\u0131st\u0131\u011f\u0131 Ya\u011f\u0131 her cilt tipi i\u00e7in m\u00fckemmel bir se\u00e7imdir, ancak \u00f6zellikle kuru ve olgun ciltler i\u00e7in \u00f6nerilir. V\u00fccut, y\u00fcz ve sa\u00e7 bak\u0131m\u0131nda kullan\u0131labilir. Tek ba\u015f\u0131na veya ev yap\u0131m\u0131 kozmetiklerde &#8211; maskelerde, balsamlarda veya kremlerde bile\u015fen olarak kullan\u0131labilir.  <\/p>\n","protected":false},"excerpt":{"rendered":"<p>Antep f\u0131st\u0131\u011f\u0131 ya\u011f\u0131, antep f\u0131st\u0131\u011f\u0131 tohumu ya\u011f\u0131 (<em>Pistacia Vera Seed Oil<\/em>) ve hidrojene bitkisel ya\u011f\u0131 (<em>Hydrogenated Vegetable Oil<\/em>) bir araya getiren benzersiz bir kozmetik \u00fcr\u00fcnd\u00fcr.<\/p>\n","protected":false},"featured_media":46606,"template":"","meta":{"_acf_changed":false},"product_brand":[],"product_cat":[9550],"product_tag":[],"class_list":{"0":"post-46605","1":"product","2":"type-product","3":"status-publish","4":"has-post-thumbnail","6":"product_cat-kozmetik-yaglari","8":"first","9":"instock","10":"shipping-taxable","11":"product-type-simple"},"acf":[],"yoast_head":"<!-- This site is optimized with the Yoast SEO plugin v27.4 - https:\/\/yoast.com\/product\/yoast-seo-wordpress\/ -->\n<title>Antep F\u0131st\u0131\u011f\u0131 Ya\u011f\u0131 - Hurtowy Dystrybutor<\/title>\n<meta name=\"description\" content=\"Antep f\u0131st\u0131\u011f\u0131 ya\u011f\u0131, antep f\u0131st\u0131\u011f\u0131 tohumu ya\u011f\u0131 (Pistacia Vera Seed Oil) ve hidrojene bitkisel ya\u011f\u0131 bir araya getiren benzersiz bir kozmetik \u00fcr\u00fcnd\u00fcr.\" \/>\n<meta name=\"robots\" content=\"index, follow, max-snippet:-1, max-image-preview:large, max-video-preview:-1\" \/>\n<link rel=\"canonical\" href=\"https:\/\/naturalpoland.com\/tr\/urunler\/kozmetik-hammaddeleri\/kozmetik-yaglari\/antep-fistigi-yagi\/\" \/>\n<meta property=\"og:locale\" content=\"tr_TR\" \/>\n<meta property=\"og:type\" content=\"article\" \/>\n<meta property=\"og:title\" content=\"Antep F\u0131st\u0131\u011f\u0131 Ya\u011f\u0131 - Hurtowy Dystrybutor\" \/>\n<meta property=\"og:description\" content=\"Antep f\u0131st\u0131\u011f\u0131 ya\u011f\u0131, antep f\u0131st\u0131\u011f\u0131 tohumu ya\u011f\u0131 (Pistacia Vera Seed Oil) ve hidrojene bitkisel ya\u011f\u0131 bir araya getiren benzersiz bir kozmetik \u00fcr\u00fcnd\u00fcr.\" \/>\n<meta property=\"og:url\" content=\"https:\/\/naturalpoland.com\/tr\/urunler\/kozmetik-hammaddeleri\/kozmetik-yaglari\/antep-fistigi-yagi\/\" \/>\n<meta property=\"og:site_name\" content=\"NATURAL POLAND - Hurtowy Dystrybutor Surowc\u00f3w\" \/>\n<meta property=\"article:publisher\" content=\"https:\/\/www.facebook.com\/naturalpoland.b2b\" \/>\n<meta property=\"article:modified_time\" content=\"2026-03-10T13:12:29+00:00\" \/>\n<meta property=\"og:image\" content=\"https:\/\/naturalpoland.com\/wp-content\/uploads\/pistachio-butter.png\" \/>\n\t<meta property=\"og:image:width\" content=\"583\" \/>\n\t<meta property=\"og:image:height\" content=\"583\" \/>\n\t<meta property=\"og:image:type\" content=\"image\/png\" \/>\n<script type=\"application\/ld+json\" class=\"yoast-schema-graph\">{\"@context\":\"https:\\\/\\\/schema.org\",\"@graph\":[{\"@type\":\"WebPage\",\"@id\":\"https:\\\/\\\/naturalpoland.com\\\/tr\\\/urunler\\\/kozmetik-hammaddeleri\\\/kozmetik-yaglari\\\/antep-fistigi-yagi\\\/\",\"url\":\"https:\\\/\\\/naturalpoland.com\\\/tr\\\/urunler\\\/kozmetik-hammaddeleri\\\/kozmetik-yaglari\\\/antep-fistigi-yagi\\\/\",\"name\":\"Antep F\u0131st\u0131\u011f\u0131 Ya\u011f\u0131 - Hurtowy Dystrybutor\",\"isPartOf\":{\"@id\":\"https:\\\/\\\/naturalpoland.com\\\/tr\\\/#website\"},\"primaryImageOfPage\":{\"@id\":\"https:\\\/\\\/naturalpoland.com\\\/tr\\\/urunler\\\/kozmetik-hammaddeleri\\\/kozmetik-yaglari\\\/antep-fistigi-yagi\\\/#primaryimage\"},\"image\":{\"@id\":\"https:\\\/\\\/naturalpoland.com\\\/tr\\\/urunler\\\/kozmetik-hammaddeleri\\\/kozmetik-yaglari\\\/antep-fistigi-yagi\\\/#primaryimage\"},\"thumbnailUrl\":\"https:\\\/\\\/naturalpoland.com\\\/wp-content\\\/uploads\\\/pistachio-butter.png\",\"datePublished\":\"2023-07-18T08:49:57+00:00\",\"dateModified\":\"2026-03-10T13:12:29+00:00\",\"description\":\"Antep f\u0131st\u0131\u011f\u0131 ya\u011f\u0131, antep f\u0131st\u0131\u011f\u0131 tohumu ya\u011f\u0131 (Pistacia Vera Seed Oil) ve hidrojene bitkisel ya\u011f\u0131 bir araya getiren benzersiz bir kozmetik \u00fcr\u00fcnd\u00fcr.\",\"breadcrumb\":{\"@id\":\"https:\\\/\\\/naturalpoland.com\\\/tr\\\/urunler\\\/kozmetik-hammaddeleri\\\/kozmetik-yaglari\\\/antep-fistigi-yagi\\\/#breadcrumb\"},\"inLanguage\":\"tr\",\"potentialAction\":[{\"@type\":\"ReadAction\",\"target\":[\"https:\\\/\\\/naturalpoland.com\\\/tr\\\/urunler\\\/kozmetik-hammaddeleri\\\/kozmetik-yaglari\\\/antep-fistigi-yagi\\\/\"]}]},{\"@type\":\"ImageObject\",\"inLanguage\":\"tr\",\"@id\":\"https:\\\/\\\/naturalpoland.com\\\/tr\\\/urunler\\\/kozmetik-hammaddeleri\\\/kozmetik-yaglari\\\/antep-fistigi-yagi\\\/#primaryimage\",\"url\":\"https:\\\/\\\/naturalpoland.com\\\/wp-content\\\/uploads\\\/pistachio-butter.png\",\"contentUrl\":\"https:\\\/\\\/naturalpoland.com\\\/wp-content\\\/uploads\\\/pistachio-butter.png\",\"width\":583,\"height\":583,\"caption\":\"antep f\u0131st\u0131\u011f\u0131 ya\u011f\u0131\"},{\"@type\":\"BreadcrumbList\",\"@id\":\"https:\\\/\\\/naturalpoland.com\\\/tr\\\/urunler\\\/kozmetik-hammaddeleri\\\/kozmetik-yaglari\\\/antep-fistigi-yagi\\\/#breadcrumb\",\"itemListElement\":[{\"@type\":\"ListItem\",\"position\":1,\"name\":\"Ana Sayfa\",\"item\":\"https:\\\/\\\/naturalpoland.com\\\/tr\\\/\"},{\"@type\":\"ListItem\",\"position\":2,\"name\":\"\u00dcr\u00fcnler\",\"item\":\"https:\\\/\\\/naturalpoland.com\\\/tr\\\/urunler\\\/\"},{\"@type\":\"ListItem\",\"position\":3,\"name\":\"Antep F\u0131st\u0131\u011f\u0131 Ya\u011f\u0131\"}]},{\"@type\":\"WebSite\",\"@id\":\"https:\\\/\\\/naturalpoland.com\\\/tr\\\/#website\",\"url\":\"https:\\\/\\\/naturalpoland.com\\\/tr\\\/\",\"name\":\"NATURAL POLAND - Hurtowy Dystrybutor Surowc\u00f3w\",\"description\":\"Surowce dla przemys\u0142u spo\u017cywczego, kosmetycznego i farmaceutycznego\",\"publisher\":{\"@id\":\"https:\\\/\\\/naturalpoland.com\\\/tr\\\/#organization\"},\"potentialAction\":[{\"@type\":\"SearchAction\",\"target\":{\"@type\":\"EntryPoint\",\"urlTemplate\":\"https:\\\/\\\/naturalpoland.com\\\/tr\\\/?s={search_term_string}\"},\"query-input\":{\"@type\":\"PropertyValueSpecification\",\"valueRequired\":true,\"valueName\":\"search_term_string\"}}],\"inLanguage\":\"tr\"},{\"@type\":\"Organization\",\"@id\":\"https:\\\/\\\/naturalpoland.com\\\/tr\\\/#organization\",\"name\":\"Natural Poland\",\"url\":\"https:\\\/\\\/naturalpoland.com\\\/tr\\\/\",\"logo\":{\"@type\":\"ImageObject\",\"inLanguage\":\"tr\",\"@id\":\"https:\\\/\\\/naturalpoland.com\\\/tr\\\/#\\\/schema\\\/logo\\\/image\\\/\",\"url\":\"https:\\\/\\\/naturalpoland.com\\\/wp-content\\\/uploads\\\/2021\\\/05\\\/natural-poland-icon.png\",\"contentUrl\":\"https:\\\/\\\/naturalpoland.com\\\/wp-content\\\/uploads\\\/2021\\\/05\\\/natural-poland-icon.png\",\"width\":512,\"height\":512,\"caption\":\"Natural Poland\"},\"image\":{\"@id\":\"https:\\\/\\\/naturalpoland.com\\\/tr\\\/#\\\/schema\\\/logo\\\/image\\\/\"},\"sameAs\":[\"https:\\\/\\\/www.facebook.com\\\/naturalpoland.b2b\",\"https:\\\/\\\/pl.linkedin.com\\\/company\\\/natural-poland\",\"https:\\\/\\\/www.youtube.com\\\/channel\\\/UCgeGGkvOMahZo-xu_MSEWxg\"]}]}<\/script>\n<!-- \/ Yoast SEO plugin. -->","yoast_head_json":{"title":"Antep F\u0131st\u0131\u011f\u0131 Ya\u011f\u0131 - Hurtowy Dystrybutor","description":"Antep f\u0131st\u0131\u011f\u0131 ya\u011f\u0131, antep f\u0131st\u0131\u011f\u0131 tohumu ya\u011f\u0131 (Pistacia Vera Seed Oil) ve hidrojene bitkisel ya\u011f\u0131 bir araya getiren benzersiz bir kozmetik \u00fcr\u00fcnd\u00fcr.","robots":{"index":"index","follow":"follow","max-snippet":"max-snippet:-1","max-image-preview":"max-image-preview:large","max-video-preview":"max-video-preview:-1"},"canonical":"https:\/\/naturalpoland.com\/tr\/urunler\/kozmetik-hammaddeleri\/kozmetik-yaglari\/antep-fistigi-yagi\/","og_locale":"tr_TR","og_type":"article","og_title":"Antep F\u0131st\u0131\u011f\u0131 Ya\u011f\u0131 - Hurtowy Dystrybutor","og_description":"Antep f\u0131st\u0131\u011f\u0131 ya\u011f\u0131, antep f\u0131st\u0131\u011f\u0131 tohumu ya\u011f\u0131 (Pistacia Vera Seed Oil) ve hidrojene bitkisel ya\u011f\u0131 bir araya getiren benzersiz bir kozmetik \u00fcr\u00fcnd\u00fcr.","og_url":"https:\/\/naturalpoland.com\/tr\/urunler\/kozmetik-hammaddeleri\/kozmetik-yaglari\/antep-fistigi-yagi\/","og_site_name":"NATURAL POLAND - Hurtowy Dystrybutor Surowc\u00f3w","article_publisher":"https:\/\/www.facebook.com\/naturalpoland.b2b","article_modified_time":"2026-03-10T13:12:29+00:00","og_image":[{"width":583,"height":583,"url":"https:\/\/naturalpoland.com\/wp-content\/uploads\/pistachio-butter.png","type":"image\/png"}],"schema":{"@context":"https:\/\/schema.org","@graph":[{"@type":"WebPage","@id":"https:\/\/naturalpoland.com\/tr\/urunler\/kozmetik-hammaddeleri\/kozmetik-yaglari\/antep-fistigi-yagi\/","url":"https:\/\/naturalpoland.com\/tr\/urunler\/kozmetik-hammaddeleri\/kozmetik-yaglari\/antep-fistigi-yagi\/","name":"Antep F\u0131st\u0131\u011f\u0131 Ya\u011f\u0131 - Hurtowy Dystrybutor","isPartOf":{"@id":"https:\/\/naturalpoland.com\/tr\/#website"},"primaryImageOfPage":{"@id":"https:\/\/naturalpoland.com\/tr\/urunler\/kozmetik-hammaddeleri\/kozmetik-yaglari\/antep-fistigi-yagi\/#primaryimage"},"image":{"@id":"https:\/\/naturalpoland.com\/tr\/urunler\/kozmetik-hammaddeleri\/kozmetik-yaglari\/antep-fistigi-yagi\/#primaryimage"},"thumbnailUrl":"https:\/\/naturalpoland.com\/wp-content\/uploads\/pistachio-butter.png","datePublished":"2023-07-18T08:49:57+00:00","dateModified":"2026-03-10T13:12:29+00:00","description":"Antep f\u0131st\u0131\u011f\u0131 ya\u011f\u0131, antep f\u0131st\u0131\u011f\u0131 tohumu ya\u011f\u0131 (Pistacia Vera Seed Oil) ve hidrojene bitkisel ya\u011f\u0131 bir araya getiren benzersiz bir kozmetik \u00fcr\u00fcnd\u00fcr.","breadcrumb":{"@id":"https:\/\/naturalpoland.com\/tr\/urunler\/kozmetik-hammaddeleri\/kozmetik-yaglari\/antep-fistigi-yagi\/#breadcrumb"},"inLanguage":"tr","potentialAction":[{"@type":"ReadAction","target":["https:\/\/naturalpoland.com\/tr\/urunler\/kozmetik-hammaddeleri\/kozmetik-yaglari\/antep-fistigi-yagi\/"]}]},{"@type":"ImageObject","inLanguage":"tr","@id":"https:\/\/naturalpoland.com\/tr\/urunler\/kozmetik-hammaddeleri\/kozmetik-yaglari\/antep-fistigi-yagi\/#primaryimage","url":"https:\/\/naturalpoland.com\/wp-content\/uploads\/pistachio-butter.png","contentUrl":"https:\/\/naturalpoland.com\/wp-content\/uploads\/pistachio-butter.png","width":583,"height":583,"caption":"antep f\u0131st\u0131\u011f\u0131 ya\u011f\u0131"},{"@type":"BreadcrumbList","@id":"https:\/\/naturalpoland.com\/tr\/urunler\/kozmetik-hammaddeleri\/kozmetik-yaglari\/antep-fistigi-yagi\/#breadcrumb","itemListElement":[{"@type":"ListItem","position":1,"name":"Ana Sayfa","item":"https:\/\/naturalpoland.com\/tr\/"},{"@type":"ListItem","position":2,"name":"\u00dcr\u00fcnler","item":"https:\/\/naturalpoland.com\/tr\/urunler\/"},{"@type":"ListItem","position":3,"name":"Antep F\u0131st\u0131\u011f\u0131 Ya\u011f\u0131"}]},{"@type":"WebSite","@id":"https:\/\/naturalpoland.com\/tr\/#website","url":"https:\/\/naturalpoland.com\/tr\/","name":"NATURAL POLAND - Hurtowy Dystrybutor Surowc\u00f3w","description":"Surowce dla przemys\u0142u spo\u017cywczego, kosmetycznego i farmaceutycznego","publisher":{"@id":"https:\/\/naturalpoland.com\/tr\/#organization"},"potentialAction":[{"@type":"SearchAction","target":{"@type":"EntryPoint","urlTemplate":"https:\/\/naturalpoland.com\/tr\/?s={search_term_string}"},"query-input":{"@type":"PropertyValueSpecification","valueRequired":true,"valueName":"search_term_string"}}],"inLanguage":"tr"},{"@type":"Organization","@id":"https:\/\/naturalpoland.com\/tr\/#organization","name":"Natural Poland","url":"https:\/\/naturalpoland.com\/tr\/","logo":{"@type":"ImageObject","inLanguage":"tr","@id":"https:\/\/naturalpoland.com\/tr\/#\/schema\/logo\/image\/","url":"https:\/\/naturalpoland.com\/wp-content\/uploads\/2021\/05\/natural-poland-icon.png","contentUrl":"https:\/\/naturalpoland.com\/wp-content\/uploads\/2021\/05\/natural-poland-icon.png","width":512,"height":512,"caption":"Natural Poland"},"image":{"@id":"https:\/\/naturalpoland.com\/tr\/#\/schema\/logo\/image\/"},"sameAs":["https:\/\/www.facebook.com\/naturalpoland.b2b","https:\/\/pl.linkedin.com\/company\/natural-poland","https:\/\/www.youtube.com\/channel\/UCgeGGkvOMahZo-xu_MSEWxg"]}]}},"_links":{"self":[{"href":"https:\/\/naturalpoland.com\/tr\/wp-json\/wp\/v2\/product\/46605","targetHints":{"allow":["GET"]}}],"collection":[{"href":"https:\/\/naturalpoland.com\/tr\/wp-json\/wp\/v2\/product"}],"about":[{"href":"https:\/\/naturalpoland.com\/tr\/wp-json\/wp\/v2\/types\/product"}],"wp:featuredmedia":[{"embeddable":true,"href":"https:\/\/naturalpoland.com\/tr\/wp-json\/wp\/v2\/media\/46606"}],"wp:attachment":[{"href":"https:\/\/naturalpoland.com\/tr\/wp-json\/wp\/v2\/media?parent=46605"}],"wp:term":[{"taxonomy":"product_brand","embeddable":true,"href":"https:\/\/naturalpoland.com\/tr\/wp-json\/wp\/v2\/product_brand?post=46605"},{"taxonomy":"product_cat","embeddable":true,"href":"https:\/\/naturalpoland.com\/tr\/wp-json\/wp\/v2\/product_cat?post=46605"},{"taxonomy":"product_tag","embeddable":true,"href":"https:\/\/naturalpoland.com\/tr\/wp-json\/wp\/v2\/product_tag?post=46605"}],"curies":[{"name":"wp","href":"https:\/\/api.w.org\/{rel}","templated":true}]}}