{"id":46609,"date":"2023-07-18T11:22:36","date_gmt":"2023-07-18T09:22:36","guid":{"rendered":"https:\/\/naturalpoland.com\/produkty\/kategorilenmemis\/vanilya-yagi\/"},"modified":"2026-03-10T14:12:46","modified_gmt":"2026-03-10T13:12:46","slug":"vanilya-yagi","status":"publish","type":"product","link":"https:\/\/naturalpoland.com\/tr\/urunler\/kozmetik-hammaddeleri\/kozmetik-yaglari\/vanilya-yagi\/","title":{"rendered":"Vanilya Ya\u011f\u0131"},"content":{"rendered":"<h2>Vanilya Ya\u011f\u0131n\u0131n Bile\u015fimi ve \u00d6zellikleri<\/h2>\n<p><strong>Vanilya<\/strong>, aroma ve kozmetik d\u00fcnyas\u0131n\u0131n en \u00e7ok aranan bile\u015fenlerinden biridir. Zengin, tatl\u0131 kokusu \u00fcr\u00fcnlere derinlik ve e\u015fsiz bir karakter katar. Vanilya Ya\u011f\u0131m\u0131z, <strong><a href=\"https:\/\/naturalpoland.com\/produkty\/produkty-dla-przemyslu-kosmetycznego\/oleje-kosmetyczne\/olej-migdalowy\/\">tatl\u0131 badem ya\u011f\u0131<\/a><\/strong> (<em>Prunus Amygdalus Dulcis<\/em>), <strong><a href=\"https:\/\/naturalpoland.com\/tr\/urunler\/gida-ve-kozmetik-yaglari\/aycicegi-tohumu-yagi\/\">ay\u00e7i\u00e7e\u011fi ya\u011f\u0131<\/a><\/strong> (<em>Helianthus Annuus<\/em>), <strong>hidrojenize bitkisel ya\u011f<\/strong> (<em>Hydrogenated Vegetable Oil<\/em>) ve <strong>vanilya ya\u011f\u0131<\/strong> (<em>Vanilla Planifolia<\/em>) gibi faydal\u0131 \u00f6zellikleri birle\u015ftirerek bu deneyimi yeni bir seviyeye ta\u015f\u0131r. Bu sayede, cildin ihtiya\u00e7lar\u0131n\u0131 kar\u015f\u0131layan, en y\u00fcksek kalitede besin maddeleri sa\u011flayan ve ayn\u0131 zamanda duyusal bir vanilya aromas\u0131 yayan bir \u00fcr\u00fcn ortaya \u00e7\u0131km\u0131\u015ft\u0131r.   <\/p>\n<p>Vanilya Ya\u011f\u0131m\u0131z duyular i\u00e7in ger\u00e7ek bir \u015f\u00f6lendir. Vanilya ya\u011f\u0131, zihni ve bedeni yat\u0131\u015ft\u0131ran, ayn\u0131 zamanda ruh halini olumlu etkileyen tatl\u0131, s\u0131cak bir aroma katar. Ancak vanilya kullan\u0131m\u0131 sadece koku meselesi de\u011fildir; vanilya ya\u011f\u0131, cildi serbest radikallerin zararl\u0131 etkilerinden korumaya yard\u0131mc\u0131 olan antioksidan \u00f6zelliklere de sahiptir.  <\/p>\n<p>Tatl\u0131 badem ya\u011f\u0131 ve ay\u00e7i\u00e7e\u011fi ya\u011f\u0131, cilt sa\u011fl\u0131\u011f\u0131 i\u00e7in gerekli olan <strong><a href=\"https:\/\/naturalpoland.com\/tr\/kategori\/farmasotik-hammaddeler\/vitaminler\/\">vitaminler<\/a><\/strong> ve doymam\u0131\u015f ya\u011f asitlerinin de\u011ferli kaynaklar\u0131d\u0131r. Cildin do\u011fal koruyucu bariyerini destekleyerek uygun nem ve elastikiyetini korumas\u0131na yard\u0131mc\u0131 olurlar. <\/p>\n<h2>Vanilya Ya\u011f\u0131 Kullan\u0131m\u0131<\/h2>\n<p>Vanilya Ya\u011f\u0131, kolayca yay\u0131lan ve h\u0131zla emilen kremsi, zengin bir dokuya sahiptir, bu da onu kullan\u0131m\u0131 son derece keyifli k\u0131lar. T\u00fcm bunlara ra\u011fmen, ciltte ya\u011fl\u0131 bir tabaka b\u0131rakmaz, bu da onu kuru ve olgun ciltlerden normal ve ya\u011fl\u0131 ciltlere kadar her cilt tipi i\u00e7in ideal bir se\u00e7im yapar. <\/p>\n<p>Vanilya Ya\u011f\u0131, y\u00fcz, v\u00fccut ve hatta sa\u00e7 bak\u0131m\u0131 i\u00e7in kullan\u0131labilen \u00e7ok y\u00f6nl\u00fc bir \u00fcr\u00fcnd\u00fcr. Tek ba\u015f\u0131na veya ev yap\u0131m\u0131 kozmetiklerin \u2013 maskelerin, losyonlar\u0131n veya kremlerin \u2013 bir bile\u015feni olarak kullan\u0131labilir. <\/p>\n","protected":false},"excerpt":{"rendered":"<p>Vanilya Ya\u011f\u0131, badem ve ay\u00e7i\u00e7e\u011fi ya\u011flar\u0131n\u0131n besleyici \u00f6zelliklerini vanilyan\u0131n yat\u0131\u015ft\u0131r\u0131c\u0131 aromas\u0131yla birle\u015ftiren, cilde derinlemesine nem ve e\u015fsiz konfor sa\u011flayan l\u00fcks bir kozmetiktir.<\/p>\n","protected":false},"featured_media":46610,"template":"","meta":{"_acf_changed":false},"product_brand":[],"product_cat":[9550],"product_tag":[],"class_list":{"0":"post-46609","1":"product","2":"type-product","3":"status-publish","4":"has-post-thumbnail","6":"product_cat-kozmetik-yaglari","8":"first","9":"instock","10":"shipping-taxable","11":"product-type-simple"},"acf":[],"yoast_head":"<!-- This site is optimized with the Yoast SEO plugin v27.4 - https:\/\/yoast.com\/product\/yoast-seo-wordpress\/ -->\n<title>Vanilya Ya\u011f\u0131 - Hurtowy Dystrybutor<\/title>\n<meta name=\"description\" content=\"Vanilya Ya\u011f\u0131, badem ve ay\u00e7i\u00e7e\u011fi ya\u011flar\u0131n\u0131n besleyici \u00f6zelliklerini vanilyan\u0131n yat\u0131\u015ft\u0131r\u0131c\u0131 aromas\u0131yla birle\u015ftiren l\u00fcks bir kozmetiktir,\" \/>\n<meta name=\"robots\" content=\"index, follow, max-snippet:-1, max-image-preview:large, max-video-preview:-1\" \/>\n<link rel=\"canonical\" href=\"https:\/\/naturalpoland.com\/tr\/urunler\/kozmetik-hammaddeleri\/kozmetik-yaglari\/vanilya-yagi\/\" \/>\n<meta property=\"og:locale\" content=\"tr_TR\" \/>\n<meta property=\"og:type\" content=\"article\" \/>\n<meta property=\"og:title\" content=\"Vanilya Ya\u011f\u0131 - Hurtowy Dystrybutor\" \/>\n<meta property=\"og:description\" content=\"Vanilya Ya\u011f\u0131, badem ve ay\u00e7i\u00e7e\u011fi ya\u011flar\u0131n\u0131n besleyici \u00f6zelliklerini vanilyan\u0131n yat\u0131\u015ft\u0131r\u0131c\u0131 aromas\u0131yla birle\u015ftiren l\u00fcks bir kozmetiktir,\" \/>\n<meta property=\"og:url\" content=\"https:\/\/naturalpoland.com\/tr\/urunler\/kozmetik-hammaddeleri\/kozmetik-yaglari\/vanilya-yagi\/\" \/>\n<meta property=\"og:site_name\" content=\"NATURAL POLAND - Hurtowy Dystrybutor Surowc\u00f3w\" \/>\n<meta property=\"article:publisher\" content=\"https:\/\/www.facebook.com\/naturalpoland.b2b\" \/>\n<meta property=\"article:modified_time\" content=\"2026-03-10T13:12:46+00:00\" \/>\n<meta property=\"og:image\" content=\"https:\/\/naturalpoland.com\/wp-content\/uploads\/vanilla-butter.png\" \/>\n\t<meta property=\"og:image:width\" content=\"583\" \/>\n\t<meta property=\"og:image:height\" content=\"583\" \/>\n\t<meta property=\"og:image:type\" content=\"image\/png\" \/>\n<script type=\"application\/ld+json\" class=\"yoast-schema-graph\">{\"@context\":\"https:\\\/\\\/schema.org\",\"@graph\":[{\"@type\":\"WebPage\",\"@id\":\"https:\\\/\\\/naturalpoland.com\\\/tr\\\/urunler\\\/kozmetik-hammaddeleri\\\/kozmetik-yaglari\\\/vanilya-yagi\\\/\",\"url\":\"https:\\\/\\\/naturalpoland.com\\\/tr\\\/urunler\\\/kozmetik-hammaddeleri\\\/kozmetik-yaglari\\\/vanilya-yagi\\\/\",\"name\":\"Vanilya Ya\u011f\u0131 - Hurtowy Dystrybutor\",\"isPartOf\":{\"@id\":\"https:\\\/\\\/naturalpoland.com\\\/tr\\\/#website\"},\"primaryImageOfPage\":{\"@id\":\"https:\\\/\\\/naturalpoland.com\\\/tr\\\/urunler\\\/kozmetik-hammaddeleri\\\/kozmetik-yaglari\\\/vanilya-yagi\\\/#primaryimage\"},\"image\":{\"@id\":\"https:\\\/\\\/naturalpoland.com\\\/tr\\\/urunler\\\/kozmetik-hammaddeleri\\\/kozmetik-yaglari\\\/vanilya-yagi\\\/#primaryimage\"},\"thumbnailUrl\":\"https:\\\/\\\/naturalpoland.com\\\/wp-content\\\/uploads\\\/vanilla-butter.png\",\"datePublished\":\"2023-07-18T09:22:36+00:00\",\"dateModified\":\"2026-03-10T13:12:46+00:00\",\"description\":\"Vanilya Ya\u011f\u0131, badem ve ay\u00e7i\u00e7e\u011fi ya\u011flar\u0131n\u0131n besleyici \u00f6zelliklerini vanilyan\u0131n yat\u0131\u015ft\u0131r\u0131c\u0131 aromas\u0131yla birle\u015ftiren l\u00fcks bir kozmetiktir,\",\"breadcrumb\":{\"@id\":\"https:\\\/\\\/naturalpoland.com\\\/tr\\\/urunler\\\/kozmetik-hammaddeleri\\\/kozmetik-yaglari\\\/vanilya-yagi\\\/#breadcrumb\"},\"inLanguage\":\"tr\",\"potentialAction\":[{\"@type\":\"ReadAction\",\"target\":[\"https:\\\/\\\/naturalpoland.com\\\/tr\\\/urunler\\\/kozmetik-hammaddeleri\\\/kozmetik-yaglari\\\/vanilya-yagi\\\/\"]}]},{\"@type\":\"ImageObject\",\"inLanguage\":\"tr\",\"@id\":\"https:\\\/\\\/naturalpoland.com\\\/tr\\\/urunler\\\/kozmetik-hammaddeleri\\\/kozmetik-yaglari\\\/vanilya-yagi\\\/#primaryimage\",\"url\":\"https:\\\/\\\/naturalpoland.com\\\/wp-content\\\/uploads\\\/vanilla-butter.png\",\"contentUrl\":\"https:\\\/\\\/naturalpoland.com\\\/wp-content\\\/uploads\\\/vanilla-butter.png\",\"width\":583,\"height\":583,\"caption\":\"vanilya ya\u011f\u0131\"},{\"@type\":\"BreadcrumbList\",\"@id\":\"https:\\\/\\\/naturalpoland.com\\\/tr\\\/urunler\\\/kozmetik-hammaddeleri\\\/kozmetik-yaglari\\\/vanilya-yagi\\\/#breadcrumb\",\"itemListElement\":[{\"@type\":\"ListItem\",\"position\":1,\"name\":\"Ana Sayfa\",\"item\":\"https:\\\/\\\/naturalpoland.com\\\/tr\\\/\"},{\"@type\":\"ListItem\",\"position\":2,\"name\":\"\u00dcr\u00fcnler\",\"item\":\"https:\\\/\\\/naturalpoland.com\\\/tr\\\/urunler\\\/\"},{\"@type\":\"ListItem\",\"position\":3,\"name\":\"Vanilya Ya\u011f\u0131\"}]},{\"@type\":\"WebSite\",\"@id\":\"https:\\\/\\\/naturalpoland.com\\\/tr\\\/#website\",\"url\":\"https:\\\/\\\/naturalpoland.com\\\/tr\\\/\",\"name\":\"NATURAL POLAND - Hurtowy Dystrybutor Surowc\u00f3w\",\"description\":\"Surowce dla przemys\u0142u spo\u017cywczego, kosmetycznego i farmaceutycznego\",\"publisher\":{\"@id\":\"https:\\\/\\\/naturalpoland.com\\\/tr\\\/#organization\"},\"potentialAction\":[{\"@type\":\"SearchAction\",\"target\":{\"@type\":\"EntryPoint\",\"urlTemplate\":\"https:\\\/\\\/naturalpoland.com\\\/tr\\\/?s={search_term_string}\"},\"query-input\":{\"@type\":\"PropertyValueSpecification\",\"valueRequired\":true,\"valueName\":\"search_term_string\"}}],\"inLanguage\":\"tr\"},{\"@type\":\"Organization\",\"@id\":\"https:\\\/\\\/naturalpoland.com\\\/tr\\\/#organization\",\"name\":\"Natural Poland\",\"url\":\"https:\\\/\\\/naturalpoland.com\\\/tr\\\/\",\"logo\":{\"@type\":\"ImageObject\",\"inLanguage\":\"tr\",\"@id\":\"https:\\\/\\\/naturalpoland.com\\\/tr\\\/#\\\/schema\\\/logo\\\/image\\\/\",\"url\":\"https:\\\/\\\/naturalpoland.com\\\/wp-content\\\/uploads\\\/2021\\\/05\\\/natural-poland-icon.png\",\"contentUrl\":\"https:\\\/\\\/naturalpoland.com\\\/wp-content\\\/uploads\\\/2021\\\/05\\\/natural-poland-icon.png\",\"width\":512,\"height\":512,\"caption\":\"Natural Poland\"},\"image\":{\"@id\":\"https:\\\/\\\/naturalpoland.com\\\/tr\\\/#\\\/schema\\\/logo\\\/image\\\/\"},\"sameAs\":[\"https:\\\/\\\/www.facebook.com\\\/naturalpoland.b2b\",\"https:\\\/\\\/pl.linkedin.com\\\/company\\\/natural-poland\",\"https:\\\/\\\/www.youtube.com\\\/channel\\\/UCgeGGkvOMahZo-xu_MSEWxg\"]}]}<\/script>\n<!-- \/ Yoast SEO plugin. -->","yoast_head_json":{"title":"Vanilya Ya\u011f\u0131 - Hurtowy Dystrybutor","description":"Vanilya Ya\u011f\u0131, badem ve ay\u00e7i\u00e7e\u011fi ya\u011flar\u0131n\u0131n besleyici \u00f6zelliklerini vanilyan\u0131n yat\u0131\u015ft\u0131r\u0131c\u0131 aromas\u0131yla birle\u015ftiren l\u00fcks bir kozmetiktir,","robots":{"index":"index","follow":"follow","max-snippet":"max-snippet:-1","max-image-preview":"max-image-preview:large","max-video-preview":"max-video-preview:-1"},"canonical":"https:\/\/naturalpoland.com\/tr\/urunler\/kozmetik-hammaddeleri\/kozmetik-yaglari\/vanilya-yagi\/","og_locale":"tr_TR","og_type":"article","og_title":"Vanilya Ya\u011f\u0131 - Hurtowy Dystrybutor","og_description":"Vanilya Ya\u011f\u0131, badem ve ay\u00e7i\u00e7e\u011fi ya\u011flar\u0131n\u0131n besleyici \u00f6zelliklerini vanilyan\u0131n yat\u0131\u015ft\u0131r\u0131c\u0131 aromas\u0131yla birle\u015ftiren l\u00fcks bir kozmetiktir,","og_url":"https:\/\/naturalpoland.com\/tr\/urunler\/kozmetik-hammaddeleri\/kozmetik-yaglari\/vanilya-yagi\/","og_site_name":"NATURAL POLAND - Hurtowy Dystrybutor Surowc\u00f3w","article_publisher":"https:\/\/www.facebook.com\/naturalpoland.b2b","article_modified_time":"2026-03-10T13:12:46+00:00","og_image":[{"width":583,"height":583,"url":"https:\/\/naturalpoland.com\/wp-content\/uploads\/vanilla-butter.png","type":"image\/png"}],"schema":{"@context":"https:\/\/schema.org","@graph":[{"@type":"WebPage","@id":"https:\/\/naturalpoland.com\/tr\/urunler\/kozmetik-hammaddeleri\/kozmetik-yaglari\/vanilya-yagi\/","url":"https:\/\/naturalpoland.com\/tr\/urunler\/kozmetik-hammaddeleri\/kozmetik-yaglari\/vanilya-yagi\/","name":"Vanilya Ya\u011f\u0131 - Hurtowy Dystrybutor","isPartOf":{"@id":"https:\/\/naturalpoland.com\/tr\/#website"},"primaryImageOfPage":{"@id":"https:\/\/naturalpoland.com\/tr\/urunler\/kozmetik-hammaddeleri\/kozmetik-yaglari\/vanilya-yagi\/#primaryimage"},"image":{"@id":"https:\/\/naturalpoland.com\/tr\/urunler\/kozmetik-hammaddeleri\/kozmetik-yaglari\/vanilya-yagi\/#primaryimage"},"thumbnailUrl":"https:\/\/naturalpoland.com\/wp-content\/uploads\/vanilla-butter.png","datePublished":"2023-07-18T09:22:36+00:00","dateModified":"2026-03-10T13:12:46+00:00","description":"Vanilya Ya\u011f\u0131, badem ve ay\u00e7i\u00e7e\u011fi ya\u011flar\u0131n\u0131n besleyici \u00f6zelliklerini vanilyan\u0131n yat\u0131\u015ft\u0131r\u0131c\u0131 aromas\u0131yla birle\u015ftiren l\u00fcks bir kozmetiktir,","breadcrumb":{"@id":"https:\/\/naturalpoland.com\/tr\/urunler\/kozmetik-hammaddeleri\/kozmetik-yaglari\/vanilya-yagi\/#breadcrumb"},"inLanguage":"tr","potentialAction":[{"@type":"ReadAction","target":["https:\/\/naturalpoland.com\/tr\/urunler\/kozmetik-hammaddeleri\/kozmetik-yaglari\/vanilya-yagi\/"]}]},{"@type":"ImageObject","inLanguage":"tr","@id":"https:\/\/naturalpoland.com\/tr\/urunler\/kozmetik-hammaddeleri\/kozmetik-yaglari\/vanilya-yagi\/#primaryimage","url":"https:\/\/naturalpoland.com\/wp-content\/uploads\/vanilla-butter.png","contentUrl":"https:\/\/naturalpoland.com\/wp-content\/uploads\/vanilla-butter.png","width":583,"height":583,"caption":"vanilya ya\u011f\u0131"},{"@type":"BreadcrumbList","@id":"https:\/\/naturalpoland.com\/tr\/urunler\/kozmetik-hammaddeleri\/kozmetik-yaglari\/vanilya-yagi\/#breadcrumb","itemListElement":[{"@type":"ListItem","position":1,"name":"Ana Sayfa","item":"https:\/\/naturalpoland.com\/tr\/"},{"@type":"ListItem","position":2,"name":"\u00dcr\u00fcnler","item":"https:\/\/naturalpoland.com\/tr\/urunler\/"},{"@type":"ListItem","position":3,"name":"Vanilya Ya\u011f\u0131"}]},{"@type":"WebSite","@id":"https:\/\/naturalpoland.com\/tr\/#website","url":"https:\/\/naturalpoland.com\/tr\/","name":"NATURAL POLAND - Hurtowy Dystrybutor Surowc\u00f3w","description":"Surowce dla przemys\u0142u spo\u017cywczego, kosmetycznego i farmaceutycznego","publisher":{"@id":"https:\/\/naturalpoland.com\/tr\/#organization"},"potentialAction":[{"@type":"SearchAction","target":{"@type":"EntryPoint","urlTemplate":"https:\/\/naturalpoland.com\/tr\/?s={search_term_string}"},"query-input":{"@type":"PropertyValueSpecification","valueRequired":true,"valueName":"search_term_string"}}],"inLanguage":"tr"},{"@type":"Organization","@id":"https:\/\/naturalpoland.com\/tr\/#organization","name":"Natural Poland","url":"https:\/\/naturalpoland.com\/tr\/","logo":{"@type":"ImageObject","inLanguage":"tr","@id":"https:\/\/naturalpoland.com\/tr\/#\/schema\/logo\/image\/","url":"https:\/\/naturalpoland.com\/wp-content\/uploads\/2021\/05\/natural-poland-icon.png","contentUrl":"https:\/\/naturalpoland.com\/wp-content\/uploads\/2021\/05\/natural-poland-icon.png","width":512,"height":512,"caption":"Natural Poland"},"image":{"@id":"https:\/\/naturalpoland.com\/tr\/#\/schema\/logo\/image\/"},"sameAs":["https:\/\/www.facebook.com\/naturalpoland.b2b","https:\/\/pl.linkedin.com\/company\/natural-poland","https:\/\/www.youtube.com\/channel\/UCgeGGkvOMahZo-xu_MSEWxg"]}]}},"_links":{"self":[{"href":"https:\/\/naturalpoland.com\/tr\/wp-json\/wp\/v2\/product\/46609","targetHints":{"allow":["GET"]}}],"collection":[{"href":"https:\/\/naturalpoland.com\/tr\/wp-json\/wp\/v2\/product"}],"about":[{"href":"https:\/\/naturalpoland.com\/tr\/wp-json\/wp\/v2\/types\/product"}],"wp:featuredmedia":[{"embeddable":true,"href":"https:\/\/naturalpoland.com\/tr\/wp-json\/wp\/v2\/media\/46610"}],"wp:attachment":[{"href":"https:\/\/naturalpoland.com\/tr\/wp-json\/wp\/v2\/media?parent=46609"}],"wp:term":[{"taxonomy":"product_brand","embeddable":true,"href":"https:\/\/naturalpoland.com\/tr\/wp-json\/wp\/v2\/product_brand?post=46609"},{"taxonomy":"product_cat","embeddable":true,"href":"https:\/\/naturalpoland.com\/tr\/wp-json\/wp\/v2\/product_cat?post=46609"},{"taxonomy":"product_tag","embeddable":true,"href":"https:\/\/naturalpoland.com\/tr\/wp-json\/wp\/v2\/product_tag?post=46609"}],"curies":[{"name":"wp","href":"https:\/\/api.w.org\/{rel}","templated":true}]}}