{"id":46611,"date":"2023-07-21T16:26:52","date_gmt":"2023-07-21T14:26:52","guid":{"rendered":"https:\/\/naturalpoland.com\/produkty\/kategorilenmemis\/siyah-frenk-uzumu-yagi\/"},"modified":"2026-03-10T14:12:49","modified_gmt":"2026-03-10T13:12:49","slug":"siyah-frenk-uzumu-yagi","status":"publish","type":"product","link":"https:\/\/naturalpoland.com\/tr\/urunler\/kozmetik-hammaddeleri\/kozmetik-yaglari\/siyah-frenk-uzumu-yagi\/","title":{"rendered":"Siyah Frenk \u00dcz\u00fcm\u00fc Ya\u011f\u0131"},"content":{"rendered":"<h2>Siyah Frenk \u00dcz\u00fcm\u00fc Ya\u011f\u0131n\u0131n \u00d6zellikleri Nelerdir?<\/h2>\n<p>Siyah frenk \u00fcz\u00fcm\u00fc ya\u011f\u0131n\u0131n benzersiz form\u00fcl\u00fc, cilde ve sa\u00e7a yo\u011fun nem, beslenme ve koruma sa\u011flamak \u00fczere \u00f6zenle tasarlanm\u0131\u015ft\u0131r.<\/p>\n<p><strong>Siyah frenk \u00fcz\u00fcm\u00fc<\/strong>, antioksidanlar, C ve E vitaminleri ile gama-linolenik asit (GLA) a\u00e7\u0131s\u0131ndan zenginli\u011fiyle bilinen, cilt i\u00e7in ger\u00e7ek bir s\u00fcper besindir. Ya\u011f\u0131m\u0131zda bulunan <a href=\"https:\/\/naturalpoland.com\/tr\/urunler\/gida-hammaddeleri\/gida-yaglari\/frenk-uzumu-cekirdegi-yagi\/\"><strong>siyah frenk \u00fcz\u00fcm\u00fc ya\u011f\u0131<\/strong><\/a>, nemlendirici, yat\u0131\u015ft\u0131r\u0131c\u0131 ve ya\u015flanma kar\u015f\u0131t\u0131 etkileriyle tan\u0131n\u0131r. Cilt elastikiyetini art\u0131rarak, dokusunu iyile\u015ftirerek, ya\u015flanma belirtilerini azaltarak ve do\u011fal yenilenme s\u00fcre\u00e7lerini destekleyerek bir\u00e7ok d\u00fczeyde etki g\u00f6sterir. <\/p>\n<p>\u00dcr\u00fcn\u00fcm\u00fcz, bu faydalar\u0131 hidrojene bitkisel ya\u011flarla birle\u015ftirerek kremsi, kolay s\u00fcr\u00fclebilen bir ya\u011f olu\u015fturur. K\u0131vam\u0131 sayesinde siyah frenk \u00fcz\u00fcm\u00fc ya\u011f\u0131 kolayca kullan\u0131l\u0131r ve ya\u011fl\u0131 bir his b\u0131rakmadan h\u0131zla emilir. <\/p>\n<h2>Siyah Frenk \u00dcz\u00fcm\u00fc Ya\u011f\u0131n\u0131n Kullan\u0131m Alanlar\u0131<\/h2>\n<p>Bu ya\u011f do\u011frudan cilde ve sa\u00e7a uygulanabilece\u011fi gibi, kremler, losyonlar, maskeler veya \u015fampuanlar gibi \u00e7e\u015fitli kozmetik \u00fcr\u00fcnlerini de zenginle\u015ftirebilir.<\/p>\n<p>Ayr\u0131ca, siyah frenk \u00fcz\u00fcm\u00fc ya\u011f\u0131 son derece \u00e7ok y\u00f6nl\u00fcd\u00fcr. Hem olgun ciltlerin bak\u0131m\u0131nda etkili bir ya\u015flanma kar\u015f\u0131t\u0131 bile\u015fen olarak, hem de yat\u0131\u015ft\u0131r\u0131c\u0131 \u00f6zellikleri sayesinde sorunlu ciltler i\u00e7in kullan\u0131labilir. Sa\u00e7larda ise siyah frenk \u00fcz\u00fcm\u00fc ya\u011f\u0131, kurulu\u011fu ve k\u0131r\u0131lganl\u0131\u011f\u0131 gidermeye yard\u0131mc\u0131 olarak onlara sa\u011fl\u0131kl\u0131 bir parlakl\u0131k ve yumu\u015fakl\u0131k kazand\u0131rabilir.  <\/p>\n","protected":false},"excerpt":{"rendered":"<p>Siyah frenk \u00fcz\u00fcm\u00fc ya\u011f\u0131, siyah frenk \u00fcz\u00fcm\u00fc ya\u011f\u0131n\u0131n faydalar\u0131n\u0131 hidrojene bitkisel ya\u011flar\u0131n avantajlar\u0131yla birle\u015ftiren l\u00fcks bir kozmetik bile\u015fendir.<\/p>\n","protected":false},"featured_media":46612,"template":"","meta":{"_acf_changed":false},"product_brand":[],"product_cat":[9550],"product_tag":[],"class_list":{"0":"post-46611","1":"product","2":"type-product","3":"status-publish","4":"has-post-thumbnail","6":"product_cat-kozmetik-yaglari","8":"first","9":"instock","10":"shipping-taxable","11":"product-type-simple"},"acf":[],"yoast_head":"<!-- This site is optimized with the Yoast SEO plugin v27.4 - https:\/\/yoast.com\/product\/yoast-seo-wordpress\/ -->\n<title>Siyah Frenk \u00dcz\u00fcm\u00fc Ya\u011f\u0131 - Hurtowy Dystrybutor<\/title>\n<meta name=\"description\" content=\"Siyah Frenk \u00dcz\u00fcm\u00fc Ya\u011f\u0131, siyah frenk \u00fcz\u00fcm\u00fc ya\u011f\u0131n\u0131n zenginli\u011fini hidrojene bitkisel ya\u011flarla birle\u015ftiren benzersiz bir kozmetik bile\u015fendir.\" \/>\n<meta name=\"robots\" content=\"index, follow, max-snippet:-1, max-image-preview:large, max-video-preview:-1\" \/>\n<link rel=\"canonical\" href=\"https:\/\/naturalpoland.com\/tr\/urunler\/kozmetik-hammaddeleri\/kozmetik-yaglari\/siyah-frenk-uzumu-yagi\/\" \/>\n<meta property=\"og:locale\" content=\"tr_TR\" \/>\n<meta property=\"og:type\" content=\"article\" \/>\n<meta property=\"og:title\" content=\"Siyah Frenk \u00dcz\u00fcm\u00fc Ya\u011f\u0131 - Hurtowy Dystrybutor\" \/>\n<meta property=\"og:description\" content=\"Siyah Frenk \u00dcz\u00fcm\u00fc Ya\u011f\u0131, siyah frenk \u00fcz\u00fcm\u00fc ya\u011f\u0131n\u0131n zenginli\u011fini hidrojene bitkisel ya\u011flarla birle\u015ftiren benzersiz bir kozmetik bile\u015fendir.\" \/>\n<meta property=\"og:url\" content=\"https:\/\/naturalpoland.com\/tr\/urunler\/kozmetik-hammaddeleri\/kozmetik-yaglari\/siyah-frenk-uzumu-yagi\/\" \/>\n<meta property=\"og:site_name\" content=\"NATURAL POLAND - Hurtowy Dystrybutor Surowc\u00f3w\" \/>\n<meta property=\"article:publisher\" content=\"https:\/\/www.facebook.com\/naturalpoland.b2b\" \/>\n<meta property=\"article:modified_time\" content=\"2026-03-10T13:12:49+00:00\" \/>\n<meta property=\"og:image\" content=\"https:\/\/naturalpoland.com\/wp-content\/uploads\/blackcurrant_butter.png\" \/>\n\t<meta property=\"og:image:width\" content=\"595\" \/>\n\t<meta property=\"og:image:height\" content=\"595\" \/>\n\t<meta property=\"og:image:type\" content=\"image\/png\" \/>\n<script type=\"application\/ld+json\" class=\"yoast-schema-graph\">{\"@context\":\"https:\\\/\\\/schema.org\",\"@graph\":[{\"@type\":\"WebPage\",\"@id\":\"https:\\\/\\\/naturalpoland.com\\\/tr\\\/urunler\\\/kozmetik-hammaddeleri\\\/kozmetik-yaglari\\\/siyah-frenk-uzumu-yagi\\\/\",\"url\":\"https:\\\/\\\/naturalpoland.com\\\/tr\\\/urunler\\\/kozmetik-hammaddeleri\\\/kozmetik-yaglari\\\/siyah-frenk-uzumu-yagi\\\/\",\"name\":\"Siyah Frenk \u00dcz\u00fcm\u00fc Ya\u011f\u0131 - Hurtowy Dystrybutor\",\"isPartOf\":{\"@id\":\"https:\\\/\\\/naturalpoland.com\\\/tr\\\/#website\"},\"primaryImageOfPage\":{\"@id\":\"https:\\\/\\\/naturalpoland.com\\\/tr\\\/urunler\\\/kozmetik-hammaddeleri\\\/kozmetik-yaglari\\\/siyah-frenk-uzumu-yagi\\\/#primaryimage\"},\"image\":{\"@id\":\"https:\\\/\\\/naturalpoland.com\\\/tr\\\/urunler\\\/kozmetik-hammaddeleri\\\/kozmetik-yaglari\\\/siyah-frenk-uzumu-yagi\\\/#primaryimage\"},\"thumbnailUrl\":\"https:\\\/\\\/naturalpoland.com\\\/wp-content\\\/uploads\\\/blackcurrant_butter.png\",\"datePublished\":\"2023-07-21T14:26:52+00:00\",\"dateModified\":\"2026-03-10T13:12:49+00:00\",\"description\":\"Siyah Frenk \u00dcz\u00fcm\u00fc Ya\u011f\u0131, siyah frenk \u00fcz\u00fcm\u00fc ya\u011f\u0131n\u0131n zenginli\u011fini hidrojene bitkisel ya\u011flarla birle\u015ftiren benzersiz bir kozmetik bile\u015fendir.\",\"breadcrumb\":{\"@id\":\"https:\\\/\\\/naturalpoland.com\\\/tr\\\/urunler\\\/kozmetik-hammaddeleri\\\/kozmetik-yaglari\\\/siyah-frenk-uzumu-yagi\\\/#breadcrumb\"},\"inLanguage\":\"tr\",\"potentialAction\":[{\"@type\":\"ReadAction\",\"target\":[\"https:\\\/\\\/naturalpoland.com\\\/tr\\\/urunler\\\/kozmetik-hammaddeleri\\\/kozmetik-yaglari\\\/siyah-frenk-uzumu-yagi\\\/\"]}]},{\"@type\":\"ImageObject\",\"inLanguage\":\"tr\",\"@id\":\"https:\\\/\\\/naturalpoland.com\\\/tr\\\/urunler\\\/kozmetik-hammaddeleri\\\/kozmetik-yaglari\\\/siyah-frenk-uzumu-yagi\\\/#primaryimage\",\"url\":\"https:\\\/\\\/naturalpoland.com\\\/wp-content\\\/uploads\\\/blackcurrant_butter.png\",\"contentUrl\":\"https:\\\/\\\/naturalpoland.com\\\/wp-content\\\/uploads\\\/blackcurrant_butter.png\",\"width\":595,\"height\":595,\"caption\":\"siyah frenk \u00fcz\u00fcm\u00fc ya\u011f\u0131\"},{\"@type\":\"BreadcrumbList\",\"@id\":\"https:\\\/\\\/naturalpoland.com\\\/tr\\\/urunler\\\/kozmetik-hammaddeleri\\\/kozmetik-yaglari\\\/siyah-frenk-uzumu-yagi\\\/#breadcrumb\",\"itemListElement\":[{\"@type\":\"ListItem\",\"position\":1,\"name\":\"Ana Sayfa\",\"item\":\"https:\\\/\\\/naturalpoland.com\\\/tr\\\/\"},{\"@type\":\"ListItem\",\"position\":2,\"name\":\"\u00dcr\u00fcnler\",\"item\":\"https:\\\/\\\/naturalpoland.com\\\/tr\\\/urunler\\\/\"},{\"@type\":\"ListItem\",\"position\":3,\"name\":\"Siyah Frenk \u00dcz\u00fcm\u00fc Ya\u011f\u0131\"}]},{\"@type\":\"WebSite\",\"@id\":\"https:\\\/\\\/naturalpoland.com\\\/tr\\\/#website\",\"url\":\"https:\\\/\\\/naturalpoland.com\\\/tr\\\/\",\"name\":\"NATURAL POLAND - Hurtowy Dystrybutor Surowc\u00f3w\",\"description\":\"Surowce dla przemys\u0142u spo\u017cywczego, kosmetycznego i farmaceutycznego\",\"publisher\":{\"@id\":\"https:\\\/\\\/naturalpoland.com\\\/tr\\\/#organization\"},\"potentialAction\":[{\"@type\":\"SearchAction\",\"target\":{\"@type\":\"EntryPoint\",\"urlTemplate\":\"https:\\\/\\\/naturalpoland.com\\\/tr\\\/?s={search_term_string}\"},\"query-input\":{\"@type\":\"PropertyValueSpecification\",\"valueRequired\":true,\"valueName\":\"search_term_string\"}}],\"inLanguage\":\"tr\"},{\"@type\":\"Organization\",\"@id\":\"https:\\\/\\\/naturalpoland.com\\\/tr\\\/#organization\",\"name\":\"Natural Poland\",\"url\":\"https:\\\/\\\/naturalpoland.com\\\/tr\\\/\",\"logo\":{\"@type\":\"ImageObject\",\"inLanguage\":\"tr\",\"@id\":\"https:\\\/\\\/naturalpoland.com\\\/tr\\\/#\\\/schema\\\/logo\\\/image\\\/\",\"url\":\"https:\\\/\\\/naturalpoland.com\\\/wp-content\\\/uploads\\\/2021\\\/05\\\/natural-poland-icon.png\",\"contentUrl\":\"https:\\\/\\\/naturalpoland.com\\\/wp-content\\\/uploads\\\/2021\\\/05\\\/natural-poland-icon.png\",\"width\":512,\"height\":512,\"caption\":\"Natural Poland\"},\"image\":{\"@id\":\"https:\\\/\\\/naturalpoland.com\\\/tr\\\/#\\\/schema\\\/logo\\\/image\\\/\"},\"sameAs\":[\"https:\\\/\\\/www.facebook.com\\\/naturalpoland.b2b\",\"https:\\\/\\\/pl.linkedin.com\\\/company\\\/natural-poland\",\"https:\\\/\\\/www.youtube.com\\\/channel\\\/UCgeGGkvOMahZo-xu_MSEWxg\"]}]}<\/script>\n<!-- \/ Yoast SEO plugin. -->","yoast_head_json":{"title":"Siyah Frenk \u00dcz\u00fcm\u00fc Ya\u011f\u0131 - Hurtowy Dystrybutor","description":"Siyah Frenk \u00dcz\u00fcm\u00fc Ya\u011f\u0131, siyah frenk \u00fcz\u00fcm\u00fc ya\u011f\u0131n\u0131n zenginli\u011fini hidrojene bitkisel ya\u011flarla birle\u015ftiren benzersiz bir kozmetik bile\u015fendir.","robots":{"index":"index","follow":"follow","max-snippet":"max-snippet:-1","max-image-preview":"max-image-preview:large","max-video-preview":"max-video-preview:-1"},"canonical":"https:\/\/naturalpoland.com\/tr\/urunler\/kozmetik-hammaddeleri\/kozmetik-yaglari\/siyah-frenk-uzumu-yagi\/","og_locale":"tr_TR","og_type":"article","og_title":"Siyah Frenk \u00dcz\u00fcm\u00fc Ya\u011f\u0131 - Hurtowy Dystrybutor","og_description":"Siyah Frenk \u00dcz\u00fcm\u00fc Ya\u011f\u0131, siyah frenk \u00fcz\u00fcm\u00fc ya\u011f\u0131n\u0131n zenginli\u011fini hidrojene bitkisel ya\u011flarla birle\u015ftiren benzersiz bir kozmetik bile\u015fendir.","og_url":"https:\/\/naturalpoland.com\/tr\/urunler\/kozmetik-hammaddeleri\/kozmetik-yaglari\/siyah-frenk-uzumu-yagi\/","og_site_name":"NATURAL POLAND - Hurtowy Dystrybutor Surowc\u00f3w","article_publisher":"https:\/\/www.facebook.com\/naturalpoland.b2b","article_modified_time":"2026-03-10T13:12:49+00:00","og_image":[{"width":595,"height":595,"url":"https:\/\/naturalpoland.com\/wp-content\/uploads\/blackcurrant_butter.png","type":"image\/png"}],"schema":{"@context":"https:\/\/schema.org","@graph":[{"@type":"WebPage","@id":"https:\/\/naturalpoland.com\/tr\/urunler\/kozmetik-hammaddeleri\/kozmetik-yaglari\/siyah-frenk-uzumu-yagi\/","url":"https:\/\/naturalpoland.com\/tr\/urunler\/kozmetik-hammaddeleri\/kozmetik-yaglari\/siyah-frenk-uzumu-yagi\/","name":"Siyah Frenk \u00dcz\u00fcm\u00fc Ya\u011f\u0131 - Hurtowy Dystrybutor","isPartOf":{"@id":"https:\/\/naturalpoland.com\/tr\/#website"},"primaryImageOfPage":{"@id":"https:\/\/naturalpoland.com\/tr\/urunler\/kozmetik-hammaddeleri\/kozmetik-yaglari\/siyah-frenk-uzumu-yagi\/#primaryimage"},"image":{"@id":"https:\/\/naturalpoland.com\/tr\/urunler\/kozmetik-hammaddeleri\/kozmetik-yaglari\/siyah-frenk-uzumu-yagi\/#primaryimage"},"thumbnailUrl":"https:\/\/naturalpoland.com\/wp-content\/uploads\/blackcurrant_butter.png","datePublished":"2023-07-21T14:26:52+00:00","dateModified":"2026-03-10T13:12:49+00:00","description":"Siyah Frenk \u00dcz\u00fcm\u00fc Ya\u011f\u0131, siyah frenk \u00fcz\u00fcm\u00fc ya\u011f\u0131n\u0131n zenginli\u011fini hidrojene bitkisel ya\u011flarla birle\u015ftiren benzersiz bir kozmetik bile\u015fendir.","breadcrumb":{"@id":"https:\/\/naturalpoland.com\/tr\/urunler\/kozmetik-hammaddeleri\/kozmetik-yaglari\/siyah-frenk-uzumu-yagi\/#breadcrumb"},"inLanguage":"tr","potentialAction":[{"@type":"ReadAction","target":["https:\/\/naturalpoland.com\/tr\/urunler\/kozmetik-hammaddeleri\/kozmetik-yaglari\/siyah-frenk-uzumu-yagi\/"]}]},{"@type":"ImageObject","inLanguage":"tr","@id":"https:\/\/naturalpoland.com\/tr\/urunler\/kozmetik-hammaddeleri\/kozmetik-yaglari\/siyah-frenk-uzumu-yagi\/#primaryimage","url":"https:\/\/naturalpoland.com\/wp-content\/uploads\/blackcurrant_butter.png","contentUrl":"https:\/\/naturalpoland.com\/wp-content\/uploads\/blackcurrant_butter.png","width":595,"height":595,"caption":"siyah frenk \u00fcz\u00fcm\u00fc ya\u011f\u0131"},{"@type":"BreadcrumbList","@id":"https:\/\/naturalpoland.com\/tr\/urunler\/kozmetik-hammaddeleri\/kozmetik-yaglari\/siyah-frenk-uzumu-yagi\/#breadcrumb","itemListElement":[{"@type":"ListItem","position":1,"name":"Ana Sayfa","item":"https:\/\/naturalpoland.com\/tr\/"},{"@type":"ListItem","position":2,"name":"\u00dcr\u00fcnler","item":"https:\/\/naturalpoland.com\/tr\/urunler\/"},{"@type":"ListItem","position":3,"name":"Siyah Frenk \u00dcz\u00fcm\u00fc Ya\u011f\u0131"}]},{"@type":"WebSite","@id":"https:\/\/naturalpoland.com\/tr\/#website","url":"https:\/\/naturalpoland.com\/tr\/","name":"NATURAL POLAND - Hurtowy Dystrybutor Surowc\u00f3w","description":"Surowce dla przemys\u0142u spo\u017cywczego, kosmetycznego i farmaceutycznego","publisher":{"@id":"https:\/\/naturalpoland.com\/tr\/#organization"},"potentialAction":[{"@type":"SearchAction","target":{"@type":"EntryPoint","urlTemplate":"https:\/\/naturalpoland.com\/tr\/?s={search_term_string}"},"query-input":{"@type":"PropertyValueSpecification","valueRequired":true,"valueName":"search_term_string"}}],"inLanguage":"tr"},{"@type":"Organization","@id":"https:\/\/naturalpoland.com\/tr\/#organization","name":"Natural Poland","url":"https:\/\/naturalpoland.com\/tr\/","logo":{"@type":"ImageObject","inLanguage":"tr","@id":"https:\/\/naturalpoland.com\/tr\/#\/schema\/logo\/image\/","url":"https:\/\/naturalpoland.com\/wp-content\/uploads\/2021\/05\/natural-poland-icon.png","contentUrl":"https:\/\/naturalpoland.com\/wp-content\/uploads\/2021\/05\/natural-poland-icon.png","width":512,"height":512,"caption":"Natural Poland"},"image":{"@id":"https:\/\/naturalpoland.com\/tr\/#\/schema\/logo\/image\/"},"sameAs":["https:\/\/www.facebook.com\/naturalpoland.b2b","https:\/\/pl.linkedin.com\/company\/natural-poland","https:\/\/www.youtube.com\/channel\/UCgeGGkvOMahZo-xu_MSEWxg"]}]}},"_links":{"self":[{"href":"https:\/\/naturalpoland.com\/tr\/wp-json\/wp\/v2\/product\/46611","targetHints":{"allow":["GET"]}}],"collection":[{"href":"https:\/\/naturalpoland.com\/tr\/wp-json\/wp\/v2\/product"}],"about":[{"href":"https:\/\/naturalpoland.com\/tr\/wp-json\/wp\/v2\/types\/product"}],"wp:featuredmedia":[{"embeddable":true,"href":"https:\/\/naturalpoland.com\/tr\/wp-json\/wp\/v2\/media\/46612"}],"wp:attachment":[{"href":"https:\/\/naturalpoland.com\/tr\/wp-json\/wp\/v2\/media?parent=46611"}],"wp:term":[{"taxonomy":"product_brand","embeddable":true,"href":"https:\/\/naturalpoland.com\/tr\/wp-json\/wp\/v2\/product_brand?post=46611"},{"taxonomy":"product_cat","embeddable":true,"href":"https:\/\/naturalpoland.com\/tr\/wp-json\/wp\/v2\/product_cat?post=46611"},{"taxonomy":"product_tag","embeddable":true,"href":"https:\/\/naturalpoland.com\/tr\/wp-json\/wp\/v2\/product_tag?post=46611"}],"curies":[{"name":"wp","href":"https:\/\/api.w.org\/{rel}","templated":true}]}}