{"id":46613,"date":"2023-07-25T13:41:24","date_gmt":"2023-07-25T11:41:24","guid":{"rendered":"https:\/\/naturalpoland.com\/produkty\/kategorilenmemis\/cuha-cicegi-yagi-2\/"},"modified":"2026-03-10T14:12:51","modified_gmt":"2026-03-10T13:12:51","slug":"cuha-cicegi-yagi-2","status":"publish","type":"product","link":"https:\/\/naturalpoland.com\/tr\/urunler\/kozmetik-hammaddeleri\/kozmetik-yaglari\/cuha-cicegi-yagi-2\/","title":{"rendered":"\u00c7uha \u00c7i\u00e7e\u011fi Ya\u011f\u0131"},"content":{"rendered":"<p>\u00c7uha \u00e7i\u00e7e\u011fi, g\u00fc\u00e7l\u00fc iyile\u015ftirici \u00f6zellikleri nedeniyle y\u00fczy\u0131llard\u0131r do\u011fal t\u0131pta kullan\u0131lan bir bitkidir. \u00c7uha \u00c7i\u00e7e\u011fi Ya\u011f\u0131, bu bitkinin tohumlar\u0131ndan elde edilen, <strong>doymam\u0131\u015f ya\u011f asitleri<\/strong>, \u00f6zellikle de son derece de\u011ferli <strong>gama-linolenik asit (GLA)<\/strong> ile zenginle\u015ftirilmi\u015f ya\u011fl\u0131 bir ekstraktt\u0131r. GLA, cildimizin d\u00fczg\u00fcn \u00e7al\u0131\u015fmas\u0131 i\u00e7in gereklidir, yenilenmesine katk\u0131da bulunur ve cildin do\u011fal koruyucu bariyerini destekler.  <\/p>\n<p>\u00c7uha \u00c7i\u00e7e\u011fi Ya\u011f\u0131 ayn\u0131 zamanda <strong>zengin bir vitamin<\/strong>, mineral ve antioksidan kayna\u011f\u0131d\u0131r; bunlar antioksidan etki g\u00f6stererek serbest radikallerin neden oldu\u011fu cilt hasar\u0131n\u0131 \u00f6nler. Bu sayede \u00c7uha \u00c7i\u00e7e\u011fi Ya\u011f\u0131, k\u0131r\u0131\u015f\u0131kl\u0131klar, elastikiyet kayb\u0131 veya d\u00fczensiz pigmentasyon gibi cilt ya\u015flanmas\u0131 belirtileriyle m\u00fccadeleye yard\u0131mc\u0131 olur. <\/p>\n<p>Zengin k\u0131vam\u0131 sayesinde \u00c7uha \u00c7i\u00e7e\u011fi Ya\u011f\u0131, cildi m\u00fckemmel \u015fekilde nemlendirir ve besler, yumu\u015fak, p\u00fcr\u00fczs\u00fcz ve \u0131\u015f\u0131lt\u0131l\u0131 b\u0131rak\u0131r. Yat\u0131\u015ft\u0131r\u0131c\u0131 ve yenileyici \u00f6zellikleri sayesinde \u00f6zellikle kuru, hassas ve tahri\u015f olmu\u015f ciltler i\u00e7in tavsiye edilir. <\/p>\n<p>\u00c7uha \u00c7i\u00e7e\u011fi Ya\u011f\u0131 i\u00e7eren kozmetik \u00fcr\u00fcnlerin d\u00fczenli kullan\u0131m\u0131, cildin durumunu iyile\u015ftirmeye, elastikiyetini art\u0131rmaya ve yenilenme s\u00fcre\u00e7lerini desteklemeye yard\u0131mc\u0131 olur. Cilt sa\u011fl\u0131\u011f\u0131n\u0131 ve g\u00fczelli\u011fini do\u011fal yollarla \u00f6nemseyenler i\u00e7in m\u00fckemmel bir bile\u015fendir. <\/p>\n","protected":false},"excerpt":{"rendered":"<p>\u00c7uha \u00c7i\u00e7e\u011fi Ya\u011f\u0131, benzersiz nemlendirici, yenileyici ve yat\u0131\u015ft\u0131r\u0131c\u0131 \u00f6zellikleri sayesinde son derece de\u011ferli bir kozmetik hazinedir.<\/p>\n","protected":false},"featured_media":46614,"template":"","meta":{"_acf_changed":false},"product_brand":[],"product_cat":[9550],"product_tag":[],"class_list":{"0":"post-46613","1":"product","2":"type-product","3":"status-publish","4":"has-post-thumbnail","6":"product_cat-kozmetik-yaglari","8":"first","9":"instock","10":"shipping-taxable","11":"product-type-simple"},"acf":[],"yoast_head":"<!-- This site is optimized with the Yoast SEO plugin v27.4 - https:\/\/yoast.com\/product\/yoast-seo-wordpress\/ -->\n<title>\u00c7uha \u00c7i\u00e7e\u011fi Ya\u011f\u0131 - Hurtowy Dystrybutor<\/title>\n<meta name=\"description\" content=\"\u00c7uha \u00c7i\u00e7e\u011fi Ya\u011f\u0131, benzersiz nemlendirici, yenileyici ve yat\u0131\u015ft\u0131r\u0131c\u0131 \u00f6zellikleri sayesinde son derece de\u011ferli bir kozmetik hazinedir.\" \/>\n<meta name=\"robots\" content=\"index, follow, max-snippet:-1, max-image-preview:large, max-video-preview:-1\" \/>\n<link rel=\"canonical\" href=\"https:\/\/naturalpoland.com\/tr\/urunler\/kozmetik-hammaddeleri\/kozmetik-yaglari\/cuha-cicegi-yagi-2\/\" \/>\n<meta property=\"og:locale\" content=\"tr_TR\" \/>\n<meta property=\"og:type\" content=\"article\" \/>\n<meta property=\"og:title\" content=\"\u00c7uha \u00c7i\u00e7e\u011fi Ya\u011f\u0131 - Hurtowy Dystrybutor\" \/>\n<meta property=\"og:description\" content=\"\u00c7uha \u00c7i\u00e7e\u011fi Ya\u011f\u0131, benzersiz nemlendirici, yenileyici ve yat\u0131\u015ft\u0131r\u0131c\u0131 \u00f6zellikleri sayesinde son derece de\u011ferli bir kozmetik hazinedir.\" \/>\n<meta property=\"og:url\" content=\"https:\/\/naturalpoland.com\/tr\/urunler\/kozmetik-hammaddeleri\/kozmetik-yaglari\/cuha-cicegi-yagi-2\/\" \/>\n<meta property=\"og:site_name\" content=\"NATURAL POLAND - Hurtowy Dystrybutor Surowc\u00f3w\" \/>\n<meta property=\"article:publisher\" content=\"https:\/\/www.facebook.com\/naturalpoland.b2b\" \/>\n<meta property=\"article:modified_time\" content=\"2026-03-10T13:12:51+00:00\" \/>\n<meta property=\"og:image\" content=\"https:\/\/naturalpoland.com\/wp-content\/uploads\/Evening_Primrose_Butter.png\" \/>\n\t<meta property=\"og:image:width\" content=\"599\" \/>\n\t<meta property=\"og:image:height\" content=\"599\" \/>\n\t<meta property=\"og:image:type\" content=\"image\/png\" \/>\n<script type=\"application\/ld+json\" class=\"yoast-schema-graph\">{\"@context\":\"https:\\\/\\\/schema.org\",\"@graph\":[{\"@type\":\"WebPage\",\"@id\":\"https:\\\/\\\/naturalpoland.com\\\/tr\\\/urunler\\\/kozmetik-hammaddeleri\\\/kozmetik-yaglari\\\/cuha-cicegi-yagi-2\\\/\",\"url\":\"https:\\\/\\\/naturalpoland.com\\\/tr\\\/urunler\\\/kozmetik-hammaddeleri\\\/kozmetik-yaglari\\\/cuha-cicegi-yagi-2\\\/\",\"name\":\"\u00c7uha \u00c7i\u00e7e\u011fi Ya\u011f\u0131 - Hurtowy Dystrybutor\",\"isPartOf\":{\"@id\":\"https:\\\/\\\/naturalpoland.com\\\/tr\\\/#website\"},\"primaryImageOfPage\":{\"@id\":\"https:\\\/\\\/naturalpoland.com\\\/tr\\\/urunler\\\/kozmetik-hammaddeleri\\\/kozmetik-yaglari\\\/cuha-cicegi-yagi-2\\\/#primaryimage\"},\"image\":{\"@id\":\"https:\\\/\\\/naturalpoland.com\\\/tr\\\/urunler\\\/kozmetik-hammaddeleri\\\/kozmetik-yaglari\\\/cuha-cicegi-yagi-2\\\/#primaryimage\"},\"thumbnailUrl\":\"https:\\\/\\\/naturalpoland.com\\\/wp-content\\\/uploads\\\/Evening_Primrose_Butter.png\",\"datePublished\":\"2023-07-25T11:41:24+00:00\",\"dateModified\":\"2026-03-10T13:12:51+00:00\",\"description\":\"\u00c7uha \u00c7i\u00e7e\u011fi Ya\u011f\u0131, benzersiz nemlendirici, yenileyici ve yat\u0131\u015ft\u0131r\u0131c\u0131 \u00f6zellikleri sayesinde son derece de\u011ferli bir kozmetik hazinedir.\",\"breadcrumb\":{\"@id\":\"https:\\\/\\\/naturalpoland.com\\\/tr\\\/urunler\\\/kozmetik-hammaddeleri\\\/kozmetik-yaglari\\\/cuha-cicegi-yagi-2\\\/#breadcrumb\"},\"inLanguage\":\"tr\",\"potentialAction\":[{\"@type\":\"ReadAction\",\"target\":[\"https:\\\/\\\/naturalpoland.com\\\/tr\\\/urunler\\\/kozmetik-hammaddeleri\\\/kozmetik-yaglari\\\/cuha-cicegi-yagi-2\\\/\"]}]},{\"@type\":\"ImageObject\",\"inLanguage\":\"tr\",\"@id\":\"https:\\\/\\\/naturalpoland.com\\\/tr\\\/urunler\\\/kozmetik-hammaddeleri\\\/kozmetik-yaglari\\\/cuha-cicegi-yagi-2\\\/#primaryimage\",\"url\":\"https:\\\/\\\/naturalpoland.com\\\/wp-content\\\/uploads\\\/Evening_Primrose_Butter.png\",\"contentUrl\":\"https:\\\/\\\/naturalpoland.com\\\/wp-content\\\/uploads\\\/Evening_Primrose_Butter.png\",\"width\":599,\"height\":599,\"caption\":\"\u00e7uha \u00e7i\u00e7e\u011fi ya\u011f\u0131\"},{\"@type\":\"BreadcrumbList\",\"@id\":\"https:\\\/\\\/naturalpoland.com\\\/tr\\\/urunler\\\/kozmetik-hammaddeleri\\\/kozmetik-yaglari\\\/cuha-cicegi-yagi-2\\\/#breadcrumb\",\"itemListElement\":[{\"@type\":\"ListItem\",\"position\":1,\"name\":\"Ana Sayfa\",\"item\":\"https:\\\/\\\/naturalpoland.com\\\/tr\\\/\"},{\"@type\":\"ListItem\",\"position\":2,\"name\":\"\u00dcr\u00fcnler\",\"item\":\"https:\\\/\\\/naturalpoland.com\\\/tr\\\/urunler\\\/\"},{\"@type\":\"ListItem\",\"position\":3,\"name\":\"\u00c7uha \u00c7i\u00e7e\u011fi Ya\u011f\u0131\"}]},{\"@type\":\"WebSite\",\"@id\":\"https:\\\/\\\/naturalpoland.com\\\/tr\\\/#website\",\"url\":\"https:\\\/\\\/naturalpoland.com\\\/tr\\\/\",\"name\":\"NATURAL POLAND - Hurtowy Dystrybutor Surowc\u00f3w\",\"description\":\"Surowce dla przemys\u0142u spo\u017cywczego, kosmetycznego i farmaceutycznego\",\"publisher\":{\"@id\":\"https:\\\/\\\/naturalpoland.com\\\/tr\\\/#organization\"},\"potentialAction\":[{\"@type\":\"SearchAction\",\"target\":{\"@type\":\"EntryPoint\",\"urlTemplate\":\"https:\\\/\\\/naturalpoland.com\\\/tr\\\/?s={search_term_string}\"},\"query-input\":{\"@type\":\"PropertyValueSpecification\",\"valueRequired\":true,\"valueName\":\"search_term_string\"}}],\"inLanguage\":\"tr\"},{\"@type\":\"Organization\",\"@id\":\"https:\\\/\\\/naturalpoland.com\\\/tr\\\/#organization\",\"name\":\"Natural Poland\",\"url\":\"https:\\\/\\\/naturalpoland.com\\\/tr\\\/\",\"logo\":{\"@type\":\"ImageObject\",\"inLanguage\":\"tr\",\"@id\":\"https:\\\/\\\/naturalpoland.com\\\/tr\\\/#\\\/schema\\\/logo\\\/image\\\/\",\"url\":\"https:\\\/\\\/naturalpoland.com\\\/wp-content\\\/uploads\\\/2021\\\/05\\\/natural-poland-icon.png\",\"contentUrl\":\"https:\\\/\\\/naturalpoland.com\\\/wp-content\\\/uploads\\\/2021\\\/05\\\/natural-poland-icon.png\",\"width\":512,\"height\":512,\"caption\":\"Natural Poland\"},\"image\":{\"@id\":\"https:\\\/\\\/naturalpoland.com\\\/tr\\\/#\\\/schema\\\/logo\\\/image\\\/\"},\"sameAs\":[\"https:\\\/\\\/www.facebook.com\\\/naturalpoland.b2b\",\"https:\\\/\\\/pl.linkedin.com\\\/company\\\/natural-poland\",\"https:\\\/\\\/www.youtube.com\\\/channel\\\/UCgeGGkvOMahZo-xu_MSEWxg\"]}]}<\/script>\n<!-- \/ Yoast SEO plugin. -->","yoast_head_json":{"title":"\u00c7uha \u00c7i\u00e7e\u011fi Ya\u011f\u0131 - Hurtowy Dystrybutor","description":"\u00c7uha \u00c7i\u00e7e\u011fi Ya\u011f\u0131, benzersiz nemlendirici, yenileyici ve yat\u0131\u015ft\u0131r\u0131c\u0131 \u00f6zellikleri sayesinde son derece de\u011ferli bir kozmetik hazinedir.","robots":{"index":"index","follow":"follow","max-snippet":"max-snippet:-1","max-image-preview":"max-image-preview:large","max-video-preview":"max-video-preview:-1"},"canonical":"https:\/\/naturalpoland.com\/tr\/urunler\/kozmetik-hammaddeleri\/kozmetik-yaglari\/cuha-cicegi-yagi-2\/","og_locale":"tr_TR","og_type":"article","og_title":"\u00c7uha \u00c7i\u00e7e\u011fi Ya\u011f\u0131 - Hurtowy Dystrybutor","og_description":"\u00c7uha \u00c7i\u00e7e\u011fi Ya\u011f\u0131, benzersiz nemlendirici, yenileyici ve yat\u0131\u015ft\u0131r\u0131c\u0131 \u00f6zellikleri sayesinde son derece de\u011ferli bir kozmetik hazinedir.","og_url":"https:\/\/naturalpoland.com\/tr\/urunler\/kozmetik-hammaddeleri\/kozmetik-yaglari\/cuha-cicegi-yagi-2\/","og_site_name":"NATURAL POLAND - Hurtowy Dystrybutor Surowc\u00f3w","article_publisher":"https:\/\/www.facebook.com\/naturalpoland.b2b","article_modified_time":"2026-03-10T13:12:51+00:00","og_image":[{"width":599,"height":599,"url":"https:\/\/naturalpoland.com\/wp-content\/uploads\/Evening_Primrose_Butter.png","type":"image\/png"}],"schema":{"@context":"https:\/\/schema.org","@graph":[{"@type":"WebPage","@id":"https:\/\/naturalpoland.com\/tr\/urunler\/kozmetik-hammaddeleri\/kozmetik-yaglari\/cuha-cicegi-yagi-2\/","url":"https:\/\/naturalpoland.com\/tr\/urunler\/kozmetik-hammaddeleri\/kozmetik-yaglari\/cuha-cicegi-yagi-2\/","name":"\u00c7uha \u00c7i\u00e7e\u011fi Ya\u011f\u0131 - Hurtowy Dystrybutor","isPartOf":{"@id":"https:\/\/naturalpoland.com\/tr\/#website"},"primaryImageOfPage":{"@id":"https:\/\/naturalpoland.com\/tr\/urunler\/kozmetik-hammaddeleri\/kozmetik-yaglari\/cuha-cicegi-yagi-2\/#primaryimage"},"image":{"@id":"https:\/\/naturalpoland.com\/tr\/urunler\/kozmetik-hammaddeleri\/kozmetik-yaglari\/cuha-cicegi-yagi-2\/#primaryimage"},"thumbnailUrl":"https:\/\/naturalpoland.com\/wp-content\/uploads\/Evening_Primrose_Butter.png","datePublished":"2023-07-25T11:41:24+00:00","dateModified":"2026-03-10T13:12:51+00:00","description":"\u00c7uha \u00c7i\u00e7e\u011fi Ya\u011f\u0131, benzersiz nemlendirici, yenileyici ve yat\u0131\u015ft\u0131r\u0131c\u0131 \u00f6zellikleri sayesinde son derece de\u011ferli bir kozmetik hazinedir.","breadcrumb":{"@id":"https:\/\/naturalpoland.com\/tr\/urunler\/kozmetik-hammaddeleri\/kozmetik-yaglari\/cuha-cicegi-yagi-2\/#breadcrumb"},"inLanguage":"tr","potentialAction":[{"@type":"ReadAction","target":["https:\/\/naturalpoland.com\/tr\/urunler\/kozmetik-hammaddeleri\/kozmetik-yaglari\/cuha-cicegi-yagi-2\/"]}]},{"@type":"ImageObject","inLanguage":"tr","@id":"https:\/\/naturalpoland.com\/tr\/urunler\/kozmetik-hammaddeleri\/kozmetik-yaglari\/cuha-cicegi-yagi-2\/#primaryimage","url":"https:\/\/naturalpoland.com\/wp-content\/uploads\/Evening_Primrose_Butter.png","contentUrl":"https:\/\/naturalpoland.com\/wp-content\/uploads\/Evening_Primrose_Butter.png","width":599,"height":599,"caption":"\u00e7uha \u00e7i\u00e7e\u011fi ya\u011f\u0131"},{"@type":"BreadcrumbList","@id":"https:\/\/naturalpoland.com\/tr\/urunler\/kozmetik-hammaddeleri\/kozmetik-yaglari\/cuha-cicegi-yagi-2\/#breadcrumb","itemListElement":[{"@type":"ListItem","position":1,"name":"Ana Sayfa","item":"https:\/\/naturalpoland.com\/tr\/"},{"@type":"ListItem","position":2,"name":"\u00dcr\u00fcnler","item":"https:\/\/naturalpoland.com\/tr\/urunler\/"},{"@type":"ListItem","position":3,"name":"\u00c7uha \u00c7i\u00e7e\u011fi Ya\u011f\u0131"}]},{"@type":"WebSite","@id":"https:\/\/naturalpoland.com\/tr\/#website","url":"https:\/\/naturalpoland.com\/tr\/","name":"NATURAL POLAND - Hurtowy Dystrybutor Surowc\u00f3w","description":"Surowce dla przemys\u0142u spo\u017cywczego, kosmetycznego i farmaceutycznego","publisher":{"@id":"https:\/\/naturalpoland.com\/tr\/#organization"},"potentialAction":[{"@type":"SearchAction","target":{"@type":"EntryPoint","urlTemplate":"https:\/\/naturalpoland.com\/tr\/?s={search_term_string}"},"query-input":{"@type":"PropertyValueSpecification","valueRequired":true,"valueName":"search_term_string"}}],"inLanguage":"tr"},{"@type":"Organization","@id":"https:\/\/naturalpoland.com\/tr\/#organization","name":"Natural Poland","url":"https:\/\/naturalpoland.com\/tr\/","logo":{"@type":"ImageObject","inLanguage":"tr","@id":"https:\/\/naturalpoland.com\/tr\/#\/schema\/logo\/image\/","url":"https:\/\/naturalpoland.com\/wp-content\/uploads\/2021\/05\/natural-poland-icon.png","contentUrl":"https:\/\/naturalpoland.com\/wp-content\/uploads\/2021\/05\/natural-poland-icon.png","width":512,"height":512,"caption":"Natural Poland"},"image":{"@id":"https:\/\/naturalpoland.com\/tr\/#\/schema\/logo\/image\/"},"sameAs":["https:\/\/www.facebook.com\/naturalpoland.b2b","https:\/\/pl.linkedin.com\/company\/natural-poland","https:\/\/www.youtube.com\/channel\/UCgeGGkvOMahZo-xu_MSEWxg"]}]}},"_links":{"self":[{"href":"https:\/\/naturalpoland.com\/tr\/wp-json\/wp\/v2\/product\/46613","targetHints":{"allow":["GET"]}}],"collection":[{"href":"https:\/\/naturalpoland.com\/tr\/wp-json\/wp\/v2\/product"}],"about":[{"href":"https:\/\/naturalpoland.com\/tr\/wp-json\/wp\/v2\/types\/product"}],"wp:featuredmedia":[{"embeddable":true,"href":"https:\/\/naturalpoland.com\/tr\/wp-json\/wp\/v2\/media\/46614"}],"wp:attachment":[{"href":"https:\/\/naturalpoland.com\/tr\/wp-json\/wp\/v2\/media?parent=46613"}],"wp:term":[{"taxonomy":"product_brand","embeddable":true,"href":"https:\/\/naturalpoland.com\/tr\/wp-json\/wp\/v2\/product_brand?post=46613"},{"taxonomy":"product_cat","embeddable":true,"href":"https:\/\/naturalpoland.com\/tr\/wp-json\/wp\/v2\/product_cat?post=46613"},{"taxonomy":"product_tag","embeddable":true,"href":"https:\/\/naturalpoland.com\/tr\/wp-json\/wp\/v2\/product_tag?post=46613"}],"curies":[{"name":"wp","href":"https:\/\/api.w.org\/{rel}","templated":true}]}}