{"id":46615,"date":"2023-07-17T16:18:28","date_gmt":"2023-07-17T14:18:28","guid":{"rendered":"https:\/\/naturalpoland.com\/produkty\/kategorilenmemis\/yasemin-yagi\/"},"modified":"2026-03-10T14:13:07","modified_gmt":"2026-03-10T13:13:07","slug":"yasemin-yagi","status":"publish","type":"product","link":"https:\/\/naturalpoland.com\/tr\/urunler\/kozmetik-hammaddeleri\/kozmetik-yaglari\/yasemin-yagi\/","title":{"rendered":"Yasemin Ya\u011f\u0131"},"content":{"rendered":"<h2>Yasemin Ya\u011f\u0131n\u0131n Bile\u015fimi:<\/h2>\n<p><strong><a href=\"https:\/\/naturalpoland.com\/produkty\/produkty-dla-przemyslu-kosmetycznego\/oleje-kosmetyczne\/olej-migdalowy\/\">Tatl\u0131 badem ya\u011f\u0131<\/a><\/strong>, ya\u011f\u0131m\u0131z\u0131n temelini olu\u015fturur ve yo\u011fun nemlendirici \u00f6zellikleriyle de\u011ferlidir. A ve E vitaminleri, magnezyum ve cildin yumu\u015fak, nemli ve sa\u011fl\u0131kl\u0131 kalmas\u0131na yard\u0131mc\u0131 olan sa\u011fl\u0131kl\u0131 ya\u011flar a\u00e7\u0131s\u0131ndan zengindir. <strong>Hidrojene bitkisel ya\u011f<\/strong>, ya\u011fa kremsi, kolay s\u00fcr\u00fclebilir bir k\u0131vam kazand\u0131r\u0131r ve cilde h\u0131zla n\u00fcfuz ederek gerekli besinleri sa\u011flar. <\/p>\n<p>Ancak bu \u00fcr\u00fcn\u00fcn en b\u00fcy\u00fck avantaj\u0131 i\u00e7erdi\u011fi <strong>yasemin ya\u011f\u0131d\u0131r<\/strong>. Yo\u011fun, egzotik kokusu, g\u00fcnl\u00fck cilt bak\u0131m\u0131n\u0131 e\u015fsiz bir deneyime d\u00f6n\u00fc\u015ft\u00fcr\u00fcr. Yasemin ayr\u0131ca antiseptik ve antioksidan \u00f6zellikleriyle bilinir, bu da cildi d\u0131\u015f etkenlerin zararl\u0131 etkilerinden korumaya yard\u0131mc\u0131 olur.  <\/p>\n<h2>Yasemin Ya\u011f\u0131 Nas\u0131l Kullan\u0131l\u0131r?<\/h2>\n<p>Yasemin Ya\u011f\u0131, her cilt tipinin bak\u0131m\u0131 i\u00e7in m\u00fckemmeldir, ancak \u00f6zellikle kuru, olgun ve hassas ciltler i\u00e7in tavsiye edilir. V\u00fccut, y\u00fcz ve hatta sa\u00e7 bak\u0131m\u0131 i\u00e7in kullan\u0131labilir. Ev yap\u0131m\u0131 kozmetik \u00fcr\u00fcnleri \u2013 losyonlar, maskeler veya kremler \u2013 i\u00e7in harika bir bile\u015fen olacakt\u0131r.  <\/p>\n","protected":false},"excerpt":{"rendered":"<p>Yasemin Ya\u011f\u0131, tatl\u0131 badem ya\u011f\u0131 (<em>Prunus Amygdalus Dulcis Oil<\/em>), hidrojene bitkisel ya\u011f (<em>Hydrogenated Vegetable Oil<\/em>) ve yasemin \u00e7i\u00e7e\u011fi ya\u011f\u0131 (<em>Jasminum Officinale Oil<\/em>) g\u00fcc\u00fcn\u00fc bir araya getirir.<\/p>\n","protected":false},"featured_media":46616,"template":"","meta":{"_acf_changed":false},"product_brand":[],"product_cat":[9550],"product_tag":[],"class_list":{"0":"post-46615","1":"product","2":"type-product","3":"status-publish","4":"has-post-thumbnail","6":"product_cat-kozmetik-yaglari","8":"first","9":"instock","10":"shipping-taxable","11":"product-type-simple"},"acf":[],"yoast_head":"<!-- This site is optimized with the Yoast SEO plugin v27.4 - https:\/\/yoast.com\/product\/yoast-seo-wordpress\/ -->\n<title>Yasemin Ya\u011f\u0131 - Hurtowy Dystrybutor<\/title>\n<meta name=\"description\" content=\"Yasemin Ya\u011f\u0131, tatl\u0131 badem ya\u011f\u0131, hidrojene bitkisel ya\u011f ve yasemin \u00e7i\u00e7e\u011fi ya\u011f\u0131n\u0131n g\u00fcc\u00fcn\u00fc bir araya getirir.\" \/>\n<meta name=\"robots\" content=\"index, follow, max-snippet:-1, max-image-preview:large, max-video-preview:-1\" \/>\n<link rel=\"canonical\" href=\"https:\/\/naturalpoland.com\/tr\/urunler\/kozmetik-hammaddeleri\/kozmetik-yaglari\/yasemin-yagi\/\" \/>\n<meta property=\"og:locale\" content=\"tr_TR\" \/>\n<meta property=\"og:type\" content=\"article\" \/>\n<meta property=\"og:title\" content=\"Yasemin Ya\u011f\u0131 - Hurtowy Dystrybutor\" \/>\n<meta property=\"og:description\" content=\"Yasemin Ya\u011f\u0131, tatl\u0131 badem ya\u011f\u0131, hidrojene bitkisel ya\u011f ve yasemin \u00e7i\u00e7e\u011fi ya\u011f\u0131n\u0131n g\u00fcc\u00fcn\u00fc bir araya getirir.\" \/>\n<meta property=\"og:url\" content=\"https:\/\/naturalpoland.com\/tr\/urunler\/kozmetik-hammaddeleri\/kozmetik-yaglari\/yasemin-yagi\/\" \/>\n<meta property=\"og:site_name\" content=\"NATURAL POLAND - Hurtowy Dystrybutor Surowc\u00f3w\" \/>\n<meta property=\"article:publisher\" content=\"https:\/\/www.facebook.com\/naturalpoland.b2b\" \/>\n<meta property=\"article:modified_time\" content=\"2026-03-10T13:13:07+00:00\" \/>\n<meta property=\"og:image\" content=\"https:\/\/naturalpoland.com\/wp-content\/uploads\/jasmin_butter.png\" \/>\n\t<meta property=\"og:image:width\" content=\"597\" \/>\n\t<meta property=\"og:image:height\" content=\"597\" \/>\n\t<meta property=\"og:image:type\" content=\"image\/png\" \/>\n<script type=\"application\/ld+json\" class=\"yoast-schema-graph\">{\"@context\":\"https:\\\/\\\/schema.org\",\"@graph\":[{\"@type\":\"WebPage\",\"@id\":\"https:\\\/\\\/naturalpoland.com\\\/tr\\\/urunler\\\/kozmetik-hammaddeleri\\\/kozmetik-yaglari\\\/yasemin-yagi\\\/\",\"url\":\"https:\\\/\\\/naturalpoland.com\\\/tr\\\/urunler\\\/kozmetik-hammaddeleri\\\/kozmetik-yaglari\\\/yasemin-yagi\\\/\",\"name\":\"Yasemin Ya\u011f\u0131 - Hurtowy Dystrybutor\",\"isPartOf\":{\"@id\":\"https:\\\/\\\/naturalpoland.com\\\/tr\\\/#website\"},\"primaryImageOfPage\":{\"@id\":\"https:\\\/\\\/naturalpoland.com\\\/tr\\\/urunler\\\/kozmetik-hammaddeleri\\\/kozmetik-yaglari\\\/yasemin-yagi\\\/#primaryimage\"},\"image\":{\"@id\":\"https:\\\/\\\/naturalpoland.com\\\/tr\\\/urunler\\\/kozmetik-hammaddeleri\\\/kozmetik-yaglari\\\/yasemin-yagi\\\/#primaryimage\"},\"thumbnailUrl\":\"https:\\\/\\\/naturalpoland.com\\\/wp-content\\\/uploads\\\/jasmin_butter.png\",\"datePublished\":\"2023-07-17T14:18:28+00:00\",\"dateModified\":\"2026-03-10T13:13:07+00:00\",\"description\":\"Yasemin Ya\u011f\u0131, tatl\u0131 badem ya\u011f\u0131, hidrojene bitkisel ya\u011f ve yasemin \u00e7i\u00e7e\u011fi ya\u011f\u0131n\u0131n g\u00fcc\u00fcn\u00fc bir araya getirir.\",\"breadcrumb\":{\"@id\":\"https:\\\/\\\/naturalpoland.com\\\/tr\\\/urunler\\\/kozmetik-hammaddeleri\\\/kozmetik-yaglari\\\/yasemin-yagi\\\/#breadcrumb\"},\"inLanguage\":\"tr\",\"potentialAction\":[{\"@type\":\"ReadAction\",\"target\":[\"https:\\\/\\\/naturalpoland.com\\\/tr\\\/urunler\\\/kozmetik-hammaddeleri\\\/kozmetik-yaglari\\\/yasemin-yagi\\\/\"]}]},{\"@type\":\"ImageObject\",\"inLanguage\":\"tr\",\"@id\":\"https:\\\/\\\/naturalpoland.com\\\/tr\\\/urunler\\\/kozmetik-hammaddeleri\\\/kozmetik-yaglari\\\/yasemin-yagi\\\/#primaryimage\",\"url\":\"https:\\\/\\\/naturalpoland.com\\\/wp-content\\\/uploads\\\/jasmin_butter.png\",\"contentUrl\":\"https:\\\/\\\/naturalpoland.com\\\/wp-content\\\/uploads\\\/jasmin_butter.png\",\"width\":597,\"height\":597,\"caption\":\"yasemin ya\u011f\u0131\"},{\"@type\":\"BreadcrumbList\",\"@id\":\"https:\\\/\\\/naturalpoland.com\\\/tr\\\/urunler\\\/kozmetik-hammaddeleri\\\/kozmetik-yaglari\\\/yasemin-yagi\\\/#breadcrumb\",\"itemListElement\":[{\"@type\":\"ListItem\",\"position\":1,\"name\":\"Ana Sayfa\",\"item\":\"https:\\\/\\\/naturalpoland.com\\\/tr\\\/\"},{\"@type\":\"ListItem\",\"position\":2,\"name\":\"\u00dcr\u00fcnler\",\"item\":\"https:\\\/\\\/naturalpoland.com\\\/tr\\\/urunler\\\/\"},{\"@type\":\"ListItem\",\"position\":3,\"name\":\"Yasemin Ya\u011f\u0131\"}]},{\"@type\":\"WebSite\",\"@id\":\"https:\\\/\\\/naturalpoland.com\\\/tr\\\/#website\",\"url\":\"https:\\\/\\\/naturalpoland.com\\\/tr\\\/\",\"name\":\"NATURAL POLAND - Hurtowy Dystrybutor Surowc\u00f3w\",\"description\":\"Surowce dla przemys\u0142u spo\u017cywczego, kosmetycznego i farmaceutycznego\",\"publisher\":{\"@id\":\"https:\\\/\\\/naturalpoland.com\\\/tr\\\/#organization\"},\"potentialAction\":[{\"@type\":\"SearchAction\",\"target\":{\"@type\":\"EntryPoint\",\"urlTemplate\":\"https:\\\/\\\/naturalpoland.com\\\/tr\\\/?s={search_term_string}\"},\"query-input\":{\"@type\":\"PropertyValueSpecification\",\"valueRequired\":true,\"valueName\":\"search_term_string\"}}],\"inLanguage\":\"tr\"},{\"@type\":\"Organization\",\"@id\":\"https:\\\/\\\/naturalpoland.com\\\/tr\\\/#organization\",\"name\":\"Natural Poland\",\"url\":\"https:\\\/\\\/naturalpoland.com\\\/tr\\\/\",\"logo\":{\"@type\":\"ImageObject\",\"inLanguage\":\"tr\",\"@id\":\"https:\\\/\\\/naturalpoland.com\\\/tr\\\/#\\\/schema\\\/logo\\\/image\\\/\",\"url\":\"https:\\\/\\\/naturalpoland.com\\\/wp-content\\\/uploads\\\/2021\\\/05\\\/natural-poland-icon.png\",\"contentUrl\":\"https:\\\/\\\/naturalpoland.com\\\/wp-content\\\/uploads\\\/2021\\\/05\\\/natural-poland-icon.png\",\"width\":512,\"height\":512,\"caption\":\"Natural Poland\"},\"image\":{\"@id\":\"https:\\\/\\\/naturalpoland.com\\\/tr\\\/#\\\/schema\\\/logo\\\/image\\\/\"},\"sameAs\":[\"https:\\\/\\\/www.facebook.com\\\/naturalpoland.b2b\",\"https:\\\/\\\/pl.linkedin.com\\\/company\\\/natural-poland\",\"https:\\\/\\\/www.youtube.com\\\/channel\\\/UCgeGGkvOMahZo-xu_MSEWxg\"]}]}<\/script>\n<!-- \/ Yoast SEO plugin. -->","yoast_head_json":{"title":"Yasemin Ya\u011f\u0131 - Hurtowy Dystrybutor","description":"Yasemin Ya\u011f\u0131, tatl\u0131 badem ya\u011f\u0131, hidrojene bitkisel ya\u011f ve yasemin \u00e7i\u00e7e\u011fi ya\u011f\u0131n\u0131n g\u00fcc\u00fcn\u00fc bir araya getirir.","robots":{"index":"index","follow":"follow","max-snippet":"max-snippet:-1","max-image-preview":"max-image-preview:large","max-video-preview":"max-video-preview:-1"},"canonical":"https:\/\/naturalpoland.com\/tr\/urunler\/kozmetik-hammaddeleri\/kozmetik-yaglari\/yasemin-yagi\/","og_locale":"tr_TR","og_type":"article","og_title":"Yasemin Ya\u011f\u0131 - Hurtowy Dystrybutor","og_description":"Yasemin Ya\u011f\u0131, tatl\u0131 badem ya\u011f\u0131, hidrojene bitkisel ya\u011f ve yasemin \u00e7i\u00e7e\u011fi ya\u011f\u0131n\u0131n g\u00fcc\u00fcn\u00fc bir araya getirir.","og_url":"https:\/\/naturalpoland.com\/tr\/urunler\/kozmetik-hammaddeleri\/kozmetik-yaglari\/yasemin-yagi\/","og_site_name":"NATURAL POLAND - Hurtowy Dystrybutor Surowc\u00f3w","article_publisher":"https:\/\/www.facebook.com\/naturalpoland.b2b","article_modified_time":"2026-03-10T13:13:07+00:00","og_image":[{"width":597,"height":597,"url":"https:\/\/naturalpoland.com\/wp-content\/uploads\/jasmin_butter.png","type":"image\/png"}],"schema":{"@context":"https:\/\/schema.org","@graph":[{"@type":"WebPage","@id":"https:\/\/naturalpoland.com\/tr\/urunler\/kozmetik-hammaddeleri\/kozmetik-yaglari\/yasemin-yagi\/","url":"https:\/\/naturalpoland.com\/tr\/urunler\/kozmetik-hammaddeleri\/kozmetik-yaglari\/yasemin-yagi\/","name":"Yasemin Ya\u011f\u0131 - Hurtowy Dystrybutor","isPartOf":{"@id":"https:\/\/naturalpoland.com\/tr\/#website"},"primaryImageOfPage":{"@id":"https:\/\/naturalpoland.com\/tr\/urunler\/kozmetik-hammaddeleri\/kozmetik-yaglari\/yasemin-yagi\/#primaryimage"},"image":{"@id":"https:\/\/naturalpoland.com\/tr\/urunler\/kozmetik-hammaddeleri\/kozmetik-yaglari\/yasemin-yagi\/#primaryimage"},"thumbnailUrl":"https:\/\/naturalpoland.com\/wp-content\/uploads\/jasmin_butter.png","datePublished":"2023-07-17T14:18:28+00:00","dateModified":"2026-03-10T13:13:07+00:00","description":"Yasemin Ya\u011f\u0131, tatl\u0131 badem ya\u011f\u0131, hidrojene bitkisel ya\u011f ve yasemin \u00e7i\u00e7e\u011fi ya\u011f\u0131n\u0131n g\u00fcc\u00fcn\u00fc bir araya getirir.","breadcrumb":{"@id":"https:\/\/naturalpoland.com\/tr\/urunler\/kozmetik-hammaddeleri\/kozmetik-yaglari\/yasemin-yagi\/#breadcrumb"},"inLanguage":"tr","potentialAction":[{"@type":"ReadAction","target":["https:\/\/naturalpoland.com\/tr\/urunler\/kozmetik-hammaddeleri\/kozmetik-yaglari\/yasemin-yagi\/"]}]},{"@type":"ImageObject","inLanguage":"tr","@id":"https:\/\/naturalpoland.com\/tr\/urunler\/kozmetik-hammaddeleri\/kozmetik-yaglari\/yasemin-yagi\/#primaryimage","url":"https:\/\/naturalpoland.com\/wp-content\/uploads\/jasmin_butter.png","contentUrl":"https:\/\/naturalpoland.com\/wp-content\/uploads\/jasmin_butter.png","width":597,"height":597,"caption":"yasemin ya\u011f\u0131"},{"@type":"BreadcrumbList","@id":"https:\/\/naturalpoland.com\/tr\/urunler\/kozmetik-hammaddeleri\/kozmetik-yaglari\/yasemin-yagi\/#breadcrumb","itemListElement":[{"@type":"ListItem","position":1,"name":"Ana Sayfa","item":"https:\/\/naturalpoland.com\/tr\/"},{"@type":"ListItem","position":2,"name":"\u00dcr\u00fcnler","item":"https:\/\/naturalpoland.com\/tr\/urunler\/"},{"@type":"ListItem","position":3,"name":"Yasemin Ya\u011f\u0131"}]},{"@type":"WebSite","@id":"https:\/\/naturalpoland.com\/tr\/#website","url":"https:\/\/naturalpoland.com\/tr\/","name":"NATURAL POLAND - Hurtowy Dystrybutor Surowc\u00f3w","description":"Surowce dla przemys\u0142u spo\u017cywczego, kosmetycznego i farmaceutycznego","publisher":{"@id":"https:\/\/naturalpoland.com\/tr\/#organization"},"potentialAction":[{"@type":"SearchAction","target":{"@type":"EntryPoint","urlTemplate":"https:\/\/naturalpoland.com\/tr\/?s={search_term_string}"},"query-input":{"@type":"PropertyValueSpecification","valueRequired":true,"valueName":"search_term_string"}}],"inLanguage":"tr"},{"@type":"Organization","@id":"https:\/\/naturalpoland.com\/tr\/#organization","name":"Natural Poland","url":"https:\/\/naturalpoland.com\/tr\/","logo":{"@type":"ImageObject","inLanguage":"tr","@id":"https:\/\/naturalpoland.com\/tr\/#\/schema\/logo\/image\/","url":"https:\/\/naturalpoland.com\/wp-content\/uploads\/2021\/05\/natural-poland-icon.png","contentUrl":"https:\/\/naturalpoland.com\/wp-content\/uploads\/2021\/05\/natural-poland-icon.png","width":512,"height":512,"caption":"Natural Poland"},"image":{"@id":"https:\/\/naturalpoland.com\/tr\/#\/schema\/logo\/image\/"},"sameAs":["https:\/\/www.facebook.com\/naturalpoland.b2b","https:\/\/pl.linkedin.com\/company\/natural-poland","https:\/\/www.youtube.com\/channel\/UCgeGGkvOMahZo-xu_MSEWxg"]}]}},"_links":{"self":[{"href":"https:\/\/naturalpoland.com\/tr\/wp-json\/wp\/v2\/product\/46615","targetHints":{"allow":["GET"]}}],"collection":[{"href":"https:\/\/naturalpoland.com\/tr\/wp-json\/wp\/v2\/product"}],"about":[{"href":"https:\/\/naturalpoland.com\/tr\/wp-json\/wp\/v2\/types\/product"}],"wp:featuredmedia":[{"embeddable":true,"href":"https:\/\/naturalpoland.com\/tr\/wp-json\/wp\/v2\/media\/46616"}],"wp:attachment":[{"href":"https:\/\/naturalpoland.com\/tr\/wp-json\/wp\/v2\/media?parent=46615"}],"wp:term":[{"taxonomy":"product_brand","embeddable":true,"href":"https:\/\/naturalpoland.com\/tr\/wp-json\/wp\/v2\/product_brand?post=46615"},{"taxonomy":"product_cat","embeddable":true,"href":"https:\/\/naturalpoland.com\/tr\/wp-json\/wp\/v2\/product_cat?post=46615"},{"taxonomy":"product_tag","embeddable":true,"href":"https:\/\/naturalpoland.com\/tr\/wp-json\/wp\/v2\/product_tag?post=46615"}],"curies":[{"name":"wp","href":"https:\/\/api.w.org\/{rel}","templated":true}]}}