{"id":46617,"date":"2023-07-17T15:47:08","date_gmt":"2023-07-17T13:47:08","guid":{"rendered":"https:\/\/naturalpoland.com\/produkty\/kategorilenmemis\/seftali-tereyagi\/"},"modified":"2026-03-10T14:13:22","modified_gmt":"2026-03-10T13:13:22","slug":"seftali-tereyagi","status":"publish","type":"product","link":"https:\/\/naturalpoland.com\/tr\/urunler\/kozmetik-hammaddeleri\/kozmetik-yaglari\/seftali-tereyagi\/","title":{"rendered":"\u015eeftali Tereya\u011f\u0131"},"content":{"rendered":"<h2>\u015eeftali Tereya\u011f\u0131n\u0131n \u0130\u00e7eri\u011fi<\/h2>\n<p><strong><a href=\"https:\/\/naturalpoland.com\/produkty\/oleje-spozywcze-i-kosmetyczne\/olej-z-pestek-brzoskwini\/\">\u015eeftali \u00e7ekirde\u011fi ya\u011f\u0131<\/a><\/strong>, cildin sa\u011fl\u0131\u011f\u0131 ve esnekli\u011fi i\u00e7in gerekli olan oleik asit ve linoleik asit gibi doymam\u0131\u015f ya\u011f asitleri a\u00e7\u0131s\u0131ndan zengindir. Cildi nemlendirmeye ve beslemeye yard\u0131mc\u0131 olarak yumu\u015fak, p\u00fcr\u00fczs\u00fcz ve sa\u011fl\u0131kl\u0131 kalmas\u0131n\u0131 sa\u011flar. Ayr\u0131ca, \u015feftali \u00e7ekirde\u011fi ya\u011f\u0131, \u00fcr\u00fcne e\u015fsiz bir \u00e7ekicilik katan narin, do\u011fal bir kokuya sahiptir.  <\/p>\n<p>Hidrojenize bitkisel ya\u011f, \u015feftali tereya\u011f\u0131na kolayca yay\u0131lan ve h\u0131zla emilen kremsi, p\u00fcr\u00fczs\u00fcz bir doku kazand\u0131r\u0131r. Bu sayede \u015feftali tereya\u011f\u0131 kullan\u0131m\u0131 son derece keyifli olup, ayn\u0131 zamanda cilde gerekli besin maddelerini etkili bir \u015fekilde sa\u011flar. <\/p>\n<h2>\u015eeftali Tereya\u011f\u0131 Nas\u0131l Kullan\u0131l\u0131r?<\/h2>\n<p><strong>\u015eeftali Tereya\u011f\u0131<\/strong>, \u00e7e\u015fitli \u015fekillerde kullan\u0131labilen \u00e7ok y\u00f6nl\u00fc bir \u00fcr\u00fcnd\u00fcr. V\u00fccut, y\u00fcz ve sa\u00e7 bak\u0131m\u0131 i\u00e7in m\u00fckemmeldir. Yo\u011fun bir v\u00fccut losyonu, sa\u00e7 maskesi, el kremi veya dudak balsam\u0131 olarak tek ba\u015f\u0131na kullan\u0131labilir. Ayr\u0131ca, \u015feftali \u00e7ekirde\u011fi ya\u011f\u0131n\u0131n \u00f6zelliklerini zenginle\u015ftirmek i\u00e7in kendi ev yap\u0131m\u0131 maskelerinize, losyonlar\u0131n\u0131za veya kremlerinize de eklenebilir.   <\/p>\n","protected":false},"excerpt":{"rendered":"<p>\u015eeftali Tereya\u011f\u0131, \u015feftali \u00e7ekirde\u011fi ya\u011f\u0131n\u0131n (<em>Prunus Persica Kernel Oil<\/em>) faydalar\u0131n\u0131 hidrojenize bitkisel ya\u011f (<em>Hydrogenated Vegetable Oil<\/em>) ile birle\u015ftiren benzersiz bir \u00fcr\u00fcnd\u00fcr.<\/p>\n","protected":false},"featured_media":46618,"template":"","meta":{"_acf_changed":false},"product_brand":[],"product_cat":[9550],"product_tag":[],"class_list":{"0":"post-46617","1":"product","2":"type-product","3":"status-publish","4":"has-post-thumbnail","6":"product_cat-kozmetik-yaglari","8":"first","9":"instock","10":"shipping-taxable","11":"product-type-simple"},"acf":[],"yoast_head":"<!-- This site is optimized with the Yoast SEO plugin v27.4 - https:\/\/yoast.com\/product\/yoast-seo-wordpress\/ -->\n<title>\u015eeftali Tereya\u011f\u0131 - Hurtowy Dystrybutor<\/title>\n<meta name=\"description\" content=\"\u015eeftali Tereya\u011f\u0131, \u015feftali \u00e7ekirde\u011fi ya\u011f\u0131n\u0131n faydalar\u0131n\u0131 hidrojenize bitkisel ya\u011f ile birle\u015ftiren benzersiz bir \u00fcr\u00fcnd\u00fcr.\" \/>\n<meta name=\"robots\" content=\"index, follow, max-snippet:-1, max-image-preview:large, max-video-preview:-1\" \/>\n<link rel=\"canonical\" href=\"https:\/\/naturalpoland.com\/tr\/urunler\/kozmetik-hammaddeleri\/kozmetik-yaglari\/seftali-tereyagi\/\" \/>\n<meta property=\"og:locale\" content=\"tr_TR\" \/>\n<meta property=\"og:type\" content=\"article\" \/>\n<meta property=\"og:title\" content=\"\u015eeftali Tereya\u011f\u0131 - Hurtowy Dystrybutor\" \/>\n<meta property=\"og:description\" content=\"\u015eeftali Tereya\u011f\u0131, \u015feftali \u00e7ekirde\u011fi ya\u011f\u0131n\u0131n faydalar\u0131n\u0131 hidrojenize bitkisel ya\u011f ile birle\u015ftiren benzersiz bir \u00fcr\u00fcnd\u00fcr.\" \/>\n<meta property=\"og:url\" content=\"https:\/\/naturalpoland.com\/tr\/urunler\/kozmetik-hammaddeleri\/kozmetik-yaglari\/seftali-tereyagi\/\" \/>\n<meta property=\"og:site_name\" content=\"NATURAL POLAND - Hurtowy Dystrybutor Surowc\u00f3w\" \/>\n<meta property=\"article:publisher\" content=\"https:\/\/www.facebook.com\/naturalpoland.b2b\" \/>\n<meta property=\"article:modified_time\" content=\"2026-03-10T13:13:22+00:00\" \/>\n<meta property=\"og:image\" content=\"https:\/\/naturalpoland.com\/wp-content\/uploads\/cosmetic_peach_butter-e1689602071487.jpg\" \/>\n\t<meta property=\"og:image:width\" content=\"638\" \/>\n\t<meta property=\"og:image:height\" content=\"643\" \/>\n\t<meta property=\"og:image:type\" content=\"image\/jpeg\" \/>\n<script type=\"application\/ld+json\" class=\"yoast-schema-graph\">{\"@context\":\"https:\\\/\\\/schema.org\",\"@graph\":[{\"@type\":\"WebPage\",\"@id\":\"https:\\\/\\\/naturalpoland.com\\\/tr\\\/urunler\\\/kozmetik-hammaddeleri\\\/kozmetik-yaglari\\\/seftali-tereyagi\\\/\",\"url\":\"https:\\\/\\\/naturalpoland.com\\\/tr\\\/urunler\\\/kozmetik-hammaddeleri\\\/kozmetik-yaglari\\\/seftali-tereyagi\\\/\",\"name\":\"\u015eeftali Tereya\u011f\u0131 - Hurtowy Dystrybutor\",\"isPartOf\":{\"@id\":\"https:\\\/\\\/naturalpoland.com\\\/tr\\\/#website\"},\"primaryImageOfPage\":{\"@id\":\"https:\\\/\\\/naturalpoland.com\\\/tr\\\/urunler\\\/kozmetik-hammaddeleri\\\/kozmetik-yaglari\\\/seftali-tereyagi\\\/#primaryimage\"},\"image\":{\"@id\":\"https:\\\/\\\/naturalpoland.com\\\/tr\\\/urunler\\\/kozmetik-hammaddeleri\\\/kozmetik-yaglari\\\/seftali-tereyagi\\\/#primaryimage\"},\"thumbnailUrl\":\"https:\\\/\\\/naturalpoland.com\\\/wp-content\\\/uploads\\\/cosmetic_peach_butter-e1689602071487.jpg\",\"datePublished\":\"2023-07-17T13:47:08+00:00\",\"dateModified\":\"2026-03-10T13:13:22+00:00\",\"description\":\"\u015eeftali Tereya\u011f\u0131, \u015feftali \u00e7ekirde\u011fi ya\u011f\u0131n\u0131n faydalar\u0131n\u0131 hidrojenize bitkisel ya\u011f ile birle\u015ftiren benzersiz bir \u00fcr\u00fcnd\u00fcr.\",\"breadcrumb\":{\"@id\":\"https:\\\/\\\/naturalpoland.com\\\/tr\\\/urunler\\\/kozmetik-hammaddeleri\\\/kozmetik-yaglari\\\/seftali-tereyagi\\\/#breadcrumb\"},\"inLanguage\":\"tr\",\"potentialAction\":[{\"@type\":\"ReadAction\",\"target\":[\"https:\\\/\\\/naturalpoland.com\\\/tr\\\/urunler\\\/kozmetik-hammaddeleri\\\/kozmetik-yaglari\\\/seftali-tereyagi\\\/\"]}]},{\"@type\":\"ImageObject\",\"inLanguage\":\"tr\",\"@id\":\"https:\\\/\\\/naturalpoland.com\\\/tr\\\/urunler\\\/kozmetik-hammaddeleri\\\/kozmetik-yaglari\\\/seftali-tereyagi\\\/#primaryimage\",\"url\":\"https:\\\/\\\/naturalpoland.com\\\/wp-content\\\/uploads\\\/cosmetic_peach_butter-e1689602071487.jpg\",\"contentUrl\":\"https:\\\/\\\/naturalpoland.com\\\/wp-content\\\/uploads\\\/cosmetic_peach_butter-e1689602071487.jpg\",\"width\":638,\"height\":643,\"caption\":\"\u015feftali tereya\u011f\u0131\"},{\"@type\":\"BreadcrumbList\",\"@id\":\"https:\\\/\\\/naturalpoland.com\\\/tr\\\/urunler\\\/kozmetik-hammaddeleri\\\/kozmetik-yaglari\\\/seftali-tereyagi\\\/#breadcrumb\",\"itemListElement\":[{\"@type\":\"ListItem\",\"position\":1,\"name\":\"Ana Sayfa\",\"item\":\"https:\\\/\\\/naturalpoland.com\\\/tr\\\/\"},{\"@type\":\"ListItem\",\"position\":2,\"name\":\"\u00dcr\u00fcnler\",\"item\":\"https:\\\/\\\/naturalpoland.com\\\/tr\\\/urunler\\\/\"},{\"@type\":\"ListItem\",\"position\":3,\"name\":\"\u015eeftali Tereya\u011f\u0131\"}]},{\"@type\":\"WebSite\",\"@id\":\"https:\\\/\\\/naturalpoland.com\\\/tr\\\/#website\",\"url\":\"https:\\\/\\\/naturalpoland.com\\\/tr\\\/\",\"name\":\"NATURAL POLAND - Hurtowy Dystrybutor Surowc\u00f3w\",\"description\":\"Surowce dla przemys\u0142u spo\u017cywczego, kosmetycznego i farmaceutycznego\",\"publisher\":{\"@id\":\"https:\\\/\\\/naturalpoland.com\\\/tr\\\/#organization\"},\"potentialAction\":[{\"@type\":\"SearchAction\",\"target\":{\"@type\":\"EntryPoint\",\"urlTemplate\":\"https:\\\/\\\/naturalpoland.com\\\/tr\\\/?s={search_term_string}\"},\"query-input\":{\"@type\":\"PropertyValueSpecification\",\"valueRequired\":true,\"valueName\":\"search_term_string\"}}],\"inLanguage\":\"tr\"},{\"@type\":\"Organization\",\"@id\":\"https:\\\/\\\/naturalpoland.com\\\/tr\\\/#organization\",\"name\":\"Natural Poland\",\"url\":\"https:\\\/\\\/naturalpoland.com\\\/tr\\\/\",\"logo\":{\"@type\":\"ImageObject\",\"inLanguage\":\"tr\",\"@id\":\"https:\\\/\\\/naturalpoland.com\\\/tr\\\/#\\\/schema\\\/logo\\\/image\\\/\",\"url\":\"https:\\\/\\\/naturalpoland.com\\\/wp-content\\\/uploads\\\/2021\\\/05\\\/natural-poland-icon.png\",\"contentUrl\":\"https:\\\/\\\/naturalpoland.com\\\/wp-content\\\/uploads\\\/2021\\\/05\\\/natural-poland-icon.png\",\"width\":512,\"height\":512,\"caption\":\"Natural Poland\"},\"image\":{\"@id\":\"https:\\\/\\\/naturalpoland.com\\\/tr\\\/#\\\/schema\\\/logo\\\/image\\\/\"},\"sameAs\":[\"https:\\\/\\\/www.facebook.com\\\/naturalpoland.b2b\",\"https:\\\/\\\/pl.linkedin.com\\\/company\\\/natural-poland\",\"https:\\\/\\\/www.youtube.com\\\/channel\\\/UCgeGGkvOMahZo-xu_MSEWxg\"]}]}<\/script>\n<!-- \/ Yoast SEO plugin. -->","yoast_head_json":{"title":"\u015eeftali Tereya\u011f\u0131 - Hurtowy Dystrybutor","description":"\u015eeftali Tereya\u011f\u0131, \u015feftali \u00e7ekirde\u011fi ya\u011f\u0131n\u0131n faydalar\u0131n\u0131 hidrojenize bitkisel ya\u011f ile birle\u015ftiren benzersiz bir \u00fcr\u00fcnd\u00fcr.","robots":{"index":"index","follow":"follow","max-snippet":"max-snippet:-1","max-image-preview":"max-image-preview:large","max-video-preview":"max-video-preview:-1"},"canonical":"https:\/\/naturalpoland.com\/tr\/urunler\/kozmetik-hammaddeleri\/kozmetik-yaglari\/seftali-tereyagi\/","og_locale":"tr_TR","og_type":"article","og_title":"\u015eeftali Tereya\u011f\u0131 - Hurtowy Dystrybutor","og_description":"\u015eeftali Tereya\u011f\u0131, \u015feftali \u00e7ekirde\u011fi ya\u011f\u0131n\u0131n faydalar\u0131n\u0131 hidrojenize bitkisel ya\u011f ile birle\u015ftiren benzersiz bir \u00fcr\u00fcnd\u00fcr.","og_url":"https:\/\/naturalpoland.com\/tr\/urunler\/kozmetik-hammaddeleri\/kozmetik-yaglari\/seftali-tereyagi\/","og_site_name":"NATURAL POLAND - Hurtowy Dystrybutor Surowc\u00f3w","article_publisher":"https:\/\/www.facebook.com\/naturalpoland.b2b","article_modified_time":"2026-03-10T13:13:22+00:00","og_image":[{"width":638,"height":643,"url":"https:\/\/naturalpoland.com\/wp-content\/uploads\/cosmetic_peach_butter-e1689602071487.jpg","type":"image\/jpeg"}],"schema":{"@context":"https:\/\/schema.org","@graph":[{"@type":"WebPage","@id":"https:\/\/naturalpoland.com\/tr\/urunler\/kozmetik-hammaddeleri\/kozmetik-yaglari\/seftali-tereyagi\/","url":"https:\/\/naturalpoland.com\/tr\/urunler\/kozmetik-hammaddeleri\/kozmetik-yaglari\/seftali-tereyagi\/","name":"\u015eeftali Tereya\u011f\u0131 - Hurtowy Dystrybutor","isPartOf":{"@id":"https:\/\/naturalpoland.com\/tr\/#website"},"primaryImageOfPage":{"@id":"https:\/\/naturalpoland.com\/tr\/urunler\/kozmetik-hammaddeleri\/kozmetik-yaglari\/seftali-tereyagi\/#primaryimage"},"image":{"@id":"https:\/\/naturalpoland.com\/tr\/urunler\/kozmetik-hammaddeleri\/kozmetik-yaglari\/seftali-tereyagi\/#primaryimage"},"thumbnailUrl":"https:\/\/naturalpoland.com\/wp-content\/uploads\/cosmetic_peach_butter-e1689602071487.jpg","datePublished":"2023-07-17T13:47:08+00:00","dateModified":"2026-03-10T13:13:22+00:00","description":"\u015eeftali Tereya\u011f\u0131, \u015feftali \u00e7ekirde\u011fi ya\u011f\u0131n\u0131n faydalar\u0131n\u0131 hidrojenize bitkisel ya\u011f ile birle\u015ftiren benzersiz bir \u00fcr\u00fcnd\u00fcr.","breadcrumb":{"@id":"https:\/\/naturalpoland.com\/tr\/urunler\/kozmetik-hammaddeleri\/kozmetik-yaglari\/seftali-tereyagi\/#breadcrumb"},"inLanguage":"tr","potentialAction":[{"@type":"ReadAction","target":["https:\/\/naturalpoland.com\/tr\/urunler\/kozmetik-hammaddeleri\/kozmetik-yaglari\/seftali-tereyagi\/"]}]},{"@type":"ImageObject","inLanguage":"tr","@id":"https:\/\/naturalpoland.com\/tr\/urunler\/kozmetik-hammaddeleri\/kozmetik-yaglari\/seftali-tereyagi\/#primaryimage","url":"https:\/\/naturalpoland.com\/wp-content\/uploads\/cosmetic_peach_butter-e1689602071487.jpg","contentUrl":"https:\/\/naturalpoland.com\/wp-content\/uploads\/cosmetic_peach_butter-e1689602071487.jpg","width":638,"height":643,"caption":"\u015feftali tereya\u011f\u0131"},{"@type":"BreadcrumbList","@id":"https:\/\/naturalpoland.com\/tr\/urunler\/kozmetik-hammaddeleri\/kozmetik-yaglari\/seftali-tereyagi\/#breadcrumb","itemListElement":[{"@type":"ListItem","position":1,"name":"Ana Sayfa","item":"https:\/\/naturalpoland.com\/tr\/"},{"@type":"ListItem","position":2,"name":"\u00dcr\u00fcnler","item":"https:\/\/naturalpoland.com\/tr\/urunler\/"},{"@type":"ListItem","position":3,"name":"\u015eeftali Tereya\u011f\u0131"}]},{"@type":"WebSite","@id":"https:\/\/naturalpoland.com\/tr\/#website","url":"https:\/\/naturalpoland.com\/tr\/","name":"NATURAL POLAND - Hurtowy Dystrybutor Surowc\u00f3w","description":"Surowce dla przemys\u0142u spo\u017cywczego, kosmetycznego i farmaceutycznego","publisher":{"@id":"https:\/\/naturalpoland.com\/tr\/#organization"},"potentialAction":[{"@type":"SearchAction","target":{"@type":"EntryPoint","urlTemplate":"https:\/\/naturalpoland.com\/tr\/?s={search_term_string}"},"query-input":{"@type":"PropertyValueSpecification","valueRequired":true,"valueName":"search_term_string"}}],"inLanguage":"tr"},{"@type":"Organization","@id":"https:\/\/naturalpoland.com\/tr\/#organization","name":"Natural Poland","url":"https:\/\/naturalpoland.com\/tr\/","logo":{"@type":"ImageObject","inLanguage":"tr","@id":"https:\/\/naturalpoland.com\/tr\/#\/schema\/logo\/image\/","url":"https:\/\/naturalpoland.com\/wp-content\/uploads\/2021\/05\/natural-poland-icon.png","contentUrl":"https:\/\/naturalpoland.com\/wp-content\/uploads\/2021\/05\/natural-poland-icon.png","width":512,"height":512,"caption":"Natural Poland"},"image":{"@id":"https:\/\/naturalpoland.com\/tr\/#\/schema\/logo\/image\/"},"sameAs":["https:\/\/www.facebook.com\/naturalpoland.b2b","https:\/\/pl.linkedin.com\/company\/natural-poland","https:\/\/www.youtube.com\/channel\/UCgeGGkvOMahZo-xu_MSEWxg"]}]}},"_links":{"self":[{"href":"https:\/\/naturalpoland.com\/tr\/wp-json\/wp\/v2\/product\/46617","targetHints":{"allow":["GET"]}}],"collection":[{"href":"https:\/\/naturalpoland.com\/tr\/wp-json\/wp\/v2\/product"}],"about":[{"href":"https:\/\/naturalpoland.com\/tr\/wp-json\/wp\/v2\/types\/product"}],"wp:featuredmedia":[{"embeddable":true,"href":"https:\/\/naturalpoland.com\/tr\/wp-json\/wp\/v2\/media\/46618"}],"wp:attachment":[{"href":"https:\/\/naturalpoland.com\/tr\/wp-json\/wp\/v2\/media?parent=46617"}],"wp:term":[{"taxonomy":"product_brand","embeddable":true,"href":"https:\/\/naturalpoland.com\/tr\/wp-json\/wp\/v2\/product_brand?post=46617"},{"taxonomy":"product_cat","embeddable":true,"href":"https:\/\/naturalpoland.com\/tr\/wp-json\/wp\/v2\/product_cat?post=46617"},{"taxonomy":"product_tag","embeddable":true,"href":"https:\/\/naturalpoland.com\/tr\/wp-json\/wp\/v2\/product_tag?post=46617"}],"curies":[{"name":"wp","href":"https:\/\/api.w.org\/{rel}","templated":true}]}}