{"id":46636,"date":"2023-07-04T15:21:10","date_gmt":"2023-07-04T13:21:10","guid":{"rendered":"https:\/\/naturalpoland.com\/produkty\/kategorilenmemis\/argan-yagi-2\/"},"modified":"2026-03-10T14:31:27","modified_gmt":"2026-03-10T13:31:27","slug":"argan-yagi-2","status":"publish","type":"product","link":"https:\/\/naturalpoland.com\/tr\/urunler\/kozmetik-hammaddeleri\/kozmetik-yaglari\/argan-yagi-2\/","title":{"rendered":"Argan Ya\u011f\u0131"},"content":{"rendered":"<p>Argan ya\u011f\u0131, kremsi, p\u00fcr\u00fczs\u00fcz bir k\u0131vama ve hafif f\u0131nd\u0131k kokusuna sahiptir. Do\u011fal antioksidan i\u00e7eri\u011fi sayesinde olduk\u00e7a stabildir, bu da uzun s\u00fcreli tazelik ve y\u00fcksek oksidasyon direnci sa\u011flar. <\/p>\n<h3>Aktif Bile\u015fen \u0130\u00e7eri\u011fi:<\/h3>\n<p>Argan ya\u011f\u0131, g\u00fc\u00e7l\u00fc bir antioksidan olan ve serbest radikallerle sava\u015farak cilt h\u00fccrelerinin yenilenmesini destekleyen E vitamini a\u00e7\u0131s\u0131ndan zengindir. Ayr\u0131ca, cildin bilinen nemlendiricileri ve besleyicileri olan oleik ve linoleik gibi ya\u011f asitlerini de i\u00e7erir. <\/p>\n<h3>Kozmetik End\u00fcstrisinde Kullan\u0131m Alanlar\u0131:<\/h3>\n<p>Argan ya\u011f\u0131, kremler, losyonlar, sa\u00e7 maskeleri, \u015fampuanlar ve sabunlar dahil olmak \u00fczere \u00e7e\u015fitli kozmetik \u00fcr\u00fcnlerinde kullan\u0131m i\u00e7in ideal, \u00e7ok y\u00f6nl\u00fc bir bile\u015fendir. Nemlendirici ve yenileyici \u00f6zellikleri, onu cilt ve sa\u00e7 bak\u0131m\u0131 \u00fcr\u00fcnleri i\u00e7in m\u00fckemmel bir bile\u015fen yapar. Nemlendirmeye, beslemeye, yenilemeye ve korumaya yard\u0131mc\u0131 olarak p\u00fcr\u00fczs\u00fczl\u00fck ve parlakl\u0131k katar.  <\/p>\n","protected":false},"excerpt":{"rendered":"<p>Argan ya\u011f\u0131, a\u011f\u0131rl\u0131kl\u0131 olarak Fas&#8217;ta yeti\u015fen argan a\u011fac\u0131n\u0131n meyvelerinden elde edilen bir \u00fcr\u00fcnd\u00fcr. Benzersiz \u00f6zellikleri nedeniyle argan ya\u011f\u0131, kozmetik end\u00fcstrisinde en de\u011ferli bile\u015fenlerden biri haline gelmi\u015ftir. <\/p>\n","protected":false},"featured_media":46637,"template":"","meta":{"_acf_changed":false},"product_brand":[],"product_cat":[9550],"product_tag":[],"class_list":{"0":"post-46636","1":"product","2":"type-product","3":"status-publish","4":"has-post-thumbnail","6":"product_cat-kozmetik-yaglari","8":"first","9":"instock","10":"shipping-taxable","11":"product-type-simple"},"acf":[],"yoast_head":"<!-- This site is optimized with the Yoast SEO plugin v27.4 - https:\/\/yoast.com\/product\/yoast-seo-wordpress\/ -->\n<title>Argan Ya\u011f\u0131 - Hurtowy Dystrybutor<\/title>\n<meta name=\"description\" content=\"Benzersiz \u00f6zellikleri nedeniyle argan ya\u011f\u0131, kozmetik end\u00fcstrisinde en de\u011ferli bile\u015fenlerden biri haline gelmi\u015ftir.\" \/>\n<meta name=\"robots\" content=\"index, follow, max-snippet:-1, max-image-preview:large, max-video-preview:-1\" \/>\n<link rel=\"canonical\" href=\"https:\/\/naturalpoland.com\/tr\/urunler\/kozmetik-hammaddeleri\/kozmetik-yaglari\/argan-yagi-2\/\" \/>\n<meta property=\"og:locale\" content=\"tr_TR\" \/>\n<meta property=\"og:type\" content=\"article\" \/>\n<meta property=\"og:title\" content=\"Argan Ya\u011f\u0131 - Hurtowy Dystrybutor\" \/>\n<meta property=\"og:description\" content=\"Benzersiz \u00f6zellikleri nedeniyle argan ya\u011f\u0131, kozmetik end\u00fcstrisinde en de\u011ferli bile\u015fenlerden biri haline gelmi\u015ftir.\" \/>\n<meta property=\"og:url\" content=\"https:\/\/naturalpoland.com\/tr\/urunler\/kozmetik-hammaddeleri\/kozmetik-yaglari\/argan-yagi-2\/\" \/>\n<meta property=\"og:site_name\" content=\"NATURAL POLAND - Hurtowy Dystrybutor Surowc\u00f3w\" \/>\n<meta property=\"article:publisher\" content=\"https:\/\/www.facebook.com\/naturalpoland.b2b\" \/>\n<meta property=\"article:modified_time\" content=\"2026-03-10T13:31:27+00:00\" \/>\n<meta property=\"og:image\" content=\"https:\/\/naturalpoland.com\/wp-content\/uploads\/argan-butter.jpg\" \/>\n\t<meta property=\"og:image:width\" content=\"650\" \/>\n\t<meta property=\"og:image:height\" content=\"650\" \/>\n\t<meta property=\"og:image:type\" content=\"image\/jpeg\" \/>\n<script type=\"application\/ld+json\" class=\"yoast-schema-graph\">{\"@context\":\"https:\\\/\\\/schema.org\",\"@graph\":[{\"@type\":\"WebPage\",\"@id\":\"https:\\\/\\\/naturalpoland.com\\\/tr\\\/urunler\\\/kozmetik-hammaddeleri\\\/kozmetik-yaglari\\\/argan-yagi-2\\\/\",\"url\":\"https:\\\/\\\/naturalpoland.com\\\/tr\\\/urunler\\\/kozmetik-hammaddeleri\\\/kozmetik-yaglari\\\/argan-yagi-2\\\/\",\"name\":\"Argan Ya\u011f\u0131 - Hurtowy Dystrybutor\",\"isPartOf\":{\"@id\":\"https:\\\/\\\/naturalpoland.com\\\/tr\\\/#website\"},\"primaryImageOfPage\":{\"@id\":\"https:\\\/\\\/naturalpoland.com\\\/tr\\\/urunler\\\/kozmetik-hammaddeleri\\\/kozmetik-yaglari\\\/argan-yagi-2\\\/#primaryimage\"},\"image\":{\"@id\":\"https:\\\/\\\/naturalpoland.com\\\/tr\\\/urunler\\\/kozmetik-hammaddeleri\\\/kozmetik-yaglari\\\/argan-yagi-2\\\/#primaryimage\"},\"thumbnailUrl\":\"https:\\\/\\\/naturalpoland.com\\\/wp-content\\\/uploads\\\/argan-butter.jpg\",\"datePublished\":\"2023-07-04T13:21:10+00:00\",\"dateModified\":\"2026-03-10T13:31:27+00:00\",\"description\":\"Benzersiz \u00f6zellikleri nedeniyle argan ya\u011f\u0131, kozmetik end\u00fcstrisinde en de\u011ferli bile\u015fenlerden biri haline gelmi\u015ftir.\",\"breadcrumb\":{\"@id\":\"https:\\\/\\\/naturalpoland.com\\\/tr\\\/urunler\\\/kozmetik-hammaddeleri\\\/kozmetik-yaglari\\\/argan-yagi-2\\\/#breadcrumb\"},\"inLanguage\":\"tr\",\"potentialAction\":[{\"@type\":\"ReadAction\",\"target\":[\"https:\\\/\\\/naturalpoland.com\\\/tr\\\/urunler\\\/kozmetik-hammaddeleri\\\/kozmetik-yaglari\\\/argan-yagi-2\\\/\"]}]},{\"@type\":\"ImageObject\",\"inLanguage\":\"tr\",\"@id\":\"https:\\\/\\\/naturalpoland.com\\\/tr\\\/urunler\\\/kozmetik-hammaddeleri\\\/kozmetik-yaglari\\\/argan-yagi-2\\\/#primaryimage\",\"url\":\"https:\\\/\\\/naturalpoland.com\\\/wp-content\\\/uploads\\\/argan-butter.jpg\",\"contentUrl\":\"https:\\\/\\\/naturalpoland.com\\\/wp-content\\\/uploads\\\/argan-butter.jpg\",\"width\":650,\"height\":650,\"caption\":\"argan ya\u011f\u0131\"},{\"@type\":\"BreadcrumbList\",\"@id\":\"https:\\\/\\\/naturalpoland.com\\\/tr\\\/urunler\\\/kozmetik-hammaddeleri\\\/kozmetik-yaglari\\\/argan-yagi-2\\\/#breadcrumb\",\"itemListElement\":[{\"@type\":\"ListItem\",\"position\":1,\"name\":\"Ana Sayfa\",\"item\":\"https:\\\/\\\/naturalpoland.com\\\/tr\\\/\"},{\"@type\":\"ListItem\",\"position\":2,\"name\":\"\u00dcr\u00fcnler\",\"item\":\"https:\\\/\\\/naturalpoland.com\\\/tr\\\/urunler\\\/\"},{\"@type\":\"ListItem\",\"position\":3,\"name\":\"Argan Ya\u011f\u0131\"}]},{\"@type\":\"WebSite\",\"@id\":\"https:\\\/\\\/naturalpoland.com\\\/tr\\\/#website\",\"url\":\"https:\\\/\\\/naturalpoland.com\\\/tr\\\/\",\"name\":\"NATURAL POLAND - Hurtowy Dystrybutor Surowc\u00f3w\",\"description\":\"Surowce dla przemys\u0142u spo\u017cywczego, kosmetycznego i farmaceutycznego\",\"publisher\":{\"@id\":\"https:\\\/\\\/naturalpoland.com\\\/tr\\\/#organization\"},\"potentialAction\":[{\"@type\":\"SearchAction\",\"target\":{\"@type\":\"EntryPoint\",\"urlTemplate\":\"https:\\\/\\\/naturalpoland.com\\\/tr\\\/?s={search_term_string}\"},\"query-input\":{\"@type\":\"PropertyValueSpecification\",\"valueRequired\":true,\"valueName\":\"search_term_string\"}}],\"inLanguage\":\"tr\"},{\"@type\":\"Organization\",\"@id\":\"https:\\\/\\\/naturalpoland.com\\\/tr\\\/#organization\",\"name\":\"Natural Poland\",\"url\":\"https:\\\/\\\/naturalpoland.com\\\/tr\\\/\",\"logo\":{\"@type\":\"ImageObject\",\"inLanguage\":\"tr\",\"@id\":\"https:\\\/\\\/naturalpoland.com\\\/tr\\\/#\\\/schema\\\/logo\\\/image\\\/\",\"url\":\"https:\\\/\\\/naturalpoland.com\\\/wp-content\\\/uploads\\\/2021\\\/05\\\/natural-poland-icon.png\",\"contentUrl\":\"https:\\\/\\\/naturalpoland.com\\\/wp-content\\\/uploads\\\/2021\\\/05\\\/natural-poland-icon.png\",\"width\":512,\"height\":512,\"caption\":\"Natural Poland\"},\"image\":{\"@id\":\"https:\\\/\\\/naturalpoland.com\\\/tr\\\/#\\\/schema\\\/logo\\\/image\\\/\"},\"sameAs\":[\"https:\\\/\\\/www.facebook.com\\\/naturalpoland.b2b\",\"https:\\\/\\\/pl.linkedin.com\\\/company\\\/natural-poland\",\"https:\\\/\\\/www.youtube.com\\\/channel\\\/UCgeGGkvOMahZo-xu_MSEWxg\"]}]}<\/script>\n<!-- \/ Yoast SEO plugin. -->","yoast_head_json":{"title":"Argan Ya\u011f\u0131 - Hurtowy Dystrybutor","description":"Benzersiz \u00f6zellikleri nedeniyle argan ya\u011f\u0131, kozmetik end\u00fcstrisinde en de\u011ferli bile\u015fenlerden biri haline gelmi\u015ftir.","robots":{"index":"index","follow":"follow","max-snippet":"max-snippet:-1","max-image-preview":"max-image-preview:large","max-video-preview":"max-video-preview:-1"},"canonical":"https:\/\/naturalpoland.com\/tr\/urunler\/kozmetik-hammaddeleri\/kozmetik-yaglari\/argan-yagi-2\/","og_locale":"tr_TR","og_type":"article","og_title":"Argan Ya\u011f\u0131 - Hurtowy Dystrybutor","og_description":"Benzersiz \u00f6zellikleri nedeniyle argan ya\u011f\u0131, kozmetik end\u00fcstrisinde en de\u011ferli bile\u015fenlerden biri haline gelmi\u015ftir.","og_url":"https:\/\/naturalpoland.com\/tr\/urunler\/kozmetik-hammaddeleri\/kozmetik-yaglari\/argan-yagi-2\/","og_site_name":"NATURAL POLAND - Hurtowy Dystrybutor Surowc\u00f3w","article_publisher":"https:\/\/www.facebook.com\/naturalpoland.b2b","article_modified_time":"2026-03-10T13:31:27+00:00","og_image":[{"width":650,"height":650,"url":"https:\/\/naturalpoland.com\/wp-content\/uploads\/argan-butter.jpg","type":"image\/jpeg"}],"schema":{"@context":"https:\/\/schema.org","@graph":[{"@type":"WebPage","@id":"https:\/\/naturalpoland.com\/tr\/urunler\/kozmetik-hammaddeleri\/kozmetik-yaglari\/argan-yagi-2\/","url":"https:\/\/naturalpoland.com\/tr\/urunler\/kozmetik-hammaddeleri\/kozmetik-yaglari\/argan-yagi-2\/","name":"Argan Ya\u011f\u0131 - Hurtowy Dystrybutor","isPartOf":{"@id":"https:\/\/naturalpoland.com\/tr\/#website"},"primaryImageOfPage":{"@id":"https:\/\/naturalpoland.com\/tr\/urunler\/kozmetik-hammaddeleri\/kozmetik-yaglari\/argan-yagi-2\/#primaryimage"},"image":{"@id":"https:\/\/naturalpoland.com\/tr\/urunler\/kozmetik-hammaddeleri\/kozmetik-yaglari\/argan-yagi-2\/#primaryimage"},"thumbnailUrl":"https:\/\/naturalpoland.com\/wp-content\/uploads\/argan-butter.jpg","datePublished":"2023-07-04T13:21:10+00:00","dateModified":"2026-03-10T13:31:27+00:00","description":"Benzersiz \u00f6zellikleri nedeniyle argan ya\u011f\u0131, kozmetik end\u00fcstrisinde en de\u011ferli bile\u015fenlerden biri haline gelmi\u015ftir.","breadcrumb":{"@id":"https:\/\/naturalpoland.com\/tr\/urunler\/kozmetik-hammaddeleri\/kozmetik-yaglari\/argan-yagi-2\/#breadcrumb"},"inLanguage":"tr","potentialAction":[{"@type":"ReadAction","target":["https:\/\/naturalpoland.com\/tr\/urunler\/kozmetik-hammaddeleri\/kozmetik-yaglari\/argan-yagi-2\/"]}]},{"@type":"ImageObject","inLanguage":"tr","@id":"https:\/\/naturalpoland.com\/tr\/urunler\/kozmetik-hammaddeleri\/kozmetik-yaglari\/argan-yagi-2\/#primaryimage","url":"https:\/\/naturalpoland.com\/wp-content\/uploads\/argan-butter.jpg","contentUrl":"https:\/\/naturalpoland.com\/wp-content\/uploads\/argan-butter.jpg","width":650,"height":650,"caption":"argan ya\u011f\u0131"},{"@type":"BreadcrumbList","@id":"https:\/\/naturalpoland.com\/tr\/urunler\/kozmetik-hammaddeleri\/kozmetik-yaglari\/argan-yagi-2\/#breadcrumb","itemListElement":[{"@type":"ListItem","position":1,"name":"Ana Sayfa","item":"https:\/\/naturalpoland.com\/tr\/"},{"@type":"ListItem","position":2,"name":"\u00dcr\u00fcnler","item":"https:\/\/naturalpoland.com\/tr\/urunler\/"},{"@type":"ListItem","position":3,"name":"Argan Ya\u011f\u0131"}]},{"@type":"WebSite","@id":"https:\/\/naturalpoland.com\/tr\/#website","url":"https:\/\/naturalpoland.com\/tr\/","name":"NATURAL POLAND - Hurtowy Dystrybutor Surowc\u00f3w","description":"Surowce dla przemys\u0142u spo\u017cywczego, kosmetycznego i farmaceutycznego","publisher":{"@id":"https:\/\/naturalpoland.com\/tr\/#organization"},"potentialAction":[{"@type":"SearchAction","target":{"@type":"EntryPoint","urlTemplate":"https:\/\/naturalpoland.com\/tr\/?s={search_term_string}"},"query-input":{"@type":"PropertyValueSpecification","valueRequired":true,"valueName":"search_term_string"}}],"inLanguage":"tr"},{"@type":"Organization","@id":"https:\/\/naturalpoland.com\/tr\/#organization","name":"Natural Poland","url":"https:\/\/naturalpoland.com\/tr\/","logo":{"@type":"ImageObject","inLanguage":"tr","@id":"https:\/\/naturalpoland.com\/tr\/#\/schema\/logo\/image\/","url":"https:\/\/naturalpoland.com\/wp-content\/uploads\/2021\/05\/natural-poland-icon.png","contentUrl":"https:\/\/naturalpoland.com\/wp-content\/uploads\/2021\/05\/natural-poland-icon.png","width":512,"height":512,"caption":"Natural Poland"},"image":{"@id":"https:\/\/naturalpoland.com\/tr\/#\/schema\/logo\/image\/"},"sameAs":["https:\/\/www.facebook.com\/naturalpoland.b2b","https:\/\/pl.linkedin.com\/company\/natural-poland","https:\/\/www.youtube.com\/channel\/UCgeGGkvOMahZo-xu_MSEWxg"]}]}},"_links":{"self":[{"href":"https:\/\/naturalpoland.com\/tr\/wp-json\/wp\/v2\/product\/46636","targetHints":{"allow":["GET"]}}],"collection":[{"href":"https:\/\/naturalpoland.com\/tr\/wp-json\/wp\/v2\/product"}],"about":[{"href":"https:\/\/naturalpoland.com\/tr\/wp-json\/wp\/v2\/types\/product"}],"wp:featuredmedia":[{"embeddable":true,"href":"https:\/\/naturalpoland.com\/tr\/wp-json\/wp\/v2\/media\/46637"}],"wp:attachment":[{"href":"https:\/\/naturalpoland.com\/tr\/wp-json\/wp\/v2\/media?parent=46636"}],"wp:term":[{"taxonomy":"product_brand","embeddable":true,"href":"https:\/\/naturalpoland.com\/tr\/wp-json\/wp\/v2\/product_brand?post=46636"},{"taxonomy":"product_cat","embeddable":true,"href":"https:\/\/naturalpoland.com\/tr\/wp-json\/wp\/v2\/product_cat?post=46636"},{"taxonomy":"product_tag","embeddable":true,"href":"https:\/\/naturalpoland.com\/tr\/wp-json\/wp\/v2\/product_tag?post=46636"}],"curies":[{"name":"wp","href":"https:\/\/api.w.org\/{rel}","templated":true}]}}