{"id":46640,"date":"2021-05-11T13:47:23","date_gmt":"2021-05-11T11:47:23","guid":{"rendered":"https:\/\/naturalpoland.com\/produkty\/kategorilenmemis\/murumuru-yagi\/"},"modified":"2026-03-10T14:31:47","modified_gmt":"2026-03-10T13:31:47","slug":"murumuru-yagi","status":"publish","type":"product","link":"https:\/\/naturalpoland.com\/tr\/urunler\/kozmetik-hammaddeleri\/kozmetik-yaglari\/murumuru-yagi\/","title":{"rendered":"Murumuru Ya\u011f\u0131"},"content":{"rendered":"<p>Amazon ya\u011fmur ormanlar\u0131ndan gelen murumuru ya\u011f\u0131, doymam\u0131\u015f ya\u011f asitleri a\u00e7\u0131s\u0131ndan zengin bir kaynakt\u0131r. Oleik asit ve linoleik asit gibi bu t\u00fcr asitler, cilt ve sa\u00e7 bak\u0131m\u0131n\u0131 do\u011fal olarak destekler. E\u015fsiz etkisi, antibakteriyel, antifungal ve antienflamatuar \u00f6zelliklerden sorumlu olan laurik asit (%47&#8217;ye varan oranda) taraf\u0131ndan sa\u011flan\u0131r.  <\/p>\n<h2>Cilt Bak\u0131m\u0131<\/h2>\n<p>Murumuru ya\u011f\u0131 h\u0131zla emilir ve ya\u011fl\u0131 bir his b\u0131rakmaz. Do\u011fal bir yumu\u015fat\u0131c\u0131 g\u00f6revi g\u00f6rd\u00fc\u011f\u00fc i\u00e7in g\u00fcnl\u00fck y\u00fcz ve v\u00fccut bak\u0131m\u0131 i\u00e7in m\u00fckemmeldir. Cildi sadece nemlendirmekle kalmaz, ayn\u0131 zamanda hidrolipid bariyerini g\u00fc\u00e7lendirerek nemi hapsetmeye de yard\u0131mc\u0131 olur.  <\/p>\n<p>Bu ya\u011f ayr\u0131ca, renk bozukluklar\u0131n\u0131 ayd\u0131nlatan ve ya\u015flanma s\u00fcre\u00e7lerini geciktiren A ve C vitaminleri de dahil olmak \u00fczere antioksidanlar a\u00e7\u0131s\u0131ndan zengindir.<\/p>\n<h2>Sa\u00e7 Bak\u0131m\u0131<\/h2>\n<p>Sa\u00e7 bak\u0131m\u0131nda murumuru ya\u011f\u0131, sa\u00e7 yap\u0131s\u0131n\u0131 p\u00fcr\u00fczs\u00fczle\u015ftirmesi, parlakl\u0131k ve esneklik kazand\u0131rmas\u0131 nedeniyle &#8220;bitkisel silikon&#8221; olarak adland\u0131r\u0131lmay\u0131 hak eder. Sa\u00e7 liflerini yeniler, buklelerini iyile\u015ftirir ve k\u0131v\u0131rc\u0131k sa\u00e7lara esnekli\u011fini geri kazand\u0131r\u0131r. <\/p>\n","protected":false},"excerpt":{"rendered":"<p><strong>Murumuru ya\u011f\u0131<\/strong>, <em>Astrocaryum murumuru<\/em> palmiyesinin tohumlar\u0131ndan elde edilir. Nemlendirici, besleyici ve koruyucu \u00f6zelliklere sahip en de\u011ferli kozmetik hammaddelerinden biridir. <\/p>\n","protected":false},"featured_media":46643,"template":"","meta":{"_acf_changed":false},"product_brand":[],"product_cat":[9550],"product_tag":[],"class_list":{"0":"post-46640","1":"product","2":"type-product","3":"status-publish","4":"has-post-thumbnail","6":"product_cat-kozmetik-yaglari","8":"first","9":"instock","10":"shipping-taxable","11":"product-type-simple"},"acf":[],"yoast_head":"<!-- This site is optimized with the Yoast SEO plugin v27.4 - https:\/\/yoast.com\/product\/yoast-seo-wordpress\/ -->\n<title>Murumuru Ya\u011f\u0131 - NATURAL POLAND - Hurtowy Dystrybutor Surowc\u00f3w<\/title>\n<meta name=\"description\" content=\"Murumuru Ya\u011f\u0131, yapay renklendiriciler, koruyucular ve di\u011fer gereksiz katk\u0131 maddelerinden ar\u0131nd\u0131r\u0131lm\u0131\u015f, do\u011fal ve organik bir kozmetik hammaddesidir.\" \/>\n<meta name=\"robots\" content=\"index, follow, max-snippet:-1, max-image-preview:large, max-video-preview:-1\" \/>\n<link rel=\"canonical\" href=\"https:\/\/naturalpoland.com\/tr\/urunler\/kozmetik-hammaddeleri\/kozmetik-yaglari\/murumuru-yagi\/\" \/>\n<meta property=\"og:locale\" content=\"tr_TR\" \/>\n<meta property=\"og:type\" content=\"article\" \/>\n<meta property=\"og:title\" content=\"Murumuru Ya\u011f\u0131 - NATURAL POLAND - Hurtowy Dystrybutor Surowc\u00f3w\" \/>\n<meta property=\"og:description\" content=\"Murumuru Ya\u011f\u0131, yapay renklendiriciler, koruyucular ve di\u011fer gereksiz katk\u0131 maddelerinden ar\u0131nd\u0131r\u0131lm\u0131\u015f, do\u011fal ve organik bir kozmetik hammaddesidir.\" \/>\n<meta property=\"og:url\" content=\"https:\/\/naturalpoland.com\/tr\/urunler\/kozmetik-hammaddeleri\/kozmetik-yaglari\/murumuru-yagi\/\" \/>\n<meta property=\"og:site_name\" content=\"NATURAL POLAND - Hurtowy Dystrybutor Surowc\u00f3w\" \/>\n<meta property=\"article:publisher\" content=\"https:\/\/www.facebook.com\/naturalpoland.b2b\" \/>\n<meta property=\"article:modified_time\" content=\"2026-03-10T13:31:47+00:00\" \/>\n<meta property=\"og:image\" content=\"https:\/\/naturalpoland.com\/wp-content\/uploads\/maslo-murumuru.webp\" \/>\n\t<meta property=\"og:image:width\" content=\"614\" \/>\n\t<meta property=\"og:image:height\" content=\"614\" \/>\n\t<meta property=\"og:image:type\" content=\"image\/webp\" \/>\n<script type=\"application\/ld+json\" class=\"yoast-schema-graph\">{\"@context\":\"https:\\\/\\\/schema.org\",\"@graph\":[{\"@type\":\"WebPage\",\"@id\":\"https:\\\/\\\/naturalpoland.com\\\/tr\\\/urunler\\\/kozmetik-hammaddeleri\\\/kozmetik-yaglari\\\/murumuru-yagi\\\/\",\"url\":\"https:\\\/\\\/naturalpoland.com\\\/tr\\\/urunler\\\/kozmetik-hammaddeleri\\\/kozmetik-yaglari\\\/murumuru-yagi\\\/\",\"name\":\"Murumuru Ya\u011f\u0131 - NATURAL POLAND - Hurtowy Dystrybutor Surowc\u00f3w\",\"isPartOf\":{\"@id\":\"https:\\\/\\\/naturalpoland.com\\\/tr\\\/#website\"},\"primaryImageOfPage\":{\"@id\":\"https:\\\/\\\/naturalpoland.com\\\/tr\\\/urunler\\\/kozmetik-hammaddeleri\\\/kozmetik-yaglari\\\/murumuru-yagi\\\/#primaryimage\"},\"image\":{\"@id\":\"https:\\\/\\\/naturalpoland.com\\\/tr\\\/urunler\\\/kozmetik-hammaddeleri\\\/kozmetik-yaglari\\\/murumuru-yagi\\\/#primaryimage\"},\"thumbnailUrl\":\"https:\\\/\\\/naturalpoland.com\\\/wp-content\\\/uploads\\\/maslo-murumuru.webp\",\"datePublished\":\"2021-05-11T11:47:23+00:00\",\"dateModified\":\"2026-03-10T13:31:47+00:00\",\"description\":\"Murumuru Ya\u011f\u0131, yapay renklendiriciler, koruyucular ve di\u011fer gereksiz katk\u0131 maddelerinden ar\u0131nd\u0131r\u0131lm\u0131\u015f, do\u011fal ve organik bir kozmetik hammaddesidir.\",\"breadcrumb\":{\"@id\":\"https:\\\/\\\/naturalpoland.com\\\/tr\\\/urunler\\\/kozmetik-hammaddeleri\\\/kozmetik-yaglari\\\/murumuru-yagi\\\/#breadcrumb\"},\"inLanguage\":\"tr\",\"potentialAction\":[{\"@type\":\"ReadAction\",\"target\":[\"https:\\\/\\\/naturalpoland.com\\\/tr\\\/urunler\\\/kozmetik-hammaddeleri\\\/kozmetik-yaglari\\\/murumuru-yagi\\\/\"]}]},{\"@type\":\"ImageObject\",\"inLanguage\":\"tr\",\"@id\":\"https:\\\/\\\/naturalpoland.com\\\/tr\\\/urunler\\\/kozmetik-hammaddeleri\\\/kozmetik-yaglari\\\/murumuru-yagi\\\/#primaryimage\",\"url\":\"https:\\\/\\\/naturalpoland.com\\\/wp-content\\\/uploads\\\/maslo-murumuru.webp\",\"contentUrl\":\"https:\\\/\\\/naturalpoland.com\\\/wp-content\\\/uploads\\\/maslo-murumuru.webp\",\"width\":614,\"height\":614,\"caption\":\"murumuru ya\u011f\u0131\"},{\"@type\":\"BreadcrumbList\",\"@id\":\"https:\\\/\\\/naturalpoland.com\\\/tr\\\/urunler\\\/kozmetik-hammaddeleri\\\/kozmetik-yaglari\\\/murumuru-yagi\\\/#breadcrumb\",\"itemListElement\":[{\"@type\":\"ListItem\",\"position\":1,\"name\":\"Ana Sayfa\",\"item\":\"https:\\\/\\\/naturalpoland.com\\\/tr\\\/\"},{\"@type\":\"ListItem\",\"position\":2,\"name\":\"\u00dcr\u00fcnler\",\"item\":\"https:\\\/\\\/naturalpoland.com\\\/tr\\\/urunler\\\/\"},{\"@type\":\"ListItem\",\"position\":3,\"name\":\"Murumuru Ya\u011f\u0131\"}]},{\"@type\":\"WebSite\",\"@id\":\"https:\\\/\\\/naturalpoland.com\\\/tr\\\/#website\",\"url\":\"https:\\\/\\\/naturalpoland.com\\\/tr\\\/\",\"name\":\"NATURAL POLAND - Hurtowy Dystrybutor Surowc\u00f3w\",\"description\":\"Surowce dla przemys\u0142u spo\u017cywczego, kosmetycznego i farmaceutycznego\",\"publisher\":{\"@id\":\"https:\\\/\\\/naturalpoland.com\\\/tr\\\/#organization\"},\"potentialAction\":[{\"@type\":\"SearchAction\",\"target\":{\"@type\":\"EntryPoint\",\"urlTemplate\":\"https:\\\/\\\/naturalpoland.com\\\/tr\\\/?s={search_term_string}\"},\"query-input\":{\"@type\":\"PropertyValueSpecification\",\"valueRequired\":true,\"valueName\":\"search_term_string\"}}],\"inLanguage\":\"tr\"},{\"@type\":\"Organization\",\"@id\":\"https:\\\/\\\/naturalpoland.com\\\/tr\\\/#organization\",\"name\":\"Natural Poland\",\"url\":\"https:\\\/\\\/naturalpoland.com\\\/tr\\\/\",\"logo\":{\"@type\":\"ImageObject\",\"inLanguage\":\"tr\",\"@id\":\"https:\\\/\\\/naturalpoland.com\\\/tr\\\/#\\\/schema\\\/logo\\\/image\\\/\",\"url\":\"https:\\\/\\\/naturalpoland.com\\\/wp-content\\\/uploads\\\/2021\\\/05\\\/natural-poland-icon.png\",\"contentUrl\":\"https:\\\/\\\/naturalpoland.com\\\/wp-content\\\/uploads\\\/2021\\\/05\\\/natural-poland-icon.png\",\"width\":512,\"height\":512,\"caption\":\"Natural Poland\"},\"image\":{\"@id\":\"https:\\\/\\\/naturalpoland.com\\\/tr\\\/#\\\/schema\\\/logo\\\/image\\\/\"},\"sameAs\":[\"https:\\\/\\\/www.facebook.com\\\/naturalpoland.b2b\",\"https:\\\/\\\/pl.linkedin.com\\\/company\\\/natural-poland\",\"https:\\\/\\\/www.youtube.com\\\/channel\\\/UCgeGGkvOMahZo-xu_MSEWxg\"]}]}<\/script>\n<!-- \/ Yoast SEO plugin. -->","yoast_head_json":{"title":"Murumuru Ya\u011f\u0131 - NATURAL POLAND - Hurtowy Dystrybutor Surowc\u00f3w","description":"Murumuru Ya\u011f\u0131, yapay renklendiriciler, koruyucular ve di\u011fer gereksiz katk\u0131 maddelerinden ar\u0131nd\u0131r\u0131lm\u0131\u015f, do\u011fal ve organik bir kozmetik hammaddesidir.","robots":{"index":"index","follow":"follow","max-snippet":"max-snippet:-1","max-image-preview":"max-image-preview:large","max-video-preview":"max-video-preview:-1"},"canonical":"https:\/\/naturalpoland.com\/tr\/urunler\/kozmetik-hammaddeleri\/kozmetik-yaglari\/murumuru-yagi\/","og_locale":"tr_TR","og_type":"article","og_title":"Murumuru Ya\u011f\u0131 - NATURAL POLAND - Hurtowy Dystrybutor Surowc\u00f3w","og_description":"Murumuru Ya\u011f\u0131, yapay renklendiriciler, koruyucular ve di\u011fer gereksiz katk\u0131 maddelerinden ar\u0131nd\u0131r\u0131lm\u0131\u015f, do\u011fal ve organik bir kozmetik hammaddesidir.","og_url":"https:\/\/naturalpoland.com\/tr\/urunler\/kozmetik-hammaddeleri\/kozmetik-yaglari\/murumuru-yagi\/","og_site_name":"NATURAL POLAND - Hurtowy Dystrybutor Surowc\u00f3w","article_publisher":"https:\/\/www.facebook.com\/naturalpoland.b2b","article_modified_time":"2026-03-10T13:31:47+00:00","og_image":[{"width":614,"height":614,"url":"https:\/\/naturalpoland.com\/wp-content\/uploads\/maslo-murumuru.webp","type":"image\/webp"}],"schema":{"@context":"https:\/\/schema.org","@graph":[{"@type":"WebPage","@id":"https:\/\/naturalpoland.com\/tr\/urunler\/kozmetik-hammaddeleri\/kozmetik-yaglari\/murumuru-yagi\/","url":"https:\/\/naturalpoland.com\/tr\/urunler\/kozmetik-hammaddeleri\/kozmetik-yaglari\/murumuru-yagi\/","name":"Murumuru Ya\u011f\u0131 - NATURAL POLAND - Hurtowy Dystrybutor Surowc\u00f3w","isPartOf":{"@id":"https:\/\/naturalpoland.com\/tr\/#website"},"primaryImageOfPage":{"@id":"https:\/\/naturalpoland.com\/tr\/urunler\/kozmetik-hammaddeleri\/kozmetik-yaglari\/murumuru-yagi\/#primaryimage"},"image":{"@id":"https:\/\/naturalpoland.com\/tr\/urunler\/kozmetik-hammaddeleri\/kozmetik-yaglari\/murumuru-yagi\/#primaryimage"},"thumbnailUrl":"https:\/\/naturalpoland.com\/wp-content\/uploads\/maslo-murumuru.webp","datePublished":"2021-05-11T11:47:23+00:00","dateModified":"2026-03-10T13:31:47+00:00","description":"Murumuru Ya\u011f\u0131, yapay renklendiriciler, koruyucular ve di\u011fer gereksiz katk\u0131 maddelerinden ar\u0131nd\u0131r\u0131lm\u0131\u015f, do\u011fal ve organik bir kozmetik hammaddesidir.","breadcrumb":{"@id":"https:\/\/naturalpoland.com\/tr\/urunler\/kozmetik-hammaddeleri\/kozmetik-yaglari\/murumuru-yagi\/#breadcrumb"},"inLanguage":"tr","potentialAction":[{"@type":"ReadAction","target":["https:\/\/naturalpoland.com\/tr\/urunler\/kozmetik-hammaddeleri\/kozmetik-yaglari\/murumuru-yagi\/"]}]},{"@type":"ImageObject","inLanguage":"tr","@id":"https:\/\/naturalpoland.com\/tr\/urunler\/kozmetik-hammaddeleri\/kozmetik-yaglari\/murumuru-yagi\/#primaryimage","url":"https:\/\/naturalpoland.com\/wp-content\/uploads\/maslo-murumuru.webp","contentUrl":"https:\/\/naturalpoland.com\/wp-content\/uploads\/maslo-murumuru.webp","width":614,"height":614,"caption":"murumuru ya\u011f\u0131"},{"@type":"BreadcrumbList","@id":"https:\/\/naturalpoland.com\/tr\/urunler\/kozmetik-hammaddeleri\/kozmetik-yaglari\/murumuru-yagi\/#breadcrumb","itemListElement":[{"@type":"ListItem","position":1,"name":"Ana Sayfa","item":"https:\/\/naturalpoland.com\/tr\/"},{"@type":"ListItem","position":2,"name":"\u00dcr\u00fcnler","item":"https:\/\/naturalpoland.com\/tr\/urunler\/"},{"@type":"ListItem","position":3,"name":"Murumuru Ya\u011f\u0131"}]},{"@type":"WebSite","@id":"https:\/\/naturalpoland.com\/tr\/#website","url":"https:\/\/naturalpoland.com\/tr\/","name":"NATURAL POLAND - Hurtowy Dystrybutor Surowc\u00f3w","description":"Surowce dla przemys\u0142u spo\u017cywczego, kosmetycznego i farmaceutycznego","publisher":{"@id":"https:\/\/naturalpoland.com\/tr\/#organization"},"potentialAction":[{"@type":"SearchAction","target":{"@type":"EntryPoint","urlTemplate":"https:\/\/naturalpoland.com\/tr\/?s={search_term_string}"},"query-input":{"@type":"PropertyValueSpecification","valueRequired":true,"valueName":"search_term_string"}}],"inLanguage":"tr"},{"@type":"Organization","@id":"https:\/\/naturalpoland.com\/tr\/#organization","name":"Natural Poland","url":"https:\/\/naturalpoland.com\/tr\/","logo":{"@type":"ImageObject","inLanguage":"tr","@id":"https:\/\/naturalpoland.com\/tr\/#\/schema\/logo\/image\/","url":"https:\/\/naturalpoland.com\/wp-content\/uploads\/2021\/05\/natural-poland-icon.png","contentUrl":"https:\/\/naturalpoland.com\/wp-content\/uploads\/2021\/05\/natural-poland-icon.png","width":512,"height":512,"caption":"Natural Poland"},"image":{"@id":"https:\/\/naturalpoland.com\/tr\/#\/schema\/logo\/image\/"},"sameAs":["https:\/\/www.facebook.com\/naturalpoland.b2b","https:\/\/pl.linkedin.com\/company\/natural-poland","https:\/\/www.youtube.com\/channel\/UCgeGGkvOMahZo-xu_MSEWxg"]}]}},"_links":{"self":[{"href":"https:\/\/naturalpoland.com\/tr\/wp-json\/wp\/v2\/product\/46640","targetHints":{"allow":["GET"]}}],"collection":[{"href":"https:\/\/naturalpoland.com\/tr\/wp-json\/wp\/v2\/product"}],"about":[{"href":"https:\/\/naturalpoland.com\/tr\/wp-json\/wp\/v2\/types\/product"}],"wp:featuredmedia":[{"embeddable":true,"href":"https:\/\/naturalpoland.com\/tr\/wp-json\/wp\/v2\/media\/46643"}],"wp:attachment":[{"href":"https:\/\/naturalpoland.com\/tr\/wp-json\/wp\/v2\/media?parent=46640"}],"wp:term":[{"taxonomy":"product_brand","embeddable":true,"href":"https:\/\/naturalpoland.com\/tr\/wp-json\/wp\/v2\/product_brand?post=46640"},{"taxonomy":"product_cat","embeddable":true,"href":"https:\/\/naturalpoland.com\/tr\/wp-json\/wp\/v2\/product_cat?post=46640"},{"taxonomy":"product_tag","embeddable":true,"href":"https:\/\/naturalpoland.com\/tr\/wp-json\/wp\/v2\/product_tag?post=46640"}],"curies":[{"name":"wp","href":"https:\/\/api.w.org\/{rel}","templated":true}]}}