{"id":46644,"date":"2021-05-11T13:47:23","date_gmt":"2021-05-11T11:47:23","guid":{"rendered":"https:\/\/naturalpoland.com\/produkty\/kategorilenmemis\/avokado-yagi-2\/"},"modified":"2026-03-10T14:32:02","modified_gmt":"2026-03-10T13:32:02","slug":"avokado-yagi-2","status":"publish","type":"product","link":"https:\/\/naturalpoland.com\/tr\/urunler\/kozmetik-hammaddeleri\/kozmetik-yaglari\/avokado-yagi-2\/","title":{"rendered":"Avokado Ya\u011f\u0131"},"content":{"rendered":"<h2>\u00d6zellikler<\/h2>\n<p>Avokado ya\u011f\u0131 kremsi bir k\u0131vama ve hafif, tatl\u0131ms\u0131 bir kokuya sahiptir. \u00dcr\u00fcn <a href=\"https:\/\/naturalpoland.com\/tr\/kategori\/kozmetik-hammaddeleri\/\">kozmetik end\u00fcstrisinde<\/a> geni\u015f uygulama alan\u0131 bulmaktad\u0131r. <\/p>\n<p>Omega-9 ya\u011f asitleri, \u00f6zellikle oleik asit zenginli\u011fi, avokado ya\u011f\u0131n\u0131 cilt bak\u0131m\u0131nda ideal bir bile\u015fen haline getirir. Sadece yo\u011fun nemlendirme sa\u011flamakla kalmaz, ayn\u0131 zamanda nem kayb\u0131na kar\u015f\u0131 do\u011fal koruma sa\u011flar; bu da cildin sa\u011fl\u0131kl\u0131 ve gen\u00e7 g\u00f6r\u00fcn\u00fcm\u00fcn\u00fcn korunmas\u0131nda kritik \u00f6neme sahiptir. Ya\u011f\u0131n kremsi k\u0131vam\u0131 kolayca eriyebilir olmas\u0131n\u0131 sa\u011flar ve tek ba\u015f\u0131na veya kremler, balsamlar, merhemler ve do\u011fal sabunlarda bile\u015fen olarak kullan\u0131labilir.  <\/p>\n<p>Avokado ya\u011f\u0131, A, D ve E vitaminleri ile mineral i\u00e7eri\u011fi sayesinde cildin beslenmesinde ve rejenerasyonunda kilit rol oynar. G\u00fc\u00e7l\u00fc antioksidanlar olan bu <a href=\"https:\/\/naturalpoland.com\/tr\/kategori\/farmasotik-hammaddeler\/vitaminler\/\">vitaminler<\/a>, serbest radikallerle m\u00fccadelede yard\u0131mc\u0131 olarak cildin ya\u015flanma s\u00fcre\u00e7lerinin yava\u015flamas\u0131na katk\u0131da bulunur. Bu de\u011ferler, ciltte y\u00fcksek n\u00fcfuz etme kabiliyeti ile birle\u015fti\u011finde, avokado ya\u011f\u0131n\u0131 kuru, olgun veya tahri\u015f olmu\u015f ciltli ki\u015filer i\u00e7in m\u00fckemmel bir se\u00e7im haline getirir. <\/p>\n<h2>Avokado Ya\u011f\u0131n\u0131n Kullan\u0131m Alanlar\u0131<\/h2>\n<p>Avokado ya\u011f\u0131 hamilelik karn\u0131n\u0131n bak\u0131m\u0131nda, bebek cildinde ve ayr\u0131ca yo\u011fun nemlendirici v\u00fccut balsam\u0131 olarak kullan\u0131labilir. Rejeneratif \u00f6zellikleri sayesinde \u00e7atlam\u0131\u015f dudaklar, kuru dirsekler, dizler ve ayaklarda kullan\u0131lmas\u0131 da \u00f6nerilir. Ya\u011fland\u0131rma kabiliyetleri sayesinde bu ya\u011f, masaj \u00fcr\u00fcnlerinde de ideal bir bile\u015fendir ve cildin gev\u015femesine ve rejenerasyonuna destek olur.  <\/p>\n<p>Avokado ya\u011f\u0131n\u0131n do\u011fal kozmetiklerdeki kullan\u0131m\u0131 da ayn\u0131 derecede \u00e7ok y\u00f6nl\u00fcd\u00fcr. Sabun \u00fcretiminde, sa\u00e7 kremi, v\u00fccut balsam\u0131 veya peelinglerde bile\u015fen olarak kullan\u0131labilir. Kozmetiklere avokado ya\u011f\u0131 ilavesi sadece nemlendirici \u00f6zelliklerini art\u0131rmakla kalmaz, ayn\u0131 zamanda besin de\u011ferini de y\u00fckseltir; bu da \u00f6zellikle yo\u011fun rejenerasyon ama\u00e7l\u0131 \u00fcr\u00fcnlerde \u00f6nemlidir.  <\/p>\n<p>Avokado ya\u011f\u0131 sadece etkili de\u011fil, ayn\u0131 zamanda kullan\u0131mda g\u00fcvenlidir. Komedojenik de\u011fildir, yani g\u00f6zenekleri t\u0131kamaz ve akne olu\u015fumu riskini azalt\u0131r. Hassas form\u00fcl\u00fc en hassas ciltler i\u00e7in bile uygundur ve bu da onu geni\u015f bir kullan\u0131c\u0131 kitlesi i\u00e7in m\u00fckemmel bir se\u00e7im haline getirir.  <\/p>\n","protected":false},"excerpt":{"rendered":"<p>Avokado ya\u011f\u0131, <em>Persea gratissima<\/em> (avokado) meyvelerinden elde edilir ve bitkisel ya\u011flar\u0131n hidrojenasyon i\u015flemiyle zenginle\u015ftirilir; ola\u011fan\u00fcst\u00fc besleyici ve rejeneratif \u00f6zellikleriyle bilinir.<\/p>\n","protected":false},"featured_media":46646,"template":"","meta":{"_acf_changed":false},"product_brand":[],"product_cat":[9550],"product_tag":[],"class_list":{"0":"post-46644","1":"product","2":"type-product","3":"status-publish","4":"has-post-thumbnail","6":"product_cat-kozmetik-yaglari","8":"first","9":"instock","10":"shipping-taxable","11":"product-type-simple"},"acf":[],"yoast_head":"<!-- This site is optimized with the Yoast SEO plugin v27.4 - https:\/\/yoast.com\/product\/yoast-seo-wordpress\/ -->\n<title>Avokado Ya\u011f\u0131 - NATURAL POLAND - Hurtowy Dystrybutor Surowc\u00f3w<\/title>\n<meta name=\"description\" content=\"Avokado ya\u011f\u0131, cilt ve sa\u00e7lar i\u00e7in derin nemlendirme, yo\u011fun rejenerasyon ve koruma sunan besin a\u00e7\u0131s\u0131ndan zengin bir \u00fcr\u00fcnd\u00fcr.\" \/>\n<meta name=\"robots\" content=\"index, follow, max-snippet:-1, max-image-preview:large, max-video-preview:-1\" \/>\n<link rel=\"canonical\" href=\"https:\/\/naturalpoland.com\/tr\/urunler\/kozmetik-hammaddeleri\/kozmetik-yaglari\/avokado-yagi-2\/\" \/>\n<meta property=\"og:locale\" content=\"tr_TR\" \/>\n<meta property=\"og:type\" content=\"article\" \/>\n<meta property=\"og:title\" content=\"Avokado Ya\u011f\u0131 - NATURAL POLAND - Hurtowy Dystrybutor Surowc\u00f3w\" \/>\n<meta property=\"og:description\" content=\"Avokado ya\u011f\u0131, cilt ve sa\u00e7lar i\u00e7in derin nemlendirme, yo\u011fun rejenerasyon ve koruma sunan besin a\u00e7\u0131s\u0131ndan zengin bir \u00fcr\u00fcnd\u00fcr.\" \/>\n<meta property=\"og:url\" content=\"https:\/\/naturalpoland.com\/tr\/urunler\/kozmetik-hammaddeleri\/kozmetik-yaglari\/avokado-yagi-2\/\" \/>\n<meta property=\"og:site_name\" content=\"NATURAL POLAND - Hurtowy Dystrybutor Surowc\u00f3w\" \/>\n<meta property=\"article:publisher\" content=\"https:\/\/www.facebook.com\/naturalpoland.b2b\" \/>\n<meta property=\"article:modified_time\" content=\"2026-03-10T13:32:02+00:00\" \/>\n<meta property=\"og:image\" content=\"https:\/\/naturalpoland.com\/wp-content\/uploads\/maslo-z-awokado.jpg\" \/>\n\t<meta property=\"og:image:width\" content=\"650\" \/>\n\t<meta property=\"og:image:height\" content=\"650\" \/>\n\t<meta property=\"og:image:type\" content=\"image\/jpeg\" \/>\n<script type=\"application\/ld+json\" class=\"yoast-schema-graph\">{\"@context\":\"https:\\\/\\\/schema.org\",\"@graph\":[{\"@type\":\"WebPage\",\"@id\":\"https:\\\/\\\/naturalpoland.com\\\/tr\\\/urunler\\\/kozmetik-hammaddeleri\\\/kozmetik-yaglari\\\/avokado-yagi-2\\\/\",\"url\":\"https:\\\/\\\/naturalpoland.com\\\/tr\\\/urunler\\\/kozmetik-hammaddeleri\\\/kozmetik-yaglari\\\/avokado-yagi-2\\\/\",\"name\":\"Avokado Ya\u011f\u0131 - NATURAL POLAND - Hurtowy Dystrybutor Surowc\u00f3w\",\"isPartOf\":{\"@id\":\"https:\\\/\\\/naturalpoland.com\\\/tr\\\/#website\"},\"primaryImageOfPage\":{\"@id\":\"https:\\\/\\\/naturalpoland.com\\\/tr\\\/urunler\\\/kozmetik-hammaddeleri\\\/kozmetik-yaglari\\\/avokado-yagi-2\\\/#primaryimage\"},\"image\":{\"@id\":\"https:\\\/\\\/naturalpoland.com\\\/tr\\\/urunler\\\/kozmetik-hammaddeleri\\\/kozmetik-yaglari\\\/avokado-yagi-2\\\/#primaryimage\"},\"thumbnailUrl\":\"https:\\\/\\\/naturalpoland.com\\\/wp-content\\\/uploads\\\/maslo-z-awokado.jpg\",\"datePublished\":\"2021-05-11T11:47:23+00:00\",\"dateModified\":\"2026-03-10T13:32:02+00:00\",\"description\":\"Avokado ya\u011f\u0131, cilt ve sa\u00e7lar i\u00e7in derin nemlendirme, yo\u011fun rejenerasyon ve koruma sunan besin a\u00e7\u0131s\u0131ndan zengin bir \u00fcr\u00fcnd\u00fcr.\",\"breadcrumb\":{\"@id\":\"https:\\\/\\\/naturalpoland.com\\\/tr\\\/urunler\\\/kozmetik-hammaddeleri\\\/kozmetik-yaglari\\\/avokado-yagi-2\\\/#breadcrumb\"},\"inLanguage\":\"tr\",\"potentialAction\":[{\"@type\":\"ReadAction\",\"target\":[\"https:\\\/\\\/naturalpoland.com\\\/tr\\\/urunler\\\/kozmetik-hammaddeleri\\\/kozmetik-yaglari\\\/avokado-yagi-2\\\/\"]}]},{\"@type\":\"ImageObject\",\"inLanguage\":\"tr\",\"@id\":\"https:\\\/\\\/naturalpoland.com\\\/tr\\\/urunler\\\/kozmetik-hammaddeleri\\\/kozmetik-yaglari\\\/avokado-yagi-2\\\/#primaryimage\",\"url\":\"https:\\\/\\\/naturalpoland.com\\\/wp-content\\\/uploads\\\/maslo-z-awokado.jpg\",\"contentUrl\":\"https:\\\/\\\/naturalpoland.com\\\/wp-content\\\/uploads\\\/maslo-z-awokado.jpg\",\"width\":650,\"height\":650,\"caption\":\"avokado ya\u011f\u0131\"},{\"@type\":\"BreadcrumbList\",\"@id\":\"https:\\\/\\\/naturalpoland.com\\\/tr\\\/urunler\\\/kozmetik-hammaddeleri\\\/kozmetik-yaglari\\\/avokado-yagi-2\\\/#breadcrumb\",\"itemListElement\":[{\"@type\":\"ListItem\",\"position\":1,\"name\":\"Ana Sayfa\",\"item\":\"https:\\\/\\\/naturalpoland.com\\\/tr\\\/\"},{\"@type\":\"ListItem\",\"position\":2,\"name\":\"\u00dcr\u00fcnler\",\"item\":\"https:\\\/\\\/naturalpoland.com\\\/tr\\\/urunler\\\/\"},{\"@type\":\"ListItem\",\"position\":3,\"name\":\"Avokado Ya\u011f\u0131\"}]},{\"@type\":\"WebSite\",\"@id\":\"https:\\\/\\\/naturalpoland.com\\\/tr\\\/#website\",\"url\":\"https:\\\/\\\/naturalpoland.com\\\/tr\\\/\",\"name\":\"NATURAL POLAND - Hurtowy Dystrybutor Surowc\u00f3w\",\"description\":\"Surowce dla przemys\u0142u spo\u017cywczego, kosmetycznego i farmaceutycznego\",\"publisher\":{\"@id\":\"https:\\\/\\\/naturalpoland.com\\\/tr\\\/#organization\"},\"potentialAction\":[{\"@type\":\"SearchAction\",\"target\":{\"@type\":\"EntryPoint\",\"urlTemplate\":\"https:\\\/\\\/naturalpoland.com\\\/tr\\\/?s={search_term_string}\"},\"query-input\":{\"@type\":\"PropertyValueSpecification\",\"valueRequired\":true,\"valueName\":\"search_term_string\"}}],\"inLanguage\":\"tr\"},{\"@type\":\"Organization\",\"@id\":\"https:\\\/\\\/naturalpoland.com\\\/tr\\\/#organization\",\"name\":\"Natural Poland\",\"url\":\"https:\\\/\\\/naturalpoland.com\\\/tr\\\/\",\"logo\":{\"@type\":\"ImageObject\",\"inLanguage\":\"tr\",\"@id\":\"https:\\\/\\\/naturalpoland.com\\\/tr\\\/#\\\/schema\\\/logo\\\/image\\\/\",\"url\":\"https:\\\/\\\/naturalpoland.com\\\/wp-content\\\/uploads\\\/2021\\\/05\\\/natural-poland-icon.png\",\"contentUrl\":\"https:\\\/\\\/naturalpoland.com\\\/wp-content\\\/uploads\\\/2021\\\/05\\\/natural-poland-icon.png\",\"width\":512,\"height\":512,\"caption\":\"Natural Poland\"},\"image\":{\"@id\":\"https:\\\/\\\/naturalpoland.com\\\/tr\\\/#\\\/schema\\\/logo\\\/image\\\/\"},\"sameAs\":[\"https:\\\/\\\/www.facebook.com\\\/naturalpoland.b2b\",\"https:\\\/\\\/pl.linkedin.com\\\/company\\\/natural-poland\",\"https:\\\/\\\/www.youtube.com\\\/channel\\\/UCgeGGkvOMahZo-xu_MSEWxg\"]}]}<\/script>\n<!-- \/ Yoast SEO plugin. -->","yoast_head_json":{"title":"Avokado Ya\u011f\u0131 - NATURAL POLAND - Hurtowy Dystrybutor Surowc\u00f3w","description":"Avokado ya\u011f\u0131, cilt ve sa\u00e7lar i\u00e7in derin nemlendirme, yo\u011fun rejenerasyon ve koruma sunan besin a\u00e7\u0131s\u0131ndan zengin bir \u00fcr\u00fcnd\u00fcr.","robots":{"index":"index","follow":"follow","max-snippet":"max-snippet:-1","max-image-preview":"max-image-preview:large","max-video-preview":"max-video-preview:-1"},"canonical":"https:\/\/naturalpoland.com\/tr\/urunler\/kozmetik-hammaddeleri\/kozmetik-yaglari\/avokado-yagi-2\/","og_locale":"tr_TR","og_type":"article","og_title":"Avokado Ya\u011f\u0131 - NATURAL POLAND - Hurtowy Dystrybutor Surowc\u00f3w","og_description":"Avokado ya\u011f\u0131, cilt ve sa\u00e7lar i\u00e7in derin nemlendirme, yo\u011fun rejenerasyon ve koruma sunan besin a\u00e7\u0131s\u0131ndan zengin bir \u00fcr\u00fcnd\u00fcr.","og_url":"https:\/\/naturalpoland.com\/tr\/urunler\/kozmetik-hammaddeleri\/kozmetik-yaglari\/avokado-yagi-2\/","og_site_name":"NATURAL POLAND - Hurtowy Dystrybutor Surowc\u00f3w","article_publisher":"https:\/\/www.facebook.com\/naturalpoland.b2b","article_modified_time":"2026-03-10T13:32:02+00:00","og_image":[{"width":650,"height":650,"url":"https:\/\/naturalpoland.com\/wp-content\/uploads\/maslo-z-awokado.jpg","type":"image\/jpeg"}],"schema":{"@context":"https:\/\/schema.org","@graph":[{"@type":"WebPage","@id":"https:\/\/naturalpoland.com\/tr\/urunler\/kozmetik-hammaddeleri\/kozmetik-yaglari\/avokado-yagi-2\/","url":"https:\/\/naturalpoland.com\/tr\/urunler\/kozmetik-hammaddeleri\/kozmetik-yaglari\/avokado-yagi-2\/","name":"Avokado Ya\u011f\u0131 - NATURAL POLAND - Hurtowy Dystrybutor Surowc\u00f3w","isPartOf":{"@id":"https:\/\/naturalpoland.com\/tr\/#website"},"primaryImageOfPage":{"@id":"https:\/\/naturalpoland.com\/tr\/urunler\/kozmetik-hammaddeleri\/kozmetik-yaglari\/avokado-yagi-2\/#primaryimage"},"image":{"@id":"https:\/\/naturalpoland.com\/tr\/urunler\/kozmetik-hammaddeleri\/kozmetik-yaglari\/avokado-yagi-2\/#primaryimage"},"thumbnailUrl":"https:\/\/naturalpoland.com\/wp-content\/uploads\/maslo-z-awokado.jpg","datePublished":"2021-05-11T11:47:23+00:00","dateModified":"2026-03-10T13:32:02+00:00","description":"Avokado ya\u011f\u0131, cilt ve sa\u00e7lar i\u00e7in derin nemlendirme, yo\u011fun rejenerasyon ve koruma sunan besin a\u00e7\u0131s\u0131ndan zengin bir \u00fcr\u00fcnd\u00fcr.","breadcrumb":{"@id":"https:\/\/naturalpoland.com\/tr\/urunler\/kozmetik-hammaddeleri\/kozmetik-yaglari\/avokado-yagi-2\/#breadcrumb"},"inLanguage":"tr","potentialAction":[{"@type":"ReadAction","target":["https:\/\/naturalpoland.com\/tr\/urunler\/kozmetik-hammaddeleri\/kozmetik-yaglari\/avokado-yagi-2\/"]}]},{"@type":"ImageObject","inLanguage":"tr","@id":"https:\/\/naturalpoland.com\/tr\/urunler\/kozmetik-hammaddeleri\/kozmetik-yaglari\/avokado-yagi-2\/#primaryimage","url":"https:\/\/naturalpoland.com\/wp-content\/uploads\/maslo-z-awokado.jpg","contentUrl":"https:\/\/naturalpoland.com\/wp-content\/uploads\/maslo-z-awokado.jpg","width":650,"height":650,"caption":"avokado ya\u011f\u0131"},{"@type":"BreadcrumbList","@id":"https:\/\/naturalpoland.com\/tr\/urunler\/kozmetik-hammaddeleri\/kozmetik-yaglari\/avokado-yagi-2\/#breadcrumb","itemListElement":[{"@type":"ListItem","position":1,"name":"Ana Sayfa","item":"https:\/\/naturalpoland.com\/tr\/"},{"@type":"ListItem","position":2,"name":"\u00dcr\u00fcnler","item":"https:\/\/naturalpoland.com\/tr\/urunler\/"},{"@type":"ListItem","position":3,"name":"Avokado Ya\u011f\u0131"}]},{"@type":"WebSite","@id":"https:\/\/naturalpoland.com\/tr\/#website","url":"https:\/\/naturalpoland.com\/tr\/","name":"NATURAL POLAND - Hurtowy Dystrybutor Surowc\u00f3w","description":"Surowce dla przemys\u0142u spo\u017cywczego, kosmetycznego i farmaceutycznego","publisher":{"@id":"https:\/\/naturalpoland.com\/tr\/#organization"},"potentialAction":[{"@type":"SearchAction","target":{"@type":"EntryPoint","urlTemplate":"https:\/\/naturalpoland.com\/tr\/?s={search_term_string}"},"query-input":{"@type":"PropertyValueSpecification","valueRequired":true,"valueName":"search_term_string"}}],"inLanguage":"tr"},{"@type":"Organization","@id":"https:\/\/naturalpoland.com\/tr\/#organization","name":"Natural Poland","url":"https:\/\/naturalpoland.com\/tr\/","logo":{"@type":"ImageObject","inLanguage":"tr","@id":"https:\/\/naturalpoland.com\/tr\/#\/schema\/logo\/image\/","url":"https:\/\/naturalpoland.com\/wp-content\/uploads\/2021\/05\/natural-poland-icon.png","contentUrl":"https:\/\/naturalpoland.com\/wp-content\/uploads\/2021\/05\/natural-poland-icon.png","width":512,"height":512,"caption":"Natural Poland"},"image":{"@id":"https:\/\/naturalpoland.com\/tr\/#\/schema\/logo\/image\/"},"sameAs":["https:\/\/www.facebook.com\/naturalpoland.b2b","https:\/\/pl.linkedin.com\/company\/natural-poland","https:\/\/www.youtube.com\/channel\/UCgeGGkvOMahZo-xu_MSEWxg"]}]}},"_links":{"self":[{"href":"https:\/\/naturalpoland.com\/tr\/wp-json\/wp\/v2\/product\/46644","targetHints":{"allow":["GET"]}}],"collection":[{"href":"https:\/\/naturalpoland.com\/tr\/wp-json\/wp\/v2\/product"}],"about":[{"href":"https:\/\/naturalpoland.com\/tr\/wp-json\/wp\/v2\/types\/product"}],"wp:featuredmedia":[{"embeddable":true,"href":"https:\/\/naturalpoland.com\/tr\/wp-json\/wp\/v2\/media\/46646"}],"wp:attachment":[{"href":"https:\/\/naturalpoland.com\/tr\/wp-json\/wp\/v2\/media?parent=46644"}],"wp:term":[{"taxonomy":"product_brand","embeddable":true,"href":"https:\/\/naturalpoland.com\/tr\/wp-json\/wp\/v2\/product_brand?post=46644"},{"taxonomy":"product_cat","embeddable":true,"href":"https:\/\/naturalpoland.com\/tr\/wp-json\/wp\/v2\/product_cat?post=46644"},{"taxonomy":"product_tag","embeddable":true,"href":"https:\/\/naturalpoland.com\/tr\/wp-json\/wp\/v2\/product_tag?post=46644"}],"curies":[{"name":"wp","href":"https:\/\/api.w.org\/{rel}","templated":true}]}}