{"id":46659,"date":"2023-04-21T14:59:22","date_gmt":"2023-04-21T12:59:22","guid":{"rendered":"https:\/\/naturalpoland.com\/produkty\/kategorilenmemis\/asya-centellasi-macerati\/"},"modified":"2026-03-10T14:59:03","modified_gmt":"2026-03-10T13:59:03","slug":"asya-centellasi-macerati","status":"publish","type":"product","link":"https:\/\/naturalpoland.com\/tr\/urunler\/kozmetik-hammaddeleri\/maseratlar\/asya-centellasi-macerati\/","title":{"rendered":"Asya Centellas\u0131 Macerat\u0131"},"content":{"rendered":"<p>Asya centellas\u0131n\u0131n toprak \u00fcst\u00fc k\u0131s\u0131mlar\u0131ndan elde edilen maserat, modern ara\u015ft\u0131rmalarla da do\u011fruland\u0131\u011f\u0131 \u00fczere, kozmetik end\u00fcstrisinde ve dermatolojide geni\u015f bir kullan\u0131m alan\u0131na sahiptir. Fibroblastlar \u00fczerindeki olumlu etkisi ve kolajen ile elastin sentezini desteklemesi sayesinde, centella maserat\u0131 cilt yenilenmesini destekler, cilde esneklik, s\u0131k\u0131l\u0131k kazand\u0131r\u0131r ve nemlendirici etki g\u00f6sterir. Ek olarak, bilim insanlar\u0131 onun antibakteriyel ve antienflamatuar \u00f6zelliklerine dikkat \u00e7ekmektedir. Bu nedenle, hem ya\u015flanma kar\u015f\u0131t\u0131 kozmetik \u00fcr\u00fcnlerde hem de akneye e\u011filimli ciltler i\u00e7in preparatlarda veya yara iyile\u015fmesini destekleyen \u00fcr\u00fcnlerde kullan\u0131labilir.   <\/p>\n<p>Asya centellas\u0131 maserat\u0131n\u0131n \u00f6zellikleri, besin takviyeleri \u00fcretiminde de kullan\u0131labilir. Kan damarlar\u0131n\u0131n elastikiyetini art\u0131r\u0131c\u0131 etkisi sayesinde bu bile\u015fen, hipertansiyon ve aterosklerozun \u00f6nlenmesinde kullan\u0131lan preparatlarda etkili olacakt\u0131r. Ayr\u0131ca, ara\u015ft\u0131rmalar adaptogenik etkisine \u2013 merkezi sinir sistemi ve beyin fonksiyonlar\u0131 \u00fczerindeki olumlu etkisine \u2013 i\u015faret etmektedir.  <\/p>\n","protected":false},"excerpt":{"rendered":"<p>Asya centellas\u0131 (<em>Centella asiatica<\/em>) macerat\u0131, &#8220;kaplan otu&#8221; ve &#8220;gotu kola&#8221; adlar\u0131yla da bilinen, Asya k\u00f6kenli, kozmetik ve ila\u00e7 end\u00fcstrisinde geni\u015f ve \u00e7ok y\u00f6nl\u00fc kullan\u0131ma sahip bir bile\u015fendir. Geleneksel \u00c7in t\u0131bb\u0131 ve Hint Ayurveda uygulay\u0131c\u0131lar\u0131 taraf\u0131ndan zaten takdir edilen ola\u011fan\u00fcst\u00fc \u00f6zelliklerini, esas olarak pentasiklik triterpen saponinler grubuna bor\u00e7ludur. <\/p>\n","protected":false},"featured_media":46660,"template":"","meta":{"_acf_changed":false},"product_brand":[],"product_cat":[9549],"product_tag":[],"class_list":{"0":"post-46659","1":"product","2":"type-product","3":"status-publish","4":"has-post-thumbnail","6":"product_cat-maseratlar","8":"first","9":"instock","10":"shipping-taxable","11":"product-type-simple"},"acf":[],"yoast_head":"<!-- This site is optimized with the Yoast SEO plugin v27.4 - https:\/\/yoast.com\/product\/yoast-seo-wordpress\/ -->\n<title>Asya Centellas\u0131 Macerat\u0131 - Hurtowy Dystrybutor<\/title>\n<meta name=\"robots\" content=\"index, follow, max-snippet:-1, max-image-preview:large, max-video-preview:-1\" \/>\n<link rel=\"canonical\" href=\"https:\/\/naturalpoland.com\/tr\/urunler\/kozmetik-hammaddeleri\/maseratlar\/asya-centellasi-macerati\/\" \/>\n<meta property=\"og:locale\" content=\"tr_TR\" \/>\n<meta property=\"og:type\" content=\"article\" \/>\n<meta property=\"og:title\" content=\"Asya Centellas\u0131 Macerat\u0131 - Hurtowy Dystrybutor\" \/>\n<meta property=\"og:description\" content=\"Asya centellas\u0131 (Centella asiatica) macerat\u0131, &quot;kaplan otu&quot; ve &quot;gotu kola&quot; adlar\u0131yla da bilinen, Asya k\u00f6kenli, kozmetik ve ila\u00e7 end\u00fcstrisinde geni\u015f ve \u00e7ok y\u00f6nl\u00fc kullan\u0131ma sahip bir bile\u015fendir. Geleneksel \u00c7in t\u0131bb\u0131 ve Hint Ayurveda uygulay\u0131c\u0131lar\u0131 taraf\u0131ndan zaten takdir edilen ola\u011fan\u00fcst\u00fc \u00f6zelliklerini, esas olarak pentasiklik triterpen saponinler grubuna bor\u00e7ludur.\" \/>\n<meta property=\"og:url\" content=\"https:\/\/naturalpoland.com\/tr\/urunler\/kozmetik-hammaddeleri\/maseratlar\/asya-centellasi-macerati\/\" \/>\n<meta property=\"og:site_name\" content=\"NATURAL POLAND - Hurtowy Dystrybutor Surowc\u00f3w\" \/>\n<meta property=\"article:publisher\" content=\"https:\/\/www.facebook.com\/naturalpoland.b2b\" \/>\n<meta property=\"article:modified_time\" content=\"2026-03-10T13:59:03+00:00\" \/>\n<meta property=\"og:image\" content=\"https:\/\/naturalpoland.com\/wp-content\/uploads\/macerat-z-wakroty-azjatyckiej.jpg\" \/>\n\t<meta property=\"og:image:width\" content=\"500\" \/>\n\t<meta property=\"og:image:height\" content=\"500\" \/>\n\t<meta property=\"og:image:type\" content=\"image\/jpeg\" \/>\n<script type=\"application\/ld+json\" class=\"yoast-schema-graph\">{\"@context\":\"https:\\\/\\\/schema.org\",\"@graph\":[{\"@type\":\"WebPage\",\"@id\":\"https:\\\/\\\/naturalpoland.com\\\/tr\\\/urunler\\\/kozmetik-hammaddeleri\\\/maseratlar\\\/asya-centellasi-macerati\\\/\",\"url\":\"https:\\\/\\\/naturalpoland.com\\\/tr\\\/urunler\\\/kozmetik-hammaddeleri\\\/maseratlar\\\/asya-centellasi-macerati\\\/\",\"name\":\"Asya Centellas\u0131 Macerat\u0131 - Hurtowy Dystrybutor\",\"isPartOf\":{\"@id\":\"https:\\\/\\\/naturalpoland.com\\\/tr\\\/#website\"},\"primaryImageOfPage\":{\"@id\":\"https:\\\/\\\/naturalpoland.com\\\/tr\\\/urunler\\\/kozmetik-hammaddeleri\\\/maseratlar\\\/asya-centellasi-macerati\\\/#primaryimage\"},\"image\":{\"@id\":\"https:\\\/\\\/naturalpoland.com\\\/tr\\\/urunler\\\/kozmetik-hammaddeleri\\\/maseratlar\\\/asya-centellasi-macerati\\\/#primaryimage\"},\"thumbnailUrl\":\"https:\\\/\\\/naturalpoland.com\\\/wp-content\\\/uploads\\\/macerat-z-wakroty-azjatyckiej.jpg\",\"datePublished\":\"2023-04-21T12:59:22+00:00\",\"dateModified\":\"2026-03-10T13:59:03+00:00\",\"breadcrumb\":{\"@id\":\"https:\\\/\\\/naturalpoland.com\\\/tr\\\/urunler\\\/kozmetik-hammaddeleri\\\/maseratlar\\\/asya-centellasi-macerati\\\/#breadcrumb\"},\"inLanguage\":\"tr\",\"potentialAction\":[{\"@type\":\"ReadAction\",\"target\":[\"https:\\\/\\\/naturalpoland.com\\\/tr\\\/urunler\\\/kozmetik-hammaddeleri\\\/maseratlar\\\/asya-centellasi-macerati\\\/\"]}]},{\"@type\":\"ImageObject\",\"inLanguage\":\"tr\",\"@id\":\"https:\\\/\\\/naturalpoland.com\\\/tr\\\/urunler\\\/kozmetik-hammaddeleri\\\/maseratlar\\\/asya-centellasi-macerati\\\/#primaryimage\",\"url\":\"https:\\\/\\\/naturalpoland.com\\\/wp-content\\\/uploads\\\/macerat-z-wakroty-azjatyckiej.jpg\",\"contentUrl\":\"https:\\\/\\\/naturalpoland.com\\\/wp-content\\\/uploads\\\/macerat-z-wakroty-azjatyckiej.jpg\",\"width\":500,\"height\":500,\"caption\":\"asya centellas\u0131 macerat\u0131\"},{\"@type\":\"BreadcrumbList\",\"@id\":\"https:\\\/\\\/naturalpoland.com\\\/tr\\\/urunler\\\/kozmetik-hammaddeleri\\\/maseratlar\\\/asya-centellasi-macerati\\\/#breadcrumb\",\"itemListElement\":[{\"@type\":\"ListItem\",\"position\":1,\"name\":\"Ana Sayfa\",\"item\":\"https:\\\/\\\/naturalpoland.com\\\/tr\\\/\"},{\"@type\":\"ListItem\",\"position\":2,\"name\":\"\u00dcr\u00fcnler\",\"item\":\"https:\\\/\\\/naturalpoland.com\\\/tr\\\/urunler\\\/\"},{\"@type\":\"ListItem\",\"position\":3,\"name\":\"Asya Centellas\u0131 Macerat\u0131\"}]},{\"@type\":\"WebSite\",\"@id\":\"https:\\\/\\\/naturalpoland.com\\\/tr\\\/#website\",\"url\":\"https:\\\/\\\/naturalpoland.com\\\/tr\\\/\",\"name\":\"NATURAL POLAND - Hurtowy Dystrybutor Surowc\u00f3w\",\"description\":\"Surowce dla przemys\u0142u spo\u017cywczego, kosmetycznego i farmaceutycznego\",\"publisher\":{\"@id\":\"https:\\\/\\\/naturalpoland.com\\\/tr\\\/#organization\"},\"potentialAction\":[{\"@type\":\"SearchAction\",\"target\":{\"@type\":\"EntryPoint\",\"urlTemplate\":\"https:\\\/\\\/naturalpoland.com\\\/tr\\\/?s={search_term_string}\"},\"query-input\":{\"@type\":\"PropertyValueSpecification\",\"valueRequired\":true,\"valueName\":\"search_term_string\"}}],\"inLanguage\":\"tr\"},{\"@type\":\"Organization\",\"@id\":\"https:\\\/\\\/naturalpoland.com\\\/tr\\\/#organization\",\"name\":\"Natural Poland\",\"url\":\"https:\\\/\\\/naturalpoland.com\\\/tr\\\/\",\"logo\":{\"@type\":\"ImageObject\",\"inLanguage\":\"tr\",\"@id\":\"https:\\\/\\\/naturalpoland.com\\\/tr\\\/#\\\/schema\\\/logo\\\/image\\\/\",\"url\":\"https:\\\/\\\/naturalpoland.com\\\/wp-content\\\/uploads\\\/2021\\\/05\\\/natural-poland-icon.png\",\"contentUrl\":\"https:\\\/\\\/naturalpoland.com\\\/wp-content\\\/uploads\\\/2021\\\/05\\\/natural-poland-icon.png\",\"width\":512,\"height\":512,\"caption\":\"Natural Poland\"},\"image\":{\"@id\":\"https:\\\/\\\/naturalpoland.com\\\/tr\\\/#\\\/schema\\\/logo\\\/image\\\/\"},\"sameAs\":[\"https:\\\/\\\/www.facebook.com\\\/naturalpoland.b2b\",\"https:\\\/\\\/pl.linkedin.com\\\/company\\\/natural-poland\",\"https:\\\/\\\/www.youtube.com\\\/channel\\\/UCgeGGkvOMahZo-xu_MSEWxg\"]}]}<\/script>\n<!-- \/ Yoast SEO plugin. -->","yoast_head_json":{"title":"Asya Centellas\u0131 Macerat\u0131 - Hurtowy Dystrybutor","robots":{"index":"index","follow":"follow","max-snippet":"max-snippet:-1","max-image-preview":"max-image-preview:large","max-video-preview":"max-video-preview:-1"},"canonical":"https:\/\/naturalpoland.com\/tr\/urunler\/kozmetik-hammaddeleri\/maseratlar\/asya-centellasi-macerati\/","og_locale":"tr_TR","og_type":"article","og_title":"Asya Centellas\u0131 Macerat\u0131 - Hurtowy Dystrybutor","og_description":"Asya centellas\u0131 (Centella asiatica) macerat\u0131, \"kaplan otu\" ve \"gotu kola\" adlar\u0131yla da bilinen, Asya k\u00f6kenli, kozmetik ve ila\u00e7 end\u00fcstrisinde geni\u015f ve \u00e7ok y\u00f6nl\u00fc kullan\u0131ma sahip bir bile\u015fendir. Geleneksel \u00c7in t\u0131bb\u0131 ve Hint Ayurveda uygulay\u0131c\u0131lar\u0131 taraf\u0131ndan zaten takdir edilen ola\u011fan\u00fcst\u00fc \u00f6zelliklerini, esas olarak pentasiklik triterpen saponinler grubuna bor\u00e7ludur.","og_url":"https:\/\/naturalpoland.com\/tr\/urunler\/kozmetik-hammaddeleri\/maseratlar\/asya-centellasi-macerati\/","og_site_name":"NATURAL POLAND - Hurtowy Dystrybutor Surowc\u00f3w","article_publisher":"https:\/\/www.facebook.com\/naturalpoland.b2b","article_modified_time":"2026-03-10T13:59:03+00:00","og_image":[{"width":500,"height":500,"url":"https:\/\/naturalpoland.com\/wp-content\/uploads\/macerat-z-wakroty-azjatyckiej.jpg","type":"image\/jpeg"}],"schema":{"@context":"https:\/\/schema.org","@graph":[{"@type":"WebPage","@id":"https:\/\/naturalpoland.com\/tr\/urunler\/kozmetik-hammaddeleri\/maseratlar\/asya-centellasi-macerati\/","url":"https:\/\/naturalpoland.com\/tr\/urunler\/kozmetik-hammaddeleri\/maseratlar\/asya-centellasi-macerati\/","name":"Asya Centellas\u0131 Macerat\u0131 - Hurtowy Dystrybutor","isPartOf":{"@id":"https:\/\/naturalpoland.com\/tr\/#website"},"primaryImageOfPage":{"@id":"https:\/\/naturalpoland.com\/tr\/urunler\/kozmetik-hammaddeleri\/maseratlar\/asya-centellasi-macerati\/#primaryimage"},"image":{"@id":"https:\/\/naturalpoland.com\/tr\/urunler\/kozmetik-hammaddeleri\/maseratlar\/asya-centellasi-macerati\/#primaryimage"},"thumbnailUrl":"https:\/\/naturalpoland.com\/wp-content\/uploads\/macerat-z-wakroty-azjatyckiej.jpg","datePublished":"2023-04-21T12:59:22+00:00","dateModified":"2026-03-10T13:59:03+00:00","breadcrumb":{"@id":"https:\/\/naturalpoland.com\/tr\/urunler\/kozmetik-hammaddeleri\/maseratlar\/asya-centellasi-macerati\/#breadcrumb"},"inLanguage":"tr","potentialAction":[{"@type":"ReadAction","target":["https:\/\/naturalpoland.com\/tr\/urunler\/kozmetik-hammaddeleri\/maseratlar\/asya-centellasi-macerati\/"]}]},{"@type":"ImageObject","inLanguage":"tr","@id":"https:\/\/naturalpoland.com\/tr\/urunler\/kozmetik-hammaddeleri\/maseratlar\/asya-centellasi-macerati\/#primaryimage","url":"https:\/\/naturalpoland.com\/wp-content\/uploads\/macerat-z-wakroty-azjatyckiej.jpg","contentUrl":"https:\/\/naturalpoland.com\/wp-content\/uploads\/macerat-z-wakroty-azjatyckiej.jpg","width":500,"height":500,"caption":"asya centellas\u0131 macerat\u0131"},{"@type":"BreadcrumbList","@id":"https:\/\/naturalpoland.com\/tr\/urunler\/kozmetik-hammaddeleri\/maseratlar\/asya-centellasi-macerati\/#breadcrumb","itemListElement":[{"@type":"ListItem","position":1,"name":"Ana Sayfa","item":"https:\/\/naturalpoland.com\/tr\/"},{"@type":"ListItem","position":2,"name":"\u00dcr\u00fcnler","item":"https:\/\/naturalpoland.com\/tr\/urunler\/"},{"@type":"ListItem","position":3,"name":"Asya Centellas\u0131 Macerat\u0131"}]},{"@type":"WebSite","@id":"https:\/\/naturalpoland.com\/tr\/#website","url":"https:\/\/naturalpoland.com\/tr\/","name":"NATURAL POLAND - Hurtowy Dystrybutor Surowc\u00f3w","description":"Surowce dla przemys\u0142u spo\u017cywczego, kosmetycznego i farmaceutycznego","publisher":{"@id":"https:\/\/naturalpoland.com\/tr\/#organization"},"potentialAction":[{"@type":"SearchAction","target":{"@type":"EntryPoint","urlTemplate":"https:\/\/naturalpoland.com\/tr\/?s={search_term_string}"},"query-input":{"@type":"PropertyValueSpecification","valueRequired":true,"valueName":"search_term_string"}}],"inLanguage":"tr"},{"@type":"Organization","@id":"https:\/\/naturalpoland.com\/tr\/#organization","name":"Natural Poland","url":"https:\/\/naturalpoland.com\/tr\/","logo":{"@type":"ImageObject","inLanguage":"tr","@id":"https:\/\/naturalpoland.com\/tr\/#\/schema\/logo\/image\/","url":"https:\/\/naturalpoland.com\/wp-content\/uploads\/2021\/05\/natural-poland-icon.png","contentUrl":"https:\/\/naturalpoland.com\/wp-content\/uploads\/2021\/05\/natural-poland-icon.png","width":512,"height":512,"caption":"Natural Poland"},"image":{"@id":"https:\/\/naturalpoland.com\/tr\/#\/schema\/logo\/image\/"},"sameAs":["https:\/\/www.facebook.com\/naturalpoland.b2b","https:\/\/pl.linkedin.com\/company\/natural-poland","https:\/\/www.youtube.com\/channel\/UCgeGGkvOMahZo-xu_MSEWxg"]}]}},"_links":{"self":[{"href":"https:\/\/naturalpoland.com\/tr\/wp-json\/wp\/v2\/product\/46659","targetHints":{"allow":["GET"]}}],"collection":[{"href":"https:\/\/naturalpoland.com\/tr\/wp-json\/wp\/v2\/product"}],"about":[{"href":"https:\/\/naturalpoland.com\/tr\/wp-json\/wp\/v2\/types\/product"}],"wp:featuredmedia":[{"embeddable":true,"href":"https:\/\/naturalpoland.com\/tr\/wp-json\/wp\/v2\/media\/46660"}],"wp:attachment":[{"href":"https:\/\/naturalpoland.com\/tr\/wp-json\/wp\/v2\/media?parent=46659"}],"wp:term":[{"taxonomy":"product_brand","embeddable":true,"href":"https:\/\/naturalpoland.com\/tr\/wp-json\/wp\/v2\/product_brand?post=46659"},{"taxonomy":"product_cat","embeddable":true,"href":"https:\/\/naturalpoland.com\/tr\/wp-json\/wp\/v2\/product_cat?post=46659"},{"taxonomy":"product_tag","embeddable":true,"href":"https:\/\/naturalpoland.com\/tr\/wp-json\/wp\/v2\/product_tag?post=46659"}],"curies":[{"name":"wp","href":"https:\/\/api.w.org\/{rel}","templated":true}]}}