{"id":46675,"date":"2023-12-21T11:52:07","date_gmt":"2023-12-21T10:52:07","guid":{"rendered":"https:\/\/naturalpoland.com\/produkty\/kategorilenmemis\/palmitoil-pentapeptit-4\/"},"modified":"2026-03-10T16:07:16","modified_gmt":"2026-03-10T15:07:16","slug":"palmitoil-pentapeptit-4","status":"publish","type":"product","link":"https:\/\/naturalpoland.com\/tr\/urunler\/kozmetik-hammaddeleri\/peptitler\/palmitoil-pentapeptit-4\/","title":{"rendered":"Palmitoil Pentapeptit-4"},"content":{"rendered":"<p>Tip I ve II kolajen ile fibronektin sentezini uyararak cilt kal\u0131nl\u0131\u011f\u0131n\u0131n artmas\u0131na ve k\u0131r\u0131\u015f\u0131kl\u0131klar\u0131n azalmas\u0131na katk\u0131da bulunur. Bu \u00fcr\u00fcn biyolojik fermantasyon y\u00f6ntemiyle elde edilmektedir. Palmitoil Pentapeptit-4&#8217;\u00fcn kozmetik \u00fcr\u00fcnlerdeki kullan\u0131m\u0131 k\u0131r\u0131\u015f\u0131kl\u0131k kar\u015f\u0131t\u0131, ya\u015flanma kar\u015f\u0131t\u0131, antioksidan, s\u0131k\u0131la\u015ft\u0131r\u0131c\u0131 ve nemlendirici etkileri kapsar. Yap\u0131lan ara\u015ft\u0131rmalar, y\u00fczdeki k\u0131r\u0131\u015f\u0131kl\u0131klar\u0131n ve ince \u00e7izgilerin azalt\u0131lmas\u0131nda etkinli\u011fini do\u011frulam\u0131\u015ft\u0131r.   <\/p>\n","protected":false},"excerpt":{"rendered":"<p>Palmitoil Pentapeptit-4, matrikinlerin ve prokolajen A1 zinciri hidrolizatlar\u0131n\u0131n bir taklit\u00e7isi olan sinyal peptitidir.<\/p>\n","protected":false},"featured_media":46676,"template":"","meta":{"_acf_changed":false},"product_brand":[],"product_cat":[9554],"product_tag":[],"class_list":{"0":"post-46675","1":"product","2":"type-product","3":"status-publish","4":"has-post-thumbnail","6":"product_cat-peptitler","8":"first","9":"instock","10":"shipping-taxable","11":"product-type-simple"},"acf":[],"yoast_head":"<!-- This site is optimized with the Yoast SEO plugin v27.4 - https:\/\/yoast.com\/product\/yoast-seo-wordpress\/ -->\n<title>Palmitoil Pentapeptit-4 - Hurtowy Dystrybutor<\/title>\n<meta name=\"description\" content=\"Palmitoil Pentapeptit-4, matrikinlerin ve prokolajen A1 zinciri hidrolizatlar\u0131n\u0131n bir taklit\u00e7isi olan sinyal peptitidir. Kolajen sentezini uyar\u0131r.\" \/>\n<meta name=\"robots\" content=\"index, follow, max-snippet:-1, max-image-preview:large, max-video-preview:-1\" \/>\n<link rel=\"canonical\" href=\"https:\/\/naturalpoland.com\/tr\/urunler\/kozmetik-hammaddeleri\/peptitler\/palmitoil-pentapeptit-4\/\" \/>\n<meta property=\"og:locale\" content=\"tr_TR\" \/>\n<meta property=\"og:type\" content=\"article\" \/>\n<meta property=\"og:title\" content=\"Palmitoil Pentapeptit-4 - Hurtowy Dystrybutor\" \/>\n<meta property=\"og:description\" content=\"Palmitoil Pentapeptit-4, matrikinlerin ve prokolajen A1 zinciri hidrolizatlar\u0131n\u0131n bir taklit\u00e7isi olan sinyal peptitidir. Kolajen sentezini uyar\u0131r.\" \/>\n<meta property=\"og:url\" content=\"https:\/\/naturalpoland.com\/tr\/urunler\/kozmetik-hammaddeleri\/peptitler\/palmitoil-pentapeptit-4\/\" \/>\n<meta property=\"og:site_name\" content=\"NATURAL POLAND - Hurtowy Dystrybutor Surowc\u00f3w\" \/>\n<meta property=\"article:publisher\" content=\"https:\/\/www.facebook.com\/naturalpoland.b2b\" \/>\n<meta property=\"article:modified_time\" content=\"2026-03-10T15:07:16+00:00\" \/>\n<meta property=\"og:image\" content=\"https:\/\/naturalpoland.com\/wp-content\/uploads\/palmitoyl_pentapeptide-4.webp\" \/>\n\t<meta property=\"og:image:width\" content=\"1024\" \/>\n\t<meta property=\"og:image:height\" content=\"1024\" \/>\n\t<meta property=\"og:image:type\" content=\"image\/webp\" \/>\n<script type=\"application\/ld+json\" class=\"yoast-schema-graph\">{\"@context\":\"https:\\\/\\\/schema.org\",\"@graph\":[{\"@type\":\"WebPage\",\"@id\":\"https:\\\/\\\/naturalpoland.com\\\/tr\\\/urunler\\\/kozmetik-hammaddeleri\\\/peptitler\\\/palmitoil-pentapeptit-4\\\/\",\"url\":\"https:\\\/\\\/naturalpoland.com\\\/tr\\\/urunler\\\/kozmetik-hammaddeleri\\\/peptitler\\\/palmitoil-pentapeptit-4\\\/\",\"name\":\"Palmitoil Pentapeptit-4 - Hurtowy Dystrybutor\",\"isPartOf\":{\"@id\":\"https:\\\/\\\/naturalpoland.com\\\/tr\\\/#website\"},\"primaryImageOfPage\":{\"@id\":\"https:\\\/\\\/naturalpoland.com\\\/tr\\\/urunler\\\/kozmetik-hammaddeleri\\\/peptitler\\\/palmitoil-pentapeptit-4\\\/#primaryimage\"},\"image\":{\"@id\":\"https:\\\/\\\/naturalpoland.com\\\/tr\\\/urunler\\\/kozmetik-hammaddeleri\\\/peptitler\\\/palmitoil-pentapeptit-4\\\/#primaryimage\"},\"thumbnailUrl\":\"https:\\\/\\\/naturalpoland.com\\\/wp-content\\\/uploads\\\/palmitoyl_pentapeptide-4.webp\",\"datePublished\":\"2023-12-21T10:52:07+00:00\",\"dateModified\":\"2026-03-10T15:07:16+00:00\",\"description\":\"Palmitoil Pentapeptit-4, matrikinlerin ve prokolajen A1 zinciri hidrolizatlar\u0131n\u0131n bir taklit\u00e7isi olan sinyal peptitidir. Kolajen sentezini uyar\u0131r.\",\"breadcrumb\":{\"@id\":\"https:\\\/\\\/naturalpoland.com\\\/tr\\\/urunler\\\/kozmetik-hammaddeleri\\\/peptitler\\\/palmitoil-pentapeptit-4\\\/#breadcrumb\"},\"inLanguage\":\"tr\",\"potentialAction\":[{\"@type\":\"ReadAction\",\"target\":[\"https:\\\/\\\/naturalpoland.com\\\/tr\\\/urunler\\\/kozmetik-hammaddeleri\\\/peptitler\\\/palmitoil-pentapeptit-4\\\/\"]}]},{\"@type\":\"ImageObject\",\"inLanguage\":\"tr\",\"@id\":\"https:\\\/\\\/naturalpoland.com\\\/tr\\\/urunler\\\/kozmetik-hammaddeleri\\\/peptitler\\\/palmitoil-pentapeptit-4\\\/#primaryimage\",\"url\":\"https:\\\/\\\/naturalpoland.com\\\/wp-content\\\/uploads\\\/palmitoyl_pentapeptide-4.webp\",\"contentUrl\":\"https:\\\/\\\/naturalpoland.com\\\/wp-content\\\/uploads\\\/palmitoyl_pentapeptide-4.webp\",\"width\":1024,\"height\":1024,\"caption\":\"PALMITOYL PENTAPEPTIDE-4\"},{\"@type\":\"BreadcrumbList\",\"@id\":\"https:\\\/\\\/naturalpoland.com\\\/tr\\\/urunler\\\/kozmetik-hammaddeleri\\\/peptitler\\\/palmitoil-pentapeptit-4\\\/#breadcrumb\",\"itemListElement\":[{\"@type\":\"ListItem\",\"position\":1,\"name\":\"Ana Sayfa\",\"item\":\"https:\\\/\\\/naturalpoland.com\\\/tr\\\/\"},{\"@type\":\"ListItem\",\"position\":2,\"name\":\"\u00dcr\u00fcnler\",\"item\":\"https:\\\/\\\/naturalpoland.com\\\/tr\\\/urunler\\\/\"},{\"@type\":\"ListItem\",\"position\":3,\"name\":\"Palmitoil Pentapeptit-4\"}]},{\"@type\":\"WebSite\",\"@id\":\"https:\\\/\\\/naturalpoland.com\\\/tr\\\/#website\",\"url\":\"https:\\\/\\\/naturalpoland.com\\\/tr\\\/\",\"name\":\"NATURAL POLAND - Hurtowy Dystrybutor Surowc\u00f3w\",\"description\":\"Surowce dla przemys\u0142u spo\u017cywczego, kosmetycznego i farmaceutycznego\",\"publisher\":{\"@id\":\"https:\\\/\\\/naturalpoland.com\\\/tr\\\/#organization\"},\"potentialAction\":[{\"@type\":\"SearchAction\",\"target\":{\"@type\":\"EntryPoint\",\"urlTemplate\":\"https:\\\/\\\/naturalpoland.com\\\/tr\\\/?s={search_term_string}\"},\"query-input\":{\"@type\":\"PropertyValueSpecification\",\"valueRequired\":true,\"valueName\":\"search_term_string\"}}],\"inLanguage\":\"tr\"},{\"@type\":\"Organization\",\"@id\":\"https:\\\/\\\/naturalpoland.com\\\/tr\\\/#organization\",\"name\":\"Natural Poland\",\"url\":\"https:\\\/\\\/naturalpoland.com\\\/tr\\\/\",\"logo\":{\"@type\":\"ImageObject\",\"inLanguage\":\"tr\",\"@id\":\"https:\\\/\\\/naturalpoland.com\\\/tr\\\/#\\\/schema\\\/logo\\\/image\\\/\",\"url\":\"https:\\\/\\\/naturalpoland.com\\\/wp-content\\\/uploads\\\/2021\\\/05\\\/natural-poland-icon.png\",\"contentUrl\":\"https:\\\/\\\/naturalpoland.com\\\/wp-content\\\/uploads\\\/2021\\\/05\\\/natural-poland-icon.png\",\"width\":512,\"height\":512,\"caption\":\"Natural Poland\"},\"image\":{\"@id\":\"https:\\\/\\\/naturalpoland.com\\\/tr\\\/#\\\/schema\\\/logo\\\/image\\\/\"},\"sameAs\":[\"https:\\\/\\\/www.facebook.com\\\/naturalpoland.b2b\",\"https:\\\/\\\/pl.linkedin.com\\\/company\\\/natural-poland\",\"https:\\\/\\\/www.youtube.com\\\/channel\\\/UCgeGGkvOMahZo-xu_MSEWxg\"]}]}<\/script>\n<!-- \/ Yoast SEO plugin. -->","yoast_head_json":{"title":"Palmitoil Pentapeptit-4 - Hurtowy Dystrybutor","description":"Palmitoil Pentapeptit-4, matrikinlerin ve prokolajen A1 zinciri hidrolizatlar\u0131n\u0131n bir taklit\u00e7isi olan sinyal peptitidir. Kolajen sentezini uyar\u0131r.","robots":{"index":"index","follow":"follow","max-snippet":"max-snippet:-1","max-image-preview":"max-image-preview:large","max-video-preview":"max-video-preview:-1"},"canonical":"https:\/\/naturalpoland.com\/tr\/urunler\/kozmetik-hammaddeleri\/peptitler\/palmitoil-pentapeptit-4\/","og_locale":"tr_TR","og_type":"article","og_title":"Palmitoil Pentapeptit-4 - Hurtowy Dystrybutor","og_description":"Palmitoil Pentapeptit-4, matrikinlerin ve prokolajen A1 zinciri hidrolizatlar\u0131n\u0131n bir taklit\u00e7isi olan sinyal peptitidir. Kolajen sentezini uyar\u0131r.","og_url":"https:\/\/naturalpoland.com\/tr\/urunler\/kozmetik-hammaddeleri\/peptitler\/palmitoil-pentapeptit-4\/","og_site_name":"NATURAL POLAND - Hurtowy Dystrybutor Surowc\u00f3w","article_publisher":"https:\/\/www.facebook.com\/naturalpoland.b2b","article_modified_time":"2026-03-10T15:07:16+00:00","og_image":[{"width":1024,"height":1024,"url":"https:\/\/naturalpoland.com\/wp-content\/uploads\/palmitoyl_pentapeptide-4.webp","type":"image\/webp"}],"schema":{"@context":"https:\/\/schema.org","@graph":[{"@type":"WebPage","@id":"https:\/\/naturalpoland.com\/tr\/urunler\/kozmetik-hammaddeleri\/peptitler\/palmitoil-pentapeptit-4\/","url":"https:\/\/naturalpoland.com\/tr\/urunler\/kozmetik-hammaddeleri\/peptitler\/palmitoil-pentapeptit-4\/","name":"Palmitoil Pentapeptit-4 - Hurtowy Dystrybutor","isPartOf":{"@id":"https:\/\/naturalpoland.com\/tr\/#website"},"primaryImageOfPage":{"@id":"https:\/\/naturalpoland.com\/tr\/urunler\/kozmetik-hammaddeleri\/peptitler\/palmitoil-pentapeptit-4\/#primaryimage"},"image":{"@id":"https:\/\/naturalpoland.com\/tr\/urunler\/kozmetik-hammaddeleri\/peptitler\/palmitoil-pentapeptit-4\/#primaryimage"},"thumbnailUrl":"https:\/\/naturalpoland.com\/wp-content\/uploads\/palmitoyl_pentapeptide-4.webp","datePublished":"2023-12-21T10:52:07+00:00","dateModified":"2026-03-10T15:07:16+00:00","description":"Palmitoil Pentapeptit-4, matrikinlerin ve prokolajen A1 zinciri hidrolizatlar\u0131n\u0131n bir taklit\u00e7isi olan sinyal peptitidir. Kolajen sentezini uyar\u0131r.","breadcrumb":{"@id":"https:\/\/naturalpoland.com\/tr\/urunler\/kozmetik-hammaddeleri\/peptitler\/palmitoil-pentapeptit-4\/#breadcrumb"},"inLanguage":"tr","potentialAction":[{"@type":"ReadAction","target":["https:\/\/naturalpoland.com\/tr\/urunler\/kozmetik-hammaddeleri\/peptitler\/palmitoil-pentapeptit-4\/"]}]},{"@type":"ImageObject","inLanguage":"tr","@id":"https:\/\/naturalpoland.com\/tr\/urunler\/kozmetik-hammaddeleri\/peptitler\/palmitoil-pentapeptit-4\/#primaryimage","url":"https:\/\/naturalpoland.com\/wp-content\/uploads\/palmitoyl_pentapeptide-4.webp","contentUrl":"https:\/\/naturalpoland.com\/wp-content\/uploads\/palmitoyl_pentapeptide-4.webp","width":1024,"height":1024,"caption":"PALMITOYL PENTAPEPTIDE-4"},{"@type":"BreadcrumbList","@id":"https:\/\/naturalpoland.com\/tr\/urunler\/kozmetik-hammaddeleri\/peptitler\/palmitoil-pentapeptit-4\/#breadcrumb","itemListElement":[{"@type":"ListItem","position":1,"name":"Ana Sayfa","item":"https:\/\/naturalpoland.com\/tr\/"},{"@type":"ListItem","position":2,"name":"\u00dcr\u00fcnler","item":"https:\/\/naturalpoland.com\/tr\/urunler\/"},{"@type":"ListItem","position":3,"name":"Palmitoil Pentapeptit-4"}]},{"@type":"WebSite","@id":"https:\/\/naturalpoland.com\/tr\/#website","url":"https:\/\/naturalpoland.com\/tr\/","name":"NATURAL POLAND - Hurtowy Dystrybutor Surowc\u00f3w","description":"Surowce dla przemys\u0142u spo\u017cywczego, kosmetycznego i farmaceutycznego","publisher":{"@id":"https:\/\/naturalpoland.com\/tr\/#organization"},"potentialAction":[{"@type":"SearchAction","target":{"@type":"EntryPoint","urlTemplate":"https:\/\/naturalpoland.com\/tr\/?s={search_term_string}"},"query-input":{"@type":"PropertyValueSpecification","valueRequired":true,"valueName":"search_term_string"}}],"inLanguage":"tr"},{"@type":"Organization","@id":"https:\/\/naturalpoland.com\/tr\/#organization","name":"Natural Poland","url":"https:\/\/naturalpoland.com\/tr\/","logo":{"@type":"ImageObject","inLanguage":"tr","@id":"https:\/\/naturalpoland.com\/tr\/#\/schema\/logo\/image\/","url":"https:\/\/naturalpoland.com\/wp-content\/uploads\/2021\/05\/natural-poland-icon.png","contentUrl":"https:\/\/naturalpoland.com\/wp-content\/uploads\/2021\/05\/natural-poland-icon.png","width":512,"height":512,"caption":"Natural Poland"},"image":{"@id":"https:\/\/naturalpoland.com\/tr\/#\/schema\/logo\/image\/"},"sameAs":["https:\/\/www.facebook.com\/naturalpoland.b2b","https:\/\/pl.linkedin.com\/company\/natural-poland","https:\/\/www.youtube.com\/channel\/UCgeGGkvOMahZo-xu_MSEWxg"]}]}},"_links":{"self":[{"href":"https:\/\/naturalpoland.com\/tr\/wp-json\/wp\/v2\/product\/46675","targetHints":{"allow":["GET"]}}],"collection":[{"href":"https:\/\/naturalpoland.com\/tr\/wp-json\/wp\/v2\/product"}],"about":[{"href":"https:\/\/naturalpoland.com\/tr\/wp-json\/wp\/v2\/types\/product"}],"wp:featuredmedia":[{"embeddable":true,"href":"https:\/\/naturalpoland.com\/tr\/wp-json\/wp\/v2\/media\/46676"}],"wp:attachment":[{"href":"https:\/\/naturalpoland.com\/tr\/wp-json\/wp\/v2\/media?parent=46675"}],"wp:term":[{"taxonomy":"product_brand","embeddable":true,"href":"https:\/\/naturalpoland.com\/tr\/wp-json\/wp\/v2\/product_brand?post=46675"},{"taxonomy":"product_cat","embeddable":true,"href":"https:\/\/naturalpoland.com\/tr\/wp-json\/wp\/v2\/product_cat?post=46675"},{"taxonomy":"product_tag","embeddable":true,"href":"https:\/\/naturalpoland.com\/tr\/wp-json\/wp\/v2\/product_tag?post=46675"}],"curies":[{"name":"wp","href":"https:\/\/api.w.org\/{rel}","templated":true}]}}