{"id":46679,"date":"2023-07-25T12:58:24","date_gmt":"2023-07-25T10:58:24","guid":{"rendered":"https:\/\/naturalpoland.com\/produkty\/kategorilenmemis\/dipeptit-2\/"},"modified":"2026-03-10T16:07:35","modified_gmt":"2026-03-10T15:07:35","slug":"dipeptit-2","status":"publish","type":"product","link":"https:\/\/naturalpoland.com\/tr\/urunler\/kozmetik-hammaddeleri\/peptitler\/dipeptit-2\/","title":{"rendered":"Dipeptit-2"},"content":{"rendered":"<p>Dipeptit-2&#8217;nin etki mekanizmas\u0131, anjiyotensin d\u00f6n\u00fc\u015ft\u00fcr\u00fcc\u00fc enzimin (ACE) aktivitesini inhibe etmeye dayan\u0131r. Bu enzim v\u00fccuttaki damar kontrol\u00fcnden ve kan bas\u0131nc\u0131ndan sorumludur ve inhibisyonu g\u00f6z \u00e7evresindeki ciltte mikro dola\u015f\u0131m\u0131 iyile\u015ftirmeye yard\u0131mc\u0131 olarak g\u00f6lge ve \u015fi\u015fli\u011fin azalmas\u0131n\u0131 sa\u011flar. <\/p>\n<p>Dipeptit-2 katk\u0131l\u0131 kozmetiklerin kullan\u0131m\u0131 sonucunda g\u00f6z \u00e7evresi cildi daha s\u0131k\u0131, daha p\u00fcr\u00fczs\u00fcz hale gelir ve gen\u00e7 g\u00f6r\u00fcn\u00fcm\u00fcn\u00fc kazan\u0131r. \u00d6zellikle g\u00f6lge, g\u00f6z alt\u0131 torbalar\u0131 veya k\u0131r\u0131\u015f\u0131kl\u0131klar gibi ya\u015flanma belirtileriyle m\u00fccadele eden ki\u015filer i\u00e7in g\u00f6z \u00e7evresi cilt bak\u0131m\u0131nda vazge\u00e7ilmez bir bile\u015fendir. <\/p>\n","protected":false},"excerpt":{"rendered":"<p>Dipeptit-2 (INCI: DIPEPTIDE-2), temel g\u00f6revi g\u00f6z \u00e7evresi cilt bak\u0131m\u0131 olan bir kozmetik bile\u015fendir. Hassas ve ya\u015flanmaya e\u011filimli b\u00f6lgelerde etki g\u00f6stererek g\u00f6z alt\u0131 g\u00f6lgelerinin ve \u015fi\u015fli\u011fin g\u00f6r\u00fcn\u00fcrl\u00fc\u011f\u00fcn\u00fc azaltmaya yard\u0131mc\u0131 olur. <\/p>\n","protected":false},"featured_media":46680,"template":"","meta":{"_acf_changed":false},"product_brand":[],"product_cat":[9554],"product_tag":[],"class_list":{"0":"post-46679","1":"product","2":"type-product","3":"status-publish","4":"has-post-thumbnail","6":"product_cat-peptitler","8":"first","9":"instock","10":"shipping-taxable","11":"product-type-simple"},"acf":[],"yoast_head":"<!-- This site is optimized with the Yoast SEO plugin v27.4 - https:\/\/yoast.com\/product\/yoast-seo-wordpress\/ -->\n<title>Dipeptit-2 - Hurtowy Dystrybutor<\/title>\n<meta name=\"description\" content=\"Dipeptit-2, temel g\u00f6revi g\u00f6z \u00e7evresi cilt bak\u0131m\u0131 olan bir kozmetik bile\u015fendir. Hassas ve ya\u015flanmaya e\u011filimli b\u00f6lgelerde etki g\u00f6sterir.\" \/>\n<meta name=\"robots\" content=\"index, follow, max-snippet:-1, max-image-preview:large, max-video-preview:-1\" \/>\n<link rel=\"canonical\" href=\"https:\/\/naturalpoland.com\/tr\/urunler\/kozmetik-hammaddeleri\/peptitler\/dipeptit-2\/\" \/>\n<meta property=\"og:locale\" content=\"tr_TR\" \/>\n<meta property=\"og:type\" content=\"article\" \/>\n<meta property=\"og:title\" content=\"Dipeptit-2 - Hurtowy Dystrybutor\" \/>\n<meta property=\"og:description\" content=\"Dipeptit-2, temel g\u00f6revi g\u00f6z \u00e7evresi cilt bak\u0131m\u0131 olan bir kozmetik bile\u015fendir. Hassas ve ya\u015flanmaya e\u011filimli b\u00f6lgelerde etki g\u00f6sterir.\" \/>\n<meta property=\"og:url\" content=\"https:\/\/naturalpoland.com\/tr\/urunler\/kozmetik-hammaddeleri\/peptitler\/dipeptit-2\/\" \/>\n<meta property=\"og:site_name\" content=\"NATURAL POLAND - Hurtowy Dystrybutor Surowc\u00f3w\" \/>\n<meta property=\"article:publisher\" content=\"https:\/\/www.facebook.com\/naturalpoland.b2b\" \/>\n<meta property=\"article:modified_time\" content=\"2026-03-10T15:07:35+00:00\" \/>\n<meta property=\"og:image\" content=\"https:\/\/naturalpoland.com\/wp-content\/uploads\/dipeptide-2.png\" \/>\n\t<meta property=\"og:image:width\" content=\"591\" \/>\n\t<meta property=\"og:image:height\" content=\"591\" \/>\n\t<meta property=\"og:image:type\" content=\"image\/png\" \/>\n<script type=\"application\/ld+json\" class=\"yoast-schema-graph\">{\"@context\":\"https:\\\/\\\/schema.org\",\"@graph\":[{\"@type\":\"WebPage\",\"@id\":\"https:\\\/\\\/naturalpoland.com\\\/tr\\\/urunler\\\/kozmetik-hammaddeleri\\\/peptitler\\\/dipeptit-2\\\/\",\"url\":\"https:\\\/\\\/naturalpoland.com\\\/tr\\\/urunler\\\/kozmetik-hammaddeleri\\\/peptitler\\\/dipeptit-2\\\/\",\"name\":\"Dipeptit-2 - Hurtowy Dystrybutor\",\"isPartOf\":{\"@id\":\"https:\\\/\\\/naturalpoland.com\\\/tr\\\/#website\"},\"primaryImageOfPage\":{\"@id\":\"https:\\\/\\\/naturalpoland.com\\\/tr\\\/urunler\\\/kozmetik-hammaddeleri\\\/peptitler\\\/dipeptit-2\\\/#primaryimage\"},\"image\":{\"@id\":\"https:\\\/\\\/naturalpoland.com\\\/tr\\\/urunler\\\/kozmetik-hammaddeleri\\\/peptitler\\\/dipeptit-2\\\/#primaryimage\"},\"thumbnailUrl\":\"https:\\\/\\\/naturalpoland.com\\\/wp-content\\\/uploads\\\/dipeptide-2.png\",\"datePublished\":\"2023-07-25T10:58:24+00:00\",\"dateModified\":\"2026-03-10T15:07:35+00:00\",\"description\":\"Dipeptit-2, temel g\u00f6revi g\u00f6z \u00e7evresi cilt bak\u0131m\u0131 olan bir kozmetik bile\u015fendir. Hassas ve ya\u015flanmaya e\u011filimli b\u00f6lgelerde etki g\u00f6sterir.\",\"breadcrumb\":{\"@id\":\"https:\\\/\\\/naturalpoland.com\\\/tr\\\/urunler\\\/kozmetik-hammaddeleri\\\/peptitler\\\/dipeptit-2\\\/#breadcrumb\"},\"inLanguage\":\"tr\",\"potentialAction\":[{\"@type\":\"ReadAction\",\"target\":[\"https:\\\/\\\/naturalpoland.com\\\/tr\\\/urunler\\\/kozmetik-hammaddeleri\\\/peptitler\\\/dipeptit-2\\\/\"]}]},{\"@type\":\"ImageObject\",\"inLanguage\":\"tr\",\"@id\":\"https:\\\/\\\/naturalpoland.com\\\/tr\\\/urunler\\\/kozmetik-hammaddeleri\\\/peptitler\\\/dipeptit-2\\\/#primaryimage\",\"url\":\"https:\\\/\\\/naturalpoland.com\\\/wp-content\\\/uploads\\\/dipeptide-2.png\",\"contentUrl\":\"https:\\\/\\\/naturalpoland.com\\\/wp-content\\\/uploads\\\/dipeptide-2.png\",\"width\":591,\"height\":591,\"caption\":\"Dipeptit-2\"},{\"@type\":\"BreadcrumbList\",\"@id\":\"https:\\\/\\\/naturalpoland.com\\\/tr\\\/urunler\\\/kozmetik-hammaddeleri\\\/peptitler\\\/dipeptit-2\\\/#breadcrumb\",\"itemListElement\":[{\"@type\":\"ListItem\",\"position\":1,\"name\":\"Ana Sayfa\",\"item\":\"https:\\\/\\\/naturalpoland.com\\\/tr\\\/\"},{\"@type\":\"ListItem\",\"position\":2,\"name\":\"\u00dcr\u00fcnler\",\"item\":\"https:\\\/\\\/naturalpoland.com\\\/tr\\\/urunler\\\/\"},{\"@type\":\"ListItem\",\"position\":3,\"name\":\"Dipeptit-2\"}]},{\"@type\":\"WebSite\",\"@id\":\"https:\\\/\\\/naturalpoland.com\\\/tr\\\/#website\",\"url\":\"https:\\\/\\\/naturalpoland.com\\\/tr\\\/\",\"name\":\"NATURAL POLAND - Hurtowy Dystrybutor Surowc\u00f3w\",\"description\":\"Surowce dla przemys\u0142u spo\u017cywczego, kosmetycznego i farmaceutycznego\",\"publisher\":{\"@id\":\"https:\\\/\\\/naturalpoland.com\\\/tr\\\/#organization\"},\"potentialAction\":[{\"@type\":\"SearchAction\",\"target\":{\"@type\":\"EntryPoint\",\"urlTemplate\":\"https:\\\/\\\/naturalpoland.com\\\/tr\\\/?s={search_term_string}\"},\"query-input\":{\"@type\":\"PropertyValueSpecification\",\"valueRequired\":true,\"valueName\":\"search_term_string\"}}],\"inLanguage\":\"tr\"},{\"@type\":\"Organization\",\"@id\":\"https:\\\/\\\/naturalpoland.com\\\/tr\\\/#organization\",\"name\":\"Natural Poland\",\"url\":\"https:\\\/\\\/naturalpoland.com\\\/tr\\\/\",\"logo\":{\"@type\":\"ImageObject\",\"inLanguage\":\"tr\",\"@id\":\"https:\\\/\\\/naturalpoland.com\\\/tr\\\/#\\\/schema\\\/logo\\\/image\\\/\",\"url\":\"https:\\\/\\\/naturalpoland.com\\\/wp-content\\\/uploads\\\/2021\\\/05\\\/natural-poland-icon.png\",\"contentUrl\":\"https:\\\/\\\/naturalpoland.com\\\/wp-content\\\/uploads\\\/2021\\\/05\\\/natural-poland-icon.png\",\"width\":512,\"height\":512,\"caption\":\"Natural Poland\"},\"image\":{\"@id\":\"https:\\\/\\\/naturalpoland.com\\\/tr\\\/#\\\/schema\\\/logo\\\/image\\\/\"},\"sameAs\":[\"https:\\\/\\\/www.facebook.com\\\/naturalpoland.b2b\",\"https:\\\/\\\/pl.linkedin.com\\\/company\\\/natural-poland\",\"https:\\\/\\\/www.youtube.com\\\/channel\\\/UCgeGGkvOMahZo-xu_MSEWxg\"]}]}<\/script>\n<!-- \/ Yoast SEO plugin. -->","yoast_head_json":{"title":"Dipeptit-2 - Hurtowy Dystrybutor","description":"Dipeptit-2, temel g\u00f6revi g\u00f6z \u00e7evresi cilt bak\u0131m\u0131 olan bir kozmetik bile\u015fendir. Hassas ve ya\u015flanmaya e\u011filimli b\u00f6lgelerde etki g\u00f6sterir.","robots":{"index":"index","follow":"follow","max-snippet":"max-snippet:-1","max-image-preview":"max-image-preview:large","max-video-preview":"max-video-preview:-1"},"canonical":"https:\/\/naturalpoland.com\/tr\/urunler\/kozmetik-hammaddeleri\/peptitler\/dipeptit-2\/","og_locale":"tr_TR","og_type":"article","og_title":"Dipeptit-2 - Hurtowy Dystrybutor","og_description":"Dipeptit-2, temel g\u00f6revi g\u00f6z \u00e7evresi cilt bak\u0131m\u0131 olan bir kozmetik bile\u015fendir. Hassas ve ya\u015flanmaya e\u011filimli b\u00f6lgelerde etki g\u00f6sterir.","og_url":"https:\/\/naturalpoland.com\/tr\/urunler\/kozmetik-hammaddeleri\/peptitler\/dipeptit-2\/","og_site_name":"NATURAL POLAND - Hurtowy Dystrybutor Surowc\u00f3w","article_publisher":"https:\/\/www.facebook.com\/naturalpoland.b2b","article_modified_time":"2026-03-10T15:07:35+00:00","og_image":[{"width":591,"height":591,"url":"https:\/\/naturalpoland.com\/wp-content\/uploads\/dipeptide-2.png","type":"image\/png"}],"schema":{"@context":"https:\/\/schema.org","@graph":[{"@type":"WebPage","@id":"https:\/\/naturalpoland.com\/tr\/urunler\/kozmetik-hammaddeleri\/peptitler\/dipeptit-2\/","url":"https:\/\/naturalpoland.com\/tr\/urunler\/kozmetik-hammaddeleri\/peptitler\/dipeptit-2\/","name":"Dipeptit-2 - Hurtowy Dystrybutor","isPartOf":{"@id":"https:\/\/naturalpoland.com\/tr\/#website"},"primaryImageOfPage":{"@id":"https:\/\/naturalpoland.com\/tr\/urunler\/kozmetik-hammaddeleri\/peptitler\/dipeptit-2\/#primaryimage"},"image":{"@id":"https:\/\/naturalpoland.com\/tr\/urunler\/kozmetik-hammaddeleri\/peptitler\/dipeptit-2\/#primaryimage"},"thumbnailUrl":"https:\/\/naturalpoland.com\/wp-content\/uploads\/dipeptide-2.png","datePublished":"2023-07-25T10:58:24+00:00","dateModified":"2026-03-10T15:07:35+00:00","description":"Dipeptit-2, temel g\u00f6revi g\u00f6z \u00e7evresi cilt bak\u0131m\u0131 olan bir kozmetik bile\u015fendir. Hassas ve ya\u015flanmaya e\u011filimli b\u00f6lgelerde etki g\u00f6sterir.","breadcrumb":{"@id":"https:\/\/naturalpoland.com\/tr\/urunler\/kozmetik-hammaddeleri\/peptitler\/dipeptit-2\/#breadcrumb"},"inLanguage":"tr","potentialAction":[{"@type":"ReadAction","target":["https:\/\/naturalpoland.com\/tr\/urunler\/kozmetik-hammaddeleri\/peptitler\/dipeptit-2\/"]}]},{"@type":"ImageObject","inLanguage":"tr","@id":"https:\/\/naturalpoland.com\/tr\/urunler\/kozmetik-hammaddeleri\/peptitler\/dipeptit-2\/#primaryimage","url":"https:\/\/naturalpoland.com\/wp-content\/uploads\/dipeptide-2.png","contentUrl":"https:\/\/naturalpoland.com\/wp-content\/uploads\/dipeptide-2.png","width":591,"height":591,"caption":"Dipeptit-2"},{"@type":"BreadcrumbList","@id":"https:\/\/naturalpoland.com\/tr\/urunler\/kozmetik-hammaddeleri\/peptitler\/dipeptit-2\/#breadcrumb","itemListElement":[{"@type":"ListItem","position":1,"name":"Ana Sayfa","item":"https:\/\/naturalpoland.com\/tr\/"},{"@type":"ListItem","position":2,"name":"\u00dcr\u00fcnler","item":"https:\/\/naturalpoland.com\/tr\/urunler\/"},{"@type":"ListItem","position":3,"name":"Dipeptit-2"}]},{"@type":"WebSite","@id":"https:\/\/naturalpoland.com\/tr\/#website","url":"https:\/\/naturalpoland.com\/tr\/","name":"NATURAL POLAND - Hurtowy Dystrybutor Surowc\u00f3w","description":"Surowce dla przemys\u0142u spo\u017cywczego, kosmetycznego i farmaceutycznego","publisher":{"@id":"https:\/\/naturalpoland.com\/tr\/#organization"},"potentialAction":[{"@type":"SearchAction","target":{"@type":"EntryPoint","urlTemplate":"https:\/\/naturalpoland.com\/tr\/?s={search_term_string}"},"query-input":{"@type":"PropertyValueSpecification","valueRequired":true,"valueName":"search_term_string"}}],"inLanguage":"tr"},{"@type":"Organization","@id":"https:\/\/naturalpoland.com\/tr\/#organization","name":"Natural Poland","url":"https:\/\/naturalpoland.com\/tr\/","logo":{"@type":"ImageObject","inLanguage":"tr","@id":"https:\/\/naturalpoland.com\/tr\/#\/schema\/logo\/image\/","url":"https:\/\/naturalpoland.com\/wp-content\/uploads\/2021\/05\/natural-poland-icon.png","contentUrl":"https:\/\/naturalpoland.com\/wp-content\/uploads\/2021\/05\/natural-poland-icon.png","width":512,"height":512,"caption":"Natural Poland"},"image":{"@id":"https:\/\/naturalpoland.com\/tr\/#\/schema\/logo\/image\/"},"sameAs":["https:\/\/www.facebook.com\/naturalpoland.b2b","https:\/\/pl.linkedin.com\/company\/natural-poland","https:\/\/www.youtube.com\/channel\/UCgeGGkvOMahZo-xu_MSEWxg"]}]}},"_links":{"self":[{"href":"https:\/\/naturalpoland.com\/tr\/wp-json\/wp\/v2\/product\/46679","targetHints":{"allow":["GET"]}}],"collection":[{"href":"https:\/\/naturalpoland.com\/tr\/wp-json\/wp\/v2\/product"}],"about":[{"href":"https:\/\/naturalpoland.com\/tr\/wp-json\/wp\/v2\/types\/product"}],"wp:featuredmedia":[{"embeddable":true,"href":"https:\/\/naturalpoland.com\/tr\/wp-json\/wp\/v2\/media\/46680"}],"wp:attachment":[{"href":"https:\/\/naturalpoland.com\/tr\/wp-json\/wp\/v2\/media?parent=46679"}],"wp:term":[{"taxonomy":"product_brand","embeddable":true,"href":"https:\/\/naturalpoland.com\/tr\/wp-json\/wp\/v2\/product_brand?post=46679"},{"taxonomy":"product_cat","embeddable":true,"href":"https:\/\/naturalpoland.com\/tr\/wp-json\/wp\/v2\/product_cat?post=46679"},{"taxonomy":"product_tag","embeddable":true,"href":"https:\/\/naturalpoland.com\/tr\/wp-json\/wp\/v2\/product_tag?post=46679"}],"curies":[{"name":"wp","href":"https:\/\/api.w.org\/{rel}","templated":true}]}}