{"id":46681,"date":"2023-12-20T15:26:26","date_gmt":"2023-12-20T14:26:26","guid":{"rendered":"https:\/\/naturalpoland.com\/produkty\/kategorilenmemis\/arjinin-lizin-polipeptidi\/"},"modified":"2026-03-10T16:07:39","modified_gmt":"2026-03-10T15:07:39","slug":"arjinin-lizin-polipeptidi","status":"publish","type":"product","link":"https:\/\/naturalpoland.com\/tr\/urunler\/kozmetik-hammaddeleri\/peptitler\/arjinin-lizin-polipeptidi\/","title":{"rendered":"Arjinin \/ Lizin Polipeptidi"},"content":{"rendered":"<p><strong>Etkinlik:<\/strong><\/p>\n<p>Deneklerin g\u00f6z \u00e7evresindeki cilde 30 ppm Arjinin uygulanmas\u0131, sadece 15 dakika sonra cilt p\u00fcr\u00fczl\u00fcl\u00fc\u011f\u00fcnde ve k\u0131r\u0131\u015f\u0131kl\u0131k derinli\u011finde \u00f6nemli bir azalma g\u00f6stermi\u015ftir. Ortalama k\u0131r\u0131\u015f\u0131kl\u0131k azalmas\u0131 %30,67 olarak ger\u00e7ekle\u015firken, ortalama k\u0131r\u0131\u015f\u0131kl\u0131k puan\u0131 9,39&#8217;dan 4,49&#8217;a d\u00fc\u015fm\u00fc\u015ft\u00fcr. Ek olarak, s\u0131ras\u0131yla 5 ppm ve 20 ppm konsantrasyonlu \u00e7\u00f6zeltilerin kullan\u0131m\u0131ndan sonra k\u0131r\u0131\u015f\u0131kl\u0131klar %23,30 ve %23,97 oran\u0131nda azalm\u0131\u015ft\u0131r.  <\/p>\n<p><strong>Etki mekanizmas\u0131:<\/strong><\/p>\n<p>Arjinin\/Lizin Polipeptidi, sentezlendikten sonra mimik kaslar\u0131 \u00fczerinde g\u00fc\u00e7l\u00fc bir rahatlat\u0131c\u0131 etki sa\u011flayarak k\u0131r\u0131\u015f\u0131kl\u0131klar\u0131n an\u0131nda p\u00fcr\u00fczs\u00fczle\u015fmesine yol a\u00e7ar. Kas liflerindeki Na+ iyon ak\u0131\u015f\u0131ndan sorumlu NaV1.4 yolunu bloke ederek, motor son plak potansiyelinin olu\u015fumunu engeller ve kas hareketini kontrol eder. Bu etki, mimik kaslar\u0131n\u0131n gev\u015femesine ve k\u0131r\u0131\u015f\u0131kl\u0131klar\u0131n p\u00fcr\u00fczs\u00fczle\u015fmesine neden olur.  <\/p>\n<p><strong>Kullan\u0131m:<\/strong><\/p>\n<p>Arjinin\/Lizin Polipeptidi, kozmetik ve cilt bak\u0131m \u00fcr\u00fcnlerinde geni\u015f bir kullan\u0131m alan\u0131 bulmakta ve k\u0131r\u0131\u015f\u0131kl\u0131k kar\u015f\u0131t\u0131 etkiler sunmaktad\u0131r. Dudak balsamlar\u0131, losyonlar, g\u00fcnd\u00fcz\/gece kremleri, g\u00f6z serumlar\u0131, jeller ve di\u011fer \u00fcr\u00fcnlerde kullan\u0131labilir. <\/p>\n","protected":false},"excerpt":{"rendered":"<p>Arjinin\/Lizin Polipeptidi, biyoteknoloji alan\u0131ndaki ileri ba\u015far\u0131lar\u0131 kullanan yenilik\u00e7i bir aktif bile\u015fendir. Biyolojik fermantasyon y\u00f6ntemiyle elde edilen bu bile\u015fen, y\u00fcksek safl\u0131k ve k\u0131r\u0131\u015f\u0131kl\u0131k kar\u015f\u0131t\u0131 etkide etkinlik ile karakterizedir. <\/p>\n","protected":false},"featured_media":46682,"template":"","meta":{"_acf_changed":false},"product_brand":[],"product_cat":[9554],"product_tag":[],"class_list":{"0":"post-46681","1":"product","2":"type-product","3":"status-publish","4":"has-post-thumbnail","6":"product_cat-peptitler","7":"pa_metoda-pozyskiwania-biyolojik-fermantasyon","9":"first","10":"instock","11":"shipping-taxable","12":"product-type-simple"},"acf":[],"yoast_head":"<!-- This site is optimized with the Yoast SEO plugin v27.4 - https:\/\/yoast.com\/product\/yoast-seo-wordpress\/ -->\n<title>Arjinin \/ Lizin Polipeptidi - Hurtowy Dystrybutor<\/title>\n<meta name=\"description\" content=\"Arjinin\/Lizin Polipeptidi, biyoteknolojik yenilikleri kozmetik etkinlikle birle\u015ftirerek k\u0131r\u0131\u015f\u0131kl\u0131klar\u0131n azalt\u0131lmas\u0131nda h\u0131zl\u0131 ve g\u00f6zle g\u00f6r\u00fcl\u00fcr etkiler sunar.\" \/>\n<meta name=\"robots\" content=\"index, follow, max-snippet:-1, max-image-preview:large, max-video-preview:-1\" \/>\n<link rel=\"canonical\" href=\"https:\/\/naturalpoland.com\/tr\/urunler\/kozmetik-hammaddeleri\/peptitler\/arjinin-lizin-polipeptidi\/\" \/>\n<meta property=\"og:locale\" content=\"tr_TR\" \/>\n<meta property=\"og:type\" content=\"article\" \/>\n<meta property=\"og:title\" content=\"Arjinin \/ Lizin Polipeptidi - Hurtowy Dystrybutor\" \/>\n<meta property=\"og:description\" content=\"Arjinin\/Lizin Polipeptidi, biyoteknolojik yenilikleri kozmetik etkinlikle birle\u015ftirerek k\u0131r\u0131\u015f\u0131kl\u0131klar\u0131n azalt\u0131lmas\u0131nda h\u0131zl\u0131 ve g\u00f6zle g\u00f6r\u00fcl\u00fcr etkiler sunar.\" \/>\n<meta property=\"og:url\" content=\"https:\/\/naturalpoland.com\/tr\/urunler\/kozmetik-hammaddeleri\/peptitler\/arjinin-lizin-polipeptidi\/\" \/>\n<meta property=\"og:site_name\" content=\"NATURAL POLAND - Hurtowy Dystrybutor Surowc\u00f3w\" \/>\n<meta property=\"article:publisher\" content=\"https:\/\/www.facebook.com\/naturalpoland.b2b\" \/>\n<meta property=\"article:modified_time\" content=\"2026-03-10T15:07:39+00:00\" \/>\n<meta property=\"og:image\" content=\"https:\/\/naturalpoland.com\/wp-content\/uploads\/arginine-lysine_polypeptide.webp\" \/>\n\t<meta property=\"og:image:width\" content=\"1024\" \/>\n\t<meta property=\"og:image:height\" content=\"1024\" \/>\n\t<meta property=\"og:image:type\" content=\"image\/webp\" \/>\n<script type=\"application\/ld+json\" class=\"yoast-schema-graph\">{\"@context\":\"https:\\\/\\\/schema.org\",\"@graph\":[{\"@type\":\"WebPage\",\"@id\":\"https:\\\/\\\/naturalpoland.com\\\/tr\\\/urunler\\\/kozmetik-hammaddeleri\\\/peptitler\\\/arjinin-lizin-polipeptidi\\\/\",\"url\":\"https:\\\/\\\/naturalpoland.com\\\/tr\\\/urunler\\\/kozmetik-hammaddeleri\\\/peptitler\\\/arjinin-lizin-polipeptidi\\\/\",\"name\":\"Arjinin \\\/ Lizin Polipeptidi - Hurtowy Dystrybutor\",\"isPartOf\":{\"@id\":\"https:\\\/\\\/naturalpoland.com\\\/tr\\\/#website\"},\"primaryImageOfPage\":{\"@id\":\"https:\\\/\\\/naturalpoland.com\\\/tr\\\/urunler\\\/kozmetik-hammaddeleri\\\/peptitler\\\/arjinin-lizin-polipeptidi\\\/#primaryimage\"},\"image\":{\"@id\":\"https:\\\/\\\/naturalpoland.com\\\/tr\\\/urunler\\\/kozmetik-hammaddeleri\\\/peptitler\\\/arjinin-lizin-polipeptidi\\\/#primaryimage\"},\"thumbnailUrl\":\"https:\\\/\\\/naturalpoland.com\\\/wp-content\\\/uploads\\\/arginine-lysine_polypeptide.webp\",\"datePublished\":\"2023-12-20T14:26:26+00:00\",\"dateModified\":\"2026-03-10T15:07:39+00:00\",\"description\":\"Arjinin\\\/Lizin Polipeptidi, biyoteknolojik yenilikleri kozmetik etkinlikle birle\u015ftirerek k\u0131r\u0131\u015f\u0131kl\u0131klar\u0131n azalt\u0131lmas\u0131nda h\u0131zl\u0131 ve g\u00f6zle g\u00f6r\u00fcl\u00fcr etkiler sunar.\",\"breadcrumb\":{\"@id\":\"https:\\\/\\\/naturalpoland.com\\\/tr\\\/urunler\\\/kozmetik-hammaddeleri\\\/peptitler\\\/arjinin-lizin-polipeptidi\\\/#breadcrumb\"},\"inLanguage\":\"tr\",\"potentialAction\":[{\"@type\":\"ReadAction\",\"target\":[\"https:\\\/\\\/naturalpoland.com\\\/tr\\\/urunler\\\/kozmetik-hammaddeleri\\\/peptitler\\\/arjinin-lizin-polipeptidi\\\/\"]}]},{\"@type\":\"ImageObject\",\"inLanguage\":\"tr\",\"@id\":\"https:\\\/\\\/naturalpoland.com\\\/tr\\\/urunler\\\/kozmetik-hammaddeleri\\\/peptitler\\\/arjinin-lizin-polipeptidi\\\/#primaryimage\",\"url\":\"https:\\\/\\\/naturalpoland.com\\\/wp-content\\\/uploads\\\/arginine-lysine_polypeptide.webp\",\"contentUrl\":\"https:\\\/\\\/naturalpoland.com\\\/wp-content\\\/uploads\\\/arginine-lysine_polypeptide.webp\",\"width\":1024,\"height\":1024,\"caption\":\"Arjinin\\\/Lizin Polipeptidi\"},{\"@type\":\"BreadcrumbList\",\"@id\":\"https:\\\/\\\/naturalpoland.com\\\/tr\\\/urunler\\\/kozmetik-hammaddeleri\\\/peptitler\\\/arjinin-lizin-polipeptidi\\\/#breadcrumb\",\"itemListElement\":[{\"@type\":\"ListItem\",\"position\":1,\"name\":\"Ana Sayfa\",\"item\":\"https:\\\/\\\/naturalpoland.com\\\/tr\\\/\"},{\"@type\":\"ListItem\",\"position\":2,\"name\":\"\u00dcr\u00fcnler\",\"item\":\"https:\\\/\\\/naturalpoland.com\\\/tr\\\/urunler\\\/\"},{\"@type\":\"ListItem\",\"position\":3,\"name\":\"Arjinin \\\/ Lizin Polipeptidi\"}]},{\"@type\":\"WebSite\",\"@id\":\"https:\\\/\\\/naturalpoland.com\\\/tr\\\/#website\",\"url\":\"https:\\\/\\\/naturalpoland.com\\\/tr\\\/\",\"name\":\"NATURAL POLAND - Hurtowy Dystrybutor Surowc\u00f3w\",\"description\":\"Surowce dla przemys\u0142u spo\u017cywczego, kosmetycznego i farmaceutycznego\",\"publisher\":{\"@id\":\"https:\\\/\\\/naturalpoland.com\\\/tr\\\/#organization\"},\"potentialAction\":[{\"@type\":\"SearchAction\",\"target\":{\"@type\":\"EntryPoint\",\"urlTemplate\":\"https:\\\/\\\/naturalpoland.com\\\/tr\\\/?s={search_term_string}\"},\"query-input\":{\"@type\":\"PropertyValueSpecification\",\"valueRequired\":true,\"valueName\":\"search_term_string\"}}],\"inLanguage\":\"tr\"},{\"@type\":\"Organization\",\"@id\":\"https:\\\/\\\/naturalpoland.com\\\/tr\\\/#organization\",\"name\":\"Natural Poland\",\"url\":\"https:\\\/\\\/naturalpoland.com\\\/tr\\\/\",\"logo\":{\"@type\":\"ImageObject\",\"inLanguage\":\"tr\",\"@id\":\"https:\\\/\\\/naturalpoland.com\\\/tr\\\/#\\\/schema\\\/logo\\\/image\\\/\",\"url\":\"https:\\\/\\\/naturalpoland.com\\\/wp-content\\\/uploads\\\/2021\\\/05\\\/natural-poland-icon.png\",\"contentUrl\":\"https:\\\/\\\/naturalpoland.com\\\/wp-content\\\/uploads\\\/2021\\\/05\\\/natural-poland-icon.png\",\"width\":512,\"height\":512,\"caption\":\"Natural Poland\"},\"image\":{\"@id\":\"https:\\\/\\\/naturalpoland.com\\\/tr\\\/#\\\/schema\\\/logo\\\/image\\\/\"},\"sameAs\":[\"https:\\\/\\\/www.facebook.com\\\/naturalpoland.b2b\",\"https:\\\/\\\/pl.linkedin.com\\\/company\\\/natural-poland\",\"https:\\\/\\\/www.youtube.com\\\/channel\\\/UCgeGGkvOMahZo-xu_MSEWxg\"]}]}<\/script>\n<!-- \/ Yoast SEO plugin. -->","yoast_head_json":{"title":"Arjinin \/ Lizin Polipeptidi - Hurtowy Dystrybutor","description":"Arjinin\/Lizin Polipeptidi, biyoteknolojik yenilikleri kozmetik etkinlikle birle\u015ftirerek k\u0131r\u0131\u015f\u0131kl\u0131klar\u0131n azalt\u0131lmas\u0131nda h\u0131zl\u0131 ve g\u00f6zle g\u00f6r\u00fcl\u00fcr etkiler sunar.","robots":{"index":"index","follow":"follow","max-snippet":"max-snippet:-1","max-image-preview":"max-image-preview:large","max-video-preview":"max-video-preview:-1"},"canonical":"https:\/\/naturalpoland.com\/tr\/urunler\/kozmetik-hammaddeleri\/peptitler\/arjinin-lizin-polipeptidi\/","og_locale":"tr_TR","og_type":"article","og_title":"Arjinin \/ Lizin Polipeptidi - Hurtowy Dystrybutor","og_description":"Arjinin\/Lizin Polipeptidi, biyoteknolojik yenilikleri kozmetik etkinlikle birle\u015ftirerek k\u0131r\u0131\u015f\u0131kl\u0131klar\u0131n azalt\u0131lmas\u0131nda h\u0131zl\u0131 ve g\u00f6zle g\u00f6r\u00fcl\u00fcr etkiler sunar.","og_url":"https:\/\/naturalpoland.com\/tr\/urunler\/kozmetik-hammaddeleri\/peptitler\/arjinin-lizin-polipeptidi\/","og_site_name":"NATURAL POLAND - Hurtowy Dystrybutor Surowc\u00f3w","article_publisher":"https:\/\/www.facebook.com\/naturalpoland.b2b","article_modified_time":"2026-03-10T15:07:39+00:00","og_image":[{"width":1024,"height":1024,"url":"https:\/\/naturalpoland.com\/wp-content\/uploads\/arginine-lysine_polypeptide.webp","type":"image\/webp"}],"schema":{"@context":"https:\/\/schema.org","@graph":[{"@type":"WebPage","@id":"https:\/\/naturalpoland.com\/tr\/urunler\/kozmetik-hammaddeleri\/peptitler\/arjinin-lizin-polipeptidi\/","url":"https:\/\/naturalpoland.com\/tr\/urunler\/kozmetik-hammaddeleri\/peptitler\/arjinin-lizin-polipeptidi\/","name":"Arjinin \/ Lizin Polipeptidi - Hurtowy Dystrybutor","isPartOf":{"@id":"https:\/\/naturalpoland.com\/tr\/#website"},"primaryImageOfPage":{"@id":"https:\/\/naturalpoland.com\/tr\/urunler\/kozmetik-hammaddeleri\/peptitler\/arjinin-lizin-polipeptidi\/#primaryimage"},"image":{"@id":"https:\/\/naturalpoland.com\/tr\/urunler\/kozmetik-hammaddeleri\/peptitler\/arjinin-lizin-polipeptidi\/#primaryimage"},"thumbnailUrl":"https:\/\/naturalpoland.com\/wp-content\/uploads\/arginine-lysine_polypeptide.webp","datePublished":"2023-12-20T14:26:26+00:00","dateModified":"2026-03-10T15:07:39+00:00","description":"Arjinin\/Lizin Polipeptidi, biyoteknolojik yenilikleri kozmetik etkinlikle birle\u015ftirerek k\u0131r\u0131\u015f\u0131kl\u0131klar\u0131n azalt\u0131lmas\u0131nda h\u0131zl\u0131 ve g\u00f6zle g\u00f6r\u00fcl\u00fcr etkiler sunar.","breadcrumb":{"@id":"https:\/\/naturalpoland.com\/tr\/urunler\/kozmetik-hammaddeleri\/peptitler\/arjinin-lizin-polipeptidi\/#breadcrumb"},"inLanguage":"tr","potentialAction":[{"@type":"ReadAction","target":["https:\/\/naturalpoland.com\/tr\/urunler\/kozmetik-hammaddeleri\/peptitler\/arjinin-lizin-polipeptidi\/"]}]},{"@type":"ImageObject","inLanguage":"tr","@id":"https:\/\/naturalpoland.com\/tr\/urunler\/kozmetik-hammaddeleri\/peptitler\/arjinin-lizin-polipeptidi\/#primaryimage","url":"https:\/\/naturalpoland.com\/wp-content\/uploads\/arginine-lysine_polypeptide.webp","contentUrl":"https:\/\/naturalpoland.com\/wp-content\/uploads\/arginine-lysine_polypeptide.webp","width":1024,"height":1024,"caption":"Arjinin\/Lizin Polipeptidi"},{"@type":"BreadcrumbList","@id":"https:\/\/naturalpoland.com\/tr\/urunler\/kozmetik-hammaddeleri\/peptitler\/arjinin-lizin-polipeptidi\/#breadcrumb","itemListElement":[{"@type":"ListItem","position":1,"name":"Ana Sayfa","item":"https:\/\/naturalpoland.com\/tr\/"},{"@type":"ListItem","position":2,"name":"\u00dcr\u00fcnler","item":"https:\/\/naturalpoland.com\/tr\/urunler\/"},{"@type":"ListItem","position":3,"name":"Arjinin \/ Lizin Polipeptidi"}]},{"@type":"WebSite","@id":"https:\/\/naturalpoland.com\/tr\/#website","url":"https:\/\/naturalpoland.com\/tr\/","name":"NATURAL POLAND - Hurtowy Dystrybutor Surowc\u00f3w","description":"Surowce dla przemys\u0142u spo\u017cywczego, kosmetycznego i farmaceutycznego","publisher":{"@id":"https:\/\/naturalpoland.com\/tr\/#organization"},"potentialAction":[{"@type":"SearchAction","target":{"@type":"EntryPoint","urlTemplate":"https:\/\/naturalpoland.com\/tr\/?s={search_term_string}"},"query-input":{"@type":"PropertyValueSpecification","valueRequired":true,"valueName":"search_term_string"}}],"inLanguage":"tr"},{"@type":"Organization","@id":"https:\/\/naturalpoland.com\/tr\/#organization","name":"Natural Poland","url":"https:\/\/naturalpoland.com\/tr\/","logo":{"@type":"ImageObject","inLanguage":"tr","@id":"https:\/\/naturalpoland.com\/tr\/#\/schema\/logo\/image\/","url":"https:\/\/naturalpoland.com\/wp-content\/uploads\/2021\/05\/natural-poland-icon.png","contentUrl":"https:\/\/naturalpoland.com\/wp-content\/uploads\/2021\/05\/natural-poland-icon.png","width":512,"height":512,"caption":"Natural Poland"},"image":{"@id":"https:\/\/naturalpoland.com\/tr\/#\/schema\/logo\/image\/"},"sameAs":["https:\/\/www.facebook.com\/naturalpoland.b2b","https:\/\/pl.linkedin.com\/company\/natural-poland","https:\/\/www.youtube.com\/channel\/UCgeGGkvOMahZo-xu_MSEWxg"]}]}},"_links":{"self":[{"href":"https:\/\/naturalpoland.com\/tr\/wp-json\/wp\/v2\/product\/46681","targetHints":{"allow":["GET"]}}],"collection":[{"href":"https:\/\/naturalpoland.com\/tr\/wp-json\/wp\/v2\/product"}],"about":[{"href":"https:\/\/naturalpoland.com\/tr\/wp-json\/wp\/v2\/types\/product"}],"wp:featuredmedia":[{"embeddable":true,"href":"https:\/\/naturalpoland.com\/tr\/wp-json\/wp\/v2\/media\/46682"}],"wp:attachment":[{"href":"https:\/\/naturalpoland.com\/tr\/wp-json\/wp\/v2\/media?parent=46681"}],"wp:term":[{"taxonomy":"product_brand","embeddable":true,"href":"https:\/\/naturalpoland.com\/tr\/wp-json\/wp\/v2\/product_brand?post=46681"},{"taxonomy":"product_cat","embeddable":true,"href":"https:\/\/naturalpoland.com\/tr\/wp-json\/wp\/v2\/product_cat?post=46681"},{"taxonomy":"product_tag","embeddable":true,"href":"https:\/\/naturalpoland.com\/tr\/wp-json\/wp\/v2\/product_tag?post=46681"}],"curies":[{"name":"wp","href":"https:\/\/api.w.org\/{rel}","templated":true}]}}