{"id":46683,"date":"2023-12-20T16:37:56","date_gmt":"2023-12-20T15:37:56","guid":{"rendered":"https:\/\/naturalpoland.com\/produkty\/kategorilenmemis\/dipeptit-diaminobutiril-benzilamid-diasetat\/"},"modified":"2026-03-10T16:07:42","modified_gmt":"2026-03-10T15:07:42","slug":"dipeptit-diaminobutiril-benzilamid-diasetat","status":"publish","type":"product","link":"https:\/\/naturalpoland.com\/tr\/urunler\/kozmetik-hammaddeleri\/peptitler\/dipeptit-diaminobutiril-benzilamid-diasetat\/","title":{"rendered":"Dipeptit Diaminob\u00fctiril Benzilamid Diasetat"},"content":{"rendered":"<p><strong>Etkinlik:<\/strong><\/p>\n<p>30-50 ya\u015f aras\u0131 30 ki\u015fiyle yap\u0131lan \u00e7al\u0131\u015fmalarda, %0,2 DDBD \u00e7\u00f6zeltisi i\u00e7eren bir losyonun d\u00f6rt hafta boyunca g\u00fcnde iki kez uygulanmas\u0131n\u0131n k\u0131r\u0131\u015f\u0131kl\u0131klar\u0131 \u00f6nemli \u00f6l\u00e7\u00fcde azaltt\u0131\u011f\u0131, cilt dokusunu ve g\u00f6z \u00e7evresinin genel g\u00f6r\u00fcn\u00fcm\u00fcn\u00fc iyile\u015ftirdi\u011fi tespit edilmi\u015ftir.<\/p>\n<p><strong>Etki Mekanizmas\u0131:<\/strong><\/p>\n<p>Dipeptit Diaminob\u00fctiril Benzilamid Diasetat, asetilkolinin aktivasyonunu inhibe ederek nmAchR resept\u00f6r\u00fcn\u00fcn geri d\u00f6n\u00fc\u015f\u00fcml\u00fc bir antagonistidir; bu da mimik kaslar\u0131n\u0131n gev\u015femesine ve k\u0131r\u0131\u015f\u0131kl\u0131klar\u0131n p\u00fcr\u00fczs\u00fczle\u015fmesine yol a\u00e7ar.<\/p>\n<p><strong>Uygulama Alanlar\u0131:<\/strong><\/p>\n<p>G\u00f6z alt\u0131 serumlar\u0131, losyonlar, y\u00fcz kremleri gibi kozmetik ve cilt bak\u0131m \u00fcr\u00fcnlerinde k\u0131r\u0131\u015f\u0131kl\u0131k kar\u015f\u0131t\u0131, antioksidan ve cilt s\u0131k\u0131la\u015ft\u0131r\u0131c\u0131 etki sunarak tavsiye edilir.<\/p>\n","protected":false},"excerpt":{"rendered":"<p>Dipeptit Diaminob\u00fctiril Benzilamid Diasetat, asetilkolinin resept\u00f6re ba\u011flanmas\u0131n\u0131 bloke ederek etki g\u00f6sterir; bu da kaslar\u0131n gev\u015femesine ve nazolabial k\u0131vr\u0131mlar, al\u0131n k\u0131r\u0131\u015f\u0131kl\u0131klar\u0131 veya g\u00f6z \u00e7evresi k\u0131r\u0131\u015f\u0131kl\u0131klar\u0131 gibi k\u0131r\u0131\u015f\u0131kl\u0131klar\u0131n h\u0131zla p\u00fcr\u00fczs\u00fczle\u015fmesine yol a\u00e7arak cildin p\u00fcr\u00fczs\u00fczle\u015fmesini ve elastikiyetinin artmas\u0131n\u0131 sa\u011flar.<\/p>\n","protected":false},"featured_media":46684,"template":"","meta":{"_acf_changed":false},"product_brand":[],"product_cat":[9554],"product_tag":[],"class_list":{"0":"post-46683","1":"product","2":"type-product","3":"status-publish","4":"has-post-thumbnail","6":"product_cat-peptitler","7":"pa_metoda-pozyskiwania-biyolojik-fermantasyon","9":"first","10":"instock","11":"shipping-taxable","12":"product-type-simple"},"acf":[],"yoast_head":"<!-- This site is optimized with the Yoast SEO plugin v27.4 - https:\/\/yoast.com\/product\/yoast-seo-wordpress\/ -->\n<title>Dipeptit Diaminob\u00fctiril Benzilamid Diasetat - Hurtowy Dystrybutor<\/title>\n<meta name=\"description\" content=\"Dipeptit Diaminob\u00fctiril Benzilamid Diasetat, asetilkolin arac\u0131l\u0131\u011f\u0131yla aktivasyonu inhibe eden, nmAchR resept\u00f6r\u00fcn\u00fcn geri d\u00f6n\u00fc\u015f\u00fcml\u00fc bir antagonistidir.\" \/>\n<meta name=\"robots\" content=\"index, follow, max-snippet:-1, max-image-preview:large, max-video-preview:-1\" \/>\n<link rel=\"canonical\" href=\"https:\/\/naturalpoland.com\/tr\/urunler\/kozmetik-hammaddeleri\/peptitler\/dipeptit-diaminobutiril-benzilamid-diasetat\/\" \/>\n<meta property=\"og:locale\" content=\"tr_TR\" \/>\n<meta property=\"og:type\" content=\"article\" \/>\n<meta property=\"og:title\" content=\"Dipeptit Diaminob\u00fctiril Benzilamid Diasetat - Hurtowy Dystrybutor\" \/>\n<meta property=\"og:description\" content=\"Dipeptit Diaminob\u00fctiril Benzilamid Diasetat, asetilkolin arac\u0131l\u0131\u011f\u0131yla aktivasyonu inhibe eden, nmAchR resept\u00f6r\u00fcn\u00fcn geri d\u00f6n\u00fc\u015f\u00fcml\u00fc bir antagonistidir.\" \/>\n<meta property=\"og:url\" content=\"https:\/\/naturalpoland.com\/tr\/urunler\/kozmetik-hammaddeleri\/peptitler\/dipeptit-diaminobutiril-benzilamid-diasetat\/\" \/>\n<meta property=\"og:site_name\" content=\"NATURAL POLAND - Hurtowy Dystrybutor Surowc\u00f3w\" \/>\n<meta property=\"article:publisher\" content=\"https:\/\/www.facebook.com\/naturalpoland.b2b\" \/>\n<meta property=\"article:modified_time\" content=\"2026-03-10T15:07:42+00:00\" \/>\n<meta property=\"og:image\" content=\"https:\/\/naturalpoland.com\/wp-content\/uploads\/dipeptide_diaminobutyroyl_benzylamide_diacetate.webp\" \/>\n\t<meta property=\"og:image:width\" content=\"1024\" \/>\n\t<meta property=\"og:image:height\" content=\"1024\" \/>\n\t<meta property=\"og:image:type\" content=\"image\/webp\" \/>\n<script type=\"application\/ld+json\" class=\"yoast-schema-graph\">{\"@context\":\"https:\\\/\\\/schema.org\",\"@graph\":[{\"@type\":\"WebPage\",\"@id\":\"https:\\\/\\\/naturalpoland.com\\\/tr\\\/urunler\\\/kozmetik-hammaddeleri\\\/peptitler\\\/dipeptit-diaminobutiril-benzilamid-diasetat\\\/\",\"url\":\"https:\\\/\\\/naturalpoland.com\\\/tr\\\/urunler\\\/kozmetik-hammaddeleri\\\/peptitler\\\/dipeptit-diaminobutiril-benzilamid-diasetat\\\/\",\"name\":\"Dipeptit Diaminob\u00fctiril Benzilamid Diasetat - Hurtowy Dystrybutor\",\"isPartOf\":{\"@id\":\"https:\\\/\\\/naturalpoland.com\\\/tr\\\/#website\"},\"primaryImageOfPage\":{\"@id\":\"https:\\\/\\\/naturalpoland.com\\\/tr\\\/urunler\\\/kozmetik-hammaddeleri\\\/peptitler\\\/dipeptit-diaminobutiril-benzilamid-diasetat\\\/#primaryimage\"},\"image\":{\"@id\":\"https:\\\/\\\/naturalpoland.com\\\/tr\\\/urunler\\\/kozmetik-hammaddeleri\\\/peptitler\\\/dipeptit-diaminobutiril-benzilamid-diasetat\\\/#primaryimage\"},\"thumbnailUrl\":\"https:\\\/\\\/naturalpoland.com\\\/wp-content\\\/uploads\\\/dipeptide_diaminobutyroyl_benzylamide_diacetate.webp\",\"datePublished\":\"2023-12-20T15:37:56+00:00\",\"dateModified\":\"2026-03-10T15:07:42+00:00\",\"description\":\"Dipeptit Diaminob\u00fctiril Benzilamid Diasetat, asetilkolin arac\u0131l\u0131\u011f\u0131yla aktivasyonu inhibe eden, nmAchR resept\u00f6r\u00fcn\u00fcn geri d\u00f6n\u00fc\u015f\u00fcml\u00fc bir antagonistidir.\",\"breadcrumb\":{\"@id\":\"https:\\\/\\\/naturalpoland.com\\\/tr\\\/urunler\\\/kozmetik-hammaddeleri\\\/peptitler\\\/dipeptit-diaminobutiril-benzilamid-diasetat\\\/#breadcrumb\"},\"inLanguage\":\"tr\",\"potentialAction\":[{\"@type\":\"ReadAction\",\"target\":[\"https:\\\/\\\/naturalpoland.com\\\/tr\\\/urunler\\\/kozmetik-hammaddeleri\\\/peptitler\\\/dipeptit-diaminobutiril-benzilamid-diasetat\\\/\"]}]},{\"@type\":\"ImageObject\",\"inLanguage\":\"tr\",\"@id\":\"https:\\\/\\\/naturalpoland.com\\\/tr\\\/urunler\\\/kozmetik-hammaddeleri\\\/peptitler\\\/dipeptit-diaminobutiril-benzilamid-diasetat\\\/#primaryimage\",\"url\":\"https:\\\/\\\/naturalpoland.com\\\/wp-content\\\/uploads\\\/dipeptide_diaminobutyroyl_benzylamide_diacetate.webp\",\"contentUrl\":\"https:\\\/\\\/naturalpoland.com\\\/wp-content\\\/uploads\\\/dipeptide_diaminobutyroyl_benzylamide_diacetate.webp\",\"width\":1024,\"height\":1024,\"caption\":\"Dipeptit Diaminob\u00fctiril Benzilamid Diasetat\"},{\"@type\":\"BreadcrumbList\",\"@id\":\"https:\\\/\\\/naturalpoland.com\\\/tr\\\/urunler\\\/kozmetik-hammaddeleri\\\/peptitler\\\/dipeptit-diaminobutiril-benzilamid-diasetat\\\/#breadcrumb\",\"itemListElement\":[{\"@type\":\"ListItem\",\"position\":1,\"name\":\"Ana Sayfa\",\"item\":\"https:\\\/\\\/naturalpoland.com\\\/tr\\\/\"},{\"@type\":\"ListItem\",\"position\":2,\"name\":\"\u00dcr\u00fcnler\",\"item\":\"https:\\\/\\\/naturalpoland.com\\\/tr\\\/urunler\\\/\"},{\"@type\":\"ListItem\",\"position\":3,\"name\":\"Dipeptit Diaminob\u00fctiril Benzilamid Diasetat\"}]},{\"@type\":\"WebSite\",\"@id\":\"https:\\\/\\\/naturalpoland.com\\\/tr\\\/#website\",\"url\":\"https:\\\/\\\/naturalpoland.com\\\/tr\\\/\",\"name\":\"NATURAL POLAND - Hurtowy Dystrybutor Surowc\u00f3w\",\"description\":\"Surowce dla przemys\u0142u spo\u017cywczego, kosmetycznego i farmaceutycznego\",\"publisher\":{\"@id\":\"https:\\\/\\\/naturalpoland.com\\\/tr\\\/#organization\"},\"potentialAction\":[{\"@type\":\"SearchAction\",\"target\":{\"@type\":\"EntryPoint\",\"urlTemplate\":\"https:\\\/\\\/naturalpoland.com\\\/tr\\\/?s={search_term_string}\"},\"query-input\":{\"@type\":\"PropertyValueSpecification\",\"valueRequired\":true,\"valueName\":\"search_term_string\"}}],\"inLanguage\":\"tr\"},{\"@type\":\"Organization\",\"@id\":\"https:\\\/\\\/naturalpoland.com\\\/tr\\\/#organization\",\"name\":\"Natural Poland\",\"url\":\"https:\\\/\\\/naturalpoland.com\\\/tr\\\/\",\"logo\":{\"@type\":\"ImageObject\",\"inLanguage\":\"tr\",\"@id\":\"https:\\\/\\\/naturalpoland.com\\\/tr\\\/#\\\/schema\\\/logo\\\/image\\\/\",\"url\":\"https:\\\/\\\/naturalpoland.com\\\/wp-content\\\/uploads\\\/2021\\\/05\\\/natural-poland-icon.png\",\"contentUrl\":\"https:\\\/\\\/naturalpoland.com\\\/wp-content\\\/uploads\\\/2021\\\/05\\\/natural-poland-icon.png\",\"width\":512,\"height\":512,\"caption\":\"Natural Poland\"},\"image\":{\"@id\":\"https:\\\/\\\/naturalpoland.com\\\/tr\\\/#\\\/schema\\\/logo\\\/image\\\/\"},\"sameAs\":[\"https:\\\/\\\/www.facebook.com\\\/naturalpoland.b2b\",\"https:\\\/\\\/pl.linkedin.com\\\/company\\\/natural-poland\",\"https:\\\/\\\/www.youtube.com\\\/channel\\\/UCgeGGkvOMahZo-xu_MSEWxg\"]}]}<\/script>\n<!-- \/ Yoast SEO plugin. -->","yoast_head_json":{"title":"Dipeptit Diaminob\u00fctiril Benzilamid Diasetat - Hurtowy Dystrybutor","description":"Dipeptit Diaminob\u00fctiril Benzilamid Diasetat, asetilkolin arac\u0131l\u0131\u011f\u0131yla aktivasyonu inhibe eden, nmAchR resept\u00f6r\u00fcn\u00fcn geri d\u00f6n\u00fc\u015f\u00fcml\u00fc bir antagonistidir.","robots":{"index":"index","follow":"follow","max-snippet":"max-snippet:-1","max-image-preview":"max-image-preview:large","max-video-preview":"max-video-preview:-1"},"canonical":"https:\/\/naturalpoland.com\/tr\/urunler\/kozmetik-hammaddeleri\/peptitler\/dipeptit-diaminobutiril-benzilamid-diasetat\/","og_locale":"tr_TR","og_type":"article","og_title":"Dipeptit Diaminob\u00fctiril Benzilamid Diasetat - Hurtowy Dystrybutor","og_description":"Dipeptit Diaminob\u00fctiril Benzilamid Diasetat, asetilkolin arac\u0131l\u0131\u011f\u0131yla aktivasyonu inhibe eden, nmAchR resept\u00f6r\u00fcn\u00fcn geri d\u00f6n\u00fc\u015f\u00fcml\u00fc bir antagonistidir.","og_url":"https:\/\/naturalpoland.com\/tr\/urunler\/kozmetik-hammaddeleri\/peptitler\/dipeptit-diaminobutiril-benzilamid-diasetat\/","og_site_name":"NATURAL POLAND - Hurtowy Dystrybutor Surowc\u00f3w","article_publisher":"https:\/\/www.facebook.com\/naturalpoland.b2b","article_modified_time":"2026-03-10T15:07:42+00:00","og_image":[{"width":1024,"height":1024,"url":"https:\/\/naturalpoland.com\/wp-content\/uploads\/dipeptide_diaminobutyroyl_benzylamide_diacetate.webp","type":"image\/webp"}],"schema":{"@context":"https:\/\/schema.org","@graph":[{"@type":"WebPage","@id":"https:\/\/naturalpoland.com\/tr\/urunler\/kozmetik-hammaddeleri\/peptitler\/dipeptit-diaminobutiril-benzilamid-diasetat\/","url":"https:\/\/naturalpoland.com\/tr\/urunler\/kozmetik-hammaddeleri\/peptitler\/dipeptit-diaminobutiril-benzilamid-diasetat\/","name":"Dipeptit Diaminob\u00fctiril Benzilamid Diasetat - Hurtowy Dystrybutor","isPartOf":{"@id":"https:\/\/naturalpoland.com\/tr\/#website"},"primaryImageOfPage":{"@id":"https:\/\/naturalpoland.com\/tr\/urunler\/kozmetik-hammaddeleri\/peptitler\/dipeptit-diaminobutiril-benzilamid-diasetat\/#primaryimage"},"image":{"@id":"https:\/\/naturalpoland.com\/tr\/urunler\/kozmetik-hammaddeleri\/peptitler\/dipeptit-diaminobutiril-benzilamid-diasetat\/#primaryimage"},"thumbnailUrl":"https:\/\/naturalpoland.com\/wp-content\/uploads\/dipeptide_diaminobutyroyl_benzylamide_diacetate.webp","datePublished":"2023-12-20T15:37:56+00:00","dateModified":"2026-03-10T15:07:42+00:00","description":"Dipeptit Diaminob\u00fctiril Benzilamid Diasetat, asetilkolin arac\u0131l\u0131\u011f\u0131yla aktivasyonu inhibe eden, nmAchR resept\u00f6r\u00fcn\u00fcn geri d\u00f6n\u00fc\u015f\u00fcml\u00fc bir antagonistidir.","breadcrumb":{"@id":"https:\/\/naturalpoland.com\/tr\/urunler\/kozmetik-hammaddeleri\/peptitler\/dipeptit-diaminobutiril-benzilamid-diasetat\/#breadcrumb"},"inLanguage":"tr","potentialAction":[{"@type":"ReadAction","target":["https:\/\/naturalpoland.com\/tr\/urunler\/kozmetik-hammaddeleri\/peptitler\/dipeptit-diaminobutiril-benzilamid-diasetat\/"]}]},{"@type":"ImageObject","inLanguage":"tr","@id":"https:\/\/naturalpoland.com\/tr\/urunler\/kozmetik-hammaddeleri\/peptitler\/dipeptit-diaminobutiril-benzilamid-diasetat\/#primaryimage","url":"https:\/\/naturalpoland.com\/wp-content\/uploads\/dipeptide_diaminobutyroyl_benzylamide_diacetate.webp","contentUrl":"https:\/\/naturalpoland.com\/wp-content\/uploads\/dipeptide_diaminobutyroyl_benzylamide_diacetate.webp","width":1024,"height":1024,"caption":"Dipeptit Diaminob\u00fctiril Benzilamid Diasetat"},{"@type":"BreadcrumbList","@id":"https:\/\/naturalpoland.com\/tr\/urunler\/kozmetik-hammaddeleri\/peptitler\/dipeptit-diaminobutiril-benzilamid-diasetat\/#breadcrumb","itemListElement":[{"@type":"ListItem","position":1,"name":"Ana Sayfa","item":"https:\/\/naturalpoland.com\/tr\/"},{"@type":"ListItem","position":2,"name":"\u00dcr\u00fcnler","item":"https:\/\/naturalpoland.com\/tr\/urunler\/"},{"@type":"ListItem","position":3,"name":"Dipeptit Diaminob\u00fctiril Benzilamid Diasetat"}]},{"@type":"WebSite","@id":"https:\/\/naturalpoland.com\/tr\/#website","url":"https:\/\/naturalpoland.com\/tr\/","name":"NATURAL POLAND - Hurtowy Dystrybutor Surowc\u00f3w","description":"Surowce dla przemys\u0142u spo\u017cywczego, kosmetycznego i farmaceutycznego","publisher":{"@id":"https:\/\/naturalpoland.com\/tr\/#organization"},"potentialAction":[{"@type":"SearchAction","target":{"@type":"EntryPoint","urlTemplate":"https:\/\/naturalpoland.com\/tr\/?s={search_term_string}"},"query-input":{"@type":"PropertyValueSpecification","valueRequired":true,"valueName":"search_term_string"}}],"inLanguage":"tr"},{"@type":"Organization","@id":"https:\/\/naturalpoland.com\/tr\/#organization","name":"Natural Poland","url":"https:\/\/naturalpoland.com\/tr\/","logo":{"@type":"ImageObject","inLanguage":"tr","@id":"https:\/\/naturalpoland.com\/tr\/#\/schema\/logo\/image\/","url":"https:\/\/naturalpoland.com\/wp-content\/uploads\/2021\/05\/natural-poland-icon.png","contentUrl":"https:\/\/naturalpoland.com\/wp-content\/uploads\/2021\/05\/natural-poland-icon.png","width":512,"height":512,"caption":"Natural Poland"},"image":{"@id":"https:\/\/naturalpoland.com\/tr\/#\/schema\/logo\/image\/"},"sameAs":["https:\/\/www.facebook.com\/naturalpoland.b2b","https:\/\/pl.linkedin.com\/company\/natural-poland","https:\/\/www.youtube.com\/channel\/UCgeGGkvOMahZo-xu_MSEWxg"]}]}},"_links":{"self":[{"href":"https:\/\/naturalpoland.com\/tr\/wp-json\/wp\/v2\/product\/46683","targetHints":{"allow":["GET"]}}],"collection":[{"href":"https:\/\/naturalpoland.com\/tr\/wp-json\/wp\/v2\/product"}],"about":[{"href":"https:\/\/naturalpoland.com\/tr\/wp-json\/wp\/v2\/types\/product"}],"wp:featuredmedia":[{"embeddable":true,"href":"https:\/\/naturalpoland.com\/tr\/wp-json\/wp\/v2\/media\/46684"}],"wp:attachment":[{"href":"https:\/\/naturalpoland.com\/tr\/wp-json\/wp\/v2\/media?parent=46683"}],"wp:term":[{"taxonomy":"product_brand","embeddable":true,"href":"https:\/\/naturalpoland.com\/tr\/wp-json\/wp\/v2\/product_brand?post=46683"},{"taxonomy":"product_cat","embeddable":true,"href":"https:\/\/naturalpoland.com\/tr\/wp-json\/wp\/v2\/product_cat?post=46683"},{"taxonomy":"product_tag","embeddable":true,"href":"https:\/\/naturalpoland.com\/tr\/wp-json\/wp\/v2\/product_tag?post=46683"}],"curies":[{"name":"wp","href":"https:\/\/api.w.org\/{rel}","templated":true}]}}