{"id":46697,"date":"2026-03-10T16:03:18","date_gmt":"2026-03-10T15:03:18","guid":{"rendered":"https:\/\/naturalpoland.com\/produkty\/kategorilenmemis\/antep-fistigi-ozutu\/"},"modified":"2026-03-12T15:01:17","modified_gmt":"2026-03-12T14:01:17","slug":"antep-fistigi-ozutu","status":"publish","type":"product","link":"https:\/\/naturalpoland.com\/tr\/urunler\/bitkisel-ekstraktlar\/antep-fistigi-ozutu\/","title":{"rendered":"Antep F\u0131st\u0131\u011f\u0131 \u00d6z\u00fct\u00fc"},"content":{"rendered":"<h2>Antep f\u0131st\u0131\u011f\u0131 \u00f6z\u00fct\u00fcn\u00fcn \u00f6zellikleri ve etkisi<\/h2>\n<p>Antep f\u0131st\u0131\u011f\u0131, antioksidanlar, fenolik bile\u015fikler ve do\u011fal fitoaktif maddeler dahil olmak \u00fczere bir\u00e7ok biyoaktif bile\u015fenin zengin bir kayna\u011f\u0131d\u0131r. Bu sayede antep f\u0131st\u0131\u011f\u0131 \u00f6z\u00fct\u00fc antioksidan \u00f6zellikler g\u00f6stererek serbest radikalleri n\u00f6tralize etmeye ve h\u00fccreleri oksidatif strese kar\u015f\u0131 korumaya yard\u0131mc\u0131 olur. <\/p>\n<p>Bu hammaddenin en \u00f6nemli ay\u0131rt edici \u00f6zelli\u011fi, uyku-uyan\u0131kl\u0131k d\u00f6ng\u00fcs\u00fcn\u00fcn d\u00fczenlenmesinde rol oynayan bitkisel melatonin i\u00e7eri\u011fidir. Bu nedenle antep f\u0131st\u0131\u011f\u0131 \u00f6z\u00fct\u00fc, d\u00fczenli sirkadiyen ritme \u00f6nem veren ki\u015filer i\u00e7in tasarlanm\u0131\u015f takviye g\u0131dalarda ve sa\u011fl\u0131kl\u0131 uykuyu destekleyen preparatlar\u0131n bile\u015feni olarak kullan\u0131lmaktad\u0131r. <\/p>\n<p>Melatonin ayr\u0131ca uyku s\u0131ras\u0131nda ger\u00e7ekle\u015fen v\u00fccudun rejenerasyon s\u00fcre\u00e7lerini de etkileyebilir, bu nedenle bu bile\u015fi\u011fin do\u011fal kaynaklar\u0131n\u0131 i\u00e7eren maddeler genellikle gece dinlenmesinin kalitesini art\u0131rmaya y\u00f6nelik preparatlarda kullan\u0131lmaktad\u0131r.<\/p>\n<p>Bunun yan\u0131 s\u0131ra antep f\u0131st\u0131\u011f\u0131 \u00f6z\u00fct\u00fc, v\u00fccudun d\u00fczg\u00fcn i\u015fleyi\u015fini ve metabolik s\u00fcre\u00e7leri destekleyebilen antep f\u0131st\u0131\u011f\u0131na \u00f6zg\u00fc do\u011fal besin bile\u015fenleri i\u00e7ermektedir.<\/p>\n<h2>Antep f\u0131st\u0131\u011f\u0131 \u00f6z\u00fct\u00fcn\u00fcn kullan\u0131m alanlar\u0131<\/h2>\n<p>Antep f\u0131st\u0131\u011f\u0131 \u00f6z\u00fct\u00fc ba\u015fl\u0131ca \u015fu alanlarda kullan\u0131lmaktad\u0131r:<\/p>\n<ul>\n<li>sa\u011fl\u0131kl\u0131 uykuyu destekleyen takviye g\u0131dalar,<\/li>\n<li>sirkadiyen ritim d\u00fczenlemesini destekleyen preparatlar,<\/li>\n<li>antioksidan etkili n\u00fctras\u00f6tik \u00fcr\u00fcnler,<\/li>\n<li>&#8220;<em>sleep support<\/em>&#8221; tipi fonksiyonel kar\u0131\u015f\u0131mlar,<\/li>\n<li>toz form\u00fclasyonlar ve kaps\u00fcl takviyeler.<\/li>\n<\/ul>\n","protected":false},"excerpt":{"rendered":"<p><strong>Antep f\u0131st\u0131\u011f\u0131 \u00f6z\u00fct\u00fc<\/strong>, \u00f6ncelikle de\u011ferli besin bile\u015fenlerinin kayna\u011f\u0131 olarak bilinen <em>Pistacia vera L.<\/em> a\u011fac\u0131n\u0131n tohumlar\u0131ndan elde edilmektedir. \u00d6z\u00fct, <strong>antep f\u0131st\u0131\u011f\u0131nda do\u011fal olarak bulunan ve v\u00fccudun sirkadiyen ritminin d\u00fczenlenmesinde \u00f6nemli bir rol oynayan biyolojik olarak aktif bir bile\u015fik olan bitkisel melatoninin<\/strong> standardize edilmi\u015f i\u00e7eri\u011fini bar\u0131nd\u0131rmaktad\u0131r. <\/p>\n","protected":false},"featured_media":46698,"template":"","meta":{"_acf_changed":false},"product_brand":[],"product_cat":[9531],"product_tag":[],"class_list":{"0":"post-46697","1":"product","2":"type-product","3":"status-publish","4":"has-post-thumbnail","6":"product_cat-bitkisel-ekstraktlar","7":"pa_czesc-rosliny-cekirdek","9":"first","10":"instock","11":"shipping-taxable","12":"product-type-simple"},"acf":[],"yoast_head":"<!-- This site is optimized with the Yoast SEO plugin v27.5 - https:\/\/yoast.com\/product\/yoast-seo-wordpress\/ -->\n<title>Antep F\u0131st\u0131\u011f\u0131 \u00d6z\u00fct\u00fc - Hurtowy Dystrybutor<\/title>\n<meta name=\"description\" content=\"Bitkisel melatonin i\u00e7eri\u011fi a\u00e7\u0131s\u0131ndan standardize edilmi\u015f antep f\u0131st\u0131\u011f\u0131 \u00f6z\u00fct\u00fc \u2013 sa\u011fl\u0131kl\u0131 uykuyu ve sirkadiyen ritim d\u00fczenlemesini destekleyen takviyeler i\u00e7in hammadde.\" \/>\n<meta name=\"robots\" content=\"index, follow, max-snippet:-1, max-image-preview:large, max-video-preview:-1\" \/>\n<link rel=\"canonical\" href=\"https:\/\/naturalpoland.com\/tr\/urunler\/bitkisel-ekstraktlar\/antep-fistigi-ozutu\/\" \/>\n<meta property=\"og:locale\" content=\"tr_TR\" \/>\n<meta property=\"og:type\" content=\"article\" \/>\n<meta property=\"og:title\" content=\"Antep F\u0131st\u0131\u011f\u0131 \u00d6z\u00fct\u00fc - Hurtowy Dystrybutor\" \/>\n<meta property=\"og:description\" content=\"Bitkisel melatonin i\u00e7eri\u011fi a\u00e7\u0131s\u0131ndan standardize edilmi\u015f antep f\u0131st\u0131\u011f\u0131 \u00f6z\u00fct\u00fc \u2013 sa\u011fl\u0131kl\u0131 uykuyu ve sirkadiyen ritim d\u00fczenlemesini destekleyen takviyeler i\u00e7in hammadde.\" \/>\n<meta property=\"og:url\" content=\"https:\/\/naturalpoland.com\/tr\/urunler\/bitkisel-ekstraktlar\/antep-fistigi-ozutu\/\" \/>\n<meta property=\"og:site_name\" content=\"NATURAL POLAND - Hurtowy Dystrybutor Surowc\u00f3w\" \/>\n<meta property=\"article:publisher\" content=\"https:\/\/www.facebook.com\/naturalpoland.b2b\" \/>\n<meta property=\"article:modified_time\" content=\"2026-03-12T14:01:17+00:00\" \/>\n<meta property=\"og:image\" content=\"https:\/\/naturalpoland.com\/wp-content\/uploads\/ekstrakt-z-pistacji.png\" \/>\n\t<meta property=\"og:image:width\" content=\"1024\" \/>\n\t<meta property=\"og:image:height\" content=\"1024\" \/>\n\t<meta property=\"og:image:type\" content=\"image\/png\" \/>\n<script type=\"application\/ld+json\" class=\"yoast-schema-graph\">{\"@context\":\"https:\\\/\\\/schema.org\",\"@graph\":[{\"@type\":\"WebPage\",\"@id\":\"https:\\\/\\\/naturalpoland.com\\\/tr\\\/urunler\\\/bitkisel-ekstraktlar\\\/antep-fistigi-ozutu\\\/\",\"url\":\"https:\\\/\\\/naturalpoland.com\\\/tr\\\/urunler\\\/bitkisel-ekstraktlar\\\/antep-fistigi-ozutu\\\/\",\"name\":\"Antep F\u0131st\u0131\u011f\u0131 \u00d6z\u00fct\u00fc - Hurtowy Dystrybutor\",\"isPartOf\":{\"@id\":\"https:\\\/\\\/naturalpoland.com\\\/tr\\\/#website\"},\"primaryImageOfPage\":{\"@id\":\"https:\\\/\\\/naturalpoland.com\\\/tr\\\/urunler\\\/bitkisel-ekstraktlar\\\/antep-fistigi-ozutu\\\/#primaryimage\"},\"image\":{\"@id\":\"https:\\\/\\\/naturalpoland.com\\\/tr\\\/urunler\\\/bitkisel-ekstraktlar\\\/antep-fistigi-ozutu\\\/#primaryimage\"},\"thumbnailUrl\":\"https:\\\/\\\/naturalpoland.com\\\/wp-content\\\/uploads\\\/ekstrakt-z-pistacji.png\",\"datePublished\":\"2026-03-10T15:03:18+00:00\",\"dateModified\":\"2026-03-12T14:01:17+00:00\",\"description\":\"Bitkisel melatonin i\u00e7eri\u011fi a\u00e7\u0131s\u0131ndan standardize edilmi\u015f antep f\u0131st\u0131\u011f\u0131 \u00f6z\u00fct\u00fc \u2013 sa\u011fl\u0131kl\u0131 uykuyu ve sirkadiyen ritim d\u00fczenlemesini destekleyen takviyeler i\u00e7in hammadde.\",\"breadcrumb\":{\"@id\":\"https:\\\/\\\/naturalpoland.com\\\/tr\\\/urunler\\\/bitkisel-ekstraktlar\\\/antep-fistigi-ozutu\\\/#breadcrumb\"},\"inLanguage\":\"tr\",\"potentialAction\":[{\"@type\":\"ReadAction\",\"target\":[\"https:\\\/\\\/naturalpoland.com\\\/tr\\\/urunler\\\/bitkisel-ekstraktlar\\\/antep-fistigi-ozutu\\\/\"]}]},{\"@type\":\"ImageObject\",\"inLanguage\":\"tr\",\"@id\":\"https:\\\/\\\/naturalpoland.com\\\/tr\\\/urunler\\\/bitkisel-ekstraktlar\\\/antep-fistigi-ozutu\\\/#primaryimage\",\"url\":\"https:\\\/\\\/naturalpoland.com\\\/wp-content\\\/uploads\\\/ekstrakt-z-pistacji.png\",\"contentUrl\":\"https:\\\/\\\/naturalpoland.com\\\/wp-content\\\/uploads\\\/ekstrakt-z-pistacji.png\",\"width\":1024,\"height\":1024,\"caption\":\"antep f\u0131st\u0131\u011f\u0131 \u00f6z\u00fct\u00fc\"},{\"@type\":\"BreadcrumbList\",\"@id\":\"https:\\\/\\\/naturalpoland.com\\\/tr\\\/urunler\\\/bitkisel-ekstraktlar\\\/antep-fistigi-ozutu\\\/#breadcrumb\",\"itemListElement\":[{\"@type\":\"ListItem\",\"position\":1,\"name\":\"Ana Sayfa\",\"item\":\"https:\\\/\\\/naturalpoland.com\\\/tr\\\/\"},{\"@type\":\"ListItem\",\"position\":2,\"name\":\"\u00dcr\u00fcnler\",\"item\":\"https:\\\/\\\/naturalpoland.com\\\/tr\\\/urunler\\\/\"},{\"@type\":\"ListItem\",\"position\":3,\"name\":\"Antep F\u0131st\u0131\u011f\u0131 \u00d6z\u00fct\u00fc\"}]},{\"@type\":\"WebSite\",\"@id\":\"https:\\\/\\\/naturalpoland.com\\\/tr\\\/#website\",\"url\":\"https:\\\/\\\/naturalpoland.com\\\/tr\\\/\",\"name\":\"NATURAL POLAND - Hurtowy Dystrybutor Surowc\u00f3w\",\"description\":\"Surowce dla przemys\u0142u spo\u017cywczego, kosmetycznego i farmaceutycznego\",\"publisher\":{\"@id\":\"https:\\\/\\\/naturalpoland.com\\\/tr\\\/#organization\"},\"potentialAction\":[{\"@type\":\"SearchAction\",\"target\":{\"@type\":\"EntryPoint\",\"urlTemplate\":\"https:\\\/\\\/naturalpoland.com\\\/tr\\\/?s={search_term_string}\"},\"query-input\":{\"@type\":\"PropertyValueSpecification\",\"valueRequired\":true,\"valueName\":\"search_term_string\"}}],\"inLanguage\":\"tr\"},{\"@type\":\"Organization\",\"@id\":\"https:\\\/\\\/naturalpoland.com\\\/tr\\\/#organization\",\"name\":\"Natural Poland\",\"url\":\"https:\\\/\\\/naturalpoland.com\\\/tr\\\/\",\"logo\":{\"@type\":\"ImageObject\",\"inLanguage\":\"tr\",\"@id\":\"https:\\\/\\\/naturalpoland.com\\\/tr\\\/#\\\/schema\\\/logo\\\/image\\\/\",\"url\":\"https:\\\/\\\/naturalpoland.com\\\/wp-content\\\/uploads\\\/2021\\\/05\\\/natural-poland-icon.png\",\"contentUrl\":\"https:\\\/\\\/naturalpoland.com\\\/wp-content\\\/uploads\\\/2021\\\/05\\\/natural-poland-icon.png\",\"width\":512,\"height\":512,\"caption\":\"Natural Poland\"},\"image\":{\"@id\":\"https:\\\/\\\/naturalpoland.com\\\/tr\\\/#\\\/schema\\\/logo\\\/image\\\/\"},\"sameAs\":[\"https:\\\/\\\/www.facebook.com\\\/naturalpoland.b2b\",\"https:\\\/\\\/pl.linkedin.com\\\/company\\\/natural-poland\",\"https:\\\/\\\/www.youtube.com\\\/channel\\\/UCgeGGkvOMahZo-xu_MSEWxg\"]}]}<\/script>\n<!-- \/ Yoast SEO plugin. -->","yoast_head_json":{"title":"Antep F\u0131st\u0131\u011f\u0131 \u00d6z\u00fct\u00fc - Hurtowy Dystrybutor","description":"Bitkisel melatonin i\u00e7eri\u011fi a\u00e7\u0131s\u0131ndan standardize edilmi\u015f antep f\u0131st\u0131\u011f\u0131 \u00f6z\u00fct\u00fc \u2013 sa\u011fl\u0131kl\u0131 uykuyu ve sirkadiyen ritim d\u00fczenlemesini destekleyen takviyeler i\u00e7in hammadde.","robots":{"index":"index","follow":"follow","max-snippet":"max-snippet:-1","max-image-preview":"max-image-preview:large","max-video-preview":"max-video-preview:-1"},"canonical":"https:\/\/naturalpoland.com\/tr\/urunler\/bitkisel-ekstraktlar\/antep-fistigi-ozutu\/","og_locale":"tr_TR","og_type":"article","og_title":"Antep F\u0131st\u0131\u011f\u0131 \u00d6z\u00fct\u00fc - Hurtowy Dystrybutor","og_description":"Bitkisel melatonin i\u00e7eri\u011fi a\u00e7\u0131s\u0131ndan standardize edilmi\u015f antep f\u0131st\u0131\u011f\u0131 \u00f6z\u00fct\u00fc \u2013 sa\u011fl\u0131kl\u0131 uykuyu ve sirkadiyen ritim d\u00fczenlemesini destekleyen takviyeler i\u00e7in hammadde.","og_url":"https:\/\/naturalpoland.com\/tr\/urunler\/bitkisel-ekstraktlar\/antep-fistigi-ozutu\/","og_site_name":"NATURAL POLAND - Hurtowy Dystrybutor Surowc\u00f3w","article_publisher":"https:\/\/www.facebook.com\/naturalpoland.b2b","article_modified_time":"2026-03-12T14:01:17+00:00","og_image":[{"width":1024,"height":1024,"url":"https:\/\/naturalpoland.com\/wp-content\/uploads\/ekstrakt-z-pistacji.png","type":"image\/png"}],"schema":{"@context":"https:\/\/schema.org","@graph":[{"@type":"WebPage","@id":"https:\/\/naturalpoland.com\/tr\/urunler\/bitkisel-ekstraktlar\/antep-fistigi-ozutu\/","url":"https:\/\/naturalpoland.com\/tr\/urunler\/bitkisel-ekstraktlar\/antep-fistigi-ozutu\/","name":"Antep F\u0131st\u0131\u011f\u0131 \u00d6z\u00fct\u00fc - Hurtowy Dystrybutor","isPartOf":{"@id":"https:\/\/naturalpoland.com\/tr\/#website"},"primaryImageOfPage":{"@id":"https:\/\/naturalpoland.com\/tr\/urunler\/bitkisel-ekstraktlar\/antep-fistigi-ozutu\/#primaryimage"},"image":{"@id":"https:\/\/naturalpoland.com\/tr\/urunler\/bitkisel-ekstraktlar\/antep-fistigi-ozutu\/#primaryimage"},"thumbnailUrl":"https:\/\/naturalpoland.com\/wp-content\/uploads\/ekstrakt-z-pistacji.png","datePublished":"2026-03-10T15:03:18+00:00","dateModified":"2026-03-12T14:01:17+00:00","description":"Bitkisel melatonin i\u00e7eri\u011fi a\u00e7\u0131s\u0131ndan standardize edilmi\u015f antep f\u0131st\u0131\u011f\u0131 \u00f6z\u00fct\u00fc \u2013 sa\u011fl\u0131kl\u0131 uykuyu ve sirkadiyen ritim d\u00fczenlemesini destekleyen takviyeler i\u00e7in hammadde.","breadcrumb":{"@id":"https:\/\/naturalpoland.com\/tr\/urunler\/bitkisel-ekstraktlar\/antep-fistigi-ozutu\/#breadcrumb"},"inLanguage":"tr","potentialAction":[{"@type":"ReadAction","target":["https:\/\/naturalpoland.com\/tr\/urunler\/bitkisel-ekstraktlar\/antep-fistigi-ozutu\/"]}]},{"@type":"ImageObject","inLanguage":"tr","@id":"https:\/\/naturalpoland.com\/tr\/urunler\/bitkisel-ekstraktlar\/antep-fistigi-ozutu\/#primaryimage","url":"https:\/\/naturalpoland.com\/wp-content\/uploads\/ekstrakt-z-pistacji.png","contentUrl":"https:\/\/naturalpoland.com\/wp-content\/uploads\/ekstrakt-z-pistacji.png","width":1024,"height":1024,"caption":"antep f\u0131st\u0131\u011f\u0131 \u00f6z\u00fct\u00fc"},{"@type":"BreadcrumbList","@id":"https:\/\/naturalpoland.com\/tr\/urunler\/bitkisel-ekstraktlar\/antep-fistigi-ozutu\/#breadcrumb","itemListElement":[{"@type":"ListItem","position":1,"name":"Ana Sayfa","item":"https:\/\/naturalpoland.com\/tr\/"},{"@type":"ListItem","position":2,"name":"\u00dcr\u00fcnler","item":"https:\/\/naturalpoland.com\/tr\/urunler\/"},{"@type":"ListItem","position":3,"name":"Antep F\u0131st\u0131\u011f\u0131 \u00d6z\u00fct\u00fc"}]},{"@type":"WebSite","@id":"https:\/\/naturalpoland.com\/tr\/#website","url":"https:\/\/naturalpoland.com\/tr\/","name":"NATURAL POLAND - Hurtowy Dystrybutor Surowc\u00f3w","description":"Surowce dla przemys\u0142u spo\u017cywczego, kosmetycznego i farmaceutycznego","publisher":{"@id":"https:\/\/naturalpoland.com\/tr\/#organization"},"potentialAction":[{"@type":"SearchAction","target":{"@type":"EntryPoint","urlTemplate":"https:\/\/naturalpoland.com\/tr\/?s={search_term_string}"},"query-input":{"@type":"PropertyValueSpecification","valueRequired":true,"valueName":"search_term_string"}}],"inLanguage":"tr"},{"@type":"Organization","@id":"https:\/\/naturalpoland.com\/tr\/#organization","name":"Natural Poland","url":"https:\/\/naturalpoland.com\/tr\/","logo":{"@type":"ImageObject","inLanguage":"tr","@id":"https:\/\/naturalpoland.com\/tr\/#\/schema\/logo\/image\/","url":"https:\/\/naturalpoland.com\/wp-content\/uploads\/2021\/05\/natural-poland-icon.png","contentUrl":"https:\/\/naturalpoland.com\/wp-content\/uploads\/2021\/05\/natural-poland-icon.png","width":512,"height":512,"caption":"Natural Poland"},"image":{"@id":"https:\/\/naturalpoland.com\/tr\/#\/schema\/logo\/image\/"},"sameAs":["https:\/\/www.facebook.com\/naturalpoland.b2b","https:\/\/pl.linkedin.com\/company\/natural-poland","https:\/\/www.youtube.com\/channel\/UCgeGGkvOMahZo-xu_MSEWxg"]}]}},"_links":{"self":[{"href":"https:\/\/naturalpoland.com\/tr\/wp-json\/wp\/v2\/product\/46697","targetHints":{"allow":["GET"]}}],"collection":[{"href":"https:\/\/naturalpoland.com\/tr\/wp-json\/wp\/v2\/product"}],"about":[{"href":"https:\/\/naturalpoland.com\/tr\/wp-json\/wp\/v2\/types\/product"}],"wp:featuredmedia":[{"embeddable":true,"href":"https:\/\/naturalpoland.com\/tr\/wp-json\/wp\/v2\/media\/46698"}],"wp:attachment":[{"href":"https:\/\/naturalpoland.com\/tr\/wp-json\/wp\/v2\/media?parent=46697"}],"wp:term":[{"taxonomy":"product_brand","embeddable":true,"href":"https:\/\/naturalpoland.com\/tr\/wp-json\/wp\/v2\/product_brand?post=46697"},{"taxonomy":"product_cat","embeddable":true,"href":"https:\/\/naturalpoland.com\/tr\/wp-json\/wp\/v2\/product_cat?post=46697"},{"taxonomy":"product_tag","embeddable":true,"href":"https:\/\/naturalpoland.com\/tr\/wp-json\/wp\/v2\/product_tag?post=46697"}],"curies":[{"name":"wp","href":"https:\/\/api.w.org\/{rel}","templated":true}]}}