{"id":46729,"date":"2026-03-12T14:12:30","date_gmt":"2026-03-12T13:12:30","guid":{"rendered":"https:\/\/naturalpoland.com\/produkty\/kategorilenmemis\/matcha\/"},"modified":"2026-03-12T15:26:37","modified_gmt":"2026-03-12T14:26:37","slug":"matcha","status":"publish","type":"product","link":"https:\/\/naturalpoland.com\/tr\/urunler\/gida-hammaddeleri\/uretim-hammaddeleri\/matcha\/","title":{"rendered":"Matcha"},"content":{"rendered":"<h2>Matcha nas\u0131l \u00fcretilir?<\/h2>\n<p>Matcha, \u00f6zel ko\u015fullarda yeti\u015ftirilen \u00e7ay yapraklar\u0131ndan \u00fcretilir. \u00c7al\u0131lar, klorofil ve baz\u0131 biyoaktif bile\u015fiklerin i\u00e7eri\u011fini art\u0131rmak i\u00e7in hasattan \u00f6nce k\u0131smen g\u00f6lgelenir. Hasattan sonra yapraklar buharda pi\u015firilir, kurutulur ve geleneksel ta\u015f de\u011firmenlerde veya y\u00fcksek hassasiyetli end\u00fcstriyel de\u011firmenlerde ince bir toz haline getirilir.  <\/p>\n<h2>Matcha \u00e7e\u015fitleri:<\/h2>\n<p>\u00dc\u00e7 \u00e7e\u015fit matcha mevcuttur:<\/p>\n<ul>\n<li><a href=\"https:\/\/naturalpoland.com\/tr\/urunler\/gida-hammaddeleri\/uretim-hammaddeleri\/matcha\/#matcha-japonska\"><strong>Japon Matchas\u0131<\/strong><\/a><\/li>\n<li><a href=\"https:\/\/naturalpoland.com\/tr\/urunler\/gida-hammaddeleri\/uretim-hammaddeleri\/matcha\/#matcha-chinska\"><strong>\u00c7in Matchas\u0131<\/strong><\/a><\/li>\n<li><a href=\"https:\/\/naturalpoland.com\/tr\/urunler\/gida-hammaddeleri\/uretim-hammaddeleri\/matcha\/#matcha-japonska-ceremonialna\"><strong>Japon Seremoniyel Matchas\u0131<\/strong><\/a><\/li>\n<\/ul>\n<p>Bunlar yaprak kalitesi, lezzet profili ve teknolojik kullan\u0131m ama\u00e7lar\u0131 a\u00e7\u0131s\u0131ndan farkl\u0131l\u0131k g\u00f6sterir.<\/p>\n<h2>Matchan\u0131n \u00f6zellikleri:<\/h2>\n<p>Matcha, \u00f6ncelikle y\u00fcksek do\u011fal biyoaktif bile\u015fik i\u00e7eri\u011fi nedeniyle de\u011ferlidir. Ye\u015fil \u00e7ay yapraklar\u0131, \u00fcr\u00fcne karakteristik fonksiyonel \u00f6zellikler kazand\u0131ran <strong>kate\u015finler<\/strong>, <strong>polifenoller<\/strong>, <strong>klorofil<\/strong> ve <strong>amino asitler<\/strong> i\u00e7erir. <\/p>\n<p>Matchada, \u00e7ay yapraklar\u0131nda do\u011fal olarak bulunan, karakteristik umami tad\u0131ndan sorumlu olan ve uyar\u0131lma hissiyat\u0131n\u0131 etkileyen <a href=\"https:\/\/naturalpoland.com\/tr\/urunler\/farmasotik-hammaddeler\/amino-asitler\/l-teanin\/\"><strong>L-teanin<\/strong><\/a> bulunur. Do\u011fal kafein ile birle\u015fti\u011finde, konsantrasyonu art\u0131rmaya ve stabil bir enerji seviyesini korumaya yard\u0131mc\u0131 olabilir. <\/p>\n<p>Matcha ayr\u0131ca, baz\u0131 partilerde 100 g \u00fcr\u00fcnde yakla\u015f\u0131k 150\u2013200 mg olabilen <strong>C vitamini<\/strong> kayna\u011f\u0131d\u0131r. Ek olarak, <strong>klorofil<\/strong> ve ye\u015fil \u00e7ay yapraklar\u0131nda bulunan \u00e7ok say\u0131da antioksidan i\u00e7erir. <\/p>\n<p>Bu sayede matcha, fonksiyonel \u00fcr\u00fcnlerde ve g\u0131da takviyelerinde, ayr\u0131ca i\u00e7eceklerde ve besin de\u011feri y\u00fcksek g\u0131dalarda s\u0131kl\u0131kla kullan\u0131l\u0131r.<\/p>\n<h2>Mevcut matcha \u00e7e\u015fitleri:<\/h2>\n<h3 id=\"matcha-japonska\">Japon Matchas\u0131<\/h3>\n<p>Japonya&#8217;da \u00fcretilen matcha, toz ye\u015fil \u00e7ay\u0131n en y\u00fcksek kaliteli \u00e7e\u015fitlerinden biri olarak kabul edilir. \u00c7ay yapraklar\u0131 g\u00f6lgeli tarlalarda yeti\u015ftirilir, ard\u0131ndan buharda pi\u015firilir ve ince bir toz haline getirilir. <\/p>\n<p>Yo\u011fun ye\u015fil rengi, belirgin aromas\u0131 ve dengeli tad\u0131 ile karakterizedir. Japon matchas\u0131 hem i\u00e7eceklerde hem de g\u0131da end\u00fcstrisinde s\u0131kl\u0131kla kullan\u0131l\u0131r. <\/p>\n<h3 id=\"matcha-chinska\">\u00c7in Matchas\u0131<\/h3>\n<p>\u00c7in&#8217;de \u00fcretilen matcha genellikle end\u00fcstriyel ve gastronomik \u00fcr\u00fcnlerde kullan\u0131l\u0131r. Tad\u0131 daha belirgin ve hafif buruktur, bu da onu tatl\u0131larda, unlu mamullerde veya s\u00fctl\u00fc i\u00e7eceklerde iyi bir se\u00e7enek yapar. <\/p>\n<p>Yo\u011fun tad\u0131 sayesinde \u00c7in matchas\u0131, di\u011fer bile\u015fenlerle iyi uyum sa\u011flar ve karma\u015f\u0131k tariflerde bile belirgin \u00e7ay profilini korur.<\/p>\n<h3 id=\"matcha-japonska-ceremonialna\">Japon Seremoniyel Matchas\u0131<\/h3>\n<p>Seremoniyel matcha, esas olarak geleneksel \u00e7ay haz\u0131rl\u0131\u011f\u0131 i\u00e7in tasarlanm\u0131\u015f en y\u00fcksek kaliteli matcha \u00e7e\u015fididir. \u0130lk hasat\u0131n en gen\u00e7 yapraklar\u0131ndan \u00fcretilir. <\/p>\n<p>\u015eu \u00f6zelliklere sahiptir:<\/p>\n<ul>\n<li>\u00e7ok yo\u011fun ye\u015fil renk,<\/li>\n<li>narin, kremsi tat,<\/li>\n<li>minimum ac\u0131l\u0131k,<\/li>\n<li>belirgin umami notalar\u0131.<\/li>\n<\/ul>\n<p>Seremoniyel matcha, esas olarak geleneksel \u00e7ay seremonilerinde ve y\u00fcksek kaliteli \u00e7ay i\u00e7eceklerinde kullan\u0131l\u0131r.<\/p>\n<h2>Matchan\u0131n kullan\u0131m alanlar\u0131:<\/h2>\n<p>Matcha, g\u0131da ve takviye end\u00fcstrisinin bir\u00e7ok alan\u0131nda geni\u015f kullan\u0131m alan\u0131 bulur. Yo\u011fun rengi ve karakteristik tad\u0131 sayesinde a\u015fa\u011f\u0131daki \u00fcr\u00fcnlerde bir bile\u015fen olarak tercih edilir: <\/p>\n<ul>\n<li>fonksiyonel i\u00e7ecekler ve \u00e7aylar,<\/li>\n<li>matcha latte ve s\u00fctl\u00fc i\u00e7ecekler,<\/li>\n<li>tatl\u0131lar ve \u015fekerlemeler,<\/li>\n<li>dondurmalar ve sorbeler,<\/li>\n<li>barlar ve protein \u00fcr\u00fcnleri,<\/li>\n<li>g\u0131da takviyeleri,<\/li>\n<li>s\u00fcper g\u0131da kar\u0131\u015f\u0131mlar\u0131.<\/li>\n<\/ul>\n<p>Mutfak matchas\u0131, \u00f6zellikle end\u00fcstriyel uygulamalar i\u00e7in \u00e7ok uygundur, \u00e7\u00fcnk\u00fc belirgin tad\u0131 \u015feker, s\u00fct veya un i\u00e7eren tariflerde bile korunur.<\/p>\n<h2>S\u0131k\u00e7a sorulan sorular:<\/h2>\n<h3>Matcha kafein i\u00e7erir mi?<\/h3>\n<p>Evet, matcha ye\u015fil \u00e7ay yapraklar\u0131ndan \u00fcretildi\u011fi i\u00e7in do\u011fal olarak kafein i\u00e7erir. Kalitesine ve \u00fcretim y\u00f6ntemine ba\u011fl\u0131 olarak, kuru maddede yakla\u015f\u0131k %2,8\u20133,2 oran\u0131nda bulunabilir. <\/p>\n<p>Pratikte bu, matcha ile haz\u0131rlanan i\u00e7eceklerin uyar\u0131c\u0131 etki g\u00f6sterebilece\u011fi anlam\u0131na gelir. Ancak L-teanin varl\u0131\u011f\u0131 sayesinde kafeinin etkisi daha kademeli ve genellikle kahveden daha hafif olarak tan\u0131mlan\u0131r. <\/p>\n<p>Bu nedenle matcha, a\u015fa\u011f\u0131daki alanlarda s\u0131kl\u0131kla kullan\u0131l\u0131r:<\/p>\n<ul>\n<li>fonksiyonel i\u00e7ecekler,<\/li>\n<li>enerji \u00fcr\u00fcnleri,<\/li>\n<li>konsantrasyonu destekleyen takviyeler.<\/li>\n<\/ul>\n<h3>Matchan\u0131n tad\u0131 nas\u0131ld\u0131r?<\/h3>\n<p>Matchan\u0131n tad\u0131 karakteristik olup klasik ye\u015fil \u00e7aydan belirgin \u015fekilde farkl\u0131d\u0131r. \u00dcr\u00fcn\u00fcn kalitesine ba\u011fl\u0131 olarak \u015fu \u015fekilde olabilir: <\/p>\n<ul>\n<li>narin ve hafif tatl\u0131,<\/li>\n<li>bitkisel ve taze,<\/li>\n<li>hafif ac\u0131 veya buruk.<\/li>\n<\/ul>\n<p>Daha y\u00fcksek kaliteli matcha, \u00f6zellikle <strong>seremoniyel<\/strong> olan\u0131, umami notas\u0131 ve hafif ac\u0131l\u0131\u011f\u0131 ile daha dengeli bir lezzet profiline sahiptir. Buna kar\u015f\u0131l\u0131k, <strong>mutfak<\/strong> veya <strong>end\u00fcstriyel matcha<\/strong> genellikle daha belirgin bir ac\u0131l\u0131\u011fa ve buruklu\u011fa sahiptir, bu da onu g\u0131da \u00fcr\u00fcnlerinde \u015feker, s\u00fct veya di\u011fer bile\u015fenlerle iyi bir \u015fekilde birle\u015ftirir. <\/p>\n<h3>Matcha uyar\u0131c\u0131 m\u0131d\u0131r?<\/h3>\n<p>Matcha do\u011fal bir kafein kayna\u011f\u0131d\u0131r, bu nedenle enerji seviyesini ve konsantrasyonu etkileyebilir. L-teanin de dahil olmak \u00fczere amino asitlerin varl\u0131\u011f\u0131 sayesinde, uyar\u0131c\u0131 etki sadece kafein i\u00e7eren i\u00e7eceklere g\u00f6re daha stabil olabilir. Bu nedenle matcha, enerji i\u00e7ecekleri, fonksiyonel i\u00e7ecekler ve konsantrasyonu ile zihinsel aktiviteyi destekleyen \u00fcr\u00fcnlerde s\u0131kl\u0131kla bir bile\u015fen olarak kullan\u0131l\u0131r.  <\/p>\n<h3>Matcha sa\u011fl\u0131kl\u0131 m\u0131d\u0131r?<\/h3>\n<p>Matcha, ye\u015fil \u00e7ay yapraklar\u0131nda bulunan \u00e7ok say\u0131da do\u011fal bile\u015fik i\u00e7erdi\u011fi i\u00e7in besin de\u011feri y\u00fcksek bir \u00fcr\u00fcn olarak kabul edilir. Bunlar aras\u0131nda, h\u00fccreleri oksidatif stresten korumaya yard\u0131mc\u0131 olabilecek polifenoller ve antioksidanlar bulunur. Ek olarak, matcha lif, protein ve mineraller sa\u011flar. Analiz edilen spesifikasyonda, protein i\u00e7eri\u011fi 100 g \u00fcr\u00fcnde yakla\u015f\u0131k 29,9 g, lif ise 100 g&#8217;da yakla\u015f\u0131k 36,4 g olabilir.   <\/p>\n","protected":false},"excerpt":{"rendered":"<p><strong>Matcha<\/strong>, <em>Camellia sinensis<\/em> bitkisinin yapraklar\u0131ndan elde edilen y\u00fcksek kaliteli <strong>toz ye\u015fil \u00e7ayd\u0131r<\/strong>. Klasik yaprak \u00e7ay\u0131n\u0131n aksine, matcha durumunda \u00e7ay yapra\u011f\u0131n\u0131n tamam\u0131 \u00e7ok ince toz halinde t\u00fcketilir. Bu sayede \u00fcr\u00fcn, \u00e7ay yapraklar\u0131nda bulunan t\u00fcm do\u011fal aktif bile\u015fen spektrumunu korur.  <\/p>\n","protected":false},"featured_media":46732,"template":"","meta":{"_acf_changed":false},"product_brand":[],"product_cat":[9572],"product_tag":[],"class_list":{"0":"post-46729","1":"product","2":"type-product","3":"status-publish","4":"has-post-thumbnail","6":"product_cat-uretim-hammaddeleri","7":"pa_czesc-rosliny-yapraklar-2","8":"pa_metoda-pozyskiwania-golgeli-yetistirilir-buharda-pisirilir-tas-degirmenlerde-ogutulur","10":"first","11":"instock","12":"shipping-taxable","13":"product-type-simple"},"acf":[],"yoast_head":"<!-- This site is optimized with the Yoast SEO plugin v27.4 - https:\/\/yoast.com\/product\/yoast-seo-wordpress\/ -->\n<title>Matcha - Hurtowy Dystrybutor<\/title>\n<meta name=\"description\" content=\"Matcha \u2013 Japon, \u00c7in ve seremoniyel \u00e7e\u015fitleri bulunan toz ye\u015fil \u00e7ayd\u0131r. Do\u011fal bir kafein ve antioksidan kayna\u011f\u0131d\u0131r.\" \/>\n<meta name=\"robots\" content=\"index, follow, max-snippet:-1, max-image-preview:large, max-video-preview:-1\" \/>\n<link rel=\"canonical\" href=\"https:\/\/naturalpoland.com\/tr\/urunler\/gida-hammaddeleri\/uretim-hammaddeleri\/matcha\/\" \/>\n<meta property=\"og:locale\" content=\"tr_TR\" \/>\n<meta property=\"og:type\" content=\"article\" \/>\n<meta property=\"og:title\" content=\"Matcha - Hurtowy Dystrybutor\" \/>\n<meta property=\"og:description\" content=\"Matcha \u2013 Japon, \u00c7in ve seremoniyel \u00e7e\u015fitleri bulunan toz ye\u015fil \u00e7ayd\u0131r. Do\u011fal bir kafein ve antioksidan kayna\u011f\u0131d\u0131r.\" \/>\n<meta property=\"og:url\" content=\"https:\/\/naturalpoland.com\/tr\/urunler\/gida-hammaddeleri\/uretim-hammaddeleri\/matcha\/\" \/>\n<meta property=\"og:site_name\" content=\"NATURAL POLAND - Hurtowy Dystrybutor Surowc\u00f3w\" \/>\n<meta property=\"article:publisher\" content=\"https:\/\/www.facebook.com\/naturalpoland.b2b\" \/>\n<meta property=\"article:modified_time\" content=\"2026-03-12T14:26:37+00:00\" \/>\n<meta property=\"og:image\" content=\"https:\/\/naturalpoland.com\/wp-content\/uploads\/matcha.png\" \/>\n\t<meta property=\"og:image:width\" content=\"1024\" \/>\n\t<meta property=\"og:image:height\" content=\"1024\" \/>\n\t<meta property=\"og:image:type\" content=\"image\/png\" \/>\n<script type=\"application\/ld+json\" class=\"yoast-schema-graph\">{\"@context\":\"https:\\\/\\\/schema.org\",\"@graph\":[{\"@type\":\"WebPage\",\"@id\":\"https:\\\/\\\/naturalpoland.com\\\/tr\\\/urunler\\\/gida-hammaddeleri\\\/uretim-hammaddeleri\\\/matcha\\\/\",\"url\":\"https:\\\/\\\/naturalpoland.com\\\/tr\\\/urunler\\\/gida-hammaddeleri\\\/uretim-hammaddeleri\\\/matcha\\\/\",\"name\":\"Matcha - Hurtowy Dystrybutor\",\"isPartOf\":{\"@id\":\"https:\\\/\\\/naturalpoland.com\\\/tr\\\/#website\"},\"primaryImageOfPage\":{\"@id\":\"https:\\\/\\\/naturalpoland.com\\\/tr\\\/urunler\\\/gida-hammaddeleri\\\/uretim-hammaddeleri\\\/matcha\\\/#primaryimage\"},\"image\":{\"@id\":\"https:\\\/\\\/naturalpoland.com\\\/tr\\\/urunler\\\/gida-hammaddeleri\\\/uretim-hammaddeleri\\\/matcha\\\/#primaryimage\"},\"thumbnailUrl\":\"https:\\\/\\\/naturalpoland.com\\\/wp-content\\\/uploads\\\/matcha.png\",\"datePublished\":\"2026-03-12T13:12:30+00:00\",\"dateModified\":\"2026-03-12T14:26:37+00:00\",\"description\":\"Matcha \u2013 Japon, \u00c7in ve seremoniyel \u00e7e\u015fitleri bulunan toz ye\u015fil \u00e7ayd\u0131r. Do\u011fal bir kafein ve antioksidan kayna\u011f\u0131d\u0131r.\",\"breadcrumb\":{\"@id\":\"https:\\\/\\\/naturalpoland.com\\\/tr\\\/urunler\\\/gida-hammaddeleri\\\/uretim-hammaddeleri\\\/matcha\\\/#breadcrumb\"},\"inLanguage\":\"tr\",\"potentialAction\":[{\"@type\":\"ReadAction\",\"target\":[\"https:\\\/\\\/naturalpoland.com\\\/tr\\\/urunler\\\/gida-hammaddeleri\\\/uretim-hammaddeleri\\\/matcha\\\/\"]}]},{\"@type\":\"ImageObject\",\"inLanguage\":\"tr\",\"@id\":\"https:\\\/\\\/naturalpoland.com\\\/tr\\\/urunler\\\/gida-hammaddeleri\\\/uretim-hammaddeleri\\\/matcha\\\/#primaryimage\",\"url\":\"https:\\\/\\\/naturalpoland.com\\\/wp-content\\\/uploads\\\/matcha.png\",\"contentUrl\":\"https:\\\/\\\/naturalpoland.com\\\/wp-content\\\/uploads\\\/matcha.png\",\"width\":1024,\"height\":1024,\"caption\":\"matcha\"},{\"@type\":\"BreadcrumbList\",\"@id\":\"https:\\\/\\\/naturalpoland.com\\\/tr\\\/urunler\\\/gida-hammaddeleri\\\/uretim-hammaddeleri\\\/matcha\\\/#breadcrumb\",\"itemListElement\":[{\"@type\":\"ListItem\",\"position\":1,\"name\":\"Ana Sayfa\",\"item\":\"https:\\\/\\\/naturalpoland.com\\\/tr\\\/\"},{\"@type\":\"ListItem\",\"position\":2,\"name\":\"\u00dcr\u00fcnler\",\"item\":\"https:\\\/\\\/naturalpoland.com\\\/tr\\\/urunler\\\/\"},{\"@type\":\"ListItem\",\"position\":3,\"name\":\"Matcha\"}]},{\"@type\":\"WebSite\",\"@id\":\"https:\\\/\\\/naturalpoland.com\\\/tr\\\/#website\",\"url\":\"https:\\\/\\\/naturalpoland.com\\\/tr\\\/\",\"name\":\"NATURAL POLAND - Hurtowy Dystrybutor Surowc\u00f3w\",\"description\":\"Surowce dla przemys\u0142u spo\u017cywczego, kosmetycznego i farmaceutycznego\",\"publisher\":{\"@id\":\"https:\\\/\\\/naturalpoland.com\\\/tr\\\/#organization\"},\"potentialAction\":[{\"@type\":\"SearchAction\",\"target\":{\"@type\":\"EntryPoint\",\"urlTemplate\":\"https:\\\/\\\/naturalpoland.com\\\/tr\\\/?s={search_term_string}\"},\"query-input\":{\"@type\":\"PropertyValueSpecification\",\"valueRequired\":true,\"valueName\":\"search_term_string\"}}],\"inLanguage\":\"tr\"},{\"@type\":\"Organization\",\"@id\":\"https:\\\/\\\/naturalpoland.com\\\/tr\\\/#organization\",\"name\":\"Natural Poland\",\"url\":\"https:\\\/\\\/naturalpoland.com\\\/tr\\\/\",\"logo\":{\"@type\":\"ImageObject\",\"inLanguage\":\"tr\",\"@id\":\"https:\\\/\\\/naturalpoland.com\\\/tr\\\/#\\\/schema\\\/logo\\\/image\\\/\",\"url\":\"https:\\\/\\\/naturalpoland.com\\\/wp-content\\\/uploads\\\/2021\\\/05\\\/natural-poland-icon.png\",\"contentUrl\":\"https:\\\/\\\/naturalpoland.com\\\/wp-content\\\/uploads\\\/2021\\\/05\\\/natural-poland-icon.png\",\"width\":512,\"height\":512,\"caption\":\"Natural Poland\"},\"image\":{\"@id\":\"https:\\\/\\\/naturalpoland.com\\\/tr\\\/#\\\/schema\\\/logo\\\/image\\\/\"},\"sameAs\":[\"https:\\\/\\\/www.facebook.com\\\/naturalpoland.b2b\",\"https:\\\/\\\/pl.linkedin.com\\\/company\\\/natural-poland\",\"https:\\\/\\\/www.youtube.com\\\/channel\\\/UCgeGGkvOMahZo-xu_MSEWxg\"]}]}<\/script>\n<!-- \/ Yoast SEO plugin. -->","yoast_head_json":{"title":"Matcha - Hurtowy Dystrybutor","description":"Matcha \u2013 Japon, \u00c7in ve seremoniyel \u00e7e\u015fitleri bulunan toz ye\u015fil \u00e7ayd\u0131r. Do\u011fal bir kafein ve antioksidan kayna\u011f\u0131d\u0131r.","robots":{"index":"index","follow":"follow","max-snippet":"max-snippet:-1","max-image-preview":"max-image-preview:large","max-video-preview":"max-video-preview:-1"},"canonical":"https:\/\/naturalpoland.com\/tr\/urunler\/gida-hammaddeleri\/uretim-hammaddeleri\/matcha\/","og_locale":"tr_TR","og_type":"article","og_title":"Matcha - Hurtowy Dystrybutor","og_description":"Matcha \u2013 Japon, \u00c7in ve seremoniyel \u00e7e\u015fitleri bulunan toz ye\u015fil \u00e7ayd\u0131r. Do\u011fal bir kafein ve antioksidan kayna\u011f\u0131d\u0131r.","og_url":"https:\/\/naturalpoland.com\/tr\/urunler\/gida-hammaddeleri\/uretim-hammaddeleri\/matcha\/","og_site_name":"NATURAL POLAND - Hurtowy Dystrybutor Surowc\u00f3w","article_publisher":"https:\/\/www.facebook.com\/naturalpoland.b2b","article_modified_time":"2026-03-12T14:26:37+00:00","og_image":[{"width":1024,"height":1024,"url":"https:\/\/naturalpoland.com\/wp-content\/uploads\/matcha.png","type":"image\/png"}],"schema":{"@context":"https:\/\/schema.org","@graph":[{"@type":"WebPage","@id":"https:\/\/naturalpoland.com\/tr\/urunler\/gida-hammaddeleri\/uretim-hammaddeleri\/matcha\/","url":"https:\/\/naturalpoland.com\/tr\/urunler\/gida-hammaddeleri\/uretim-hammaddeleri\/matcha\/","name":"Matcha - Hurtowy Dystrybutor","isPartOf":{"@id":"https:\/\/naturalpoland.com\/tr\/#website"},"primaryImageOfPage":{"@id":"https:\/\/naturalpoland.com\/tr\/urunler\/gida-hammaddeleri\/uretim-hammaddeleri\/matcha\/#primaryimage"},"image":{"@id":"https:\/\/naturalpoland.com\/tr\/urunler\/gida-hammaddeleri\/uretim-hammaddeleri\/matcha\/#primaryimage"},"thumbnailUrl":"https:\/\/naturalpoland.com\/wp-content\/uploads\/matcha.png","datePublished":"2026-03-12T13:12:30+00:00","dateModified":"2026-03-12T14:26:37+00:00","description":"Matcha \u2013 Japon, \u00c7in ve seremoniyel \u00e7e\u015fitleri bulunan toz ye\u015fil \u00e7ayd\u0131r. Do\u011fal bir kafein ve antioksidan kayna\u011f\u0131d\u0131r.","breadcrumb":{"@id":"https:\/\/naturalpoland.com\/tr\/urunler\/gida-hammaddeleri\/uretim-hammaddeleri\/matcha\/#breadcrumb"},"inLanguage":"tr","potentialAction":[{"@type":"ReadAction","target":["https:\/\/naturalpoland.com\/tr\/urunler\/gida-hammaddeleri\/uretim-hammaddeleri\/matcha\/"]}]},{"@type":"ImageObject","inLanguage":"tr","@id":"https:\/\/naturalpoland.com\/tr\/urunler\/gida-hammaddeleri\/uretim-hammaddeleri\/matcha\/#primaryimage","url":"https:\/\/naturalpoland.com\/wp-content\/uploads\/matcha.png","contentUrl":"https:\/\/naturalpoland.com\/wp-content\/uploads\/matcha.png","width":1024,"height":1024,"caption":"matcha"},{"@type":"BreadcrumbList","@id":"https:\/\/naturalpoland.com\/tr\/urunler\/gida-hammaddeleri\/uretim-hammaddeleri\/matcha\/#breadcrumb","itemListElement":[{"@type":"ListItem","position":1,"name":"Ana Sayfa","item":"https:\/\/naturalpoland.com\/tr\/"},{"@type":"ListItem","position":2,"name":"\u00dcr\u00fcnler","item":"https:\/\/naturalpoland.com\/tr\/urunler\/"},{"@type":"ListItem","position":3,"name":"Matcha"}]},{"@type":"WebSite","@id":"https:\/\/naturalpoland.com\/tr\/#website","url":"https:\/\/naturalpoland.com\/tr\/","name":"NATURAL POLAND - Hurtowy Dystrybutor Surowc\u00f3w","description":"Surowce dla przemys\u0142u spo\u017cywczego, kosmetycznego i farmaceutycznego","publisher":{"@id":"https:\/\/naturalpoland.com\/tr\/#organization"},"potentialAction":[{"@type":"SearchAction","target":{"@type":"EntryPoint","urlTemplate":"https:\/\/naturalpoland.com\/tr\/?s={search_term_string}"},"query-input":{"@type":"PropertyValueSpecification","valueRequired":true,"valueName":"search_term_string"}}],"inLanguage":"tr"},{"@type":"Organization","@id":"https:\/\/naturalpoland.com\/tr\/#organization","name":"Natural Poland","url":"https:\/\/naturalpoland.com\/tr\/","logo":{"@type":"ImageObject","inLanguage":"tr","@id":"https:\/\/naturalpoland.com\/tr\/#\/schema\/logo\/image\/","url":"https:\/\/naturalpoland.com\/wp-content\/uploads\/2021\/05\/natural-poland-icon.png","contentUrl":"https:\/\/naturalpoland.com\/wp-content\/uploads\/2021\/05\/natural-poland-icon.png","width":512,"height":512,"caption":"Natural Poland"},"image":{"@id":"https:\/\/naturalpoland.com\/tr\/#\/schema\/logo\/image\/"},"sameAs":["https:\/\/www.facebook.com\/naturalpoland.b2b","https:\/\/pl.linkedin.com\/company\/natural-poland","https:\/\/www.youtube.com\/channel\/UCgeGGkvOMahZo-xu_MSEWxg"]}]}},"_links":{"self":[{"href":"https:\/\/naturalpoland.com\/tr\/wp-json\/wp\/v2\/product\/46729","targetHints":{"allow":["GET"]}}],"collection":[{"href":"https:\/\/naturalpoland.com\/tr\/wp-json\/wp\/v2\/product"}],"about":[{"href":"https:\/\/naturalpoland.com\/tr\/wp-json\/wp\/v2\/types\/product"}],"wp:featuredmedia":[{"embeddable":true,"href":"https:\/\/naturalpoland.com\/tr\/wp-json\/wp\/v2\/media\/46732"}],"wp:attachment":[{"href":"https:\/\/naturalpoland.com\/tr\/wp-json\/wp\/v2\/media?parent=46729"}],"wp:term":[{"taxonomy":"product_brand","embeddable":true,"href":"https:\/\/naturalpoland.com\/tr\/wp-json\/wp\/v2\/product_brand?post=46729"},{"taxonomy":"product_cat","embeddable":true,"href":"https:\/\/naturalpoland.com\/tr\/wp-json\/wp\/v2\/product_cat?post=46729"},{"taxonomy":"product_tag","embeddable":true,"href":"https:\/\/naturalpoland.com\/tr\/wp-json\/wp\/v2\/product_tag?post=46729"}],"curies":[{"name":"wp","href":"https:\/\/api.w.org\/{rel}","templated":true}]}}