{"id":46769,"date":"2024-10-11T13:25:48","date_gmt":"2024-10-11T11:25:48","guid":{"rendered":"https:\/\/naturalpoland.com\/produkty\/kategorilenmemis\/karanfil-yagi\/"},"modified":"2026-03-18T11:51:41","modified_gmt":"2026-03-18T10:51:41","slug":"karanfil-yagi","status":"publish","type":"product","link":"https:\/\/naturalpoland.com\/tr\/urunler\/kozmetik-hammaddeleri\/ucucu-yaglar\/karanfil-yagi\/","title":{"rendered":"Karanfil Ya\u011f\u0131"},"content":{"rendered":"<p>Karanfil esansiyel ya\u011f\u0131, antibakteriyel, antienflamatuar ve anestezik etkilere sahip y\u00fcksek miktarda <strong>\u00f6jenol<\/strong> ve <strong>beta-karyofilen<\/strong> i\u00e7erir. Bu ya\u011f, aromaterapide, cilt bak\u0131m \u00fcr\u00fcnlerinde ve terap\u00f6tik \u00fcr\u00fcnlerde, \u00f6zellikle a\u011fr\u0131y\u0131 hafifletmek, iltihab\u0131 azaltmak ve akne tedavisini desteklemek amac\u0131yla kullan\u0131l\u0131r. Ayr\u0131ca dezenfekte edici ve ferahlat\u0131c\u0131 \u00f6zellikleri nedeniyle a\u011f\u0131z hijyeni form\u00fcllerinde de yer al\u0131r.  <\/p>\n<p>Karanfil ya\u011f\u0131 yaln\u0131zca harici kullan\u0131m i\u00e7indir ve ciltle do\u011frudan temas\u0131nda uygun \u015fekilde seyreltilmelidir. Ya\u011f, ciltte ve g\u00f6zlerde tahri\u015fe neden olabilece\u011finden, do\u011frudan temastan ka\u00e7\u0131n\u0131lmas\u0131 ve uygulama s\u0131ras\u0131nda ki\u015fisel koruyucu ekipman kullan\u0131lmas\u0131 tavsiye edilir. <\/p>\n<p>&nbsp;<\/p>\n","protected":false},"excerpt":{"rendered":"<p><strong>Karanfil esansiyel ya\u011f\u0131<\/strong>, <em>Eugenia caryophyllus<\/em> bitkisinin yapraklar\u0131ndan elde edilir. Yo\u011fun, baharatl\u0131 bir kokuya sahiptir.<\/p>\n","protected":false},"featured_media":46770,"template":"","meta":{"_acf_changed":false},"product_brand":[],"product_cat":[9552],"product_tag":[],"class_list":{"0":"post-46769","1":"product","2":"type-product","3":"status-publish","4":"has-post-thumbnail","6":"product_cat-ucucu-yaglar","8":"first","9":"instock","10":"shipping-taxable","11":"product-type-simple"},"acf":[],"yoast_head":"<!-- This site is optimized with the Yoast SEO plugin v27.5 - https:\/\/yoast.com\/product\/yoast-seo-wordpress\/ -->\n<title>Karanfil Ya\u011f\u0131 - NATURAL POLAND - Hurtowy Dystrybutor Surowc\u00f3w<\/title>\n<meta name=\"description\" content=\"Eugenia caryophyllus bitkisinin yapraklar\u0131ndan elde edilen karanfil ya\u011f\u0131, yo\u011fun, baharatl\u0131 kokusu ve y\u00fcksek \u00f6jenol i\u00e7eri\u011fiyle \u00f6ne \u00e7\u0131kar.\" \/>\n<meta name=\"robots\" content=\"index, follow, max-snippet:-1, max-image-preview:large, max-video-preview:-1\" \/>\n<link rel=\"canonical\" href=\"https:\/\/naturalpoland.com\/tr\/urunler\/kozmetik-hammaddeleri\/ucucu-yaglar\/karanfil-yagi\/\" \/>\n<meta property=\"og:locale\" content=\"tr_TR\" \/>\n<meta property=\"og:type\" content=\"article\" \/>\n<meta property=\"og:title\" content=\"Karanfil Ya\u011f\u0131 - NATURAL POLAND - Hurtowy Dystrybutor Surowc\u00f3w\" \/>\n<meta property=\"og:description\" content=\"Eugenia caryophyllus bitkisinin yapraklar\u0131ndan elde edilen karanfil ya\u011f\u0131, yo\u011fun, baharatl\u0131 kokusu ve y\u00fcksek \u00f6jenol i\u00e7eri\u011fiyle \u00f6ne \u00e7\u0131kar.\" \/>\n<meta property=\"og:url\" content=\"https:\/\/naturalpoland.com\/tr\/urunler\/kozmetik-hammaddeleri\/ucucu-yaglar\/karanfil-yagi\/\" \/>\n<meta property=\"og:site_name\" content=\"NATURAL POLAND - Hurtowy Dystrybutor Surowc\u00f3w\" \/>\n<meta property=\"article:publisher\" content=\"https:\/\/www.facebook.com\/naturalpoland.b2b\" \/>\n<meta property=\"article:modified_time\" content=\"2026-03-18T10:51:41+00:00\" \/>\n<meta property=\"og:image\" content=\"https:\/\/naturalpoland.com\/wp-content\/uploads\/olejek-eteryczny-z-lisci-gozdzikow.webp\" \/>\n\t<meta property=\"og:image:width\" content=\"610\" \/>\n\t<meta property=\"og:image:height\" content=\"610\" \/>\n\t<meta property=\"og:image:type\" content=\"image\/webp\" \/>\n<script type=\"application\/ld+json\" class=\"yoast-schema-graph\">{\"@context\":\"https:\\\/\\\/schema.org\",\"@graph\":[{\"@type\":\"WebPage\",\"@id\":\"https:\\\/\\\/naturalpoland.com\\\/tr\\\/urunler\\\/kozmetik-hammaddeleri\\\/ucucu-yaglar\\\/karanfil-yagi\\\/\",\"url\":\"https:\\\/\\\/naturalpoland.com\\\/tr\\\/urunler\\\/kozmetik-hammaddeleri\\\/ucucu-yaglar\\\/karanfil-yagi\\\/\",\"name\":\"Karanfil Ya\u011f\u0131 - NATURAL POLAND - Hurtowy Dystrybutor Surowc\u00f3w\",\"isPartOf\":{\"@id\":\"https:\\\/\\\/naturalpoland.com\\\/tr\\\/#website\"},\"primaryImageOfPage\":{\"@id\":\"https:\\\/\\\/naturalpoland.com\\\/tr\\\/urunler\\\/kozmetik-hammaddeleri\\\/ucucu-yaglar\\\/karanfil-yagi\\\/#primaryimage\"},\"image\":{\"@id\":\"https:\\\/\\\/naturalpoland.com\\\/tr\\\/urunler\\\/kozmetik-hammaddeleri\\\/ucucu-yaglar\\\/karanfil-yagi\\\/#primaryimage\"},\"thumbnailUrl\":\"https:\\\/\\\/naturalpoland.com\\\/wp-content\\\/uploads\\\/olejek-eteryczny-z-lisci-gozdzikow.webp\",\"datePublished\":\"2024-10-11T11:25:48+00:00\",\"dateModified\":\"2026-03-18T10:51:41+00:00\",\"description\":\"Eugenia caryophyllus bitkisinin yapraklar\u0131ndan elde edilen karanfil ya\u011f\u0131, yo\u011fun, baharatl\u0131 kokusu ve y\u00fcksek \u00f6jenol i\u00e7eri\u011fiyle \u00f6ne \u00e7\u0131kar.\",\"breadcrumb\":{\"@id\":\"https:\\\/\\\/naturalpoland.com\\\/tr\\\/urunler\\\/kozmetik-hammaddeleri\\\/ucucu-yaglar\\\/karanfil-yagi\\\/#breadcrumb\"},\"inLanguage\":\"tr\",\"potentialAction\":[{\"@type\":\"ReadAction\",\"target\":[\"https:\\\/\\\/naturalpoland.com\\\/tr\\\/urunler\\\/kozmetik-hammaddeleri\\\/ucucu-yaglar\\\/karanfil-yagi\\\/\"]}]},{\"@type\":\"ImageObject\",\"inLanguage\":\"tr\",\"@id\":\"https:\\\/\\\/naturalpoland.com\\\/tr\\\/urunler\\\/kozmetik-hammaddeleri\\\/ucucu-yaglar\\\/karanfil-yagi\\\/#primaryimage\",\"url\":\"https:\\\/\\\/naturalpoland.com\\\/wp-content\\\/uploads\\\/olejek-eteryczny-z-lisci-gozdzikow.webp\",\"contentUrl\":\"https:\\\/\\\/naturalpoland.com\\\/wp-content\\\/uploads\\\/olejek-eteryczny-z-lisci-gozdzikow.webp\",\"width\":610,\"height\":610,\"caption\":\"karanfil yapra\u011f\u0131 esansiyel ya\u011f\u0131\"},{\"@type\":\"BreadcrumbList\",\"@id\":\"https:\\\/\\\/naturalpoland.com\\\/tr\\\/urunler\\\/kozmetik-hammaddeleri\\\/ucucu-yaglar\\\/karanfil-yagi\\\/#breadcrumb\",\"itemListElement\":[{\"@type\":\"ListItem\",\"position\":1,\"name\":\"Ana Sayfa\",\"item\":\"https:\\\/\\\/naturalpoland.com\\\/tr\\\/\"},{\"@type\":\"ListItem\",\"position\":2,\"name\":\"\u00dcr\u00fcnler\",\"item\":\"https:\\\/\\\/naturalpoland.com\\\/tr\\\/urunler\\\/\"},{\"@type\":\"ListItem\",\"position\":3,\"name\":\"Karanfil Ya\u011f\u0131\"}]},{\"@type\":\"WebSite\",\"@id\":\"https:\\\/\\\/naturalpoland.com\\\/tr\\\/#website\",\"url\":\"https:\\\/\\\/naturalpoland.com\\\/tr\\\/\",\"name\":\"NATURAL POLAND - Hurtowy Dystrybutor Surowc\u00f3w\",\"description\":\"Surowce dla przemys\u0142u spo\u017cywczego, kosmetycznego i farmaceutycznego\",\"publisher\":{\"@id\":\"https:\\\/\\\/naturalpoland.com\\\/tr\\\/#organization\"},\"potentialAction\":[{\"@type\":\"SearchAction\",\"target\":{\"@type\":\"EntryPoint\",\"urlTemplate\":\"https:\\\/\\\/naturalpoland.com\\\/tr\\\/?s={search_term_string}\"},\"query-input\":{\"@type\":\"PropertyValueSpecification\",\"valueRequired\":true,\"valueName\":\"search_term_string\"}}],\"inLanguage\":\"tr\"},{\"@type\":\"Organization\",\"@id\":\"https:\\\/\\\/naturalpoland.com\\\/tr\\\/#organization\",\"name\":\"Natural Poland\",\"url\":\"https:\\\/\\\/naturalpoland.com\\\/tr\\\/\",\"logo\":{\"@type\":\"ImageObject\",\"inLanguage\":\"tr\",\"@id\":\"https:\\\/\\\/naturalpoland.com\\\/tr\\\/#\\\/schema\\\/logo\\\/image\\\/\",\"url\":\"https:\\\/\\\/naturalpoland.com\\\/wp-content\\\/uploads\\\/2021\\\/05\\\/natural-poland-icon.png\",\"contentUrl\":\"https:\\\/\\\/naturalpoland.com\\\/wp-content\\\/uploads\\\/2021\\\/05\\\/natural-poland-icon.png\",\"width\":512,\"height\":512,\"caption\":\"Natural Poland\"},\"image\":{\"@id\":\"https:\\\/\\\/naturalpoland.com\\\/tr\\\/#\\\/schema\\\/logo\\\/image\\\/\"},\"sameAs\":[\"https:\\\/\\\/www.facebook.com\\\/naturalpoland.b2b\",\"https:\\\/\\\/pl.linkedin.com\\\/company\\\/natural-poland\",\"https:\\\/\\\/www.youtube.com\\\/channel\\\/UCgeGGkvOMahZo-xu_MSEWxg\"]}]}<\/script>\n<!-- \/ Yoast SEO plugin. -->","yoast_head_json":{"title":"Karanfil Ya\u011f\u0131 - NATURAL POLAND - Hurtowy Dystrybutor Surowc\u00f3w","description":"Eugenia caryophyllus bitkisinin yapraklar\u0131ndan elde edilen karanfil ya\u011f\u0131, yo\u011fun, baharatl\u0131 kokusu ve y\u00fcksek \u00f6jenol i\u00e7eri\u011fiyle \u00f6ne \u00e7\u0131kar.","robots":{"index":"index","follow":"follow","max-snippet":"max-snippet:-1","max-image-preview":"max-image-preview:large","max-video-preview":"max-video-preview:-1"},"canonical":"https:\/\/naturalpoland.com\/tr\/urunler\/kozmetik-hammaddeleri\/ucucu-yaglar\/karanfil-yagi\/","og_locale":"tr_TR","og_type":"article","og_title":"Karanfil Ya\u011f\u0131 - NATURAL POLAND - Hurtowy Dystrybutor Surowc\u00f3w","og_description":"Eugenia caryophyllus bitkisinin yapraklar\u0131ndan elde edilen karanfil ya\u011f\u0131, yo\u011fun, baharatl\u0131 kokusu ve y\u00fcksek \u00f6jenol i\u00e7eri\u011fiyle \u00f6ne \u00e7\u0131kar.","og_url":"https:\/\/naturalpoland.com\/tr\/urunler\/kozmetik-hammaddeleri\/ucucu-yaglar\/karanfil-yagi\/","og_site_name":"NATURAL POLAND - Hurtowy Dystrybutor Surowc\u00f3w","article_publisher":"https:\/\/www.facebook.com\/naturalpoland.b2b","article_modified_time":"2026-03-18T10:51:41+00:00","og_image":[{"width":610,"height":610,"url":"https:\/\/naturalpoland.com\/wp-content\/uploads\/olejek-eteryczny-z-lisci-gozdzikow.webp","type":"image\/webp"}],"schema":{"@context":"https:\/\/schema.org","@graph":[{"@type":"WebPage","@id":"https:\/\/naturalpoland.com\/tr\/urunler\/kozmetik-hammaddeleri\/ucucu-yaglar\/karanfil-yagi\/","url":"https:\/\/naturalpoland.com\/tr\/urunler\/kozmetik-hammaddeleri\/ucucu-yaglar\/karanfil-yagi\/","name":"Karanfil Ya\u011f\u0131 - NATURAL POLAND - Hurtowy Dystrybutor Surowc\u00f3w","isPartOf":{"@id":"https:\/\/naturalpoland.com\/tr\/#website"},"primaryImageOfPage":{"@id":"https:\/\/naturalpoland.com\/tr\/urunler\/kozmetik-hammaddeleri\/ucucu-yaglar\/karanfil-yagi\/#primaryimage"},"image":{"@id":"https:\/\/naturalpoland.com\/tr\/urunler\/kozmetik-hammaddeleri\/ucucu-yaglar\/karanfil-yagi\/#primaryimage"},"thumbnailUrl":"https:\/\/naturalpoland.com\/wp-content\/uploads\/olejek-eteryczny-z-lisci-gozdzikow.webp","datePublished":"2024-10-11T11:25:48+00:00","dateModified":"2026-03-18T10:51:41+00:00","description":"Eugenia caryophyllus bitkisinin yapraklar\u0131ndan elde edilen karanfil ya\u011f\u0131, yo\u011fun, baharatl\u0131 kokusu ve y\u00fcksek \u00f6jenol i\u00e7eri\u011fiyle \u00f6ne \u00e7\u0131kar.","breadcrumb":{"@id":"https:\/\/naturalpoland.com\/tr\/urunler\/kozmetik-hammaddeleri\/ucucu-yaglar\/karanfil-yagi\/#breadcrumb"},"inLanguage":"tr","potentialAction":[{"@type":"ReadAction","target":["https:\/\/naturalpoland.com\/tr\/urunler\/kozmetik-hammaddeleri\/ucucu-yaglar\/karanfil-yagi\/"]}]},{"@type":"ImageObject","inLanguage":"tr","@id":"https:\/\/naturalpoland.com\/tr\/urunler\/kozmetik-hammaddeleri\/ucucu-yaglar\/karanfil-yagi\/#primaryimage","url":"https:\/\/naturalpoland.com\/wp-content\/uploads\/olejek-eteryczny-z-lisci-gozdzikow.webp","contentUrl":"https:\/\/naturalpoland.com\/wp-content\/uploads\/olejek-eteryczny-z-lisci-gozdzikow.webp","width":610,"height":610,"caption":"karanfil yapra\u011f\u0131 esansiyel ya\u011f\u0131"},{"@type":"BreadcrumbList","@id":"https:\/\/naturalpoland.com\/tr\/urunler\/kozmetik-hammaddeleri\/ucucu-yaglar\/karanfil-yagi\/#breadcrumb","itemListElement":[{"@type":"ListItem","position":1,"name":"Ana Sayfa","item":"https:\/\/naturalpoland.com\/tr\/"},{"@type":"ListItem","position":2,"name":"\u00dcr\u00fcnler","item":"https:\/\/naturalpoland.com\/tr\/urunler\/"},{"@type":"ListItem","position":3,"name":"Karanfil Ya\u011f\u0131"}]},{"@type":"WebSite","@id":"https:\/\/naturalpoland.com\/tr\/#website","url":"https:\/\/naturalpoland.com\/tr\/","name":"NATURAL POLAND - Hurtowy Dystrybutor Surowc\u00f3w","description":"Surowce dla przemys\u0142u spo\u017cywczego, kosmetycznego i farmaceutycznego","publisher":{"@id":"https:\/\/naturalpoland.com\/tr\/#organization"},"potentialAction":[{"@type":"SearchAction","target":{"@type":"EntryPoint","urlTemplate":"https:\/\/naturalpoland.com\/tr\/?s={search_term_string}"},"query-input":{"@type":"PropertyValueSpecification","valueRequired":true,"valueName":"search_term_string"}}],"inLanguage":"tr"},{"@type":"Organization","@id":"https:\/\/naturalpoland.com\/tr\/#organization","name":"Natural Poland","url":"https:\/\/naturalpoland.com\/tr\/","logo":{"@type":"ImageObject","inLanguage":"tr","@id":"https:\/\/naturalpoland.com\/tr\/#\/schema\/logo\/image\/","url":"https:\/\/naturalpoland.com\/wp-content\/uploads\/2021\/05\/natural-poland-icon.png","contentUrl":"https:\/\/naturalpoland.com\/wp-content\/uploads\/2021\/05\/natural-poland-icon.png","width":512,"height":512,"caption":"Natural Poland"},"image":{"@id":"https:\/\/naturalpoland.com\/tr\/#\/schema\/logo\/image\/"},"sameAs":["https:\/\/www.facebook.com\/naturalpoland.b2b","https:\/\/pl.linkedin.com\/company\/natural-poland","https:\/\/www.youtube.com\/channel\/UCgeGGkvOMahZo-xu_MSEWxg"]}]}},"_links":{"self":[{"href":"https:\/\/naturalpoland.com\/tr\/wp-json\/wp\/v2\/product\/46769","targetHints":{"allow":["GET"]}}],"collection":[{"href":"https:\/\/naturalpoland.com\/tr\/wp-json\/wp\/v2\/product"}],"about":[{"href":"https:\/\/naturalpoland.com\/tr\/wp-json\/wp\/v2\/types\/product"}],"wp:featuredmedia":[{"embeddable":true,"href":"https:\/\/naturalpoland.com\/tr\/wp-json\/wp\/v2\/media\/46770"}],"wp:attachment":[{"href":"https:\/\/naturalpoland.com\/tr\/wp-json\/wp\/v2\/media?parent=46769"}],"wp:term":[{"taxonomy":"product_brand","embeddable":true,"href":"https:\/\/naturalpoland.com\/tr\/wp-json\/wp\/v2\/product_brand?post=46769"},{"taxonomy":"product_cat","embeddable":true,"href":"https:\/\/naturalpoland.com\/tr\/wp-json\/wp\/v2\/product_cat?post=46769"},{"taxonomy":"product_tag","embeddable":true,"href":"https:\/\/naturalpoland.com\/tr\/wp-json\/wp\/v2\/product_tag?post=46769"}],"curies":[{"name":"wp","href":"https:\/\/api.w.org\/{rel}","templated":true}]}}