{"id":46775,"date":"2024-10-14T15:04:57","date_gmt":"2024-10-14T13:04:57","guid":{"rendered":"https:\/\/naturalpoland.com\/produkty\/kategorilenmemis\/okaliptus-yagi\/"},"modified":"2026-03-18T11:51:57","modified_gmt":"2026-03-18T10:51:57","slug":"okaliptus-yagi","status":"publish","type":"product","link":"https:\/\/naturalpoland.com\/tr\/urunler\/kozmetik-hammaddeleri\/ucucu-yaglar\/okaliptus-yagi\/","title":{"rendered":"Okalipt\u00fcs Ya\u011f\u0131"},"content":{"rendered":"<h2>\u00d6zellikler<\/h2>\n<p>Okalipt\u00fcs ya\u011f\u0131, bile\u015fiminde ba\u015fta 1,8-sineol (okaliptol) olmak \u00fczere, <strong>antiseptik<\/strong>, <strong>anti-enflamatuar<\/strong>, <strong>antiviral<\/strong> ve <strong>antibakteriyel<\/strong> gibi yo\u011fun sa\u011fl\u0131k \u00f6zelliklerinden sorumlu olan maddeleri i\u00e7erir. Genellikle solunum sistemi rahats\u0131zl\u0131klar\u0131n\u0131n tedavisinde kullan\u0131l\u0131r. D\u00fczenli kullan\u0131m\u0131 so\u011fuk alg\u0131nl\u0131\u011f\u0131, grip, t\u0131kal\u0131 sin\u00fcsler ve \u00f6ks\u00fcr\u00fck semptomlar\u0131n\u0131 hafifletmeye yard\u0131mc\u0131 olabilir. Ayr\u0131ca <strong>a\u011fr\u0131 kesici<\/strong> ve <strong>\u0131s\u0131t\u0131c\u0131<\/strong> etkilere sahip oldu\u011fu i\u00e7in kas ve romatizmal a\u011fr\u0131larda da tercih edilir.    <\/p>\n<h2>Kullan\u0131m alanlar\u0131<\/h2>\n<p>Okalipt\u00fcs esansiyel ya\u011f\u0131, <strong>aromaterapide<\/strong> dif\u00fcz\u00f6rlerde ve inhalat\u00f6rlerde kullan\u0131ld\u0131\u011f\u0131nda, taze kokusu havay\u0131 temizler ve daha iyi nefes almay\u0131 destekler. Solundu\u011funda balgam s\u00f6kt\u00fcr\u00fcc\u00fc etki g\u00f6stererek t\u0131kal\u0131 solunum yollar\u0131nda rahatlama sa\u011flar. <\/p>\n<p>Ya\u011f, <strong>losyonlara ve masaj ya\u011flar\u0131na katk\u0131 maddesi olarak<\/strong> cilde seyreltilmi\u015f \u015fekilde uygulanabilir. Tahri\u015fleri yat\u0131\u015ft\u0131rmaya, k\u00fc\u00e7\u00fck yaralar\u0131n iyile\u015fmesini h\u0131zland\u0131rmaya ve b\u00f6cek \u0131s\u0131r\u0131klar\u0131ndan sonraki ka\u015f\u0131nt\u0131y\u0131 azaltmaya yard\u0131mc\u0131 olur. Haricen kullan\u0131lan ya\u011f, mikro dola\u015f\u0131m\u0131 iyile\u015ftirir ve cildi ar\u0131nd\u0131r\u0131c\u0131 etki g\u00f6sterir.  <\/p>\n<p>Ta\u015f\u0131y\u0131c\u0131 bir ya\u011fda seyreltilmi\u015f okalipt\u00fcs ya\u011f\u0131, kas ve eklem a\u011fr\u0131lar\u0131 i\u00e7in <strong>masajda<\/strong> etkili olacakt\u0131r. Ayr\u0131ca uzun bir g\u00fcn\u00fcn ard\u0131ndan yenilenmeyi destekleyen rahatlat\u0131c\u0131 bir atmosfer yaratmak i\u00e7in banyoya da eklenebilir. <\/p>\n<p>G\u00fc\u00e7l\u00fc dezenfektan \u00f6zellikleri sayesinde ya\u011f, <strong>ev temizlik \u00fcr\u00fcnleri<\/strong> ve antibakteriyel preparatlar i\u00e7in ideal bir katk\u0131 maddesidir, temizleyici etkilerini destekler.<\/p>\n<p>Okalipt\u00fcs ya\u011f\u0131 y\u00fcksek konsantrasyonlu bir \u00fcr\u00fcn oldu\u011fundan dikkatli kullan\u0131lmal\u0131d\u0131r.<\/p>\n","protected":false},"excerpt":{"rendered":"<p>Okalipt\u00fcs esansiyel ya\u011f\u0131 (<em>Eucalyptus globulus<\/em>), aromaterapi ve sa\u011fl\u0131k bak\u0131m\u0131 i\u00e7in tasarlanm\u0131\u015f bir \u00fcr\u00fcnd\u00fcr. G\u00fc\u00e7l\u00fc, kafur benzeri, belirgin ve taze bir aromaya sahiptir; bu aroma an\u0131nda ferahl\u0131k ve ar\u0131nma hissi verir. Okalipt\u00fcs a\u011fac\u0131n\u0131n yapraklar\u0131n\u0131n buhar distilasyonu ile elde edilir.  <\/p>\n","protected":false},"featured_media":46776,"template":"","meta":{"_acf_changed":false},"product_brand":[],"product_cat":[9552],"product_tag":[],"class_list":{"0":"post-46775","1":"product","2":"type-product","3":"status-publish","4":"has-post-thumbnail","6":"product_cat-ucucu-yaglar","7":"pa_czesc-rosliny-yapraklar-2","9":"first","10":"instock","11":"shipping-taxable","12":"product-type-simple"},"acf":[],"yoast_head":"<!-- This site is optimized with the Yoast SEO plugin v27.5 - https:\/\/yoast.com\/product\/yoast-seo-wordpress\/ -->\n<title>Okalipt\u00fcs Ya\u011f\u0131 - NATURAL POLAND - Hurtowy Dystrybutor Surowc\u00f3w<\/title>\n<meta name=\"description\" content=\"Okalipt\u00fcs ya\u011f\u0131 terap\u00f6tik, antibakteriyel etkilere ve taze, ar\u0131nd\u0131r\u0131c\u0131 bir aromaya sahiptir. Ba\u015fl\u0131ca 1,8-sineol (okaliptol) i\u00e7erir.\" \/>\n<meta name=\"robots\" content=\"index, follow, max-snippet:-1, max-image-preview:large, max-video-preview:-1\" \/>\n<link rel=\"canonical\" href=\"https:\/\/naturalpoland.com\/tr\/urunler\/kozmetik-hammaddeleri\/ucucu-yaglar\/okaliptus-yagi\/\" \/>\n<meta property=\"og:locale\" content=\"tr_TR\" \/>\n<meta property=\"og:type\" content=\"article\" \/>\n<meta property=\"og:title\" content=\"Okalipt\u00fcs Ya\u011f\u0131 - NATURAL POLAND - Hurtowy Dystrybutor Surowc\u00f3w\" \/>\n<meta property=\"og:description\" content=\"Okalipt\u00fcs ya\u011f\u0131 terap\u00f6tik, antibakteriyel etkilere ve taze, ar\u0131nd\u0131r\u0131c\u0131 bir aromaya sahiptir. Ba\u015fl\u0131ca 1,8-sineol (okaliptol) i\u00e7erir.\" \/>\n<meta property=\"og:url\" content=\"https:\/\/naturalpoland.com\/tr\/urunler\/kozmetik-hammaddeleri\/ucucu-yaglar\/okaliptus-yagi\/\" \/>\n<meta property=\"og:site_name\" content=\"NATURAL POLAND - Hurtowy Dystrybutor Surowc\u00f3w\" \/>\n<meta property=\"article:publisher\" content=\"https:\/\/www.facebook.com\/naturalpoland.b2b\" \/>\n<meta property=\"article:modified_time\" content=\"2026-03-18T10:51:57+00:00\" \/>\n<meta property=\"og:image\" content=\"https:\/\/naturalpoland.com\/wp-content\/uploads\/olejek-eukaliptusowy.webp\" \/>\n\t<meta property=\"og:image:width\" content=\"610\" \/>\n\t<meta property=\"og:image:height\" content=\"610\" \/>\n\t<meta property=\"og:image:type\" content=\"image\/webp\" \/>\n<script type=\"application\/ld+json\" class=\"yoast-schema-graph\">{\"@context\":\"https:\\\/\\\/schema.org\",\"@graph\":[{\"@type\":\"WebPage\",\"@id\":\"https:\\\/\\\/naturalpoland.com\\\/tr\\\/urunler\\\/kozmetik-hammaddeleri\\\/ucucu-yaglar\\\/okaliptus-yagi\\\/\",\"url\":\"https:\\\/\\\/naturalpoland.com\\\/tr\\\/urunler\\\/kozmetik-hammaddeleri\\\/ucucu-yaglar\\\/okaliptus-yagi\\\/\",\"name\":\"Okalipt\u00fcs Ya\u011f\u0131 - NATURAL POLAND - Hurtowy Dystrybutor Surowc\u00f3w\",\"isPartOf\":{\"@id\":\"https:\\\/\\\/naturalpoland.com\\\/tr\\\/#website\"},\"primaryImageOfPage\":{\"@id\":\"https:\\\/\\\/naturalpoland.com\\\/tr\\\/urunler\\\/kozmetik-hammaddeleri\\\/ucucu-yaglar\\\/okaliptus-yagi\\\/#primaryimage\"},\"image\":{\"@id\":\"https:\\\/\\\/naturalpoland.com\\\/tr\\\/urunler\\\/kozmetik-hammaddeleri\\\/ucucu-yaglar\\\/okaliptus-yagi\\\/#primaryimage\"},\"thumbnailUrl\":\"https:\\\/\\\/naturalpoland.com\\\/wp-content\\\/uploads\\\/olejek-eukaliptusowy.webp\",\"datePublished\":\"2024-10-14T13:04:57+00:00\",\"dateModified\":\"2026-03-18T10:51:57+00:00\",\"description\":\"Okalipt\u00fcs ya\u011f\u0131 terap\u00f6tik, antibakteriyel etkilere ve taze, ar\u0131nd\u0131r\u0131c\u0131 bir aromaya sahiptir. Ba\u015fl\u0131ca 1,8-sineol (okaliptol) i\u00e7erir.\",\"breadcrumb\":{\"@id\":\"https:\\\/\\\/naturalpoland.com\\\/tr\\\/urunler\\\/kozmetik-hammaddeleri\\\/ucucu-yaglar\\\/okaliptus-yagi\\\/#breadcrumb\"},\"inLanguage\":\"tr\",\"potentialAction\":[{\"@type\":\"ReadAction\",\"target\":[\"https:\\\/\\\/naturalpoland.com\\\/tr\\\/urunler\\\/kozmetik-hammaddeleri\\\/ucucu-yaglar\\\/okaliptus-yagi\\\/\"]}]},{\"@type\":\"ImageObject\",\"inLanguage\":\"tr\",\"@id\":\"https:\\\/\\\/naturalpoland.com\\\/tr\\\/urunler\\\/kozmetik-hammaddeleri\\\/ucucu-yaglar\\\/okaliptus-yagi\\\/#primaryimage\",\"url\":\"https:\\\/\\\/naturalpoland.com\\\/wp-content\\\/uploads\\\/olejek-eukaliptusowy.webp\",\"contentUrl\":\"https:\\\/\\\/naturalpoland.com\\\/wp-content\\\/uploads\\\/olejek-eukaliptusowy.webp\",\"width\":610,\"height\":610,\"caption\":\"Okalipt\u00fcs esansiyel ya\u011f\u0131 (Eucalyptus globulus)\"},{\"@type\":\"BreadcrumbList\",\"@id\":\"https:\\\/\\\/naturalpoland.com\\\/tr\\\/urunler\\\/kozmetik-hammaddeleri\\\/ucucu-yaglar\\\/okaliptus-yagi\\\/#breadcrumb\",\"itemListElement\":[{\"@type\":\"ListItem\",\"position\":1,\"name\":\"Ana Sayfa\",\"item\":\"https:\\\/\\\/naturalpoland.com\\\/tr\\\/\"},{\"@type\":\"ListItem\",\"position\":2,\"name\":\"\u00dcr\u00fcnler\",\"item\":\"https:\\\/\\\/naturalpoland.com\\\/tr\\\/urunler\\\/\"},{\"@type\":\"ListItem\",\"position\":3,\"name\":\"Okalipt\u00fcs Ya\u011f\u0131\"}]},{\"@type\":\"WebSite\",\"@id\":\"https:\\\/\\\/naturalpoland.com\\\/tr\\\/#website\",\"url\":\"https:\\\/\\\/naturalpoland.com\\\/tr\\\/\",\"name\":\"NATURAL POLAND - Hurtowy Dystrybutor Surowc\u00f3w\",\"description\":\"Surowce dla przemys\u0142u spo\u017cywczego, kosmetycznego i farmaceutycznego\",\"publisher\":{\"@id\":\"https:\\\/\\\/naturalpoland.com\\\/tr\\\/#organization\"},\"potentialAction\":[{\"@type\":\"SearchAction\",\"target\":{\"@type\":\"EntryPoint\",\"urlTemplate\":\"https:\\\/\\\/naturalpoland.com\\\/tr\\\/?s={search_term_string}\"},\"query-input\":{\"@type\":\"PropertyValueSpecification\",\"valueRequired\":true,\"valueName\":\"search_term_string\"}}],\"inLanguage\":\"tr\"},{\"@type\":\"Organization\",\"@id\":\"https:\\\/\\\/naturalpoland.com\\\/tr\\\/#organization\",\"name\":\"Natural Poland\",\"url\":\"https:\\\/\\\/naturalpoland.com\\\/tr\\\/\",\"logo\":{\"@type\":\"ImageObject\",\"inLanguage\":\"tr\",\"@id\":\"https:\\\/\\\/naturalpoland.com\\\/tr\\\/#\\\/schema\\\/logo\\\/image\\\/\",\"url\":\"https:\\\/\\\/naturalpoland.com\\\/wp-content\\\/uploads\\\/2021\\\/05\\\/natural-poland-icon.png\",\"contentUrl\":\"https:\\\/\\\/naturalpoland.com\\\/wp-content\\\/uploads\\\/2021\\\/05\\\/natural-poland-icon.png\",\"width\":512,\"height\":512,\"caption\":\"Natural Poland\"},\"image\":{\"@id\":\"https:\\\/\\\/naturalpoland.com\\\/tr\\\/#\\\/schema\\\/logo\\\/image\\\/\"},\"sameAs\":[\"https:\\\/\\\/www.facebook.com\\\/naturalpoland.b2b\",\"https:\\\/\\\/pl.linkedin.com\\\/company\\\/natural-poland\",\"https:\\\/\\\/www.youtube.com\\\/channel\\\/UCgeGGkvOMahZo-xu_MSEWxg\"]}]}<\/script>\n<!-- \/ Yoast SEO plugin. -->","yoast_head_json":{"title":"Okalipt\u00fcs Ya\u011f\u0131 - NATURAL POLAND - Hurtowy Dystrybutor Surowc\u00f3w","description":"Okalipt\u00fcs ya\u011f\u0131 terap\u00f6tik, antibakteriyel etkilere ve taze, ar\u0131nd\u0131r\u0131c\u0131 bir aromaya sahiptir. Ba\u015fl\u0131ca 1,8-sineol (okaliptol) i\u00e7erir.","robots":{"index":"index","follow":"follow","max-snippet":"max-snippet:-1","max-image-preview":"max-image-preview:large","max-video-preview":"max-video-preview:-1"},"canonical":"https:\/\/naturalpoland.com\/tr\/urunler\/kozmetik-hammaddeleri\/ucucu-yaglar\/okaliptus-yagi\/","og_locale":"tr_TR","og_type":"article","og_title":"Okalipt\u00fcs Ya\u011f\u0131 - NATURAL POLAND - Hurtowy Dystrybutor Surowc\u00f3w","og_description":"Okalipt\u00fcs ya\u011f\u0131 terap\u00f6tik, antibakteriyel etkilere ve taze, ar\u0131nd\u0131r\u0131c\u0131 bir aromaya sahiptir. Ba\u015fl\u0131ca 1,8-sineol (okaliptol) i\u00e7erir.","og_url":"https:\/\/naturalpoland.com\/tr\/urunler\/kozmetik-hammaddeleri\/ucucu-yaglar\/okaliptus-yagi\/","og_site_name":"NATURAL POLAND - Hurtowy Dystrybutor Surowc\u00f3w","article_publisher":"https:\/\/www.facebook.com\/naturalpoland.b2b","article_modified_time":"2026-03-18T10:51:57+00:00","og_image":[{"width":610,"height":610,"url":"https:\/\/naturalpoland.com\/wp-content\/uploads\/olejek-eukaliptusowy.webp","type":"image\/webp"}],"schema":{"@context":"https:\/\/schema.org","@graph":[{"@type":"WebPage","@id":"https:\/\/naturalpoland.com\/tr\/urunler\/kozmetik-hammaddeleri\/ucucu-yaglar\/okaliptus-yagi\/","url":"https:\/\/naturalpoland.com\/tr\/urunler\/kozmetik-hammaddeleri\/ucucu-yaglar\/okaliptus-yagi\/","name":"Okalipt\u00fcs Ya\u011f\u0131 - NATURAL POLAND - Hurtowy Dystrybutor Surowc\u00f3w","isPartOf":{"@id":"https:\/\/naturalpoland.com\/tr\/#website"},"primaryImageOfPage":{"@id":"https:\/\/naturalpoland.com\/tr\/urunler\/kozmetik-hammaddeleri\/ucucu-yaglar\/okaliptus-yagi\/#primaryimage"},"image":{"@id":"https:\/\/naturalpoland.com\/tr\/urunler\/kozmetik-hammaddeleri\/ucucu-yaglar\/okaliptus-yagi\/#primaryimage"},"thumbnailUrl":"https:\/\/naturalpoland.com\/wp-content\/uploads\/olejek-eukaliptusowy.webp","datePublished":"2024-10-14T13:04:57+00:00","dateModified":"2026-03-18T10:51:57+00:00","description":"Okalipt\u00fcs ya\u011f\u0131 terap\u00f6tik, antibakteriyel etkilere ve taze, ar\u0131nd\u0131r\u0131c\u0131 bir aromaya sahiptir. Ba\u015fl\u0131ca 1,8-sineol (okaliptol) i\u00e7erir.","breadcrumb":{"@id":"https:\/\/naturalpoland.com\/tr\/urunler\/kozmetik-hammaddeleri\/ucucu-yaglar\/okaliptus-yagi\/#breadcrumb"},"inLanguage":"tr","potentialAction":[{"@type":"ReadAction","target":["https:\/\/naturalpoland.com\/tr\/urunler\/kozmetik-hammaddeleri\/ucucu-yaglar\/okaliptus-yagi\/"]}]},{"@type":"ImageObject","inLanguage":"tr","@id":"https:\/\/naturalpoland.com\/tr\/urunler\/kozmetik-hammaddeleri\/ucucu-yaglar\/okaliptus-yagi\/#primaryimage","url":"https:\/\/naturalpoland.com\/wp-content\/uploads\/olejek-eukaliptusowy.webp","contentUrl":"https:\/\/naturalpoland.com\/wp-content\/uploads\/olejek-eukaliptusowy.webp","width":610,"height":610,"caption":"Okalipt\u00fcs esansiyel ya\u011f\u0131 (Eucalyptus globulus)"},{"@type":"BreadcrumbList","@id":"https:\/\/naturalpoland.com\/tr\/urunler\/kozmetik-hammaddeleri\/ucucu-yaglar\/okaliptus-yagi\/#breadcrumb","itemListElement":[{"@type":"ListItem","position":1,"name":"Ana Sayfa","item":"https:\/\/naturalpoland.com\/tr\/"},{"@type":"ListItem","position":2,"name":"\u00dcr\u00fcnler","item":"https:\/\/naturalpoland.com\/tr\/urunler\/"},{"@type":"ListItem","position":3,"name":"Okalipt\u00fcs Ya\u011f\u0131"}]},{"@type":"WebSite","@id":"https:\/\/naturalpoland.com\/tr\/#website","url":"https:\/\/naturalpoland.com\/tr\/","name":"NATURAL POLAND - Hurtowy Dystrybutor Surowc\u00f3w","description":"Surowce dla przemys\u0142u spo\u017cywczego, kosmetycznego i farmaceutycznego","publisher":{"@id":"https:\/\/naturalpoland.com\/tr\/#organization"},"potentialAction":[{"@type":"SearchAction","target":{"@type":"EntryPoint","urlTemplate":"https:\/\/naturalpoland.com\/tr\/?s={search_term_string}"},"query-input":{"@type":"PropertyValueSpecification","valueRequired":true,"valueName":"search_term_string"}}],"inLanguage":"tr"},{"@type":"Organization","@id":"https:\/\/naturalpoland.com\/tr\/#organization","name":"Natural Poland","url":"https:\/\/naturalpoland.com\/tr\/","logo":{"@type":"ImageObject","inLanguage":"tr","@id":"https:\/\/naturalpoland.com\/tr\/#\/schema\/logo\/image\/","url":"https:\/\/naturalpoland.com\/wp-content\/uploads\/2021\/05\/natural-poland-icon.png","contentUrl":"https:\/\/naturalpoland.com\/wp-content\/uploads\/2021\/05\/natural-poland-icon.png","width":512,"height":512,"caption":"Natural Poland"},"image":{"@id":"https:\/\/naturalpoland.com\/tr\/#\/schema\/logo\/image\/"},"sameAs":["https:\/\/www.facebook.com\/naturalpoland.b2b","https:\/\/pl.linkedin.com\/company\/natural-poland","https:\/\/www.youtube.com\/channel\/UCgeGGkvOMahZo-xu_MSEWxg"]}]}},"_links":{"self":[{"href":"https:\/\/naturalpoland.com\/tr\/wp-json\/wp\/v2\/product\/46775","targetHints":{"allow":["GET"]}}],"collection":[{"href":"https:\/\/naturalpoland.com\/tr\/wp-json\/wp\/v2\/product"}],"about":[{"href":"https:\/\/naturalpoland.com\/tr\/wp-json\/wp\/v2\/types\/product"}],"wp:featuredmedia":[{"embeddable":true,"href":"https:\/\/naturalpoland.com\/tr\/wp-json\/wp\/v2\/media\/46776"}],"wp:attachment":[{"href":"https:\/\/naturalpoland.com\/tr\/wp-json\/wp\/v2\/media?parent=46775"}],"wp:term":[{"taxonomy":"product_brand","embeddable":true,"href":"https:\/\/naturalpoland.com\/tr\/wp-json\/wp\/v2\/product_brand?post=46775"},{"taxonomy":"product_cat","embeddable":true,"href":"https:\/\/naturalpoland.com\/tr\/wp-json\/wp\/v2\/product_cat?post=46775"},{"taxonomy":"product_tag","embeddable":true,"href":"https:\/\/naturalpoland.com\/tr\/wp-json\/wp\/v2\/product_tag?post=46775"}],"curies":[{"name":"wp","href":"https:\/\/api.w.org\/{rel}","templated":true}]}}