{"id":46781,"date":"2024-10-09T10:38:58","date_gmt":"2024-10-09T08:38:58","guid":{"rendered":"https:\/\/naturalpoland.com\/produkty\/kategorilenmemis\/kekik-yagi-2\/"},"modified":"2026-03-18T12:18:06","modified_gmt":"2026-03-18T11:18:06","slug":"kekik-yagi-2","status":"publish","type":"product","link":"https:\/\/naturalpoland.com\/tr\/urunler\/kozmetik-hammaddeleri\/ucucu-yaglar\/kekik-yagi-2\/","title":{"rendered":"Kekik Ya\u011f\u0131"},"content":{"rendered":"<h2>\u00d6zellikler ve kullan\u0131m<\/h2>\n<p>Kekik u\u00e7ucu ya\u011f\u0131, tonik ve enerji verici \u00f6zelliklere sahip yo\u011fun, baharatl\u0131 bir kokuya sahiptir. Timol ve karvakrol a\u00e7\u0131s\u0131ndan zengindir; bunlar, antibakteriyel, antiviral ve antifungal \u00f6zellikleri kan\u0131tlanm\u0131\u015f do\u011fal antiseptiklerdir. Bu nedenle, ya\u011f sorunlu cilt bak\u0131m\u0131nda etkilidir, cildin temizlenmesine ve sebum dengesinin d\u00fczenlenmesine yard\u0131mc\u0131 olur.  <\/p>\n<p>Ya\u011f, aromaterapide harika sonu\u00e7lar verir. Kullan\u0131ld\u0131\u011f\u0131 inhalasyonlar, solunum yollar\u0131n\u0131 temizlemeye yard\u0131mc\u0131 olarak so\u011fuk alg\u0131nl\u0131\u011f\u0131 ve enfeksiyonlar s\u0131ras\u0131nda nefes almay\u0131 kolayla\u015ft\u0131r\u0131r. Is\u0131t\u0131c\u0131 \u00f6zellikleri ise yorgunluk, kas gerginli\u011fi ve romatizma durumlar\u0131nda banyo ve masajlar i\u00e7in ideal bir bile\u015fen olmas\u0131n\u0131 sa\u011flar. Solundu\u011funda konsantrasyonu destekler ve zihni canland\u0131r\u0131r.   <\/p>\n<p>Kekik ya\u011f\u0131 yo\u011fun etkili bir ya\u011f oldu\u011fundan, her zaman seyreltilerek kullan\u0131lmal\u0131d\u0131r. Cilde saf halde uygulanmas\u0131 tahri\u015fe neden olabilece\u011fi i\u00e7in tavsiye edilmez. <\/p>\n","protected":false},"excerpt":{"rendered":"<p>Kekik ya\u011f\u0131, \u0130spanya ve Hindistan&#8217;da yeti\u015ftirilen \u00e7i\u00e7ekli adi kekik (Thymus vulgaris) bitkisinden buhar distilasyonu y\u00f6ntemiyle elde edilen %100 do\u011fal bir bitkisel ekstraktt\u0131r.<\/p>\n","protected":false},"featured_media":46782,"template":"","meta":{"_acf_changed":false},"product_brand":[],"product_cat":[9552],"product_tag":[],"class_list":{"0":"post-46781","1":"product","2":"type-product","3":"status-publish","4":"has-post-thumbnail","6":"product_cat-ucucu-yaglar","8":"first","9":"instock","10":"shipping-taxable","11":"product-type-simple"},"acf":[],"yoast_head":"<!-- This site is optimized with the Yoast SEO plugin v27.6 - https:\/\/yoast.com\/product\/yoast-seo-wordpress\/ -->\n<title>Kekik Ya\u011f\u0131 - NATURAL POLAND - Hurtowy Dystrybutor Surowc\u00f3w<\/title>\n<meta name=\"description\" content=\"Kekik ya\u011f\u0131, \u00e7i\u00e7ekli adi kekik (Thymus vulgaris) bitkisinden buhar distilasyonu y\u00f6ntemiyle elde edilen 0 do\u011fal bir bitkisel ekstraktt\u0131r.\" \/>\n<meta name=\"robots\" content=\"index, follow, max-snippet:-1, max-image-preview:large, max-video-preview:-1\" \/>\n<link rel=\"canonical\" href=\"https:\/\/naturalpoland.com\/tr\/urunler\/kozmetik-hammaddeleri\/ucucu-yaglar\/kekik-yagi-2\/\" \/>\n<meta property=\"og:locale\" content=\"tr_TR\" \/>\n<meta property=\"og:type\" content=\"article\" \/>\n<meta property=\"og:title\" content=\"Kekik Ya\u011f\u0131 - NATURAL POLAND - Hurtowy Dystrybutor Surowc\u00f3w\" \/>\n<meta property=\"og:description\" content=\"Kekik ya\u011f\u0131, \u00e7i\u00e7ekli adi kekik (Thymus vulgaris) bitkisinden buhar distilasyonu y\u00f6ntemiyle elde edilen 0 do\u011fal bir bitkisel ekstraktt\u0131r.\" \/>\n<meta property=\"og:url\" content=\"https:\/\/naturalpoland.com\/tr\/urunler\/kozmetik-hammaddeleri\/ucucu-yaglar\/kekik-yagi-2\/\" \/>\n<meta property=\"og:site_name\" content=\"NATURAL POLAND - Hurtowy Dystrybutor Surowc\u00f3w\" \/>\n<meta property=\"article:publisher\" content=\"https:\/\/www.facebook.com\/naturalpoland.b2b\" \/>\n<meta property=\"article:modified_time\" content=\"2026-03-18T11:18:06+00:00\" \/>\n<meta property=\"og:image\" content=\"https:\/\/naturalpoland.com\/wp-content\/uploads\/olejek-tymiankowy.webp\" \/>\n\t<meta property=\"og:image:width\" content=\"700\" \/>\n\t<meta property=\"og:image:height\" content=\"700\" \/>\n\t<meta property=\"og:image:type\" content=\"image\/webp\" \/>\n<script type=\"application\/ld+json\" class=\"yoast-schema-graph\">{\"@context\":\"https:\\\/\\\/schema.org\",\"@graph\":[{\"@type\":\"WebPage\",\"@id\":\"https:\\\/\\\/naturalpoland.com\\\/tr\\\/urunler\\\/kozmetik-hammaddeleri\\\/ucucu-yaglar\\\/kekik-yagi-2\\\/\",\"url\":\"https:\\\/\\\/naturalpoland.com\\\/tr\\\/urunler\\\/kozmetik-hammaddeleri\\\/ucucu-yaglar\\\/kekik-yagi-2\\\/\",\"name\":\"Kekik Ya\u011f\u0131 - NATURAL POLAND - Hurtowy Dystrybutor Surowc\u00f3w\",\"isPartOf\":{\"@id\":\"https:\\\/\\\/naturalpoland.com\\\/tr\\\/#website\"},\"primaryImageOfPage\":{\"@id\":\"https:\\\/\\\/naturalpoland.com\\\/tr\\\/urunler\\\/kozmetik-hammaddeleri\\\/ucucu-yaglar\\\/kekik-yagi-2\\\/#primaryimage\"},\"image\":{\"@id\":\"https:\\\/\\\/naturalpoland.com\\\/tr\\\/urunler\\\/kozmetik-hammaddeleri\\\/ucucu-yaglar\\\/kekik-yagi-2\\\/#primaryimage\"},\"thumbnailUrl\":\"https:\\\/\\\/naturalpoland.com\\\/wp-content\\\/uploads\\\/olejek-tymiankowy.webp\",\"datePublished\":\"2024-10-09T08:38:58+00:00\",\"dateModified\":\"2026-03-18T11:18:06+00:00\",\"description\":\"Kekik ya\u011f\u0131, \u00e7i\u00e7ekli adi kekik (Thymus vulgaris) bitkisinden buhar distilasyonu y\u00f6ntemiyle elde edilen 0 do\u011fal bir bitkisel ekstraktt\u0131r.\",\"breadcrumb\":{\"@id\":\"https:\\\/\\\/naturalpoland.com\\\/tr\\\/urunler\\\/kozmetik-hammaddeleri\\\/ucucu-yaglar\\\/kekik-yagi-2\\\/#breadcrumb\"},\"inLanguage\":\"tr\",\"potentialAction\":[{\"@type\":\"ReadAction\",\"target\":[\"https:\\\/\\\/naturalpoland.com\\\/tr\\\/urunler\\\/kozmetik-hammaddeleri\\\/ucucu-yaglar\\\/kekik-yagi-2\\\/\"]}]},{\"@type\":\"ImageObject\",\"inLanguage\":\"tr\",\"@id\":\"https:\\\/\\\/naturalpoland.com\\\/tr\\\/urunler\\\/kozmetik-hammaddeleri\\\/ucucu-yaglar\\\/kekik-yagi-2\\\/#primaryimage\",\"url\":\"https:\\\/\\\/naturalpoland.com\\\/wp-content\\\/uploads\\\/olejek-tymiankowy.webp\",\"contentUrl\":\"https:\\\/\\\/naturalpoland.com\\\/wp-content\\\/uploads\\\/olejek-tymiankowy.webp\",\"width\":700,\"height\":700,\"caption\":\"kekik ya\u011f\u0131\"},{\"@type\":\"BreadcrumbList\",\"@id\":\"https:\\\/\\\/naturalpoland.com\\\/tr\\\/urunler\\\/kozmetik-hammaddeleri\\\/ucucu-yaglar\\\/kekik-yagi-2\\\/#breadcrumb\",\"itemListElement\":[{\"@type\":\"ListItem\",\"position\":1,\"name\":\"Ana Sayfa\",\"item\":\"https:\\\/\\\/naturalpoland.com\\\/tr\\\/\"},{\"@type\":\"ListItem\",\"position\":2,\"name\":\"\u00dcr\u00fcnler\",\"item\":\"https:\\\/\\\/naturalpoland.com\\\/tr\\\/urunler\\\/\"},{\"@type\":\"ListItem\",\"position\":3,\"name\":\"Kekik Ya\u011f\u0131\"}]},{\"@type\":\"WebSite\",\"@id\":\"https:\\\/\\\/naturalpoland.com\\\/tr\\\/#website\",\"url\":\"https:\\\/\\\/naturalpoland.com\\\/tr\\\/\",\"name\":\"NATURAL POLAND - Hurtowy Dystrybutor Surowc\u00f3w\",\"description\":\"Surowce dla przemys\u0142u spo\u017cywczego, kosmetycznego i farmaceutycznego\",\"publisher\":{\"@id\":\"https:\\\/\\\/naturalpoland.com\\\/tr\\\/#organization\"},\"potentialAction\":[{\"@type\":\"SearchAction\",\"target\":{\"@type\":\"EntryPoint\",\"urlTemplate\":\"https:\\\/\\\/naturalpoland.com\\\/tr\\\/?s={search_term_string}\"},\"query-input\":{\"@type\":\"PropertyValueSpecification\",\"valueRequired\":true,\"valueName\":\"search_term_string\"}}],\"inLanguage\":\"tr\"},{\"@type\":\"Organization\",\"@id\":\"https:\\\/\\\/naturalpoland.com\\\/tr\\\/#organization\",\"name\":\"Natural Poland\",\"url\":\"https:\\\/\\\/naturalpoland.com\\\/tr\\\/\",\"logo\":{\"@type\":\"ImageObject\",\"inLanguage\":\"tr\",\"@id\":\"https:\\\/\\\/naturalpoland.com\\\/tr\\\/#\\\/schema\\\/logo\\\/image\\\/\",\"url\":\"https:\\\/\\\/naturalpoland.com\\\/wp-content\\\/uploads\\\/2021\\\/05\\\/natural-poland-icon.png\",\"contentUrl\":\"https:\\\/\\\/naturalpoland.com\\\/wp-content\\\/uploads\\\/2021\\\/05\\\/natural-poland-icon.png\",\"width\":512,\"height\":512,\"caption\":\"Natural Poland\"},\"image\":{\"@id\":\"https:\\\/\\\/naturalpoland.com\\\/tr\\\/#\\\/schema\\\/logo\\\/image\\\/\"},\"sameAs\":[\"https:\\\/\\\/www.facebook.com\\\/naturalpoland.b2b\",\"https:\\\/\\\/pl.linkedin.com\\\/company\\\/natural-poland\",\"https:\\\/\\\/www.youtube.com\\\/channel\\\/UCgeGGkvOMahZo-xu_MSEWxg\"]}]}<\/script>\n<!-- \/ Yoast SEO plugin. -->","yoast_head_json":{"title":"Kekik Ya\u011f\u0131 - NATURAL POLAND - Hurtowy Dystrybutor Surowc\u00f3w","description":"Kekik ya\u011f\u0131, \u00e7i\u00e7ekli adi kekik (Thymus vulgaris) bitkisinden buhar distilasyonu y\u00f6ntemiyle elde edilen 0 do\u011fal bir bitkisel ekstraktt\u0131r.","robots":{"index":"index","follow":"follow","max-snippet":"max-snippet:-1","max-image-preview":"max-image-preview:large","max-video-preview":"max-video-preview:-1"},"canonical":"https:\/\/naturalpoland.com\/tr\/urunler\/kozmetik-hammaddeleri\/ucucu-yaglar\/kekik-yagi-2\/","og_locale":"tr_TR","og_type":"article","og_title":"Kekik Ya\u011f\u0131 - NATURAL POLAND - Hurtowy Dystrybutor Surowc\u00f3w","og_description":"Kekik ya\u011f\u0131, \u00e7i\u00e7ekli adi kekik (Thymus vulgaris) bitkisinden buhar distilasyonu y\u00f6ntemiyle elde edilen 0 do\u011fal bir bitkisel ekstraktt\u0131r.","og_url":"https:\/\/naturalpoland.com\/tr\/urunler\/kozmetik-hammaddeleri\/ucucu-yaglar\/kekik-yagi-2\/","og_site_name":"NATURAL POLAND - Hurtowy Dystrybutor Surowc\u00f3w","article_publisher":"https:\/\/www.facebook.com\/naturalpoland.b2b","article_modified_time":"2026-03-18T11:18:06+00:00","og_image":[{"width":700,"height":700,"url":"https:\/\/naturalpoland.com\/wp-content\/uploads\/olejek-tymiankowy.webp","type":"image\/webp"}],"schema":{"@context":"https:\/\/schema.org","@graph":[{"@type":"WebPage","@id":"https:\/\/naturalpoland.com\/tr\/urunler\/kozmetik-hammaddeleri\/ucucu-yaglar\/kekik-yagi-2\/","url":"https:\/\/naturalpoland.com\/tr\/urunler\/kozmetik-hammaddeleri\/ucucu-yaglar\/kekik-yagi-2\/","name":"Kekik Ya\u011f\u0131 - NATURAL POLAND - Hurtowy Dystrybutor Surowc\u00f3w","isPartOf":{"@id":"https:\/\/naturalpoland.com\/tr\/#website"},"primaryImageOfPage":{"@id":"https:\/\/naturalpoland.com\/tr\/urunler\/kozmetik-hammaddeleri\/ucucu-yaglar\/kekik-yagi-2\/#primaryimage"},"image":{"@id":"https:\/\/naturalpoland.com\/tr\/urunler\/kozmetik-hammaddeleri\/ucucu-yaglar\/kekik-yagi-2\/#primaryimage"},"thumbnailUrl":"https:\/\/naturalpoland.com\/wp-content\/uploads\/olejek-tymiankowy.webp","datePublished":"2024-10-09T08:38:58+00:00","dateModified":"2026-03-18T11:18:06+00:00","description":"Kekik ya\u011f\u0131, \u00e7i\u00e7ekli adi kekik (Thymus vulgaris) bitkisinden buhar distilasyonu y\u00f6ntemiyle elde edilen 0 do\u011fal bir bitkisel ekstraktt\u0131r.","breadcrumb":{"@id":"https:\/\/naturalpoland.com\/tr\/urunler\/kozmetik-hammaddeleri\/ucucu-yaglar\/kekik-yagi-2\/#breadcrumb"},"inLanguage":"tr","potentialAction":[{"@type":"ReadAction","target":["https:\/\/naturalpoland.com\/tr\/urunler\/kozmetik-hammaddeleri\/ucucu-yaglar\/kekik-yagi-2\/"]}]},{"@type":"ImageObject","inLanguage":"tr","@id":"https:\/\/naturalpoland.com\/tr\/urunler\/kozmetik-hammaddeleri\/ucucu-yaglar\/kekik-yagi-2\/#primaryimage","url":"https:\/\/naturalpoland.com\/wp-content\/uploads\/olejek-tymiankowy.webp","contentUrl":"https:\/\/naturalpoland.com\/wp-content\/uploads\/olejek-tymiankowy.webp","width":700,"height":700,"caption":"kekik ya\u011f\u0131"},{"@type":"BreadcrumbList","@id":"https:\/\/naturalpoland.com\/tr\/urunler\/kozmetik-hammaddeleri\/ucucu-yaglar\/kekik-yagi-2\/#breadcrumb","itemListElement":[{"@type":"ListItem","position":1,"name":"Ana Sayfa","item":"https:\/\/naturalpoland.com\/tr\/"},{"@type":"ListItem","position":2,"name":"\u00dcr\u00fcnler","item":"https:\/\/naturalpoland.com\/tr\/urunler\/"},{"@type":"ListItem","position":3,"name":"Kekik Ya\u011f\u0131"}]},{"@type":"WebSite","@id":"https:\/\/naturalpoland.com\/tr\/#website","url":"https:\/\/naturalpoland.com\/tr\/","name":"NATURAL POLAND - Hurtowy Dystrybutor Surowc\u00f3w","description":"Surowce dla przemys\u0142u spo\u017cywczego, kosmetycznego i farmaceutycznego","publisher":{"@id":"https:\/\/naturalpoland.com\/tr\/#organization"},"potentialAction":[{"@type":"SearchAction","target":{"@type":"EntryPoint","urlTemplate":"https:\/\/naturalpoland.com\/tr\/?s={search_term_string}"},"query-input":{"@type":"PropertyValueSpecification","valueRequired":true,"valueName":"search_term_string"}}],"inLanguage":"tr"},{"@type":"Organization","@id":"https:\/\/naturalpoland.com\/tr\/#organization","name":"Natural Poland","url":"https:\/\/naturalpoland.com\/tr\/","logo":{"@type":"ImageObject","inLanguage":"tr","@id":"https:\/\/naturalpoland.com\/tr\/#\/schema\/logo\/image\/","url":"https:\/\/naturalpoland.com\/wp-content\/uploads\/2021\/05\/natural-poland-icon.png","contentUrl":"https:\/\/naturalpoland.com\/wp-content\/uploads\/2021\/05\/natural-poland-icon.png","width":512,"height":512,"caption":"Natural Poland"},"image":{"@id":"https:\/\/naturalpoland.com\/tr\/#\/schema\/logo\/image\/"},"sameAs":["https:\/\/www.facebook.com\/naturalpoland.b2b","https:\/\/pl.linkedin.com\/company\/natural-poland","https:\/\/www.youtube.com\/channel\/UCgeGGkvOMahZo-xu_MSEWxg"]}]}},"_links":{"self":[{"href":"https:\/\/naturalpoland.com\/tr\/wp-json\/wp\/v2\/product\/46781","targetHints":{"allow":["GET"]}}],"collection":[{"href":"https:\/\/naturalpoland.com\/tr\/wp-json\/wp\/v2\/product"}],"about":[{"href":"https:\/\/naturalpoland.com\/tr\/wp-json\/wp\/v2\/types\/product"}],"wp:featuredmedia":[{"embeddable":true,"href":"https:\/\/naturalpoland.com\/tr\/wp-json\/wp\/v2\/media\/46782"}],"wp:attachment":[{"href":"https:\/\/naturalpoland.com\/tr\/wp-json\/wp\/v2\/media?parent=46781"}],"wp:term":[{"taxonomy":"product_brand","embeddable":true,"href":"https:\/\/naturalpoland.com\/tr\/wp-json\/wp\/v2\/product_brand?post=46781"},{"taxonomy":"product_cat","embeddable":true,"href":"https:\/\/naturalpoland.com\/tr\/wp-json\/wp\/v2\/product_cat?post=46781"},{"taxonomy":"product_tag","embeddable":true,"href":"https:\/\/naturalpoland.com\/tr\/wp-json\/wp\/v2\/product_tag?post=46781"}],"curies":[{"name":"wp","href":"https:\/\/api.w.org\/{rel}","templated":true}]}}