{"id":46785,"date":"2024-10-09T10:26:12","date_gmt":"2024-10-09T08:26:12","guid":{"rendered":"https:\/\/naturalpoland.com\/produkty\/kategorilenmemis\/biberiye-yagi\/"},"modified":"2026-03-18T12:18:26","modified_gmt":"2026-03-18T11:18:26","slug":"biberiye-yagi","status":"publish","type":"product","link":"https:\/\/naturalpoland.com\/tr\/urunler\/kozmetik-hammaddeleri\/ucucu-yaglar\/biberiye-yagi\/","title":{"rendered":"Biberiye Ya\u011f\u0131"},"content":{"rendered":"<h2>Biberiye Ya\u011f\u0131n\u0131n \u00d6zellikleri<\/h2>\n<p>Biberiye ya\u011f\u0131 antibakteriyel, antifungal ve antienflamatuar \u00f6zelliklere sahiptir. Cildin temizlenmesine yard\u0131mc\u0131 olur ve kusurlar\u0131n olu\u015fumunu \u00f6nler. Dola\u015f\u0131m\u0131 uyar\u0131r, cildi s\u0131k\u0131la\u015ft\u0131r\u0131r ve antioksidan etki g\u00f6sterir. Akne kar\u015f\u0131t\u0131, ya\u015flanma kar\u015f\u0131t\u0131 ve sel\u00fclit kar\u015f\u0131t\u0131 kozmetik form\u00fclasyonlar\u0131nda kullan\u0131l\u0131r.   <\/p>\n<h2>Sa\u00e7 i\u00e7in Biberiye Ya\u011f\u0131<\/h2>\n<p>Ya\u011f, sa\u00e7 k\u00f6klerini g\u00fc\u00e7lendirir ve uyar\u0131r, ayr\u0131ca sa\u00e7 d\u00f6k\u00fclmesini engeller, b\u00fcy\u00fcmelerini destekler ve ya\u011f bezlerinin \u00e7al\u0131\u015fmas\u0131n\u0131 d\u00fczenleyerek sa\u00e7 derisinin ya\u011flanmas\u0131n\u0131 azalt\u0131r. Ayn\u0131 zamanda kepek \u00f6nleyici etkiye sahiptir ve beyazlaman\u0131n engellenmesine katk\u0131da bulunur. D\u00fczenli kullan\u0131ld\u0131\u011f\u0131nda sa\u00e7 kondisyonunu iyile\u015ftirir, g\u00fc\u00e7lendirir ve androjenik alopesi ile m\u00fccadeleyi destekler.  <\/p>\n<h2>Aromaterapide Kullan\u0131m\u0131<\/h2>\n<p>Aromaterapide biberiye ya\u011f\u0131 konsantrasyonu art\u0131r\u0131r ve zihinsel yorgunlu\u011fu azalt\u0131r. Yo\u011fun aromas\u0131 uyar\u0131c\u0131 etki g\u00f6sterir, d\u00fc\u015f\u00fcnce netli\u011fini destekler ve ruh halini iyile\u015ftirir. Ya\u011f s\u0131kl\u0131kla \u00fcst solunum yolu enfeksiyonlar\u0131nda inhalasyon \u015feklinde kullan\u0131l\u0131r, so\u011fuk alg\u0131nl\u0131\u011f\u0131, sin\u00fczit veya grip gibi rahats\u0131zl\u0131klar\u0131n semptomlar\u0131n\u0131 hafifletir. Buhurdanl\u0131k veya dif\u00fcz\u00f6re eklendi\u011finde havay\u0131 temizler ve rahatlamaya ve odaklanmaya elveri\u015fli bir atmosfer yarat\u0131r.   <\/p>\n<h3><\/h3>\n","protected":false},"excerpt":{"rendered":"<p><strong>Biberiye esansiyel ya\u011f\u0131<\/strong> (Rosmarinus officinalis), t\u0131bbi biberiye bitkisinin \u00e7i\u00e7ekli otlar\u0131ndan buhar distilasyonu yoluyla elde edilir. Hafif t\u0131bbi notalara sahip yo\u011fun, taze, bitkisel bir aroma ile karakterize edilir. <\/p>\n<h3><\/h3>\n","protected":false},"featured_media":46786,"template":"","meta":{"_acf_changed":false},"product_brand":[],"product_cat":[9552],"product_tag":[],"class_list":{"0":"post-46785","1":"product","2":"type-product","3":"status-publish","4":"has-post-thumbnail","6":"product_cat-ucucu-yaglar","8":"first","9":"instock","10":"shipping-taxable","11":"product-type-simple"},"acf":[],"yoast_head":"<!-- This site is optimized with the Yoast SEO plugin v27.5 - https:\/\/yoast.com\/product\/yoast-seo-wordpress\/ -->\n<title>Biberiye Ya\u011f\u0131 - NATURAL POLAND - Hurtowy Dystrybutor Surowc\u00f3w<\/title>\n<meta name=\"description\" content=\"T\u0131bbi biberiye bitkisinin \u00e7i\u00e7ekli otlar\u0131ndan buhar distilasyonu yoluyla elde edilen biberiye esansiyel ya\u011f\u0131, kozmetik end\u00fcstrisinde de\u011fer g\u00f6rmektedir.\" \/>\n<meta name=\"robots\" content=\"index, follow, max-snippet:-1, max-image-preview:large, max-video-preview:-1\" \/>\n<link rel=\"canonical\" href=\"https:\/\/naturalpoland.com\/tr\/urunler\/kozmetik-hammaddeleri\/ucucu-yaglar\/biberiye-yagi\/\" \/>\n<meta property=\"og:locale\" content=\"tr_TR\" \/>\n<meta property=\"og:type\" content=\"article\" \/>\n<meta property=\"og:title\" content=\"Biberiye Ya\u011f\u0131 - NATURAL POLAND - Hurtowy Dystrybutor Surowc\u00f3w\" \/>\n<meta property=\"og:description\" content=\"T\u0131bbi biberiye bitkisinin \u00e7i\u00e7ekli otlar\u0131ndan buhar distilasyonu yoluyla elde edilen biberiye esansiyel ya\u011f\u0131, kozmetik end\u00fcstrisinde de\u011fer g\u00f6rmektedir.\" \/>\n<meta property=\"og:url\" content=\"https:\/\/naturalpoland.com\/tr\/urunler\/kozmetik-hammaddeleri\/ucucu-yaglar\/biberiye-yagi\/\" \/>\n<meta property=\"og:site_name\" content=\"NATURAL POLAND - Hurtowy Dystrybutor Surowc\u00f3w\" \/>\n<meta property=\"article:publisher\" content=\"https:\/\/www.facebook.com\/naturalpoland.b2b\" \/>\n<meta property=\"article:modified_time\" content=\"2026-03-18T11:18:26+00:00\" \/>\n<meta property=\"og:image\" content=\"https:\/\/naturalpoland.com\/wp-content\/uploads\/olejek-rozmarynowy.webp\" \/>\n\t<meta property=\"og:image:width\" content=\"1024\" \/>\n\t<meta property=\"og:image:height\" content=\"1024\" \/>\n\t<meta property=\"og:image:type\" content=\"image\/webp\" \/>\n<script type=\"application\/ld+json\" class=\"yoast-schema-graph\">{\"@context\":\"https:\\\/\\\/schema.org\",\"@graph\":[{\"@type\":\"WebPage\",\"@id\":\"https:\\\/\\\/naturalpoland.com\\\/tr\\\/urunler\\\/kozmetik-hammaddeleri\\\/ucucu-yaglar\\\/biberiye-yagi\\\/\",\"url\":\"https:\\\/\\\/naturalpoland.com\\\/tr\\\/urunler\\\/kozmetik-hammaddeleri\\\/ucucu-yaglar\\\/biberiye-yagi\\\/\",\"name\":\"Biberiye Ya\u011f\u0131 - NATURAL POLAND - Hurtowy Dystrybutor Surowc\u00f3w\",\"isPartOf\":{\"@id\":\"https:\\\/\\\/naturalpoland.com\\\/tr\\\/#website\"},\"primaryImageOfPage\":{\"@id\":\"https:\\\/\\\/naturalpoland.com\\\/tr\\\/urunler\\\/kozmetik-hammaddeleri\\\/ucucu-yaglar\\\/biberiye-yagi\\\/#primaryimage\"},\"image\":{\"@id\":\"https:\\\/\\\/naturalpoland.com\\\/tr\\\/urunler\\\/kozmetik-hammaddeleri\\\/ucucu-yaglar\\\/biberiye-yagi\\\/#primaryimage\"},\"thumbnailUrl\":\"https:\\\/\\\/naturalpoland.com\\\/wp-content\\\/uploads\\\/olejek-rozmarynowy.webp\",\"datePublished\":\"2024-10-09T08:26:12+00:00\",\"dateModified\":\"2026-03-18T11:18:26+00:00\",\"description\":\"T\u0131bbi biberiye bitkisinin \u00e7i\u00e7ekli otlar\u0131ndan buhar distilasyonu yoluyla elde edilen biberiye esansiyel ya\u011f\u0131, kozmetik end\u00fcstrisinde de\u011fer g\u00f6rmektedir.\",\"breadcrumb\":{\"@id\":\"https:\\\/\\\/naturalpoland.com\\\/tr\\\/urunler\\\/kozmetik-hammaddeleri\\\/ucucu-yaglar\\\/biberiye-yagi\\\/#breadcrumb\"},\"inLanguage\":\"tr\",\"potentialAction\":[{\"@type\":\"ReadAction\",\"target\":[\"https:\\\/\\\/naturalpoland.com\\\/tr\\\/urunler\\\/kozmetik-hammaddeleri\\\/ucucu-yaglar\\\/biberiye-yagi\\\/\"]}]},{\"@type\":\"ImageObject\",\"inLanguage\":\"tr\",\"@id\":\"https:\\\/\\\/naturalpoland.com\\\/tr\\\/urunler\\\/kozmetik-hammaddeleri\\\/ucucu-yaglar\\\/biberiye-yagi\\\/#primaryimage\",\"url\":\"https:\\\/\\\/naturalpoland.com\\\/wp-content\\\/uploads\\\/olejek-rozmarynowy.webp\",\"contentUrl\":\"https:\\\/\\\/naturalpoland.com\\\/wp-content\\\/uploads\\\/olejek-rozmarynowy.webp\",\"width\":1024,\"height\":1024,\"caption\":\"biberiye ya\u011f\u0131\"},{\"@type\":\"BreadcrumbList\",\"@id\":\"https:\\\/\\\/naturalpoland.com\\\/tr\\\/urunler\\\/kozmetik-hammaddeleri\\\/ucucu-yaglar\\\/biberiye-yagi\\\/#breadcrumb\",\"itemListElement\":[{\"@type\":\"ListItem\",\"position\":1,\"name\":\"Ana Sayfa\",\"item\":\"https:\\\/\\\/naturalpoland.com\\\/tr\\\/\"},{\"@type\":\"ListItem\",\"position\":2,\"name\":\"\u00dcr\u00fcnler\",\"item\":\"https:\\\/\\\/naturalpoland.com\\\/tr\\\/urunler\\\/\"},{\"@type\":\"ListItem\",\"position\":3,\"name\":\"Biberiye Ya\u011f\u0131\"}]},{\"@type\":\"WebSite\",\"@id\":\"https:\\\/\\\/naturalpoland.com\\\/tr\\\/#website\",\"url\":\"https:\\\/\\\/naturalpoland.com\\\/tr\\\/\",\"name\":\"NATURAL POLAND - Hurtowy Dystrybutor Surowc\u00f3w\",\"description\":\"Surowce dla przemys\u0142u spo\u017cywczego, kosmetycznego i farmaceutycznego\",\"publisher\":{\"@id\":\"https:\\\/\\\/naturalpoland.com\\\/tr\\\/#organization\"},\"potentialAction\":[{\"@type\":\"SearchAction\",\"target\":{\"@type\":\"EntryPoint\",\"urlTemplate\":\"https:\\\/\\\/naturalpoland.com\\\/tr\\\/?s={search_term_string}\"},\"query-input\":{\"@type\":\"PropertyValueSpecification\",\"valueRequired\":true,\"valueName\":\"search_term_string\"}}],\"inLanguage\":\"tr\"},{\"@type\":\"Organization\",\"@id\":\"https:\\\/\\\/naturalpoland.com\\\/tr\\\/#organization\",\"name\":\"Natural Poland\",\"url\":\"https:\\\/\\\/naturalpoland.com\\\/tr\\\/\",\"logo\":{\"@type\":\"ImageObject\",\"inLanguage\":\"tr\",\"@id\":\"https:\\\/\\\/naturalpoland.com\\\/tr\\\/#\\\/schema\\\/logo\\\/image\\\/\",\"url\":\"https:\\\/\\\/naturalpoland.com\\\/wp-content\\\/uploads\\\/2021\\\/05\\\/natural-poland-icon.png\",\"contentUrl\":\"https:\\\/\\\/naturalpoland.com\\\/wp-content\\\/uploads\\\/2021\\\/05\\\/natural-poland-icon.png\",\"width\":512,\"height\":512,\"caption\":\"Natural Poland\"},\"image\":{\"@id\":\"https:\\\/\\\/naturalpoland.com\\\/tr\\\/#\\\/schema\\\/logo\\\/image\\\/\"},\"sameAs\":[\"https:\\\/\\\/www.facebook.com\\\/naturalpoland.b2b\",\"https:\\\/\\\/pl.linkedin.com\\\/company\\\/natural-poland\",\"https:\\\/\\\/www.youtube.com\\\/channel\\\/UCgeGGkvOMahZo-xu_MSEWxg\"]}]}<\/script>\n<!-- \/ Yoast SEO plugin. -->","yoast_head_json":{"title":"Biberiye Ya\u011f\u0131 - NATURAL POLAND - Hurtowy Dystrybutor Surowc\u00f3w","description":"T\u0131bbi biberiye bitkisinin \u00e7i\u00e7ekli otlar\u0131ndan buhar distilasyonu yoluyla elde edilen biberiye esansiyel ya\u011f\u0131, kozmetik end\u00fcstrisinde de\u011fer g\u00f6rmektedir.","robots":{"index":"index","follow":"follow","max-snippet":"max-snippet:-1","max-image-preview":"max-image-preview:large","max-video-preview":"max-video-preview:-1"},"canonical":"https:\/\/naturalpoland.com\/tr\/urunler\/kozmetik-hammaddeleri\/ucucu-yaglar\/biberiye-yagi\/","og_locale":"tr_TR","og_type":"article","og_title":"Biberiye Ya\u011f\u0131 - NATURAL POLAND - Hurtowy Dystrybutor Surowc\u00f3w","og_description":"T\u0131bbi biberiye bitkisinin \u00e7i\u00e7ekli otlar\u0131ndan buhar distilasyonu yoluyla elde edilen biberiye esansiyel ya\u011f\u0131, kozmetik end\u00fcstrisinde de\u011fer g\u00f6rmektedir.","og_url":"https:\/\/naturalpoland.com\/tr\/urunler\/kozmetik-hammaddeleri\/ucucu-yaglar\/biberiye-yagi\/","og_site_name":"NATURAL POLAND - Hurtowy Dystrybutor Surowc\u00f3w","article_publisher":"https:\/\/www.facebook.com\/naturalpoland.b2b","article_modified_time":"2026-03-18T11:18:26+00:00","og_image":[{"width":1024,"height":1024,"url":"https:\/\/naturalpoland.com\/wp-content\/uploads\/olejek-rozmarynowy.webp","type":"image\/webp"}],"schema":{"@context":"https:\/\/schema.org","@graph":[{"@type":"WebPage","@id":"https:\/\/naturalpoland.com\/tr\/urunler\/kozmetik-hammaddeleri\/ucucu-yaglar\/biberiye-yagi\/","url":"https:\/\/naturalpoland.com\/tr\/urunler\/kozmetik-hammaddeleri\/ucucu-yaglar\/biberiye-yagi\/","name":"Biberiye Ya\u011f\u0131 - NATURAL POLAND - Hurtowy Dystrybutor Surowc\u00f3w","isPartOf":{"@id":"https:\/\/naturalpoland.com\/tr\/#website"},"primaryImageOfPage":{"@id":"https:\/\/naturalpoland.com\/tr\/urunler\/kozmetik-hammaddeleri\/ucucu-yaglar\/biberiye-yagi\/#primaryimage"},"image":{"@id":"https:\/\/naturalpoland.com\/tr\/urunler\/kozmetik-hammaddeleri\/ucucu-yaglar\/biberiye-yagi\/#primaryimage"},"thumbnailUrl":"https:\/\/naturalpoland.com\/wp-content\/uploads\/olejek-rozmarynowy.webp","datePublished":"2024-10-09T08:26:12+00:00","dateModified":"2026-03-18T11:18:26+00:00","description":"T\u0131bbi biberiye bitkisinin \u00e7i\u00e7ekli otlar\u0131ndan buhar distilasyonu yoluyla elde edilen biberiye esansiyel ya\u011f\u0131, kozmetik end\u00fcstrisinde de\u011fer g\u00f6rmektedir.","breadcrumb":{"@id":"https:\/\/naturalpoland.com\/tr\/urunler\/kozmetik-hammaddeleri\/ucucu-yaglar\/biberiye-yagi\/#breadcrumb"},"inLanguage":"tr","potentialAction":[{"@type":"ReadAction","target":["https:\/\/naturalpoland.com\/tr\/urunler\/kozmetik-hammaddeleri\/ucucu-yaglar\/biberiye-yagi\/"]}]},{"@type":"ImageObject","inLanguage":"tr","@id":"https:\/\/naturalpoland.com\/tr\/urunler\/kozmetik-hammaddeleri\/ucucu-yaglar\/biberiye-yagi\/#primaryimage","url":"https:\/\/naturalpoland.com\/wp-content\/uploads\/olejek-rozmarynowy.webp","contentUrl":"https:\/\/naturalpoland.com\/wp-content\/uploads\/olejek-rozmarynowy.webp","width":1024,"height":1024,"caption":"biberiye ya\u011f\u0131"},{"@type":"BreadcrumbList","@id":"https:\/\/naturalpoland.com\/tr\/urunler\/kozmetik-hammaddeleri\/ucucu-yaglar\/biberiye-yagi\/#breadcrumb","itemListElement":[{"@type":"ListItem","position":1,"name":"Ana Sayfa","item":"https:\/\/naturalpoland.com\/tr\/"},{"@type":"ListItem","position":2,"name":"\u00dcr\u00fcnler","item":"https:\/\/naturalpoland.com\/tr\/urunler\/"},{"@type":"ListItem","position":3,"name":"Biberiye Ya\u011f\u0131"}]},{"@type":"WebSite","@id":"https:\/\/naturalpoland.com\/tr\/#website","url":"https:\/\/naturalpoland.com\/tr\/","name":"NATURAL POLAND - Hurtowy Dystrybutor Surowc\u00f3w","description":"Surowce dla przemys\u0142u spo\u017cywczego, kosmetycznego i farmaceutycznego","publisher":{"@id":"https:\/\/naturalpoland.com\/tr\/#organization"},"potentialAction":[{"@type":"SearchAction","target":{"@type":"EntryPoint","urlTemplate":"https:\/\/naturalpoland.com\/tr\/?s={search_term_string}"},"query-input":{"@type":"PropertyValueSpecification","valueRequired":true,"valueName":"search_term_string"}}],"inLanguage":"tr"},{"@type":"Organization","@id":"https:\/\/naturalpoland.com\/tr\/#organization","name":"Natural Poland","url":"https:\/\/naturalpoland.com\/tr\/","logo":{"@type":"ImageObject","inLanguage":"tr","@id":"https:\/\/naturalpoland.com\/tr\/#\/schema\/logo\/image\/","url":"https:\/\/naturalpoland.com\/wp-content\/uploads\/2021\/05\/natural-poland-icon.png","contentUrl":"https:\/\/naturalpoland.com\/wp-content\/uploads\/2021\/05\/natural-poland-icon.png","width":512,"height":512,"caption":"Natural Poland"},"image":{"@id":"https:\/\/naturalpoland.com\/tr\/#\/schema\/logo\/image\/"},"sameAs":["https:\/\/www.facebook.com\/naturalpoland.b2b","https:\/\/pl.linkedin.com\/company\/natural-poland","https:\/\/www.youtube.com\/channel\/UCgeGGkvOMahZo-xu_MSEWxg"]}]}},"_links":{"self":[{"href":"https:\/\/naturalpoland.com\/tr\/wp-json\/wp\/v2\/product\/46785","targetHints":{"allow":["GET"]}}],"collection":[{"href":"https:\/\/naturalpoland.com\/tr\/wp-json\/wp\/v2\/product"}],"about":[{"href":"https:\/\/naturalpoland.com\/tr\/wp-json\/wp\/v2\/types\/product"}],"wp:featuredmedia":[{"embeddable":true,"href":"https:\/\/naturalpoland.com\/tr\/wp-json\/wp\/v2\/media\/46786"}],"wp:attachment":[{"href":"https:\/\/naturalpoland.com\/tr\/wp-json\/wp\/v2\/media?parent=46785"}],"wp:term":[{"taxonomy":"product_brand","embeddable":true,"href":"https:\/\/naturalpoland.com\/tr\/wp-json\/wp\/v2\/product_brand?post=46785"},{"taxonomy":"product_cat","embeddable":true,"href":"https:\/\/naturalpoland.com\/tr\/wp-json\/wp\/v2\/product_cat?post=46785"},{"taxonomy":"product_tag","embeddable":true,"href":"https:\/\/naturalpoland.com\/tr\/wp-json\/wp\/v2\/product_tag?post=46785"}],"curies":[{"name":"wp","href":"https:\/\/api.w.org\/{rel}","templated":true}]}}