{"id":46793,"date":"2021-05-11T13:55:24","date_gmt":"2021-05-11T11:55:24","guid":{"rendered":"https:\/\/naturalpoland.com\/produkty\/kategorilenmemis\/dogal-e-vitamini-tozu-%30\/"},"modified":"2026-03-18T12:20:27","modified_gmt":"2026-03-18T11:20:27","slug":"dogal-e-vitamini-tozu-%30","status":"publish","type":"product","link":"https:\/\/naturalpoland.com\/tr\/urunler\/farmasotik-hammaddeler\/vitaminler\/dogal-e-vitamini-tozu-%30\/","title":{"rendered":"Do\u011fal E Vitamini Tozu %30"},"content":{"rendered":"<p>T\u00fcm organizmay\u0131 etkiler:<br \/>\nE vitamini karaci\u011fer deste\u011fi olarak kullan\u0131labilir. Ayr\u0131ca g\u00f6rme kayb\u0131n\u0131n ve ya\u015fa ba\u011fl\u0131 makula dejenerasyonunun \u00f6nlenmesinde de uygulan\u0131r. G\u00fc\u00e7l\u00fc bir antioksidan oldu\u011fu i\u00e7in beyni ve kan damarlar\u0131n\u0131 serbest radikallerden korur. Alkolik olmayan karaci\u011fer ya\u011flanmas\u0131n\u0131 azaltmak i\u00e7in de kullan\u0131labilir. E vitamini eksikli\u011fi konsantrasyon ve denge sorunlar\u0131na yol a\u00e7abilir.    <\/p>\n","protected":false},"excerpt":{"rendered":"<p><strong>Do\u011fal E Vitamini Tozu %30<\/strong> m\u00fckemmel bir besin takviyesi ve cilt bak\u0131m \u00fcr\u00fcnlerine katk\u0131 maddesidir. E vitamini cildin derinlemesine nemlenmesini sa\u011flar. Ayr\u0131ca cildin uygun ya\u011flanmas\u0131n\u0131 ve atmosferik ko\u015fullar\u0131n etkisine kar\u015f\u0131 koruyucu bir tabakan\u0131n olu\u015fmas\u0131n\u0131 destekler.  <\/p>\n","protected":false},"featured_media":46794,"template":"","meta":{"_acf_changed":false},"product_brand":[],"product_cat":[9542],"product_tag":[],"class_list":{"0":"post-46793","1":"product","2":"type-product","3":"status-publish","4":"has-post-thumbnail","6":"product_cat-vitaminler","8":"first","9":"instock","10":"shipping-taxable","11":"product-type-simple"},"acf":[],"yoast_head":"<!-- This site is optimized with the Yoast SEO plugin v27.5 - https:\/\/yoast.com\/product\/yoast-seo-wordpress\/ -->\n<title>Do\u011fal E Vitamini Tozu %30 - Hurtowy Dystrybutor<\/title>\n<meta name=\"robots\" content=\"index, follow, max-snippet:-1, max-image-preview:large, max-video-preview:-1\" \/>\n<link rel=\"canonical\" href=\"https:\/\/naturalpoland.com\/tr\/urunler\/farmasotik-hammaddeler\/vitaminler\/dogal-e-vitamini-tozu-%30\/\" \/>\n<meta property=\"og:locale\" content=\"tr_TR\" \/>\n<meta property=\"og:type\" content=\"article\" \/>\n<meta property=\"og:title\" content=\"Do\u011fal E Vitamini Tozu %30 - Hurtowy Dystrybutor\" \/>\n<meta property=\"og:description\" content=\"Do\u011fal E Vitamini Tozu %30 m\u00fckemmel bir besin takviyesi ve cilt bak\u0131m \u00fcr\u00fcnlerine katk\u0131 maddesidir. E vitamini cildin derinlemesine nemlenmesini sa\u011flar. Ayr\u0131ca cildin uygun ya\u011flanmas\u0131n\u0131 ve atmosferik ko\u015fullar\u0131n etkisine kar\u015f\u0131 koruyucu bir tabakan\u0131n olu\u015fmas\u0131n\u0131 destekler.\" \/>\n<meta property=\"og:url\" content=\"https:\/\/naturalpoland.com\/tr\/urunler\/farmasotik-hammaddeler\/vitaminler\/dogal-e-vitamini-tozu-%30\/\" \/>\n<meta property=\"og:site_name\" content=\"NATURAL POLAND - Hurtowy Dystrybutor Surowc\u00f3w\" \/>\n<meta property=\"article:publisher\" content=\"https:\/\/www.facebook.com\/naturalpoland.b2b\" \/>\n<meta property=\"article:modified_time\" content=\"2026-03-18T11:20:27+00:00\" \/>\n<meta property=\"og:image\" content=\"https:\/\/naturalpoland.com\/wp-content\/uploads\/2021\/05\/the-powder-of-natural-vitamin-e-30-scaled.jpg\" \/>\n\t<meta property=\"og:image:width\" content=\"2560\" \/>\n\t<meta property=\"og:image:height\" content=\"2560\" \/>\n\t<meta property=\"og:image:type\" content=\"image\/jpeg\" \/>\n<script type=\"application\/ld+json\" class=\"yoast-schema-graph\">{\"@context\":\"https:\\\/\\\/schema.org\",\"@graph\":[{\"@type\":\"WebPage\",\"@id\":\"https:\\\/\\\/naturalpoland.com\\\/tr\\\/urunler\\\/farmasotik-hammaddeler\\\/vitaminler\\\/dogal-e-vitamini-tozu-%30\\\/\",\"url\":\"https:\\\/\\\/naturalpoland.com\\\/tr\\\/urunler\\\/farmasotik-hammaddeler\\\/vitaminler\\\/dogal-e-vitamini-tozu-%30\\\/\",\"name\":\"Do\u011fal E Vitamini Tozu %30 - Hurtowy Dystrybutor\",\"isPartOf\":{\"@id\":\"https:\\\/\\\/naturalpoland.com\\\/tr\\\/#website\"},\"primaryImageOfPage\":{\"@id\":\"https:\\\/\\\/naturalpoland.com\\\/tr\\\/urunler\\\/farmasotik-hammaddeler\\\/vitaminler\\\/dogal-e-vitamini-tozu-%30\\\/#primaryimage\"},\"image\":{\"@id\":\"https:\\\/\\\/naturalpoland.com\\\/tr\\\/urunler\\\/farmasotik-hammaddeler\\\/vitaminler\\\/dogal-e-vitamini-tozu-%30\\\/#primaryimage\"},\"thumbnailUrl\":\"https:\\\/\\\/naturalpoland.com\\\/wp-content\\\/uploads\\\/2021\\\/05\\\/the-powder-of-natural-vitamin-e-30-scaled.jpg\",\"datePublished\":\"2021-05-11T11:55:24+00:00\",\"dateModified\":\"2026-03-18T11:20:27+00:00\",\"breadcrumb\":{\"@id\":\"https:\\\/\\\/naturalpoland.com\\\/tr\\\/urunler\\\/farmasotik-hammaddeler\\\/vitaminler\\\/dogal-e-vitamini-tozu-%30\\\/#breadcrumb\"},\"inLanguage\":\"tr\",\"potentialAction\":[{\"@type\":\"ReadAction\",\"target\":[\"https:\\\/\\\/naturalpoland.com\\\/tr\\\/urunler\\\/farmasotik-hammaddeler\\\/vitaminler\\\/dogal-e-vitamini-tozu-%30\\\/\"]}]},{\"@type\":\"ImageObject\",\"inLanguage\":\"tr\",\"@id\":\"https:\\\/\\\/naturalpoland.com\\\/tr\\\/urunler\\\/farmasotik-hammaddeler\\\/vitaminler\\\/dogal-e-vitamini-tozu-%30\\\/#primaryimage\",\"url\":\"https:\\\/\\\/naturalpoland.com\\\/wp-content\\\/uploads\\\/2021\\\/05\\\/the-powder-of-natural-vitamin-e-30-scaled.jpg\",\"contentUrl\":\"https:\\\/\\\/naturalpoland.com\\\/wp-content\\\/uploads\\\/2021\\\/05\\\/the-powder-of-natural-vitamin-e-30-scaled.jpg\",\"width\":2560,\"height\":2560,\"caption\":\"Do\u011fal E Vitamini Tozu %30\"},{\"@type\":\"BreadcrumbList\",\"@id\":\"https:\\\/\\\/naturalpoland.com\\\/tr\\\/urunler\\\/farmasotik-hammaddeler\\\/vitaminler\\\/dogal-e-vitamini-tozu-%30\\\/#breadcrumb\",\"itemListElement\":[{\"@type\":\"ListItem\",\"position\":1,\"name\":\"Ana Sayfa\",\"item\":\"https:\\\/\\\/naturalpoland.com\\\/tr\\\/\"},{\"@type\":\"ListItem\",\"position\":2,\"name\":\"\u00dcr\u00fcnler\",\"item\":\"https:\\\/\\\/naturalpoland.com\\\/tr\\\/urunler\\\/\"},{\"@type\":\"ListItem\",\"position\":3,\"name\":\"Do\u011fal E Vitamini Tozu %30\"}]},{\"@type\":\"WebSite\",\"@id\":\"https:\\\/\\\/naturalpoland.com\\\/tr\\\/#website\",\"url\":\"https:\\\/\\\/naturalpoland.com\\\/tr\\\/\",\"name\":\"NATURAL POLAND - Hurtowy Dystrybutor Surowc\u00f3w\",\"description\":\"Surowce dla przemys\u0142u spo\u017cywczego, kosmetycznego i farmaceutycznego\",\"publisher\":{\"@id\":\"https:\\\/\\\/naturalpoland.com\\\/tr\\\/#organization\"},\"potentialAction\":[{\"@type\":\"SearchAction\",\"target\":{\"@type\":\"EntryPoint\",\"urlTemplate\":\"https:\\\/\\\/naturalpoland.com\\\/tr\\\/?s={search_term_string}\"},\"query-input\":{\"@type\":\"PropertyValueSpecification\",\"valueRequired\":true,\"valueName\":\"search_term_string\"}}],\"inLanguage\":\"tr\"},{\"@type\":\"Organization\",\"@id\":\"https:\\\/\\\/naturalpoland.com\\\/tr\\\/#organization\",\"name\":\"Natural Poland\",\"url\":\"https:\\\/\\\/naturalpoland.com\\\/tr\\\/\",\"logo\":{\"@type\":\"ImageObject\",\"inLanguage\":\"tr\",\"@id\":\"https:\\\/\\\/naturalpoland.com\\\/tr\\\/#\\\/schema\\\/logo\\\/image\\\/\",\"url\":\"https:\\\/\\\/naturalpoland.com\\\/wp-content\\\/uploads\\\/2021\\\/05\\\/natural-poland-icon.png\",\"contentUrl\":\"https:\\\/\\\/naturalpoland.com\\\/wp-content\\\/uploads\\\/2021\\\/05\\\/natural-poland-icon.png\",\"width\":512,\"height\":512,\"caption\":\"Natural Poland\"},\"image\":{\"@id\":\"https:\\\/\\\/naturalpoland.com\\\/tr\\\/#\\\/schema\\\/logo\\\/image\\\/\"},\"sameAs\":[\"https:\\\/\\\/www.facebook.com\\\/naturalpoland.b2b\",\"https:\\\/\\\/pl.linkedin.com\\\/company\\\/natural-poland\",\"https:\\\/\\\/www.youtube.com\\\/channel\\\/UCgeGGkvOMahZo-xu_MSEWxg\"]}]}<\/script>\n<!-- \/ Yoast SEO plugin. -->","yoast_head_json":{"title":"Do\u011fal E Vitamini Tozu %30 - Hurtowy Dystrybutor","robots":{"index":"index","follow":"follow","max-snippet":"max-snippet:-1","max-image-preview":"max-image-preview:large","max-video-preview":"max-video-preview:-1"},"canonical":"https:\/\/naturalpoland.com\/tr\/urunler\/farmasotik-hammaddeler\/vitaminler\/dogal-e-vitamini-tozu-%30\/","og_locale":"tr_TR","og_type":"article","og_title":"Do\u011fal E Vitamini Tozu %30 - Hurtowy Dystrybutor","og_description":"Do\u011fal E Vitamini Tozu %30 m\u00fckemmel bir besin takviyesi ve cilt bak\u0131m \u00fcr\u00fcnlerine katk\u0131 maddesidir. E vitamini cildin derinlemesine nemlenmesini sa\u011flar. Ayr\u0131ca cildin uygun ya\u011flanmas\u0131n\u0131 ve atmosferik ko\u015fullar\u0131n etkisine kar\u015f\u0131 koruyucu bir tabakan\u0131n olu\u015fmas\u0131n\u0131 destekler.","og_url":"https:\/\/naturalpoland.com\/tr\/urunler\/farmasotik-hammaddeler\/vitaminler\/dogal-e-vitamini-tozu-%30\/","og_site_name":"NATURAL POLAND - Hurtowy Dystrybutor Surowc\u00f3w","article_publisher":"https:\/\/www.facebook.com\/naturalpoland.b2b","article_modified_time":"2026-03-18T11:20:27+00:00","og_image":[{"width":2560,"height":2560,"url":"https:\/\/naturalpoland.com\/wp-content\/uploads\/2021\/05\/the-powder-of-natural-vitamin-e-30-scaled.jpg","type":"image\/jpeg"}],"schema":{"@context":"https:\/\/schema.org","@graph":[{"@type":"WebPage","@id":"https:\/\/naturalpoland.com\/tr\/urunler\/farmasotik-hammaddeler\/vitaminler\/dogal-e-vitamini-tozu-%30\/","url":"https:\/\/naturalpoland.com\/tr\/urunler\/farmasotik-hammaddeler\/vitaminler\/dogal-e-vitamini-tozu-%30\/","name":"Do\u011fal E Vitamini Tozu %30 - Hurtowy Dystrybutor","isPartOf":{"@id":"https:\/\/naturalpoland.com\/tr\/#website"},"primaryImageOfPage":{"@id":"https:\/\/naturalpoland.com\/tr\/urunler\/farmasotik-hammaddeler\/vitaminler\/dogal-e-vitamini-tozu-%30\/#primaryimage"},"image":{"@id":"https:\/\/naturalpoland.com\/tr\/urunler\/farmasotik-hammaddeler\/vitaminler\/dogal-e-vitamini-tozu-%30\/#primaryimage"},"thumbnailUrl":"https:\/\/naturalpoland.com\/wp-content\/uploads\/2021\/05\/the-powder-of-natural-vitamin-e-30-scaled.jpg","datePublished":"2021-05-11T11:55:24+00:00","dateModified":"2026-03-18T11:20:27+00:00","breadcrumb":{"@id":"https:\/\/naturalpoland.com\/tr\/urunler\/farmasotik-hammaddeler\/vitaminler\/dogal-e-vitamini-tozu-%30\/#breadcrumb"},"inLanguage":"tr","potentialAction":[{"@type":"ReadAction","target":["https:\/\/naturalpoland.com\/tr\/urunler\/farmasotik-hammaddeler\/vitaminler\/dogal-e-vitamini-tozu-%30\/"]}]},{"@type":"ImageObject","inLanguage":"tr","@id":"https:\/\/naturalpoland.com\/tr\/urunler\/farmasotik-hammaddeler\/vitaminler\/dogal-e-vitamini-tozu-%30\/#primaryimage","url":"https:\/\/naturalpoland.com\/wp-content\/uploads\/2021\/05\/the-powder-of-natural-vitamin-e-30-scaled.jpg","contentUrl":"https:\/\/naturalpoland.com\/wp-content\/uploads\/2021\/05\/the-powder-of-natural-vitamin-e-30-scaled.jpg","width":2560,"height":2560,"caption":"Do\u011fal E Vitamini Tozu %30"},{"@type":"BreadcrumbList","@id":"https:\/\/naturalpoland.com\/tr\/urunler\/farmasotik-hammaddeler\/vitaminler\/dogal-e-vitamini-tozu-%30\/#breadcrumb","itemListElement":[{"@type":"ListItem","position":1,"name":"Ana Sayfa","item":"https:\/\/naturalpoland.com\/tr\/"},{"@type":"ListItem","position":2,"name":"\u00dcr\u00fcnler","item":"https:\/\/naturalpoland.com\/tr\/urunler\/"},{"@type":"ListItem","position":3,"name":"Do\u011fal E Vitamini Tozu %30"}]},{"@type":"WebSite","@id":"https:\/\/naturalpoland.com\/tr\/#website","url":"https:\/\/naturalpoland.com\/tr\/","name":"NATURAL POLAND - Hurtowy Dystrybutor Surowc\u00f3w","description":"Surowce dla przemys\u0142u spo\u017cywczego, kosmetycznego i farmaceutycznego","publisher":{"@id":"https:\/\/naturalpoland.com\/tr\/#organization"},"potentialAction":[{"@type":"SearchAction","target":{"@type":"EntryPoint","urlTemplate":"https:\/\/naturalpoland.com\/tr\/?s={search_term_string}"},"query-input":{"@type":"PropertyValueSpecification","valueRequired":true,"valueName":"search_term_string"}}],"inLanguage":"tr"},{"@type":"Organization","@id":"https:\/\/naturalpoland.com\/tr\/#organization","name":"Natural Poland","url":"https:\/\/naturalpoland.com\/tr\/","logo":{"@type":"ImageObject","inLanguage":"tr","@id":"https:\/\/naturalpoland.com\/tr\/#\/schema\/logo\/image\/","url":"https:\/\/naturalpoland.com\/wp-content\/uploads\/2021\/05\/natural-poland-icon.png","contentUrl":"https:\/\/naturalpoland.com\/wp-content\/uploads\/2021\/05\/natural-poland-icon.png","width":512,"height":512,"caption":"Natural Poland"},"image":{"@id":"https:\/\/naturalpoland.com\/tr\/#\/schema\/logo\/image\/"},"sameAs":["https:\/\/www.facebook.com\/naturalpoland.b2b","https:\/\/pl.linkedin.com\/company\/natural-poland","https:\/\/www.youtube.com\/channel\/UCgeGGkvOMahZo-xu_MSEWxg"]}]}},"_links":{"self":[{"href":"https:\/\/naturalpoland.com\/tr\/wp-json\/wp\/v2\/product\/46793","targetHints":{"allow":["GET"]}}],"collection":[{"href":"https:\/\/naturalpoland.com\/tr\/wp-json\/wp\/v2\/product"}],"about":[{"href":"https:\/\/naturalpoland.com\/tr\/wp-json\/wp\/v2\/types\/product"}],"wp:featuredmedia":[{"embeddable":true,"href":"https:\/\/naturalpoland.com\/tr\/wp-json\/wp\/v2\/media\/46794"}],"wp:attachment":[{"href":"https:\/\/naturalpoland.com\/tr\/wp-json\/wp\/v2\/media?parent=46793"}],"wp:term":[{"taxonomy":"product_brand","embeddable":true,"href":"https:\/\/naturalpoland.com\/tr\/wp-json\/wp\/v2\/product_brand?post=46793"},{"taxonomy":"product_cat","embeddable":true,"href":"https:\/\/naturalpoland.com\/tr\/wp-json\/wp\/v2\/product_cat?post=46793"},{"taxonomy":"product_tag","embeddable":true,"href":"https:\/\/naturalpoland.com\/tr\/wp-json\/wp\/v2\/product_tag?post=46793"}],"curies":[{"name":"wp","href":"https:\/\/api.w.org\/{rel}","templated":true}]}}