{"id":46799,"date":"2024-08-30T11:17:37","date_gmt":"2024-08-30T09:17:37","guid":{"rendered":"https:\/\/naturalpoland.com\/produkty\/kategorilenmemis\/nikotinamid-ribozit-hidroklorur-nr\/"},"modified":"2026-03-18T12:20:46","modified_gmt":"2026-03-18T11:20:46","slug":"nikotinamid-ribozit-hidroklorur-nr","status":"publish","type":"product","link":"https:\/\/naturalpoland.com\/tr\/urunler\/farmasotik-hammaddeler\/takviye-edici-gida-bilesenleri\/nikotinamid-ribozit-hidroklorur-nr\/","title":{"rendered":"Nikotinamid Ribozit Hidroklor\u00fcr (NR)"},"content":{"rendered":"<h2>NR&#8217;nin \u00d6zellikleri<\/h2>\n<p>Nikotinamid Ribozit Hidroklor\u00fcr, h\u00fccrelerdeki NAD+ seviyesinin art\u0131r\u0131lmas\u0131na yard\u0131mc\u0131 olur. NAD+, metabolik s\u00fcre\u00e7lerde kilit bir koenzimdir ve enerji \u00fcretimi, DNA onar\u0131m\u0131, uyku-uyan\u0131kl\u0131k d\u00f6ng\u00fcs\u00fcn\u00fcn d\u00fczenlenmesi ve sinir sistemi sa\u011fl\u0131\u011f\u0131ndan sorumludur. Bu sayede NR, \u00f6zellikle ya\u015flanma kar\u015f\u0131t\u0131 \u00f6zellikleri, h\u00fccre rejenerasyonunu desteklemesi ve mitokondriyal fonksiyonlar\u0131 iyile\u015ftirmesi nedeniyle de\u011fer g\u00f6r\u00fcr.  <\/p>\n<p>Ayr\u0131ca, ara\u015ft\u0131rmalar NR takviyesinin kalp sa\u011fl\u0131\u011f\u0131n\u0131, ba\u011f\u0131\u015f\u0131kl\u0131k sistemini destekleyebilece\u011fini ve organizman\u0131n genel vitalitesini iyile\u015ftirebilece\u011fini g\u00f6stermektedir.<\/p>\n<h2>NR&#8217;nin Kullan\u0131m\u0131<\/h2>\n<p>Nikotinamid Ribozit Hidroklor\u00fcr, \u00f6zellikle h\u00fccresel sa\u011fl\u0131\u011f\u0131 desteklemeye, enerjiyi art\u0131rmaya ve kalp ile beyin sa\u011fl\u0131\u011f\u0131n\u0131 desteklemeye odaklanan diyet takviyelerinde bile\u015fen olarak kullan\u0131l\u0131r. Ayr\u0131ca ya\u015flanman\u0131n etkileriyle m\u00fccadelede de kullan\u0131l\u0131r. NR, <span style=\"font-size: 14.4px;\">ya\u015flanma s\u00fcre\u00e7lerini yava\u015flatmay\u0131, cilt elastikiyetini iyile\u015ftirmeyi ve h\u00fccre rejenerasyonunu desteklemeyi<\/span> ama\u00e7layan ya\u015flanma kar\u015f\u0131t\u0131 \u00fcr\u00fcnlerde de uygulama alan\u0131 bulur.  <\/p>\n<p>NAD+ \u00f6nc\u00fcs\u00fc olarak NR, enerji seviyesini iyile\u015ftirmeyi ve fiziksel ve zihinsel performans\u0131 desteklemeyi ama\u00e7layan \u00fcr\u00fcnlerde kullan\u0131labilir.<\/p>\n","protected":false},"excerpt":{"rendered":"<p><strong>Nikotinamid Ribozit Hidroklor\u00fcr (NR)<\/strong>, <strong><a href=\"https:\/\/naturalpoland.com\/tr\/urunler\/farmasotik-hammaddeler\/vitaminler\/b3-vitamini\/\">B3 vitamini<\/a><\/strong> (niasin) formlar\u0131ndan biridir. V\u00fccutta NAD+ (nikotinamid adenin din\u00fckleotit) seviyesini art\u0131rma yetene\u011fi g\u00f6sterir, bu sayede mitokondriyal fonksiyonu iyile\u015ftirir ve organizman\u0131n vitalitesini art\u0131r\u0131r. <\/p>\n","protected":false},"featured_media":46800,"template":"","meta":{"_acf_changed":false},"product_brand":[],"product_cat":[9540,9542],"product_tag":[],"class_list":{"0":"post-46799","1":"product","2":"type-product","3":"status-publish","4":"has-post-thumbnail","6":"product_cat-takviye-edici-gida-bilesenleri","7":"product_cat-vitaminler","9":"first","10":"instock","11":"shipping-taxable","12":"product-type-simple"},"acf":[],"yoast_head":"<!-- This site is optimized with the Yoast SEO plugin v27.5 - https:\/\/yoast.com\/product\/yoast-seo-wordpress\/ -->\n<title>Nikotinamid Ribozit Hidroklor\u00fcr (NR) - NATURAL POLAND - Hurtowy Dystrybutor Surowc\u00f3w<\/title>\n<meta name=\"description\" content=\"Nikotinamid Ribozit Hidroklor\u00fcr, NAD+ seviyesini art\u0131rma yetene\u011fine sahiptir. Diyet takviyeleri ve anti-aging \u00fcr\u00fcnlerinde ideal bir bile\u015fendir.\" \/>\n<meta name=\"robots\" content=\"index, follow, max-snippet:-1, max-image-preview:large, max-video-preview:-1\" \/>\n<link rel=\"canonical\" href=\"https:\/\/naturalpoland.com\/tr\/urunler\/farmasotik-hammaddeler\/takviye-edici-gida-bilesenleri\/nikotinamid-ribozit-hidroklorur-nr\/\" \/>\n<meta property=\"og:locale\" content=\"tr_TR\" \/>\n<meta property=\"og:type\" content=\"article\" \/>\n<meta property=\"og:title\" content=\"Nikotinamid Ribozit Hidroklor\u00fcr (NR) - NATURAL POLAND - Hurtowy Dystrybutor Surowc\u00f3w\" \/>\n<meta property=\"og:description\" content=\"Nikotinamid Ribozit Hidroklor\u00fcr, NAD+ seviyesini art\u0131rma yetene\u011fine sahiptir. Diyet takviyeleri ve anti-aging \u00fcr\u00fcnlerinde ideal bir bile\u015fendir.\" \/>\n<meta property=\"og:url\" content=\"https:\/\/naturalpoland.com\/tr\/urunler\/farmasotik-hammaddeler\/takviye-edici-gida-bilesenleri\/nikotinamid-ribozit-hidroklorur-nr\/\" \/>\n<meta property=\"og:site_name\" content=\"NATURAL POLAND - Hurtowy Dystrybutor Surowc\u00f3w\" \/>\n<meta property=\"article:publisher\" content=\"https:\/\/www.facebook.com\/naturalpoland.b2b\" \/>\n<meta property=\"article:modified_time\" content=\"2026-03-18T11:20:46+00:00\" \/>\n<meta property=\"og:image\" content=\"https:\/\/naturalpoland.com\/wp-content\/uploads\/nr.webp\" \/>\n\t<meta property=\"og:image:width\" content=\"618\" \/>\n\t<meta property=\"og:image:height\" content=\"618\" \/>\n\t<meta property=\"og:image:type\" content=\"image\/webp\" \/>\n<script type=\"application\/ld+json\" class=\"yoast-schema-graph\">{\"@context\":\"https:\\\/\\\/schema.org\",\"@graph\":[{\"@type\":\"WebPage\",\"@id\":\"https:\\\/\\\/naturalpoland.com\\\/tr\\\/urunler\\\/farmasotik-hammaddeler\\\/takviye-edici-gida-bilesenleri\\\/nikotinamid-ribozit-hidroklorur-nr\\\/\",\"url\":\"https:\\\/\\\/naturalpoland.com\\\/tr\\\/urunler\\\/farmasotik-hammaddeler\\\/takviye-edici-gida-bilesenleri\\\/nikotinamid-ribozit-hidroklorur-nr\\\/\",\"name\":\"Nikotinamid Ribozit Hidroklor\u00fcr (NR) - NATURAL POLAND - Hurtowy Dystrybutor Surowc\u00f3w\",\"isPartOf\":{\"@id\":\"https:\\\/\\\/naturalpoland.com\\\/tr\\\/#website\"},\"primaryImageOfPage\":{\"@id\":\"https:\\\/\\\/naturalpoland.com\\\/tr\\\/urunler\\\/farmasotik-hammaddeler\\\/takviye-edici-gida-bilesenleri\\\/nikotinamid-ribozit-hidroklorur-nr\\\/#primaryimage\"},\"image\":{\"@id\":\"https:\\\/\\\/naturalpoland.com\\\/tr\\\/urunler\\\/farmasotik-hammaddeler\\\/takviye-edici-gida-bilesenleri\\\/nikotinamid-ribozit-hidroklorur-nr\\\/#primaryimage\"},\"thumbnailUrl\":\"https:\\\/\\\/naturalpoland.com\\\/wp-content\\\/uploads\\\/nr.webp\",\"datePublished\":\"2024-08-30T09:17:37+00:00\",\"dateModified\":\"2026-03-18T11:20:46+00:00\",\"description\":\"Nikotinamid Ribozit Hidroklor\u00fcr, NAD+ seviyesini art\u0131rma yetene\u011fine sahiptir. Diyet takviyeleri ve anti-aging \u00fcr\u00fcnlerinde ideal bir bile\u015fendir.\",\"breadcrumb\":{\"@id\":\"https:\\\/\\\/naturalpoland.com\\\/tr\\\/urunler\\\/farmasotik-hammaddeler\\\/takviye-edici-gida-bilesenleri\\\/nikotinamid-ribozit-hidroklorur-nr\\\/#breadcrumb\"},\"inLanguage\":\"tr\",\"potentialAction\":[{\"@type\":\"ReadAction\",\"target\":[\"https:\\\/\\\/naturalpoland.com\\\/tr\\\/urunler\\\/farmasotik-hammaddeler\\\/takviye-edici-gida-bilesenleri\\\/nikotinamid-ribozit-hidroklorur-nr\\\/\"]}]},{\"@type\":\"ImageObject\",\"inLanguage\":\"tr\",\"@id\":\"https:\\\/\\\/naturalpoland.com\\\/tr\\\/urunler\\\/farmasotik-hammaddeler\\\/takviye-edici-gida-bilesenleri\\\/nikotinamid-ribozit-hidroklorur-nr\\\/#primaryimage\",\"url\":\"https:\\\/\\\/naturalpoland.com\\\/wp-content\\\/uploads\\\/nr.webp\",\"contentUrl\":\"https:\\\/\\\/naturalpoland.com\\\/wp-content\\\/uploads\\\/nr.webp\",\"width\":618,\"height\":618,\"caption\":\"nikotinamid ribozit hidroklor\u00fcr\"},{\"@type\":\"BreadcrumbList\",\"@id\":\"https:\\\/\\\/naturalpoland.com\\\/tr\\\/urunler\\\/farmasotik-hammaddeler\\\/takviye-edici-gida-bilesenleri\\\/nikotinamid-ribozit-hidroklorur-nr\\\/#breadcrumb\",\"itemListElement\":[{\"@type\":\"ListItem\",\"position\":1,\"name\":\"Ana Sayfa\",\"item\":\"https:\\\/\\\/naturalpoland.com\\\/tr\\\/\"},{\"@type\":\"ListItem\",\"position\":2,\"name\":\"\u00dcr\u00fcnler\",\"item\":\"https:\\\/\\\/naturalpoland.com\\\/tr\\\/urunler\\\/\"},{\"@type\":\"ListItem\",\"position\":3,\"name\":\"Nikotinamid Ribozit Hidroklor\u00fcr (NR)\"}]},{\"@type\":\"WebSite\",\"@id\":\"https:\\\/\\\/naturalpoland.com\\\/tr\\\/#website\",\"url\":\"https:\\\/\\\/naturalpoland.com\\\/tr\\\/\",\"name\":\"NATURAL POLAND - Hurtowy Dystrybutor Surowc\u00f3w\",\"description\":\"Surowce dla przemys\u0142u spo\u017cywczego, kosmetycznego i farmaceutycznego\",\"publisher\":{\"@id\":\"https:\\\/\\\/naturalpoland.com\\\/tr\\\/#organization\"},\"potentialAction\":[{\"@type\":\"SearchAction\",\"target\":{\"@type\":\"EntryPoint\",\"urlTemplate\":\"https:\\\/\\\/naturalpoland.com\\\/tr\\\/?s={search_term_string}\"},\"query-input\":{\"@type\":\"PropertyValueSpecification\",\"valueRequired\":true,\"valueName\":\"search_term_string\"}}],\"inLanguage\":\"tr\"},{\"@type\":\"Organization\",\"@id\":\"https:\\\/\\\/naturalpoland.com\\\/tr\\\/#organization\",\"name\":\"Natural Poland\",\"url\":\"https:\\\/\\\/naturalpoland.com\\\/tr\\\/\",\"logo\":{\"@type\":\"ImageObject\",\"inLanguage\":\"tr\",\"@id\":\"https:\\\/\\\/naturalpoland.com\\\/tr\\\/#\\\/schema\\\/logo\\\/image\\\/\",\"url\":\"https:\\\/\\\/naturalpoland.com\\\/wp-content\\\/uploads\\\/2021\\\/05\\\/natural-poland-icon.png\",\"contentUrl\":\"https:\\\/\\\/naturalpoland.com\\\/wp-content\\\/uploads\\\/2021\\\/05\\\/natural-poland-icon.png\",\"width\":512,\"height\":512,\"caption\":\"Natural Poland\"},\"image\":{\"@id\":\"https:\\\/\\\/naturalpoland.com\\\/tr\\\/#\\\/schema\\\/logo\\\/image\\\/\"},\"sameAs\":[\"https:\\\/\\\/www.facebook.com\\\/naturalpoland.b2b\",\"https:\\\/\\\/pl.linkedin.com\\\/company\\\/natural-poland\",\"https:\\\/\\\/www.youtube.com\\\/channel\\\/UCgeGGkvOMahZo-xu_MSEWxg\"]}]}<\/script>\n<!-- \/ Yoast SEO plugin. -->","yoast_head_json":{"title":"Nikotinamid Ribozit Hidroklor\u00fcr (NR) - NATURAL POLAND - Hurtowy Dystrybutor Surowc\u00f3w","description":"Nikotinamid Ribozit Hidroklor\u00fcr, NAD+ seviyesini art\u0131rma yetene\u011fine sahiptir. Diyet takviyeleri ve anti-aging \u00fcr\u00fcnlerinde ideal bir bile\u015fendir.","robots":{"index":"index","follow":"follow","max-snippet":"max-snippet:-1","max-image-preview":"max-image-preview:large","max-video-preview":"max-video-preview:-1"},"canonical":"https:\/\/naturalpoland.com\/tr\/urunler\/farmasotik-hammaddeler\/takviye-edici-gida-bilesenleri\/nikotinamid-ribozit-hidroklorur-nr\/","og_locale":"tr_TR","og_type":"article","og_title":"Nikotinamid Ribozit Hidroklor\u00fcr (NR) - NATURAL POLAND - Hurtowy Dystrybutor Surowc\u00f3w","og_description":"Nikotinamid Ribozit Hidroklor\u00fcr, NAD+ seviyesini art\u0131rma yetene\u011fine sahiptir. Diyet takviyeleri ve anti-aging \u00fcr\u00fcnlerinde ideal bir bile\u015fendir.","og_url":"https:\/\/naturalpoland.com\/tr\/urunler\/farmasotik-hammaddeler\/takviye-edici-gida-bilesenleri\/nikotinamid-ribozit-hidroklorur-nr\/","og_site_name":"NATURAL POLAND - Hurtowy Dystrybutor Surowc\u00f3w","article_publisher":"https:\/\/www.facebook.com\/naturalpoland.b2b","article_modified_time":"2026-03-18T11:20:46+00:00","og_image":[{"width":618,"height":618,"url":"https:\/\/naturalpoland.com\/wp-content\/uploads\/nr.webp","type":"image\/webp"}],"schema":{"@context":"https:\/\/schema.org","@graph":[{"@type":"WebPage","@id":"https:\/\/naturalpoland.com\/tr\/urunler\/farmasotik-hammaddeler\/takviye-edici-gida-bilesenleri\/nikotinamid-ribozit-hidroklorur-nr\/","url":"https:\/\/naturalpoland.com\/tr\/urunler\/farmasotik-hammaddeler\/takviye-edici-gida-bilesenleri\/nikotinamid-ribozit-hidroklorur-nr\/","name":"Nikotinamid Ribozit Hidroklor\u00fcr (NR) - NATURAL POLAND - Hurtowy Dystrybutor Surowc\u00f3w","isPartOf":{"@id":"https:\/\/naturalpoland.com\/tr\/#website"},"primaryImageOfPage":{"@id":"https:\/\/naturalpoland.com\/tr\/urunler\/farmasotik-hammaddeler\/takviye-edici-gida-bilesenleri\/nikotinamid-ribozit-hidroklorur-nr\/#primaryimage"},"image":{"@id":"https:\/\/naturalpoland.com\/tr\/urunler\/farmasotik-hammaddeler\/takviye-edici-gida-bilesenleri\/nikotinamid-ribozit-hidroklorur-nr\/#primaryimage"},"thumbnailUrl":"https:\/\/naturalpoland.com\/wp-content\/uploads\/nr.webp","datePublished":"2024-08-30T09:17:37+00:00","dateModified":"2026-03-18T11:20:46+00:00","description":"Nikotinamid Ribozit Hidroklor\u00fcr, NAD+ seviyesini art\u0131rma yetene\u011fine sahiptir. Diyet takviyeleri ve anti-aging \u00fcr\u00fcnlerinde ideal bir bile\u015fendir.","breadcrumb":{"@id":"https:\/\/naturalpoland.com\/tr\/urunler\/farmasotik-hammaddeler\/takviye-edici-gida-bilesenleri\/nikotinamid-ribozit-hidroklorur-nr\/#breadcrumb"},"inLanguage":"tr","potentialAction":[{"@type":"ReadAction","target":["https:\/\/naturalpoland.com\/tr\/urunler\/farmasotik-hammaddeler\/takviye-edici-gida-bilesenleri\/nikotinamid-ribozit-hidroklorur-nr\/"]}]},{"@type":"ImageObject","inLanguage":"tr","@id":"https:\/\/naturalpoland.com\/tr\/urunler\/farmasotik-hammaddeler\/takviye-edici-gida-bilesenleri\/nikotinamid-ribozit-hidroklorur-nr\/#primaryimage","url":"https:\/\/naturalpoland.com\/wp-content\/uploads\/nr.webp","contentUrl":"https:\/\/naturalpoland.com\/wp-content\/uploads\/nr.webp","width":618,"height":618,"caption":"nikotinamid ribozit hidroklor\u00fcr"},{"@type":"BreadcrumbList","@id":"https:\/\/naturalpoland.com\/tr\/urunler\/farmasotik-hammaddeler\/takviye-edici-gida-bilesenleri\/nikotinamid-ribozit-hidroklorur-nr\/#breadcrumb","itemListElement":[{"@type":"ListItem","position":1,"name":"Ana Sayfa","item":"https:\/\/naturalpoland.com\/tr\/"},{"@type":"ListItem","position":2,"name":"\u00dcr\u00fcnler","item":"https:\/\/naturalpoland.com\/tr\/urunler\/"},{"@type":"ListItem","position":3,"name":"Nikotinamid Ribozit Hidroklor\u00fcr (NR)"}]},{"@type":"WebSite","@id":"https:\/\/naturalpoland.com\/tr\/#website","url":"https:\/\/naturalpoland.com\/tr\/","name":"NATURAL POLAND - Hurtowy Dystrybutor Surowc\u00f3w","description":"Surowce dla przemys\u0142u spo\u017cywczego, kosmetycznego i farmaceutycznego","publisher":{"@id":"https:\/\/naturalpoland.com\/tr\/#organization"},"potentialAction":[{"@type":"SearchAction","target":{"@type":"EntryPoint","urlTemplate":"https:\/\/naturalpoland.com\/tr\/?s={search_term_string}"},"query-input":{"@type":"PropertyValueSpecification","valueRequired":true,"valueName":"search_term_string"}}],"inLanguage":"tr"},{"@type":"Organization","@id":"https:\/\/naturalpoland.com\/tr\/#organization","name":"Natural Poland","url":"https:\/\/naturalpoland.com\/tr\/","logo":{"@type":"ImageObject","inLanguage":"tr","@id":"https:\/\/naturalpoland.com\/tr\/#\/schema\/logo\/image\/","url":"https:\/\/naturalpoland.com\/wp-content\/uploads\/2021\/05\/natural-poland-icon.png","contentUrl":"https:\/\/naturalpoland.com\/wp-content\/uploads\/2021\/05\/natural-poland-icon.png","width":512,"height":512,"caption":"Natural Poland"},"image":{"@id":"https:\/\/naturalpoland.com\/tr\/#\/schema\/logo\/image\/"},"sameAs":["https:\/\/www.facebook.com\/naturalpoland.b2b","https:\/\/pl.linkedin.com\/company\/natural-poland","https:\/\/www.youtube.com\/channel\/UCgeGGkvOMahZo-xu_MSEWxg"]}]}},"_links":{"self":[{"href":"https:\/\/naturalpoland.com\/tr\/wp-json\/wp\/v2\/product\/46799","targetHints":{"allow":["GET"]}}],"collection":[{"href":"https:\/\/naturalpoland.com\/tr\/wp-json\/wp\/v2\/product"}],"about":[{"href":"https:\/\/naturalpoland.com\/tr\/wp-json\/wp\/v2\/types\/product"}],"wp:featuredmedia":[{"embeddable":true,"href":"https:\/\/naturalpoland.com\/tr\/wp-json\/wp\/v2\/media\/46800"}],"wp:attachment":[{"href":"https:\/\/naturalpoland.com\/tr\/wp-json\/wp\/v2\/media?parent=46799"}],"wp:term":[{"taxonomy":"product_brand","embeddable":true,"href":"https:\/\/naturalpoland.com\/tr\/wp-json\/wp\/v2\/product_brand?post=46799"},{"taxonomy":"product_cat","embeddable":true,"href":"https:\/\/naturalpoland.com\/tr\/wp-json\/wp\/v2\/product_cat?post=46799"},{"taxonomy":"product_tag","embeddable":true,"href":"https:\/\/naturalpoland.com\/tr\/wp-json\/wp\/v2\/product_tag?post=46799"}],"curies":[{"name":"wp","href":"https:\/\/api.w.org\/{rel}","templated":true}]}}